{"id":20408,"date":"2021-02-21T17:23:44","date_gmt":"2021-02-21T15:23:44","guid":{"rendered":"https:\/\/www.ibc.ee\/?post_type=product&#038;p=20408"},"modified":"2025-04-22T14:56:35","modified_gmt":"2025-04-22T12:56:35","slug":"flex-o-spout-flexible-pour-spout","status":"publish","type":"product","link":"https:\/\/ibc.ee\/lv\/product\/flex-o-spout-flexible-pour-spout\/","title":{"rendered":"Flex-O-Spout elast\u012bgs izlejamais izsmidzin\u0101t\u0101js"},"content":{"rendered":"<p>Flex-O-Spout Elast\u012bgs izlejamais izsmidzin\u0101t\u0101js<\/p>\n<p>Specifik\u0101cijas:<br \/>\nMateri\u0101ls: Polietil\u0113ns (PE)<br \/>\nGarums: 7&#8243;, pagarin\u0101s l\u012bdz 10,5&#8243;<br \/>\nGarais \u0161aurais izsmidzin\u0101t\u0101js ir ide\u0101li piem\u0113rots vis\u0101m gr\u016bti aizsniedzam\u0101m viet\u0101m.<br \/>\nDivi iek\u0161\u0113jie v\u012bt\u0146grie\u017ei, viens 38 mm galonu v\u012btnei un viens 28 mm kvartu v\u012btnei.<br \/>\nPiem\u0113rots liel\u0101kajai da\u013cai galonu un kvartu konteineru.  <\/p>\n","protected":false},"excerpt":{"rendered":"<p>Flex-O-Spout Elast\u012bgs izlejamais izsmidzin\u0101t\u0101js Specifik\u0101cijas: Materi\u0101ls: Polietil\u0113ns (PE) Garums: 7&#8243;, pagarin\u0101s l\u012bdz 10,5&#8243; Garais \u0161aurais izsmidzin\u0101t\u0101js ir ide\u0101li piem\u0113rots vis\u0101m gr\u016bti aizsniedzam\u0101m viet\u0101m. Divi iek\u0161\u0113jie v\u012bt\u0146grie\u017ei, viens 38 mm galonu v\u012btnei un viens 28 mm kvartu v\u012btnei. Piem\u0113rots liel\u0101kajai da\u013cai galonu un kvartu konteineru.<\/p>\n","protected":false},"featured_media":20413,"template":"","meta":[],"product_brand":[],"product_cat":[313],"product_tag":[],"class_list":{"0":"post-20408","1":"product","2":"type-product","3":"status-publish","4":"has-post-thumbnail","6":"product_cat-bungas-un-skardenes","7":"product_shipping_class-omniva-lv","9":"first","10":"onbackorder","11":"taxable","12":"shipping-taxable","13":"purchasable","14":"product-type-simple"},"yoast_head":"<!-- This site is optimized with the Yoast SEO plugin v26.9 - https:\/\/yoast.com\/product\/yoast-seo-wordpress\/ -->\n<title>Flex-O-Spout elast\u012bgs izlejamais izsmidzin\u0101t\u0101js -<\/title>\n<meta name=\"description\" content=\"Gar\u0101 un \u0161aur\u0101 izsmidzin\u0101t\u0101ja sprausla ir ide\u0101li piem\u0113rota vis\u0101m gr\u016bti aizsniedzam\u0101m viet\u0101m. Divi iek\u0161\u0113jie v\u012bt\u0146grie\u017ei, viens 38 mm galonu v\u012btnei un viens 28 mm kvartu v\u012btnei. Piem\u0113rots liel\u0101kajai da\u013cai galonu un kvartu tvert\u0146u.\" \/>\n<meta name=\"robots\" content=\"index, follow, max-snippet:-1, max-image-preview:large, max-video-preview:-1\" \/>\n<link rel=\"canonical\" href=\"https:\/\/ibc.ee\/lv\/product\/flex-o-spout-flexible-pour-spout\/\" \/>\n<meta property=\"og:locale\" content=\"lv_LV\" \/>\n<meta property=\"og:type\" content=\"article\" \/>\n<meta property=\"og:title\" content=\"Flex-O-Spout elast\u012bgs izlejamais izsmidzin\u0101t\u0101js -\" \/>\n<meta property=\"og:description\" content=\"Gar\u0101 un \u0161aur\u0101 izsmidzin\u0101t\u0101ja sprausla ir ide\u0101li piem\u0113rota vis\u0101m gr\u016bti aizsniedzam\u0101m viet\u0101m. Divi iek\u0161\u0113jie v\u012bt\u0146grie\u017ei, viens 38 mm galonu v\u012btnei un viens 28 mm kvartu v\u012btnei. Piem\u0113rots liel\u0101kajai da\u013cai galonu un kvartu tvert\u0146u.\" \/>\n<meta property=\"og:url\" content=\"https:\/\/ibc.ee\/lv\/product\/flex-o-spout-flexible-pour-spout\/\" \/>\n<meta property=\"og:site_name\" content=\"IBC konteineri m&uuml;&uuml;k, vaadid, kraanid, mahutid\" \/>\n<meta property=\"article:modified_time\" content=\"2025-04-22T12:56:35+00:00\" \/>\n<meta property=\"og:image\" content=\"https:\/\/ibc.ee\/wp-content\/uploads\/2021\/02\/Flex-O-tila-painduv.jpg\" \/>\n\t<meta property=\"og:image:width\" content=\"1000\" \/>\n\t<meta property=\"og:image:height\" content=\"1000\" \/>\n\t<meta property=\"og:image:type\" content=\"image\/jpeg\" \/>\n<meta name=\"twitter:card\" content=\"summary_large_image\" \/>\n<script type=\"application\/ld+json\" class=\"yoast-schema-graph\">{\"@context\":\"https:\/\/schema.org\",\"@graph\":[{\"@type\":\"WebPage\",\"@id\":\"https:\/\/ibc.ee\/lv\/product\/flex-o-spout-flexible-pour-spout\/\",\"url\":\"https:\/\/ibc.ee\/lv\/product\/flex-o-spout-flexible-pour-spout\/\",\"name\":\"Flex-O-Spout elast\u012bgs izlejamais izsmidzin\u0101t\u0101js -\",\"isPartOf\":{\"@id\":\"https:\/\/www.ibc.ee\/lv\/#website\"},\"primaryImageOfPage\":{\"@id\":\"https:\/\/ibc.ee\/lv\/product\/flex-o-spout-flexible-pour-spout\/#primaryimage\"},\"image\":{\"@id\":\"https:\/\/ibc.ee\/lv\/product\/flex-o-spout-flexible-pour-spout\/#primaryimage\"},\"thumbnailUrl\":\"https:\/\/ibc.ee\/wp-content\/uploads\/2021\/02\/Flex-O-tila-painduv.jpg\",\"datePublished\":\"2021-02-21T15:23:44+00:00\",\"dateModified\":\"2025-04-22T12:56:35+00:00\",\"description\":\"Gar\u0101 un \u0161aur\u0101 izsmidzin\u0101t\u0101ja sprausla ir ide\u0101li piem\u0113rota vis\u0101m gr\u016bti aizsniedzam\u0101m viet\u0101m. Divi iek\u0161\u0113jie v\u012bt\u0146grie\u017ei, viens 38 mm galonu v\u012btnei un viens 28 mm kvartu v\u012btnei. Piem\u0113rots liel\u0101kajai da\u013cai galonu un kvartu tvert\u0146u.\",\"breadcrumb\":{\"@id\":\"https:\/\/ibc.ee\/lv\/product\/flex-o-spout-flexible-pour-spout\/#breadcrumb\"},\"inLanguage\":\"lv-LV\",\"potentialAction\":[{\"@type\":\"ReadAction\",\"target\":[\"https:\/\/ibc.ee\/lv\/product\/flex-o-spout-flexible-pour-spout\/\"]}]},{\"@type\":\"ImageObject\",\"inLanguage\":\"lv-LV\",\"@id\":\"https:\/\/ibc.ee\/lv\/product\/flex-o-spout-flexible-pour-spout\/#primaryimage\",\"url\":\"https:\/\/ibc.ee\/wp-content\/uploads\/2021\/02\/Flex-O-tila-painduv.jpg\",\"contentUrl\":\"https:\/\/ibc.ee\/wp-content\/uploads\/2021\/02\/Flex-O-tila-painduv.jpg\",\"width\":1000,\"height\":1000,\"caption\":\"Flex-O-Spout Flexible Pour Spout\"},{\"@type\":\"BreadcrumbList\",\"@id\":\"https:\/\/ibc.ee\/lv\/product\/flex-o-spout-flexible-pour-spout\/#breadcrumb\",\"itemListElement\":[{\"@type\":\"ListItem\",\"position\":1,\"name\":\"\u0413\u043b\u0430\u0432\u043d\u0430\u044f \u0441\u0442\u0440\u0430\u043d\u0438\u0446\u0430\",\"item\":\"https:\/\/www.ibc.ee\/lv\/\"},{\"@type\":\"ListItem\",\"position\":2,\"name\":\"Veikals\",\"item\":\"https:\/\/www.ibc.ee\/lv\/shop\/\"},{\"@type\":\"ListItem\",\"position\":3,\"name\":\"Flex-O-Spout elast\u012bgs izlejamais izsmidzin\u0101t\u0101js\"}]},{\"@type\":\"WebSite\",\"@id\":\"https:\/\/www.ibc.ee\/lv\/#website\",\"url\":\"https:\/\/www.ibc.ee\/lv\/\",\"name\":\"IBC konteineri m&uuml;&uuml;k, vaadid, kraanid, mahutid\",\"description\":\"IBC - Tank container valve, Adapters\\\\fittings, Intermediate bulk, container, Drums\/cans\",\"potentialAction\":[{\"@type\":\"SearchAction\",\"target\":{\"@type\":\"EntryPoint\",\"urlTemplate\":\"https:\/\/www.ibc.ee\/lv\/?s={search_term_string}\"},\"query-input\":{\"@type\":\"PropertyValueSpecification\",\"valueRequired\":true,\"valueName\":\"search_term_string\"}}],\"inLanguage\":\"lv-LV\"}]}<\/script>\n<!-- \/ Yoast SEO plugin. -->","yoast_head_json":{"title":"Flex-O-Spout elast\u012bgs izlejamais izsmidzin\u0101t\u0101js -","description":"Gar\u0101 un \u0161aur\u0101 izsmidzin\u0101t\u0101ja sprausla ir ide\u0101li piem\u0113rota vis\u0101m gr\u016bti aizsniedzam\u0101m viet\u0101m. Divi iek\u0161\u0113jie v\u012bt\u0146grie\u017ei, viens 38 mm galonu v\u012btnei un viens 28 mm kvartu v\u012btnei. Piem\u0113rots liel\u0101kajai da\u013cai galonu un kvartu tvert\u0146u.","robots":{"index":"index","follow":"follow","max-snippet":"max-snippet:-1","max-image-preview":"max-image-preview:large","max-video-preview":"max-video-preview:-1"},"canonical":"https:\/\/ibc.ee\/lv\/product\/flex-o-spout-flexible-pour-spout\/","og_locale":"lv_LV","og_type":"article","og_title":"Flex-O-Spout elast\u012bgs izlejamais izsmidzin\u0101t\u0101js -","og_description":"Gar\u0101 un \u0161aur\u0101 izsmidzin\u0101t\u0101ja sprausla ir ide\u0101li piem\u0113rota vis\u0101m gr\u016bti aizsniedzam\u0101m viet\u0101m. Divi iek\u0161\u0113jie v\u012bt\u0146grie\u017ei, viens 38 mm galonu v\u012btnei un viens 28 mm kvartu v\u012btnei. Piem\u0113rots liel\u0101kajai da\u013cai galonu un kvartu tvert\u0146u.","og_url":"https:\/\/ibc.ee\/lv\/product\/flex-o-spout-flexible-pour-spout\/","og_site_name":"IBC konteineri m&uuml;&uuml;k, vaadid, kraanid, mahutid","article_modified_time":"2025-04-22T12:56:35+00:00","og_image":[{"width":1000,"height":1000,"url":"https:\/\/ibc.ee\/wp-content\/uploads\/2021\/02\/Flex-O-tila-painduv.jpg","type":"image\/jpeg"}],"twitter_card":"summary_large_image","schema":{"@context":"https:\/\/schema.org","@graph":[{"@type":"WebPage","@id":"https:\/\/ibc.ee\/lv\/product\/flex-o-spout-flexible-pour-spout\/","url":"https:\/\/ibc.ee\/lv\/product\/flex-o-spout-flexible-pour-spout\/","name":"Flex-O-Spout elast\u012bgs izlejamais izsmidzin\u0101t\u0101js -","isPartOf":{"@id":"https:\/\/www.ibc.ee\/lv\/#website"},"primaryImageOfPage":{"@id":"https:\/\/ibc.ee\/lv\/product\/flex-o-spout-flexible-pour-spout\/#primaryimage"},"image":{"@id":"https:\/\/ibc.ee\/lv\/product\/flex-o-spout-flexible-pour-spout\/#primaryimage"},"thumbnailUrl":"https:\/\/ibc.ee\/wp-content\/uploads\/2021\/02\/Flex-O-tila-painduv.jpg","datePublished":"2021-02-21T15:23:44+00:00","dateModified":"2025-04-22T12:56:35+00:00","description":"Gar\u0101 un \u0161aur\u0101 izsmidzin\u0101t\u0101ja sprausla ir ide\u0101li piem\u0113rota vis\u0101m gr\u016bti aizsniedzam\u0101m viet\u0101m. Divi iek\u0161\u0113jie v\u012bt\u0146grie\u017ei, viens 38 mm galonu v\u012btnei un viens 28 mm kvartu v\u012btnei. Piem\u0113rots liel\u0101kajai da\u013cai galonu un kvartu tvert\u0146u.","breadcrumb":{"@id":"https:\/\/ibc.ee\/lv\/product\/flex-o-spout-flexible-pour-spout\/#breadcrumb"},"inLanguage":"lv-LV","potentialAction":[{"@type":"ReadAction","target":["https:\/\/ibc.ee\/lv\/product\/flex-o-spout-flexible-pour-spout\/"]}]},{"@type":"ImageObject","inLanguage":"lv-LV","@id":"https:\/\/ibc.ee\/lv\/product\/flex-o-spout-flexible-pour-spout\/#primaryimage","url":"https:\/\/ibc.ee\/wp-content\/uploads\/2021\/02\/Flex-O-tila-painduv.jpg","contentUrl":"https:\/\/ibc.ee\/wp-content\/uploads\/2021\/02\/Flex-O-tila-painduv.jpg","width":1000,"height":1000,"caption":"Flex-O-Spout Flexible Pour Spout"},{"@type":"BreadcrumbList","@id":"https:\/\/ibc.ee\/lv\/product\/flex-o-spout-flexible-pour-spout\/#breadcrumb","itemListElement":[{"@type":"ListItem","position":1,"name":"\u0413\u043b\u0430\u0432\u043d\u0430\u044f \u0441\u0442\u0440\u0430\u043d\u0438\u0446\u0430","item":"https:\/\/www.ibc.ee\/lv\/"},{"@type":"ListItem","position":2,"name":"Veikals","item":"https:\/\/www.ibc.ee\/lv\/shop\/"},{"@type":"ListItem","position":3,"name":"Flex-O-Spout elast\u012bgs izlejamais izsmidzin\u0101t\u0101js"}]},{"@type":"WebSite","@id":"https:\/\/www.ibc.ee\/lv\/#website","url":"https:\/\/www.ibc.ee\/lv\/","name":"IBC konteineri m&uuml;&uuml;k, vaadid, kraanid, mahutid","description":"IBC - Tank container valve, Adapters\\fittings, Intermediate bulk, container, Drums\/cans","potentialAction":[{"@type":"SearchAction","target":{"@type":"EntryPoint","urlTemplate":"https:\/\/www.ibc.ee\/lv\/?s={search_term_string}"},"query-input":{"@type":"PropertyValueSpecification","valueRequired":true,"valueName":"search_term_string"}}],"inLanguage":"lv-LV"}]}},"_links":{"self":[{"href":"https:\/\/ibc.ee\/lv\/wp-json\/wp\/v2\/product\/20408","targetHints":{"allow":["GET"]}}],"collection":[{"href":"https:\/\/ibc.ee\/lv\/wp-json\/wp\/v2\/product"}],"about":[{"href":"https:\/\/ibc.ee\/lv\/wp-json\/wp\/v2\/types\/product"}],"wp:featuredmedia":[{"embeddable":true,"href":"https:\/\/ibc.ee\/lv\/wp-json\/wp\/v2\/media\/20413"}],"wp:attachment":[{"href":"https:\/\/ibc.ee\/lv\/wp-json\/wp\/v2\/media?parent=20408"}],"wp:term":[{"taxonomy":"product_brand","embeddable":true,"href":"https:\/\/ibc.ee\/lv\/wp-json\/wp\/v2\/product_brand?post=20408"},{"taxonomy":"product_cat","embeddable":true,"href":"https:\/\/ibc.ee\/lv\/wp-json\/wp\/v2\/product_cat?post=20408"},{"taxonomy":"product_tag","embeddable":true,"href":"https:\/\/ibc.ee\/lv\/wp-json\/wp\/v2\/product_tag?post=20408"}],"curies":[{"name":"wp","href":"https:\/\/api.w.org\/{rel}","templated":true}]}}