{"id":20430,"date":"2021-02-21T18:09:00","date_gmt":"2021-02-21T16:09:00","guid":{"rendered":"https:\/\/www.ibc.ee\/?post_type=product&#038;p=20430"},"modified":"2025-04-22T14:55:04","modified_gmt":"2025-04-22T12:55:04","slug":"siphon-pump-fuel-gas-liquid-water-transfer-dispenser","status":"publish","type":"product","link":"https:\/\/ibc.ee\/lv\/product\/siphon-pump-fuel-gas-liquid-water-transfer-dispenser\/","title":{"rendered":"Siphon Pump Fuel Gas Liquid Water Transfer Dispenser"},"content":{"rendered":"<p>Siphon Pump Fuel Gas Liquid Water Transfer Dispenser<\/p>\n<p>Specifications:<br \/>\nArt No.: DP-25 \/ GT129<br \/>\nMaterials: PE \/ Polyethylene<br \/>\nSelf-priming: Yes<br \/>\nInlet \/ Outlet Dia: 25\/25 mm<br \/>\nSuction: 850mm<br \/>\nLift: 1200mm<br \/>\nCapacity: 16-18 l\/min<br \/>\nApplications: Chemicals, petroleum based fluids, water<\/p>\n","protected":false},"excerpt":{"rendered":"<p>Siphon Pump Fuel Gas Liquid Water Transfer Dispenser Specifications: Art No.: DP-25 \/ GT129 Materials: PE \/ Polyethylene Self-priming: Yes Inlet \/ Outlet Dia: 25\/25 mm Suction: 850mm Lift: 1200mm Capacity: 16-18 l\/min Applications: Chemicals, petroleum based fluids, water<\/p>\n","protected":false},"featured_media":20435,"template":"","meta":[],"product_brand":[],"product_cat":[313],"product_tag":[],"class_list":{"0":"post-20430","1":"product","2":"type-product","3":"status-publish","4":"has-post-thumbnail","6":"product_cat-bungas-un-skardenes","7":"product_shipping_class-acessories-lv","9":"first","10":"onbackorder","11":"taxable","12":"shipping-taxable","13":"purchasable","14":"product-type-simple"},"yoast_head":"<!-- This site is optimized with the Yoast SEO plugin v26.9 - https:\/\/yoast.com\/product\/yoast-seo-wordpress\/ -->\n<title>Siphon Pump Fuel Gas Liquid Water Transfer Dispenser -<\/title>\n<meta name=\"description\" content=\"Plastmasas sifona \u0137\u012bmiskais s\u016bknis. Jauda: 16-18 l\/min. Pielietojums: \u0136imik\u0101lijas, \u0161\u0137idrumi uz naftas b\u0101zes, \u016bdens.\" \/>\n<meta name=\"robots\" content=\"index, follow, max-snippet:-1, max-image-preview:large, max-video-preview:-1\" \/>\n<link rel=\"canonical\" href=\"https:\/\/ibc.ee\/lv\/product\/siphon-pump-fuel-gas-liquid-water-transfer-dispenser\/\" \/>\n<meta property=\"og:locale\" content=\"lv_LV\" \/>\n<meta property=\"og:type\" content=\"article\" \/>\n<meta property=\"og:title\" content=\"Siphon Pump Fuel Gas Liquid Water Transfer Dispenser -\" \/>\n<meta property=\"og:description\" content=\"Plastmasas sifona \u0137\u012bmiskais s\u016bknis. Jauda: 16-18 l\/min. Pielietojums: \u0136imik\u0101lijas, \u0161\u0137idrumi uz naftas b\u0101zes, \u016bdens.\" \/>\n<meta property=\"og:url\" content=\"https:\/\/ibc.ee\/lv\/product\/siphon-pump-fuel-gas-liquid-water-transfer-dispenser\/\" \/>\n<meta property=\"og:site_name\" content=\"IBC konteineri m&uuml;&uuml;k, vaadid, kraanid, mahutid\" \/>\n<meta property=\"article:modified_time\" content=\"2025-04-22T12:55:04+00:00\" \/>\n<meta property=\"og:image\" content=\"https:\/\/ibc.ee\/wp-content\/uploads\/2021\/02\/Sifoonpump-16-18-l-min.jpg\" \/>\n\t<meta property=\"og:image:width\" content=\"1000\" \/>\n\t<meta property=\"og:image:height\" content=\"1000\" \/>\n\t<meta property=\"og:image:type\" content=\"image\/jpeg\" \/>\n<meta name=\"twitter:card\" content=\"summary_large_image\" \/>\n<script type=\"application\/ld+json\" class=\"yoast-schema-graph\">{\"@context\":\"https:\/\/schema.org\",\"@graph\":[{\"@type\":\"WebPage\",\"@id\":\"https:\/\/ibc.ee\/lv\/product\/siphon-pump-fuel-gas-liquid-water-transfer-dispenser\/\",\"url\":\"https:\/\/ibc.ee\/lv\/product\/siphon-pump-fuel-gas-liquid-water-transfer-dispenser\/\",\"name\":\"Siphon Pump Fuel Gas Liquid Water Transfer Dispenser -\",\"isPartOf\":{\"@id\":\"https:\/\/www.ibc.ee\/lv\/#website\"},\"primaryImageOfPage\":{\"@id\":\"https:\/\/ibc.ee\/lv\/product\/siphon-pump-fuel-gas-liquid-water-transfer-dispenser\/#primaryimage\"},\"image\":{\"@id\":\"https:\/\/ibc.ee\/lv\/product\/siphon-pump-fuel-gas-liquid-water-transfer-dispenser\/#primaryimage\"},\"thumbnailUrl\":\"https:\/\/ibc.ee\/wp-content\/uploads\/2021\/02\/Sifoonpump-16-18-l-min.jpg\",\"datePublished\":\"2021-02-21T16:09:00+00:00\",\"dateModified\":\"2025-04-22T12:55:04+00:00\",\"description\":\"Plastmasas sifona \u0137\u012bmiskais s\u016bknis. Jauda: 16-18 l\/min. Pielietojums: \u0136imik\u0101lijas, \u0161\u0137idrumi uz naftas b\u0101zes, \u016bdens.\",\"breadcrumb\":{\"@id\":\"https:\/\/ibc.ee\/lv\/product\/siphon-pump-fuel-gas-liquid-water-transfer-dispenser\/#breadcrumb\"},\"inLanguage\":\"lv-LV\",\"potentialAction\":[{\"@type\":\"ReadAction\",\"target\":[\"https:\/\/ibc.ee\/lv\/product\/siphon-pump-fuel-gas-liquid-water-transfer-dispenser\/\"]}]},{\"@type\":\"ImageObject\",\"inLanguage\":\"lv-LV\",\"@id\":\"https:\/\/ibc.ee\/lv\/product\/siphon-pump-fuel-gas-liquid-water-transfer-dispenser\/#primaryimage\",\"url\":\"https:\/\/ibc.ee\/wp-content\/uploads\/2021\/02\/Sifoonpump-16-18-l-min.jpg\",\"contentUrl\":\"https:\/\/ibc.ee\/wp-content\/uploads\/2021\/02\/Sifoonpump-16-18-l-min.jpg\",\"width\":1000,\"height\":1000,\"caption\":\"Siphon Pump Fuel Gas Liquid Water Transfer Dispenser\"},{\"@type\":\"BreadcrumbList\",\"@id\":\"https:\/\/ibc.ee\/lv\/product\/siphon-pump-fuel-gas-liquid-water-transfer-dispenser\/#breadcrumb\",\"itemListElement\":[{\"@type\":\"ListItem\",\"position\":1,\"name\":\"\u0413\u043b\u0430\u0432\u043d\u0430\u044f \u0441\u0442\u0440\u0430\u043d\u0438\u0446\u0430\",\"item\":\"https:\/\/www.ibc.ee\/lv\/\"},{\"@type\":\"ListItem\",\"position\":2,\"name\":\"Veikals\",\"item\":\"https:\/\/www.ibc.ee\/lv\/shop\/\"},{\"@type\":\"ListItem\",\"position\":3,\"name\":\"Siphon Pump Fuel Gas Liquid Water Transfer Dispenser\"}]},{\"@type\":\"WebSite\",\"@id\":\"https:\/\/www.ibc.ee\/lv\/#website\",\"url\":\"https:\/\/www.ibc.ee\/lv\/\",\"name\":\"IBC konteineri m&uuml;&uuml;k, vaadid, kraanid, mahutid\",\"description\":\"IBC - Tank container valve, Adapters\\\\fittings, Intermediate bulk, container, Drums\/cans\",\"potentialAction\":[{\"@type\":\"SearchAction\",\"target\":{\"@type\":\"EntryPoint\",\"urlTemplate\":\"https:\/\/www.ibc.ee\/lv\/?s={search_term_string}\"},\"query-input\":{\"@type\":\"PropertyValueSpecification\",\"valueRequired\":true,\"valueName\":\"search_term_string\"}}],\"inLanguage\":\"lv-LV\"}]}<\/script>\n<!-- \/ Yoast SEO plugin. -->","yoast_head_json":{"title":"Siphon Pump Fuel Gas Liquid Water Transfer Dispenser -","description":"Plastmasas sifona \u0137\u012bmiskais s\u016bknis. Jauda: 16-18 l\/min. Pielietojums: \u0136imik\u0101lijas, \u0161\u0137idrumi uz naftas b\u0101zes, \u016bdens.","robots":{"index":"index","follow":"follow","max-snippet":"max-snippet:-1","max-image-preview":"max-image-preview:large","max-video-preview":"max-video-preview:-1"},"canonical":"https:\/\/ibc.ee\/lv\/product\/siphon-pump-fuel-gas-liquid-water-transfer-dispenser\/","og_locale":"lv_LV","og_type":"article","og_title":"Siphon Pump Fuel Gas Liquid Water Transfer Dispenser -","og_description":"Plastmasas sifona \u0137\u012bmiskais s\u016bknis. Jauda: 16-18 l\/min. Pielietojums: \u0136imik\u0101lijas, \u0161\u0137idrumi uz naftas b\u0101zes, \u016bdens.","og_url":"https:\/\/ibc.ee\/lv\/product\/siphon-pump-fuel-gas-liquid-water-transfer-dispenser\/","og_site_name":"IBC konteineri m&uuml;&uuml;k, vaadid, kraanid, mahutid","article_modified_time":"2025-04-22T12:55:04+00:00","og_image":[{"width":1000,"height":1000,"url":"https:\/\/ibc.ee\/wp-content\/uploads\/2021\/02\/Sifoonpump-16-18-l-min.jpg","type":"image\/jpeg"}],"twitter_card":"summary_large_image","schema":{"@context":"https:\/\/schema.org","@graph":[{"@type":"WebPage","@id":"https:\/\/ibc.ee\/lv\/product\/siphon-pump-fuel-gas-liquid-water-transfer-dispenser\/","url":"https:\/\/ibc.ee\/lv\/product\/siphon-pump-fuel-gas-liquid-water-transfer-dispenser\/","name":"Siphon Pump Fuel Gas Liquid Water Transfer Dispenser -","isPartOf":{"@id":"https:\/\/www.ibc.ee\/lv\/#website"},"primaryImageOfPage":{"@id":"https:\/\/ibc.ee\/lv\/product\/siphon-pump-fuel-gas-liquid-water-transfer-dispenser\/#primaryimage"},"image":{"@id":"https:\/\/ibc.ee\/lv\/product\/siphon-pump-fuel-gas-liquid-water-transfer-dispenser\/#primaryimage"},"thumbnailUrl":"https:\/\/ibc.ee\/wp-content\/uploads\/2021\/02\/Sifoonpump-16-18-l-min.jpg","datePublished":"2021-02-21T16:09:00+00:00","dateModified":"2025-04-22T12:55:04+00:00","description":"Plastmasas sifona \u0137\u012bmiskais s\u016bknis. Jauda: 16-18 l\/min. Pielietojums: \u0136imik\u0101lijas, \u0161\u0137idrumi uz naftas b\u0101zes, \u016bdens.","breadcrumb":{"@id":"https:\/\/ibc.ee\/lv\/product\/siphon-pump-fuel-gas-liquid-water-transfer-dispenser\/#breadcrumb"},"inLanguage":"lv-LV","potentialAction":[{"@type":"ReadAction","target":["https:\/\/ibc.ee\/lv\/product\/siphon-pump-fuel-gas-liquid-water-transfer-dispenser\/"]}]},{"@type":"ImageObject","inLanguage":"lv-LV","@id":"https:\/\/ibc.ee\/lv\/product\/siphon-pump-fuel-gas-liquid-water-transfer-dispenser\/#primaryimage","url":"https:\/\/ibc.ee\/wp-content\/uploads\/2021\/02\/Sifoonpump-16-18-l-min.jpg","contentUrl":"https:\/\/ibc.ee\/wp-content\/uploads\/2021\/02\/Sifoonpump-16-18-l-min.jpg","width":1000,"height":1000,"caption":"Siphon Pump Fuel Gas Liquid Water Transfer Dispenser"},{"@type":"BreadcrumbList","@id":"https:\/\/ibc.ee\/lv\/product\/siphon-pump-fuel-gas-liquid-water-transfer-dispenser\/#breadcrumb","itemListElement":[{"@type":"ListItem","position":1,"name":"\u0413\u043b\u0430\u0432\u043d\u0430\u044f \u0441\u0442\u0440\u0430\u043d\u0438\u0446\u0430","item":"https:\/\/www.ibc.ee\/lv\/"},{"@type":"ListItem","position":2,"name":"Veikals","item":"https:\/\/www.ibc.ee\/lv\/shop\/"},{"@type":"ListItem","position":3,"name":"Siphon Pump Fuel Gas Liquid Water Transfer Dispenser"}]},{"@type":"WebSite","@id":"https:\/\/www.ibc.ee\/lv\/#website","url":"https:\/\/www.ibc.ee\/lv\/","name":"IBC konteineri m&uuml;&uuml;k, vaadid, kraanid, mahutid","description":"IBC - Tank container valve, Adapters\\fittings, Intermediate bulk, container, Drums\/cans","potentialAction":[{"@type":"SearchAction","target":{"@type":"EntryPoint","urlTemplate":"https:\/\/www.ibc.ee\/lv\/?s={search_term_string}"},"query-input":{"@type":"PropertyValueSpecification","valueRequired":true,"valueName":"search_term_string"}}],"inLanguage":"lv-LV"}]}},"_links":{"self":[{"href":"https:\/\/ibc.ee\/lv\/wp-json\/wp\/v2\/product\/20430","targetHints":{"allow":["GET"]}}],"collection":[{"href":"https:\/\/ibc.ee\/lv\/wp-json\/wp\/v2\/product"}],"about":[{"href":"https:\/\/ibc.ee\/lv\/wp-json\/wp\/v2\/types\/product"}],"wp:featuredmedia":[{"embeddable":true,"href":"https:\/\/ibc.ee\/lv\/wp-json\/wp\/v2\/media\/20435"}],"wp:attachment":[{"href":"https:\/\/ibc.ee\/lv\/wp-json\/wp\/v2\/media?parent=20430"}],"wp:term":[{"taxonomy":"product_brand","embeddable":true,"href":"https:\/\/ibc.ee\/lv\/wp-json\/wp\/v2\/product_brand?post=20430"},{"taxonomy":"product_cat","embeddable":true,"href":"https:\/\/ibc.ee\/lv\/wp-json\/wp\/v2\/product_cat?post=20430"},{"taxonomy":"product_tag","embeddable":true,"href":"https:\/\/ibc.ee\/lv\/wp-json\/wp\/v2\/product_tag?post=20430"}],"curies":[{"name":"wp","href":"https:\/\/api.w.org\/{rel}","templated":true}]}}