{"id":20451,"date":"2021-02-21T18:28:49","date_gmt":"2021-02-21T16:28:49","guid":{"rendered":"https:\/\/www.ibc.ee\/?post_type=product&#038;p=20451"},"modified":"2025-04-22T14:51:04","modified_gmt":"2025-04-22T12:51:04","slug":"2-ibc-cap-and-spout-fitting","status":"publish","type":"product","link":"https:\/\/ibc.ee\/lv\/product\/2-ibc-cap-and-spout-fitting\/","title":{"rendered":"2&#8243; IBC v\u0101ci\u0146\u0161 un izpl\u016bdes savienojums"},"content":{"rendered":"<p>2&#8243; IBC v\u0101ci\u0146a un izsmidzin\u0101t\u0101ja savienojums<\/p>\n<p>\u012apa\u0161i liels izsmidzin\u0101t\u0101js ir piem\u0113rots IBC konteineram ar no\u0146emamu un v\u0101ci\u0146u, kas p\u0101rveido IBC v\u012btni (S60x6) DIN 61 uz daudz noder\u012bg\u0101ku lielo lielo pl\u016bsmu.<\/p>\n<p>Izpl\u016bdes diametrs: 40 mm<br \/>\nGarums: 240 mm<\/p>\n","protected":false},"excerpt":{"rendered":"<p>2&#8243; IBC v\u0101ci\u0146a un izsmidzin\u0101t\u0101ja savienojums \u012apa\u0161i liels izsmidzin\u0101t\u0101js ir piem\u0113rots IBC konteineram ar no\u0146emamu un v\u0101ci\u0146u, kas p\u0101rveido IBC v\u012btni (S60x6) DIN 61 uz daudz noder\u012bg\u0101ku lielo lielo pl\u016bsmu. Izpl\u016bdes diametrs: 40 mm Garums: 240 mm<\/p>\n","protected":false},"featured_media":20477,"template":"","meta":[],"product_brand":[],"product_cat":[313],"product_tag":[],"class_list":{"0":"post-20451","1":"product","2":"type-product","3":"status-publish","4":"has-post-thumbnail","6":"product_cat-bungas-un-skardenes","7":"product_shipping_class-omniva-lv","9":"first","10":"instock","11":"taxable","12":"shipping-taxable","13":"purchasable","14":"product-type-simple"},"yoast_head":"<!-- This site is optimized with the Yoast SEO plugin v26.9 - https:\/\/yoast.com\/product\/yoast-seo-wordpress\/ -->\n<title>2&quot; IBC v\u0101ci\u0146\u0161 un izpl\u016bdes savienojums -<\/title>\n<meta name=\"description\" content=\"\u012apa\u0161i liels izsmidzin\u0101t\u0101js ir piem\u0113rots IBC konteineram ar no\u0146emamu v\u0101ci\u0146u, kas p\u0101rveido IBC v\u012btni (S60x6) DIN 61 uz daudz noder\u012bg\u0101ku lielo lielo lielo pl\u016bsmu. Izpl\u016bdes diametrs: 40 mm. Garums: 240 mm\" \/>\n<meta name=\"robots\" content=\"index, follow, max-snippet:-1, max-image-preview:large, max-video-preview:-1\" \/>\n<link rel=\"canonical\" href=\"https:\/\/ibc.ee\/lv\/product\/2-ibc-cap-and-spout-fitting\/\" \/>\n<meta property=\"og:locale\" content=\"lv_LV\" \/>\n<meta property=\"og:type\" content=\"article\" \/>\n<meta property=\"og:title\" content=\"2&quot; IBC v\u0101ci\u0146\u0161 un izpl\u016bdes savienojums -\" \/>\n<meta property=\"og:description\" content=\"\u012apa\u0161i liels izsmidzin\u0101t\u0101js ir piem\u0113rots IBC konteineram ar no\u0146emamu v\u0101ci\u0146u, kas p\u0101rveido IBC v\u012btni (S60x6) DIN 61 uz daudz noder\u012bg\u0101ku lielo lielo lielo pl\u016bsmu. Izpl\u016bdes diametrs: 40 mm. Garums: 240 mm\" \/>\n<meta property=\"og:url\" content=\"https:\/\/ibc.ee\/lv\/product\/2-ibc-cap-and-spout-fitting\/\" \/>\n<meta property=\"og:site_name\" content=\"IBC konteineri m&uuml;&uuml;k, vaadid, kraanid, mahutid\" \/>\n<meta property=\"article:modified_time\" content=\"2025-04-22T12:51:04+00:00\" \/>\n<meta property=\"og:image\" content=\"https:\/\/ibc.ee\/wp-content\/uploads\/2021\/02\/IBC-konteinerile-2-tolline-kraaniotsik-nina-2.jpg\" \/>\n\t<meta property=\"og:image:width\" content=\"1000\" \/>\n\t<meta property=\"og:image:height\" content=\"1000\" \/>\n\t<meta property=\"og:image:type\" content=\"image\/jpeg\" \/>\n<meta name=\"twitter:card\" content=\"summary_large_image\" \/>\n<script type=\"application\/ld+json\" class=\"yoast-schema-graph\">{\"@context\":\"https:\/\/schema.org\",\"@graph\":[{\"@type\":\"WebPage\",\"@id\":\"https:\/\/ibc.ee\/lv\/product\/2-ibc-cap-and-spout-fitting\/\",\"url\":\"https:\/\/ibc.ee\/lv\/product\/2-ibc-cap-and-spout-fitting\/\",\"name\":\"2\\\" IBC v\u0101ci\u0146\u0161 un izpl\u016bdes savienojums -\",\"isPartOf\":{\"@id\":\"https:\/\/www.ibc.ee\/lv\/#website\"},\"primaryImageOfPage\":{\"@id\":\"https:\/\/ibc.ee\/lv\/product\/2-ibc-cap-and-spout-fitting\/#primaryimage\"},\"image\":{\"@id\":\"https:\/\/ibc.ee\/lv\/product\/2-ibc-cap-and-spout-fitting\/#primaryimage\"},\"thumbnailUrl\":\"https:\/\/ibc.ee\/wp-content\/uploads\/2021\/02\/IBC-konteinerile-2-tolline-kraaniotsik-nina-2.jpg\",\"datePublished\":\"2021-02-21T16:28:49+00:00\",\"dateModified\":\"2025-04-22T12:51:04+00:00\",\"description\":\"\u012apa\u0161i liels izsmidzin\u0101t\u0101js ir piem\u0113rots IBC konteineram ar no\u0146emamu v\u0101ci\u0146u, kas p\u0101rveido IBC v\u012btni (S60x6) DIN 61 uz daudz noder\u012bg\u0101ku lielo lielo lielo pl\u016bsmu. Izpl\u016bdes diametrs: 40 mm. Garums: 240 mm\",\"breadcrumb\":{\"@id\":\"https:\/\/ibc.ee\/lv\/product\/2-ibc-cap-and-spout-fitting\/#breadcrumb\"},\"inLanguage\":\"lv-LV\",\"potentialAction\":[{\"@type\":\"ReadAction\",\"target\":[\"https:\/\/ibc.ee\/lv\/product\/2-ibc-cap-and-spout-fitting\/\"]}]},{\"@type\":\"ImageObject\",\"inLanguage\":\"lv-LV\",\"@id\":\"https:\/\/ibc.ee\/lv\/product\/2-ibc-cap-and-spout-fitting\/#primaryimage\",\"url\":\"https:\/\/ibc.ee\/wp-content\/uploads\/2021\/02\/IBC-konteinerile-2-tolline-kraaniotsik-nina-2.jpg\",\"contentUrl\":\"https:\/\/ibc.ee\/wp-content\/uploads\/2021\/02\/IBC-konteinerile-2-tolline-kraaniotsik-nina-2.jpg\",\"width\":1000,\"height\":1000,\"caption\":\"Extra large spout fits to an IBC container with a removable and cap converts the buttress IBC thread (S60x6) DIN 61 to a more useful large high flow. Outlet Dia: 40mm Length: 240mm\"},{\"@type\":\"BreadcrumbList\",\"@id\":\"https:\/\/ibc.ee\/lv\/product\/2-ibc-cap-and-spout-fitting\/#breadcrumb\",\"itemListElement\":[{\"@type\":\"ListItem\",\"position\":1,\"name\":\"\u0413\u043b\u0430\u0432\u043d\u0430\u044f \u0441\u0442\u0440\u0430\u043d\u0438\u0446\u0430\",\"item\":\"https:\/\/www.ibc.ee\/lv\/\"},{\"@type\":\"ListItem\",\"position\":2,\"name\":\"Veikals\",\"item\":\"https:\/\/www.ibc.ee\/lv\/shop\/\"},{\"@type\":\"ListItem\",\"position\":3,\"name\":\"2&#8243; IBC v\u0101ci\u0146\u0161 un izpl\u016bdes savienojums\"}]},{\"@type\":\"WebSite\",\"@id\":\"https:\/\/www.ibc.ee\/lv\/#website\",\"url\":\"https:\/\/www.ibc.ee\/lv\/\",\"name\":\"IBC konteineri m&uuml;&uuml;k, vaadid, kraanid, mahutid\",\"description\":\"IBC - Tank container valve, Adapters\\\\fittings, Intermediate bulk, container, Drums\/cans\",\"potentialAction\":[{\"@type\":\"SearchAction\",\"target\":{\"@type\":\"EntryPoint\",\"urlTemplate\":\"https:\/\/www.ibc.ee\/lv\/?s={search_term_string}\"},\"query-input\":{\"@type\":\"PropertyValueSpecification\",\"valueRequired\":true,\"valueName\":\"search_term_string\"}}],\"inLanguage\":\"lv-LV\"}]}<\/script>\n<!-- \/ Yoast SEO plugin. -->","yoast_head_json":{"title":"2\" IBC v\u0101ci\u0146\u0161 un izpl\u016bdes savienojums -","description":"\u012apa\u0161i liels izsmidzin\u0101t\u0101js ir piem\u0113rots IBC konteineram ar no\u0146emamu v\u0101ci\u0146u, kas p\u0101rveido IBC v\u012btni (S60x6) DIN 61 uz daudz noder\u012bg\u0101ku lielo lielo lielo pl\u016bsmu. Izpl\u016bdes diametrs: 40 mm. Garums: 240 mm","robots":{"index":"index","follow":"follow","max-snippet":"max-snippet:-1","max-image-preview":"max-image-preview:large","max-video-preview":"max-video-preview:-1"},"canonical":"https:\/\/ibc.ee\/lv\/product\/2-ibc-cap-and-spout-fitting\/","og_locale":"lv_LV","og_type":"article","og_title":"2\" IBC v\u0101ci\u0146\u0161 un izpl\u016bdes savienojums -","og_description":"\u012apa\u0161i liels izsmidzin\u0101t\u0101js ir piem\u0113rots IBC konteineram ar no\u0146emamu v\u0101ci\u0146u, kas p\u0101rveido IBC v\u012btni (S60x6) DIN 61 uz daudz noder\u012bg\u0101ku lielo lielo lielo pl\u016bsmu. Izpl\u016bdes diametrs: 40 mm. Garums: 240 mm","og_url":"https:\/\/ibc.ee\/lv\/product\/2-ibc-cap-and-spout-fitting\/","og_site_name":"IBC konteineri m&uuml;&uuml;k, vaadid, kraanid, mahutid","article_modified_time":"2025-04-22T12:51:04+00:00","og_image":[{"width":1000,"height":1000,"url":"https:\/\/ibc.ee\/wp-content\/uploads\/2021\/02\/IBC-konteinerile-2-tolline-kraaniotsik-nina-2.jpg","type":"image\/jpeg"}],"twitter_card":"summary_large_image","schema":{"@context":"https:\/\/schema.org","@graph":[{"@type":"WebPage","@id":"https:\/\/ibc.ee\/lv\/product\/2-ibc-cap-and-spout-fitting\/","url":"https:\/\/ibc.ee\/lv\/product\/2-ibc-cap-and-spout-fitting\/","name":"2\" IBC v\u0101ci\u0146\u0161 un izpl\u016bdes savienojums -","isPartOf":{"@id":"https:\/\/www.ibc.ee\/lv\/#website"},"primaryImageOfPage":{"@id":"https:\/\/ibc.ee\/lv\/product\/2-ibc-cap-and-spout-fitting\/#primaryimage"},"image":{"@id":"https:\/\/ibc.ee\/lv\/product\/2-ibc-cap-and-spout-fitting\/#primaryimage"},"thumbnailUrl":"https:\/\/ibc.ee\/wp-content\/uploads\/2021\/02\/IBC-konteinerile-2-tolline-kraaniotsik-nina-2.jpg","datePublished":"2021-02-21T16:28:49+00:00","dateModified":"2025-04-22T12:51:04+00:00","description":"\u012apa\u0161i liels izsmidzin\u0101t\u0101js ir piem\u0113rots IBC konteineram ar no\u0146emamu v\u0101ci\u0146u, kas p\u0101rveido IBC v\u012btni (S60x6) DIN 61 uz daudz noder\u012bg\u0101ku lielo lielo lielo pl\u016bsmu. Izpl\u016bdes diametrs: 40 mm. Garums: 240 mm","breadcrumb":{"@id":"https:\/\/ibc.ee\/lv\/product\/2-ibc-cap-and-spout-fitting\/#breadcrumb"},"inLanguage":"lv-LV","potentialAction":[{"@type":"ReadAction","target":["https:\/\/ibc.ee\/lv\/product\/2-ibc-cap-and-spout-fitting\/"]}]},{"@type":"ImageObject","inLanguage":"lv-LV","@id":"https:\/\/ibc.ee\/lv\/product\/2-ibc-cap-and-spout-fitting\/#primaryimage","url":"https:\/\/ibc.ee\/wp-content\/uploads\/2021\/02\/IBC-konteinerile-2-tolline-kraaniotsik-nina-2.jpg","contentUrl":"https:\/\/ibc.ee\/wp-content\/uploads\/2021\/02\/IBC-konteinerile-2-tolline-kraaniotsik-nina-2.jpg","width":1000,"height":1000,"caption":"Extra large spout fits to an IBC container with a removable and cap converts the buttress IBC thread (S60x6) DIN 61 to a more useful large high flow. Outlet Dia: 40mm Length: 240mm"},{"@type":"BreadcrumbList","@id":"https:\/\/ibc.ee\/lv\/product\/2-ibc-cap-and-spout-fitting\/#breadcrumb","itemListElement":[{"@type":"ListItem","position":1,"name":"\u0413\u043b\u0430\u0432\u043d\u0430\u044f \u0441\u0442\u0440\u0430\u043d\u0438\u0446\u0430","item":"https:\/\/www.ibc.ee\/lv\/"},{"@type":"ListItem","position":2,"name":"Veikals","item":"https:\/\/www.ibc.ee\/lv\/shop\/"},{"@type":"ListItem","position":3,"name":"2&#8243; IBC v\u0101ci\u0146\u0161 un izpl\u016bdes savienojums"}]},{"@type":"WebSite","@id":"https:\/\/www.ibc.ee\/lv\/#website","url":"https:\/\/www.ibc.ee\/lv\/","name":"IBC konteineri m&uuml;&uuml;k, vaadid, kraanid, mahutid","description":"IBC - Tank container valve, Adapters\\fittings, Intermediate bulk, container, Drums\/cans","potentialAction":[{"@type":"SearchAction","target":{"@type":"EntryPoint","urlTemplate":"https:\/\/www.ibc.ee\/lv\/?s={search_term_string}"},"query-input":{"@type":"PropertyValueSpecification","valueRequired":true,"valueName":"search_term_string"}}],"inLanguage":"lv-LV"}]}},"_links":{"self":[{"href":"https:\/\/ibc.ee\/lv\/wp-json\/wp\/v2\/product\/20451","targetHints":{"allow":["GET"]}}],"collection":[{"href":"https:\/\/ibc.ee\/lv\/wp-json\/wp\/v2\/product"}],"about":[{"href":"https:\/\/ibc.ee\/lv\/wp-json\/wp\/v2\/types\/product"}],"wp:featuredmedia":[{"embeddable":true,"href":"https:\/\/ibc.ee\/lv\/wp-json\/wp\/v2\/media\/20477"}],"wp:attachment":[{"href":"https:\/\/ibc.ee\/lv\/wp-json\/wp\/v2\/media?parent=20451"}],"wp:term":[{"taxonomy":"product_brand","embeddable":true,"href":"https:\/\/ibc.ee\/lv\/wp-json\/wp\/v2\/product_brand?post=20451"},{"taxonomy":"product_cat","embeddable":true,"href":"https:\/\/ibc.ee\/lv\/wp-json\/wp\/v2\/product_cat?post=20451"},{"taxonomy":"product_tag","embeddable":true,"href":"https:\/\/ibc.ee\/lv\/wp-json\/wp\/v2\/product_tag?post=20451"}],"curies":[{"name":"wp","href":"https:\/\/api.w.org\/{rel}","templated":true}]}}