{"id":20584,"date":"2021-05-24T21:24:39","date_gmt":"2021-05-24T19:24:40","guid":{"rendered":"https:\/\/ibc.ee\/?post_type=product&#038;p=20584"},"modified":"2021-05-24T21:38:45","modified_gmt":"2021-05-24T19:38:45","slug":"universals-1000-litru-ibc-ara-parsegs","status":"publish","type":"product","link":"https:\/\/ibc.ee\/lv\/product\/universals-1000-litru-ibc-ara-parsegs\/","title":{"rendered":"Univers\u0101ls 1000 litru IBC \u0101ra p\u0101rsegs"},"content":{"rendered":"<p>Univers\u0101ls 1000 litru IBC \u0101ra p\u0101rsegs \u016adens konteineru tvertnes p\u0101rsegs \u016adensiztur\u012bgs pretputek\u013cu saules aizsargsiltumizol\u0101cijas kr\u0101tuve.<\/p>\n","protected":false},"excerpt":{"rendered":"<p><strong>Iesp\u0113jas\uff1a<\/strong><\/p>\n<p> 1. Ide\u0101li kombin\u0101cij\u0101 ar IBC tvertn\u0113m <br \/>\n2. Iztur\u012bgs un iztur\u012bgs pret sabruk\u0161anu <br \/>\n3. Papla\u0161iniet lietus \u016bdens nov\u0101k\u0161anu <br \/>\n4. UV-stabiliz\u0113ta <br \/>\n5. Iesp\u0113jams piepild\u012bt un iztuk\u0161ot <br \/>\n6. Viegla uzst\u0101d\u012b\u0161ana <br \/>\n7. It \u012bpa\u0161i, ja IBC tvertnes tiek uzglab\u0101tas \u0101rpus telp\u0101m neaizsarg\u0101tas, kait\u012bgi UV stari var saboj\u0101t pa\u0161as tvertnes saturu un tvertni. <br \/>\n8. Izmantojot UV aizsargpl\u0113vi, kuru m\u0113s aizsarg\u0101jam k\u0101 lietder\u012bgo modeli, jums vienm\u0113r ir dzidrs \u016bdens un pagarin\u0101ts IBC tvert\u0146u kalpo\u0161anas laiks. <\/p>\n","protected":false},"featured_media":20589,"template":"","meta":[],"product_brand":[],"product_cat":[403],"product_tag":[],"class_list":{"0":"post-20584","1":"product","2":"type-product","3":"status-publish","4":"has-post-thumbnail","6":"product_cat-ibc-un-bungu-sildisana","7":"product_shipping_class-omniva-lv","9":"first","10":"onbackorder","11":"taxable","12":"shipping-taxable","13":"purchasable","14":"product-type-simple"},"yoast_head":"<!-- This site is optimized with the Yoast SEO plugin v26.9 - https:\/\/yoast.com\/product\/yoast-seo-wordpress\/ -->\n<title>Univers\u0101ls 1000 litru IBC \u0101ra p\u0101rsegs<\/title>\n<meta name=\"description\" content=\"Univers\u0101ls 1000 litru IBC \u0101ra p\u0101rsegs \u016adens konteineru tvertnes p\u0101rsegs \u016adensiztur\u012bgs pretputek\u013cu saules aizsargsiltumizol\u0101cijas kr\u0101tuve.\" \/>\n<meta name=\"robots\" content=\"index, follow, max-snippet:-1, max-image-preview:large, max-video-preview:-1\" \/>\n<link rel=\"canonical\" href=\"https:\/\/ibc.ee\/lv\/product\/universals-1000-litru-ibc-ara-parsegs\/\" \/>\n<meta property=\"og:locale\" content=\"lv_LV\" \/>\n<meta property=\"og:type\" content=\"article\" \/>\n<meta property=\"og:title\" content=\"Univers\u0101ls 1000 litru IBC \u0101ra p\u0101rsegs\" \/>\n<meta property=\"og:description\" content=\"Univers\u0101ls 1000 litru IBC \u0101ra p\u0101rsegs \u016adens konteineru tvertnes p\u0101rsegs \u016adensiztur\u012bgs pretputek\u013cu saules aizsargsiltumizol\u0101cijas kr\u0101tuve.\" \/>\n<meta property=\"og:url\" content=\"https:\/\/ibc.ee\/lv\/product\/universals-1000-litru-ibc-ara-parsegs\/\" \/>\n<meta property=\"og:site_name\" content=\"IBC konteineri m&uuml;&uuml;k, vaadid, kraanid, mahutid\" \/>\n<meta property=\"article:modified_time\" content=\"2021-05-24T19:38:45+00:00\" \/>\n<meta property=\"og:image\" content=\"https:\/\/ibc.ee\/wp-content\/uploads\/2021\/05\/Universaalne-1000-liitrine-IBC-valikate.jpg\" \/>\n\t<meta property=\"og:image:width\" content=\"600\" \/>\n\t<meta property=\"og:image:height\" content=\"600\" \/>\n\t<meta property=\"og:image:type\" content=\"image\/jpeg\" \/>\n<meta name=\"twitter:card\" content=\"summary_large_image\" \/>\n<script type=\"application\/ld+json\" class=\"yoast-schema-graph\">{\"@context\":\"https:\/\/schema.org\",\"@graph\":[{\"@type\":\"WebPage\",\"@id\":\"https:\/\/ibc.ee\/lv\/product\/universals-1000-litru-ibc-ara-parsegs\/\",\"url\":\"https:\/\/ibc.ee\/lv\/product\/universals-1000-litru-ibc-ara-parsegs\/\",\"name\":\"Univers\u0101ls 1000 litru IBC \u0101ra p\u0101rsegs\",\"isPartOf\":{\"@id\":\"https:\/\/www.ibc.ee\/lv\/#website\"},\"primaryImageOfPage\":{\"@id\":\"https:\/\/ibc.ee\/lv\/product\/universals-1000-litru-ibc-ara-parsegs\/#primaryimage\"},\"image\":{\"@id\":\"https:\/\/ibc.ee\/lv\/product\/universals-1000-litru-ibc-ara-parsegs\/#primaryimage\"},\"thumbnailUrl\":\"https:\/\/ibc.ee\/wp-content\/uploads\/2021\/05\/Universaalne-1000-liitrine-IBC-valikate.jpg\",\"datePublished\":\"2021-05-24T19:24:40+00:00\",\"dateModified\":\"2021-05-24T19:38:45+00:00\",\"description\":\"Univers\u0101ls 1000 litru IBC \u0101ra p\u0101rsegs \u016adens konteineru tvertnes p\u0101rsegs \u016adensiztur\u012bgs pretputek\u013cu saules aizsargsiltumizol\u0101cijas kr\u0101tuve.\",\"breadcrumb\":{\"@id\":\"https:\/\/ibc.ee\/lv\/product\/universals-1000-litru-ibc-ara-parsegs\/#breadcrumb\"},\"inLanguage\":\"lv-LV\",\"potentialAction\":[{\"@type\":\"ReadAction\",\"target\":[\"https:\/\/ibc.ee\/lv\/product\/universals-1000-litru-ibc-ara-parsegs\/\"]}]},{\"@type\":\"ImageObject\",\"inLanguage\":\"lv-LV\",\"@id\":\"https:\/\/ibc.ee\/lv\/product\/universals-1000-litru-ibc-ara-parsegs\/#primaryimage\",\"url\":\"https:\/\/ibc.ee\/wp-content\/uploads\/2021\/05\/Universaalne-1000-liitrine-IBC-valikate.jpg\",\"contentUrl\":\"https:\/\/ibc.ee\/wp-content\/uploads\/2021\/05\/Universaalne-1000-liitrine-IBC-valikate.jpg\",\"width\":600,\"height\":600,\"caption\":\"Univers\u0101ls 1000 litru IBC \u0101ra p\u0101rsegs\"},{\"@type\":\"BreadcrumbList\",\"@id\":\"https:\/\/ibc.ee\/lv\/product\/universals-1000-litru-ibc-ara-parsegs\/#breadcrumb\",\"itemListElement\":[{\"@type\":\"ListItem\",\"position\":1,\"name\":\"\u0413\u043b\u0430\u0432\u043d\u0430\u044f \u0441\u0442\u0440\u0430\u043d\u0438\u0446\u0430\",\"item\":\"https:\/\/www.ibc.ee\/lv\/\"},{\"@type\":\"ListItem\",\"position\":2,\"name\":\"Veikals\",\"item\":\"https:\/\/www.ibc.ee\/lv\/shop\/\"},{\"@type\":\"ListItem\",\"position\":3,\"name\":\"Univers\u0101ls 1000 litru IBC \u0101ra p\u0101rsegs\"}]},{\"@type\":\"WebSite\",\"@id\":\"https:\/\/www.ibc.ee\/lv\/#website\",\"url\":\"https:\/\/www.ibc.ee\/lv\/\",\"name\":\"IBC konteineri m&uuml;&uuml;k, vaadid, kraanid, mahutid\",\"description\":\"IBC - Tank container valve, Adapters\\\\fittings, Intermediate bulk, container, Drums\/cans\",\"potentialAction\":[{\"@type\":\"SearchAction\",\"target\":{\"@type\":\"EntryPoint\",\"urlTemplate\":\"https:\/\/www.ibc.ee\/lv\/?s={search_term_string}\"},\"query-input\":{\"@type\":\"PropertyValueSpecification\",\"valueRequired\":true,\"valueName\":\"search_term_string\"}}],\"inLanguage\":\"lv-LV\"}]}<\/script>\n<!-- \/ Yoast SEO plugin. -->","yoast_head_json":{"title":"Univers\u0101ls 1000 litru IBC \u0101ra p\u0101rsegs","description":"Univers\u0101ls 1000 litru IBC \u0101ra p\u0101rsegs \u016adens konteineru tvertnes p\u0101rsegs \u016adensiztur\u012bgs pretputek\u013cu saules aizsargsiltumizol\u0101cijas kr\u0101tuve.","robots":{"index":"index","follow":"follow","max-snippet":"max-snippet:-1","max-image-preview":"max-image-preview:large","max-video-preview":"max-video-preview:-1"},"canonical":"https:\/\/ibc.ee\/lv\/product\/universals-1000-litru-ibc-ara-parsegs\/","og_locale":"lv_LV","og_type":"article","og_title":"Univers\u0101ls 1000 litru IBC \u0101ra p\u0101rsegs","og_description":"Univers\u0101ls 1000 litru IBC \u0101ra p\u0101rsegs \u016adens konteineru tvertnes p\u0101rsegs \u016adensiztur\u012bgs pretputek\u013cu saules aizsargsiltumizol\u0101cijas kr\u0101tuve.","og_url":"https:\/\/ibc.ee\/lv\/product\/universals-1000-litru-ibc-ara-parsegs\/","og_site_name":"IBC konteineri m&uuml;&uuml;k, vaadid, kraanid, mahutid","article_modified_time":"2021-05-24T19:38:45+00:00","og_image":[{"width":600,"height":600,"url":"https:\/\/ibc.ee\/wp-content\/uploads\/2021\/05\/Universaalne-1000-liitrine-IBC-valikate.jpg","type":"image\/jpeg"}],"twitter_card":"summary_large_image","schema":{"@context":"https:\/\/schema.org","@graph":[{"@type":"WebPage","@id":"https:\/\/ibc.ee\/lv\/product\/universals-1000-litru-ibc-ara-parsegs\/","url":"https:\/\/ibc.ee\/lv\/product\/universals-1000-litru-ibc-ara-parsegs\/","name":"Univers\u0101ls 1000 litru IBC \u0101ra p\u0101rsegs","isPartOf":{"@id":"https:\/\/www.ibc.ee\/lv\/#website"},"primaryImageOfPage":{"@id":"https:\/\/ibc.ee\/lv\/product\/universals-1000-litru-ibc-ara-parsegs\/#primaryimage"},"image":{"@id":"https:\/\/ibc.ee\/lv\/product\/universals-1000-litru-ibc-ara-parsegs\/#primaryimage"},"thumbnailUrl":"https:\/\/ibc.ee\/wp-content\/uploads\/2021\/05\/Universaalne-1000-liitrine-IBC-valikate.jpg","datePublished":"2021-05-24T19:24:40+00:00","dateModified":"2021-05-24T19:38:45+00:00","description":"Univers\u0101ls 1000 litru IBC \u0101ra p\u0101rsegs \u016adens konteineru tvertnes p\u0101rsegs \u016adensiztur\u012bgs pretputek\u013cu saules aizsargsiltumizol\u0101cijas kr\u0101tuve.","breadcrumb":{"@id":"https:\/\/ibc.ee\/lv\/product\/universals-1000-litru-ibc-ara-parsegs\/#breadcrumb"},"inLanguage":"lv-LV","potentialAction":[{"@type":"ReadAction","target":["https:\/\/ibc.ee\/lv\/product\/universals-1000-litru-ibc-ara-parsegs\/"]}]},{"@type":"ImageObject","inLanguage":"lv-LV","@id":"https:\/\/ibc.ee\/lv\/product\/universals-1000-litru-ibc-ara-parsegs\/#primaryimage","url":"https:\/\/ibc.ee\/wp-content\/uploads\/2021\/05\/Universaalne-1000-liitrine-IBC-valikate.jpg","contentUrl":"https:\/\/ibc.ee\/wp-content\/uploads\/2021\/05\/Universaalne-1000-liitrine-IBC-valikate.jpg","width":600,"height":600,"caption":"Univers\u0101ls 1000 litru IBC \u0101ra p\u0101rsegs"},{"@type":"BreadcrumbList","@id":"https:\/\/ibc.ee\/lv\/product\/universals-1000-litru-ibc-ara-parsegs\/#breadcrumb","itemListElement":[{"@type":"ListItem","position":1,"name":"\u0413\u043b\u0430\u0432\u043d\u0430\u044f \u0441\u0442\u0440\u0430\u043d\u0438\u0446\u0430","item":"https:\/\/www.ibc.ee\/lv\/"},{"@type":"ListItem","position":2,"name":"Veikals","item":"https:\/\/www.ibc.ee\/lv\/shop\/"},{"@type":"ListItem","position":3,"name":"Univers\u0101ls 1000 litru IBC \u0101ra p\u0101rsegs"}]},{"@type":"WebSite","@id":"https:\/\/www.ibc.ee\/lv\/#website","url":"https:\/\/www.ibc.ee\/lv\/","name":"IBC konteineri m&uuml;&uuml;k, vaadid, kraanid, mahutid","description":"IBC - Tank container valve, Adapters\\fittings, Intermediate bulk, container, Drums\/cans","potentialAction":[{"@type":"SearchAction","target":{"@type":"EntryPoint","urlTemplate":"https:\/\/www.ibc.ee\/lv\/?s={search_term_string}"},"query-input":{"@type":"PropertyValueSpecification","valueRequired":true,"valueName":"search_term_string"}}],"inLanguage":"lv-LV"}]}},"_links":{"self":[{"href":"https:\/\/ibc.ee\/lv\/wp-json\/wp\/v2\/product\/20584","targetHints":{"allow":["GET"]}}],"collection":[{"href":"https:\/\/ibc.ee\/lv\/wp-json\/wp\/v2\/product"}],"about":[{"href":"https:\/\/ibc.ee\/lv\/wp-json\/wp\/v2\/types\/product"}],"wp:featuredmedia":[{"embeddable":true,"href":"https:\/\/ibc.ee\/lv\/wp-json\/wp\/v2\/media\/20589"}],"wp:attachment":[{"href":"https:\/\/ibc.ee\/lv\/wp-json\/wp\/v2\/media?parent=20584"}],"wp:term":[{"taxonomy":"product_brand","embeddable":true,"href":"https:\/\/ibc.ee\/lv\/wp-json\/wp\/v2\/product_brand?post=20584"},{"taxonomy":"product_cat","embeddable":true,"href":"https:\/\/ibc.ee\/lv\/wp-json\/wp\/v2\/product_cat?post=20584"},{"taxonomy":"product_tag","embeddable":true,"href":"https:\/\/ibc.ee\/lv\/wp-json\/wp\/v2\/product_tag?post=20584"}],"curies":[{"name":"wp","href":"https:\/\/api.w.org\/{rel}","templated":true}]}}