{"id":20820,"date":"2022-05-31T11:07:12","date_gmt":"2022-05-31T09:07:13","guid":{"rendered":"https:\/\/ibc.ee\/?post_type=product&#038;p=20820"},"modified":"2025-06-26T14:48:53","modified_gmt":"2025-06-26T12:48:53","slug":"plastmasas-mucas-125l","status":"publish","type":"product","link":"https:\/\/ibc.ee\/lv\/product\/plastmasas-mucas-125l\/","title":{"rendered":"Plastmasas mucas 125L (lietots)"},"content":{"rendered":"<p>Praktiska plastmasas muca, kas piem\u0113rota, piem\u0113ram, p\u0101rtikas produktu uzglab\u0101\u0161anai gan ciet\u0101, gan \u0161\u0137idr\u0101 veid\u0101. V\u0101ka spriego\u0161anas gredzens nodro\u0161ina, ka v\u0101ks ir cie\u0161i nosl\u0113gts pret net\u012brumiem un iz\u0161\u013cakst\u012bjumiem, vienlaikus \u013caujot vienk\u0101r\u0161i atv\u0113rt un aizv\u0113rt.<\/p>\n<p>Tunga ir izp\u016bsta vien\u0101 gabal\u0101, kas padara HDPE plastmasu elast\u012bgu un iztur\u012bgu. Lieliski piem\u0113rots transport\u0113\u0161anai un uzglab\u0101\u0161anai!<\/p>\n<p>Lietotas mucas!<\/p>\n","protected":false},"excerpt":{"rendered":"<p>Augstums: 980\u00a0mm<br \/>\nDiametrs: 480 mm<br \/>\nTilpums: 125 L (max 150)<br \/>\nKr\u0101sa: zila<br \/>\nMateri\u0101ls: HD polietil\u0113ns<br \/>\nSvars: 6,7 kg<\/p>\n","protected":false},"featured_media":20825,"template":"","meta":[],"product_brand":[],"product_cat":[313],"product_tag":[],"class_list":{"0":"post-20820","1":"product","2":"type-product","3":"status-publish","4":"has-post-thumbnail","6":"product_cat-bungas-un-skardenes","7":"product_shipping_class-drums-and-cans-lv","9":"first","10":"instock","11":"taxable","12":"shipping-taxable","13":"purchasable","14":"product-type-simple"},"yoast_head":"<!-- This site is optimized with the Yoast SEO plugin v26.9 - https:\/\/yoast.com\/product\/yoast-seo-wordpress\/ -->\n<title>Plastmasas mucas 125L (lietots) - IBC konteineri m&uuml;&uuml;k, vaadid, kraanid, mahutid<\/title>\n<meta name=\"description\" content=\"Praktiska plastmasas muca, kas piem\u0113rota p\u0101rtikas produktu uzglab\u0101\u0161anai gan ciet\u0101, gan \u0161\u0137idr\u0101 veid\u0101 utt. Lieliski piem\u0113rota transport\u0113\u0161anai un uzglab\u0101\u0161anai!\" \/>\n<meta name=\"robots\" content=\"index, follow, max-snippet:-1, max-image-preview:large, max-video-preview:-1\" \/>\n<link rel=\"canonical\" href=\"https:\/\/ibc.ee\/lv\/product\/plastmasas-mucas-125l\/\" \/>\n<meta property=\"og:locale\" content=\"lv_LV\" \/>\n<meta property=\"og:type\" content=\"article\" \/>\n<meta property=\"og:title\" content=\"Plastmasas mucas 125L (lietots) - IBC konteineri m&uuml;&uuml;k, vaadid, kraanid, mahutid\" \/>\n<meta property=\"og:description\" content=\"Praktiska plastmasas muca, kas piem\u0113rota p\u0101rtikas produktu uzglab\u0101\u0161anai gan ciet\u0101, gan \u0161\u0137idr\u0101 veid\u0101 utt. Lieliski piem\u0113rota transport\u0113\u0161anai un uzglab\u0101\u0161anai!\" \/>\n<meta property=\"og:url\" content=\"https:\/\/ibc.ee\/lv\/product\/plastmasas-mucas-125l\/\" \/>\n<meta property=\"og:site_name\" content=\"IBC konteineri m&uuml;&uuml;k, vaadid, kraanid, mahutid\" \/>\n<meta property=\"article:modified_time\" content=\"2025-06-26T12:48:53+00:00\" \/>\n<meta property=\"og:image\" content=\"https:\/\/ibc.ee\/wp-content\/uploads\/2022\/05\/Plastiktunn_125l_sinine.jpg\" \/>\n\t<meta property=\"og:image:width\" content=\"709\" \/>\n\t<meta property=\"og:image:height\" content=\"709\" \/>\n\t<meta property=\"og:image:type\" content=\"image\/jpeg\" \/>\n<meta name=\"twitter:card\" content=\"summary_large_image\" \/>\n<meta name=\"twitter:label1\" content=\"Est. reading time\" \/>\n\t<meta name=\"twitter:data1\" content=\"1 minute\" \/>\n<script type=\"application\/ld+json\" class=\"yoast-schema-graph\">{\"@context\":\"https:\/\/schema.org\",\"@graph\":[{\"@type\":\"WebPage\",\"@id\":\"https:\/\/ibc.ee\/lv\/product\/plastmasas-mucas-125l\/\",\"url\":\"https:\/\/ibc.ee\/lv\/product\/plastmasas-mucas-125l\/\",\"name\":\"Plastmasas mucas 125L (lietots) - IBC konteineri m&uuml;&uuml;k, vaadid, kraanid, mahutid\",\"isPartOf\":{\"@id\":\"https:\/\/www.ibc.ee\/lv\/#website\"},\"primaryImageOfPage\":{\"@id\":\"https:\/\/ibc.ee\/lv\/product\/plastmasas-mucas-125l\/#primaryimage\"},\"image\":{\"@id\":\"https:\/\/ibc.ee\/lv\/product\/plastmasas-mucas-125l\/#primaryimage\"},\"thumbnailUrl\":\"https:\/\/ibc.ee\/wp-content\/uploads\/2022\/05\/Plastiktunn_125l_sinine.jpg\",\"datePublished\":\"2022-05-31T09:07:13+00:00\",\"dateModified\":\"2025-06-26T12:48:53+00:00\",\"description\":\"Praktiska plastmasas muca, kas piem\u0113rota p\u0101rtikas produktu uzglab\u0101\u0161anai gan ciet\u0101, gan \u0161\u0137idr\u0101 veid\u0101 utt. Lieliski piem\u0113rota transport\u0113\u0161anai un uzglab\u0101\u0161anai!\",\"breadcrumb\":{\"@id\":\"https:\/\/ibc.ee\/lv\/product\/plastmasas-mucas-125l\/#breadcrumb\"},\"inLanguage\":\"lv-LV\",\"potentialAction\":[{\"@type\":\"ReadAction\",\"target\":[\"https:\/\/ibc.ee\/lv\/product\/plastmasas-mucas-125l\/\"]}]},{\"@type\":\"ImageObject\",\"inLanguage\":\"lv-LV\",\"@id\":\"https:\/\/ibc.ee\/lv\/product\/plastmasas-mucas-125l\/#primaryimage\",\"url\":\"https:\/\/ibc.ee\/wp-content\/uploads\/2022\/05\/Plastiktunn_125l_sinine.jpg\",\"contentUrl\":\"https:\/\/ibc.ee\/wp-content\/uploads\/2022\/05\/Plastiktunn_125l_sinine.jpg\",\"width\":709,\"height\":709,\"caption\":\"Plastmasas mucas 125L\"},{\"@type\":\"BreadcrumbList\",\"@id\":\"https:\/\/ibc.ee\/lv\/product\/plastmasas-mucas-125l\/#breadcrumb\",\"itemListElement\":[{\"@type\":\"ListItem\",\"position\":1,\"name\":\"\u0413\u043b\u0430\u0432\u043d\u0430\u044f \u0441\u0442\u0440\u0430\u043d\u0438\u0446\u0430\",\"item\":\"https:\/\/www.ibc.ee\/lv\/\"},{\"@type\":\"ListItem\",\"position\":2,\"name\":\"Veikals\",\"item\":\"https:\/\/www.ibc.ee\/lv\/shop\/\"},{\"@type\":\"ListItem\",\"position\":3,\"name\":\"Plastmasas mucas 125L (lietots)\"}]},{\"@type\":\"WebSite\",\"@id\":\"https:\/\/www.ibc.ee\/lv\/#website\",\"url\":\"https:\/\/www.ibc.ee\/lv\/\",\"name\":\"IBC konteineri m&uuml;&uuml;k, vaadid, kraanid, mahutid\",\"description\":\"IBC - Tank container valve, Adapters\\\\fittings, Intermediate bulk, container, Drums\/cans\",\"potentialAction\":[{\"@type\":\"SearchAction\",\"target\":{\"@type\":\"EntryPoint\",\"urlTemplate\":\"https:\/\/www.ibc.ee\/lv\/?s={search_term_string}\"},\"query-input\":{\"@type\":\"PropertyValueSpecification\",\"valueRequired\":true,\"valueName\":\"search_term_string\"}}],\"inLanguage\":\"lv-LV\"}]}<\/script>\n<!-- \/ Yoast SEO plugin. -->","yoast_head_json":{"title":"Plastmasas mucas 125L (lietots) - IBC konteineri m&uuml;&uuml;k, vaadid, kraanid, mahutid","description":"Praktiska plastmasas muca, kas piem\u0113rota p\u0101rtikas produktu uzglab\u0101\u0161anai gan ciet\u0101, gan \u0161\u0137idr\u0101 veid\u0101 utt. Lieliski piem\u0113rota transport\u0113\u0161anai un uzglab\u0101\u0161anai!","robots":{"index":"index","follow":"follow","max-snippet":"max-snippet:-1","max-image-preview":"max-image-preview:large","max-video-preview":"max-video-preview:-1"},"canonical":"https:\/\/ibc.ee\/lv\/product\/plastmasas-mucas-125l\/","og_locale":"lv_LV","og_type":"article","og_title":"Plastmasas mucas 125L (lietots) - IBC konteineri m&uuml;&uuml;k, vaadid, kraanid, mahutid","og_description":"Praktiska plastmasas muca, kas piem\u0113rota p\u0101rtikas produktu uzglab\u0101\u0161anai gan ciet\u0101, gan \u0161\u0137idr\u0101 veid\u0101 utt. Lieliski piem\u0113rota transport\u0113\u0161anai un uzglab\u0101\u0161anai!","og_url":"https:\/\/ibc.ee\/lv\/product\/plastmasas-mucas-125l\/","og_site_name":"IBC konteineri m&uuml;&uuml;k, vaadid, kraanid, mahutid","article_modified_time":"2025-06-26T12:48:53+00:00","og_image":[{"width":709,"height":709,"url":"https:\/\/ibc.ee\/wp-content\/uploads\/2022\/05\/Plastiktunn_125l_sinine.jpg","type":"image\/jpeg"}],"twitter_card":"summary_large_image","twitter_misc":{"Est. reading time":"1 minute"},"schema":{"@context":"https:\/\/schema.org","@graph":[{"@type":"WebPage","@id":"https:\/\/ibc.ee\/lv\/product\/plastmasas-mucas-125l\/","url":"https:\/\/ibc.ee\/lv\/product\/plastmasas-mucas-125l\/","name":"Plastmasas mucas 125L (lietots) - IBC konteineri m&uuml;&uuml;k, vaadid, kraanid, mahutid","isPartOf":{"@id":"https:\/\/www.ibc.ee\/lv\/#website"},"primaryImageOfPage":{"@id":"https:\/\/ibc.ee\/lv\/product\/plastmasas-mucas-125l\/#primaryimage"},"image":{"@id":"https:\/\/ibc.ee\/lv\/product\/plastmasas-mucas-125l\/#primaryimage"},"thumbnailUrl":"https:\/\/ibc.ee\/wp-content\/uploads\/2022\/05\/Plastiktunn_125l_sinine.jpg","datePublished":"2022-05-31T09:07:13+00:00","dateModified":"2025-06-26T12:48:53+00:00","description":"Praktiska plastmasas muca, kas piem\u0113rota p\u0101rtikas produktu uzglab\u0101\u0161anai gan ciet\u0101, gan \u0161\u0137idr\u0101 veid\u0101 utt. Lieliski piem\u0113rota transport\u0113\u0161anai un uzglab\u0101\u0161anai!","breadcrumb":{"@id":"https:\/\/ibc.ee\/lv\/product\/plastmasas-mucas-125l\/#breadcrumb"},"inLanguage":"lv-LV","potentialAction":[{"@type":"ReadAction","target":["https:\/\/ibc.ee\/lv\/product\/plastmasas-mucas-125l\/"]}]},{"@type":"ImageObject","inLanguage":"lv-LV","@id":"https:\/\/ibc.ee\/lv\/product\/plastmasas-mucas-125l\/#primaryimage","url":"https:\/\/ibc.ee\/wp-content\/uploads\/2022\/05\/Plastiktunn_125l_sinine.jpg","contentUrl":"https:\/\/ibc.ee\/wp-content\/uploads\/2022\/05\/Plastiktunn_125l_sinine.jpg","width":709,"height":709,"caption":"Plastmasas mucas 125L"},{"@type":"BreadcrumbList","@id":"https:\/\/ibc.ee\/lv\/product\/plastmasas-mucas-125l\/#breadcrumb","itemListElement":[{"@type":"ListItem","position":1,"name":"\u0413\u043b\u0430\u0432\u043d\u0430\u044f \u0441\u0442\u0440\u0430\u043d\u0438\u0446\u0430","item":"https:\/\/www.ibc.ee\/lv\/"},{"@type":"ListItem","position":2,"name":"Veikals","item":"https:\/\/www.ibc.ee\/lv\/shop\/"},{"@type":"ListItem","position":3,"name":"Plastmasas mucas 125L (lietots)"}]},{"@type":"WebSite","@id":"https:\/\/www.ibc.ee\/lv\/#website","url":"https:\/\/www.ibc.ee\/lv\/","name":"IBC konteineri m&uuml;&uuml;k, vaadid, kraanid, mahutid","description":"IBC - Tank container valve, Adapters\\fittings, Intermediate bulk, container, Drums\/cans","potentialAction":[{"@type":"SearchAction","target":{"@type":"EntryPoint","urlTemplate":"https:\/\/www.ibc.ee\/lv\/?s={search_term_string}"},"query-input":{"@type":"PropertyValueSpecification","valueRequired":true,"valueName":"search_term_string"}}],"inLanguage":"lv-LV"}]}},"_links":{"self":[{"href":"https:\/\/ibc.ee\/lv\/wp-json\/wp\/v2\/product\/20820","targetHints":{"allow":["GET"]}}],"collection":[{"href":"https:\/\/ibc.ee\/lv\/wp-json\/wp\/v2\/product"}],"about":[{"href":"https:\/\/ibc.ee\/lv\/wp-json\/wp\/v2\/types\/product"}],"wp:featuredmedia":[{"embeddable":true,"href":"https:\/\/ibc.ee\/lv\/wp-json\/wp\/v2\/media\/20825"}],"wp:attachment":[{"href":"https:\/\/ibc.ee\/lv\/wp-json\/wp\/v2\/media?parent=20820"}],"wp:term":[{"taxonomy":"product_brand","embeddable":true,"href":"https:\/\/ibc.ee\/lv\/wp-json\/wp\/v2\/product_brand?post=20820"},{"taxonomy":"product_cat","embeddable":true,"href":"https:\/\/ibc.ee\/lv\/wp-json\/wp\/v2\/product_cat?post=20820"},{"taxonomy":"product_tag","embeddable":true,"href":"https:\/\/ibc.ee\/lv\/wp-json\/wp\/v2\/product_tag?post=20820"}],"curies":[{"name":"wp","href":"https:\/\/api.w.org\/{rel}","templated":true}]}}