{"id":21205,"date":"2024-04-22T20:45:05","date_gmt":"2024-04-22T18:45:07","guid":{"rendered":"https:\/\/ibc.ee\/?post_type=product&#038;p=21205"},"modified":"2025-06-26T15:07:41","modified_gmt":"2025-06-26T13:07:41","slug":"uhp-tvertne-cisteron-g-505-505l-copy","status":"publish","type":"product","link":"https:\/\/ibc.ee\/lv\/product\/uhp-tvertne-cisteron-g-505-505l-copy\/","title":{"rendered":"UHP tvertne Cisteron G-750 (750L)"},"content":{"rendered":"<p>Horizont\u0101la polietil\u0113na tvertne. T\u0101s tilpums ir 750 litri, augstums 83 cm, garums 140 cm un platums 96 cm.<\/p>\n<p>Piem\u0113rots da\u017e\u0101du \u0161\u0137idrumu, t.sk., uzglab\u0101\u0161anai. lietus un dzeramais \u016bdens, d\u012bzelis, \u0137imik\u0101lijas. Tvertnes iztur\u012bbu nodro\u0161ina izstr\u0101d\u0101juma forma.<\/p>\n<p>Apak\u0161\u0101 ir 3\/4 diametra caurums ar v\u012btni (s\u0101kotn\u0113j\u0101 st\u0101vokl\u012b tas ir nosl\u0113gts ar plastmasu).<\/p>\n<p>Tvertnei ir Polijas higi\u0113nas sertifik\u0101ts PZH, kas \u013cauj uzglab\u0101t dzeramo \u016bdeni.<\/p>\n","protected":false},"excerpt":{"rendered":"<p><strong>Funkcijas<\/strong><br \/>\nTilpums: 750 l<br \/>\nAugstums: 83 cm<br \/>\nGarums: 140 cm<br \/>\nPlatums: 96 cm<br \/>\nV\u0101ka diametrs: 35 cm<br \/>\nSienas biezums: 4 mm<br \/>\nSavienojuma v\u012btne: 3\/4 collas.<\/p>\n<p><strong>Materi\u0101ls<\/strong><br \/>\n&#8211; Augstas kvalit\u0101tes polietil\u0113ns<br \/>\n&#8211; \u013boti augsta iztur\u012bba<br \/>\n&#8211; Iztur\u012bgs pret kritisk\u0101m temperat\u016br\u0101m (no -40\u00b0\u0421 l\u012bdz +60\u00b0\u0421)<br \/>\n&#8211; Piem\u0113rots p\u0101rtikas uzglab\u0101\u0161anai<br \/>\n&#8211; UV iztur\u012bgs<\/p>\n","protected":false},"featured_media":21210,"template":"","meta":[],"product_brand":[],"product_cat":[424],"product_tag":[],"class_list":{"0":"post-21205","1":"product","2":"type-product","3":"status-publish","4":"has-post-thumbnail","6":"product_cat-uhp-tvertnes","7":"product_shipping_class-containers-lv","9":"first","10":"onbackorder","11":"taxable","12":"shipping-taxable","13":"product-type-simple"},"yoast_head":"<!-- This site is optimized with the Yoast SEO plugin v26.9 - https:\/\/yoast.com\/product\/yoast-seo-wordpress\/ -->\n<title>UHP tvertne Cisteron G-750 (750L) - IBC konteineri m&uuml;&uuml;k, vaadid, kraanid, mahutid<\/title>\n<meta name=\"description\" content=\"Horizont\u0101la polietil\u0113na tvertne. T\u0101 tilpums ir 750 litri, augstums 83 cm, garums 140 cm un platums 96 cm. Piem\u0113rots da\u017e\u0101du \u0161\u0137idrumu uzglab\u0101\u0161anai, t.sk. lietus un dzeramais \u016bdens, d\u012bzelis, \u0137imik\u0101lijas.\" \/>\n<meta name=\"robots\" content=\"index, follow, max-snippet:-1, max-image-preview:large, max-video-preview:-1\" \/>\n<link rel=\"canonical\" href=\"https:\/\/ibc.ee\/lv\/product\/uhp-tvertne-cisteron-g-505-505l-copy\/\" \/>\n<meta property=\"og:locale\" content=\"lv_LV\" \/>\n<meta property=\"og:type\" content=\"article\" \/>\n<meta property=\"og:title\" content=\"UHP tvertne Cisteron G-750 (750L) - IBC konteineri m&uuml;&uuml;k, vaadid, kraanid, mahutid\" \/>\n<meta property=\"og:description\" content=\"Horizont\u0101la polietil\u0113na tvertne. T\u0101 tilpums ir 750 litri, augstums 83 cm, garums 140 cm un platums 96 cm. Piem\u0113rots da\u017e\u0101du \u0161\u0137idrumu uzglab\u0101\u0161anai, t.sk. lietus un dzeramais \u016bdens, d\u012bzelis, \u0137imik\u0101lijas.\" \/>\n<meta property=\"og:url\" content=\"https:\/\/ibc.ee\/lv\/product\/uhp-tvertne-cisteron-g-505-505l-copy\/\" \/>\n<meta property=\"og:site_name\" content=\"IBC konteineri m&uuml;&uuml;k, vaadid, kraanid, mahutid\" \/>\n<meta property=\"article:modified_time\" content=\"2025-06-26T13:07:41+00:00\" \/>\n<meta property=\"og:image\" content=\"https:\/\/ibc.ee\/wp-content\/uploads\/2024\/04\/UHP-Cisteron-g-750.jpg\" \/>\n\t<meta property=\"og:image:width\" content=\"1000\" \/>\n\t<meta property=\"og:image:height\" content=\"1000\" \/>\n\t<meta property=\"og:image:type\" content=\"image\/jpeg\" \/>\n<meta name=\"twitter:card\" content=\"summary_large_image\" \/>\n<meta name=\"twitter:label1\" content=\"Est. reading time\" \/>\n\t<meta name=\"twitter:data1\" content=\"1 minute\" \/>\n<script type=\"application\/ld+json\" class=\"yoast-schema-graph\">{\"@context\":\"https:\/\/schema.org\",\"@graph\":[{\"@type\":\"WebPage\",\"@id\":\"https:\/\/ibc.ee\/lv\/product\/uhp-tvertne-cisteron-g-505-505l-copy\/\",\"url\":\"https:\/\/ibc.ee\/lv\/product\/uhp-tvertne-cisteron-g-505-505l-copy\/\",\"name\":\"UHP tvertne Cisteron G-750 (750L) - IBC konteineri m&uuml;&uuml;k, vaadid, kraanid, mahutid\",\"isPartOf\":{\"@id\":\"https:\/\/www.ibc.ee\/lv\/#website\"},\"primaryImageOfPage\":{\"@id\":\"https:\/\/ibc.ee\/lv\/product\/uhp-tvertne-cisteron-g-505-505l-copy\/#primaryimage\"},\"image\":{\"@id\":\"https:\/\/ibc.ee\/lv\/product\/uhp-tvertne-cisteron-g-505-505l-copy\/#primaryimage\"},\"thumbnailUrl\":\"https:\/\/ibc.ee\/wp-content\/uploads\/2024\/04\/UHP-Cisteron-g-750.jpg\",\"datePublished\":\"2024-04-22T18:45:07+00:00\",\"dateModified\":\"2025-06-26T13:07:41+00:00\",\"description\":\"Horizont\u0101la polietil\u0113na tvertne. T\u0101 tilpums ir 750 litri, augstums 83 cm, garums 140 cm un platums 96 cm. Piem\u0113rots da\u017e\u0101du \u0161\u0137idrumu uzglab\u0101\u0161anai, t.sk. lietus un dzeramais \u016bdens, d\u012bzelis, \u0137imik\u0101lijas.\",\"breadcrumb\":{\"@id\":\"https:\/\/ibc.ee\/lv\/product\/uhp-tvertne-cisteron-g-505-505l-copy\/#breadcrumb\"},\"inLanguage\":\"lv-LV\",\"potentialAction\":[{\"@type\":\"ReadAction\",\"target\":[\"https:\/\/ibc.ee\/lv\/product\/uhp-tvertne-cisteron-g-505-505l-copy\/\"]}]},{\"@type\":\"ImageObject\",\"inLanguage\":\"lv-LV\",\"@id\":\"https:\/\/ibc.ee\/lv\/product\/uhp-tvertne-cisteron-g-505-505l-copy\/#primaryimage\",\"url\":\"https:\/\/ibc.ee\/wp-content\/uploads\/2024\/04\/UHP-Cisteron-g-750.jpg\",\"contentUrl\":\"https:\/\/ibc.ee\/wp-content\/uploads\/2024\/04\/UHP-Cisteron-g-750.jpg\",\"width\":1000,\"height\":1000,\"caption\":\"UHP tvertne Cisteron G-750 (750L)\"},{\"@type\":\"BreadcrumbList\",\"@id\":\"https:\/\/ibc.ee\/lv\/product\/uhp-tvertne-cisteron-g-505-505l-copy\/#breadcrumb\",\"itemListElement\":[{\"@type\":\"ListItem\",\"position\":1,\"name\":\"\u0413\u043b\u0430\u0432\u043d\u0430\u044f \u0441\u0442\u0440\u0430\u043d\u0438\u0446\u0430\",\"item\":\"https:\/\/www.ibc.ee\/lv\/\"},{\"@type\":\"ListItem\",\"position\":2,\"name\":\"Veikals\",\"item\":\"https:\/\/www.ibc.ee\/lv\/shop\/\"},{\"@type\":\"ListItem\",\"position\":3,\"name\":\"UHP tvertne Cisteron G-750 (750L)\"}]},{\"@type\":\"WebSite\",\"@id\":\"https:\/\/www.ibc.ee\/lv\/#website\",\"url\":\"https:\/\/www.ibc.ee\/lv\/\",\"name\":\"IBC konteineri m&uuml;&uuml;k, vaadid, kraanid, mahutid\",\"description\":\"IBC - Tank container valve, Adapters\\\\fittings, Intermediate bulk, container, Drums\/cans\",\"potentialAction\":[{\"@type\":\"SearchAction\",\"target\":{\"@type\":\"EntryPoint\",\"urlTemplate\":\"https:\/\/www.ibc.ee\/lv\/?s={search_term_string}\"},\"query-input\":{\"@type\":\"PropertyValueSpecification\",\"valueRequired\":true,\"valueName\":\"search_term_string\"}}],\"inLanguage\":\"lv-LV\"}]}<\/script>\n<!-- \/ Yoast SEO plugin. -->","yoast_head_json":{"title":"UHP tvertne Cisteron G-750 (750L) - IBC konteineri m&uuml;&uuml;k, vaadid, kraanid, mahutid","description":"Horizont\u0101la polietil\u0113na tvertne. T\u0101 tilpums ir 750 litri, augstums 83 cm, garums 140 cm un platums 96 cm. Piem\u0113rots da\u017e\u0101du \u0161\u0137idrumu uzglab\u0101\u0161anai, t.sk. lietus un dzeramais \u016bdens, d\u012bzelis, \u0137imik\u0101lijas.","robots":{"index":"index","follow":"follow","max-snippet":"max-snippet:-1","max-image-preview":"max-image-preview:large","max-video-preview":"max-video-preview:-1"},"canonical":"https:\/\/ibc.ee\/lv\/product\/uhp-tvertne-cisteron-g-505-505l-copy\/","og_locale":"lv_LV","og_type":"article","og_title":"UHP tvertne Cisteron G-750 (750L) - IBC konteineri m&uuml;&uuml;k, vaadid, kraanid, mahutid","og_description":"Horizont\u0101la polietil\u0113na tvertne. T\u0101 tilpums ir 750 litri, augstums 83 cm, garums 140 cm un platums 96 cm. Piem\u0113rots da\u017e\u0101du \u0161\u0137idrumu uzglab\u0101\u0161anai, t.sk. lietus un dzeramais \u016bdens, d\u012bzelis, \u0137imik\u0101lijas.","og_url":"https:\/\/ibc.ee\/lv\/product\/uhp-tvertne-cisteron-g-505-505l-copy\/","og_site_name":"IBC konteineri m&uuml;&uuml;k, vaadid, kraanid, mahutid","article_modified_time":"2025-06-26T13:07:41+00:00","og_image":[{"width":1000,"height":1000,"url":"https:\/\/ibc.ee\/wp-content\/uploads\/2024\/04\/UHP-Cisteron-g-750.jpg","type":"image\/jpeg"}],"twitter_card":"summary_large_image","twitter_misc":{"Est. reading time":"1 minute"},"schema":{"@context":"https:\/\/schema.org","@graph":[{"@type":"WebPage","@id":"https:\/\/ibc.ee\/lv\/product\/uhp-tvertne-cisteron-g-505-505l-copy\/","url":"https:\/\/ibc.ee\/lv\/product\/uhp-tvertne-cisteron-g-505-505l-copy\/","name":"UHP tvertne Cisteron G-750 (750L) - IBC konteineri m&uuml;&uuml;k, vaadid, kraanid, mahutid","isPartOf":{"@id":"https:\/\/www.ibc.ee\/lv\/#website"},"primaryImageOfPage":{"@id":"https:\/\/ibc.ee\/lv\/product\/uhp-tvertne-cisteron-g-505-505l-copy\/#primaryimage"},"image":{"@id":"https:\/\/ibc.ee\/lv\/product\/uhp-tvertne-cisteron-g-505-505l-copy\/#primaryimage"},"thumbnailUrl":"https:\/\/ibc.ee\/wp-content\/uploads\/2024\/04\/UHP-Cisteron-g-750.jpg","datePublished":"2024-04-22T18:45:07+00:00","dateModified":"2025-06-26T13:07:41+00:00","description":"Horizont\u0101la polietil\u0113na tvertne. T\u0101 tilpums ir 750 litri, augstums 83 cm, garums 140 cm un platums 96 cm. Piem\u0113rots da\u017e\u0101du \u0161\u0137idrumu uzglab\u0101\u0161anai, t.sk. lietus un dzeramais \u016bdens, d\u012bzelis, \u0137imik\u0101lijas.","breadcrumb":{"@id":"https:\/\/ibc.ee\/lv\/product\/uhp-tvertne-cisteron-g-505-505l-copy\/#breadcrumb"},"inLanguage":"lv-LV","potentialAction":[{"@type":"ReadAction","target":["https:\/\/ibc.ee\/lv\/product\/uhp-tvertne-cisteron-g-505-505l-copy\/"]}]},{"@type":"ImageObject","inLanguage":"lv-LV","@id":"https:\/\/ibc.ee\/lv\/product\/uhp-tvertne-cisteron-g-505-505l-copy\/#primaryimage","url":"https:\/\/ibc.ee\/wp-content\/uploads\/2024\/04\/UHP-Cisteron-g-750.jpg","contentUrl":"https:\/\/ibc.ee\/wp-content\/uploads\/2024\/04\/UHP-Cisteron-g-750.jpg","width":1000,"height":1000,"caption":"UHP tvertne Cisteron G-750 (750L)"},{"@type":"BreadcrumbList","@id":"https:\/\/ibc.ee\/lv\/product\/uhp-tvertne-cisteron-g-505-505l-copy\/#breadcrumb","itemListElement":[{"@type":"ListItem","position":1,"name":"\u0413\u043b\u0430\u0432\u043d\u0430\u044f \u0441\u0442\u0440\u0430\u043d\u0438\u0446\u0430","item":"https:\/\/www.ibc.ee\/lv\/"},{"@type":"ListItem","position":2,"name":"Veikals","item":"https:\/\/www.ibc.ee\/lv\/shop\/"},{"@type":"ListItem","position":3,"name":"UHP tvertne Cisteron G-750 (750L)"}]},{"@type":"WebSite","@id":"https:\/\/www.ibc.ee\/lv\/#website","url":"https:\/\/www.ibc.ee\/lv\/","name":"IBC konteineri m&uuml;&uuml;k, vaadid, kraanid, mahutid","description":"IBC - Tank container valve, Adapters\\fittings, Intermediate bulk, container, Drums\/cans","potentialAction":[{"@type":"SearchAction","target":{"@type":"EntryPoint","urlTemplate":"https:\/\/www.ibc.ee\/lv\/?s={search_term_string}"},"query-input":{"@type":"PropertyValueSpecification","valueRequired":true,"valueName":"search_term_string"}}],"inLanguage":"lv-LV"}]}},"_links":{"self":[{"href":"https:\/\/ibc.ee\/lv\/wp-json\/wp\/v2\/product\/21205","targetHints":{"allow":["GET"]}}],"collection":[{"href":"https:\/\/ibc.ee\/lv\/wp-json\/wp\/v2\/product"}],"about":[{"href":"https:\/\/ibc.ee\/lv\/wp-json\/wp\/v2\/types\/product"}],"wp:featuredmedia":[{"embeddable":true,"href":"https:\/\/ibc.ee\/lv\/wp-json\/wp\/v2\/media\/21210"}],"wp:attachment":[{"href":"https:\/\/ibc.ee\/lv\/wp-json\/wp\/v2\/media?parent=21205"}],"wp:term":[{"taxonomy":"product_brand","embeddable":true,"href":"https:\/\/ibc.ee\/lv\/wp-json\/wp\/v2\/product_brand?post=21205"},{"taxonomy":"product_cat","embeddable":true,"href":"https:\/\/ibc.ee\/lv\/wp-json\/wp\/v2\/product_cat?post=21205"},{"taxonomy":"product_tag","embeddable":true,"href":"https:\/\/ibc.ee\/lv\/wp-json\/wp\/v2\/product_tag?post=21205"}],"curies":[{"name":"wp","href":"https:\/\/api.w.org\/{rel}","templated":true}]}}