{"id":21676,"date":"2024-05-05T19:10:13","date_gmt":"2024-05-05T17:10:14","guid":{"rendered":"https:\/\/ibc.ee\/?post_type=product&#038;p=21676"},"modified":"2025-06-26T16:49:53","modified_gmt":"2025-06-26T14:49:53","slug":"uhp-tvertne-kubaton-high-b-2000-2000l-copy","status":"publish","type":"product","link":"https:\/\/ibc.ee\/lv\/product\/uhp-tvertne-kubaton-high-b-2000-2000l-copy\/","title":{"rendered":"UHP tvertne Showeron Shower-100 (100L)"},"content":{"rendered":"<p>Du\u0161as tvertne ar tilpumu 95 litri. Ar \u0161o tvertni j\u016bs varat viegli izveidot \u0101ra du\u0161u jebkuros apst\u0101k\u013cos. Du\u0161as tvertne ir melna, t\u0101p\u0113c \u016bdens taj\u0101 \u0101tri uzsilst. Rezervu\u0101ra apak\u0161\u0113j\u0101 sien\u0101 ir \u00bd collu v\u012bt\u0146ots caurums, caur kuru var ieskr\u016bv\u0113t lodveida v\u0101rstu. Sa\u0161aurin\u0101t\u0101 dibena d\u0113\u013c \u016bdens no tvertnes tiek piln\u012bb\u0101 izvad\u012bts.<\/p>\n<p>Ieg\u0101d\u0101joties atsevi\u0161\u0137as du\u0161as kab\u012bnes, du\u0161a tiek nodro\u0161in\u0101ta bez maksas.<\/p>\n<p>Tvertnei ir Polijas higi\u0113nas sertifik\u0101ts PZH, kas \u013cauj uzglab\u0101t dzeramo \u016bdeni.<\/p>\n","protected":false},"excerpt":{"rendered":"<p><strong>Funkcijas<\/strong><br \/>\nTilpums: 95 l<br \/>\nGarums: 80 cm<br \/>\nPlatums: 80 cm<br \/>\nAugstums: 19 cm<br \/>\nV\u0101ka diametrs: 22 cm<br \/>\nSienas biezums: 3,5 mm<br \/>\nSavienojuma v\u012btne: 1\/2 collas.<\/p>\n<p><strong>Materi\u0101ls<\/strong><br \/>\n&#8211; Augstas kvalit\u0101tes polietil\u0113ns<br \/>\n&#8211; \u013boti augsta iztur\u012bba<br \/>\n&#8211; Iztur\u012bgs pret kritisk\u0101m temperat\u016br\u0101m (no -40\u00b0\u0421 l\u012bdz +60\u00b0\u0421)<br \/>\n&#8211; Piem\u0113rots p\u0101rtikas uzglab\u0101\u0161anai<br \/>\n&#8211; UV iztur\u012bgs<\/p>\n","protected":false},"featured_media":21681,"template":"","meta":[],"product_brand":[],"product_cat":[424],"product_tag":[],"class_list":{"0":"post-21676","1":"product","2":"type-product","3":"status-publish","4":"has-post-thumbnail","6":"product_cat-uhp-tvertnes","7":"product_shipping_class-containers-lv","9":"first","10":"onbackorder","11":"taxable","12":"shipping-taxable","13":"purchasable","14":"product-type-simple"},"yoast_head":"<!-- This site is optimized with the Yoast SEO plugin v26.9 - https:\/\/yoast.com\/product\/yoast-seo-wordpress\/ -->\n<title>UHP tvertne Showeron Shower-100 (100L) - IBC konteineri m&uuml;&uuml;k, vaadid, kraanid, mahutid<\/title>\n<meta name=\"description\" content=\"Du\u0161as tvertne ar tilpumu 95 litri. Ar \u0161o tvertni j\u016bs varat viegli izveidot \u0101ra du\u0161u jebkuros apst\u0101k\u013cos. Du\u0161as tvertne ir melna, t\u0101p\u0113c \u016bdens taj\u0101 \u0101tri uzsilst.\" \/>\n<meta name=\"robots\" content=\"index, follow, max-snippet:-1, max-image-preview:large, max-video-preview:-1\" \/>\n<link rel=\"canonical\" href=\"https:\/\/ibc.ee\/lv\/product\/uhp-tvertne-kubaton-high-b-2000-2000l-copy\/\" \/>\n<meta property=\"og:locale\" content=\"lv_LV\" \/>\n<meta property=\"og:type\" content=\"article\" \/>\n<meta property=\"og:title\" content=\"UHP tvertne Showeron Shower-100 (100L) - IBC konteineri m&uuml;&uuml;k, vaadid, kraanid, mahutid\" \/>\n<meta property=\"og:description\" content=\"Du\u0161as tvertne ar tilpumu 95 litri. Ar \u0161o tvertni j\u016bs varat viegli izveidot \u0101ra du\u0161u jebkuros apst\u0101k\u013cos. Du\u0161as tvertne ir melna, t\u0101p\u0113c \u016bdens taj\u0101 \u0101tri uzsilst.\" \/>\n<meta property=\"og:url\" content=\"https:\/\/ibc.ee\/lv\/product\/uhp-tvertne-kubaton-high-b-2000-2000l-copy\/\" \/>\n<meta property=\"og:site_name\" content=\"IBC konteineri m&uuml;&uuml;k, vaadid, kraanid, mahutid\" \/>\n<meta property=\"article:modified_time\" content=\"2025-06-26T14:49:53+00:00\" \/>\n<meta property=\"og:image\" content=\"https:\/\/ibc.ee\/wp-content\/uploads\/2024\/05\/UHP_SHOWERON_SHOWER_100.jpg\" \/>\n\t<meta property=\"og:image:width\" content=\"1000\" \/>\n\t<meta property=\"og:image:height\" content=\"1000\" \/>\n\t<meta property=\"og:image:type\" content=\"image\/jpeg\" \/>\n<meta name=\"twitter:card\" content=\"summary_large_image\" \/>\n<meta name=\"twitter:label1\" content=\"Est. reading time\" \/>\n\t<meta name=\"twitter:data1\" content=\"1 minute\" \/>\n<script type=\"application\/ld+json\" class=\"yoast-schema-graph\">{\"@context\":\"https:\/\/schema.org\",\"@graph\":[{\"@type\":\"WebPage\",\"@id\":\"https:\/\/ibc.ee\/lv\/product\/uhp-tvertne-kubaton-high-b-2000-2000l-copy\/\",\"url\":\"https:\/\/ibc.ee\/lv\/product\/uhp-tvertne-kubaton-high-b-2000-2000l-copy\/\",\"name\":\"UHP tvertne Showeron Shower-100 (100L) - IBC konteineri m&uuml;&uuml;k, vaadid, kraanid, mahutid\",\"isPartOf\":{\"@id\":\"https:\/\/www.ibc.ee\/lv\/#website\"},\"primaryImageOfPage\":{\"@id\":\"https:\/\/ibc.ee\/lv\/product\/uhp-tvertne-kubaton-high-b-2000-2000l-copy\/#primaryimage\"},\"image\":{\"@id\":\"https:\/\/ibc.ee\/lv\/product\/uhp-tvertne-kubaton-high-b-2000-2000l-copy\/#primaryimage\"},\"thumbnailUrl\":\"https:\/\/ibc.ee\/wp-content\/uploads\/2024\/05\/UHP_SHOWERON_SHOWER_100.jpg\",\"datePublished\":\"2024-05-05T17:10:14+00:00\",\"dateModified\":\"2025-06-26T14:49:53+00:00\",\"description\":\"Du\u0161as tvertne ar tilpumu 95 litri. Ar \u0161o tvertni j\u016bs varat viegli izveidot \u0101ra du\u0161u jebkuros apst\u0101k\u013cos. Du\u0161as tvertne ir melna, t\u0101p\u0113c \u016bdens taj\u0101 \u0101tri uzsilst.\",\"breadcrumb\":{\"@id\":\"https:\/\/ibc.ee\/lv\/product\/uhp-tvertne-kubaton-high-b-2000-2000l-copy\/#breadcrumb\"},\"inLanguage\":\"lv-LV\",\"potentialAction\":[{\"@type\":\"ReadAction\",\"target\":[\"https:\/\/ibc.ee\/lv\/product\/uhp-tvertne-kubaton-high-b-2000-2000l-copy\/\"]}]},{\"@type\":\"ImageObject\",\"inLanguage\":\"lv-LV\",\"@id\":\"https:\/\/ibc.ee\/lv\/product\/uhp-tvertne-kubaton-high-b-2000-2000l-copy\/#primaryimage\",\"url\":\"https:\/\/ibc.ee\/wp-content\/uploads\/2024\/05\/UHP_SHOWERON_SHOWER_100.jpg\",\"contentUrl\":\"https:\/\/ibc.ee\/wp-content\/uploads\/2024\/05\/UHP_SHOWERON_SHOWER_100.jpg\",\"width\":1000,\"height\":1000,\"caption\":\"UHP tvertne Showeron Shower-100 (100L)\"},{\"@type\":\"BreadcrumbList\",\"@id\":\"https:\/\/ibc.ee\/lv\/product\/uhp-tvertne-kubaton-high-b-2000-2000l-copy\/#breadcrumb\",\"itemListElement\":[{\"@type\":\"ListItem\",\"position\":1,\"name\":\"\u0413\u043b\u0430\u0432\u043d\u0430\u044f \u0441\u0442\u0440\u0430\u043d\u0438\u0446\u0430\",\"item\":\"https:\/\/www.ibc.ee\/lv\/\"},{\"@type\":\"ListItem\",\"position\":2,\"name\":\"Veikals\",\"item\":\"https:\/\/www.ibc.ee\/lv\/shop\/\"},{\"@type\":\"ListItem\",\"position\":3,\"name\":\"UHP tvertne Showeron Shower-100 (100L)\"}]},{\"@type\":\"WebSite\",\"@id\":\"https:\/\/www.ibc.ee\/lv\/#website\",\"url\":\"https:\/\/www.ibc.ee\/lv\/\",\"name\":\"IBC konteineri m&uuml;&uuml;k, vaadid, kraanid, mahutid\",\"description\":\"IBC - Tank container valve, Adapters\\\\fittings, Intermediate bulk, container, Drums\/cans\",\"potentialAction\":[{\"@type\":\"SearchAction\",\"target\":{\"@type\":\"EntryPoint\",\"urlTemplate\":\"https:\/\/www.ibc.ee\/lv\/?s={search_term_string}\"},\"query-input\":{\"@type\":\"PropertyValueSpecification\",\"valueRequired\":true,\"valueName\":\"search_term_string\"}}],\"inLanguage\":\"lv-LV\"}]}<\/script>\n<!-- \/ Yoast SEO plugin. -->","yoast_head_json":{"title":"UHP tvertne Showeron Shower-100 (100L) - IBC konteineri m&uuml;&uuml;k, vaadid, kraanid, mahutid","description":"Du\u0161as tvertne ar tilpumu 95 litri. Ar \u0161o tvertni j\u016bs varat viegli izveidot \u0101ra du\u0161u jebkuros apst\u0101k\u013cos. Du\u0161as tvertne ir melna, t\u0101p\u0113c \u016bdens taj\u0101 \u0101tri uzsilst.","robots":{"index":"index","follow":"follow","max-snippet":"max-snippet:-1","max-image-preview":"max-image-preview:large","max-video-preview":"max-video-preview:-1"},"canonical":"https:\/\/ibc.ee\/lv\/product\/uhp-tvertne-kubaton-high-b-2000-2000l-copy\/","og_locale":"lv_LV","og_type":"article","og_title":"UHP tvertne Showeron Shower-100 (100L) - IBC konteineri m&uuml;&uuml;k, vaadid, kraanid, mahutid","og_description":"Du\u0161as tvertne ar tilpumu 95 litri. Ar \u0161o tvertni j\u016bs varat viegli izveidot \u0101ra du\u0161u jebkuros apst\u0101k\u013cos. Du\u0161as tvertne ir melna, t\u0101p\u0113c \u016bdens taj\u0101 \u0101tri uzsilst.","og_url":"https:\/\/ibc.ee\/lv\/product\/uhp-tvertne-kubaton-high-b-2000-2000l-copy\/","og_site_name":"IBC konteineri m&uuml;&uuml;k, vaadid, kraanid, mahutid","article_modified_time":"2025-06-26T14:49:53+00:00","og_image":[{"width":1000,"height":1000,"url":"https:\/\/ibc.ee\/wp-content\/uploads\/2024\/05\/UHP_SHOWERON_SHOWER_100.jpg","type":"image\/jpeg"}],"twitter_card":"summary_large_image","twitter_misc":{"Est. reading time":"1 minute"},"schema":{"@context":"https:\/\/schema.org","@graph":[{"@type":"WebPage","@id":"https:\/\/ibc.ee\/lv\/product\/uhp-tvertne-kubaton-high-b-2000-2000l-copy\/","url":"https:\/\/ibc.ee\/lv\/product\/uhp-tvertne-kubaton-high-b-2000-2000l-copy\/","name":"UHP tvertne Showeron Shower-100 (100L) - IBC konteineri m&uuml;&uuml;k, vaadid, kraanid, mahutid","isPartOf":{"@id":"https:\/\/www.ibc.ee\/lv\/#website"},"primaryImageOfPage":{"@id":"https:\/\/ibc.ee\/lv\/product\/uhp-tvertne-kubaton-high-b-2000-2000l-copy\/#primaryimage"},"image":{"@id":"https:\/\/ibc.ee\/lv\/product\/uhp-tvertne-kubaton-high-b-2000-2000l-copy\/#primaryimage"},"thumbnailUrl":"https:\/\/ibc.ee\/wp-content\/uploads\/2024\/05\/UHP_SHOWERON_SHOWER_100.jpg","datePublished":"2024-05-05T17:10:14+00:00","dateModified":"2025-06-26T14:49:53+00:00","description":"Du\u0161as tvertne ar tilpumu 95 litri. Ar \u0161o tvertni j\u016bs varat viegli izveidot \u0101ra du\u0161u jebkuros apst\u0101k\u013cos. Du\u0161as tvertne ir melna, t\u0101p\u0113c \u016bdens taj\u0101 \u0101tri uzsilst.","breadcrumb":{"@id":"https:\/\/ibc.ee\/lv\/product\/uhp-tvertne-kubaton-high-b-2000-2000l-copy\/#breadcrumb"},"inLanguage":"lv-LV","potentialAction":[{"@type":"ReadAction","target":["https:\/\/ibc.ee\/lv\/product\/uhp-tvertne-kubaton-high-b-2000-2000l-copy\/"]}]},{"@type":"ImageObject","inLanguage":"lv-LV","@id":"https:\/\/ibc.ee\/lv\/product\/uhp-tvertne-kubaton-high-b-2000-2000l-copy\/#primaryimage","url":"https:\/\/ibc.ee\/wp-content\/uploads\/2024\/05\/UHP_SHOWERON_SHOWER_100.jpg","contentUrl":"https:\/\/ibc.ee\/wp-content\/uploads\/2024\/05\/UHP_SHOWERON_SHOWER_100.jpg","width":1000,"height":1000,"caption":"UHP tvertne Showeron Shower-100 (100L)"},{"@type":"BreadcrumbList","@id":"https:\/\/ibc.ee\/lv\/product\/uhp-tvertne-kubaton-high-b-2000-2000l-copy\/#breadcrumb","itemListElement":[{"@type":"ListItem","position":1,"name":"\u0413\u043b\u0430\u0432\u043d\u0430\u044f \u0441\u0442\u0440\u0430\u043d\u0438\u0446\u0430","item":"https:\/\/www.ibc.ee\/lv\/"},{"@type":"ListItem","position":2,"name":"Veikals","item":"https:\/\/www.ibc.ee\/lv\/shop\/"},{"@type":"ListItem","position":3,"name":"UHP tvertne Showeron Shower-100 (100L)"}]},{"@type":"WebSite","@id":"https:\/\/www.ibc.ee\/lv\/#website","url":"https:\/\/www.ibc.ee\/lv\/","name":"IBC konteineri m&uuml;&uuml;k, vaadid, kraanid, mahutid","description":"IBC - Tank container valve, Adapters\\fittings, Intermediate bulk, container, Drums\/cans","potentialAction":[{"@type":"SearchAction","target":{"@type":"EntryPoint","urlTemplate":"https:\/\/www.ibc.ee\/lv\/?s={search_term_string}"},"query-input":{"@type":"PropertyValueSpecification","valueRequired":true,"valueName":"search_term_string"}}],"inLanguage":"lv-LV"}]}},"_links":{"self":[{"href":"https:\/\/ibc.ee\/lv\/wp-json\/wp\/v2\/product\/21676","targetHints":{"allow":["GET"]}}],"collection":[{"href":"https:\/\/ibc.ee\/lv\/wp-json\/wp\/v2\/product"}],"about":[{"href":"https:\/\/ibc.ee\/lv\/wp-json\/wp\/v2\/types\/product"}],"wp:featuredmedia":[{"embeddable":true,"href":"https:\/\/ibc.ee\/lv\/wp-json\/wp\/v2\/media\/21681"}],"wp:attachment":[{"href":"https:\/\/ibc.ee\/lv\/wp-json\/wp\/v2\/media?parent=21676"}],"wp:term":[{"taxonomy":"product_brand","embeddable":true,"href":"https:\/\/ibc.ee\/lv\/wp-json\/wp\/v2\/product_brand?post=21676"},{"taxonomy":"product_cat","embeddable":true,"href":"https:\/\/ibc.ee\/lv\/wp-json\/wp\/v2\/product_cat?post=21676"},{"taxonomy":"product_tag","embeddable":true,"href":"https:\/\/ibc.ee\/lv\/wp-json\/wp\/v2\/product_tag?post=21676"}],"curies":[{"name":"wp","href":"https:\/\/api.w.org\/{rel}","templated":true}]}}