{"id":22055,"date":"2024-05-08T08:04:35","date_gmt":"2024-05-08T06:04:36","guid":{"rendered":"https:\/\/ibc.ee\/?post_type=product&#038;p=22055"},"modified":"2025-06-26T18:19:42","modified_gmt":"2025-06-26T16:19:42","slug":"uhp-tvertne-v-5000-5000l-copy","status":"publish","type":"product","link":"https:\/\/ibc.ee\/lv\/product\/uhp-tvertne-v-5000-5000l-copy\/","title":{"rendered":"UHP tvertne Salton C-75 (75L)"},"content":{"rendered":"<p>\u012apa\u0161a plastmasas tvertne, kas paredz\u0113ta n\u0101trija hlor\u012bda (NaCL) \u0161\u0137\u012bduma sagatavo\u0161anai un pieg\u0101dei m\u012bkstin\u0101\u0161anas iek\u0101rt\u0101m, kompleks\u0101m (vienlaic\u012bgas) atlik\u0161anas stacij\u0101m un m\u012bkstin\u0101\u0161anas un \u016bdens ats\u0101\u013co\u0161anas iek\u0101rt\u0101m. S\u0101ls rezervu\u0101rs ir gandr\u012bz katra padeves filtra konstrukcijas neat\u0146emama sast\u0101vda\u013ca, kur\u0101 filtra materi\u0101la pamat\u0101 ir jonu apmai\u0146as sve\u0137i, kam nepiecie\u0161ams materi\u0101ls mazg\u0101t ar n\u0101trija hlor\u012bda \u0161\u0137\u012bdumu, lai atjaunotu t\u0101 jonu apmai\u0146as \u012bpa\u0161\u012bbas.<\/p>\n<p>Tvertnei ir Polijas higi\u0113nas sertifik\u0101ts PZH, kas \u013cauj uzglab\u0101t dzeramo \u016bdeni.<\/p>\n","protected":false},"excerpt":{"rendered":"<p><strong>Funkcijas<\/strong><br \/>\nTilpums: 75 l<br \/>\nGarums: 40,3 cm<br \/>\nPlatums: 40,3 cm<br \/>\nAugstums: 80,9 cm.<br \/>\nSienas biezums: 4 mm<\/p>\n<p><strong>Materi\u0101ls<\/strong><br \/>\n&#8211; Augstas kvalit\u0101tes polietil\u0113ns<br \/>\n&#8211; \u013boti augsta iztur\u012bba<br \/>\n&#8211; Iztur\u012bgs pret kritisk\u0101m temperat\u016br\u0101m (no -40\u00b0\u0421 l\u012bdz +60\u00b0\u0421)<br \/>\n&#8211; Piem\u0113rots p\u0101rtikas uzglab\u0101\u0161anai<br \/>\n&#8211; UV iztur\u012bgs<\/p>\n","protected":false},"featured_media":22060,"template":"","meta":[],"product_brand":[],"product_cat":[424],"product_tag":[],"class_list":{"0":"post-22055","1":"product","2":"type-product","3":"status-publish","4":"has-post-thumbnail","6":"product_cat-uhp-tvertnes","7":"product_shipping_class-containers-lv","9":"first","10":"instock","11":"taxable","12":"shipping-taxable","13":"purchasable","14":"product-type-simple"},"yoast_head":"<!-- This site is optimized with the Yoast SEO plugin v26.9 - https:\/\/yoast.com\/product\/yoast-seo-wordpress\/ -->\n<title>UHP tvertne Salton C-75 (75L) - IBC konteineri m&uuml;&uuml;k, vaadid, kraanid, mahutid<\/title>\n<meta name=\"description\" content=\"Speci\u0101la plastmasas tvertne, kas paredz\u0113ta n\u0101trija hlor\u012bda (NaCL) \u0161\u0137\u012bduma sagatavo\u0161anai un padevei m\u012bkstin\u0101\u0161anas iek\u0101rt\u0101s, kompleks\u0101s (vienlaic\u012bgas) atlik\u0161anas stacij\u0101s un m\u012bkstin\u0101\u0161anas iek\u0101rt\u0101s un \u016bdens ats\u0101\u013co\u0161anas iek\u0101rt\u0101s.\" \/>\n<meta name=\"robots\" content=\"index, follow, max-snippet:-1, max-image-preview:large, max-video-preview:-1\" \/>\n<link rel=\"canonical\" href=\"https:\/\/ibc.ee\/lv\/product\/uhp-tvertne-v-5000-5000l-copy\/\" \/>\n<meta property=\"og:locale\" content=\"lv_LV\" \/>\n<meta property=\"og:type\" content=\"article\" \/>\n<meta property=\"og:title\" content=\"UHP tvertne Salton C-75 (75L) - IBC konteineri m&uuml;&uuml;k, vaadid, kraanid, mahutid\" \/>\n<meta property=\"og:description\" content=\"Speci\u0101la plastmasas tvertne, kas paredz\u0113ta n\u0101trija hlor\u012bda (NaCL) \u0161\u0137\u012bduma sagatavo\u0161anai un padevei m\u012bkstin\u0101\u0161anas iek\u0101rt\u0101s, kompleks\u0101s (vienlaic\u012bgas) atlik\u0161anas stacij\u0101s un m\u012bkstin\u0101\u0161anas iek\u0101rt\u0101s un \u016bdens ats\u0101\u013co\u0161anas iek\u0101rt\u0101s.\" \/>\n<meta property=\"og:url\" content=\"https:\/\/ibc.ee\/lv\/product\/uhp-tvertne-v-5000-5000l-copy\/\" \/>\n<meta property=\"og:site_name\" content=\"IBC konteineri m&uuml;&uuml;k, vaadid, kraanid, mahutid\" \/>\n<meta property=\"article:modified_time\" content=\"2025-06-26T16:19:42+00:00\" \/>\n<meta property=\"og:image\" content=\"https:\/\/ibc.ee\/wp-content\/uploads\/2024\/05\/UHP_salton_C-75.jpg\" \/>\n\t<meta property=\"og:image:width\" content=\"1000\" \/>\n\t<meta property=\"og:image:height\" content=\"1000\" \/>\n\t<meta property=\"og:image:type\" content=\"image\/jpeg\" \/>\n<meta name=\"twitter:card\" content=\"summary_large_image\" \/>\n<meta name=\"twitter:label1\" content=\"Est. reading time\" \/>\n\t<meta name=\"twitter:data1\" content=\"1 minute\" \/>\n<script type=\"application\/ld+json\" class=\"yoast-schema-graph\">{\"@context\":\"https:\/\/schema.org\",\"@graph\":[{\"@type\":\"WebPage\",\"@id\":\"https:\/\/ibc.ee\/lv\/product\/uhp-tvertne-v-5000-5000l-copy\/\",\"url\":\"https:\/\/ibc.ee\/lv\/product\/uhp-tvertne-v-5000-5000l-copy\/\",\"name\":\"UHP tvertne Salton C-75 (75L) - IBC konteineri m&uuml;&uuml;k, vaadid, kraanid, mahutid\",\"isPartOf\":{\"@id\":\"https:\/\/www.ibc.ee\/lv\/#website\"},\"primaryImageOfPage\":{\"@id\":\"https:\/\/ibc.ee\/lv\/product\/uhp-tvertne-v-5000-5000l-copy\/#primaryimage\"},\"image\":{\"@id\":\"https:\/\/ibc.ee\/lv\/product\/uhp-tvertne-v-5000-5000l-copy\/#primaryimage\"},\"thumbnailUrl\":\"https:\/\/ibc.ee\/wp-content\/uploads\/2024\/05\/UHP_salton_C-75.jpg\",\"datePublished\":\"2024-05-08T06:04:36+00:00\",\"dateModified\":\"2025-06-26T16:19:42+00:00\",\"description\":\"Speci\u0101la plastmasas tvertne, kas paredz\u0113ta n\u0101trija hlor\u012bda (NaCL) \u0161\u0137\u012bduma sagatavo\u0161anai un padevei m\u012bkstin\u0101\u0161anas iek\u0101rt\u0101s, kompleks\u0101s (vienlaic\u012bgas) atlik\u0161anas stacij\u0101s un m\u012bkstin\u0101\u0161anas iek\u0101rt\u0101s un \u016bdens ats\u0101\u013co\u0161anas iek\u0101rt\u0101s.\",\"breadcrumb\":{\"@id\":\"https:\/\/ibc.ee\/lv\/product\/uhp-tvertne-v-5000-5000l-copy\/#breadcrumb\"},\"inLanguage\":\"lv-LV\",\"potentialAction\":[{\"@type\":\"ReadAction\",\"target\":[\"https:\/\/ibc.ee\/lv\/product\/uhp-tvertne-v-5000-5000l-copy\/\"]}]},{\"@type\":\"ImageObject\",\"inLanguage\":\"lv-LV\",\"@id\":\"https:\/\/ibc.ee\/lv\/product\/uhp-tvertne-v-5000-5000l-copy\/#primaryimage\",\"url\":\"https:\/\/ibc.ee\/wp-content\/uploads\/2024\/05\/UHP_salton_C-75.jpg\",\"contentUrl\":\"https:\/\/ibc.ee\/wp-content\/uploads\/2024\/05\/UHP_salton_C-75.jpg\",\"width\":1000,\"height\":1000,\"caption\":\"UHP tvertne Salton C-75 (75L)\"},{\"@type\":\"BreadcrumbList\",\"@id\":\"https:\/\/ibc.ee\/lv\/product\/uhp-tvertne-v-5000-5000l-copy\/#breadcrumb\",\"itemListElement\":[{\"@type\":\"ListItem\",\"position\":1,\"name\":\"\u0413\u043b\u0430\u0432\u043d\u0430\u044f \u0441\u0442\u0440\u0430\u043d\u0438\u0446\u0430\",\"item\":\"https:\/\/www.ibc.ee\/lv\/\"},{\"@type\":\"ListItem\",\"position\":2,\"name\":\"Veikals\",\"item\":\"https:\/\/www.ibc.ee\/lv\/shop\/\"},{\"@type\":\"ListItem\",\"position\":3,\"name\":\"UHP tvertne Salton C-75 (75L)\"}]},{\"@type\":\"WebSite\",\"@id\":\"https:\/\/www.ibc.ee\/lv\/#website\",\"url\":\"https:\/\/www.ibc.ee\/lv\/\",\"name\":\"IBC konteineri m&uuml;&uuml;k, vaadid, kraanid, mahutid\",\"description\":\"IBC - Tank container valve, Adapters\\\\fittings, Intermediate bulk, container, Drums\/cans\",\"potentialAction\":[{\"@type\":\"SearchAction\",\"target\":{\"@type\":\"EntryPoint\",\"urlTemplate\":\"https:\/\/www.ibc.ee\/lv\/?s={search_term_string}\"},\"query-input\":{\"@type\":\"PropertyValueSpecification\",\"valueRequired\":true,\"valueName\":\"search_term_string\"}}],\"inLanguage\":\"lv-LV\"}]}<\/script>\n<!-- \/ Yoast SEO plugin. -->","yoast_head_json":{"title":"UHP tvertne Salton C-75 (75L) - IBC konteineri m&uuml;&uuml;k, vaadid, kraanid, mahutid","description":"Speci\u0101la plastmasas tvertne, kas paredz\u0113ta n\u0101trija hlor\u012bda (NaCL) \u0161\u0137\u012bduma sagatavo\u0161anai un padevei m\u012bkstin\u0101\u0161anas iek\u0101rt\u0101s, kompleks\u0101s (vienlaic\u012bgas) atlik\u0161anas stacij\u0101s un m\u012bkstin\u0101\u0161anas iek\u0101rt\u0101s un \u016bdens ats\u0101\u013co\u0161anas iek\u0101rt\u0101s.","robots":{"index":"index","follow":"follow","max-snippet":"max-snippet:-1","max-image-preview":"max-image-preview:large","max-video-preview":"max-video-preview:-1"},"canonical":"https:\/\/ibc.ee\/lv\/product\/uhp-tvertne-v-5000-5000l-copy\/","og_locale":"lv_LV","og_type":"article","og_title":"UHP tvertne Salton C-75 (75L) - IBC konteineri m&uuml;&uuml;k, vaadid, kraanid, mahutid","og_description":"Speci\u0101la plastmasas tvertne, kas paredz\u0113ta n\u0101trija hlor\u012bda (NaCL) \u0161\u0137\u012bduma sagatavo\u0161anai un padevei m\u012bkstin\u0101\u0161anas iek\u0101rt\u0101s, kompleks\u0101s (vienlaic\u012bgas) atlik\u0161anas stacij\u0101s un m\u012bkstin\u0101\u0161anas iek\u0101rt\u0101s un \u016bdens ats\u0101\u013co\u0161anas iek\u0101rt\u0101s.","og_url":"https:\/\/ibc.ee\/lv\/product\/uhp-tvertne-v-5000-5000l-copy\/","og_site_name":"IBC konteineri m&uuml;&uuml;k, vaadid, kraanid, mahutid","article_modified_time":"2025-06-26T16:19:42+00:00","og_image":[{"width":1000,"height":1000,"url":"https:\/\/ibc.ee\/wp-content\/uploads\/2024\/05\/UHP_salton_C-75.jpg","type":"image\/jpeg"}],"twitter_card":"summary_large_image","twitter_misc":{"Est. reading time":"1 minute"},"schema":{"@context":"https:\/\/schema.org","@graph":[{"@type":"WebPage","@id":"https:\/\/ibc.ee\/lv\/product\/uhp-tvertne-v-5000-5000l-copy\/","url":"https:\/\/ibc.ee\/lv\/product\/uhp-tvertne-v-5000-5000l-copy\/","name":"UHP tvertne Salton C-75 (75L) - IBC konteineri m&uuml;&uuml;k, vaadid, kraanid, mahutid","isPartOf":{"@id":"https:\/\/www.ibc.ee\/lv\/#website"},"primaryImageOfPage":{"@id":"https:\/\/ibc.ee\/lv\/product\/uhp-tvertne-v-5000-5000l-copy\/#primaryimage"},"image":{"@id":"https:\/\/ibc.ee\/lv\/product\/uhp-tvertne-v-5000-5000l-copy\/#primaryimage"},"thumbnailUrl":"https:\/\/ibc.ee\/wp-content\/uploads\/2024\/05\/UHP_salton_C-75.jpg","datePublished":"2024-05-08T06:04:36+00:00","dateModified":"2025-06-26T16:19:42+00:00","description":"Speci\u0101la plastmasas tvertne, kas paredz\u0113ta n\u0101trija hlor\u012bda (NaCL) \u0161\u0137\u012bduma sagatavo\u0161anai un padevei m\u012bkstin\u0101\u0161anas iek\u0101rt\u0101s, kompleks\u0101s (vienlaic\u012bgas) atlik\u0161anas stacij\u0101s un m\u012bkstin\u0101\u0161anas iek\u0101rt\u0101s un \u016bdens ats\u0101\u013co\u0161anas iek\u0101rt\u0101s.","breadcrumb":{"@id":"https:\/\/ibc.ee\/lv\/product\/uhp-tvertne-v-5000-5000l-copy\/#breadcrumb"},"inLanguage":"lv-LV","potentialAction":[{"@type":"ReadAction","target":["https:\/\/ibc.ee\/lv\/product\/uhp-tvertne-v-5000-5000l-copy\/"]}]},{"@type":"ImageObject","inLanguage":"lv-LV","@id":"https:\/\/ibc.ee\/lv\/product\/uhp-tvertne-v-5000-5000l-copy\/#primaryimage","url":"https:\/\/ibc.ee\/wp-content\/uploads\/2024\/05\/UHP_salton_C-75.jpg","contentUrl":"https:\/\/ibc.ee\/wp-content\/uploads\/2024\/05\/UHP_salton_C-75.jpg","width":1000,"height":1000,"caption":"UHP tvertne Salton C-75 (75L)"},{"@type":"BreadcrumbList","@id":"https:\/\/ibc.ee\/lv\/product\/uhp-tvertne-v-5000-5000l-copy\/#breadcrumb","itemListElement":[{"@type":"ListItem","position":1,"name":"\u0413\u043b\u0430\u0432\u043d\u0430\u044f \u0441\u0442\u0440\u0430\u043d\u0438\u0446\u0430","item":"https:\/\/www.ibc.ee\/lv\/"},{"@type":"ListItem","position":2,"name":"Veikals","item":"https:\/\/www.ibc.ee\/lv\/shop\/"},{"@type":"ListItem","position":3,"name":"UHP tvertne Salton C-75 (75L)"}]},{"@type":"WebSite","@id":"https:\/\/www.ibc.ee\/lv\/#website","url":"https:\/\/www.ibc.ee\/lv\/","name":"IBC konteineri m&uuml;&uuml;k, vaadid, kraanid, mahutid","description":"IBC - Tank container valve, Adapters\\fittings, Intermediate bulk, container, Drums\/cans","potentialAction":[{"@type":"SearchAction","target":{"@type":"EntryPoint","urlTemplate":"https:\/\/www.ibc.ee\/lv\/?s={search_term_string}"},"query-input":{"@type":"PropertyValueSpecification","valueRequired":true,"valueName":"search_term_string"}}],"inLanguage":"lv-LV"}]}},"_links":{"self":[{"href":"https:\/\/ibc.ee\/lv\/wp-json\/wp\/v2\/product\/22055","targetHints":{"allow":["GET"]}}],"collection":[{"href":"https:\/\/ibc.ee\/lv\/wp-json\/wp\/v2\/product"}],"about":[{"href":"https:\/\/ibc.ee\/lv\/wp-json\/wp\/v2\/types\/product"}],"wp:featuredmedia":[{"embeddable":true,"href":"https:\/\/ibc.ee\/lv\/wp-json\/wp\/v2\/media\/22060"}],"wp:attachment":[{"href":"https:\/\/ibc.ee\/lv\/wp-json\/wp\/v2\/media?parent=22055"}],"wp:term":[{"taxonomy":"product_brand","embeddable":true,"href":"https:\/\/ibc.ee\/lv\/wp-json\/wp\/v2\/product_brand?post=22055"},{"taxonomy":"product_cat","embeddable":true,"href":"https:\/\/ibc.ee\/lv\/wp-json\/wp\/v2\/product_cat?post=22055"},{"taxonomy":"product_tag","embeddable":true,"href":"https:\/\/ibc.ee\/lv\/wp-json\/wp\/v2\/product_tag?post=22055"}],"curies":[{"name":"wp","href":"https:\/\/api.w.org\/{rel}","templated":true}]}}