{"id":22288,"date":"2024-08-07T19:33:15","date_gmt":"2024-08-07T17:33:16","guid":{"rendered":"https:\/\/www.ibc.ee\/?post_type=product&#038;p=22288"},"modified":"2025-06-26T18:38:50","modified_gmt":"2025-06-26T16:38:50","slug":"atkritumu-konteiners-1000l","status":"publish","type":"product","link":"https:\/\/ibc.ee\/lv\/product\/atkritumu-konteiners-1000l\/","title":{"rendered":"Atkritumu konteiners 1000L"},"content":{"rendered":"<p>Pielietojums:<br \/>\n&#8211; B\u016bvmateri\u0101lu uzglab\u0101\u0161ana un transport\u0113\u0161ana:<br \/>\n&#8211; Smiltis, \u0161\u0137embas, grants, cements.<br \/>\n&#8211; B\u016bvgru\u017ei un atkritumi.<br \/>\n&#8211; R\u016bpniecisko atkritumu sav\u0101k\u0161ana un uzglab\u0101\u0161ana:<br \/>\n&#8211; Atkritumu e\u013c\u013cas un \u0161\u0137idrumi.<br \/>\n&#8211; da\u017e\u0101da veida r\u016bpnieciskie atkritumi.<br \/>\n&#8211; izmanto\u0161ana lauksaimniec\u012bb\u0101:<br \/>\n&#8211; Komposts un organiskais m\u0113slojums.<br \/>\n&#8211; D\u0101rzkop\u012bba un ainavu dizains:<br \/>\n&#8211; Augsnes, k\u016bdras, m\u0113slo\u0161anas l\u012bdzek\u013cu uzglab\u0101\u0161ana.<br \/>\n&#8211; D\u0101rza atkritumu, lapu, zaru sav\u0101k\u0161ana.<br \/>\n&#8211; Sekund\u0101ro resursu sav\u0101k\u0161ana un apstr\u0101de:<br \/>\n&#8211; Pap\u012brs, kartons, plastmasa p\u0101rstr\u0101dei.<br \/>\n&#8211; met\u0101ll\u016b\u017e\u0146i un plastmasas atkritumi.<\/p>\n","protected":false},"excerpt":{"rendered":"<p>Atkritumu konteiners 1000L<\/p>\n","protected":false},"featured_media":22294,"template":"","meta":[],"product_brand":[],"product_cat":[329],"product_tag":[],"class_list":{"0":"post-22288","1":"product","2":"type-product","3":"status-publish","4":"has-post-thumbnail","6":"product_cat-starppaterina-konteiners-beztaras-ibc-640-650-litri","7":"product_shipping_class-containers-lv","9":"first","10":"onbackorder","11":"taxable","12":"shipping-taxable","13":"purchasable","14":"product-type-simple"},"yoast_head":"<!-- This site is optimized with the Yoast SEO plugin v26.9 - https:\/\/yoast.com\/product\/yoast-seo-wordpress\/ -->\n<title>Atkritumu konteiners 1000L - IBC konteineri m&uuml;&uuml;k, vaadid, kraanid, mahutid<\/title>\n<meta name=\"description\" content=\"Tvertne (IBC) 1000 litri B. B\u016bvmateri\u0101lu uzglab\u0101\u0161ana un transport\u0113\u0161ana. Smiltis, \u0161\u0137embas, grants, cements. B\u016bvgru\u017ei un atkritumi.\" \/>\n<meta name=\"robots\" content=\"index, follow, max-snippet:-1, max-image-preview:large, max-video-preview:-1\" \/>\n<link rel=\"canonical\" href=\"https:\/\/ibc.ee\/lv\/product\/atkritumu-konteiners-1000l\/\" \/>\n<meta property=\"og:locale\" content=\"lv_LV\" \/>\n<meta property=\"og:type\" content=\"article\" \/>\n<meta property=\"og:title\" content=\"Atkritumu konteiners 1000L - IBC konteineri m&uuml;&uuml;k, vaadid, kraanid, mahutid\" \/>\n<meta property=\"og:description\" content=\"Tvertne (IBC) 1000 litri B. B\u016bvmateri\u0101lu uzglab\u0101\u0161ana un transport\u0113\u0161ana. Smiltis, \u0161\u0137embas, grants, cements. B\u016bvgru\u017ei un atkritumi.\" \/>\n<meta property=\"og:url\" content=\"https:\/\/ibc.ee\/lv\/product\/atkritumu-konteiners-1000l\/\" \/>\n<meta property=\"og:site_name\" content=\"IBC konteineri m&uuml;&uuml;k, vaadid, kraanid, mahutid\" \/>\n<meta property=\"article:modified_time\" content=\"2025-06-26T16:38:50+00:00\" \/>\n<meta property=\"og:image\" content=\"https:\/\/ibc.ee\/wp-content\/uploads\/2024\/08\/Prugi_mahuti_1000L_IBC.ee_.jpg\" \/>\n\t<meta property=\"og:image:width\" content=\"1000\" \/>\n\t<meta property=\"og:image:height\" content=\"1000\" \/>\n\t<meta property=\"og:image:type\" content=\"image\/jpeg\" \/>\n<meta name=\"twitter:card\" content=\"summary_large_image\" \/>\n<meta name=\"twitter:label1\" content=\"Est. reading time\" \/>\n\t<meta name=\"twitter:data1\" content=\"1 minute\" \/>\n<script type=\"application\/ld+json\" class=\"yoast-schema-graph\">{\"@context\":\"https:\/\/schema.org\",\"@graph\":[{\"@type\":\"WebPage\",\"@id\":\"https:\/\/ibc.ee\/lv\/product\/atkritumu-konteiners-1000l\/\",\"url\":\"https:\/\/ibc.ee\/lv\/product\/atkritumu-konteiners-1000l\/\",\"name\":\"Atkritumu konteiners 1000L - IBC konteineri m&uuml;&uuml;k, vaadid, kraanid, mahutid\",\"isPartOf\":{\"@id\":\"https:\/\/www.ibc.ee\/lv\/#website\"},\"primaryImageOfPage\":{\"@id\":\"https:\/\/ibc.ee\/lv\/product\/atkritumu-konteiners-1000l\/#primaryimage\"},\"image\":{\"@id\":\"https:\/\/ibc.ee\/lv\/product\/atkritumu-konteiners-1000l\/#primaryimage\"},\"thumbnailUrl\":\"https:\/\/ibc.ee\/wp-content\/uploads\/2024\/08\/Prugi_mahuti_1000L_IBC.ee_.jpg\",\"datePublished\":\"2024-08-07T17:33:16+00:00\",\"dateModified\":\"2025-06-26T16:38:50+00:00\",\"description\":\"Tvertne (IBC) 1000 litri B. B\u016bvmateri\u0101lu uzglab\u0101\u0161ana un transport\u0113\u0161ana. Smiltis, \u0161\u0137embas, grants, cements. B\u016bvgru\u017ei un atkritumi.\",\"breadcrumb\":{\"@id\":\"https:\/\/ibc.ee\/lv\/product\/atkritumu-konteiners-1000l\/#breadcrumb\"},\"inLanguage\":\"lv-LV\",\"potentialAction\":[{\"@type\":\"ReadAction\",\"target\":[\"https:\/\/ibc.ee\/lv\/product\/atkritumu-konteiners-1000l\/\"]}]},{\"@type\":\"ImageObject\",\"inLanguage\":\"lv-LV\",\"@id\":\"https:\/\/ibc.ee\/lv\/product\/atkritumu-konteiners-1000l\/#primaryimage\",\"url\":\"https:\/\/ibc.ee\/wp-content\/uploads\/2024\/08\/Prugi_mahuti_1000L_IBC.ee_.jpg\",\"contentUrl\":\"https:\/\/ibc.ee\/wp-content\/uploads\/2024\/08\/Prugi_mahuti_1000L_IBC.ee_.jpg\",\"width\":1000,\"height\":1000},{\"@type\":\"BreadcrumbList\",\"@id\":\"https:\/\/ibc.ee\/lv\/product\/atkritumu-konteiners-1000l\/#breadcrumb\",\"itemListElement\":[{\"@type\":\"ListItem\",\"position\":1,\"name\":\"\u0413\u043b\u0430\u0432\u043d\u0430\u044f \u0441\u0442\u0440\u0430\u043d\u0438\u0446\u0430\",\"item\":\"https:\/\/www.ibc.ee\/lv\/\"},{\"@type\":\"ListItem\",\"position\":2,\"name\":\"Veikals\",\"item\":\"https:\/\/www.ibc.ee\/lv\/shop\/\"},{\"@type\":\"ListItem\",\"position\":3,\"name\":\"Atkritumu konteiners 1000L\"}]},{\"@type\":\"WebSite\",\"@id\":\"https:\/\/www.ibc.ee\/lv\/#website\",\"url\":\"https:\/\/www.ibc.ee\/lv\/\",\"name\":\"IBC konteineri m&uuml;&uuml;k, vaadid, kraanid, mahutid\",\"description\":\"IBC - Tank container valve, Adapters\\\\fittings, Intermediate bulk, container, Drums\/cans\",\"potentialAction\":[{\"@type\":\"SearchAction\",\"target\":{\"@type\":\"EntryPoint\",\"urlTemplate\":\"https:\/\/www.ibc.ee\/lv\/?s={search_term_string}\"},\"query-input\":{\"@type\":\"PropertyValueSpecification\",\"valueRequired\":true,\"valueName\":\"search_term_string\"}}],\"inLanguage\":\"lv-LV\"}]}<\/script>\n<!-- \/ Yoast SEO plugin. -->","yoast_head_json":{"title":"Atkritumu konteiners 1000L - IBC konteineri m&uuml;&uuml;k, vaadid, kraanid, mahutid","description":"Tvertne (IBC) 1000 litri B. B\u016bvmateri\u0101lu uzglab\u0101\u0161ana un transport\u0113\u0161ana. Smiltis, \u0161\u0137embas, grants, cements. B\u016bvgru\u017ei un atkritumi.","robots":{"index":"index","follow":"follow","max-snippet":"max-snippet:-1","max-image-preview":"max-image-preview:large","max-video-preview":"max-video-preview:-1"},"canonical":"https:\/\/ibc.ee\/lv\/product\/atkritumu-konteiners-1000l\/","og_locale":"lv_LV","og_type":"article","og_title":"Atkritumu konteiners 1000L - IBC konteineri m&uuml;&uuml;k, vaadid, kraanid, mahutid","og_description":"Tvertne (IBC) 1000 litri B. B\u016bvmateri\u0101lu uzglab\u0101\u0161ana un transport\u0113\u0161ana. Smiltis, \u0161\u0137embas, grants, cements. B\u016bvgru\u017ei un atkritumi.","og_url":"https:\/\/ibc.ee\/lv\/product\/atkritumu-konteiners-1000l\/","og_site_name":"IBC konteineri m&uuml;&uuml;k, vaadid, kraanid, mahutid","article_modified_time":"2025-06-26T16:38:50+00:00","og_image":[{"width":1000,"height":1000,"url":"https:\/\/ibc.ee\/wp-content\/uploads\/2024\/08\/Prugi_mahuti_1000L_IBC.ee_.jpg","type":"image\/jpeg"}],"twitter_card":"summary_large_image","twitter_misc":{"Est. reading time":"1 minute"},"schema":{"@context":"https:\/\/schema.org","@graph":[{"@type":"WebPage","@id":"https:\/\/ibc.ee\/lv\/product\/atkritumu-konteiners-1000l\/","url":"https:\/\/ibc.ee\/lv\/product\/atkritumu-konteiners-1000l\/","name":"Atkritumu konteiners 1000L - IBC konteineri m&uuml;&uuml;k, vaadid, kraanid, mahutid","isPartOf":{"@id":"https:\/\/www.ibc.ee\/lv\/#website"},"primaryImageOfPage":{"@id":"https:\/\/ibc.ee\/lv\/product\/atkritumu-konteiners-1000l\/#primaryimage"},"image":{"@id":"https:\/\/ibc.ee\/lv\/product\/atkritumu-konteiners-1000l\/#primaryimage"},"thumbnailUrl":"https:\/\/ibc.ee\/wp-content\/uploads\/2024\/08\/Prugi_mahuti_1000L_IBC.ee_.jpg","datePublished":"2024-08-07T17:33:16+00:00","dateModified":"2025-06-26T16:38:50+00:00","description":"Tvertne (IBC) 1000 litri B. B\u016bvmateri\u0101lu uzglab\u0101\u0161ana un transport\u0113\u0161ana. Smiltis, \u0161\u0137embas, grants, cements. B\u016bvgru\u017ei un atkritumi.","breadcrumb":{"@id":"https:\/\/ibc.ee\/lv\/product\/atkritumu-konteiners-1000l\/#breadcrumb"},"inLanguage":"lv-LV","potentialAction":[{"@type":"ReadAction","target":["https:\/\/ibc.ee\/lv\/product\/atkritumu-konteiners-1000l\/"]}]},{"@type":"ImageObject","inLanguage":"lv-LV","@id":"https:\/\/ibc.ee\/lv\/product\/atkritumu-konteiners-1000l\/#primaryimage","url":"https:\/\/ibc.ee\/wp-content\/uploads\/2024\/08\/Prugi_mahuti_1000L_IBC.ee_.jpg","contentUrl":"https:\/\/ibc.ee\/wp-content\/uploads\/2024\/08\/Prugi_mahuti_1000L_IBC.ee_.jpg","width":1000,"height":1000},{"@type":"BreadcrumbList","@id":"https:\/\/ibc.ee\/lv\/product\/atkritumu-konteiners-1000l\/#breadcrumb","itemListElement":[{"@type":"ListItem","position":1,"name":"\u0413\u043b\u0430\u0432\u043d\u0430\u044f \u0441\u0442\u0440\u0430\u043d\u0438\u0446\u0430","item":"https:\/\/www.ibc.ee\/lv\/"},{"@type":"ListItem","position":2,"name":"Veikals","item":"https:\/\/www.ibc.ee\/lv\/shop\/"},{"@type":"ListItem","position":3,"name":"Atkritumu konteiners 1000L"}]},{"@type":"WebSite","@id":"https:\/\/www.ibc.ee\/lv\/#website","url":"https:\/\/www.ibc.ee\/lv\/","name":"IBC konteineri m&uuml;&uuml;k, vaadid, kraanid, mahutid","description":"IBC - Tank container valve, Adapters\\fittings, Intermediate bulk, container, Drums\/cans","potentialAction":[{"@type":"SearchAction","target":{"@type":"EntryPoint","urlTemplate":"https:\/\/www.ibc.ee\/lv\/?s={search_term_string}"},"query-input":{"@type":"PropertyValueSpecification","valueRequired":true,"valueName":"search_term_string"}}],"inLanguage":"lv-LV"}]}},"_links":{"self":[{"href":"https:\/\/ibc.ee\/lv\/wp-json\/wp\/v2\/product\/22288","targetHints":{"allow":["GET"]}}],"collection":[{"href":"https:\/\/ibc.ee\/lv\/wp-json\/wp\/v2\/product"}],"about":[{"href":"https:\/\/ibc.ee\/lv\/wp-json\/wp\/v2\/types\/product"}],"wp:featuredmedia":[{"embeddable":true,"href":"https:\/\/ibc.ee\/lv\/wp-json\/wp\/v2\/media\/22294"}],"wp:attachment":[{"href":"https:\/\/ibc.ee\/lv\/wp-json\/wp\/v2\/media?parent=22288"}],"wp:term":[{"taxonomy":"product_brand","embeddable":true,"href":"https:\/\/ibc.ee\/lv\/wp-json\/wp\/v2\/product_brand?post=22288"},{"taxonomy":"product_cat","embeddable":true,"href":"https:\/\/ibc.ee\/lv\/wp-json\/wp\/v2\/product_cat?post=22288"},{"taxonomy":"product_tag","embeddable":true,"href":"https:\/\/ibc.ee\/lv\/wp-json\/wp\/v2\/product_tag?post=22288"}],"curies":[{"name":"wp","href":"https:\/\/api.w.org\/{rel}","templated":true}]}}