{"id":24043,"date":"2025-07-02T09:45:59","date_gmt":"2025-07-02T07:46:00","guid":{"rendered":"https:\/\/ibc.ee\/?post_type=product&#038;p=24043"},"modified":"2025-07-02T13:41:11","modified_gmt":"2025-07-02T11:41:11","slug":"tukss-cinkota-terauda-buris-steelcage-ibc-1000","status":"publish","type":"product","link":"https:\/\/ibc.ee\/lv\/product\/tukss-cinkota-terauda-buris-steelcage-ibc-1000\/","title":{"rendered":"Tuk\u0161s cinkota t\u0113rauda b\u016bris SteelCage IBC 1000"},"content":{"rendered":"<p><strong>\u0160ie 1000 litru IBC b\u016bri ir ide\u0101li piem\u0113roti:<\/strong><br \/>\n&#8211; IBC ielikt\u0146iem<br \/>\n&#8211; Malkas plauktiem\/ba\u013c\u0137u glab\u0101\u0161anai<br \/>\n&#8211; Riepu plauktiem\/rite\u0146u glab\u0101\u0161anai<br \/>\n&#8211; B\u016bvniec\u012bbas atkritumu tvertn\u0113m<br \/>\n&#8211; Siena vai salmu glab\u0101\u0161anai<br \/>\n&#8211; \u0100ra m\u0113be\u013cu r\u0101mim<br \/>\n&#8211; Vertik\u0101lam d\u0101rza r\u0101mim<\/p>\n<p>B\u016bra ietilp\u012bba ir 1000 litri jeb kubikmetrs. \u0100r\u0113jie izm\u0113ri ir aptuveni 1200 mm augsts, 1200 mm plats un 1000 mm dzi\u013c\u0161. <\/p>\n","protected":false},"excerpt":{"rendered":"<p>Tuk\u0161s cinkota t\u0113rauda IBC b\u016bris ar iztur\u012bgu piln\u012bb\u0101 met\u0101la kompoz\u012btmateri\u0101la t\u0113rauda pamatnes paleti. Var izmantot daudziem uzglab\u0101\u0161anas un transport\u0113\u0161anas risin\u0101jumiem uz vietas. Lieliski piem\u0113rots produktu integrit\u0101tes un dro\u0161\u012bbas saglab\u0101\u0161anai. Piem\u0113rots boj\u0101tu r\u0101mju nomai\u0146ai vai modul\u0101ru uzglab\u0101\u0161anas vien\u012bbu mont\u0101\u017eai. Savietojams ar standarta IBC ielikt\u0146iem.    <\/p>\n","protected":false},"featured_media":24050,"template":"","meta":[],"product_brand":[],"product_cat":[315],"product_tag":[],"class_list":{"0":"post-24043","1":"product","2":"type-product","3":"status-publish","4":"has-post-thumbnail","6":"product_cat-starppaterina-konteiners-beztaras-ibc-1000-litri","7":"product_shipping_class-containers-lv","9":"first","10":"instock","11":"taxable","12":"shipping-taxable","13":"purchasable","14":"product-type-simple"},"yoast_head":"<!-- This site is optimized with the Yoast SEO plugin v26.9 - https:\/\/yoast.com\/product\/yoast-seo-wordpress\/ -->\n<title>Tuk\u0161s cinkota t\u0113rauda b\u016bris SteelCage IBC 1000 - IBC konteineri m&uuml;&uuml;k, vaadid, kraanid, mahutid<\/title>\n<meta name=\"description\" content=\"Cinkota t\u0113rauda b\u016bris ar iztur\u012bgu piln\u012bb\u0101 met\u0101la kompoz\u012btmateri\u0101la t\u0113rauda pamatnes paleti SteelCage IBC 1000. Savietojams ar standarta IBC ielikt\u0146iem.\" \/>\n<meta name=\"robots\" content=\"index, follow, max-snippet:-1, max-image-preview:large, max-video-preview:-1\" \/>\n<link rel=\"canonical\" href=\"https:\/\/ibc.ee\/lv\/product\/tukss-cinkota-terauda-buris-steelcage-ibc-1000\/\" \/>\n<meta property=\"og:locale\" content=\"lv_LV\" \/>\n<meta property=\"og:type\" content=\"article\" \/>\n<meta property=\"og:title\" content=\"Tuk\u0161s cinkota t\u0113rauda b\u016bris SteelCage IBC 1000 - IBC konteineri m&uuml;&uuml;k, vaadid, kraanid, mahutid\" \/>\n<meta property=\"og:description\" content=\"Cinkota t\u0113rauda b\u016bris ar iztur\u012bgu piln\u012bb\u0101 met\u0101la kompoz\u012btmateri\u0101la t\u0113rauda pamatnes paleti SteelCage IBC 1000. Savietojams ar standarta IBC ielikt\u0146iem.\" \/>\n<meta property=\"og:url\" content=\"https:\/\/ibc.ee\/lv\/product\/tukss-cinkota-terauda-buris-steelcage-ibc-1000\/\" \/>\n<meta property=\"og:site_name\" content=\"IBC konteineri m&uuml;&uuml;k, vaadid, kraanid, mahutid\" \/>\n<meta property=\"article:modified_time\" content=\"2025-07-02T11:41:11+00:00\" \/>\n<meta property=\"og:image\" content=\"https:\/\/ibc.ee\/wp-content\/uploads\/2025\/07\/Tsingitud-terasest-puur-SteelCage-IBC-1000.jpg\" \/>\n\t<meta property=\"og:image:width\" content=\"1000\" \/>\n\t<meta property=\"og:image:height\" content=\"1000\" \/>\n\t<meta property=\"og:image:type\" content=\"image\/jpeg\" \/>\n<meta name=\"twitter:card\" content=\"summary_large_image\" \/>\n<meta name=\"twitter:label1\" content=\"Est. reading time\" \/>\n\t<meta name=\"twitter:data1\" content=\"1 minute\" \/>\n<script type=\"application\/ld+json\" class=\"yoast-schema-graph\">{\"@context\":\"https:\/\/schema.org\",\"@graph\":[{\"@type\":\"WebPage\",\"@id\":\"https:\/\/ibc.ee\/lv\/product\/tukss-cinkota-terauda-buris-steelcage-ibc-1000\/\",\"url\":\"https:\/\/ibc.ee\/lv\/product\/tukss-cinkota-terauda-buris-steelcage-ibc-1000\/\",\"name\":\"Tuk\u0161s cinkota t\u0113rauda b\u016bris SteelCage IBC 1000 - IBC konteineri m&uuml;&uuml;k, vaadid, kraanid, mahutid\",\"isPartOf\":{\"@id\":\"https:\/\/www.ibc.ee\/lv\/#website\"},\"primaryImageOfPage\":{\"@id\":\"https:\/\/ibc.ee\/lv\/product\/tukss-cinkota-terauda-buris-steelcage-ibc-1000\/#primaryimage\"},\"image\":{\"@id\":\"https:\/\/ibc.ee\/lv\/product\/tukss-cinkota-terauda-buris-steelcage-ibc-1000\/#primaryimage\"},\"thumbnailUrl\":\"https:\/\/ibc.ee\/wp-content\/uploads\/2025\/07\/Tsingitud-terasest-puur-SteelCage-IBC-1000.jpg\",\"datePublished\":\"2025-07-02T07:46:00+00:00\",\"dateModified\":\"2025-07-02T11:41:11+00:00\",\"description\":\"Cinkota t\u0113rauda b\u016bris ar iztur\u012bgu piln\u012bb\u0101 met\u0101la kompoz\u012btmateri\u0101la t\u0113rauda pamatnes paleti SteelCage IBC 1000. Savietojams ar standarta IBC ielikt\u0146iem.\",\"breadcrumb\":{\"@id\":\"https:\/\/ibc.ee\/lv\/product\/tukss-cinkota-terauda-buris-steelcage-ibc-1000\/#breadcrumb\"},\"inLanguage\":\"lv-LV\",\"potentialAction\":[{\"@type\":\"ReadAction\",\"target\":[\"https:\/\/ibc.ee\/lv\/product\/tukss-cinkota-terauda-buris-steelcage-ibc-1000\/\"]}]},{\"@type\":\"ImageObject\",\"inLanguage\":\"lv-LV\",\"@id\":\"https:\/\/ibc.ee\/lv\/product\/tukss-cinkota-terauda-buris-steelcage-ibc-1000\/#primaryimage\",\"url\":\"https:\/\/ibc.ee\/wp-content\/uploads\/2025\/07\/Tsingitud-terasest-puur-SteelCage-IBC-1000.jpg\",\"contentUrl\":\"https:\/\/ibc.ee\/wp-content\/uploads\/2025\/07\/Tsingitud-terasest-puur-SteelCage-IBC-1000.jpg\",\"width\":1000,\"height\":1000,\"caption\":\"Empty galvanised steel cage SteelCage IBC 1000\"},{\"@type\":\"BreadcrumbList\",\"@id\":\"https:\/\/ibc.ee\/lv\/product\/tukss-cinkota-terauda-buris-steelcage-ibc-1000\/#breadcrumb\",\"itemListElement\":[{\"@type\":\"ListItem\",\"position\":1,\"name\":\"\u0413\u043b\u0430\u0432\u043d\u0430\u044f \u0441\u0442\u0440\u0430\u043d\u0438\u0446\u0430\",\"item\":\"https:\/\/www.ibc.ee\/lv\/\"},{\"@type\":\"ListItem\",\"position\":2,\"name\":\"Veikals\",\"item\":\"https:\/\/www.ibc.ee\/lv\/shop\/\"},{\"@type\":\"ListItem\",\"position\":3,\"name\":\"Tuk\u0161s cinkota t\u0113rauda b\u016bris SteelCage IBC 1000\"}]},{\"@type\":\"WebSite\",\"@id\":\"https:\/\/www.ibc.ee\/lv\/#website\",\"url\":\"https:\/\/www.ibc.ee\/lv\/\",\"name\":\"IBC konteineri m&uuml;&uuml;k, vaadid, kraanid, mahutid\",\"description\":\"IBC - Tank container valve, Adapters\\\\fittings, Intermediate bulk, container, Drums\/cans\",\"potentialAction\":[{\"@type\":\"SearchAction\",\"target\":{\"@type\":\"EntryPoint\",\"urlTemplate\":\"https:\/\/www.ibc.ee\/lv\/?s={search_term_string}\"},\"query-input\":{\"@type\":\"PropertyValueSpecification\",\"valueRequired\":true,\"valueName\":\"search_term_string\"}}],\"inLanguage\":\"lv-LV\"}]}<\/script>\n<!-- \/ Yoast SEO plugin. -->","yoast_head_json":{"title":"Tuk\u0161s cinkota t\u0113rauda b\u016bris SteelCage IBC 1000 - IBC konteineri m&uuml;&uuml;k, vaadid, kraanid, mahutid","description":"Cinkota t\u0113rauda b\u016bris ar iztur\u012bgu piln\u012bb\u0101 met\u0101la kompoz\u012btmateri\u0101la t\u0113rauda pamatnes paleti SteelCage IBC 1000. Savietojams ar standarta IBC ielikt\u0146iem.","robots":{"index":"index","follow":"follow","max-snippet":"max-snippet:-1","max-image-preview":"max-image-preview:large","max-video-preview":"max-video-preview:-1"},"canonical":"https:\/\/ibc.ee\/lv\/product\/tukss-cinkota-terauda-buris-steelcage-ibc-1000\/","og_locale":"lv_LV","og_type":"article","og_title":"Tuk\u0161s cinkota t\u0113rauda b\u016bris SteelCage IBC 1000 - IBC konteineri m&uuml;&uuml;k, vaadid, kraanid, mahutid","og_description":"Cinkota t\u0113rauda b\u016bris ar iztur\u012bgu piln\u012bb\u0101 met\u0101la kompoz\u012btmateri\u0101la t\u0113rauda pamatnes paleti SteelCage IBC 1000. Savietojams ar standarta IBC ielikt\u0146iem.","og_url":"https:\/\/ibc.ee\/lv\/product\/tukss-cinkota-terauda-buris-steelcage-ibc-1000\/","og_site_name":"IBC konteineri m&uuml;&uuml;k, vaadid, kraanid, mahutid","article_modified_time":"2025-07-02T11:41:11+00:00","og_image":[{"width":1000,"height":1000,"url":"https:\/\/ibc.ee\/wp-content\/uploads\/2025\/07\/Tsingitud-terasest-puur-SteelCage-IBC-1000.jpg","type":"image\/jpeg"}],"twitter_card":"summary_large_image","twitter_misc":{"Est. reading time":"1 minute"},"schema":{"@context":"https:\/\/schema.org","@graph":[{"@type":"WebPage","@id":"https:\/\/ibc.ee\/lv\/product\/tukss-cinkota-terauda-buris-steelcage-ibc-1000\/","url":"https:\/\/ibc.ee\/lv\/product\/tukss-cinkota-terauda-buris-steelcage-ibc-1000\/","name":"Tuk\u0161s cinkota t\u0113rauda b\u016bris SteelCage IBC 1000 - IBC konteineri m&uuml;&uuml;k, vaadid, kraanid, mahutid","isPartOf":{"@id":"https:\/\/www.ibc.ee\/lv\/#website"},"primaryImageOfPage":{"@id":"https:\/\/ibc.ee\/lv\/product\/tukss-cinkota-terauda-buris-steelcage-ibc-1000\/#primaryimage"},"image":{"@id":"https:\/\/ibc.ee\/lv\/product\/tukss-cinkota-terauda-buris-steelcage-ibc-1000\/#primaryimage"},"thumbnailUrl":"https:\/\/ibc.ee\/wp-content\/uploads\/2025\/07\/Tsingitud-terasest-puur-SteelCage-IBC-1000.jpg","datePublished":"2025-07-02T07:46:00+00:00","dateModified":"2025-07-02T11:41:11+00:00","description":"Cinkota t\u0113rauda b\u016bris ar iztur\u012bgu piln\u012bb\u0101 met\u0101la kompoz\u012btmateri\u0101la t\u0113rauda pamatnes paleti SteelCage IBC 1000. Savietojams ar standarta IBC ielikt\u0146iem.","breadcrumb":{"@id":"https:\/\/ibc.ee\/lv\/product\/tukss-cinkota-terauda-buris-steelcage-ibc-1000\/#breadcrumb"},"inLanguage":"lv-LV","potentialAction":[{"@type":"ReadAction","target":["https:\/\/ibc.ee\/lv\/product\/tukss-cinkota-terauda-buris-steelcage-ibc-1000\/"]}]},{"@type":"ImageObject","inLanguage":"lv-LV","@id":"https:\/\/ibc.ee\/lv\/product\/tukss-cinkota-terauda-buris-steelcage-ibc-1000\/#primaryimage","url":"https:\/\/ibc.ee\/wp-content\/uploads\/2025\/07\/Tsingitud-terasest-puur-SteelCage-IBC-1000.jpg","contentUrl":"https:\/\/ibc.ee\/wp-content\/uploads\/2025\/07\/Tsingitud-terasest-puur-SteelCage-IBC-1000.jpg","width":1000,"height":1000,"caption":"Empty galvanised steel cage SteelCage IBC 1000"},{"@type":"BreadcrumbList","@id":"https:\/\/ibc.ee\/lv\/product\/tukss-cinkota-terauda-buris-steelcage-ibc-1000\/#breadcrumb","itemListElement":[{"@type":"ListItem","position":1,"name":"\u0413\u043b\u0430\u0432\u043d\u0430\u044f \u0441\u0442\u0440\u0430\u043d\u0438\u0446\u0430","item":"https:\/\/www.ibc.ee\/lv\/"},{"@type":"ListItem","position":2,"name":"Veikals","item":"https:\/\/www.ibc.ee\/lv\/shop\/"},{"@type":"ListItem","position":3,"name":"Tuk\u0161s cinkota t\u0113rauda b\u016bris SteelCage IBC 1000"}]},{"@type":"WebSite","@id":"https:\/\/www.ibc.ee\/lv\/#website","url":"https:\/\/www.ibc.ee\/lv\/","name":"IBC konteineri m&uuml;&uuml;k, vaadid, kraanid, mahutid","description":"IBC - Tank container valve, Adapters\\fittings, Intermediate bulk, container, Drums\/cans","potentialAction":[{"@type":"SearchAction","target":{"@type":"EntryPoint","urlTemplate":"https:\/\/www.ibc.ee\/lv\/?s={search_term_string}"},"query-input":{"@type":"PropertyValueSpecification","valueRequired":true,"valueName":"search_term_string"}}],"inLanguage":"lv-LV"}]}},"_links":{"self":[{"href":"https:\/\/ibc.ee\/lv\/wp-json\/wp\/v2\/product\/24043","targetHints":{"allow":["GET"]}}],"collection":[{"href":"https:\/\/ibc.ee\/lv\/wp-json\/wp\/v2\/product"}],"about":[{"href":"https:\/\/ibc.ee\/lv\/wp-json\/wp\/v2\/types\/product"}],"wp:featuredmedia":[{"embeddable":true,"href":"https:\/\/ibc.ee\/lv\/wp-json\/wp\/v2\/media\/24050"}],"wp:attachment":[{"href":"https:\/\/ibc.ee\/lv\/wp-json\/wp\/v2\/media?parent=24043"}],"wp:term":[{"taxonomy":"product_brand","embeddable":true,"href":"https:\/\/ibc.ee\/lv\/wp-json\/wp\/v2\/product_brand?post=24043"},{"taxonomy":"product_cat","embeddable":true,"href":"https:\/\/ibc.ee\/lv\/wp-json\/wp\/v2\/product_cat?post=24043"},{"taxonomy":"product_tag","embeddable":true,"href":"https:\/\/ibc.ee\/lv\/wp-json\/wp\/v2\/product_tag?post=24043"}],"curies":[{"name":"wp","href":"https:\/\/api.w.org\/{rel}","templated":true}]}}