{"id":24063,"date":"2025-07-02T12:31:07","date_gmt":"2025-07-02T10:31:08","guid":{"rendered":"https:\/\/ibc.ee\/?post_type=product&#038;p=24063"},"modified":"2025-07-02T14:09:59","modified_gmt":"2025-07-02T12:09:59","slug":"budzeta-ibc-ieksejais-konteiners-draininner-ibc-1000","status":"publish","type":"product","link":"https:\/\/ibc.ee\/lv\/product\/budzeta-ibc-ieksejais-konteiners-draininner-ibc-1000\/","title":{"rendered":"Bud\u017eeta IBC iek\u0161\u0113jais konteiners DrainInner IBC 1000"},"content":{"rendered":"<p><strong>\u0160\u012bs IBC iek\u0161\u0113j\u0101s tvertnes ir ide\u0101li piem\u0113rotas:<\/strong><br \/>\n&#8211; Lietus \u016bdens sav\u0101k\u0161anai (ar atbilsto\u0161u atbalstu)<br \/>\n&#8211; Pagaidu pel\u0113ko \u016bde\u0146u sav\u0101k\u0161anai<br \/>\n&#8211; Lauksaimniec\u012bbas vai b\u016bvlaukuma dren\u0101\u017eai<br \/>\n&#8211; Pa\u0161a darin\u0101t\u0101m pazemes tvertn\u0113m<br \/>\n&#8211; Balasta tvertn\u0113m (izrakt\u0101m vai sl\u0113gt\u0101m)<\/p>\n","protected":false},"excerpt":{"rendered":"<p>Vai mekl\u0113jat pieejamu risin\u0101jumu lietus \u016bdens sav\u0101k\u0161anai, dren\u0101\u017eai vai pel\u0113ko notek\u016bde\u0146u att\u012br\u012b\u0161anai? DrainInner ieliktnis ir vienk\u0101r\u0161s un p\u0113d\u0113jais risin\u0101jums nekritisku \u0161\u0137idrumu uzglab\u0101\u0161anai. \u0160is ir lietots iek\u0161\u0113jais konteiners no 1000 litru IBC konteineriem, kas vairs netiek izmantoti \u0137\u012bmisk\u0101m viel\u0101m. S\u0101kotn\u0113jais v\u0101rsts vairs nedarbojas \u2013 tas ir aizz\u012bmogots dro\u0161\u012bbas apsv\u0113rumu d\u0113\u013c. Nav r\u0101mja, nav sertifik\u0101tu \u2013 tikai plastmasas apvalks, kas ir gatavs kalpot savam gal\u012bgajam m\u0113r\u0137im.     <\/p>\n<p><strong>\u0160is ir tikai iek\u0161\u0113jais konteiners (ieliktnis) \u2014 nav ne korpusa, ne dibena.<\/strong><\/p>\n<p>To nevar izmantot atkl\u0101t\u0101 veid\u0101 \u0161\u0137idrumu apstr\u0101dei \u2014 tas nav pa\u0161balsto\u0161s.<\/p>\n<p>Uzst\u0101d\u012bts t\u0113rauda b\u016br\u012b, koka kast\u0113 vai da\u013c\u0113ji aprakts zem\u0113, lai saglab\u0101tu formu un nov\u0113rstu apg\u0101\u0161anos.<\/p>\n<p>Nav piem\u0113rots dzeramajam \u016bdenim, p\u0101rtikai vai spiediena sist\u0113m\u0101m. Apak\u0161\u0113jais v\u0101rsts ir aizv\u0113rts \u2014 uzpild\u012b\u0161ana un iztuk\u0161o\u0161ana j\u0101veic tikai caur aug\u0161\u0113jo v\u0101ku (ar s\u016bkni).  <\/p>\n","protected":false},"featured_media":24079,"template":"","meta":[],"product_brand":[],"product_cat":[315],"product_tag":[],"class_list":{"0":"post-24063","1":"product","2":"type-product","3":"status-publish","4":"has-post-thumbnail","6":"product_cat-starppaterina-konteiners-beztaras-ibc-1000-litri","7":"product_shipping_class-containers-lv","9":"first","10":"instock","11":"taxable","12":"shipping-taxable","13":"purchasable","14":"product-type-simple"},"yoast_head":"<!-- This site is optimized with the Yoast SEO plugin v26.9 - https:\/\/yoast.com\/product\/yoast-seo-wordpress\/ -->\n<title>Bud\u017eeta IBC iek\u0161\u0113jais konteiners DrainInner IBC 1000 - IBC konteineri m&uuml;&uuml;k, vaadid, kraanid, mahutid<\/title>\n<meta name=\"description\" content=\"Pieejama tvertne lietus \u016bdens sav\u0101k\u0161anai, dren\u0101\u017eai vai pel\u0113ko notek\u016bde\u0146u att\u012br\u012b\u0161anai. \u0160\u012b ir lietota iek\u0161\u0113j\u0101 tvertne no 1000 litru IBC konteineriem, kas vairs netiek izmantoti \u0137\u012bmisk\u0101m viel\u0101m.\" \/>\n<meta name=\"robots\" content=\"index, follow, max-snippet:-1, max-image-preview:large, max-video-preview:-1\" \/>\n<link rel=\"canonical\" href=\"https:\/\/ibc.ee\/lv\/product\/budzeta-ibc-ieksejais-konteiners-draininner-ibc-1000\/\" \/>\n<meta property=\"og:locale\" content=\"lv_LV\" \/>\n<meta property=\"og:type\" content=\"article\" \/>\n<meta property=\"og:title\" content=\"Bud\u017eeta IBC iek\u0161\u0113jais konteiners DrainInner IBC 1000 - IBC konteineri m&uuml;&uuml;k, vaadid, kraanid, mahutid\" \/>\n<meta property=\"og:description\" content=\"Pieejama tvertne lietus \u016bdens sav\u0101k\u0161anai, dren\u0101\u017eai vai pel\u0113ko notek\u016bde\u0146u att\u012br\u012b\u0161anai. \u0160\u012b ir lietota iek\u0161\u0113j\u0101 tvertne no 1000 litru IBC konteineriem, kas vairs netiek izmantoti \u0137\u012bmisk\u0101m viel\u0101m.\" \/>\n<meta property=\"og:url\" content=\"https:\/\/ibc.ee\/lv\/product\/budzeta-ibc-ieksejais-konteiners-draininner-ibc-1000\/\" \/>\n<meta property=\"og:site_name\" content=\"IBC konteineri m&uuml;&uuml;k, vaadid, kraanid, mahutid\" \/>\n<meta property=\"article:modified_time\" content=\"2025-07-02T12:09:59+00:00\" \/>\n<meta property=\"og:image\" content=\"https:\/\/ibc.ee\/wp-content\/uploads\/2025\/07\/Budget-IBC-inner-container-DrainInner-IBC-1000.jpg\" \/>\n\t<meta property=\"og:image:width\" content=\"1000\" \/>\n\t<meta property=\"og:image:height\" content=\"1000\" \/>\n\t<meta property=\"og:image:type\" content=\"image\/jpeg\" \/>\n<meta name=\"twitter:card\" content=\"summary_large_image\" \/>\n<meta name=\"twitter:label1\" content=\"Est. reading time\" \/>\n\t<meta name=\"twitter:data1\" content=\"1 minute\" \/>\n<script type=\"application\/ld+json\" class=\"yoast-schema-graph\">{\"@context\":\"https:\/\/schema.org\",\"@graph\":[{\"@type\":\"WebPage\",\"@id\":\"https:\/\/ibc.ee\/lv\/product\/budzeta-ibc-ieksejais-konteiners-draininner-ibc-1000\/\",\"url\":\"https:\/\/ibc.ee\/lv\/product\/budzeta-ibc-ieksejais-konteiners-draininner-ibc-1000\/\",\"name\":\"Bud\u017eeta IBC iek\u0161\u0113jais konteiners DrainInner IBC 1000 - IBC konteineri m&uuml;&uuml;k, vaadid, kraanid, mahutid\",\"isPartOf\":{\"@id\":\"https:\/\/www.ibc.ee\/lv\/#website\"},\"primaryImageOfPage\":{\"@id\":\"https:\/\/ibc.ee\/lv\/product\/budzeta-ibc-ieksejais-konteiners-draininner-ibc-1000\/#primaryimage\"},\"image\":{\"@id\":\"https:\/\/ibc.ee\/lv\/product\/budzeta-ibc-ieksejais-konteiners-draininner-ibc-1000\/#primaryimage\"},\"thumbnailUrl\":\"https:\/\/ibc.ee\/wp-content\/uploads\/2025\/07\/Budget-IBC-inner-container-DrainInner-IBC-1000.jpg\",\"datePublished\":\"2025-07-02T10:31:08+00:00\",\"dateModified\":\"2025-07-02T12:09:59+00:00\",\"description\":\"Pieejama tvertne lietus \u016bdens sav\u0101k\u0161anai, dren\u0101\u017eai vai pel\u0113ko notek\u016bde\u0146u att\u012br\u012b\u0161anai. \u0160\u012b ir lietota iek\u0161\u0113j\u0101 tvertne no 1000 litru IBC konteineriem, kas vairs netiek izmantoti \u0137\u012bmisk\u0101m viel\u0101m.\",\"breadcrumb\":{\"@id\":\"https:\/\/ibc.ee\/lv\/product\/budzeta-ibc-ieksejais-konteiners-draininner-ibc-1000\/#breadcrumb\"},\"inLanguage\":\"lv-LV\",\"potentialAction\":[{\"@type\":\"ReadAction\",\"target\":[\"https:\/\/ibc.ee\/lv\/product\/budzeta-ibc-ieksejais-konteiners-draininner-ibc-1000\/\"]}]},{\"@type\":\"ImageObject\",\"inLanguage\":\"lv-LV\",\"@id\":\"https:\/\/ibc.ee\/lv\/product\/budzeta-ibc-ieksejais-konteiners-draininner-ibc-1000\/#primaryimage\",\"url\":\"https:\/\/ibc.ee\/wp-content\/uploads\/2025\/07\/Budget-IBC-inner-container-DrainInner-IBC-1000.jpg\",\"contentUrl\":\"https:\/\/ibc.ee\/wp-content\/uploads\/2025\/07\/Budget-IBC-inner-container-DrainInner-IBC-1000.jpg\",\"width\":1000,\"height\":1000,\"caption\":\"Budget IBC inner container DrainInner IBC 1000\"},{\"@type\":\"BreadcrumbList\",\"@id\":\"https:\/\/ibc.ee\/lv\/product\/budzeta-ibc-ieksejais-konteiners-draininner-ibc-1000\/#breadcrumb\",\"itemListElement\":[{\"@type\":\"ListItem\",\"position\":1,\"name\":\"\u0413\u043b\u0430\u0432\u043d\u0430\u044f \u0441\u0442\u0440\u0430\u043d\u0438\u0446\u0430\",\"item\":\"https:\/\/www.ibc.ee\/lv\/\"},{\"@type\":\"ListItem\",\"position\":2,\"name\":\"Veikals\",\"item\":\"https:\/\/www.ibc.ee\/lv\/shop\/\"},{\"@type\":\"ListItem\",\"position\":3,\"name\":\"Bud\u017eeta IBC iek\u0161\u0113jais konteiners DrainInner IBC 1000\"}]},{\"@type\":\"WebSite\",\"@id\":\"https:\/\/www.ibc.ee\/lv\/#website\",\"url\":\"https:\/\/www.ibc.ee\/lv\/\",\"name\":\"IBC konteineri m&uuml;&uuml;k, vaadid, kraanid, mahutid\",\"description\":\"IBC - Tank container valve, Adapters\\\\fittings, Intermediate bulk, container, Drums\/cans\",\"potentialAction\":[{\"@type\":\"SearchAction\",\"target\":{\"@type\":\"EntryPoint\",\"urlTemplate\":\"https:\/\/www.ibc.ee\/lv\/?s={search_term_string}\"},\"query-input\":{\"@type\":\"PropertyValueSpecification\",\"valueRequired\":true,\"valueName\":\"search_term_string\"}}],\"inLanguage\":\"lv-LV\"}]}<\/script>\n<!-- \/ Yoast SEO plugin. -->","yoast_head_json":{"title":"Bud\u017eeta IBC iek\u0161\u0113jais konteiners DrainInner IBC 1000 - IBC konteineri m&uuml;&uuml;k, vaadid, kraanid, mahutid","description":"Pieejama tvertne lietus \u016bdens sav\u0101k\u0161anai, dren\u0101\u017eai vai pel\u0113ko notek\u016bde\u0146u att\u012br\u012b\u0161anai. \u0160\u012b ir lietota iek\u0161\u0113j\u0101 tvertne no 1000 litru IBC konteineriem, kas vairs netiek izmantoti \u0137\u012bmisk\u0101m viel\u0101m.","robots":{"index":"index","follow":"follow","max-snippet":"max-snippet:-1","max-image-preview":"max-image-preview:large","max-video-preview":"max-video-preview:-1"},"canonical":"https:\/\/ibc.ee\/lv\/product\/budzeta-ibc-ieksejais-konteiners-draininner-ibc-1000\/","og_locale":"lv_LV","og_type":"article","og_title":"Bud\u017eeta IBC iek\u0161\u0113jais konteiners DrainInner IBC 1000 - IBC konteineri m&uuml;&uuml;k, vaadid, kraanid, mahutid","og_description":"Pieejama tvertne lietus \u016bdens sav\u0101k\u0161anai, dren\u0101\u017eai vai pel\u0113ko notek\u016bde\u0146u att\u012br\u012b\u0161anai. \u0160\u012b ir lietota iek\u0161\u0113j\u0101 tvertne no 1000 litru IBC konteineriem, kas vairs netiek izmantoti \u0137\u012bmisk\u0101m viel\u0101m.","og_url":"https:\/\/ibc.ee\/lv\/product\/budzeta-ibc-ieksejais-konteiners-draininner-ibc-1000\/","og_site_name":"IBC konteineri m&uuml;&uuml;k, vaadid, kraanid, mahutid","article_modified_time":"2025-07-02T12:09:59+00:00","og_image":[{"width":1000,"height":1000,"url":"https:\/\/ibc.ee\/wp-content\/uploads\/2025\/07\/Budget-IBC-inner-container-DrainInner-IBC-1000.jpg","type":"image\/jpeg"}],"twitter_card":"summary_large_image","twitter_misc":{"Est. reading time":"1 minute"},"schema":{"@context":"https:\/\/schema.org","@graph":[{"@type":"WebPage","@id":"https:\/\/ibc.ee\/lv\/product\/budzeta-ibc-ieksejais-konteiners-draininner-ibc-1000\/","url":"https:\/\/ibc.ee\/lv\/product\/budzeta-ibc-ieksejais-konteiners-draininner-ibc-1000\/","name":"Bud\u017eeta IBC iek\u0161\u0113jais konteiners DrainInner IBC 1000 - IBC konteineri m&uuml;&uuml;k, vaadid, kraanid, mahutid","isPartOf":{"@id":"https:\/\/www.ibc.ee\/lv\/#website"},"primaryImageOfPage":{"@id":"https:\/\/ibc.ee\/lv\/product\/budzeta-ibc-ieksejais-konteiners-draininner-ibc-1000\/#primaryimage"},"image":{"@id":"https:\/\/ibc.ee\/lv\/product\/budzeta-ibc-ieksejais-konteiners-draininner-ibc-1000\/#primaryimage"},"thumbnailUrl":"https:\/\/ibc.ee\/wp-content\/uploads\/2025\/07\/Budget-IBC-inner-container-DrainInner-IBC-1000.jpg","datePublished":"2025-07-02T10:31:08+00:00","dateModified":"2025-07-02T12:09:59+00:00","description":"Pieejama tvertne lietus \u016bdens sav\u0101k\u0161anai, dren\u0101\u017eai vai pel\u0113ko notek\u016bde\u0146u att\u012br\u012b\u0161anai. \u0160\u012b ir lietota iek\u0161\u0113j\u0101 tvertne no 1000 litru IBC konteineriem, kas vairs netiek izmantoti \u0137\u012bmisk\u0101m viel\u0101m.","breadcrumb":{"@id":"https:\/\/ibc.ee\/lv\/product\/budzeta-ibc-ieksejais-konteiners-draininner-ibc-1000\/#breadcrumb"},"inLanguage":"lv-LV","potentialAction":[{"@type":"ReadAction","target":["https:\/\/ibc.ee\/lv\/product\/budzeta-ibc-ieksejais-konteiners-draininner-ibc-1000\/"]}]},{"@type":"ImageObject","inLanguage":"lv-LV","@id":"https:\/\/ibc.ee\/lv\/product\/budzeta-ibc-ieksejais-konteiners-draininner-ibc-1000\/#primaryimage","url":"https:\/\/ibc.ee\/wp-content\/uploads\/2025\/07\/Budget-IBC-inner-container-DrainInner-IBC-1000.jpg","contentUrl":"https:\/\/ibc.ee\/wp-content\/uploads\/2025\/07\/Budget-IBC-inner-container-DrainInner-IBC-1000.jpg","width":1000,"height":1000,"caption":"Budget IBC inner container DrainInner IBC 1000"},{"@type":"BreadcrumbList","@id":"https:\/\/ibc.ee\/lv\/product\/budzeta-ibc-ieksejais-konteiners-draininner-ibc-1000\/#breadcrumb","itemListElement":[{"@type":"ListItem","position":1,"name":"\u0413\u043b\u0430\u0432\u043d\u0430\u044f \u0441\u0442\u0440\u0430\u043d\u0438\u0446\u0430","item":"https:\/\/www.ibc.ee\/lv\/"},{"@type":"ListItem","position":2,"name":"Veikals","item":"https:\/\/www.ibc.ee\/lv\/shop\/"},{"@type":"ListItem","position":3,"name":"Bud\u017eeta IBC iek\u0161\u0113jais konteiners DrainInner IBC 1000"}]},{"@type":"WebSite","@id":"https:\/\/www.ibc.ee\/lv\/#website","url":"https:\/\/www.ibc.ee\/lv\/","name":"IBC konteineri m&uuml;&uuml;k, vaadid, kraanid, mahutid","description":"IBC - Tank container valve, Adapters\\fittings, Intermediate bulk, container, Drums\/cans","potentialAction":[{"@type":"SearchAction","target":{"@type":"EntryPoint","urlTemplate":"https:\/\/www.ibc.ee\/lv\/?s={search_term_string}"},"query-input":{"@type":"PropertyValueSpecification","valueRequired":true,"valueName":"search_term_string"}}],"inLanguage":"lv-LV"}]}},"_links":{"self":[{"href":"https:\/\/ibc.ee\/lv\/wp-json\/wp\/v2\/product\/24063","targetHints":{"allow":["GET"]}}],"collection":[{"href":"https:\/\/ibc.ee\/lv\/wp-json\/wp\/v2\/product"}],"about":[{"href":"https:\/\/ibc.ee\/lv\/wp-json\/wp\/v2\/types\/product"}],"wp:featuredmedia":[{"embeddable":true,"href":"https:\/\/ibc.ee\/lv\/wp-json\/wp\/v2\/media\/24079"}],"wp:attachment":[{"href":"https:\/\/ibc.ee\/lv\/wp-json\/wp\/v2\/media?parent=24063"}],"wp:term":[{"taxonomy":"product_brand","embeddable":true,"href":"https:\/\/ibc.ee\/lv\/wp-json\/wp\/v2\/product_brand?post=24063"},{"taxonomy":"product_cat","embeddable":true,"href":"https:\/\/ibc.ee\/lv\/wp-json\/wp\/v2\/product_cat?post=24063"},{"taxonomy":"product_tag","embeddable":true,"href":"https:\/\/ibc.ee\/lv\/wp-json\/wp\/v2\/product_tag?post=24063"}],"curies":[{"name":"wp","href":"https:\/\/api.w.org\/{rel}","templated":true}]}}