{"id":24138,"date":"2025-07-04T09:03:51","date_gmt":"2025-07-04T07:03:52","guid":{"rendered":"https:\/\/ibc.ee\/?post_type=product&#038;p=24138"},"modified":"2025-07-04T09:57:18","modified_gmt":"2025-07-04T07:57:18","slug":"newinner-un-fda-ibc-1000-iekseja-plastmasas-sertificeta-uzglabasanas-tvertne","status":"publish","type":"product","link":"https:\/\/ibc.ee\/lv\/product\/newinner-un-fda-ibc-1000-iekseja-plastmasas-sertificeta-uzglabasanas-tvertne\/","title":{"rendered":"NewInner UN+FDA IBC 1000 iek\u0161\u0113j\u0101 plastmasas sertific\u0113ta uzglab\u0101\u0161anas tvertne"},"content":{"rendered":"<p>Tipiski pielietojumi:<br \/>\n<strong>\u2013 P\u0101rtikas un dz\u0113rienu r\u016bpniec\u012bba<\/strong><br \/>\nDzeramais \u016bdens, s\u012brupi, p\u0101rtikas e\u013c\u013cas, sulas, ra\u017eo\u0161anas sast\u0101vda\u013cas, \u0161\u0137idrie saldin\u0101t\u0101ji<\/p>\n<p><strong>\u2013 Lauksaimniec\u012bba<\/strong><br \/>\nM\u0113slo\u0161anas l\u012bdzek\u013cu \u0161\u0137\u012bdumi, kult\u016braugu piedevas, organiskie ekstrakti, ap\u016bde\u0146o\u0161anas \u0161\u0137idrumi p\u0101rtikas ra\u017eo\u0161anai<\/p>\n<p><strong>\u2013 \u0136\u012bmisk\u0101 r\u016bpniec\u012bba<\/strong><br \/>\nSk\u0101bes, s\u0101rmi, \u0161\u0137\u012bdin\u0101t\u0101ji, mazg\u0101\u0161anas l\u012bdzek\u013ci, regul\u0113tas \u0137\u012bmiskas vielas (UN klasifik\u0101cija)<\/p>\n<p><strong>\u2013 Farm\u0101cija un kosm\u0113tika<\/strong><br \/>\nNeapstr\u0101d\u0101ti \u0161\u0137idrumi, spirti, p\u0101rtikas nekait\u012bgie \u0161\u0137\u012bdin\u0101t\u0101ji, kosm\u0113tikas b\u0101zes<\/p>\n<p><strong>\u2013 \u0100rk\u0101rtas un hum\u0101n\u0101s pal\u012bdz\u012bbas izmanto\u0161ana<\/strong><br \/>\nT\u012bra \u016bdens uzglab\u0101\u0161ana, izmanto\u0161ana uz lauka, p\u0101rtikas kvalit\u0101tes \u0161\u0137idrumu dro\u0161a transport\u0113\u0161ana uz att\u0101liem apgabaliem<\/p>\n","protected":false},"excerpt":{"rendered":"<p>\u0160\u012b ir jauna IBC iek\u0161\u0113j\u0101 tvertne (oder\u0113jums), kas izgatavota no neapstr\u0101d\u0101ta augsta bl\u012bvuma polietil\u0113na (HDPE) un ir piln\u012bb\u0101 sertific\u0113ta gan saskarei ar p\u0101rtiku, gan b\u012bstamu \u0161\u0137idrumu p\u0101rvad\u0101\u0161anai.<br \/>\nT\u0101 ir ide\u0101li piem\u0113rota k\u0101 eso\u0161o IBC aizst\u0101j\u0113jiek\u0101rta vai k\u0101 atsevi\u0161\u0137a tvertne piel\u0101got\u0101m instal\u0101cij\u0101m.<\/p>\n<p><strong>Sertifik\u0101ti:<\/strong><br \/>\n&#8211; Atbilst FDA pras\u012bb\u0101m (vai EK 1935\/2004) \u2013 Dro\u0161s dzeramajam \u016bdenim un p\u0101rtikas kvalit\u0101tes \u0161\u0137idrumiem<br \/>\n&#8211; UN sertific\u0113ts \u2013 Apstiprin\u0101ts b\u012bstamu materi\u0101lu uzglab\u0101\u0161anai un p\u0101rvad\u0101\u0161anai (UN 31HA1\/Y)<br \/>\n&#8211; Izgatavots no neapstr\u0101d\u0101ta HDPE \u2013 bez p\u0101rstr\u0101d\u0101ta satura, bez p\u0101rtikai nedro\u0161\u0101m piedev\u0101m<\/p>\n<p><strong>Svar\u012bgas piez\u012bmes:<\/strong><br \/>\n&#8211; Tikai plastmasas ieliktnis \u2013 met\u0101la b\u016bris un palete nav iek\u013cauti<br \/>\n&#8211; J\u0101uzst\u0101da sader\u012bg\u0101 IBC r\u0101m\u012b vai atbilsto\u0161i j\u0101nostiprina<br \/>\n&#8211; Sertific\u0113ts gan b\u012bstamu, gan p\u0101rtikas kvalit\u0101tes \u0161\u0137idrumu uzglab\u0101\u0161anai<\/p>\n","protected":false},"featured_media":24145,"template":"","meta":[],"product_brand":[],"product_cat":[315],"product_tag":[],"class_list":{"0":"post-24138","1":"product","2":"type-product","3":"status-publish","4":"has-post-thumbnail","6":"product_cat-starppaterina-konteiners-beztaras-ibc-1000-litri","7":"product_shipping_class-containers-lv","9":"first","10":"instock","11":"taxable","12":"shipping-taxable","13":"purchasable","14":"product-type-simple"},"yoast_head":"<!-- This site is optimized with the Yoast SEO plugin v26.9 - https:\/\/yoast.com\/product\/yoast-seo-wordpress\/ -->\n<title>NewInner UN+FDA IBC 1000 iek\u0161\u0113j\u0101 plastmasas sertific\u0113ta uzglab\u0101\u0161anas tvertne - IBC konteineri m&uuml;&uuml;k, vaadid, kraanid, mahutid<\/title>\n<meta name=\"description\" content=\"\u0160\u012b ir jauna IBC iek\u0161\u0113j\u0101 tvertne (oder\u0113jums), kas izgatavota no neapstr\u0101d\u0101ta augsta bl\u012bvuma polietil\u0113na (HDPE) un ir piln\u012bb\u0101 sertific\u0113ta gan saskarei ar p\u0101rtiku, gan b\u012bstamu \u0161\u0137idrumu p\u0101rvad\u0101\u0161anai.\" \/>\n<meta name=\"robots\" content=\"index, follow, max-snippet:-1, max-image-preview:large, max-video-preview:-1\" \/>\n<link rel=\"canonical\" href=\"https:\/\/ibc.ee\/lv\/product\/newinner-un-fda-ibc-1000-iekseja-plastmasas-sertificeta-uzglabasanas-tvertne\/\" \/>\n<meta property=\"og:locale\" content=\"lv_LV\" \/>\n<meta property=\"og:type\" content=\"article\" \/>\n<meta property=\"og:title\" content=\"NewInner UN+FDA IBC 1000 iek\u0161\u0113j\u0101 plastmasas sertific\u0113ta uzglab\u0101\u0161anas tvertne - IBC konteineri m&uuml;&uuml;k, vaadid, kraanid, mahutid\" \/>\n<meta property=\"og:description\" content=\"\u0160\u012b ir jauna IBC iek\u0161\u0113j\u0101 tvertne (oder\u0113jums), kas izgatavota no neapstr\u0101d\u0101ta augsta bl\u012bvuma polietil\u0113na (HDPE) un ir piln\u012bb\u0101 sertific\u0113ta gan saskarei ar p\u0101rtiku, gan b\u012bstamu \u0161\u0137idrumu p\u0101rvad\u0101\u0161anai.\" \/>\n<meta property=\"og:url\" content=\"https:\/\/ibc.ee\/lv\/product\/newinner-un-fda-ibc-1000-iekseja-plastmasas-sertificeta-uzglabasanas-tvertne\/\" \/>\n<meta property=\"og:site_name\" content=\"IBC konteineri m&uuml;&uuml;k, vaadid, kraanid, mahutid\" \/>\n<meta property=\"article:modified_time\" content=\"2025-07-04T07:57:18+00:00\" \/>\n<meta property=\"og:image\" content=\"https:\/\/ibc.ee\/wp-content\/uploads\/2025\/07\/NewInner-UN-IBC-1000-Inner-Plastic-UN-Certificated-Storage-Tank.jpg\" \/>\n\t<meta property=\"og:image:width\" content=\"1000\" \/>\n\t<meta property=\"og:image:height\" content=\"1000\" \/>\n\t<meta property=\"og:image:type\" content=\"image\/jpeg\" \/>\n<meta name=\"twitter:card\" content=\"summary_large_image\" \/>\n<meta name=\"twitter:label1\" content=\"Est. reading time\" \/>\n\t<meta name=\"twitter:data1\" content=\"1 minute\" \/>\n<script type=\"application\/ld+json\" class=\"yoast-schema-graph\">{\"@context\":\"https:\/\/schema.org\",\"@graph\":[{\"@type\":\"WebPage\",\"@id\":\"https:\/\/ibc.ee\/lv\/product\/newinner-un-fda-ibc-1000-iekseja-plastmasas-sertificeta-uzglabasanas-tvertne\/\",\"url\":\"https:\/\/ibc.ee\/lv\/product\/newinner-un-fda-ibc-1000-iekseja-plastmasas-sertificeta-uzglabasanas-tvertne\/\",\"name\":\"NewInner UN+FDA IBC 1000 iek\u0161\u0113j\u0101 plastmasas sertific\u0113ta uzglab\u0101\u0161anas tvertne - IBC konteineri m&uuml;&uuml;k, vaadid, kraanid, mahutid\",\"isPartOf\":{\"@id\":\"https:\/\/www.ibc.ee\/lv\/#website\"},\"primaryImageOfPage\":{\"@id\":\"https:\/\/ibc.ee\/lv\/product\/newinner-un-fda-ibc-1000-iekseja-plastmasas-sertificeta-uzglabasanas-tvertne\/#primaryimage\"},\"image\":{\"@id\":\"https:\/\/ibc.ee\/lv\/product\/newinner-un-fda-ibc-1000-iekseja-plastmasas-sertificeta-uzglabasanas-tvertne\/#primaryimage\"},\"thumbnailUrl\":\"https:\/\/ibc.ee\/wp-content\/uploads\/2025\/07\/NewInner-UN-IBC-1000-Inner-Plastic-UN-Certificated-Storage-Tank.jpg\",\"datePublished\":\"2025-07-04T07:03:52+00:00\",\"dateModified\":\"2025-07-04T07:57:18+00:00\",\"description\":\"\u0160\u012b ir jauna IBC iek\u0161\u0113j\u0101 tvertne (oder\u0113jums), kas izgatavota no neapstr\u0101d\u0101ta augsta bl\u012bvuma polietil\u0113na (HDPE) un ir piln\u012bb\u0101 sertific\u0113ta gan saskarei ar p\u0101rtiku, gan b\u012bstamu \u0161\u0137idrumu p\u0101rvad\u0101\u0161anai.\",\"breadcrumb\":{\"@id\":\"https:\/\/ibc.ee\/lv\/product\/newinner-un-fda-ibc-1000-iekseja-plastmasas-sertificeta-uzglabasanas-tvertne\/#breadcrumb\"},\"inLanguage\":\"lv-LV\",\"potentialAction\":[{\"@type\":\"ReadAction\",\"target\":[\"https:\/\/ibc.ee\/lv\/product\/newinner-un-fda-ibc-1000-iekseja-plastmasas-sertificeta-uzglabasanas-tvertne\/\"]}]},{\"@type\":\"ImageObject\",\"inLanguage\":\"lv-LV\",\"@id\":\"https:\/\/ibc.ee\/lv\/product\/newinner-un-fda-ibc-1000-iekseja-plastmasas-sertificeta-uzglabasanas-tvertne\/#primaryimage\",\"url\":\"https:\/\/ibc.ee\/wp-content\/uploads\/2025\/07\/NewInner-UN-IBC-1000-Inner-Plastic-UN-Certificated-Storage-Tank.jpg\",\"contentUrl\":\"https:\/\/ibc.ee\/wp-content\/uploads\/2025\/07\/NewInner-UN-IBC-1000-Inner-Plastic-UN-Certificated-Storage-Tank.jpg\",\"width\":1000,\"height\":1000,\"caption\":\"NewInner UN IBC 1000 Inner Plastic UN-Certificated Storage Tank\"},{\"@type\":\"BreadcrumbList\",\"@id\":\"https:\/\/ibc.ee\/lv\/product\/newinner-un-fda-ibc-1000-iekseja-plastmasas-sertificeta-uzglabasanas-tvertne\/#breadcrumb\",\"itemListElement\":[{\"@type\":\"ListItem\",\"position\":1,\"name\":\"\u0413\u043b\u0430\u0432\u043d\u0430\u044f \u0441\u0442\u0440\u0430\u043d\u0438\u0446\u0430\",\"item\":\"https:\/\/www.ibc.ee\/lv\/\"},{\"@type\":\"ListItem\",\"position\":2,\"name\":\"Veikals\",\"item\":\"https:\/\/www.ibc.ee\/lv\/shop\/\"},{\"@type\":\"ListItem\",\"position\":3,\"name\":\"NewInner UN+FDA IBC 1000 iek\u0161\u0113j\u0101 plastmasas sertific\u0113ta uzglab\u0101\u0161anas tvertne\"}]},{\"@type\":\"WebSite\",\"@id\":\"https:\/\/www.ibc.ee\/lv\/#website\",\"url\":\"https:\/\/www.ibc.ee\/lv\/\",\"name\":\"IBC konteineri m&uuml;&uuml;k, vaadid, kraanid, mahutid\",\"description\":\"IBC - Tank container valve, Adapters\\\\fittings, Intermediate bulk, container, Drums\/cans\",\"potentialAction\":[{\"@type\":\"SearchAction\",\"target\":{\"@type\":\"EntryPoint\",\"urlTemplate\":\"https:\/\/www.ibc.ee\/lv\/?s={search_term_string}\"},\"query-input\":{\"@type\":\"PropertyValueSpecification\",\"valueRequired\":true,\"valueName\":\"search_term_string\"}}],\"inLanguage\":\"lv-LV\"}]}<\/script>\n<!-- \/ Yoast SEO plugin. -->","yoast_head_json":{"title":"NewInner UN+FDA IBC 1000 iek\u0161\u0113j\u0101 plastmasas sertific\u0113ta uzglab\u0101\u0161anas tvertne - IBC konteineri m&uuml;&uuml;k, vaadid, kraanid, mahutid","description":"\u0160\u012b ir jauna IBC iek\u0161\u0113j\u0101 tvertne (oder\u0113jums), kas izgatavota no neapstr\u0101d\u0101ta augsta bl\u012bvuma polietil\u0113na (HDPE) un ir piln\u012bb\u0101 sertific\u0113ta gan saskarei ar p\u0101rtiku, gan b\u012bstamu \u0161\u0137idrumu p\u0101rvad\u0101\u0161anai.","robots":{"index":"index","follow":"follow","max-snippet":"max-snippet:-1","max-image-preview":"max-image-preview:large","max-video-preview":"max-video-preview:-1"},"canonical":"https:\/\/ibc.ee\/lv\/product\/newinner-un-fda-ibc-1000-iekseja-plastmasas-sertificeta-uzglabasanas-tvertne\/","og_locale":"lv_LV","og_type":"article","og_title":"NewInner UN+FDA IBC 1000 iek\u0161\u0113j\u0101 plastmasas sertific\u0113ta uzglab\u0101\u0161anas tvertne - IBC konteineri m&uuml;&uuml;k, vaadid, kraanid, mahutid","og_description":"\u0160\u012b ir jauna IBC iek\u0161\u0113j\u0101 tvertne (oder\u0113jums), kas izgatavota no neapstr\u0101d\u0101ta augsta bl\u012bvuma polietil\u0113na (HDPE) un ir piln\u012bb\u0101 sertific\u0113ta gan saskarei ar p\u0101rtiku, gan b\u012bstamu \u0161\u0137idrumu p\u0101rvad\u0101\u0161anai.","og_url":"https:\/\/ibc.ee\/lv\/product\/newinner-un-fda-ibc-1000-iekseja-plastmasas-sertificeta-uzglabasanas-tvertne\/","og_site_name":"IBC konteineri m&uuml;&uuml;k, vaadid, kraanid, mahutid","article_modified_time":"2025-07-04T07:57:18+00:00","og_image":[{"width":1000,"height":1000,"url":"https:\/\/ibc.ee\/wp-content\/uploads\/2025\/07\/NewInner-UN-IBC-1000-Inner-Plastic-UN-Certificated-Storage-Tank.jpg","type":"image\/jpeg"}],"twitter_card":"summary_large_image","twitter_misc":{"Est. reading time":"1 minute"},"schema":{"@context":"https:\/\/schema.org","@graph":[{"@type":"WebPage","@id":"https:\/\/ibc.ee\/lv\/product\/newinner-un-fda-ibc-1000-iekseja-plastmasas-sertificeta-uzglabasanas-tvertne\/","url":"https:\/\/ibc.ee\/lv\/product\/newinner-un-fda-ibc-1000-iekseja-plastmasas-sertificeta-uzglabasanas-tvertne\/","name":"NewInner UN+FDA IBC 1000 iek\u0161\u0113j\u0101 plastmasas sertific\u0113ta uzglab\u0101\u0161anas tvertne - IBC konteineri m&uuml;&uuml;k, vaadid, kraanid, mahutid","isPartOf":{"@id":"https:\/\/www.ibc.ee\/lv\/#website"},"primaryImageOfPage":{"@id":"https:\/\/ibc.ee\/lv\/product\/newinner-un-fda-ibc-1000-iekseja-plastmasas-sertificeta-uzglabasanas-tvertne\/#primaryimage"},"image":{"@id":"https:\/\/ibc.ee\/lv\/product\/newinner-un-fda-ibc-1000-iekseja-plastmasas-sertificeta-uzglabasanas-tvertne\/#primaryimage"},"thumbnailUrl":"https:\/\/ibc.ee\/wp-content\/uploads\/2025\/07\/NewInner-UN-IBC-1000-Inner-Plastic-UN-Certificated-Storage-Tank.jpg","datePublished":"2025-07-04T07:03:52+00:00","dateModified":"2025-07-04T07:57:18+00:00","description":"\u0160\u012b ir jauna IBC iek\u0161\u0113j\u0101 tvertne (oder\u0113jums), kas izgatavota no neapstr\u0101d\u0101ta augsta bl\u012bvuma polietil\u0113na (HDPE) un ir piln\u012bb\u0101 sertific\u0113ta gan saskarei ar p\u0101rtiku, gan b\u012bstamu \u0161\u0137idrumu p\u0101rvad\u0101\u0161anai.","breadcrumb":{"@id":"https:\/\/ibc.ee\/lv\/product\/newinner-un-fda-ibc-1000-iekseja-plastmasas-sertificeta-uzglabasanas-tvertne\/#breadcrumb"},"inLanguage":"lv-LV","potentialAction":[{"@type":"ReadAction","target":["https:\/\/ibc.ee\/lv\/product\/newinner-un-fda-ibc-1000-iekseja-plastmasas-sertificeta-uzglabasanas-tvertne\/"]}]},{"@type":"ImageObject","inLanguage":"lv-LV","@id":"https:\/\/ibc.ee\/lv\/product\/newinner-un-fda-ibc-1000-iekseja-plastmasas-sertificeta-uzglabasanas-tvertne\/#primaryimage","url":"https:\/\/ibc.ee\/wp-content\/uploads\/2025\/07\/NewInner-UN-IBC-1000-Inner-Plastic-UN-Certificated-Storage-Tank.jpg","contentUrl":"https:\/\/ibc.ee\/wp-content\/uploads\/2025\/07\/NewInner-UN-IBC-1000-Inner-Plastic-UN-Certificated-Storage-Tank.jpg","width":1000,"height":1000,"caption":"NewInner UN IBC 1000 Inner Plastic UN-Certificated Storage Tank"},{"@type":"BreadcrumbList","@id":"https:\/\/ibc.ee\/lv\/product\/newinner-un-fda-ibc-1000-iekseja-plastmasas-sertificeta-uzglabasanas-tvertne\/#breadcrumb","itemListElement":[{"@type":"ListItem","position":1,"name":"\u0413\u043b\u0430\u0432\u043d\u0430\u044f \u0441\u0442\u0440\u0430\u043d\u0438\u0446\u0430","item":"https:\/\/www.ibc.ee\/lv\/"},{"@type":"ListItem","position":2,"name":"Veikals","item":"https:\/\/www.ibc.ee\/lv\/shop\/"},{"@type":"ListItem","position":3,"name":"NewInner UN+FDA IBC 1000 iek\u0161\u0113j\u0101 plastmasas sertific\u0113ta uzglab\u0101\u0161anas tvertne"}]},{"@type":"WebSite","@id":"https:\/\/www.ibc.ee\/lv\/#website","url":"https:\/\/www.ibc.ee\/lv\/","name":"IBC konteineri m&uuml;&uuml;k, vaadid, kraanid, mahutid","description":"IBC - Tank container valve, Adapters\\fittings, Intermediate bulk, container, Drums\/cans","potentialAction":[{"@type":"SearchAction","target":{"@type":"EntryPoint","urlTemplate":"https:\/\/www.ibc.ee\/lv\/?s={search_term_string}"},"query-input":{"@type":"PropertyValueSpecification","valueRequired":true,"valueName":"search_term_string"}}],"inLanguage":"lv-LV"}]}},"_links":{"self":[{"href":"https:\/\/ibc.ee\/lv\/wp-json\/wp\/v2\/product\/24138","targetHints":{"allow":["GET"]}}],"collection":[{"href":"https:\/\/ibc.ee\/lv\/wp-json\/wp\/v2\/product"}],"about":[{"href":"https:\/\/ibc.ee\/lv\/wp-json\/wp\/v2\/types\/product"}],"wp:featuredmedia":[{"embeddable":true,"href":"https:\/\/ibc.ee\/lv\/wp-json\/wp\/v2\/media\/24145"}],"wp:attachment":[{"href":"https:\/\/ibc.ee\/lv\/wp-json\/wp\/v2\/media?parent=24138"}],"wp:term":[{"taxonomy":"product_brand","embeddable":true,"href":"https:\/\/ibc.ee\/lv\/wp-json\/wp\/v2\/product_brand?post=24138"},{"taxonomy":"product_cat","embeddable":true,"href":"https:\/\/ibc.ee\/lv\/wp-json\/wp\/v2\/product_cat?post=24138"},{"taxonomy":"product_tag","embeddable":true,"href":"https:\/\/ibc.ee\/lv\/wp-json\/wp\/v2\/product_tag?post=24138"}],"curies":[{"name":"wp","href":"https:\/\/api.w.org\/{rel}","templated":true}]}}