{"id":24179,"date":"2025-07-07T08:55:01","date_gmt":"2025-07-07T06:55:01","guid":{"rendered":"https:\/\/ibc.ee\/?post_type=product&#038;p=24179"},"modified":"2025-07-07T09:35:51","modified_gmt":"2025-07-07T07:35:51","slug":"techcube-ibc-1000-izskalots-ex-fda-konteiners","status":"publish","type":"product","link":"https:\/\/ibc.ee\/lv\/product\/techcube-ibc-1000-izskalots-ex-fda-konteiners\/","title":{"rendered":"TechCube IBC 1000 izskalots ex-FDA konteiners"},"content":{"rendered":"<p><strong>Tipiskie pielietojumi:<\/strong><br \/>\n&#8211; Tehniskie \u0161\u0137idrumi un pel\u0113kie \u016bde\u0146i<br \/>\n&#8211; Lietus \u016bdens sav\u0101k\u0161ana (ne dzer\u0161anai)<br \/>\n&#8211; Laist\u012b\u0161ana ne\u0113damajiem augiem<br \/>\n&#8211; Celtniec\u012bbas objektu mazg\u0101\u0161anas vai betona \u016bde\u0146i<br \/>\n&#8211; \u0160\u0137idro atkritumu uzkr\u0101\u0161ana vai pirmapstr\u0101de<br \/>\n&#8211; R\u016bpnieciska skalo\u0161anas \u016bdens glab\u0101\u0161ana<br \/>\n&#8211; Av\u0101rijas \u0161\u0137idrumu rezervu\u0101ri (ne lieto\u0161anai uztur\u0101)<\/p>\n<p><strong>Nav piem\u0113rots:<\/strong><br \/>\n&#8211; Dzeramais \u016bdens<br \/>\n&#8211; P\u0101rtikas vai dz\u0113rienu uzglab\u0101\u0161ana<br \/>\n&#8211; Sertific\u0113ta p\u0101rtikas lieto\u0161ana<\/p>\n","protected":false},"excerpt":{"rendered":"<p>\u0160is ir lietots un profesion\u0101li izmazg\u0101ts IBC konteiners (1000L), s\u0101kotn\u0113ji izgatavots no FDA pras\u012bb\u0101m atbilsto\u0161a p\u0101rtikas kvalit\u0101tes HDPE plastmasas, ta\u010du v\u0113l\u0101k izmantots \u0137\u012bmisku vai tehnisku \u0161\u0137idrumu uzglab\u0101\u0161anai.<br \/>\nLai gan tvertne ir fiziski lab\u0101 st\u0101vokl\u012b, t\u0101 vairs nav piem\u0113rota p\u0101rtikas produktiem vai dzeramajam \u016bdenim.<\/p>\n","protected":false},"featured_media":24186,"template":"","meta":[],"product_brand":[],"product_cat":[315],"product_tag":[],"class_list":{"0":"post-24179","1":"product","2":"type-product","3":"status-publish","4":"has-post-thumbnail","6":"product_cat-starppaterina-konteiners-beztaras-ibc-1000-litri","7":"product_shipping_class-containers-lv","9":"first","10":"instock","11":"taxable","12":"shipping-taxable","13":"purchasable","14":"product-type-simple"},"yoast_head":"<!-- This site is optimized with the Yoast SEO plugin v26.9 - https:\/\/yoast.com\/product\/yoast-seo-wordpress\/ -->\n<title>PureFlowCube IBC 1000 augstas kvalit\u0101tes mazg\u0101ts FDA tvertnis<\/title>\n<meta name=\"description\" content=\"\u0160is ir lietots un profesion\u0101li izmazg\u0101ts IBC konteiners, s\u0101kotn\u0113ji izgatavots no FDA pras\u012bb\u0101m atbilsto\u0161a p\u0101rtikas kvalit\u0101tes HDPE plastmasas, ta\u010du v\u0113l\u0101k izmantots \u0137\u012bmisku vai tehnisku \u0161\u0137idrumu uzglab\u0101\u0161anai.\" \/>\n<meta name=\"robots\" content=\"index, follow, max-snippet:-1, max-image-preview:large, max-video-preview:-1\" \/>\n<link rel=\"canonical\" href=\"https:\/\/ibc.ee\/lv\/product\/techcube-ibc-1000-izskalots-ex-fda-konteiners\/\" \/>\n<meta property=\"og:locale\" content=\"lv_LV\" \/>\n<meta property=\"og:type\" content=\"article\" \/>\n<meta property=\"og:title\" content=\"PureFlowCube IBC 1000 augstas kvalit\u0101tes mazg\u0101ts FDA tvertnis\" \/>\n<meta property=\"og:description\" content=\"\u0160is ir lietots un profesion\u0101li izmazg\u0101ts IBC konteiners, s\u0101kotn\u0113ji izgatavots no FDA pras\u012bb\u0101m atbilsto\u0161a p\u0101rtikas kvalit\u0101tes HDPE plastmasas, ta\u010du v\u0113l\u0101k izmantots \u0137\u012bmisku vai tehnisku \u0161\u0137idrumu uzglab\u0101\u0161anai.\" \/>\n<meta property=\"og:url\" content=\"https:\/\/ibc.ee\/lv\/product\/techcube-ibc-1000-izskalots-ex-fda-konteiners\/\" \/>\n<meta property=\"og:site_name\" content=\"IBC konteineri m&uuml;&uuml;k, vaadid, kraanid, mahutid\" \/>\n<meta property=\"article:modified_time\" content=\"2025-07-07T07:35:51+00:00\" \/>\n<meta property=\"og:image\" content=\"https:\/\/ibc.ee\/wp-content\/uploads\/2025\/07\/TechCube-IBC-1000-washed-ex-FDA-container.jpg\" \/>\n\t<meta property=\"og:image:width\" content=\"1000\" \/>\n\t<meta property=\"og:image:height\" content=\"1000\" \/>\n\t<meta property=\"og:image:type\" content=\"image\/jpeg\" \/>\n<meta name=\"twitter:card\" content=\"summary_large_image\" \/>\n<meta name=\"twitter:label1\" content=\"Est. reading time\" \/>\n\t<meta name=\"twitter:data1\" content=\"1 minute\" \/>\n<script type=\"application\/ld+json\" class=\"yoast-schema-graph\">{\"@context\":\"https:\/\/schema.org\",\"@graph\":[{\"@type\":\"WebPage\",\"@id\":\"https:\/\/ibc.ee\/lv\/product\/techcube-ibc-1000-izskalots-ex-fda-konteiners\/\",\"url\":\"https:\/\/ibc.ee\/lv\/product\/techcube-ibc-1000-izskalots-ex-fda-konteiners\/\",\"name\":\"PureFlowCube IBC 1000 augstas kvalit\u0101tes mazg\u0101ts FDA tvertnis\",\"isPartOf\":{\"@id\":\"https:\/\/www.ibc.ee\/lv\/#website\"},\"primaryImageOfPage\":{\"@id\":\"https:\/\/ibc.ee\/lv\/product\/techcube-ibc-1000-izskalots-ex-fda-konteiners\/#primaryimage\"},\"image\":{\"@id\":\"https:\/\/ibc.ee\/lv\/product\/techcube-ibc-1000-izskalots-ex-fda-konteiners\/#primaryimage\"},\"thumbnailUrl\":\"https:\/\/ibc.ee\/wp-content\/uploads\/2025\/07\/TechCube-IBC-1000-washed-ex-FDA-container.jpg\",\"datePublished\":\"2025-07-07T06:55:01+00:00\",\"dateModified\":\"2025-07-07T07:35:51+00:00\",\"description\":\"\u0160is ir lietots un profesion\u0101li izmazg\u0101ts IBC konteiners, s\u0101kotn\u0113ji izgatavots no FDA pras\u012bb\u0101m atbilsto\u0161a p\u0101rtikas kvalit\u0101tes HDPE plastmasas, ta\u010du v\u0113l\u0101k izmantots \u0137\u012bmisku vai tehnisku \u0161\u0137idrumu uzglab\u0101\u0161anai.\",\"breadcrumb\":{\"@id\":\"https:\/\/ibc.ee\/lv\/product\/techcube-ibc-1000-izskalots-ex-fda-konteiners\/#breadcrumb\"},\"inLanguage\":\"lv-LV\",\"potentialAction\":[{\"@type\":\"ReadAction\",\"target\":[\"https:\/\/ibc.ee\/lv\/product\/techcube-ibc-1000-izskalots-ex-fda-konteiners\/\"]}]},{\"@type\":\"ImageObject\",\"inLanguage\":\"lv-LV\",\"@id\":\"https:\/\/ibc.ee\/lv\/product\/techcube-ibc-1000-izskalots-ex-fda-konteiners\/#primaryimage\",\"url\":\"https:\/\/ibc.ee\/wp-content\/uploads\/2025\/07\/TechCube-IBC-1000-washed-ex-FDA-container.jpg\",\"contentUrl\":\"https:\/\/ibc.ee\/wp-content\/uploads\/2025\/07\/TechCube-IBC-1000-washed-ex-FDA-container.jpg\",\"width\":1000,\"height\":1000,\"caption\":\"TechCube IBC 1000 washed ex-FDA container\"},{\"@type\":\"BreadcrumbList\",\"@id\":\"https:\/\/ibc.ee\/lv\/product\/techcube-ibc-1000-izskalots-ex-fda-konteiners\/#breadcrumb\",\"itemListElement\":[{\"@type\":\"ListItem\",\"position\":1,\"name\":\"\u0413\u043b\u0430\u0432\u043d\u0430\u044f \u0441\u0442\u0440\u0430\u043d\u0438\u0446\u0430\",\"item\":\"https:\/\/www.ibc.ee\/lv\/\"},{\"@type\":\"ListItem\",\"position\":2,\"name\":\"Veikals\",\"item\":\"https:\/\/www.ibc.ee\/lv\/shop\/\"},{\"@type\":\"ListItem\",\"position\":3,\"name\":\"TechCube IBC 1000 izskalots ex-FDA konteiners\"}]},{\"@type\":\"WebSite\",\"@id\":\"https:\/\/www.ibc.ee\/lv\/#website\",\"url\":\"https:\/\/www.ibc.ee\/lv\/\",\"name\":\"IBC konteineri m&uuml;&uuml;k, vaadid, kraanid, mahutid\",\"description\":\"IBC - Tank container valve, Adapters\\\\fittings, Intermediate bulk, container, Drums\/cans\",\"potentialAction\":[{\"@type\":\"SearchAction\",\"target\":{\"@type\":\"EntryPoint\",\"urlTemplate\":\"https:\/\/www.ibc.ee\/lv\/?s={search_term_string}\"},\"query-input\":{\"@type\":\"PropertyValueSpecification\",\"valueRequired\":true,\"valueName\":\"search_term_string\"}}],\"inLanguage\":\"lv-LV\"}]}<\/script>\n<!-- \/ Yoast SEO plugin. -->","yoast_head_json":{"title":"PureFlowCube IBC 1000 augstas kvalit\u0101tes mazg\u0101ts FDA tvertnis","description":"\u0160is ir lietots un profesion\u0101li izmazg\u0101ts IBC konteiners, s\u0101kotn\u0113ji izgatavots no FDA pras\u012bb\u0101m atbilsto\u0161a p\u0101rtikas kvalit\u0101tes HDPE plastmasas, ta\u010du v\u0113l\u0101k izmantots \u0137\u012bmisku vai tehnisku \u0161\u0137idrumu uzglab\u0101\u0161anai.","robots":{"index":"index","follow":"follow","max-snippet":"max-snippet:-1","max-image-preview":"max-image-preview:large","max-video-preview":"max-video-preview:-1"},"canonical":"https:\/\/ibc.ee\/lv\/product\/techcube-ibc-1000-izskalots-ex-fda-konteiners\/","og_locale":"lv_LV","og_type":"article","og_title":"PureFlowCube IBC 1000 augstas kvalit\u0101tes mazg\u0101ts FDA tvertnis","og_description":"\u0160is ir lietots un profesion\u0101li izmazg\u0101ts IBC konteiners, s\u0101kotn\u0113ji izgatavots no FDA pras\u012bb\u0101m atbilsto\u0161a p\u0101rtikas kvalit\u0101tes HDPE plastmasas, ta\u010du v\u0113l\u0101k izmantots \u0137\u012bmisku vai tehnisku \u0161\u0137idrumu uzglab\u0101\u0161anai.","og_url":"https:\/\/ibc.ee\/lv\/product\/techcube-ibc-1000-izskalots-ex-fda-konteiners\/","og_site_name":"IBC konteineri m&uuml;&uuml;k, vaadid, kraanid, mahutid","article_modified_time":"2025-07-07T07:35:51+00:00","og_image":[{"width":1000,"height":1000,"url":"https:\/\/ibc.ee\/wp-content\/uploads\/2025\/07\/TechCube-IBC-1000-washed-ex-FDA-container.jpg","type":"image\/jpeg"}],"twitter_card":"summary_large_image","twitter_misc":{"Est. reading time":"1 minute"},"schema":{"@context":"https:\/\/schema.org","@graph":[{"@type":"WebPage","@id":"https:\/\/ibc.ee\/lv\/product\/techcube-ibc-1000-izskalots-ex-fda-konteiners\/","url":"https:\/\/ibc.ee\/lv\/product\/techcube-ibc-1000-izskalots-ex-fda-konteiners\/","name":"PureFlowCube IBC 1000 augstas kvalit\u0101tes mazg\u0101ts FDA tvertnis","isPartOf":{"@id":"https:\/\/www.ibc.ee\/lv\/#website"},"primaryImageOfPage":{"@id":"https:\/\/ibc.ee\/lv\/product\/techcube-ibc-1000-izskalots-ex-fda-konteiners\/#primaryimage"},"image":{"@id":"https:\/\/ibc.ee\/lv\/product\/techcube-ibc-1000-izskalots-ex-fda-konteiners\/#primaryimage"},"thumbnailUrl":"https:\/\/ibc.ee\/wp-content\/uploads\/2025\/07\/TechCube-IBC-1000-washed-ex-FDA-container.jpg","datePublished":"2025-07-07T06:55:01+00:00","dateModified":"2025-07-07T07:35:51+00:00","description":"\u0160is ir lietots un profesion\u0101li izmazg\u0101ts IBC konteiners, s\u0101kotn\u0113ji izgatavots no FDA pras\u012bb\u0101m atbilsto\u0161a p\u0101rtikas kvalit\u0101tes HDPE plastmasas, ta\u010du v\u0113l\u0101k izmantots \u0137\u012bmisku vai tehnisku \u0161\u0137idrumu uzglab\u0101\u0161anai.","breadcrumb":{"@id":"https:\/\/ibc.ee\/lv\/product\/techcube-ibc-1000-izskalots-ex-fda-konteiners\/#breadcrumb"},"inLanguage":"lv-LV","potentialAction":[{"@type":"ReadAction","target":["https:\/\/ibc.ee\/lv\/product\/techcube-ibc-1000-izskalots-ex-fda-konteiners\/"]}]},{"@type":"ImageObject","inLanguage":"lv-LV","@id":"https:\/\/ibc.ee\/lv\/product\/techcube-ibc-1000-izskalots-ex-fda-konteiners\/#primaryimage","url":"https:\/\/ibc.ee\/wp-content\/uploads\/2025\/07\/TechCube-IBC-1000-washed-ex-FDA-container.jpg","contentUrl":"https:\/\/ibc.ee\/wp-content\/uploads\/2025\/07\/TechCube-IBC-1000-washed-ex-FDA-container.jpg","width":1000,"height":1000,"caption":"TechCube IBC 1000 washed ex-FDA container"},{"@type":"BreadcrumbList","@id":"https:\/\/ibc.ee\/lv\/product\/techcube-ibc-1000-izskalots-ex-fda-konteiners\/#breadcrumb","itemListElement":[{"@type":"ListItem","position":1,"name":"\u0413\u043b\u0430\u0432\u043d\u0430\u044f \u0441\u0442\u0440\u0430\u043d\u0438\u0446\u0430","item":"https:\/\/www.ibc.ee\/lv\/"},{"@type":"ListItem","position":2,"name":"Veikals","item":"https:\/\/www.ibc.ee\/lv\/shop\/"},{"@type":"ListItem","position":3,"name":"TechCube IBC 1000 izskalots ex-FDA konteiners"}]},{"@type":"WebSite","@id":"https:\/\/www.ibc.ee\/lv\/#website","url":"https:\/\/www.ibc.ee\/lv\/","name":"IBC konteineri m&uuml;&uuml;k, vaadid, kraanid, mahutid","description":"IBC - Tank container valve, Adapters\\fittings, Intermediate bulk, container, Drums\/cans","potentialAction":[{"@type":"SearchAction","target":{"@type":"EntryPoint","urlTemplate":"https:\/\/www.ibc.ee\/lv\/?s={search_term_string}"},"query-input":{"@type":"PropertyValueSpecification","valueRequired":true,"valueName":"search_term_string"}}],"inLanguage":"lv-LV"}]}},"_links":{"self":[{"href":"https:\/\/ibc.ee\/lv\/wp-json\/wp\/v2\/product\/24179","targetHints":{"allow":["GET"]}}],"collection":[{"href":"https:\/\/ibc.ee\/lv\/wp-json\/wp\/v2\/product"}],"about":[{"href":"https:\/\/ibc.ee\/lv\/wp-json\/wp\/v2\/types\/product"}],"wp:featuredmedia":[{"embeddable":true,"href":"https:\/\/ibc.ee\/lv\/wp-json\/wp\/v2\/media\/24186"}],"wp:attachment":[{"href":"https:\/\/ibc.ee\/lv\/wp-json\/wp\/v2\/media?parent=24179"}],"wp:term":[{"taxonomy":"product_brand","embeddable":true,"href":"https:\/\/ibc.ee\/lv\/wp-json\/wp\/v2\/product_brand?post=24179"},{"taxonomy":"product_cat","embeddable":true,"href":"https:\/\/ibc.ee\/lv\/wp-json\/wp\/v2\/product_cat?post=24179"},{"taxonomy":"product_tag","embeddable":true,"href":"https:\/\/ibc.ee\/lv\/wp-json\/wp\/v2\/product_tag?post=24179"}],"curies":[{"name":"wp","href":"https:\/\/api.w.org\/{rel}","templated":true}]}}