{"id":24238,"date":"2025-07-08T15:31:42","date_gmt":"2025-07-08T13:31:43","guid":{"rendered":"https:\/\/ibc.ee\/?post_type=product&#038;p=24238"},"modified":"2025-07-09T12:08:49","modified_gmt":"2025-07-09T10:08:49","slug":"draincube-ibc-1000-lietots-konteiners-kanalizacijas-un-notekudenu-savaksanai","status":"publish","type":"product","link":"https:\/\/ibc.ee\/lv\/product\/draincube-ibc-1000-lietots-konteiners-kanalizacijas-un-notekudenu-savaksanai\/","title":{"rendered":"DrainCube IBC 1000 \u2013 Lietots konteiners kanaliz\u0101cijas un notek\u016bde\u0146u sav\u0101k\u0161anai"},"content":{"rendered":"<p><strong>Izdev\u012bgs. Iztur\u012bgs. Gatavs net\u012brajiem darbiem.   <\/strong><\/p>\n<p><strong>Iesp\u0113jamie pielietojumi<\/strong><br \/>\n&#8211; Lietus un dren\u0101\u017eas \u016bdens uzglab\u0101\u0161ana (b\u016bvlaukumos, notekas)<br \/>\n&#8211; Pel\u0113k\u0101 \u016bdens un notek\u016bde\u0146u sav\u0101k\u0161ana<br \/>\n&#8211; Septi\u0137u tvert\u0146u uzglab\u0101\u0161ana vai p\u0101rpl\u016bdes rezerves<br \/>\n&#8211; Nogul\u0161\u0146u nos\u0113din\u0101\u0161anas tvertnes<br \/>\n&#8211; \u0136\u012bmisko skalo\u0161anas vai t\u012br\u012b\u0161anas \u0161\u0137idrumu sav\u0101k\u0161ana<br \/>\n&#8211; Ugunsdz\u0113s\u012bbas m\u0101c\u012bbu \u016bdens uzglab\u0101\u0161ana<br \/>\n&#8211; \u0100ra roku mazg\u0101\u0161anas stacijas (ne dzeramajam \u016bdenim)<\/p>\n<p><strong>Svar\u012bga inform\u0101cija<\/strong><br \/>\n&#8211; Lietots konteiners: iek\u0161pus\u0113 var b\u016bt e\u013c\u013cas vai sve\u0137u paliekas<br \/>\n&#8211; Nav piln\u012bb\u0101 izt\u012br\u012bts, nav sertific\u0113ts \u2013 redzams sauss p\u0101rkl\u0101jums iek\u0161pus\u0113<br \/>\n&#8211; Nav piem\u0113rots p\u0101rtikai, dzeramajam \u016bdenim, dz\u012bvniekiem vai laist\u012b\u0161anai<br \/>\n&#8211; Var b\u016bt nodiluma, r\u016bsas vai lieto\u0161anas p\u0113das<\/p>\n","protected":false},"excerpt":{"rendered":"<p>DrainCube IBC 1000 ir lietots 1000 litru IBC (Intermediate Bulk Container) konteiners, kur\u0101 agr\u0101k tika glab\u0101tas e\u013c\u013cas vai sve\u0137i. Sakar\u0101 ar iepriek\u0161\u0113jo saturu, konteinera iek\u0161\u0113j\u0101s sienas ir p\u0101rkl\u0101tas ar sausu k\u0101rtu vai atlikumiem, t\u0101p\u0113c tas nav piem\u0113rots dzeramajam \u016bdenim vai p\u0101rtikas produktiem. Tom\u0113r tas joproj\u0101m ir praktisks un ekonomisks risin\u0101jums nejut\u012bgu \u0161\u0137idrumu uzglab\u0101\u0161anai, kur t\u012br\u012bba nav iz\u0161\u0137iro\u0161s faktors.  <\/p>\n","protected":false},"featured_media":24245,"template":"","meta":[],"product_brand":[],"product_cat":[315],"product_tag":[],"class_list":{"0":"post-24238","1":"product","2":"type-product","3":"status-publish","4":"has-post-thumbnail","6":"product_cat-starppaterina-konteiners-beztaras-ibc-1000-litri","7":"product_shipping_class-containers-lv","9":"first","10":"instock","11":"taxable","12":"shipping-taxable","13":"purchasable","14":"product-type-simple"},"yoast_head":"<!-- This site is optimized with the Yoast SEO plugin v26.9 - https:\/\/yoast.com\/product\/yoast-seo-wordpress\/ -->\n<title>DrainCube IBC 1000 \u2013 Lietots konteiners kanaliz\u0101cijas un notek\u016bde\u0146u sav\u0101k\u0161anai - IBC konteineri m&uuml;&uuml;k, vaadid, kraanid, mahutid<\/title>\n<meta name=\"description\" content=\"DrainCube IBC 1000 ir lietots 1000 litru IBC (Intermediate Bulk Container) konteiners, kur\u0101 agr\u0101k tika glab\u0101tas e\u013c\u013cas vai sve\u0137i.\" \/>\n<meta name=\"robots\" content=\"index, follow, max-snippet:-1, max-image-preview:large, max-video-preview:-1\" \/>\n<link rel=\"canonical\" href=\"https:\/\/ibc.ee\/lv\/product\/draincube-ibc-1000-lietots-konteiners-kanalizacijas-un-notekudenu-savaksanai\/\" \/>\n<meta property=\"og:locale\" content=\"lv_LV\" \/>\n<meta property=\"og:type\" content=\"article\" \/>\n<meta property=\"og:title\" content=\"DrainCube IBC 1000 \u2013 Lietots konteiners kanaliz\u0101cijas un notek\u016bde\u0146u sav\u0101k\u0161anai - IBC konteineri m&uuml;&uuml;k, vaadid, kraanid, mahutid\" \/>\n<meta property=\"og:description\" content=\"DrainCube IBC 1000 ir lietots 1000 litru IBC (Intermediate Bulk Container) konteiners, kur\u0101 agr\u0101k tika glab\u0101tas e\u013c\u013cas vai sve\u0137i.\" \/>\n<meta property=\"og:url\" content=\"https:\/\/ibc.ee\/lv\/product\/draincube-ibc-1000-lietots-konteiners-kanalizacijas-un-notekudenu-savaksanai\/\" \/>\n<meta property=\"og:site_name\" content=\"IBC konteineri m&uuml;&uuml;k, vaadid, kraanid, mahutid\" \/>\n<meta property=\"article:modified_time\" content=\"2025-07-09T10:08:49+00:00\" \/>\n<meta property=\"og:image\" content=\"https:\/\/ibc.ee\/wp-content\/uploads\/2025\/07\/DrainCube-IBC-1000-used-container-for-drainage-and-wastewater.jpg\" \/>\n\t<meta property=\"og:image:width\" content=\"1000\" \/>\n\t<meta property=\"og:image:height\" content=\"1000\" \/>\n\t<meta property=\"og:image:type\" content=\"image\/jpeg\" \/>\n<meta name=\"twitter:card\" content=\"summary_large_image\" \/>\n<meta name=\"twitter:label1\" content=\"Est. reading time\" \/>\n\t<meta name=\"twitter:data1\" content=\"1 minute\" \/>\n<script type=\"application\/ld+json\" class=\"yoast-schema-graph\">{\"@context\":\"https:\/\/schema.org\",\"@graph\":[{\"@type\":\"WebPage\",\"@id\":\"https:\/\/ibc.ee\/lv\/product\/draincube-ibc-1000-lietots-konteiners-kanalizacijas-un-notekudenu-savaksanai\/\",\"url\":\"https:\/\/ibc.ee\/lv\/product\/draincube-ibc-1000-lietots-konteiners-kanalizacijas-un-notekudenu-savaksanai\/\",\"name\":\"DrainCube IBC 1000 \u2013 Lietots konteiners kanaliz\u0101cijas un notek\u016bde\u0146u sav\u0101k\u0161anai - IBC konteineri m&uuml;&uuml;k, vaadid, kraanid, mahutid\",\"isPartOf\":{\"@id\":\"https:\/\/www.ibc.ee\/lv\/#website\"},\"primaryImageOfPage\":{\"@id\":\"https:\/\/ibc.ee\/lv\/product\/draincube-ibc-1000-lietots-konteiners-kanalizacijas-un-notekudenu-savaksanai\/#primaryimage\"},\"image\":{\"@id\":\"https:\/\/ibc.ee\/lv\/product\/draincube-ibc-1000-lietots-konteiners-kanalizacijas-un-notekudenu-savaksanai\/#primaryimage\"},\"thumbnailUrl\":\"https:\/\/ibc.ee\/wp-content\/uploads\/2025\/07\/DrainCube-IBC-1000-used-container-for-drainage-and-wastewater.jpg\",\"datePublished\":\"2025-07-08T13:31:43+00:00\",\"dateModified\":\"2025-07-09T10:08:49+00:00\",\"description\":\"DrainCube IBC 1000 ir lietots 1000 litru IBC (Intermediate Bulk Container) konteiners, kur\u0101 agr\u0101k tika glab\u0101tas e\u013c\u013cas vai sve\u0137i.\",\"breadcrumb\":{\"@id\":\"https:\/\/ibc.ee\/lv\/product\/draincube-ibc-1000-lietots-konteiners-kanalizacijas-un-notekudenu-savaksanai\/#breadcrumb\"},\"inLanguage\":\"lv-LV\",\"potentialAction\":[{\"@type\":\"ReadAction\",\"target\":[\"https:\/\/ibc.ee\/lv\/product\/draincube-ibc-1000-lietots-konteiners-kanalizacijas-un-notekudenu-savaksanai\/\"]}]},{\"@type\":\"ImageObject\",\"inLanguage\":\"lv-LV\",\"@id\":\"https:\/\/ibc.ee\/lv\/product\/draincube-ibc-1000-lietots-konteiners-kanalizacijas-un-notekudenu-savaksanai\/#primaryimage\",\"url\":\"https:\/\/ibc.ee\/wp-content\/uploads\/2025\/07\/DrainCube-IBC-1000-used-container-for-drainage-and-wastewater.jpg\",\"contentUrl\":\"https:\/\/ibc.ee\/wp-content\/uploads\/2025\/07\/DrainCube-IBC-1000-used-container-for-drainage-and-wastewater.jpg\",\"width\":1000,\"height\":1000,\"caption\":\"DrainCube IBC 1000 \u2013 used container for drainage & wastewater\"},{\"@type\":\"BreadcrumbList\",\"@id\":\"https:\/\/ibc.ee\/lv\/product\/draincube-ibc-1000-lietots-konteiners-kanalizacijas-un-notekudenu-savaksanai\/#breadcrumb\",\"itemListElement\":[{\"@type\":\"ListItem\",\"position\":1,\"name\":\"\u0413\u043b\u0430\u0432\u043d\u0430\u044f \u0441\u0442\u0440\u0430\u043d\u0438\u0446\u0430\",\"item\":\"https:\/\/www.ibc.ee\/lv\/\"},{\"@type\":\"ListItem\",\"position\":2,\"name\":\"Veikals\",\"item\":\"https:\/\/www.ibc.ee\/lv\/shop\/\"},{\"@type\":\"ListItem\",\"position\":3,\"name\":\"DrainCube IBC 1000 \u2013 Lietots konteiners kanaliz\u0101cijas un notek\u016bde\u0146u sav\u0101k\u0161anai\"}]},{\"@type\":\"WebSite\",\"@id\":\"https:\/\/www.ibc.ee\/lv\/#website\",\"url\":\"https:\/\/www.ibc.ee\/lv\/\",\"name\":\"IBC konteineri m&uuml;&uuml;k, vaadid, kraanid, mahutid\",\"description\":\"IBC - Tank container valve, Adapters\\\\fittings, Intermediate bulk, container, Drums\/cans\",\"potentialAction\":[{\"@type\":\"SearchAction\",\"target\":{\"@type\":\"EntryPoint\",\"urlTemplate\":\"https:\/\/www.ibc.ee\/lv\/?s={search_term_string}\"},\"query-input\":{\"@type\":\"PropertyValueSpecification\",\"valueRequired\":true,\"valueName\":\"search_term_string\"}}],\"inLanguage\":\"lv-LV\"}]}<\/script>\n<!-- \/ Yoast SEO plugin. -->","yoast_head_json":{"title":"DrainCube IBC 1000 \u2013 Lietots konteiners kanaliz\u0101cijas un notek\u016bde\u0146u sav\u0101k\u0161anai - IBC konteineri m&uuml;&uuml;k, vaadid, kraanid, mahutid","description":"DrainCube IBC 1000 ir lietots 1000 litru IBC (Intermediate Bulk Container) konteiners, kur\u0101 agr\u0101k tika glab\u0101tas e\u013c\u013cas vai sve\u0137i.","robots":{"index":"index","follow":"follow","max-snippet":"max-snippet:-1","max-image-preview":"max-image-preview:large","max-video-preview":"max-video-preview:-1"},"canonical":"https:\/\/ibc.ee\/lv\/product\/draincube-ibc-1000-lietots-konteiners-kanalizacijas-un-notekudenu-savaksanai\/","og_locale":"lv_LV","og_type":"article","og_title":"DrainCube IBC 1000 \u2013 Lietots konteiners kanaliz\u0101cijas un notek\u016bde\u0146u sav\u0101k\u0161anai - IBC konteineri m&uuml;&uuml;k, vaadid, kraanid, mahutid","og_description":"DrainCube IBC 1000 ir lietots 1000 litru IBC (Intermediate Bulk Container) konteiners, kur\u0101 agr\u0101k tika glab\u0101tas e\u013c\u013cas vai sve\u0137i.","og_url":"https:\/\/ibc.ee\/lv\/product\/draincube-ibc-1000-lietots-konteiners-kanalizacijas-un-notekudenu-savaksanai\/","og_site_name":"IBC konteineri m&uuml;&uuml;k, vaadid, kraanid, mahutid","article_modified_time":"2025-07-09T10:08:49+00:00","og_image":[{"width":1000,"height":1000,"url":"https:\/\/ibc.ee\/wp-content\/uploads\/2025\/07\/DrainCube-IBC-1000-used-container-for-drainage-and-wastewater.jpg","type":"image\/jpeg"}],"twitter_card":"summary_large_image","twitter_misc":{"Est. reading time":"1 minute"},"schema":{"@context":"https:\/\/schema.org","@graph":[{"@type":"WebPage","@id":"https:\/\/ibc.ee\/lv\/product\/draincube-ibc-1000-lietots-konteiners-kanalizacijas-un-notekudenu-savaksanai\/","url":"https:\/\/ibc.ee\/lv\/product\/draincube-ibc-1000-lietots-konteiners-kanalizacijas-un-notekudenu-savaksanai\/","name":"DrainCube IBC 1000 \u2013 Lietots konteiners kanaliz\u0101cijas un notek\u016bde\u0146u sav\u0101k\u0161anai - IBC konteineri m&uuml;&uuml;k, vaadid, kraanid, mahutid","isPartOf":{"@id":"https:\/\/www.ibc.ee\/lv\/#website"},"primaryImageOfPage":{"@id":"https:\/\/ibc.ee\/lv\/product\/draincube-ibc-1000-lietots-konteiners-kanalizacijas-un-notekudenu-savaksanai\/#primaryimage"},"image":{"@id":"https:\/\/ibc.ee\/lv\/product\/draincube-ibc-1000-lietots-konteiners-kanalizacijas-un-notekudenu-savaksanai\/#primaryimage"},"thumbnailUrl":"https:\/\/ibc.ee\/wp-content\/uploads\/2025\/07\/DrainCube-IBC-1000-used-container-for-drainage-and-wastewater.jpg","datePublished":"2025-07-08T13:31:43+00:00","dateModified":"2025-07-09T10:08:49+00:00","description":"DrainCube IBC 1000 ir lietots 1000 litru IBC (Intermediate Bulk Container) konteiners, kur\u0101 agr\u0101k tika glab\u0101tas e\u013c\u013cas vai sve\u0137i.","breadcrumb":{"@id":"https:\/\/ibc.ee\/lv\/product\/draincube-ibc-1000-lietots-konteiners-kanalizacijas-un-notekudenu-savaksanai\/#breadcrumb"},"inLanguage":"lv-LV","potentialAction":[{"@type":"ReadAction","target":["https:\/\/ibc.ee\/lv\/product\/draincube-ibc-1000-lietots-konteiners-kanalizacijas-un-notekudenu-savaksanai\/"]}]},{"@type":"ImageObject","inLanguage":"lv-LV","@id":"https:\/\/ibc.ee\/lv\/product\/draincube-ibc-1000-lietots-konteiners-kanalizacijas-un-notekudenu-savaksanai\/#primaryimage","url":"https:\/\/ibc.ee\/wp-content\/uploads\/2025\/07\/DrainCube-IBC-1000-used-container-for-drainage-and-wastewater.jpg","contentUrl":"https:\/\/ibc.ee\/wp-content\/uploads\/2025\/07\/DrainCube-IBC-1000-used-container-for-drainage-and-wastewater.jpg","width":1000,"height":1000,"caption":"DrainCube IBC 1000 \u2013 used container for drainage & wastewater"},{"@type":"BreadcrumbList","@id":"https:\/\/ibc.ee\/lv\/product\/draincube-ibc-1000-lietots-konteiners-kanalizacijas-un-notekudenu-savaksanai\/#breadcrumb","itemListElement":[{"@type":"ListItem","position":1,"name":"\u0413\u043b\u0430\u0432\u043d\u0430\u044f \u0441\u0442\u0440\u0430\u043d\u0438\u0446\u0430","item":"https:\/\/www.ibc.ee\/lv\/"},{"@type":"ListItem","position":2,"name":"Veikals","item":"https:\/\/www.ibc.ee\/lv\/shop\/"},{"@type":"ListItem","position":3,"name":"DrainCube IBC 1000 \u2013 Lietots konteiners kanaliz\u0101cijas un notek\u016bde\u0146u sav\u0101k\u0161anai"}]},{"@type":"WebSite","@id":"https:\/\/www.ibc.ee\/lv\/#website","url":"https:\/\/www.ibc.ee\/lv\/","name":"IBC konteineri m&uuml;&uuml;k, vaadid, kraanid, mahutid","description":"IBC - Tank container valve, Adapters\\fittings, Intermediate bulk, container, Drums\/cans","potentialAction":[{"@type":"SearchAction","target":{"@type":"EntryPoint","urlTemplate":"https:\/\/www.ibc.ee\/lv\/?s={search_term_string}"},"query-input":{"@type":"PropertyValueSpecification","valueRequired":true,"valueName":"search_term_string"}}],"inLanguage":"lv-LV"}]}},"_links":{"self":[{"href":"https:\/\/ibc.ee\/lv\/wp-json\/wp\/v2\/product\/24238","targetHints":{"allow":["GET"]}}],"collection":[{"href":"https:\/\/ibc.ee\/lv\/wp-json\/wp\/v2\/product"}],"about":[{"href":"https:\/\/ibc.ee\/lv\/wp-json\/wp\/v2\/types\/product"}],"wp:featuredmedia":[{"embeddable":true,"href":"https:\/\/ibc.ee\/lv\/wp-json\/wp\/v2\/media\/24245"}],"wp:attachment":[{"href":"https:\/\/ibc.ee\/lv\/wp-json\/wp\/v2\/media?parent=24238"}],"wp:term":[{"taxonomy":"product_brand","embeddable":true,"href":"https:\/\/ibc.ee\/lv\/wp-json\/wp\/v2\/product_brand?post=24238"},{"taxonomy":"product_cat","embeddable":true,"href":"https:\/\/ibc.ee\/lv\/wp-json\/wp\/v2\/product_cat?post=24238"},{"taxonomy":"product_tag","embeddable":true,"href":"https:\/\/ibc.ee\/lv\/wp-json\/wp\/v2\/product_tag?post=24238"}],"curies":[{"name":"wp","href":"https:\/\/api.w.org\/{rel}","templated":true}]}}