{"id":24320,"date":"2025-07-10T15:25:03","date_gmt":"2025-07-10T13:37:16","guid":{"rendered":"https:\/\/ibc.ee\/product\/hdpe-pudele-500-ml-balta-ar-berniem-drosu-vacinu\/"},"modified":"2025-07-10T15:37:16","modified_gmt":"2025-07-10T13:37:16","slug":"hdpe-pudele-500-ml-balta-ar-berniem-drosu-vacinu","status":"publish","type":"product","link":"https:\/\/ibc.ee\/lv\/product\/hdpe-pudele-500-ml-balta-ar-berniem-drosu-vacinu\/","title":{"rendered":"HDPE pudele 500 ml balta ar b\u0113rniem dro\u0161u v\u0101ci\u0146u"},"content":{"rendered":"<p><strong>Tipiski pielietojumi:<\/strong><br \/>\n&#8211; Sadz\u012bves \u0137\u012bmija: mazg\u0101\u0161anas l\u012bdzek\u013ci, t\u012br\u012b\u0161anas \u0161\u0137\u012bdumi, \u0161\u0137\u012bdin\u0101t\u0101ji<br \/>\n&#8211; Farm\u0101cija: s\u012brupi, \u0161\u0137idri medikamenti (bez receptes)<br \/>\n&#8211; Laboratorijas: paraugu uzglab\u0101\u0161ana, \u0161\u0137idrumu doz\u0113\u0161ana<br \/>\n&#8211; Kosm\u0113tika un person\u012bg\u0101 higi\u0113na: \u0161amp\u016bni, losjoni, \u017eelejas<br \/>\n&#8211; Lauksaimniec\u012bba un d\u0101rzniec\u012bba: augu bar\u012bbas vielas, pestic\u012bdu koncentr\u0101ti<br \/>\n&#8211; DIY un hobiji: kr\u0101sas, l\u012bmes, tinte, piedevas<\/p>\n","protected":false},"excerpt":{"rendered":"<p>500 ml HDPE pudele ir iztur\u012bgs, viegls un \u0137\u012bmij\u0101m notur\u012bgs trauks, kas paredz\u0113ts da\u017e\u0101du \u0161\u0137idrumu dro\u0161ai uzglab\u0101\u0161anai un doz\u0113\u0161anai. Izgatavota no augsta bl\u012bvuma polietil\u0113na (HDPE), pudele ir piem\u0113rota saskarei ar p\u0101rtiku, \u0137\u012bmiski inerta un p\u0101rstr\u0101d\u0101jama. <\/p>\n<p>Pudelei ir b\u0113rniem dro\u0161s v\u0101ci\u0146\u0161, kas nodro\u0161ina papildu aizsardz\u012bbu, it \u012bpa\u0161i, ja tiek uzglab\u0101tas potenci\u0101li b\u012bstamas vai jut\u012bgas vielas.<\/p>\n","protected":false},"featured_media":24311,"template":"","meta":[],"product_brand":[],"product_cat":[313],"product_tag":[],"class_list":{"0":"post-24320","1":"product","2":"type-product","3":"status-publish","4":"has-post-thumbnail","6":"product_cat-bungas-un-skardenes","7":"product_shipping_class-omniva-lv","9":"first","10":"instock","11":"taxable","12":"shipping-taxable","13":"purchasable","14":"product-type-simple"},"yoast_head":"<!-- This site is optimized with the Yoast SEO plugin v26.9 - https:\/\/yoast.com\/product\/yoast-seo-wordpress\/ -->\n<title>HDPE pudele 500 ml balta ar b\u0113rniem dro\u0161u v\u0101ci\u0146u - IBC konteineri m&uuml;&uuml;k, vaadid, kraanid, mahutid<\/title>\n<meta name=\"description\" content=\"500 ml HDPE pudele ir iztur\u012bgs, viegls un \u0137\u012bmij\u0101m notur\u012bgs trauks, kas paredz\u0113ts da\u017e\u0101du \u0161\u0137idrumu dro\u0161ai uzglab\u0101\u0161anai un doz\u0113\u0161anai.\" \/>\n<meta name=\"robots\" content=\"index, follow, max-snippet:-1, max-image-preview:large, max-video-preview:-1\" \/>\n<link rel=\"canonical\" href=\"https:\/\/ibc.ee\/lv\/product\/hdpe-pudele-500-ml-balta-ar-berniem-drosu-vacinu\/\" \/>\n<meta property=\"og:locale\" content=\"lv_LV\" \/>\n<meta property=\"og:type\" content=\"article\" \/>\n<meta property=\"og:title\" content=\"HDPE pudele 500 ml balta ar b\u0113rniem dro\u0161u v\u0101ci\u0146u - IBC konteineri m&uuml;&uuml;k, vaadid, kraanid, mahutid\" \/>\n<meta property=\"og:description\" content=\"500 ml HDPE pudele ir iztur\u012bgs, viegls un \u0137\u012bmij\u0101m notur\u012bgs trauks, kas paredz\u0113ts da\u017e\u0101du \u0161\u0137idrumu dro\u0161ai uzglab\u0101\u0161anai un doz\u0113\u0161anai.\" \/>\n<meta property=\"og:url\" content=\"https:\/\/ibc.ee\/lv\/product\/hdpe-pudele-500-ml-balta-ar-berniem-drosu-vacinu\/\" \/>\n<meta property=\"og:site_name\" content=\"IBC konteineri m&uuml;&uuml;k, vaadid, kraanid, mahutid\" \/>\n<meta property=\"og:image\" content=\"https:\/\/ibc.ee\/wp-content\/uploads\/2025\/07\/HDPE-bottl-500ml.jpg\" \/>\n\t<meta property=\"og:image:width\" content=\"1000\" \/>\n\t<meta property=\"og:image:height\" content=\"1000\" \/>\n\t<meta property=\"og:image:type\" content=\"image\/jpeg\" \/>\n<meta name=\"twitter:card\" content=\"summary_large_image\" \/>\n<script type=\"application\/ld+json\" class=\"yoast-schema-graph\">{\"@context\":\"https:\/\/schema.org\",\"@graph\":[{\"@type\":\"WebPage\",\"@id\":\"https:\/\/ibc.ee\/lv\/product\/hdpe-pudele-500-ml-balta-ar-berniem-drosu-vacinu\/\",\"url\":\"https:\/\/ibc.ee\/lv\/product\/hdpe-pudele-500-ml-balta-ar-berniem-drosu-vacinu\/\",\"name\":\"HDPE pudele 500 ml balta ar b\u0113rniem dro\u0161u v\u0101ci\u0146u - IBC konteineri m&uuml;&uuml;k, vaadid, kraanid, mahutid\",\"isPartOf\":{\"@id\":\"https:\/\/www.ibc.ee\/lv\/#website\"},\"primaryImageOfPage\":{\"@id\":\"https:\/\/ibc.ee\/lv\/product\/hdpe-pudele-500-ml-balta-ar-berniem-drosu-vacinu\/#primaryimage\"},\"image\":{\"@id\":\"https:\/\/ibc.ee\/lv\/product\/hdpe-pudele-500-ml-balta-ar-berniem-drosu-vacinu\/#primaryimage\"},\"thumbnailUrl\":\"https:\/\/ibc.ee\/wp-content\/uploads\/2025\/07\/HDPE-bottl-500ml.jpg\",\"datePublished\":\"2025-07-10T13:37:16+00:00\",\"description\":\"500 ml HDPE pudele ir iztur\u012bgs, viegls un \u0137\u012bmij\u0101m notur\u012bgs trauks, kas paredz\u0113ts da\u017e\u0101du \u0161\u0137idrumu dro\u0161ai uzglab\u0101\u0161anai un doz\u0113\u0161anai.\",\"breadcrumb\":{\"@id\":\"https:\/\/ibc.ee\/lv\/product\/hdpe-pudele-500-ml-balta-ar-berniem-drosu-vacinu\/#breadcrumb\"},\"inLanguage\":\"lv-LV\",\"potentialAction\":[{\"@type\":\"ReadAction\",\"target\":[\"https:\/\/ibc.ee\/lv\/product\/hdpe-pudele-500-ml-balta-ar-berniem-drosu-vacinu\/\"]}]},{\"@type\":\"ImageObject\",\"inLanguage\":\"lv-LV\",\"@id\":\"https:\/\/ibc.ee\/lv\/product\/hdpe-pudele-500-ml-balta-ar-berniem-drosu-vacinu\/#primaryimage\",\"url\":\"https:\/\/ibc.ee\/wp-content\/uploads\/2025\/07\/HDPE-bottl-500ml.jpg\",\"contentUrl\":\"https:\/\/ibc.ee\/wp-content\/uploads\/2025\/07\/HDPE-bottl-500ml.jpg\",\"width\":1000,\"height\":1000,\"caption\":\"HDPE Bottle 500ml \u2013 with Child-Resistant Cap\"},{\"@type\":\"BreadcrumbList\",\"@id\":\"https:\/\/ibc.ee\/lv\/product\/hdpe-pudele-500-ml-balta-ar-berniem-drosu-vacinu\/#breadcrumb\",\"itemListElement\":[{\"@type\":\"ListItem\",\"position\":1,\"name\":\"\u0413\u043b\u0430\u0432\u043d\u0430\u044f \u0441\u0442\u0440\u0430\u043d\u0438\u0446\u0430\",\"item\":\"https:\/\/www.ibc.ee\/lv\/\"},{\"@type\":\"ListItem\",\"position\":2,\"name\":\"Veikals\",\"item\":\"https:\/\/www.ibc.ee\/lv\/shop\/\"},{\"@type\":\"ListItem\",\"position\":3,\"name\":\"HDPE pudele 500 ml balta ar b\u0113rniem dro\u0161u v\u0101ci\u0146u\"}]},{\"@type\":\"WebSite\",\"@id\":\"https:\/\/www.ibc.ee\/lv\/#website\",\"url\":\"https:\/\/www.ibc.ee\/lv\/\",\"name\":\"IBC konteineri m&uuml;&uuml;k, vaadid, kraanid, mahutid\",\"description\":\"IBC - Tank container valve, Adapters\\\\fittings, Intermediate bulk, container, Drums\/cans\",\"potentialAction\":[{\"@type\":\"SearchAction\",\"target\":{\"@type\":\"EntryPoint\",\"urlTemplate\":\"https:\/\/www.ibc.ee\/lv\/?s={search_term_string}\"},\"query-input\":{\"@type\":\"PropertyValueSpecification\",\"valueRequired\":true,\"valueName\":\"search_term_string\"}}],\"inLanguage\":\"lv-LV\"}]}<\/script>\n<!-- \/ Yoast SEO plugin. -->","yoast_head_json":{"title":"HDPE pudele 500 ml balta ar b\u0113rniem dro\u0161u v\u0101ci\u0146u - IBC konteineri m&uuml;&uuml;k, vaadid, kraanid, mahutid","description":"500 ml HDPE pudele ir iztur\u012bgs, viegls un \u0137\u012bmij\u0101m notur\u012bgs trauks, kas paredz\u0113ts da\u017e\u0101du \u0161\u0137idrumu dro\u0161ai uzglab\u0101\u0161anai un doz\u0113\u0161anai.","robots":{"index":"index","follow":"follow","max-snippet":"max-snippet:-1","max-image-preview":"max-image-preview:large","max-video-preview":"max-video-preview:-1"},"canonical":"https:\/\/ibc.ee\/lv\/product\/hdpe-pudele-500-ml-balta-ar-berniem-drosu-vacinu\/","og_locale":"lv_LV","og_type":"article","og_title":"HDPE pudele 500 ml balta ar b\u0113rniem dro\u0161u v\u0101ci\u0146u - IBC konteineri m&uuml;&uuml;k, vaadid, kraanid, mahutid","og_description":"500 ml HDPE pudele ir iztur\u012bgs, viegls un \u0137\u012bmij\u0101m notur\u012bgs trauks, kas paredz\u0113ts da\u017e\u0101du \u0161\u0137idrumu dro\u0161ai uzglab\u0101\u0161anai un doz\u0113\u0161anai.","og_url":"https:\/\/ibc.ee\/lv\/product\/hdpe-pudele-500-ml-balta-ar-berniem-drosu-vacinu\/","og_site_name":"IBC konteineri m&uuml;&uuml;k, vaadid, kraanid, mahutid","og_image":[{"width":1000,"height":1000,"url":"https:\/\/ibc.ee\/wp-content\/uploads\/2025\/07\/HDPE-bottl-500ml.jpg","type":"image\/jpeg"}],"twitter_card":"summary_large_image","schema":{"@context":"https:\/\/schema.org","@graph":[{"@type":"WebPage","@id":"https:\/\/ibc.ee\/lv\/product\/hdpe-pudele-500-ml-balta-ar-berniem-drosu-vacinu\/","url":"https:\/\/ibc.ee\/lv\/product\/hdpe-pudele-500-ml-balta-ar-berniem-drosu-vacinu\/","name":"HDPE pudele 500 ml balta ar b\u0113rniem dro\u0161u v\u0101ci\u0146u - IBC konteineri m&uuml;&uuml;k, vaadid, kraanid, mahutid","isPartOf":{"@id":"https:\/\/www.ibc.ee\/lv\/#website"},"primaryImageOfPage":{"@id":"https:\/\/ibc.ee\/lv\/product\/hdpe-pudele-500-ml-balta-ar-berniem-drosu-vacinu\/#primaryimage"},"image":{"@id":"https:\/\/ibc.ee\/lv\/product\/hdpe-pudele-500-ml-balta-ar-berniem-drosu-vacinu\/#primaryimage"},"thumbnailUrl":"https:\/\/ibc.ee\/wp-content\/uploads\/2025\/07\/HDPE-bottl-500ml.jpg","datePublished":"2025-07-10T13:37:16+00:00","description":"500 ml HDPE pudele ir iztur\u012bgs, viegls un \u0137\u012bmij\u0101m notur\u012bgs trauks, kas paredz\u0113ts da\u017e\u0101du \u0161\u0137idrumu dro\u0161ai uzglab\u0101\u0161anai un doz\u0113\u0161anai.","breadcrumb":{"@id":"https:\/\/ibc.ee\/lv\/product\/hdpe-pudele-500-ml-balta-ar-berniem-drosu-vacinu\/#breadcrumb"},"inLanguage":"lv-LV","potentialAction":[{"@type":"ReadAction","target":["https:\/\/ibc.ee\/lv\/product\/hdpe-pudele-500-ml-balta-ar-berniem-drosu-vacinu\/"]}]},{"@type":"ImageObject","inLanguage":"lv-LV","@id":"https:\/\/ibc.ee\/lv\/product\/hdpe-pudele-500-ml-balta-ar-berniem-drosu-vacinu\/#primaryimage","url":"https:\/\/ibc.ee\/wp-content\/uploads\/2025\/07\/HDPE-bottl-500ml.jpg","contentUrl":"https:\/\/ibc.ee\/wp-content\/uploads\/2025\/07\/HDPE-bottl-500ml.jpg","width":1000,"height":1000,"caption":"HDPE Bottle 500ml \u2013 with Child-Resistant Cap"},{"@type":"BreadcrumbList","@id":"https:\/\/ibc.ee\/lv\/product\/hdpe-pudele-500-ml-balta-ar-berniem-drosu-vacinu\/#breadcrumb","itemListElement":[{"@type":"ListItem","position":1,"name":"\u0413\u043b\u0430\u0432\u043d\u0430\u044f \u0441\u0442\u0440\u0430\u043d\u0438\u0446\u0430","item":"https:\/\/www.ibc.ee\/lv\/"},{"@type":"ListItem","position":2,"name":"Veikals","item":"https:\/\/www.ibc.ee\/lv\/shop\/"},{"@type":"ListItem","position":3,"name":"HDPE pudele 500 ml balta ar b\u0113rniem dro\u0161u v\u0101ci\u0146u"}]},{"@type":"WebSite","@id":"https:\/\/www.ibc.ee\/lv\/#website","url":"https:\/\/www.ibc.ee\/lv\/","name":"IBC konteineri m&uuml;&uuml;k, vaadid, kraanid, mahutid","description":"IBC - Tank container valve, Adapters\\fittings, Intermediate bulk, container, Drums\/cans","potentialAction":[{"@type":"SearchAction","target":{"@type":"EntryPoint","urlTemplate":"https:\/\/www.ibc.ee\/lv\/?s={search_term_string}"},"query-input":{"@type":"PropertyValueSpecification","valueRequired":true,"valueName":"search_term_string"}}],"inLanguage":"lv-LV"}]}},"_links":{"self":[{"href":"https:\/\/ibc.ee\/lv\/wp-json\/wp\/v2\/product\/24320","targetHints":{"allow":["GET"]}}],"collection":[{"href":"https:\/\/ibc.ee\/lv\/wp-json\/wp\/v2\/product"}],"about":[{"href":"https:\/\/ibc.ee\/lv\/wp-json\/wp\/v2\/types\/product"}],"wp:featuredmedia":[{"embeddable":true,"href":"https:\/\/ibc.ee\/lv\/wp-json\/wp\/v2\/media\/24311"}],"wp:attachment":[{"href":"https:\/\/ibc.ee\/lv\/wp-json\/wp\/v2\/media?parent=24320"}],"wp:term":[{"taxonomy":"product_brand","embeddable":true,"href":"https:\/\/ibc.ee\/lv\/wp-json\/wp\/v2\/product_brand?post=24320"},{"taxonomy":"product_cat","embeddable":true,"href":"https:\/\/ibc.ee\/lv\/wp-json\/wp\/v2\/product_cat?post=24320"},{"taxonomy":"product_tag","embeddable":true,"href":"https:\/\/ibc.ee\/lv\/wp-json\/wp\/v2\/product_tag?post=24320"}],"curies":[{"name":"wp","href":"https:\/\/api.w.org\/{rel}","templated":true}]}}