{"id":24366,"date":"2025-07-11T08:14:31","date_gmt":"2025-07-11T07:49:35","guid":{"rendered":"https:\/\/ibc.ee\/product\/terauda-kanna-500-ml-un-1a1-x-vertejums-bistamiem-skidrumiem\/"},"modified":"2025-07-11T09:49:35","modified_gmt":"2025-07-11T07:49:35","slug":"terauda-kanna-500-ml-un-1a1-x-vertejums-bistamiem-skidrumiem","status":"publish","type":"product","link":"https:\/\/ibc.ee\/lv\/product\/terauda-kanna-500-ml-un-1a1-x-vertejums-bistamiem-skidrumiem\/","title":{"rendered":"T\u0113rauda kanna 500 ml \u2013 UN 1A1 X v\u0113rt\u0113jums b\u012bstamiem \u0161\u0137idrumiem"},"content":{"rendered":"<p><strong>Galven\u0101s \u012bpa\u0161\u012bbas:<\/strong><br \/>\n&#8211; Tips: 1A1 \u2013 T\u0113rauda kanna ar neiz\u0146emamu v\u0101ku (herm\u0113tiskais variants)<br \/>\n&#8211; Tilpums: 500ml<br \/>\n&#8211; UN klase: X \u2013 piem\u0113rota I, II un III iepakojuma grupai<br \/>\n&#8211; Maksim\u0101lais bl\u012bvums: l\u012bdz 250 kg\/m\u00b3<br \/>\n&#8211; Ra\u017eo\u0161anas gads: 2020<br \/>\n&#8211; Sertifik\u0101cijas valsts: V\u0101cija (A)<br \/>\n&#8211; Aizv\u0113r\u0161ana: v\u012bt\u0146ots v\u0101ks ar plomb\u0113\u0161anas iesp\u0113ju<br \/>\n&#8211; Materi\u0101ls: iztur\u012bgs lakots vai cinkots t\u0113rauds<\/p>\n<p><strong>Tipiski pielietojumi:<\/strong><br \/>\n&#8211; \u0136\u012bmisk\u0101 r\u016bpniec\u012bba: sk\u0101bes, s\u0101rmi, \u0161\u0137\u012bdin\u0101t\u0101ji, inhibitori<br \/>\n&#8211; Naftas \u0137\u012bmija: e\u013c\u013cas, degviela, piedevas, attauko\u0161anas l\u012bdzek\u013ci<br \/>\n&#8211; Laboratorijas un farm\u0101cija: rea\u0123enti, koncentr\u0113ti savienojumi<br \/>\n&#8211; Ra\u017eo\u0161ana un r\u016bpniec\u012bba: kr\u0101sas, l\u012bmes, p\u0101rkl\u0101jumi, tehniskie \u0161\u0137idrumi<br \/>\n&#8211; Eksports un lo\u0123istika: UN iepakojums p\u0101rvad\u0101\u0161anai pa sauszemi, j\u016bru vai gaisu<br \/>\n&#8211; Aizsardz\u012bba un avi\u0101cija: specifiski vai ierobe\u017eotas piek\u013cuves \u0161\u0137idrumi<\/p>\n<p><strong>Svar\u012bga inform\u0101cija:<\/strong><br \/>\n&#8211; Piln\u012bb\u0101 atbilst ADR \/ RID \/ IMDG \/ ICAO \/ IATA pras\u012bb\u0101m<br \/>\n&#8211; Nav paredz\u0113ta p\u0101rtikas vai dzeram\u0101 \u016bdens glab\u0101\u0161anai<br \/>\n&#8211; Paredz\u0113ta augsta riska \u0161\u0137idrumu dro\u0161ai uzglab\u0101\u0161anai un p\u0101rvad\u0101\u0161anai<br \/>\n&#8211; Test\u0113ta uz spiedienu, herm\u0113tiskumu, kritiena iztur\u012bbu un iesp\u0113ju sakraut<\/p>\n","protected":false},"excerpt":{"rendered":"<p>\u0160\u012b 500ml cie\u0161i nosl\u0113gt\u0101 t\u0113rauda kanna ir sertific\u0113ta b\u012bstamu \u0161\u0137idrumu, tai skait\u0101 I iepakojuma grupas (\u013coti b\u012bstamu vielu), dro\u0161ai uzglab\u0101\u0161anai un p\u0101rvad\u0101\u0161anai. T\u0101 atbilst starptautiskajam UN\/1A1\/X\/250 standartam, nodro\u0161inot maksim\u0101lu dro\u0161\u012bbu, iztur\u012bbu un atbilst\u012bbu noteikumiem. <\/p>\n","protected":false},"featured_media":24348,"template":"","meta":[],"product_brand":[],"product_cat":[313],"product_tag":[],"class_list":{"0":"post-24366","1":"product","2":"type-product","3":"status-publish","4":"has-post-thumbnail","6":"product_cat-bungas-un-skardenes","7":"product_shipping_class-omniva-lv","9":"first","10":"instock","11":"taxable","12":"shipping-taxable","13":"product-type-simple"},"yoast_head":"<!-- This site is optimized with the Yoast SEO plugin v26.9 - https:\/\/yoast.com\/product\/yoast-seo-wordpress\/ -->\n<title>T\u0113rauda kanna 500 ml \u2013 UN 1A1 X v\u0113rt\u0113jums b\u012bstamiem \u0161\u0137idrumiem - IBC konteineri m&uuml;&uuml;k, vaadid, kraanid, mahutid<\/title>\n<meta name=\"description\" content=\"\u0160\u012b 500ml cie\u0161i nosl\u0113gt\u0101 t\u0113rauda kanna ir sertific\u0113ta b\u012bstamu \u0161\u0137idrumu, tai skait\u0101 I iepakojuma grupas (\u013coti b\u012bstamu vielu), dro\u0161ai uzglab\u0101\u0161anai un p\u0101rvad\u0101\u0161anai.\" \/>\n<meta name=\"robots\" content=\"index, follow, max-snippet:-1, max-image-preview:large, max-video-preview:-1\" \/>\n<link rel=\"canonical\" href=\"https:\/\/ibc.ee\/lv\/product\/terauda-kanna-500-ml-un-1a1-x-vertejums-bistamiem-skidrumiem\/\" \/>\n<meta property=\"og:locale\" content=\"lv_LV\" \/>\n<meta property=\"og:type\" content=\"article\" \/>\n<meta property=\"og:title\" content=\"T\u0113rauda kanna 500 ml \u2013 UN 1A1 X v\u0113rt\u0113jums b\u012bstamiem \u0161\u0137idrumiem - IBC konteineri m&uuml;&uuml;k, vaadid, kraanid, mahutid\" \/>\n<meta property=\"og:description\" content=\"\u0160\u012b 500ml cie\u0161i nosl\u0113gt\u0101 t\u0113rauda kanna ir sertific\u0113ta b\u012bstamu \u0161\u0137idrumu, tai skait\u0101 I iepakojuma grupas (\u013coti b\u012bstamu vielu), dro\u0161ai uzglab\u0101\u0161anai un p\u0101rvad\u0101\u0161anai.\" \/>\n<meta property=\"og:url\" content=\"https:\/\/ibc.ee\/lv\/product\/terauda-kanna-500-ml-un-1a1-x-vertejums-bistamiem-skidrumiem\/\" \/>\n<meta property=\"og:site_name\" content=\"IBC konteineri m&uuml;&uuml;k, vaadid, kraanid, mahutid\" \/>\n<meta property=\"og:image\" content=\"https:\/\/ibc.ee\/wp-content\/uploads\/2025\/07\/Steel-Can-500ML-UN-1A1-X-Rated-for-Hazardous-Liquids.jpg\" \/>\n\t<meta property=\"og:image:width\" content=\"1000\" \/>\n\t<meta property=\"og:image:height\" content=\"1000\" \/>\n\t<meta property=\"og:image:type\" content=\"image\/jpeg\" \/>\n<meta name=\"twitter:card\" content=\"summary_large_image\" \/>\n<meta name=\"twitter:label1\" content=\"Est. reading time\" \/>\n\t<meta name=\"twitter:data1\" content=\"1 minute\" \/>\n<script type=\"application\/ld+json\" class=\"yoast-schema-graph\">{\"@context\":\"https:\/\/schema.org\",\"@graph\":[{\"@type\":\"WebPage\",\"@id\":\"https:\/\/ibc.ee\/lv\/product\/terauda-kanna-500-ml-un-1a1-x-vertejums-bistamiem-skidrumiem\/\",\"url\":\"https:\/\/ibc.ee\/lv\/product\/terauda-kanna-500-ml-un-1a1-x-vertejums-bistamiem-skidrumiem\/\",\"name\":\"T\u0113rauda kanna 500 ml \u2013 UN 1A1 X v\u0113rt\u0113jums b\u012bstamiem \u0161\u0137idrumiem - IBC konteineri m&uuml;&uuml;k, vaadid, kraanid, mahutid\",\"isPartOf\":{\"@id\":\"https:\/\/www.ibc.ee\/lv\/#website\"},\"primaryImageOfPage\":{\"@id\":\"https:\/\/ibc.ee\/lv\/product\/terauda-kanna-500-ml-un-1a1-x-vertejums-bistamiem-skidrumiem\/#primaryimage\"},\"image\":{\"@id\":\"https:\/\/ibc.ee\/lv\/product\/terauda-kanna-500-ml-un-1a1-x-vertejums-bistamiem-skidrumiem\/#primaryimage\"},\"thumbnailUrl\":\"https:\/\/ibc.ee\/wp-content\/uploads\/2025\/07\/Steel-Can-500ML-UN-1A1-X-Rated-for-Hazardous-Liquids.jpg\",\"datePublished\":\"2025-07-11T07:49:35+00:00\",\"description\":\"\u0160\u012b 500ml cie\u0161i nosl\u0113gt\u0101 t\u0113rauda kanna ir sertific\u0113ta b\u012bstamu \u0161\u0137idrumu, tai skait\u0101 I iepakojuma grupas (\u013coti b\u012bstamu vielu), dro\u0161ai uzglab\u0101\u0161anai un p\u0101rvad\u0101\u0161anai.\",\"breadcrumb\":{\"@id\":\"https:\/\/ibc.ee\/lv\/product\/terauda-kanna-500-ml-un-1a1-x-vertejums-bistamiem-skidrumiem\/#breadcrumb\"},\"inLanguage\":\"lv-LV\",\"potentialAction\":[{\"@type\":\"ReadAction\",\"target\":[\"https:\/\/ibc.ee\/lv\/product\/terauda-kanna-500-ml-un-1a1-x-vertejums-bistamiem-skidrumiem\/\"]}]},{\"@type\":\"ImageObject\",\"inLanguage\":\"lv-LV\",\"@id\":\"https:\/\/ibc.ee\/lv\/product\/terauda-kanna-500-ml-un-1a1-x-vertejums-bistamiem-skidrumiem\/#primaryimage\",\"url\":\"https:\/\/ibc.ee\/wp-content\/uploads\/2025\/07\/Steel-Can-500ML-UN-1A1-X-Rated-for-Hazardous-Liquids.jpg\",\"contentUrl\":\"https:\/\/ibc.ee\/wp-content\/uploads\/2025\/07\/Steel-Can-500ML-UN-1A1-X-Rated-for-Hazardous-Liquids.jpg\",\"width\":1000,\"height\":1000,\"caption\":\"Steel Can 500ML \u2013 UN 1A1 X-Rated for Hazardous Liquids\"},{\"@type\":\"BreadcrumbList\",\"@id\":\"https:\/\/ibc.ee\/lv\/product\/terauda-kanna-500-ml-un-1a1-x-vertejums-bistamiem-skidrumiem\/#breadcrumb\",\"itemListElement\":[{\"@type\":\"ListItem\",\"position\":1,\"name\":\"\u0413\u043b\u0430\u0432\u043d\u0430\u044f \u0441\u0442\u0440\u0430\u043d\u0438\u0446\u0430\",\"item\":\"https:\/\/www.ibc.ee\/lv\/\"},{\"@type\":\"ListItem\",\"position\":2,\"name\":\"Veikals\",\"item\":\"https:\/\/www.ibc.ee\/lv\/shop\/\"},{\"@type\":\"ListItem\",\"position\":3,\"name\":\"T\u0113rauda kanna 500 ml \u2013 UN 1A1 X v\u0113rt\u0113jums b\u012bstamiem \u0161\u0137idrumiem\"}]},{\"@type\":\"WebSite\",\"@id\":\"https:\/\/www.ibc.ee\/lv\/#website\",\"url\":\"https:\/\/www.ibc.ee\/lv\/\",\"name\":\"IBC konteineri m&uuml;&uuml;k, vaadid, kraanid, mahutid\",\"description\":\"IBC - Tank container valve, Adapters\\\\fittings, Intermediate bulk, container, Drums\/cans\",\"potentialAction\":[{\"@type\":\"SearchAction\",\"target\":{\"@type\":\"EntryPoint\",\"urlTemplate\":\"https:\/\/www.ibc.ee\/lv\/?s={search_term_string}\"},\"query-input\":{\"@type\":\"PropertyValueSpecification\",\"valueRequired\":true,\"valueName\":\"search_term_string\"}}],\"inLanguage\":\"lv-LV\"}]}<\/script>\n<!-- \/ Yoast SEO plugin. -->","yoast_head_json":{"title":"T\u0113rauda kanna 500 ml \u2013 UN 1A1 X v\u0113rt\u0113jums b\u012bstamiem \u0161\u0137idrumiem - IBC konteineri m&uuml;&uuml;k, vaadid, kraanid, mahutid","description":"\u0160\u012b 500ml cie\u0161i nosl\u0113gt\u0101 t\u0113rauda kanna ir sertific\u0113ta b\u012bstamu \u0161\u0137idrumu, tai skait\u0101 I iepakojuma grupas (\u013coti b\u012bstamu vielu), dro\u0161ai uzglab\u0101\u0161anai un p\u0101rvad\u0101\u0161anai.","robots":{"index":"index","follow":"follow","max-snippet":"max-snippet:-1","max-image-preview":"max-image-preview:large","max-video-preview":"max-video-preview:-1"},"canonical":"https:\/\/ibc.ee\/lv\/product\/terauda-kanna-500-ml-un-1a1-x-vertejums-bistamiem-skidrumiem\/","og_locale":"lv_LV","og_type":"article","og_title":"T\u0113rauda kanna 500 ml \u2013 UN 1A1 X v\u0113rt\u0113jums b\u012bstamiem \u0161\u0137idrumiem - IBC konteineri m&uuml;&uuml;k, vaadid, kraanid, mahutid","og_description":"\u0160\u012b 500ml cie\u0161i nosl\u0113gt\u0101 t\u0113rauda kanna ir sertific\u0113ta b\u012bstamu \u0161\u0137idrumu, tai skait\u0101 I iepakojuma grupas (\u013coti b\u012bstamu vielu), dro\u0161ai uzglab\u0101\u0161anai un p\u0101rvad\u0101\u0161anai.","og_url":"https:\/\/ibc.ee\/lv\/product\/terauda-kanna-500-ml-un-1a1-x-vertejums-bistamiem-skidrumiem\/","og_site_name":"IBC konteineri m&uuml;&uuml;k, vaadid, kraanid, mahutid","og_image":[{"width":1000,"height":1000,"url":"https:\/\/ibc.ee\/wp-content\/uploads\/2025\/07\/Steel-Can-500ML-UN-1A1-X-Rated-for-Hazardous-Liquids.jpg","type":"image\/jpeg"}],"twitter_card":"summary_large_image","twitter_misc":{"Est. reading time":"1 minute"},"schema":{"@context":"https:\/\/schema.org","@graph":[{"@type":"WebPage","@id":"https:\/\/ibc.ee\/lv\/product\/terauda-kanna-500-ml-un-1a1-x-vertejums-bistamiem-skidrumiem\/","url":"https:\/\/ibc.ee\/lv\/product\/terauda-kanna-500-ml-un-1a1-x-vertejums-bistamiem-skidrumiem\/","name":"T\u0113rauda kanna 500 ml \u2013 UN 1A1 X v\u0113rt\u0113jums b\u012bstamiem \u0161\u0137idrumiem - IBC konteineri m&uuml;&uuml;k, vaadid, kraanid, mahutid","isPartOf":{"@id":"https:\/\/www.ibc.ee\/lv\/#website"},"primaryImageOfPage":{"@id":"https:\/\/ibc.ee\/lv\/product\/terauda-kanna-500-ml-un-1a1-x-vertejums-bistamiem-skidrumiem\/#primaryimage"},"image":{"@id":"https:\/\/ibc.ee\/lv\/product\/terauda-kanna-500-ml-un-1a1-x-vertejums-bistamiem-skidrumiem\/#primaryimage"},"thumbnailUrl":"https:\/\/ibc.ee\/wp-content\/uploads\/2025\/07\/Steel-Can-500ML-UN-1A1-X-Rated-for-Hazardous-Liquids.jpg","datePublished":"2025-07-11T07:49:35+00:00","description":"\u0160\u012b 500ml cie\u0161i nosl\u0113gt\u0101 t\u0113rauda kanna ir sertific\u0113ta b\u012bstamu \u0161\u0137idrumu, tai skait\u0101 I iepakojuma grupas (\u013coti b\u012bstamu vielu), dro\u0161ai uzglab\u0101\u0161anai un p\u0101rvad\u0101\u0161anai.","breadcrumb":{"@id":"https:\/\/ibc.ee\/lv\/product\/terauda-kanna-500-ml-un-1a1-x-vertejums-bistamiem-skidrumiem\/#breadcrumb"},"inLanguage":"lv-LV","potentialAction":[{"@type":"ReadAction","target":["https:\/\/ibc.ee\/lv\/product\/terauda-kanna-500-ml-un-1a1-x-vertejums-bistamiem-skidrumiem\/"]}]},{"@type":"ImageObject","inLanguage":"lv-LV","@id":"https:\/\/ibc.ee\/lv\/product\/terauda-kanna-500-ml-un-1a1-x-vertejums-bistamiem-skidrumiem\/#primaryimage","url":"https:\/\/ibc.ee\/wp-content\/uploads\/2025\/07\/Steel-Can-500ML-UN-1A1-X-Rated-for-Hazardous-Liquids.jpg","contentUrl":"https:\/\/ibc.ee\/wp-content\/uploads\/2025\/07\/Steel-Can-500ML-UN-1A1-X-Rated-for-Hazardous-Liquids.jpg","width":1000,"height":1000,"caption":"Steel Can 500ML \u2013 UN 1A1 X-Rated for Hazardous Liquids"},{"@type":"BreadcrumbList","@id":"https:\/\/ibc.ee\/lv\/product\/terauda-kanna-500-ml-un-1a1-x-vertejums-bistamiem-skidrumiem\/#breadcrumb","itemListElement":[{"@type":"ListItem","position":1,"name":"\u0413\u043b\u0430\u0432\u043d\u0430\u044f \u0441\u0442\u0440\u0430\u043d\u0438\u0446\u0430","item":"https:\/\/www.ibc.ee\/lv\/"},{"@type":"ListItem","position":2,"name":"Veikals","item":"https:\/\/www.ibc.ee\/lv\/shop\/"},{"@type":"ListItem","position":3,"name":"T\u0113rauda kanna 500 ml \u2013 UN 1A1 X v\u0113rt\u0113jums b\u012bstamiem \u0161\u0137idrumiem"}]},{"@type":"WebSite","@id":"https:\/\/www.ibc.ee\/lv\/#website","url":"https:\/\/www.ibc.ee\/lv\/","name":"IBC konteineri m&uuml;&uuml;k, vaadid, kraanid, mahutid","description":"IBC - Tank container valve, Adapters\\fittings, Intermediate bulk, container, Drums\/cans","potentialAction":[{"@type":"SearchAction","target":{"@type":"EntryPoint","urlTemplate":"https:\/\/www.ibc.ee\/lv\/?s={search_term_string}"},"query-input":{"@type":"PropertyValueSpecification","valueRequired":true,"valueName":"search_term_string"}}],"inLanguage":"lv-LV"}]}},"_links":{"self":[{"href":"https:\/\/ibc.ee\/lv\/wp-json\/wp\/v2\/product\/24366","targetHints":{"allow":["GET"]}}],"collection":[{"href":"https:\/\/ibc.ee\/lv\/wp-json\/wp\/v2\/product"}],"about":[{"href":"https:\/\/ibc.ee\/lv\/wp-json\/wp\/v2\/types\/product"}],"wp:featuredmedia":[{"embeddable":true,"href":"https:\/\/ibc.ee\/lv\/wp-json\/wp\/v2\/media\/24348"}],"wp:attachment":[{"href":"https:\/\/ibc.ee\/lv\/wp-json\/wp\/v2\/media?parent=24366"}],"wp:term":[{"taxonomy":"product_brand","embeddable":true,"href":"https:\/\/ibc.ee\/lv\/wp-json\/wp\/v2\/product_brand?post=24366"},{"taxonomy":"product_cat","embeddable":true,"href":"https:\/\/ibc.ee\/lv\/wp-json\/wp\/v2\/product_cat?post=24366"},{"taxonomy":"product_tag","embeddable":true,"href":"https:\/\/ibc.ee\/lv\/wp-json\/wp\/v2\/product_tag?post=24366"}],"curies":[{"name":"wp","href":"https:\/\/api.w.org\/{rel}","templated":true}]}}