{"id":24385,"date":"2025-07-11T14:58:09","date_gmt":"2025-07-11T13:14:01","guid":{"rendered":"https:\/\/ibc.ee\/product\/5l-plastmasas-kanna-un-3h1-y-150-sertificeta-bistamiem-skidrumiem\/"},"modified":"2025-07-11T15:14:01","modified_gmt":"2025-07-11T13:14:01","slug":"5l-plastmasas-kanna-un-3h1-y-150-sertificeta-bistamiem-skidrumiem","status":"publish","type":"product","link":"https:\/\/ibc.ee\/lv\/product\/5l-plastmasas-kanna-un-3h1-y-150-sertificeta-bistamiem-skidrumiem\/","title":{"rendered":"5L plastmasas kanna \u2013 UN 3H1\/Y\/150 sertific\u0113ta b\u012bstamiem \u0161\u0137idrumiem"},"content":{"rendered":"<p><strong>Galven\u0101s \u012bpa\u0161\u012bbas:<\/strong><br \/>\n&#8211; Tips: 3H1 \u2013 plastmasas kanna ar neatveramu (herm\u0113tisku) v\u0101ku<br \/>\n&#8211; Tilpums: 5 litri<br \/>\n&#8211; UN klasifik\u0101cija: Y \u2013 at\u013cauta II un III iepakojuma grupai<br \/>\n&#8211; Maksim\u0101lais bl\u012bvums: l\u012bdz 1,50 (150 kg\/m\u00b3)<br \/>\n&#8211; Materi\u0101ls: HDPE \u2013 augsta bl\u012bvuma polietil\u0113ns<br \/>\n&#8211; Sertifik\u0101cijas valsts: Polija (PL)<br \/>\n&#8211; Ra\u017eot\u0101js \/ sertifik\u0101ts: COBRO \/ NIFCO<br \/>\n&#8211; \u0112rts rokturis, kompakta un \u0113rti sakraujama forma<\/p>\n<p><strong>Iesp\u0113jamie lietojumi:<\/strong><br \/>\n&#8211; \u0136\u012bmiskie l\u012bdzek\u013ci: t\u012br\u012b\u0161anas l\u012bdzek\u013ci, \u0161\u0137\u012bdin\u0101t\u0101ji, virsmakt\u012bv\u0101s vielas, s\u0101rmi<br \/>\n&#8211; Auto\u0137\u012bmija: dzes\u0113\u0161anas \u0161\u0137idrumi, brem\u017eu \u0161\u0137idrumi, piedevas<br \/>\n&#8211; R\u016bpnieciskie \u0161\u0137idrumi: kr\u0101svielas, sm\u0113rvielas, pl\u016bsmas l\u012bdzek\u013ci<br \/>\n&#8211; Lauksaimniec\u012bba: m\u0113slojumi, augu aizsardz\u012bbas l\u012bdzek\u013ci<br \/>\n&#8211; B\u016bvniec\u012bba: betona piedevas, gruntis, herm\u0113ti\u0137i<\/p>\n<p><strong>Svar\u012bga inform\u0101cija:<\/strong><br \/>\n&#8211; Paredz\u0113ta tikai tehniskiem un \u0137\u012bmiskiem \u0161\u0137idrumiem<br \/>\n&#8211; Nav piem\u0113rota p\u0101rtikai vai dzeramajam \u016bdenim<br \/>\n&#8211; Atbilst ADR \/ RID \/ IMDG \/ IATA transport\u0113\u0161anas noteikumiem<\/p>\n","protected":false},"excerpt":{"rendered":"<p>\u0160\u012b kompakt\u0101 un iztur\u012bg\u0101 5 litru plastmasas kanna ir UN sertific\u0113ta ar mar\u0137\u0113jumu 3H1\/Y\/150, padarot to piem\u0113rotu b\u012bstamu un neb\u012bstamu \u0161\u0137idrumu dro\u0161ai p\u0101rvad\u0101\u0161anai un uzglab\u0101\u0161anai II un III iepakojuma grup\u0101.<\/p>\n<p>Ra\u017eota Polij\u0101, ra\u017eot\u0101js: COBRO, modelis: NIFCO, partija: 11\/2019.<\/p>\n","protected":false},"featured_media":24376,"template":"","meta":[],"product_brand":[],"product_cat":[313],"product_tag":[],"class_list":{"0":"post-24385","1":"product","2":"type-product","3":"status-publish","4":"has-post-thumbnail","6":"product_cat-bungas-un-skardenes","7":"product_shipping_class-omniva-lv","9":"first","10":"instock","11":"taxable","12":"shipping-taxable","13":"product-type-simple"},"yoast_head":"<!-- This site is optimized with the Yoast SEO plugin v26.9 - https:\/\/yoast.com\/product\/yoast-seo-wordpress\/ -->\n<title>5L plastmasas kanna \u2013 UN 3H1\/Y\/150 sertific\u0113ta b\u012bstamiem \u0161\u0137idrumiem - IBC konteineri m&uuml;&uuml;k, vaadid, kraanid, mahutid<\/title>\n<meta name=\"description\" content=\"\u0160\u012b kompakt\u0101 un iztur\u012bg\u0101 5 litru plastmasas kanna ir UN sertific\u0113ta ar mar\u0137\u0113jumu 3H1\/Y\/150, padarot to piem\u0113rotu b\u012bstamu un neb\u012bstamu \u0161\u0137idrumu dro\u0161ai p\u0101rvad\u0101\u0161anai un uzglab\u0101\u0161anai II un III iepakojuma grup\u0101.\" \/>\n<meta name=\"robots\" content=\"index, follow, max-snippet:-1, max-image-preview:large, max-video-preview:-1\" \/>\n<link rel=\"canonical\" href=\"https:\/\/ibc.ee\/lv\/product\/5l-plastmasas-kanna-un-3h1-y-150-sertificeta-bistamiem-skidrumiem\/\" \/>\n<meta property=\"og:locale\" content=\"lv_LV\" \/>\n<meta property=\"og:type\" content=\"article\" \/>\n<meta property=\"og:title\" content=\"5L plastmasas kanna \u2013 UN 3H1\/Y\/150 sertific\u0113ta b\u012bstamiem \u0161\u0137idrumiem - IBC konteineri m&uuml;&uuml;k, vaadid, kraanid, mahutid\" \/>\n<meta property=\"og:description\" content=\"\u0160\u012b kompakt\u0101 un iztur\u012bg\u0101 5 litru plastmasas kanna ir UN sertific\u0113ta ar mar\u0137\u0113jumu 3H1\/Y\/150, padarot to piem\u0113rotu b\u012bstamu un neb\u012bstamu \u0161\u0137idrumu dro\u0161ai p\u0101rvad\u0101\u0161anai un uzglab\u0101\u0161anai II un III iepakojuma grup\u0101.\" \/>\n<meta property=\"og:url\" content=\"https:\/\/ibc.ee\/lv\/product\/5l-plastmasas-kanna-un-3h1-y-150-sertificeta-bistamiem-skidrumiem\/\" \/>\n<meta property=\"og:site_name\" content=\"IBC konteineri m&uuml;&uuml;k, vaadid, kraanid, mahutid\" \/>\n<meta property=\"og:image\" content=\"https:\/\/ibc.ee\/wp-content\/uploads\/2025\/07\/5L-Plastic-Jerrycan-UN-3H1Y150-Certified-for-Hazardous-Liquids.jpg\" \/>\n\t<meta property=\"og:image:width\" content=\"1000\" \/>\n\t<meta property=\"og:image:height\" content=\"1000\" \/>\n\t<meta property=\"og:image:type\" content=\"image\/jpeg\" \/>\n<meta name=\"twitter:card\" content=\"summary_large_image\" \/>\n<meta name=\"twitter:label1\" content=\"Est. reading time\" \/>\n\t<meta name=\"twitter:data1\" content=\"1 minute\" \/>\n<script type=\"application\/ld+json\" class=\"yoast-schema-graph\">{\"@context\":\"https:\/\/schema.org\",\"@graph\":[{\"@type\":\"WebPage\",\"@id\":\"https:\/\/ibc.ee\/lv\/product\/5l-plastmasas-kanna-un-3h1-y-150-sertificeta-bistamiem-skidrumiem\/\",\"url\":\"https:\/\/ibc.ee\/lv\/product\/5l-plastmasas-kanna-un-3h1-y-150-sertificeta-bistamiem-skidrumiem\/\",\"name\":\"5L plastmasas kanna \u2013 UN 3H1\/Y\/150 sertific\u0113ta b\u012bstamiem \u0161\u0137idrumiem - IBC konteineri m&uuml;&uuml;k, vaadid, kraanid, mahutid\",\"isPartOf\":{\"@id\":\"https:\/\/www.ibc.ee\/lv\/#website\"},\"primaryImageOfPage\":{\"@id\":\"https:\/\/ibc.ee\/lv\/product\/5l-plastmasas-kanna-un-3h1-y-150-sertificeta-bistamiem-skidrumiem\/#primaryimage\"},\"image\":{\"@id\":\"https:\/\/ibc.ee\/lv\/product\/5l-plastmasas-kanna-un-3h1-y-150-sertificeta-bistamiem-skidrumiem\/#primaryimage\"},\"thumbnailUrl\":\"https:\/\/ibc.ee\/wp-content\/uploads\/2025\/07\/5L-Plastic-Jerrycan-UN-3H1Y150-Certified-for-Hazardous-Liquids.jpg\",\"datePublished\":\"2025-07-11T13:14:01+00:00\",\"description\":\"\u0160\u012b kompakt\u0101 un iztur\u012bg\u0101 5 litru plastmasas kanna ir UN sertific\u0113ta ar mar\u0137\u0113jumu 3H1\/Y\/150, padarot to piem\u0113rotu b\u012bstamu un neb\u012bstamu \u0161\u0137idrumu dro\u0161ai p\u0101rvad\u0101\u0161anai un uzglab\u0101\u0161anai II un III iepakojuma grup\u0101.\",\"breadcrumb\":{\"@id\":\"https:\/\/ibc.ee\/lv\/product\/5l-plastmasas-kanna-un-3h1-y-150-sertificeta-bistamiem-skidrumiem\/#breadcrumb\"},\"inLanguage\":\"lv-LV\",\"potentialAction\":[{\"@type\":\"ReadAction\",\"target\":[\"https:\/\/ibc.ee\/lv\/product\/5l-plastmasas-kanna-un-3h1-y-150-sertificeta-bistamiem-skidrumiem\/\"]}]},{\"@type\":\"ImageObject\",\"inLanguage\":\"lv-LV\",\"@id\":\"https:\/\/ibc.ee\/lv\/product\/5l-plastmasas-kanna-un-3h1-y-150-sertificeta-bistamiem-skidrumiem\/#primaryimage\",\"url\":\"https:\/\/ibc.ee\/wp-content\/uploads\/2025\/07\/5L-Plastic-Jerrycan-UN-3H1Y150-Certified-for-Hazardous-Liquids.jpg\",\"contentUrl\":\"https:\/\/ibc.ee\/wp-content\/uploads\/2025\/07\/5L-Plastic-Jerrycan-UN-3H1Y150-Certified-for-Hazardous-Liquids.jpg\",\"width\":1000,\"height\":1000,\"caption\":\"-\"},{\"@type\":\"BreadcrumbList\",\"@id\":\"https:\/\/ibc.ee\/lv\/product\/5l-plastmasas-kanna-un-3h1-y-150-sertificeta-bistamiem-skidrumiem\/#breadcrumb\",\"itemListElement\":[{\"@type\":\"ListItem\",\"position\":1,\"name\":\"\u0413\u043b\u0430\u0432\u043d\u0430\u044f \u0441\u0442\u0440\u0430\u043d\u0438\u0446\u0430\",\"item\":\"https:\/\/www.ibc.ee\/lv\/\"},{\"@type\":\"ListItem\",\"position\":2,\"name\":\"Veikals\",\"item\":\"https:\/\/www.ibc.ee\/lv\/shop\/\"},{\"@type\":\"ListItem\",\"position\":3,\"name\":\"5L plastmasas kanna \u2013 UN 3H1\/Y\/150 sertific\u0113ta b\u012bstamiem \u0161\u0137idrumiem\"}]},{\"@type\":\"WebSite\",\"@id\":\"https:\/\/www.ibc.ee\/lv\/#website\",\"url\":\"https:\/\/www.ibc.ee\/lv\/\",\"name\":\"IBC konteineri m&uuml;&uuml;k, vaadid, kraanid, mahutid\",\"description\":\"IBC - Tank container valve, Adapters\\\\fittings, Intermediate bulk, container, Drums\/cans\",\"potentialAction\":[{\"@type\":\"SearchAction\",\"target\":{\"@type\":\"EntryPoint\",\"urlTemplate\":\"https:\/\/www.ibc.ee\/lv\/?s={search_term_string}\"},\"query-input\":{\"@type\":\"PropertyValueSpecification\",\"valueRequired\":true,\"valueName\":\"search_term_string\"}}],\"inLanguage\":\"lv-LV\"}]}<\/script>\n<!-- \/ Yoast SEO plugin. -->","yoast_head_json":{"title":"5L plastmasas kanna \u2013 UN 3H1\/Y\/150 sertific\u0113ta b\u012bstamiem \u0161\u0137idrumiem - IBC konteineri m&uuml;&uuml;k, vaadid, kraanid, mahutid","description":"\u0160\u012b kompakt\u0101 un iztur\u012bg\u0101 5 litru plastmasas kanna ir UN sertific\u0113ta ar mar\u0137\u0113jumu 3H1\/Y\/150, padarot to piem\u0113rotu b\u012bstamu un neb\u012bstamu \u0161\u0137idrumu dro\u0161ai p\u0101rvad\u0101\u0161anai un uzglab\u0101\u0161anai II un III iepakojuma grup\u0101.","robots":{"index":"index","follow":"follow","max-snippet":"max-snippet:-1","max-image-preview":"max-image-preview:large","max-video-preview":"max-video-preview:-1"},"canonical":"https:\/\/ibc.ee\/lv\/product\/5l-plastmasas-kanna-un-3h1-y-150-sertificeta-bistamiem-skidrumiem\/","og_locale":"lv_LV","og_type":"article","og_title":"5L plastmasas kanna \u2013 UN 3H1\/Y\/150 sertific\u0113ta b\u012bstamiem \u0161\u0137idrumiem - IBC konteineri m&uuml;&uuml;k, vaadid, kraanid, mahutid","og_description":"\u0160\u012b kompakt\u0101 un iztur\u012bg\u0101 5 litru plastmasas kanna ir UN sertific\u0113ta ar mar\u0137\u0113jumu 3H1\/Y\/150, padarot to piem\u0113rotu b\u012bstamu un neb\u012bstamu \u0161\u0137idrumu dro\u0161ai p\u0101rvad\u0101\u0161anai un uzglab\u0101\u0161anai II un III iepakojuma grup\u0101.","og_url":"https:\/\/ibc.ee\/lv\/product\/5l-plastmasas-kanna-un-3h1-y-150-sertificeta-bistamiem-skidrumiem\/","og_site_name":"IBC konteineri m&uuml;&uuml;k, vaadid, kraanid, mahutid","og_image":[{"width":1000,"height":1000,"url":"https:\/\/ibc.ee\/wp-content\/uploads\/2025\/07\/5L-Plastic-Jerrycan-UN-3H1Y150-Certified-for-Hazardous-Liquids.jpg","type":"image\/jpeg"}],"twitter_card":"summary_large_image","twitter_misc":{"Est. reading time":"1 minute"},"schema":{"@context":"https:\/\/schema.org","@graph":[{"@type":"WebPage","@id":"https:\/\/ibc.ee\/lv\/product\/5l-plastmasas-kanna-un-3h1-y-150-sertificeta-bistamiem-skidrumiem\/","url":"https:\/\/ibc.ee\/lv\/product\/5l-plastmasas-kanna-un-3h1-y-150-sertificeta-bistamiem-skidrumiem\/","name":"5L plastmasas kanna \u2013 UN 3H1\/Y\/150 sertific\u0113ta b\u012bstamiem \u0161\u0137idrumiem - IBC konteineri m&uuml;&uuml;k, vaadid, kraanid, mahutid","isPartOf":{"@id":"https:\/\/www.ibc.ee\/lv\/#website"},"primaryImageOfPage":{"@id":"https:\/\/ibc.ee\/lv\/product\/5l-plastmasas-kanna-un-3h1-y-150-sertificeta-bistamiem-skidrumiem\/#primaryimage"},"image":{"@id":"https:\/\/ibc.ee\/lv\/product\/5l-plastmasas-kanna-un-3h1-y-150-sertificeta-bistamiem-skidrumiem\/#primaryimage"},"thumbnailUrl":"https:\/\/ibc.ee\/wp-content\/uploads\/2025\/07\/5L-Plastic-Jerrycan-UN-3H1Y150-Certified-for-Hazardous-Liquids.jpg","datePublished":"2025-07-11T13:14:01+00:00","description":"\u0160\u012b kompakt\u0101 un iztur\u012bg\u0101 5 litru plastmasas kanna ir UN sertific\u0113ta ar mar\u0137\u0113jumu 3H1\/Y\/150, padarot to piem\u0113rotu b\u012bstamu un neb\u012bstamu \u0161\u0137idrumu dro\u0161ai p\u0101rvad\u0101\u0161anai un uzglab\u0101\u0161anai II un III iepakojuma grup\u0101.","breadcrumb":{"@id":"https:\/\/ibc.ee\/lv\/product\/5l-plastmasas-kanna-un-3h1-y-150-sertificeta-bistamiem-skidrumiem\/#breadcrumb"},"inLanguage":"lv-LV","potentialAction":[{"@type":"ReadAction","target":["https:\/\/ibc.ee\/lv\/product\/5l-plastmasas-kanna-un-3h1-y-150-sertificeta-bistamiem-skidrumiem\/"]}]},{"@type":"ImageObject","inLanguage":"lv-LV","@id":"https:\/\/ibc.ee\/lv\/product\/5l-plastmasas-kanna-un-3h1-y-150-sertificeta-bistamiem-skidrumiem\/#primaryimage","url":"https:\/\/ibc.ee\/wp-content\/uploads\/2025\/07\/5L-Plastic-Jerrycan-UN-3H1Y150-Certified-for-Hazardous-Liquids.jpg","contentUrl":"https:\/\/ibc.ee\/wp-content\/uploads\/2025\/07\/5L-Plastic-Jerrycan-UN-3H1Y150-Certified-for-Hazardous-Liquids.jpg","width":1000,"height":1000,"caption":"-"},{"@type":"BreadcrumbList","@id":"https:\/\/ibc.ee\/lv\/product\/5l-plastmasas-kanna-un-3h1-y-150-sertificeta-bistamiem-skidrumiem\/#breadcrumb","itemListElement":[{"@type":"ListItem","position":1,"name":"\u0413\u043b\u0430\u0432\u043d\u0430\u044f \u0441\u0442\u0440\u0430\u043d\u0438\u0446\u0430","item":"https:\/\/www.ibc.ee\/lv\/"},{"@type":"ListItem","position":2,"name":"Veikals","item":"https:\/\/www.ibc.ee\/lv\/shop\/"},{"@type":"ListItem","position":3,"name":"5L plastmasas kanna \u2013 UN 3H1\/Y\/150 sertific\u0113ta b\u012bstamiem \u0161\u0137idrumiem"}]},{"@type":"WebSite","@id":"https:\/\/www.ibc.ee\/lv\/#website","url":"https:\/\/www.ibc.ee\/lv\/","name":"IBC konteineri m&uuml;&uuml;k, vaadid, kraanid, mahutid","description":"IBC - Tank container valve, Adapters\\fittings, Intermediate bulk, container, Drums\/cans","potentialAction":[{"@type":"SearchAction","target":{"@type":"EntryPoint","urlTemplate":"https:\/\/www.ibc.ee\/lv\/?s={search_term_string}"},"query-input":{"@type":"PropertyValueSpecification","valueRequired":true,"valueName":"search_term_string"}}],"inLanguage":"lv-LV"}]}},"_links":{"self":[{"href":"https:\/\/ibc.ee\/lv\/wp-json\/wp\/v2\/product\/24385","targetHints":{"allow":["GET"]}}],"collection":[{"href":"https:\/\/ibc.ee\/lv\/wp-json\/wp\/v2\/product"}],"about":[{"href":"https:\/\/ibc.ee\/lv\/wp-json\/wp\/v2\/types\/product"}],"wp:featuredmedia":[{"embeddable":true,"href":"https:\/\/ibc.ee\/lv\/wp-json\/wp\/v2\/media\/24376"}],"wp:attachment":[{"href":"https:\/\/ibc.ee\/lv\/wp-json\/wp\/v2\/media?parent=24385"}],"wp:term":[{"taxonomy":"product_brand","embeddable":true,"href":"https:\/\/ibc.ee\/lv\/wp-json\/wp\/v2\/product_brand?post=24385"},{"taxonomy":"product_cat","embeddable":true,"href":"https:\/\/ibc.ee\/lv\/wp-json\/wp\/v2\/product_cat?post=24385"},{"taxonomy":"product_tag","embeddable":true,"href":"https:\/\/ibc.ee\/lv\/wp-json\/wp\/v2\/product_tag?post=24385"}],"curies":[{"name":"wp","href":"https:\/\/api.w.org\/{rel}","templated":true}]}}