{"id":24452,"date":"2025-07-15T11:11:47","date_gmt":"2025-07-15T09:56:48","guid":{"rendered":"https:\/\/ibc.ee\/product\/25-l-un-sertificeta-hdpe-plastmasas-kanna\/"},"modified":"2025-07-15T12:25:27","modified_gmt":"2025-07-15T10:25:27","slug":"25-l-un-sertificeta-hdpe-plastmasas-kanna","status":"publish","type":"product","link":"https:\/\/ibc.ee\/lv\/product\/25-l-un-sertificeta-hdpe-plastmasas-kanna\/","title":{"rendered":"25\u202fL UN sertific\u0113ta HDPE plastmasas kanna"},"content":{"rendered":"<p><strong>Tehnisk\u0101 inform\u0101cija:<\/strong><br \/>\n&#8211; Tilpums: 25 litri<br \/>\n&#8211; UN mar\u0137\u0113jums: 3H1\/Y\/150<br \/>\n&#8211; Materi\u0101ls: HDPE (augsta bl\u012bvuma polietil\u0113ns)<br \/>\n&#8211; Iepakojuma grupa: II un III (vid\u0113jas un zemas b\u012bstam\u012bbas vielas)<br \/>\n&#8211; V\u0101ci\u0146\u0161: V\u012bt\u0146ots aizskr\u016bv\u0113jams v\u0101ks (iesp\u0113jams ar plombu)<br \/>\n&#8211; Stiprin\u0101\u0161ana: Stiprin\u0101ma un viegli p\u0101rvietojama<br \/>\n&#8211; Atk\u0101rtota izmanto\u0161ana: Iesp\u0113jama p\u0113c pareizas t\u012br\u012b\u0161anas un sertifik\u0101cijas<br \/>\n&#8211; Kr\u0101sa: Balta vai caursp\u012bd\u012bga (atkar\u012bb\u0101 no pieg\u0101des)<\/p>\n<p><strong>Iesp\u0113jamie pielietojumi:<\/strong><br \/>\n&#8211; \u0136\u012bmisk\u0101 r\u016bpniec\u012bba: sk\u0101bes, s\u0101rmi, t\u012br\u012b\u0161anas l\u012bdzek\u013ci, attaukot\u0101ji<br \/>\n&#8211; Lauksaimniec\u012bba: pestic\u012bdi, herbic\u012bdi, \u0161\u0137idrie m\u0113slojumi<br \/>\n&#8211; Autonozare: dzes\u0113\u0161anas \u0161\u0137idrumi, stiklu mazg\u0101\u0161anas \u0161\u0137idrumi, e\u013c\u013cas<br \/>\n&#8211; T\u012br\u012b\u0161anas pakalpojumi: mazg\u0101\u0161anas l\u012bdzek\u013ci, \u0161\u0137\u012bdin\u0101t\u0101ji, dezinfekcijas \u0161\u0137\u012bdumi<br \/>\n&#8211; Atkritumu apsaimnieko\u0161ana: \u0161\u0137idru atkritumu uzglab\u0101\u0161ana pirms utiliz\u0101cijas<br \/>\n&#8211; Lo\u0123istika un eksports: atbilst starptautiskaj\u0101m transporta pras\u012bb\u0101m<br \/>\n&#8211; B\u016bvniec\u012bba un DIY: hidroizol\u0101cijas materi\u0101li, grunti, piedevas<\/p>\n","protected":false},"excerpt":{"rendered":"<p>\u0160\u012b 25 litru HDPE plastmasas kanna ir UN sertific\u0113ts r\u016bpniec\u012bbas konteiners, kas paredz\u0113ts b\u012bstamu un neb\u012bstamu \u0161\u0137idrumu dro\u0161ai uzglab\u0101\u0161anai un p\u0101rvad\u0101\u0161anai. Mar\u0137\u0113jums 3H1\/Y\/150 apliecina atbilst\u012bbu starptautiskajiem standartiem II un III iepakojuma grupai, nodro\u0161inot atbilst\u012bbu ADR, RID, IMDG un IATA p\u0101rvad\u0101jumu noteikumiem. <\/p>\n<p>Kanna ir izgatavota no augsta bl\u012bvuma polietil\u0113na (HDPE), kas nodro\u0161ina lielisku \u0137\u012bmisko iztur\u012bbu.<\/p>\n","protected":false},"featured_media":24443,"template":"","meta":[],"product_brand":[],"product_cat":[313],"product_tag":[],"class_list":{"0":"post-24452","1":"product","2":"type-product","3":"status-publish","4":"has-post-thumbnail","6":"product_cat-bungas-un-skardenes","7":"product_shipping_class-omniva-lv","9":"first","10":"instock","11":"taxable","12":"shipping-taxable","13":"product-type-simple"},"yoast_head":"<!-- This site is optimized with the Yoast SEO plugin v26.9 - https:\/\/yoast.com\/product\/yoast-seo-wordpress\/ -->\n<title>25\u202fL UN sertific\u0113ta HDPE plastmasas kanna - IBC konteineri m&uuml;&uuml;k, vaadid, kraanid, mahutid<\/title>\n<meta name=\"description\" content=\"\u0160\u012b 25 litru HDPE plastmasas kanna ir UN sertific\u0113ts r\u016bpniec\u012bbas konteiners, kas paredz\u0113ts b\u012bstamu un neb\u012bstamu \u0161\u0137idrumu dro\u0161ai uzglab\u0101\u0161anai un p\u0101rvad\u0101\u0161anai.\" \/>\n<meta name=\"robots\" content=\"index, follow, max-snippet:-1, max-image-preview:large, max-video-preview:-1\" \/>\n<link rel=\"canonical\" href=\"https:\/\/ibc.ee\/lv\/product\/25-l-un-sertificeta-hdpe-plastmasas-kanna\/\" \/>\n<meta property=\"og:locale\" content=\"lv_LV\" \/>\n<meta property=\"og:type\" content=\"article\" \/>\n<meta property=\"og:title\" content=\"25\u202fL UN sertific\u0113ta HDPE plastmasas kanna - IBC konteineri m&uuml;&uuml;k, vaadid, kraanid, mahutid\" \/>\n<meta property=\"og:description\" content=\"\u0160\u012b 25 litru HDPE plastmasas kanna ir UN sertific\u0113ts r\u016bpniec\u012bbas konteiners, kas paredz\u0113ts b\u012bstamu un neb\u012bstamu \u0161\u0137idrumu dro\u0161ai uzglab\u0101\u0161anai un p\u0101rvad\u0101\u0161anai.\" \/>\n<meta property=\"og:url\" content=\"https:\/\/ibc.ee\/lv\/product\/25-l-un-sertificeta-hdpe-plastmasas-kanna\/\" \/>\n<meta property=\"og:site_name\" content=\"IBC konteineri m&uuml;&uuml;k, vaadid, kraanid, mahutid\" \/>\n<meta property=\"article:modified_time\" content=\"2025-07-15T10:25:27+00:00\" \/>\n<meta property=\"og:image\" content=\"https:\/\/ibc.ee\/wp-content\/uploads\/2025\/07\/25L-UN-sertifitseeritud-HDPE-plastkanister.jpg\" \/>\n\t<meta property=\"og:image:width\" content=\"1000\" \/>\n\t<meta property=\"og:image:height\" content=\"1000\" \/>\n\t<meta property=\"og:image:type\" content=\"image\/jpeg\" \/>\n<meta name=\"twitter:card\" content=\"summary_large_image\" \/>\n<meta name=\"twitter:label1\" content=\"Est. reading time\" \/>\n\t<meta name=\"twitter:data1\" content=\"1 minute\" \/>\n<script type=\"application\/ld+json\" class=\"yoast-schema-graph\">{\"@context\":\"https:\/\/schema.org\",\"@graph\":[{\"@type\":\"WebPage\",\"@id\":\"https:\/\/ibc.ee\/lv\/product\/25-l-un-sertificeta-hdpe-plastmasas-kanna\/\",\"url\":\"https:\/\/ibc.ee\/lv\/product\/25-l-un-sertificeta-hdpe-plastmasas-kanna\/\",\"name\":\"25\u202fL UN sertific\u0113ta HDPE plastmasas kanna - IBC konteineri m&uuml;&uuml;k, vaadid, kraanid, mahutid\",\"isPartOf\":{\"@id\":\"https:\/\/www.ibc.ee\/lv\/#website\"},\"primaryImageOfPage\":{\"@id\":\"https:\/\/ibc.ee\/lv\/product\/25-l-un-sertificeta-hdpe-plastmasas-kanna\/#primaryimage\"},\"image\":{\"@id\":\"https:\/\/ibc.ee\/lv\/product\/25-l-un-sertificeta-hdpe-plastmasas-kanna\/#primaryimage\"},\"thumbnailUrl\":\"https:\/\/ibc.ee\/wp-content\/uploads\/2025\/07\/25L-UN-sertifitseeritud-HDPE-plastkanister.jpg\",\"datePublished\":\"2025-07-15T09:56:48+00:00\",\"dateModified\":\"2025-07-15T10:25:27+00:00\",\"description\":\"\u0160\u012b 25 litru HDPE plastmasas kanna ir UN sertific\u0113ts r\u016bpniec\u012bbas konteiners, kas paredz\u0113ts b\u012bstamu un neb\u012bstamu \u0161\u0137idrumu dro\u0161ai uzglab\u0101\u0161anai un p\u0101rvad\u0101\u0161anai.\",\"breadcrumb\":{\"@id\":\"https:\/\/ibc.ee\/lv\/product\/25-l-un-sertificeta-hdpe-plastmasas-kanna\/#breadcrumb\"},\"inLanguage\":\"lv-LV\",\"potentialAction\":[{\"@type\":\"ReadAction\",\"target\":[\"https:\/\/ibc.ee\/lv\/product\/25-l-un-sertificeta-hdpe-plastmasas-kanna\/\"]}]},{\"@type\":\"ImageObject\",\"inLanguage\":\"lv-LV\",\"@id\":\"https:\/\/ibc.ee\/lv\/product\/25-l-un-sertificeta-hdpe-plastmasas-kanna\/#primaryimage\",\"url\":\"https:\/\/ibc.ee\/wp-content\/uploads\/2025\/07\/25L-UN-sertifitseeritud-HDPE-plastkanister.jpg\",\"contentUrl\":\"https:\/\/ibc.ee\/wp-content\/uploads\/2025\/07\/25L-UN-sertifitseeritud-HDPE-plastkanister.jpg\",\"width\":1000,\"height\":1000,\"caption\":\"25L UN Certified HDPE Plastic Jerry Can\"},{\"@type\":\"BreadcrumbList\",\"@id\":\"https:\/\/ibc.ee\/lv\/product\/25-l-un-sertificeta-hdpe-plastmasas-kanna\/#breadcrumb\",\"itemListElement\":[{\"@type\":\"ListItem\",\"position\":1,\"name\":\"\u0413\u043b\u0430\u0432\u043d\u0430\u044f \u0441\u0442\u0440\u0430\u043d\u0438\u0446\u0430\",\"item\":\"https:\/\/www.ibc.ee\/lv\/\"},{\"@type\":\"ListItem\",\"position\":2,\"name\":\"Veikals\",\"item\":\"https:\/\/www.ibc.ee\/lv\/shop\/\"},{\"@type\":\"ListItem\",\"position\":3,\"name\":\"25\u202fL UN sertific\u0113ta HDPE plastmasas kanna\"}]},{\"@type\":\"WebSite\",\"@id\":\"https:\/\/www.ibc.ee\/lv\/#website\",\"url\":\"https:\/\/www.ibc.ee\/lv\/\",\"name\":\"IBC konteineri m&uuml;&uuml;k, vaadid, kraanid, mahutid\",\"description\":\"IBC - Tank container valve, Adapters\\\\fittings, Intermediate bulk, container, Drums\/cans\",\"potentialAction\":[{\"@type\":\"SearchAction\",\"target\":{\"@type\":\"EntryPoint\",\"urlTemplate\":\"https:\/\/www.ibc.ee\/lv\/?s={search_term_string}\"},\"query-input\":{\"@type\":\"PropertyValueSpecification\",\"valueRequired\":true,\"valueName\":\"search_term_string\"}}],\"inLanguage\":\"lv-LV\"}]}<\/script>\n<!-- \/ Yoast SEO plugin. -->","yoast_head_json":{"title":"25\u202fL UN sertific\u0113ta HDPE plastmasas kanna - IBC konteineri m&uuml;&uuml;k, vaadid, kraanid, mahutid","description":"\u0160\u012b 25 litru HDPE plastmasas kanna ir UN sertific\u0113ts r\u016bpniec\u012bbas konteiners, kas paredz\u0113ts b\u012bstamu un neb\u012bstamu \u0161\u0137idrumu dro\u0161ai uzglab\u0101\u0161anai un p\u0101rvad\u0101\u0161anai.","robots":{"index":"index","follow":"follow","max-snippet":"max-snippet:-1","max-image-preview":"max-image-preview:large","max-video-preview":"max-video-preview:-1"},"canonical":"https:\/\/ibc.ee\/lv\/product\/25-l-un-sertificeta-hdpe-plastmasas-kanna\/","og_locale":"lv_LV","og_type":"article","og_title":"25\u202fL UN sertific\u0113ta HDPE plastmasas kanna - IBC konteineri m&uuml;&uuml;k, vaadid, kraanid, mahutid","og_description":"\u0160\u012b 25 litru HDPE plastmasas kanna ir UN sertific\u0113ts r\u016bpniec\u012bbas konteiners, kas paredz\u0113ts b\u012bstamu un neb\u012bstamu \u0161\u0137idrumu dro\u0161ai uzglab\u0101\u0161anai un p\u0101rvad\u0101\u0161anai.","og_url":"https:\/\/ibc.ee\/lv\/product\/25-l-un-sertificeta-hdpe-plastmasas-kanna\/","og_site_name":"IBC konteineri m&uuml;&uuml;k, vaadid, kraanid, mahutid","article_modified_time":"2025-07-15T10:25:27+00:00","og_image":[{"width":1000,"height":1000,"url":"https:\/\/ibc.ee\/wp-content\/uploads\/2025\/07\/25L-UN-sertifitseeritud-HDPE-plastkanister.jpg","type":"image\/jpeg"}],"twitter_card":"summary_large_image","twitter_misc":{"Est. reading time":"1 minute"},"schema":{"@context":"https:\/\/schema.org","@graph":[{"@type":"WebPage","@id":"https:\/\/ibc.ee\/lv\/product\/25-l-un-sertificeta-hdpe-plastmasas-kanna\/","url":"https:\/\/ibc.ee\/lv\/product\/25-l-un-sertificeta-hdpe-plastmasas-kanna\/","name":"25\u202fL UN sertific\u0113ta HDPE plastmasas kanna - IBC konteineri m&uuml;&uuml;k, vaadid, kraanid, mahutid","isPartOf":{"@id":"https:\/\/www.ibc.ee\/lv\/#website"},"primaryImageOfPage":{"@id":"https:\/\/ibc.ee\/lv\/product\/25-l-un-sertificeta-hdpe-plastmasas-kanna\/#primaryimage"},"image":{"@id":"https:\/\/ibc.ee\/lv\/product\/25-l-un-sertificeta-hdpe-plastmasas-kanna\/#primaryimage"},"thumbnailUrl":"https:\/\/ibc.ee\/wp-content\/uploads\/2025\/07\/25L-UN-sertifitseeritud-HDPE-plastkanister.jpg","datePublished":"2025-07-15T09:56:48+00:00","dateModified":"2025-07-15T10:25:27+00:00","description":"\u0160\u012b 25 litru HDPE plastmasas kanna ir UN sertific\u0113ts r\u016bpniec\u012bbas konteiners, kas paredz\u0113ts b\u012bstamu un neb\u012bstamu \u0161\u0137idrumu dro\u0161ai uzglab\u0101\u0161anai un p\u0101rvad\u0101\u0161anai.","breadcrumb":{"@id":"https:\/\/ibc.ee\/lv\/product\/25-l-un-sertificeta-hdpe-plastmasas-kanna\/#breadcrumb"},"inLanguage":"lv-LV","potentialAction":[{"@type":"ReadAction","target":["https:\/\/ibc.ee\/lv\/product\/25-l-un-sertificeta-hdpe-plastmasas-kanna\/"]}]},{"@type":"ImageObject","inLanguage":"lv-LV","@id":"https:\/\/ibc.ee\/lv\/product\/25-l-un-sertificeta-hdpe-plastmasas-kanna\/#primaryimage","url":"https:\/\/ibc.ee\/wp-content\/uploads\/2025\/07\/25L-UN-sertifitseeritud-HDPE-plastkanister.jpg","contentUrl":"https:\/\/ibc.ee\/wp-content\/uploads\/2025\/07\/25L-UN-sertifitseeritud-HDPE-plastkanister.jpg","width":1000,"height":1000,"caption":"25L UN Certified HDPE Plastic Jerry Can"},{"@type":"BreadcrumbList","@id":"https:\/\/ibc.ee\/lv\/product\/25-l-un-sertificeta-hdpe-plastmasas-kanna\/#breadcrumb","itemListElement":[{"@type":"ListItem","position":1,"name":"\u0413\u043b\u0430\u0432\u043d\u0430\u044f \u0441\u0442\u0440\u0430\u043d\u0438\u0446\u0430","item":"https:\/\/www.ibc.ee\/lv\/"},{"@type":"ListItem","position":2,"name":"Veikals","item":"https:\/\/www.ibc.ee\/lv\/shop\/"},{"@type":"ListItem","position":3,"name":"25\u202fL UN sertific\u0113ta HDPE plastmasas kanna"}]},{"@type":"WebSite","@id":"https:\/\/www.ibc.ee\/lv\/#website","url":"https:\/\/www.ibc.ee\/lv\/","name":"IBC konteineri m&uuml;&uuml;k, vaadid, kraanid, mahutid","description":"IBC - Tank container valve, Adapters\\fittings, Intermediate bulk, container, Drums\/cans","potentialAction":[{"@type":"SearchAction","target":{"@type":"EntryPoint","urlTemplate":"https:\/\/www.ibc.ee\/lv\/?s={search_term_string}"},"query-input":{"@type":"PropertyValueSpecification","valueRequired":true,"valueName":"search_term_string"}}],"inLanguage":"lv-LV"}]}},"_links":{"self":[{"href":"https:\/\/ibc.ee\/lv\/wp-json\/wp\/v2\/product\/24452","targetHints":{"allow":["GET"]}}],"collection":[{"href":"https:\/\/ibc.ee\/lv\/wp-json\/wp\/v2\/product"}],"about":[{"href":"https:\/\/ibc.ee\/lv\/wp-json\/wp\/v2\/types\/product"}],"wp:featuredmedia":[{"embeddable":true,"href":"https:\/\/ibc.ee\/lv\/wp-json\/wp\/v2\/media\/24443"}],"wp:attachment":[{"href":"https:\/\/ibc.ee\/lv\/wp-json\/wp\/v2\/media?parent=24452"}],"wp:term":[{"taxonomy":"product_brand","embeddable":true,"href":"https:\/\/ibc.ee\/lv\/wp-json\/wp\/v2\/product_brand?post=24452"},{"taxonomy":"product_cat","embeddable":true,"href":"https:\/\/ibc.ee\/lv\/wp-json\/wp\/v2\/product_cat?post=24452"},{"taxonomy":"product_tag","embeddable":true,"href":"https:\/\/ibc.ee\/lv\/wp-json\/wp\/v2\/product_tag?post=24452"}],"curies":[{"name":"wp","href":"https:\/\/api.w.org\/{rel}","templated":true}]}}