{"id":24491,"date":"2025-07-16T13:43:15","date_gmt":"2025-07-16T12:20:46","guid":{"rendered":"https:\/\/ibc.ee\/product\/newcube-ibc-1000-blue-1000-l-ibc-konteiners\/"},"modified":"2025-08-08T10:08:31","modified_gmt":"2025-08-08T08:08:31","slug":"newcube-ibc-1000-blue-1000-l-ibc-konteiners","status":"publish","type":"product","link":"https:\/\/ibc.ee\/lv\/product\/newcube-ibc-1000-blue-1000-l-ibc-konteiners\/","title":{"rendered":"NewCube IBC 1000 Blue \u2013 1000\u202fL IBC konteiners"},"content":{"rendered":"<p><strong>Ieteicam\u0101s pielieto\u0161anas jomas<\/strong><br \/>\n&#8211; Lietus\u016bdens sav\u0101k\u0161anai<br \/>\n&#8211; Lauksamniec\u012bbai un ap\u016bde\u0146o\u0161anai<br \/>\n&#8211; \u016adens pieg\u0101dei b\u016bvobjektos<br \/>\n&#8211; Tehnisk\u0101 un pel\u0113k\u0101 \u016bdens uzglab\u0101\u0161anai<br \/>\n&#8211; T\u012br\u012b\u0161anas \u0161\u0137\u012bdumiem un mazg\u0101\u0161anas l\u012bdzek\u013ciem<br \/>\n&#8211; R\u016bpnieciskajiem, neb\u012bstamajiem \u0161\u0137idrumiem<\/p>\n<p><strong>Svar\u012bga inform\u0101cija<\/strong><br \/>\n&#8211; Bez UN vai FDA sertifik\u0101tiem \u2013 nav piem\u0113rots dzeramajam \u016bdenim, p\u0101rtikai vai reglament\u0113t\u0101m \u0137\u012bmisk\u0101m viel\u0101m.<br \/>&#8211; Ieteicams nekritiskai lieto\u0161anai: lauku saimniec\u012bb\u0101s, darbn\u012bc\u0101s, b\u016bvniec\u012bb\u0101 vai priv\u0101tai lieto\u0161anai. <\/p>\n","protected":false},"excerpt":{"rendered":"<p>NewCube IBC 1000 Blue ir piln\u012bgi jauns 1000 litru starpkonteiners (IBC), kas izgatavots no iztur\u012bga zila augsta bl\u012bvuma polietil\u0113na (HDPE). Tas ir ide\u0101li piem\u0113rots \u0161\u0137idrumu uzglab\u0101\u0161anai un p\u0101rvad\u0101\u0161anai, ja nav nepiecie\u0161ami UN vai FDA sertifik\u0101ti. <\/p>\n<p><strong>Galven\u0101s \u012bpa\u0161\u012bbas<\/strong><br \/>\n&#8211; Materi\u0101ls: UV iztur\u012bgs zils HDPE plastmasa<br \/>\n&#8211; R\u0101mis: Cinkota t\u0113rauda re\u017e\u0123is nodro\u0161ina konstrukcijas stabilit\u0101ti<br \/>\n&#8211; V\u0101ks: \u00d8150 mm skr\u016bv\u0113jams v\u0101ks<br \/>\n&#8211; Izpl\u016bdes v\u0101rsts: Standarta S60x6 izpl\u016bdes v\u0101rsts<\/p>\n<p><strong>Zil\u0101s plastmasas priek\u0161roc\u012bbas sal\u012bdzin\u0101jum\u0101 ar caursp\u012bd\u012bgo variantu<\/strong><br \/>\nLab\u0101ka UV aizsardz\u012bba \u2013 zilais materi\u0101ls efekt\u012bv\u0101k iztur saules starojumu, piem\u0113rots lieto\u0161anai \u0101r\u0101.<\/p>\n<p>Ilg\u0101ks kalpo\u0161anas laiks \u2013 maz\u0101ks a\u013c\u0123u pieauguma un materi\u0101la degrad\u0101cijas risks.<\/p>\n<p>Viegl\u0101ka at\u0161\u0137ir\u0161ana \u2013 kr\u0101sa pal\u012bdz izvair\u012bties no sajauk\u0161anas un krusteniskas pies\u0101r\u0146o\u0161anas.<\/p>\n","protected":false},"featured_media":24482,"template":"","meta":[],"product_brand":[],"product_cat":[315],"product_tag":[],"class_list":{"0":"post-24491","1":"product","2":"type-product","3":"status-publish","4":"has-post-thumbnail","6":"product_cat-starppaterina-konteiners-beztaras-ibc-1000-litri","7":"product_shipping_class-containers-lv","9":"first","10":"onbackorder","11":"taxable","12":"shipping-taxable","13":"product-type-simple"},"yoast_head":"<!-- This site is optimized with the Yoast SEO plugin v26.9 - https:\/\/yoast.com\/product\/yoast-seo-wordpress\/ -->\n<title>NewCube IBC 1000 Blue \u2013 1000\u202fL IBC konteiners - IBC konteineri m&uuml;&uuml;k, vaadid, kraanid, mahutid<\/title>\n<meta name=\"description\" content=\"NewCube IBC 1000 Blue ir piln\u012bgi jauns 1000 litru starpkonteiners (IBC), kas izgatavots no iztur\u012bga zila augsta bl\u012bvuma polietil\u0113na (HDPE).\" \/>\n<meta name=\"robots\" content=\"index, follow, max-snippet:-1, max-image-preview:large, max-video-preview:-1\" \/>\n<link rel=\"canonical\" href=\"https:\/\/ibc.ee\/lv\/product\/newcube-ibc-1000-blue-1000-l-ibc-konteiners\/\" \/>\n<meta property=\"og:locale\" content=\"lv_LV\" \/>\n<meta property=\"og:type\" content=\"article\" \/>\n<meta property=\"og:title\" content=\"NewCube IBC 1000 Blue \u2013 1000\u202fL IBC konteiners - IBC konteineri m&uuml;&uuml;k, vaadid, kraanid, mahutid\" \/>\n<meta property=\"og:description\" content=\"NewCube IBC 1000 Blue ir piln\u012bgi jauns 1000 litru starpkonteiners (IBC), kas izgatavots no iztur\u012bga zila augsta bl\u012bvuma polietil\u0113na (HDPE).\" \/>\n<meta property=\"og:url\" content=\"https:\/\/ibc.ee\/lv\/product\/newcube-ibc-1000-blue-1000-l-ibc-konteiners\/\" \/>\n<meta property=\"og:site_name\" content=\"IBC konteineri m&uuml;&uuml;k, vaadid, kraanid, mahutid\" \/>\n<meta property=\"article:modified_time\" content=\"2025-08-08T08:08:31+00:00\" \/>\n<meta property=\"og:image\" content=\"https:\/\/ibc.ee\/wp-content\/uploads\/2025\/07\/NewCube-IBC-1000-sinine-1000l-IBC-mahuti.jpg\" \/>\n\t<meta property=\"og:image:width\" content=\"930\" \/>\n\t<meta property=\"og:image:height\" content=\"930\" \/>\n\t<meta property=\"og:image:type\" content=\"image\/jpeg\" \/>\n<meta name=\"twitter:card\" content=\"summary_large_image\" \/>\n<meta name=\"twitter:label1\" content=\"Est. reading time\" \/>\n\t<meta name=\"twitter:data1\" content=\"1 minute\" \/>\n<script type=\"application\/ld+json\" class=\"yoast-schema-graph\">{\"@context\":\"https:\/\/schema.org\",\"@graph\":[{\"@type\":\"WebPage\",\"@id\":\"https:\/\/ibc.ee\/lv\/product\/newcube-ibc-1000-blue-1000-l-ibc-konteiners\/\",\"url\":\"https:\/\/ibc.ee\/lv\/product\/newcube-ibc-1000-blue-1000-l-ibc-konteiners\/\",\"name\":\"NewCube IBC 1000 Blue \u2013 1000\u202fL IBC konteiners - IBC konteineri m&uuml;&uuml;k, vaadid, kraanid, mahutid\",\"isPartOf\":{\"@id\":\"https:\/\/www.ibc.ee\/lv\/#website\"},\"primaryImageOfPage\":{\"@id\":\"https:\/\/ibc.ee\/lv\/product\/newcube-ibc-1000-blue-1000-l-ibc-konteiners\/#primaryimage\"},\"image\":{\"@id\":\"https:\/\/ibc.ee\/lv\/product\/newcube-ibc-1000-blue-1000-l-ibc-konteiners\/#primaryimage\"},\"thumbnailUrl\":\"https:\/\/ibc.ee\/wp-content\/uploads\/2025\/07\/NewCube-IBC-1000-sinine-1000l-IBC-mahuti.jpg\",\"datePublished\":\"2025-07-16T12:20:46+00:00\",\"dateModified\":\"2025-08-08T08:08:31+00:00\",\"description\":\"NewCube IBC 1000 Blue ir piln\u012bgi jauns 1000 litru starpkonteiners (IBC), kas izgatavots no iztur\u012bga zila augsta bl\u012bvuma polietil\u0113na (HDPE).\",\"breadcrumb\":{\"@id\":\"https:\/\/ibc.ee\/lv\/product\/newcube-ibc-1000-blue-1000-l-ibc-konteiners\/#breadcrumb\"},\"inLanguage\":\"lv-LV\",\"potentialAction\":[{\"@type\":\"ReadAction\",\"target\":[\"https:\/\/ibc.ee\/lv\/product\/newcube-ibc-1000-blue-1000-l-ibc-konteiners\/\"]}]},{\"@type\":\"ImageObject\",\"inLanguage\":\"lv-LV\",\"@id\":\"https:\/\/ibc.ee\/lv\/product\/newcube-ibc-1000-blue-1000-l-ibc-konteiners\/#primaryimage\",\"url\":\"https:\/\/ibc.ee\/wp-content\/uploads\/2025\/07\/NewCube-IBC-1000-sinine-1000l-IBC-mahuti.jpg\",\"contentUrl\":\"https:\/\/ibc.ee\/wp-content\/uploads\/2025\/07\/NewCube-IBC-1000-sinine-1000l-IBC-mahuti.jpg\",\"width\":930,\"height\":930,\"caption\":\"NewCube IBC 1000 Blue \u2013 1000L IBC Tank\"},{\"@type\":\"BreadcrumbList\",\"@id\":\"https:\/\/ibc.ee\/lv\/product\/newcube-ibc-1000-blue-1000-l-ibc-konteiners\/#breadcrumb\",\"itemListElement\":[{\"@type\":\"ListItem\",\"position\":1,\"name\":\"\u0413\u043b\u0430\u0432\u043d\u0430\u044f \u0441\u0442\u0440\u0430\u043d\u0438\u0446\u0430\",\"item\":\"https:\/\/www.ibc.ee\/lv\/\"},{\"@type\":\"ListItem\",\"position\":2,\"name\":\"Veikals\",\"item\":\"https:\/\/www.ibc.ee\/lv\/shop\/\"},{\"@type\":\"ListItem\",\"position\":3,\"name\":\"NewCube IBC 1000 Blue \u2013 1000\u202fL IBC konteiners\"}]},{\"@type\":\"WebSite\",\"@id\":\"https:\/\/www.ibc.ee\/lv\/#website\",\"url\":\"https:\/\/www.ibc.ee\/lv\/\",\"name\":\"IBC konteineri m&uuml;&uuml;k, vaadid, kraanid, mahutid\",\"description\":\"IBC - Tank container valve, Adapters\\\\fittings, Intermediate bulk, container, Drums\/cans\",\"potentialAction\":[{\"@type\":\"SearchAction\",\"target\":{\"@type\":\"EntryPoint\",\"urlTemplate\":\"https:\/\/www.ibc.ee\/lv\/?s={search_term_string}\"},\"query-input\":{\"@type\":\"PropertyValueSpecification\",\"valueRequired\":true,\"valueName\":\"search_term_string\"}}],\"inLanguage\":\"lv-LV\"}]}<\/script>\n<!-- \/ Yoast SEO plugin. -->","yoast_head_json":{"title":"NewCube IBC 1000 Blue \u2013 1000\u202fL IBC konteiners - IBC konteineri m&uuml;&uuml;k, vaadid, kraanid, mahutid","description":"NewCube IBC 1000 Blue ir piln\u012bgi jauns 1000 litru starpkonteiners (IBC), kas izgatavots no iztur\u012bga zila augsta bl\u012bvuma polietil\u0113na (HDPE).","robots":{"index":"index","follow":"follow","max-snippet":"max-snippet:-1","max-image-preview":"max-image-preview:large","max-video-preview":"max-video-preview:-1"},"canonical":"https:\/\/ibc.ee\/lv\/product\/newcube-ibc-1000-blue-1000-l-ibc-konteiners\/","og_locale":"lv_LV","og_type":"article","og_title":"NewCube IBC 1000 Blue \u2013 1000\u202fL IBC konteiners - IBC konteineri m&uuml;&uuml;k, vaadid, kraanid, mahutid","og_description":"NewCube IBC 1000 Blue ir piln\u012bgi jauns 1000 litru starpkonteiners (IBC), kas izgatavots no iztur\u012bga zila augsta bl\u012bvuma polietil\u0113na (HDPE).","og_url":"https:\/\/ibc.ee\/lv\/product\/newcube-ibc-1000-blue-1000-l-ibc-konteiners\/","og_site_name":"IBC konteineri m&uuml;&uuml;k, vaadid, kraanid, mahutid","article_modified_time":"2025-08-08T08:08:31+00:00","og_image":[{"width":930,"height":930,"url":"https:\/\/ibc.ee\/wp-content\/uploads\/2025\/07\/NewCube-IBC-1000-sinine-1000l-IBC-mahuti.jpg","type":"image\/jpeg"}],"twitter_card":"summary_large_image","twitter_misc":{"Est. reading time":"1 minute"},"schema":{"@context":"https:\/\/schema.org","@graph":[{"@type":"WebPage","@id":"https:\/\/ibc.ee\/lv\/product\/newcube-ibc-1000-blue-1000-l-ibc-konteiners\/","url":"https:\/\/ibc.ee\/lv\/product\/newcube-ibc-1000-blue-1000-l-ibc-konteiners\/","name":"NewCube IBC 1000 Blue \u2013 1000\u202fL IBC konteiners - IBC konteineri m&uuml;&uuml;k, vaadid, kraanid, mahutid","isPartOf":{"@id":"https:\/\/www.ibc.ee\/lv\/#website"},"primaryImageOfPage":{"@id":"https:\/\/ibc.ee\/lv\/product\/newcube-ibc-1000-blue-1000-l-ibc-konteiners\/#primaryimage"},"image":{"@id":"https:\/\/ibc.ee\/lv\/product\/newcube-ibc-1000-blue-1000-l-ibc-konteiners\/#primaryimage"},"thumbnailUrl":"https:\/\/ibc.ee\/wp-content\/uploads\/2025\/07\/NewCube-IBC-1000-sinine-1000l-IBC-mahuti.jpg","datePublished":"2025-07-16T12:20:46+00:00","dateModified":"2025-08-08T08:08:31+00:00","description":"NewCube IBC 1000 Blue ir piln\u012bgi jauns 1000 litru starpkonteiners (IBC), kas izgatavots no iztur\u012bga zila augsta bl\u012bvuma polietil\u0113na (HDPE).","breadcrumb":{"@id":"https:\/\/ibc.ee\/lv\/product\/newcube-ibc-1000-blue-1000-l-ibc-konteiners\/#breadcrumb"},"inLanguage":"lv-LV","potentialAction":[{"@type":"ReadAction","target":["https:\/\/ibc.ee\/lv\/product\/newcube-ibc-1000-blue-1000-l-ibc-konteiners\/"]}]},{"@type":"ImageObject","inLanguage":"lv-LV","@id":"https:\/\/ibc.ee\/lv\/product\/newcube-ibc-1000-blue-1000-l-ibc-konteiners\/#primaryimage","url":"https:\/\/ibc.ee\/wp-content\/uploads\/2025\/07\/NewCube-IBC-1000-sinine-1000l-IBC-mahuti.jpg","contentUrl":"https:\/\/ibc.ee\/wp-content\/uploads\/2025\/07\/NewCube-IBC-1000-sinine-1000l-IBC-mahuti.jpg","width":930,"height":930,"caption":"NewCube IBC 1000 Blue \u2013 1000L IBC Tank"},{"@type":"BreadcrumbList","@id":"https:\/\/ibc.ee\/lv\/product\/newcube-ibc-1000-blue-1000-l-ibc-konteiners\/#breadcrumb","itemListElement":[{"@type":"ListItem","position":1,"name":"\u0413\u043b\u0430\u0432\u043d\u0430\u044f \u0441\u0442\u0440\u0430\u043d\u0438\u0446\u0430","item":"https:\/\/www.ibc.ee\/lv\/"},{"@type":"ListItem","position":2,"name":"Veikals","item":"https:\/\/www.ibc.ee\/lv\/shop\/"},{"@type":"ListItem","position":3,"name":"NewCube IBC 1000 Blue \u2013 1000\u202fL IBC konteiners"}]},{"@type":"WebSite","@id":"https:\/\/www.ibc.ee\/lv\/#website","url":"https:\/\/www.ibc.ee\/lv\/","name":"IBC konteineri m&uuml;&uuml;k, vaadid, kraanid, mahutid","description":"IBC - Tank container valve, Adapters\\fittings, Intermediate bulk, container, Drums\/cans","potentialAction":[{"@type":"SearchAction","target":{"@type":"EntryPoint","urlTemplate":"https:\/\/www.ibc.ee\/lv\/?s={search_term_string}"},"query-input":{"@type":"PropertyValueSpecification","valueRequired":true,"valueName":"search_term_string"}}],"inLanguage":"lv-LV"}]}},"_links":{"self":[{"href":"https:\/\/ibc.ee\/lv\/wp-json\/wp\/v2\/product\/24491","targetHints":{"allow":["GET"]}}],"collection":[{"href":"https:\/\/ibc.ee\/lv\/wp-json\/wp\/v2\/product"}],"about":[{"href":"https:\/\/ibc.ee\/lv\/wp-json\/wp\/v2\/types\/product"}],"wp:featuredmedia":[{"embeddable":true,"href":"https:\/\/ibc.ee\/lv\/wp-json\/wp\/v2\/media\/24482"}],"wp:attachment":[{"href":"https:\/\/ibc.ee\/lv\/wp-json\/wp\/v2\/media?parent=24491"}],"wp:term":[{"taxonomy":"product_brand","embeddable":true,"href":"https:\/\/ibc.ee\/lv\/wp-json\/wp\/v2\/product_brand?post=24491"},{"taxonomy":"product_cat","embeddable":true,"href":"https:\/\/ibc.ee\/lv\/wp-json\/wp\/v2\/product_cat?post=24491"},{"taxonomy":"product_tag","embeddable":true,"href":"https:\/\/ibc.ee\/lv\/wp-json\/wp\/v2\/product_tag?post=24491"}],"curies":[{"name":"wp","href":"https:\/\/api.w.org\/{rel}","templated":true}]}}