{"id":24507,"date":"2025-08-05T14:57:09","date_gmt":"2025-08-05T12:57:10","guid":{"rendered":"https:\/\/ibc.ee\/?post_type=product&#038;p=24507"},"modified":"2025-08-08T10:11:16","modified_gmt":"2025-08-08T08:11:16","slug":"200-l-atjaunots-emaljets-metala-muca-ar-nonemamu-vaku","status":"publish","type":"product","link":"https:\/\/ibc.ee\/lv\/product\/200-l-atjaunots-emaljets-metala-muca-ar-nonemamu-vaku\/","title":{"rendered":"200\u202fL atjaunots emalj\u0113ts met\u0101la muca ar no\u0146emamu v\u0101ku"},"content":{"rendered":"<p>\u0160\u012b 200 litru atjaunot\u0101 met\u0101la muca ir izgatavota no iztur\u012bga t\u0113rauda ar emalj\u0113tu iek\u0161\u0113jo p\u0101rkl\u0101jumu, kas nodro\u0161ina aizsardz\u012bbu pret koroziju. Mucai ir piln\u012bb\u0101 no\u0146emams v\u0101ks ar fiks\u0101cijas gredzenu, k\u0101 ar\u012b standarta v\u012bt\u0146otas atveres (2\u201d un \u00be\u201d) ar aizb\u0101\u017e\u0146iem. Lai gan t\u0101 ir lietota, muca ir lab\u0101 tehnisk\u0101 st\u0101vokl\u012b, izt\u012br\u012bta un piem\u0113rota da\u017e\u0101diem tehniskiem un saimnieciskiem m\u0113r\u0137iem.  <\/p>\n<p>Piem\u0113rota:<\/p>\n<ul>\n<li>\u016adens uzglab\u0101\u0161anai d\u0101rz\u0101 vai saimniec\u012bb\u0101<\/li>\n<li>Atkritumu dedzin\u0101\u0161anai (k\u0101 ugunsmuca)<\/li>\n<li>Lietus \u016bdens sav\u0101k\u0161anai<\/li>\n<li>Dro\u0161ai uzglab\u0101\u0161anai ar ne-b\u012bstamiem \u0161\u0137idrumiem<\/li>\n<li>Univers\u0101lai lieto\u0161anai b\u016bvlaukumos<\/li>\n<\/ul>\n","protected":false},"excerpt":{"rendered":"<p>\u0160\u012b 200 litru atjaunot\u0101 met\u0101la muca ir izgatavota no iztur\u012bga t\u0113rauda ar emalj\u0113tu iek\u0161\u0113jo p\u0101rkl\u0101jumu, kas nodro\u0161ina aizsardz\u012bbu pret koroziju. Mucai ir piln\u012bb\u0101 no\u0146emams v\u0101ks ar fiks\u0101cijas gredzenu, k\u0101 ar\u012b standarta v\u012bt\u0146otas atveres (2\u201d un \u00be\u201d) ar aizb\u0101\u017e\u0146iem. Lai gan t\u0101 ir lietota, muca ir lab\u0101 tehnisk\u0101 st\u0101vokl\u012b, izt\u012br\u012bta un piem\u0113rota da\u017e\u0101diem tehniskiem un saimnieciskiem [&hellip;]<\/p>\n","protected":false},"featured_media":24514,"template":"","meta":[],"product_brand":[],"product_cat":[313],"product_tag":[],"class_list":{"0":"post-24507","1":"product","2":"type-product","3":"status-publish","4":"has-post-thumbnail","6":"product_cat-bungas-un-skardenes","7":"product_shipping_class-drums-and-cans-lv","9":"first","10":"instock","11":"taxable","12":"shipping-taxable","13":"purchasable","14":"product-type-simple"},"yoast_head":"<!-- This site is optimized with the Yoast SEO plugin v26.9 - https:\/\/yoast.com\/product\/yoast-seo-wordpress\/ -->\n<title>200\u202fL atjaunots emalj\u0113ts met\u0101la muca ar no\u0146emamu v\u0101ku - IBC konteineri m&uuml;&uuml;k, vaadid, kraanid, mahutid<\/title>\n<meta name=\"description\" content=\"\u0160\u012b 200 litru atjaunot\u0101 met\u0101la muca ir izgatavota no iztur\u012bga t\u0113rauda ar emalj\u0113tu iek\u0161\u0113jo p\u0101rkl\u0101jumu, kas nodro\u0161ina aizsardz\u012bbu pret koroziju.\" \/>\n<meta name=\"robots\" content=\"index, follow, max-snippet:-1, max-image-preview:large, max-video-preview:-1\" \/>\n<link rel=\"canonical\" href=\"https:\/\/ibc.ee\/lv\/product\/200-l-atjaunots-emaljets-metala-muca-ar-nonemamu-vaku\/\" \/>\n<meta property=\"og:locale\" content=\"lv_LV\" \/>\n<meta property=\"og:type\" content=\"article\" \/>\n<meta property=\"og:title\" content=\"200\u202fL atjaunots emalj\u0113ts met\u0101la muca ar no\u0146emamu v\u0101ku - IBC konteineri m&uuml;&uuml;k, vaadid, kraanid, mahutid\" \/>\n<meta property=\"og:description\" content=\"\u0160\u012b 200 litru atjaunot\u0101 met\u0101la muca ir izgatavota no iztur\u012bga t\u0113rauda ar emalj\u0113tu iek\u0161\u0113jo p\u0101rkl\u0101jumu, kas nodro\u0161ina aizsardz\u012bbu pret koroziju.\" \/>\n<meta property=\"og:url\" content=\"https:\/\/ibc.ee\/lv\/product\/200-l-atjaunots-emaljets-metala-muca-ar-nonemamu-vaku\/\" \/>\n<meta property=\"og:site_name\" content=\"IBC konteineri m&uuml;&uuml;k, vaadid, kraanid, mahutid\" \/>\n<meta property=\"article:modified_time\" content=\"2025-08-08T08:11:16+00:00\" \/>\n<meta property=\"og:image\" content=\"https:\/\/ibc.ee\/wp-content\/uploads\/2025\/08\/200-L-taastatud-emailitud-metalltunn-eemaldatava-kaanega.jpg\" \/>\n\t<meta property=\"og:image:width\" content=\"1000\" \/>\n\t<meta property=\"og:image:height\" content=\"1000\" \/>\n\t<meta property=\"og:image:type\" content=\"image\/jpeg\" \/>\n<meta name=\"twitter:card\" content=\"summary_large_image\" \/>\n<meta name=\"twitter:label1\" content=\"Est. reading time\" \/>\n\t<meta name=\"twitter:data1\" content=\"1 minute\" \/>\n<script type=\"application\/ld+json\" class=\"yoast-schema-graph\">{\"@context\":\"https:\/\/schema.org\",\"@graph\":[{\"@type\":\"WebPage\",\"@id\":\"https:\/\/ibc.ee\/lv\/product\/200-l-atjaunots-emaljets-metala-muca-ar-nonemamu-vaku\/\",\"url\":\"https:\/\/ibc.ee\/lv\/product\/200-l-atjaunots-emaljets-metala-muca-ar-nonemamu-vaku\/\",\"name\":\"200\u202fL atjaunots emalj\u0113ts met\u0101la muca ar no\u0146emamu v\u0101ku - IBC konteineri m&uuml;&uuml;k, vaadid, kraanid, mahutid\",\"isPartOf\":{\"@id\":\"https:\/\/www.ibc.ee\/lv\/#website\"},\"primaryImageOfPage\":{\"@id\":\"https:\/\/ibc.ee\/lv\/product\/200-l-atjaunots-emaljets-metala-muca-ar-nonemamu-vaku\/#primaryimage\"},\"image\":{\"@id\":\"https:\/\/ibc.ee\/lv\/product\/200-l-atjaunots-emaljets-metala-muca-ar-nonemamu-vaku\/#primaryimage\"},\"thumbnailUrl\":\"https:\/\/ibc.ee\/wp-content\/uploads\/2025\/08\/200-L-taastatud-emailitud-metalltunn-eemaldatava-kaanega.jpg\",\"datePublished\":\"2025-08-05T12:57:10+00:00\",\"dateModified\":\"2025-08-08T08:11:16+00:00\",\"description\":\"\u0160\u012b 200 litru atjaunot\u0101 met\u0101la muca ir izgatavota no iztur\u012bga t\u0113rauda ar emalj\u0113tu iek\u0161\u0113jo p\u0101rkl\u0101jumu, kas nodro\u0161ina aizsardz\u012bbu pret koroziju.\",\"breadcrumb\":{\"@id\":\"https:\/\/ibc.ee\/lv\/product\/200-l-atjaunots-emaljets-metala-muca-ar-nonemamu-vaku\/#breadcrumb\"},\"inLanguage\":\"lv-LV\",\"potentialAction\":[{\"@type\":\"ReadAction\",\"target\":[\"https:\/\/ibc.ee\/lv\/product\/200-l-atjaunots-emaljets-metala-muca-ar-nonemamu-vaku\/\"]}]},{\"@type\":\"ImageObject\",\"inLanguage\":\"lv-LV\",\"@id\":\"https:\/\/ibc.ee\/lv\/product\/200-l-atjaunots-emaljets-metala-muca-ar-nonemamu-vaku\/#primaryimage\",\"url\":\"https:\/\/ibc.ee\/wp-content\/uploads\/2025\/08\/200-L-taastatud-emailitud-metalltunn-eemaldatava-kaanega.jpg\",\"contentUrl\":\"https:\/\/ibc.ee\/wp-content\/uploads\/2025\/08\/200-L-taastatud-emailitud-metalltunn-eemaldatava-kaanega.jpg\",\"width\":1000,\"height\":1000,\"caption\":\"200-L-taastatud-emailitud-metalltunn-eemaldatava-kaanega\"},{\"@type\":\"BreadcrumbList\",\"@id\":\"https:\/\/ibc.ee\/lv\/product\/200-l-atjaunots-emaljets-metala-muca-ar-nonemamu-vaku\/#breadcrumb\",\"itemListElement\":[{\"@type\":\"ListItem\",\"position\":1,\"name\":\"\u0413\u043b\u0430\u0432\u043d\u0430\u044f \u0441\u0442\u0440\u0430\u043d\u0438\u0446\u0430\",\"item\":\"https:\/\/www.ibc.ee\/lv\/\"},{\"@type\":\"ListItem\",\"position\":2,\"name\":\"Veikals\",\"item\":\"https:\/\/www.ibc.ee\/lv\/shop\/\"},{\"@type\":\"ListItem\",\"position\":3,\"name\":\"200\u202fL atjaunots emalj\u0113ts met\u0101la muca ar no\u0146emamu v\u0101ku\"}]},{\"@type\":\"WebSite\",\"@id\":\"https:\/\/www.ibc.ee\/lv\/#website\",\"url\":\"https:\/\/www.ibc.ee\/lv\/\",\"name\":\"IBC konteineri m&uuml;&uuml;k, vaadid, kraanid, mahutid\",\"description\":\"IBC - Tank container valve, Adapters\\\\fittings, Intermediate bulk, container, Drums\/cans\",\"potentialAction\":[{\"@type\":\"SearchAction\",\"target\":{\"@type\":\"EntryPoint\",\"urlTemplate\":\"https:\/\/www.ibc.ee\/lv\/?s={search_term_string}\"},\"query-input\":{\"@type\":\"PropertyValueSpecification\",\"valueRequired\":true,\"valueName\":\"search_term_string\"}}],\"inLanguage\":\"lv-LV\"}]}<\/script>\n<!-- \/ Yoast SEO plugin. -->","yoast_head_json":{"title":"200\u202fL atjaunots emalj\u0113ts met\u0101la muca ar no\u0146emamu v\u0101ku - IBC konteineri m&uuml;&uuml;k, vaadid, kraanid, mahutid","description":"\u0160\u012b 200 litru atjaunot\u0101 met\u0101la muca ir izgatavota no iztur\u012bga t\u0113rauda ar emalj\u0113tu iek\u0161\u0113jo p\u0101rkl\u0101jumu, kas nodro\u0161ina aizsardz\u012bbu pret koroziju.","robots":{"index":"index","follow":"follow","max-snippet":"max-snippet:-1","max-image-preview":"max-image-preview:large","max-video-preview":"max-video-preview:-1"},"canonical":"https:\/\/ibc.ee\/lv\/product\/200-l-atjaunots-emaljets-metala-muca-ar-nonemamu-vaku\/","og_locale":"lv_LV","og_type":"article","og_title":"200\u202fL atjaunots emalj\u0113ts met\u0101la muca ar no\u0146emamu v\u0101ku - IBC konteineri m&uuml;&uuml;k, vaadid, kraanid, mahutid","og_description":"\u0160\u012b 200 litru atjaunot\u0101 met\u0101la muca ir izgatavota no iztur\u012bga t\u0113rauda ar emalj\u0113tu iek\u0161\u0113jo p\u0101rkl\u0101jumu, kas nodro\u0161ina aizsardz\u012bbu pret koroziju.","og_url":"https:\/\/ibc.ee\/lv\/product\/200-l-atjaunots-emaljets-metala-muca-ar-nonemamu-vaku\/","og_site_name":"IBC konteineri m&uuml;&uuml;k, vaadid, kraanid, mahutid","article_modified_time":"2025-08-08T08:11:16+00:00","og_image":[{"width":1000,"height":1000,"url":"https:\/\/ibc.ee\/wp-content\/uploads\/2025\/08\/200-L-taastatud-emailitud-metalltunn-eemaldatava-kaanega.jpg","type":"image\/jpeg"}],"twitter_card":"summary_large_image","twitter_misc":{"Est. reading time":"1 minute"},"schema":{"@context":"https:\/\/schema.org","@graph":[{"@type":"WebPage","@id":"https:\/\/ibc.ee\/lv\/product\/200-l-atjaunots-emaljets-metala-muca-ar-nonemamu-vaku\/","url":"https:\/\/ibc.ee\/lv\/product\/200-l-atjaunots-emaljets-metala-muca-ar-nonemamu-vaku\/","name":"200\u202fL atjaunots emalj\u0113ts met\u0101la muca ar no\u0146emamu v\u0101ku - IBC konteineri m&uuml;&uuml;k, vaadid, kraanid, mahutid","isPartOf":{"@id":"https:\/\/www.ibc.ee\/lv\/#website"},"primaryImageOfPage":{"@id":"https:\/\/ibc.ee\/lv\/product\/200-l-atjaunots-emaljets-metala-muca-ar-nonemamu-vaku\/#primaryimage"},"image":{"@id":"https:\/\/ibc.ee\/lv\/product\/200-l-atjaunots-emaljets-metala-muca-ar-nonemamu-vaku\/#primaryimage"},"thumbnailUrl":"https:\/\/ibc.ee\/wp-content\/uploads\/2025\/08\/200-L-taastatud-emailitud-metalltunn-eemaldatava-kaanega.jpg","datePublished":"2025-08-05T12:57:10+00:00","dateModified":"2025-08-08T08:11:16+00:00","description":"\u0160\u012b 200 litru atjaunot\u0101 met\u0101la muca ir izgatavota no iztur\u012bga t\u0113rauda ar emalj\u0113tu iek\u0161\u0113jo p\u0101rkl\u0101jumu, kas nodro\u0161ina aizsardz\u012bbu pret koroziju.","breadcrumb":{"@id":"https:\/\/ibc.ee\/lv\/product\/200-l-atjaunots-emaljets-metala-muca-ar-nonemamu-vaku\/#breadcrumb"},"inLanguage":"lv-LV","potentialAction":[{"@type":"ReadAction","target":["https:\/\/ibc.ee\/lv\/product\/200-l-atjaunots-emaljets-metala-muca-ar-nonemamu-vaku\/"]}]},{"@type":"ImageObject","inLanguage":"lv-LV","@id":"https:\/\/ibc.ee\/lv\/product\/200-l-atjaunots-emaljets-metala-muca-ar-nonemamu-vaku\/#primaryimage","url":"https:\/\/ibc.ee\/wp-content\/uploads\/2025\/08\/200-L-taastatud-emailitud-metalltunn-eemaldatava-kaanega.jpg","contentUrl":"https:\/\/ibc.ee\/wp-content\/uploads\/2025\/08\/200-L-taastatud-emailitud-metalltunn-eemaldatava-kaanega.jpg","width":1000,"height":1000,"caption":"200-L-taastatud-emailitud-metalltunn-eemaldatava-kaanega"},{"@type":"BreadcrumbList","@id":"https:\/\/ibc.ee\/lv\/product\/200-l-atjaunots-emaljets-metala-muca-ar-nonemamu-vaku\/#breadcrumb","itemListElement":[{"@type":"ListItem","position":1,"name":"\u0413\u043b\u0430\u0432\u043d\u0430\u044f \u0441\u0442\u0440\u0430\u043d\u0438\u0446\u0430","item":"https:\/\/www.ibc.ee\/lv\/"},{"@type":"ListItem","position":2,"name":"Veikals","item":"https:\/\/www.ibc.ee\/lv\/shop\/"},{"@type":"ListItem","position":3,"name":"200\u202fL atjaunots emalj\u0113ts met\u0101la muca ar no\u0146emamu v\u0101ku"}]},{"@type":"WebSite","@id":"https:\/\/www.ibc.ee\/lv\/#website","url":"https:\/\/www.ibc.ee\/lv\/","name":"IBC konteineri m&uuml;&uuml;k, vaadid, kraanid, mahutid","description":"IBC - Tank container valve, Adapters\\fittings, Intermediate bulk, container, Drums\/cans","potentialAction":[{"@type":"SearchAction","target":{"@type":"EntryPoint","urlTemplate":"https:\/\/www.ibc.ee\/lv\/?s={search_term_string}"},"query-input":{"@type":"PropertyValueSpecification","valueRequired":true,"valueName":"search_term_string"}}],"inLanguage":"lv-LV"}]}},"_links":{"self":[{"href":"https:\/\/ibc.ee\/lv\/wp-json\/wp\/v2\/product\/24507","targetHints":{"allow":["GET"]}}],"collection":[{"href":"https:\/\/ibc.ee\/lv\/wp-json\/wp\/v2\/product"}],"about":[{"href":"https:\/\/ibc.ee\/lv\/wp-json\/wp\/v2\/types\/product"}],"wp:featuredmedia":[{"embeddable":true,"href":"https:\/\/ibc.ee\/lv\/wp-json\/wp\/v2\/media\/24514"}],"wp:attachment":[{"href":"https:\/\/ibc.ee\/lv\/wp-json\/wp\/v2\/media?parent=24507"}],"wp:term":[{"taxonomy":"product_brand","embeddable":true,"href":"https:\/\/ibc.ee\/lv\/wp-json\/wp\/v2\/product_brand?post=24507"},{"taxonomy":"product_cat","embeddable":true,"href":"https:\/\/ibc.ee\/lv\/wp-json\/wp\/v2\/product_cat?post=24507"},{"taxonomy":"product_tag","embeddable":true,"href":"https:\/\/ibc.ee\/lv\/wp-json\/wp\/v2\/product_tag?post=24507"}],"curies":[{"name":"wp","href":"https:\/\/api.w.org\/{rel}","templated":true}]}}