{"id":24543,"date":"2025-08-06T11:38:44","date_gmt":"2025-08-06T09:38:45","guid":{"rendered":"https:\/\/ibc.ee\/?post_type=product&#038;p=24543"},"modified":"2025-08-08T10:04:06","modified_gmt":"2025-08-08T08:04:06","slug":"raincube-ibc-1000-lietots-un-mazgats-1000-litru-ibc-konteiners","status":"publish","type":"product","link":"https:\/\/ibc.ee\/lv\/product\/raincube-ibc-1000-lietots-un-mazgats-1000-litru-ibc-konteiners\/","title":{"rendered":"RainCube IBC 1000 \u2013 lietots un mazg\u0101ts 1000 litru IBC konteiners"},"content":{"rendered":"<p>RainCube IBC 1000 ir r\u016bp\u012bgi mazg\u0101ts un p\u0101rbaud\u012bts lietots 1000 litru starpkonteiners (IBC), kas paredz\u0113ts lietus\u016bdens, pel\u0113k\u0101 \u016bdens un citu nedzeramo \u0161\u0137idrumu uzglab\u0101\u0161anai. T\u0101 ir ekonomiska un videi draudz\u012bga izv\u0113le izmanto\u0161anai m\u0101jsaimniec\u012bb\u0101s, d\u0101rzos un viegl\u0101s r\u016bpniec\u012bbas nozar\u0113s, kur nav nepiecie\u0161ami UN vai FDA sertifik\u0101ti. <\/p>\n<p>RainCube IBC 1000 ir lieliski piem\u0113rots:<\/p>\n<ul>\n<li>Lietus\u016bdens sav\u0101k\u0161anai d\u0101rz\u0101, laist\u012b\u0161anai vai tualetes sist\u0113m\u0101m<\/li>\n<li>Pel\u0113k\u0101 \u016bdens uzglab\u0101\u0161anai (izlietnes, du\u0161as, ve\u013cas ma\u0161\u012bnas)<\/li>\n<li>Notek\u016bde\u0146u pagaidu uzglab\u0101\u0161anai<\/li>\n<li>Lauksaimniec\u012bbas vai d\u0101rzkop\u012bbas vajadz\u012bb\u0101m<\/li>\n<li>Tehniskai lieto\u0161anai b\u016bvobjektos<\/li>\n<li>Tvertn\u0113m t\u012br\u012b\u0161anas l\u012bdzek\u013cu at\u0161\u0137aid\u012b\u0161anai<\/li>\n<\/ul>\n","protected":false},"excerpt":{"rendered":"<p>RainCube IBC 1000 ir r\u016bp\u012bgi mazg\u0101ts un p\u0101rbaud\u012bts lietots 1000 litru starpkonteiners (IBC), kas paredz\u0113ts lietus\u016bdens, pel\u0113k\u0101 \u016bdens un citu nedzeramo \u0161\u0137idrumu uzglab\u0101\u0161anai. T\u0101 ir ekonomiska un videi draudz\u012bga izv\u0113le izmanto\u0161anai m\u0101jsaimniec\u012bb\u0101s, d\u0101rzos un viegl\u0101s r\u016bpniec\u012bbas nozar\u0113s, kur nav nepiecie\u0161ami UN vai FDA sertifik\u0101ti. RainCube IBC 1000 ir lieliski piem\u0113rots: Lietus\u016bdens sav\u0101k\u0161anai d\u0101rz\u0101, laist\u012b\u0161anai vai [&hellip;]<\/p>\n","protected":false},"featured_media":24550,"template":"","meta":[],"product_brand":[],"product_cat":[315],"product_tag":[],"class_list":{"0":"post-24543","1":"product","2":"type-product","3":"status-publish","4":"has-post-thumbnail","6":"product_cat-starppaterina-konteiners-beztaras-ibc-1000-litri","7":"product_shipping_class-drums-and-cans-lv","9":"first","10":"instock","11":"taxable","12":"shipping-taxable","13":"purchasable","14":"product-type-simple"},"yoast_head":"<!-- This site is optimized with the Yoast SEO plugin v26.9 - https:\/\/yoast.com\/product\/yoast-seo-wordpress\/ -->\n<title>RainCube IBC 1000 \u2013 lietots un mazg\u0101ts 1000 litru IBC konteiners - IBC konteineri m&uuml;&uuml;k, vaadid, kraanid, mahutid<\/title>\n<meta name=\"description\" content=\"RainCube IBC 1000 ir r\u016bp\u012bgi mazg\u0101ts un p\u0101rbaud\u012bts lietots 1000 litru starpkonteiners (IBC), kas paredz\u0113ts lietus\u016bdens, pel\u0113k\u0101 \u016bdens un citu nedzeramo \u0161\u0137idrumu uzglab\u0101\u0161anai.\" \/>\n<meta name=\"robots\" content=\"index, follow, max-snippet:-1, max-image-preview:large, max-video-preview:-1\" \/>\n<link rel=\"canonical\" href=\"https:\/\/ibc.ee\/lv\/product\/raincube-ibc-1000-lietots-un-mazgats-1000-litru-ibc-konteiners\/\" \/>\n<meta property=\"og:locale\" content=\"lv_LV\" \/>\n<meta property=\"og:type\" content=\"article\" \/>\n<meta property=\"og:title\" content=\"RainCube IBC 1000 \u2013 lietots un mazg\u0101ts 1000 litru IBC konteiners - IBC konteineri m&uuml;&uuml;k, vaadid, kraanid, mahutid\" \/>\n<meta property=\"og:description\" content=\"RainCube IBC 1000 ir r\u016bp\u012bgi mazg\u0101ts un p\u0101rbaud\u012bts lietots 1000 litru starpkonteiners (IBC), kas paredz\u0113ts lietus\u016bdens, pel\u0113k\u0101 \u016bdens un citu nedzeramo \u0161\u0137idrumu uzglab\u0101\u0161anai.\" \/>\n<meta property=\"og:url\" content=\"https:\/\/ibc.ee\/lv\/product\/raincube-ibc-1000-lietots-un-mazgats-1000-litru-ibc-konteiners\/\" \/>\n<meta property=\"og:site_name\" content=\"IBC konteineri m&uuml;&uuml;k, vaadid, kraanid, mahutid\" \/>\n<meta property=\"article:modified_time\" content=\"2025-08-08T08:04:06+00:00\" \/>\n<meta property=\"og:image\" content=\"https:\/\/ibc.ee\/wp-content\/uploads\/2025\/08\/RainCube-IBC-1000-kasutatud-ja-pestud-1000L-IBC-konteiner.jpg\" \/>\n\t<meta property=\"og:image:width\" content=\"1000\" \/>\n\t<meta property=\"og:image:height\" content=\"1000\" \/>\n\t<meta property=\"og:image:type\" content=\"image\/jpeg\" \/>\n<meta name=\"twitter:card\" content=\"summary_large_image\" \/>\n<meta name=\"twitter:label1\" content=\"Est. reading time\" \/>\n\t<meta name=\"twitter:data1\" content=\"1 minute\" \/>\n<script type=\"application\/ld+json\" class=\"yoast-schema-graph\">{\"@context\":\"https:\/\/schema.org\",\"@graph\":[{\"@type\":\"WebPage\",\"@id\":\"https:\/\/ibc.ee\/lv\/product\/raincube-ibc-1000-lietots-un-mazgats-1000-litru-ibc-konteiners\/\",\"url\":\"https:\/\/ibc.ee\/lv\/product\/raincube-ibc-1000-lietots-un-mazgats-1000-litru-ibc-konteiners\/\",\"name\":\"RainCube IBC 1000 \u2013 lietots un mazg\u0101ts 1000 litru IBC konteiners - IBC konteineri m&uuml;&uuml;k, vaadid, kraanid, mahutid\",\"isPartOf\":{\"@id\":\"https:\/\/www.ibc.ee\/lv\/#website\"},\"primaryImageOfPage\":{\"@id\":\"https:\/\/ibc.ee\/lv\/product\/raincube-ibc-1000-lietots-un-mazgats-1000-litru-ibc-konteiners\/#primaryimage\"},\"image\":{\"@id\":\"https:\/\/ibc.ee\/lv\/product\/raincube-ibc-1000-lietots-un-mazgats-1000-litru-ibc-konteiners\/#primaryimage\"},\"thumbnailUrl\":\"https:\/\/ibc.ee\/wp-content\/uploads\/2025\/08\/RainCube-IBC-1000-kasutatud-ja-pestud-1000L-IBC-konteiner.jpg\",\"datePublished\":\"2025-08-06T09:38:45+00:00\",\"dateModified\":\"2025-08-08T08:04:06+00:00\",\"description\":\"RainCube IBC 1000 ir r\u016bp\u012bgi mazg\u0101ts un p\u0101rbaud\u012bts lietots 1000 litru starpkonteiners (IBC), kas paredz\u0113ts lietus\u016bdens, pel\u0113k\u0101 \u016bdens un citu nedzeramo \u0161\u0137idrumu uzglab\u0101\u0161anai.\",\"breadcrumb\":{\"@id\":\"https:\/\/ibc.ee\/lv\/product\/raincube-ibc-1000-lietots-un-mazgats-1000-litru-ibc-konteiners\/#breadcrumb\"},\"inLanguage\":\"lv-LV\",\"potentialAction\":[{\"@type\":\"ReadAction\",\"target\":[\"https:\/\/ibc.ee\/lv\/product\/raincube-ibc-1000-lietots-un-mazgats-1000-litru-ibc-konteiners\/\"]}]},{\"@type\":\"ImageObject\",\"inLanguage\":\"lv-LV\",\"@id\":\"https:\/\/ibc.ee\/lv\/product\/raincube-ibc-1000-lietots-un-mazgats-1000-litru-ibc-konteiners\/#primaryimage\",\"url\":\"https:\/\/ibc.ee\/wp-content\/uploads\/2025\/08\/RainCube-IBC-1000-kasutatud-ja-pestud-1000L-IBC-konteiner.jpg\",\"contentUrl\":\"https:\/\/ibc.ee\/wp-content\/uploads\/2025\/08\/RainCube-IBC-1000-kasutatud-ja-pestud-1000L-IBC-konteiner.jpg\",\"width\":1000,\"height\":1000,\"caption\":\"RainCube IBC 1000 \u2013 used and washed 1000L IBC container\"},{\"@type\":\"BreadcrumbList\",\"@id\":\"https:\/\/ibc.ee\/lv\/product\/raincube-ibc-1000-lietots-un-mazgats-1000-litru-ibc-konteiners\/#breadcrumb\",\"itemListElement\":[{\"@type\":\"ListItem\",\"position\":1,\"name\":\"\u0413\u043b\u0430\u0432\u043d\u0430\u044f \u0441\u0442\u0440\u0430\u043d\u0438\u0446\u0430\",\"item\":\"https:\/\/www.ibc.ee\/lv\/\"},{\"@type\":\"ListItem\",\"position\":2,\"name\":\"Veikals\",\"item\":\"https:\/\/www.ibc.ee\/lv\/shop\/\"},{\"@type\":\"ListItem\",\"position\":3,\"name\":\"RainCube IBC 1000 \u2013 lietots un mazg\u0101ts 1000 litru IBC konteiners\"}]},{\"@type\":\"WebSite\",\"@id\":\"https:\/\/www.ibc.ee\/lv\/#website\",\"url\":\"https:\/\/www.ibc.ee\/lv\/\",\"name\":\"IBC konteineri m&uuml;&uuml;k, vaadid, kraanid, mahutid\",\"description\":\"IBC - Tank container valve, Adapters\\\\fittings, Intermediate bulk, container, Drums\/cans\",\"potentialAction\":[{\"@type\":\"SearchAction\",\"target\":{\"@type\":\"EntryPoint\",\"urlTemplate\":\"https:\/\/www.ibc.ee\/lv\/?s={search_term_string}\"},\"query-input\":{\"@type\":\"PropertyValueSpecification\",\"valueRequired\":true,\"valueName\":\"search_term_string\"}}],\"inLanguage\":\"lv-LV\"}]}<\/script>\n<!-- \/ Yoast SEO plugin. -->","yoast_head_json":{"title":"RainCube IBC 1000 \u2013 lietots un mazg\u0101ts 1000 litru IBC konteiners - IBC konteineri m&uuml;&uuml;k, vaadid, kraanid, mahutid","description":"RainCube IBC 1000 ir r\u016bp\u012bgi mazg\u0101ts un p\u0101rbaud\u012bts lietots 1000 litru starpkonteiners (IBC), kas paredz\u0113ts lietus\u016bdens, pel\u0113k\u0101 \u016bdens un citu nedzeramo \u0161\u0137idrumu uzglab\u0101\u0161anai.","robots":{"index":"index","follow":"follow","max-snippet":"max-snippet:-1","max-image-preview":"max-image-preview:large","max-video-preview":"max-video-preview:-1"},"canonical":"https:\/\/ibc.ee\/lv\/product\/raincube-ibc-1000-lietots-un-mazgats-1000-litru-ibc-konteiners\/","og_locale":"lv_LV","og_type":"article","og_title":"RainCube IBC 1000 \u2013 lietots un mazg\u0101ts 1000 litru IBC konteiners - IBC konteineri m&uuml;&uuml;k, vaadid, kraanid, mahutid","og_description":"RainCube IBC 1000 ir r\u016bp\u012bgi mazg\u0101ts un p\u0101rbaud\u012bts lietots 1000 litru starpkonteiners (IBC), kas paredz\u0113ts lietus\u016bdens, pel\u0113k\u0101 \u016bdens un citu nedzeramo \u0161\u0137idrumu uzglab\u0101\u0161anai.","og_url":"https:\/\/ibc.ee\/lv\/product\/raincube-ibc-1000-lietots-un-mazgats-1000-litru-ibc-konteiners\/","og_site_name":"IBC konteineri m&uuml;&uuml;k, vaadid, kraanid, mahutid","article_modified_time":"2025-08-08T08:04:06+00:00","og_image":[{"width":1000,"height":1000,"url":"https:\/\/ibc.ee\/wp-content\/uploads\/2025\/08\/RainCube-IBC-1000-kasutatud-ja-pestud-1000L-IBC-konteiner.jpg","type":"image\/jpeg"}],"twitter_card":"summary_large_image","twitter_misc":{"Est. reading time":"1 minute"},"schema":{"@context":"https:\/\/schema.org","@graph":[{"@type":"WebPage","@id":"https:\/\/ibc.ee\/lv\/product\/raincube-ibc-1000-lietots-un-mazgats-1000-litru-ibc-konteiners\/","url":"https:\/\/ibc.ee\/lv\/product\/raincube-ibc-1000-lietots-un-mazgats-1000-litru-ibc-konteiners\/","name":"RainCube IBC 1000 \u2013 lietots un mazg\u0101ts 1000 litru IBC konteiners - IBC konteineri m&uuml;&uuml;k, vaadid, kraanid, mahutid","isPartOf":{"@id":"https:\/\/www.ibc.ee\/lv\/#website"},"primaryImageOfPage":{"@id":"https:\/\/ibc.ee\/lv\/product\/raincube-ibc-1000-lietots-un-mazgats-1000-litru-ibc-konteiners\/#primaryimage"},"image":{"@id":"https:\/\/ibc.ee\/lv\/product\/raincube-ibc-1000-lietots-un-mazgats-1000-litru-ibc-konteiners\/#primaryimage"},"thumbnailUrl":"https:\/\/ibc.ee\/wp-content\/uploads\/2025\/08\/RainCube-IBC-1000-kasutatud-ja-pestud-1000L-IBC-konteiner.jpg","datePublished":"2025-08-06T09:38:45+00:00","dateModified":"2025-08-08T08:04:06+00:00","description":"RainCube IBC 1000 ir r\u016bp\u012bgi mazg\u0101ts un p\u0101rbaud\u012bts lietots 1000 litru starpkonteiners (IBC), kas paredz\u0113ts lietus\u016bdens, pel\u0113k\u0101 \u016bdens un citu nedzeramo \u0161\u0137idrumu uzglab\u0101\u0161anai.","breadcrumb":{"@id":"https:\/\/ibc.ee\/lv\/product\/raincube-ibc-1000-lietots-un-mazgats-1000-litru-ibc-konteiners\/#breadcrumb"},"inLanguage":"lv-LV","potentialAction":[{"@type":"ReadAction","target":["https:\/\/ibc.ee\/lv\/product\/raincube-ibc-1000-lietots-un-mazgats-1000-litru-ibc-konteiners\/"]}]},{"@type":"ImageObject","inLanguage":"lv-LV","@id":"https:\/\/ibc.ee\/lv\/product\/raincube-ibc-1000-lietots-un-mazgats-1000-litru-ibc-konteiners\/#primaryimage","url":"https:\/\/ibc.ee\/wp-content\/uploads\/2025\/08\/RainCube-IBC-1000-kasutatud-ja-pestud-1000L-IBC-konteiner.jpg","contentUrl":"https:\/\/ibc.ee\/wp-content\/uploads\/2025\/08\/RainCube-IBC-1000-kasutatud-ja-pestud-1000L-IBC-konteiner.jpg","width":1000,"height":1000,"caption":"RainCube IBC 1000 \u2013 used and washed 1000L IBC container"},{"@type":"BreadcrumbList","@id":"https:\/\/ibc.ee\/lv\/product\/raincube-ibc-1000-lietots-un-mazgats-1000-litru-ibc-konteiners\/#breadcrumb","itemListElement":[{"@type":"ListItem","position":1,"name":"\u0413\u043b\u0430\u0432\u043d\u0430\u044f \u0441\u0442\u0440\u0430\u043d\u0438\u0446\u0430","item":"https:\/\/www.ibc.ee\/lv\/"},{"@type":"ListItem","position":2,"name":"Veikals","item":"https:\/\/www.ibc.ee\/lv\/shop\/"},{"@type":"ListItem","position":3,"name":"RainCube IBC 1000 \u2013 lietots un mazg\u0101ts 1000 litru IBC konteiners"}]},{"@type":"WebSite","@id":"https:\/\/www.ibc.ee\/lv\/#website","url":"https:\/\/www.ibc.ee\/lv\/","name":"IBC konteineri m&uuml;&uuml;k, vaadid, kraanid, mahutid","description":"IBC - Tank container valve, Adapters\\fittings, Intermediate bulk, container, Drums\/cans","potentialAction":[{"@type":"SearchAction","target":{"@type":"EntryPoint","urlTemplate":"https:\/\/www.ibc.ee\/lv\/?s={search_term_string}"},"query-input":{"@type":"PropertyValueSpecification","valueRequired":true,"valueName":"search_term_string"}}],"inLanguage":"lv-LV"}]}},"_links":{"self":[{"href":"https:\/\/ibc.ee\/lv\/wp-json\/wp\/v2\/product\/24543","targetHints":{"allow":["GET"]}}],"collection":[{"href":"https:\/\/ibc.ee\/lv\/wp-json\/wp\/v2\/product"}],"about":[{"href":"https:\/\/ibc.ee\/lv\/wp-json\/wp\/v2\/types\/product"}],"wp:featuredmedia":[{"embeddable":true,"href":"https:\/\/ibc.ee\/lv\/wp-json\/wp\/v2\/media\/24550"}],"wp:attachment":[{"href":"https:\/\/ibc.ee\/lv\/wp-json\/wp\/v2\/media?parent=24543"}],"wp:term":[{"taxonomy":"product_brand","embeddable":true,"href":"https:\/\/ibc.ee\/lv\/wp-json\/wp\/v2\/product_brand?post=24543"},{"taxonomy":"product_cat","embeddable":true,"href":"https:\/\/ibc.ee\/lv\/wp-json\/wp\/v2\/product_cat?post=24543"},{"taxonomy":"product_tag","embeddable":true,"href":"https:\/\/ibc.ee\/lv\/wp-json\/wp\/v2\/product_tag?post=24543"}],"curies":[{"name":"wp","href":"https:\/\/api.w.org\/{rel}","templated":true}]}}