{"id":24616,"date":"2025-10-31T10:20:48","date_gmt":"2025-10-31T08:20:48","guid":{"rendered":"https:\/\/ibc.ee\/?post_type=product&#038;p=24616"},"modified":"2025-10-31T14:15:50","modified_gmt":"2025-10-31T12:15:50","slug":"newcube-un-ibc-1000-blue-1000-l-un-sertificets-ibc-konteiners-partikas-un-rupniecibas-skidrumiem","status":"publish","type":"product","link":"https:\/\/ibc.ee\/lv\/product\/newcube-un-ibc-1000-blue-1000-l-un-sertificets-ibc-konteiners-partikas-un-rupniecibas-skidrumiem\/","title":{"rendered":"NewCube UN IBC 1000 Blue \u2013 1000\u202fL UN sertific\u0113ts IBC konteiners p\u0101rtikas un r\u016bpniec\u012bbas \u0161\u0137idrumiem"},"content":{"rendered":"<p><strong>Galven\u0101s \u012bpa\u0161\u012bbas<\/strong><br \/>\n&#8211; Tilpums: 1000 litri (275 galoni)<br \/>\n&#8211; Materi\u0101ls: UV iztur\u012bgs zils HDPE plastmasa<br \/>\n&#8211; Sertifik\u0101cija: UN sertific\u0113ts b\u012bstamu vielu p\u0101rvad\u0101\u0161anai<br \/>\n&#8211; P\u0101rtikas kvalit\u0101te: Piem\u0113rots saskarei ar p\u0101rtiku un \u0161\u0137idrumiem<br \/>\n&#8211; Ra\u017eo\u0161anas metode: P\u016bst\u0101 plastmasa nodro\u0161ina iztur\u012bbu un \u0137\u012bmisko notur\u012bbu<br \/>\n&#8211; Karkass: Cinkota t\u0113rauda re\u017e\u0123is ar iesp\u0113ju piek\u013c\u016bt ar autoiekr\u0101v\u0113ju no vis\u0101m pus\u0113m<br \/>\n&#8211; V\u0101ks: \u00d8150 mm uzskr\u016bv\u0113jams<br \/>\n&#8211; Izpl\u016bdes v\u0101rsts: Standarta S60x6 ar putek\u013cu v\u0101ci\u0146u<br \/>\n&#8211; Atk\u0101rtoti lietojams: Viegli t\u012br\u0101ms un dezinfic\u0113jams<\/p>\n<p><strong>K\u0101p\u0113c izv\u0113l\u0113ties NewCube UN IBC 1000 Blue?<\/strong><br \/>\n&#8211; Sertific\u0113ts b\u012bstamo kravu starptautiskai p\u0101rvad\u0101\u0161anai<br \/>\n&#8211; Dro\u0161s p\u0101rtikai \u2013 piem\u0113rots e\u013c\u013c\u0101m, s\u012brupiem, dz\u0113rienu izejviel\u0101m<br \/>\n&#8211; UV iztur\u012bg\u0101 zil\u0101 plastmasa aizsarg\u0101 saturu un pagarina kalpo\u0161anas laiku<br \/>\n&#8211; Iztur\u012bgs un sakraujams \u2013 piem\u0113rots noliktav\u0101m un lo\u0123istikai<br \/>\n&#8211; Sader\u012bgs ar liel\u0101ko da\u013cu pild\u012b\u0161anas un iztuk\u0161o\u0161anas sist\u0113mu<\/p>\n<p><strong>Ieteicamais pielietojums<\/strong><br \/>\n&#8211; B\u012bstamo \u0137imik\u0101liju p\u0101rvad\u0101\u0161ana atbilsto\u0161i UN pras\u012bb\u0101m<br \/>\n&#8211; P\u0101rtikas \u0161\u0137idrumu uzglab\u0101\u0161ana (e\u013c\u013cas, ekstrakti, aromatiz\u0113t\u0101ji)<br \/>\n&#8211; R\u016bpnieciskie un farmaceitiskie \u0161\u0137idrumi<br \/>\n&#8211; Lauksaimniec\u012bbas \u0137\u012bmija un m\u0113slojums<br \/>\n&#8211; Dz\u0113rienu r\u016bpniec\u012bba (piem\u0113ram, s\u012brupi, \u016bdens b\u0101zes produkti)<br \/>\n&#8211; Noliktavu un pieg\u0101des \u0137\u0113\u017eu vajadz\u012bb\u0101m<\/p>\n<p><strong>Svar\u012bga inform\u0101cija<\/strong><br \/>\n&#8211; UN mar\u0137\u0113jums uzdruk\u0101ts uz tvertnes<br \/>\n&#8211; Piem\u0113rots profesion\u0101lai un r\u016bpnieciskai lieto\u0161anai, kur svar\u012bga ir atbilst\u012bba un izsekojam\u012bba<\/p>\n","protected":false},"excerpt":{"rendered":"<p>NewCube UN IBC 1000 Blue ir UN sertific\u0113ts, p\u0101rtikas kvalit\u0101tes 1000 litru starpkonteiners (IBC), izgatavots no UV stabiliz\u0113ta augsta bl\u012bvuma polietil\u0113na (HDPE) un pastiprin\u0101ts ar cinkota t\u0113rauda karkasu. Tas paredz\u0113ts dro\u0161ai \u0161\u0137idrumu, tostarp b\u012bstamu vielu un p\u0101rtikas produktu, uzglab\u0101\u0161anai un p\u0101rvad\u0101\u0161anai p\u0101rtikas r\u016bpniec\u012bb\u0101, \u0137\u012bmij\u0101 un ra\u017eo\u0161an\u0101.<\/p>\n","protected":false},"featured_media":24623,"template":"","meta":[],"product_brand":[],"product_cat":[315],"product_tag":[],"class_list":{"0":"post-24616","1":"product","2":"type-product","3":"status-publish","4":"has-post-thumbnail","6":"product_cat-starppaterina-konteiners-beztaras-ibc-1000-litri","7":"product_shipping_class-containers-lv","9":"first","10":"onbackorder","11":"taxable","12":"shipping-taxable","13":"product-type-simple"},"yoast_head":"<!-- This site is optimized with the Yoast SEO plugin v26.9 - https:\/\/yoast.com\/product\/yoast-seo-wordpress\/ -->\n<title>NewCube UN IBC 1000 Blue \u2013 1000\u202fL UN sertific\u0113ts IBC konteiners p\u0101rtikas un r\u016bpniec\u012bbas \u0161\u0137idrumiem - IBC konteineri m&uuml;&uuml;k, vaadid, kraanid, mahutid<\/title>\n<meta name=\"description\" content=\"NewCube UN IBC 1000 Blue ir UN sertific\u0113ts, p\u0101rtikas kvalit\u0101tes 1000 litru starpkonteiners (IBC), izgatavots no UV stabiliz\u0113ta augsta bl\u012bvuma polietil\u0113na (HDPE) un pastiprin\u0101ts ar cinkota t\u0113rauda karkasu.\" \/>\n<meta name=\"robots\" content=\"index, follow, max-snippet:-1, max-image-preview:large, max-video-preview:-1\" \/>\n<link rel=\"canonical\" href=\"https:\/\/ibc.ee\/lv\/product\/newcube-un-ibc-1000-blue-1000-l-un-sertificets-ibc-konteiners-partikas-un-rupniecibas-skidrumiem\/\" \/>\n<meta property=\"og:locale\" content=\"lv_LV\" \/>\n<meta property=\"og:type\" content=\"article\" \/>\n<meta property=\"og:title\" content=\"NewCube UN IBC 1000 Blue \u2013 1000\u202fL UN sertific\u0113ts IBC konteiners p\u0101rtikas un r\u016bpniec\u012bbas \u0161\u0137idrumiem - IBC konteineri m&uuml;&uuml;k, vaadid, kraanid, mahutid\" \/>\n<meta property=\"og:description\" content=\"NewCube UN IBC 1000 Blue ir UN sertific\u0113ts, p\u0101rtikas kvalit\u0101tes 1000 litru starpkonteiners (IBC), izgatavots no UV stabiliz\u0113ta augsta bl\u012bvuma polietil\u0113na (HDPE) un pastiprin\u0101ts ar cinkota t\u0113rauda karkasu.\" \/>\n<meta property=\"og:url\" content=\"https:\/\/ibc.ee\/lv\/product\/newcube-un-ibc-1000-blue-1000-l-un-sertificets-ibc-konteiners-partikas-un-rupniecibas-skidrumiem\/\" \/>\n<meta property=\"og:site_name\" content=\"IBC konteineri m&uuml;&uuml;k, vaadid, kraanid, mahutid\" \/>\n<meta property=\"article:modified_time\" content=\"2025-10-31T12:15:50+00:00\" \/>\n<meta property=\"og:image\" content=\"https:\/\/ibc.ee\/wp-content\/uploads\/2025\/10\/NewCube-UN-IBC-1000-Blue-sinine-1000l-IBC-mahuti.jpg\" \/>\n\t<meta property=\"og:image:width\" content=\"930\" \/>\n\t<meta property=\"og:image:height\" content=\"930\" \/>\n\t<meta property=\"og:image:type\" content=\"image\/jpeg\" \/>\n<meta name=\"twitter:card\" content=\"summary_large_image\" \/>\n<meta name=\"twitter:label1\" content=\"Est. reading time\" \/>\n\t<meta name=\"twitter:data1\" content=\"1 minute\" \/>\n<script type=\"application\/ld+json\" class=\"yoast-schema-graph\">{\"@context\":\"https:\/\/schema.org\",\"@graph\":[{\"@type\":\"WebPage\",\"@id\":\"https:\/\/ibc.ee\/lv\/product\/newcube-un-ibc-1000-blue-1000-l-un-sertificets-ibc-konteiners-partikas-un-rupniecibas-skidrumiem\/\",\"url\":\"https:\/\/ibc.ee\/lv\/product\/newcube-un-ibc-1000-blue-1000-l-un-sertificets-ibc-konteiners-partikas-un-rupniecibas-skidrumiem\/\",\"name\":\"NewCube UN IBC 1000 Blue \u2013 1000\u202fL UN sertific\u0113ts IBC konteiners p\u0101rtikas un r\u016bpniec\u012bbas \u0161\u0137idrumiem - IBC konteineri m&uuml;&uuml;k, vaadid, kraanid, mahutid\",\"isPartOf\":{\"@id\":\"https:\/\/ibc.ee\/lv\/#website\"},\"primaryImageOfPage\":{\"@id\":\"https:\/\/ibc.ee\/lv\/product\/newcube-un-ibc-1000-blue-1000-l-un-sertificets-ibc-konteiners-partikas-un-rupniecibas-skidrumiem\/#primaryimage\"},\"image\":{\"@id\":\"https:\/\/ibc.ee\/lv\/product\/newcube-un-ibc-1000-blue-1000-l-un-sertificets-ibc-konteiners-partikas-un-rupniecibas-skidrumiem\/#primaryimage\"},\"thumbnailUrl\":\"https:\/\/ibc.ee\/wp-content\/uploads\/2025\/10\/NewCube-UN-IBC-1000-Blue-sinine-1000l-IBC-mahuti.jpg\",\"datePublished\":\"2025-10-31T08:20:48+00:00\",\"dateModified\":\"2025-10-31T12:15:50+00:00\",\"description\":\"NewCube UN IBC 1000 Blue ir UN sertific\u0113ts, p\u0101rtikas kvalit\u0101tes 1000 litru starpkonteiners (IBC), izgatavots no UV stabiliz\u0113ta augsta bl\u012bvuma polietil\u0113na (HDPE) un pastiprin\u0101ts ar cinkota t\u0113rauda karkasu.\",\"breadcrumb\":{\"@id\":\"https:\/\/ibc.ee\/lv\/product\/newcube-un-ibc-1000-blue-1000-l-un-sertificets-ibc-konteiners-partikas-un-rupniecibas-skidrumiem\/#breadcrumb\"},\"inLanguage\":\"lv-LV\",\"potentialAction\":[{\"@type\":\"ReadAction\",\"target\":[\"https:\/\/ibc.ee\/lv\/product\/newcube-un-ibc-1000-blue-1000-l-un-sertificets-ibc-konteiners-partikas-un-rupniecibas-skidrumiem\/\"]}]},{\"@type\":\"ImageObject\",\"inLanguage\":\"lv-LV\",\"@id\":\"https:\/\/ibc.ee\/lv\/product\/newcube-un-ibc-1000-blue-1000-l-un-sertificets-ibc-konteiners-partikas-un-rupniecibas-skidrumiem\/#primaryimage\",\"url\":\"https:\/\/ibc.ee\/wp-content\/uploads\/2025\/10\/NewCube-UN-IBC-1000-Blue-sinine-1000l-IBC-mahuti.jpg\",\"contentUrl\":\"https:\/\/ibc.ee\/wp-content\/uploads\/2025\/10\/NewCube-UN-IBC-1000-Blue-sinine-1000l-IBC-mahuti.jpg\",\"width\":930,\"height\":930,\"caption\":\"NewCube UN IBC 1000 Blue \u2013 1000L UN-Approved IBC Container for Food and Industrial Use\"},{\"@type\":\"BreadcrumbList\",\"@id\":\"https:\/\/ibc.ee\/lv\/product\/newcube-un-ibc-1000-blue-1000-l-un-sertificets-ibc-konteiners-partikas-un-rupniecibas-skidrumiem\/#breadcrumb\",\"itemListElement\":[{\"@type\":\"ListItem\",\"position\":1,\"name\":\"\u0413\u043b\u0430\u0432\u043d\u0430\u044f \u0441\u0442\u0440\u0430\u043d\u0438\u0446\u0430\",\"item\":\"https:\/\/ibc.ee\/lv\/\"},{\"@type\":\"ListItem\",\"position\":2,\"name\":\"Veikals\",\"item\":\"https:\/\/ibc.ee\/lv\/shop\/\"},{\"@type\":\"ListItem\",\"position\":3,\"name\":\"NewCube UN IBC 1000 Blue \u2013 1000\u202fL UN sertific\u0113ts IBC konteiners p\u0101rtikas un r\u016bpniec\u012bbas \u0161\u0137idrumiem\"}]},{\"@type\":\"WebSite\",\"@id\":\"https:\/\/ibc.ee\/lv\/#website\",\"url\":\"https:\/\/ibc.ee\/lv\/\",\"name\":\"IBC konteineri m&uuml;&uuml;k, vaadid, kraanid, mahutid\",\"description\":\"IBC - Tank container valve, Adapters\\\\fittings, Intermediate bulk, container, Drums\/cans\",\"potentialAction\":[{\"@type\":\"SearchAction\",\"target\":{\"@type\":\"EntryPoint\",\"urlTemplate\":\"https:\/\/ibc.ee\/lv\/?s={search_term_string}\"},\"query-input\":{\"@type\":\"PropertyValueSpecification\",\"valueRequired\":true,\"valueName\":\"search_term_string\"}}],\"inLanguage\":\"lv-LV\"}]}<\/script>\n<!-- \/ Yoast SEO plugin. -->","yoast_head_json":{"title":"NewCube UN IBC 1000 Blue \u2013 1000\u202fL UN sertific\u0113ts IBC konteiners p\u0101rtikas un r\u016bpniec\u012bbas \u0161\u0137idrumiem - IBC konteineri m&uuml;&uuml;k, vaadid, kraanid, mahutid","description":"NewCube UN IBC 1000 Blue ir UN sertific\u0113ts, p\u0101rtikas kvalit\u0101tes 1000 litru starpkonteiners (IBC), izgatavots no UV stabiliz\u0113ta augsta bl\u012bvuma polietil\u0113na (HDPE) un pastiprin\u0101ts ar cinkota t\u0113rauda karkasu.","robots":{"index":"index","follow":"follow","max-snippet":"max-snippet:-1","max-image-preview":"max-image-preview:large","max-video-preview":"max-video-preview:-1"},"canonical":"https:\/\/ibc.ee\/lv\/product\/newcube-un-ibc-1000-blue-1000-l-un-sertificets-ibc-konteiners-partikas-un-rupniecibas-skidrumiem\/","og_locale":"lv_LV","og_type":"article","og_title":"NewCube UN IBC 1000 Blue \u2013 1000\u202fL UN sertific\u0113ts IBC konteiners p\u0101rtikas un r\u016bpniec\u012bbas \u0161\u0137idrumiem - IBC konteineri m&uuml;&uuml;k, vaadid, kraanid, mahutid","og_description":"NewCube UN IBC 1000 Blue ir UN sertific\u0113ts, p\u0101rtikas kvalit\u0101tes 1000 litru starpkonteiners (IBC), izgatavots no UV stabiliz\u0113ta augsta bl\u012bvuma polietil\u0113na (HDPE) un pastiprin\u0101ts ar cinkota t\u0113rauda karkasu.","og_url":"https:\/\/ibc.ee\/lv\/product\/newcube-un-ibc-1000-blue-1000-l-un-sertificets-ibc-konteiners-partikas-un-rupniecibas-skidrumiem\/","og_site_name":"IBC konteineri m&uuml;&uuml;k, vaadid, kraanid, mahutid","article_modified_time":"2025-10-31T12:15:50+00:00","og_image":[{"width":930,"height":930,"url":"https:\/\/ibc.ee\/wp-content\/uploads\/2025\/10\/NewCube-UN-IBC-1000-Blue-sinine-1000l-IBC-mahuti.jpg","type":"image\/jpeg"}],"twitter_card":"summary_large_image","twitter_misc":{"Est. reading time":"1 minute"},"schema":{"@context":"https:\/\/schema.org","@graph":[{"@type":"WebPage","@id":"https:\/\/ibc.ee\/lv\/product\/newcube-un-ibc-1000-blue-1000-l-un-sertificets-ibc-konteiners-partikas-un-rupniecibas-skidrumiem\/","url":"https:\/\/ibc.ee\/lv\/product\/newcube-un-ibc-1000-blue-1000-l-un-sertificets-ibc-konteiners-partikas-un-rupniecibas-skidrumiem\/","name":"NewCube UN IBC 1000 Blue \u2013 1000\u202fL UN sertific\u0113ts IBC konteiners p\u0101rtikas un r\u016bpniec\u012bbas \u0161\u0137idrumiem - IBC konteineri m&uuml;&uuml;k, vaadid, kraanid, mahutid","isPartOf":{"@id":"https:\/\/ibc.ee\/lv\/#website"},"primaryImageOfPage":{"@id":"https:\/\/ibc.ee\/lv\/product\/newcube-un-ibc-1000-blue-1000-l-un-sertificets-ibc-konteiners-partikas-un-rupniecibas-skidrumiem\/#primaryimage"},"image":{"@id":"https:\/\/ibc.ee\/lv\/product\/newcube-un-ibc-1000-blue-1000-l-un-sertificets-ibc-konteiners-partikas-un-rupniecibas-skidrumiem\/#primaryimage"},"thumbnailUrl":"https:\/\/ibc.ee\/wp-content\/uploads\/2025\/10\/NewCube-UN-IBC-1000-Blue-sinine-1000l-IBC-mahuti.jpg","datePublished":"2025-10-31T08:20:48+00:00","dateModified":"2025-10-31T12:15:50+00:00","description":"NewCube UN IBC 1000 Blue ir UN sertific\u0113ts, p\u0101rtikas kvalit\u0101tes 1000 litru starpkonteiners (IBC), izgatavots no UV stabiliz\u0113ta augsta bl\u012bvuma polietil\u0113na (HDPE) un pastiprin\u0101ts ar cinkota t\u0113rauda karkasu.","breadcrumb":{"@id":"https:\/\/ibc.ee\/lv\/product\/newcube-un-ibc-1000-blue-1000-l-un-sertificets-ibc-konteiners-partikas-un-rupniecibas-skidrumiem\/#breadcrumb"},"inLanguage":"lv-LV","potentialAction":[{"@type":"ReadAction","target":["https:\/\/ibc.ee\/lv\/product\/newcube-un-ibc-1000-blue-1000-l-un-sertificets-ibc-konteiners-partikas-un-rupniecibas-skidrumiem\/"]}]},{"@type":"ImageObject","inLanguage":"lv-LV","@id":"https:\/\/ibc.ee\/lv\/product\/newcube-un-ibc-1000-blue-1000-l-un-sertificets-ibc-konteiners-partikas-un-rupniecibas-skidrumiem\/#primaryimage","url":"https:\/\/ibc.ee\/wp-content\/uploads\/2025\/10\/NewCube-UN-IBC-1000-Blue-sinine-1000l-IBC-mahuti.jpg","contentUrl":"https:\/\/ibc.ee\/wp-content\/uploads\/2025\/10\/NewCube-UN-IBC-1000-Blue-sinine-1000l-IBC-mahuti.jpg","width":930,"height":930,"caption":"NewCube UN IBC 1000 Blue \u2013 1000L UN-Approved IBC Container for Food and Industrial Use"},{"@type":"BreadcrumbList","@id":"https:\/\/ibc.ee\/lv\/product\/newcube-un-ibc-1000-blue-1000-l-un-sertificets-ibc-konteiners-partikas-un-rupniecibas-skidrumiem\/#breadcrumb","itemListElement":[{"@type":"ListItem","position":1,"name":"\u0413\u043b\u0430\u0432\u043d\u0430\u044f \u0441\u0442\u0440\u0430\u043d\u0438\u0446\u0430","item":"https:\/\/ibc.ee\/lv\/"},{"@type":"ListItem","position":2,"name":"Veikals","item":"https:\/\/ibc.ee\/lv\/shop\/"},{"@type":"ListItem","position":3,"name":"NewCube UN IBC 1000 Blue \u2013 1000\u202fL UN sertific\u0113ts IBC konteiners p\u0101rtikas un r\u016bpniec\u012bbas \u0161\u0137idrumiem"}]},{"@type":"WebSite","@id":"https:\/\/ibc.ee\/lv\/#website","url":"https:\/\/ibc.ee\/lv\/","name":"IBC konteineri m&uuml;&uuml;k, vaadid, kraanid, mahutid","description":"IBC - Tank container valve, Adapters\\fittings, Intermediate bulk, container, Drums\/cans","potentialAction":[{"@type":"SearchAction","target":{"@type":"EntryPoint","urlTemplate":"https:\/\/ibc.ee\/lv\/?s={search_term_string}"},"query-input":{"@type":"PropertyValueSpecification","valueRequired":true,"valueName":"search_term_string"}}],"inLanguage":"lv-LV"}]}},"_links":{"self":[{"href":"https:\/\/ibc.ee\/lv\/wp-json\/wp\/v2\/product\/24616","targetHints":{"allow":["GET"]}}],"collection":[{"href":"https:\/\/ibc.ee\/lv\/wp-json\/wp\/v2\/product"}],"about":[{"href":"https:\/\/ibc.ee\/lv\/wp-json\/wp\/v2\/types\/product"}],"wp:featuredmedia":[{"embeddable":true,"href":"https:\/\/ibc.ee\/lv\/wp-json\/wp\/v2\/media\/24623"}],"wp:attachment":[{"href":"https:\/\/ibc.ee\/lv\/wp-json\/wp\/v2\/media?parent=24616"}],"wp:term":[{"taxonomy":"product_brand","embeddable":true,"href":"https:\/\/ibc.ee\/lv\/wp-json\/wp\/v2\/product_brand?post=24616"},{"taxonomy":"product_cat","embeddable":true,"href":"https:\/\/ibc.ee\/lv\/wp-json\/wp\/v2\/product_cat?post=24616"},{"taxonomy":"product_tag","embeddable":true,"href":"https:\/\/ibc.ee\/lv\/wp-json\/wp\/v2\/product_tag?post=24616"}],"curies":[{"name":"wp","href":"https:\/\/api.w.org\/{rel}","templated":true}]}}