{"id":24634,"date":"2025-10-31T11:35:49","date_gmt":"2025-10-31T09:35:49","guid":{"rendered":"https:\/\/ibc.ee\/?post_type=product&#038;p=24634"},"modified":"2025-10-31T14:19:05","modified_gmt":"2025-10-31T12:19:05","slug":"newcube-unfda-ibc-1000-1000-l-un-un-fda-sertificets-ibc-konteiners-bistamam-un-partikas-skidrvielam","status":"publish","type":"product","link":"https:\/\/ibc.ee\/lv\/product\/newcube-unfda-ibc-1000-1000-l-un-un-fda-sertificets-ibc-konteiners-bistamam-un-partikas-skidrvielam\/","title":{"rendered":"NewCube UN+FDA IBC 1000 \u2013 1000\u202fL UN un FDA sertific\u0113ts IBC konteiners b\u012bstam\u0101m un p\u0101rtikas \u0161\u0137idrviel\u0101m"},"content":{"rendered":"<p><strong>Galven\u0101s \u012bpa\u0161\u012bbas<\/strong><br \/>\n&#8211; Tilpums: 1000 litri (275 galoni)<\/p>\n<p>&#8211; Sertifik\u0101ti:<br \/>&#8211; UN sertifik\u0101ts \u2013 atbilst starptautiskajiem b\u012bstamo kravu p\u0101rvad\u0101\u0161anas noteikumiem<br \/>\n&#8211; FDA atbilst\u012bba \u2013 dro\u0161s saskar\u0113 ar p\u0101rtiku un dz\u0113rieniem<\/p>\n<p>&#8211; Materi\u0101ls: Jaunavas HDPE (augsta bl\u012bvuma polietil\u0113ns), p\u016bsts form\u0113\u0161anas veid\u0101, p\u0101rtikas kvalit\u0101te<br \/>\n&#8211; UV aizsardz\u012bba: Dabiska vai zila UV stabiliz\u0113ta plastmasa<br \/>\n&#8211; R\u0101mis: Cinkota t\u0113rauda re\u017e\u0123is, iztur\u012bgs un sakraujams<br \/>\n&#8211; Palete: Kompoz\u012bta vai plastmasas, 4 virzienu ieeja ar autoiekr\u0101v\u0113ju<br \/>\n&#8211; V\u0101ks: \u00d8150 mm skr\u016bv\u0113jams v\u0101ks ar plomb\u0113\u0161anas iesp\u0113ju<br \/>\n&#8211; Izpl\u016bdes v\u0101rsts: Standarta S60x6 ar aizsargv\u0101ci\u0146u<br \/>\n&#8211; Atk\u0101rtoti lietojams: Viegli t\u012br\u0101ms un dezinfic\u0113jams<\/p>\n<p><strong>K\u0101p\u0113c izv\u0113l\u0113ties NewCube UN+FDA IBC 1000?<\/strong><br \/>\n&#8211; Divk\u0101r\u0161a sertifik\u0101cija \u2013 piem\u0113rots gan b\u012bstamaj\u0101m \u0137imik\u0101lij\u0101m, gan p\u0101rtikas \u0161\u0137idrumiem<br \/>\n&#8211; Piem\u0113rots eksportam \u2013 atbilst gan UN, gan FDA pras\u012bb\u0101m<br \/>\n&#8211; Daudzpus\u012bga lieto\u0161ana \u2013 viens konteiners da\u017e\u0101diem regul\u0113tiem lietojumiem<br \/>\n&#8211; Izgatavots no jaunavas materi\u0101liem \u2013 nav pies\u0101r\u0146ojuma riska<br \/>\n&#8211; Iztur\u012bgs un ekonomisks \u2013 ilgs kalpo\u0161anas laiks un atk\u0101rtota lieto\u0161ana<\/p>\n<p><strong>Ieteicamie pielietojumi<\/strong><br \/>\n&#8211; B\u012bstamo \u0137imik\u0101liju transport\u0113\u0161ana (sk\u0101bes, \u0161\u0137\u012bdin\u0101t\u0101ji, t\u012br\u012b\u0161anas l\u012bdzek\u013ci)<br \/>\n&#8211; P\u0101rtikas \u0161\u0137idrumu uzglab\u0101\u0161ana (e\u013c\u013cas, s\u012brupi, ekstrakti, \u016bdens)<br \/>\n&#8211; Dz\u0113rienu sast\u0101vda\u013cu un p\u0101rtikas izejvielu glab\u0101\u0161ana<br \/>\n&#8211; Kosm\u0113tikas un higi\u0113nas l\u012bdzek\u013cu ra\u017eo\u0161ana<br \/>\n&#8211; Farm\u0101cijas un biotehnolo\u0123iju nozare<br \/>\n&#8211; Eksporta iepakojums regul\u0113t\u0101m viel\u0101m<\/p>\n<p><strong>Svar\u012bga inform\u0101cija<\/strong><br \/>\n&#8211; UN un FDA atbilst\u012bbas mar\u0137\u0113jumi skaidri uzdruk\u0101ti uz konteinera<br \/>\n&#8211; Tiek pieg\u0101d\u0101ts jauns, t\u012brs un lieto\u0161anai gatavs<br \/>\n&#8211; Piem\u0113rots gan r\u016bpnieciskai lo\u0123istikai, gan higi\u0113niskiem ra\u017eo\u0161anas procesiem<\/p>\n","protected":false},"excerpt":{"rendered":"<p>NewCube UN+FDA IBC 1000 ir piln\u012bgi jauns 1000 litru starpkonteiners (IBC), kas atbilst augst\u0101kajiem starptautiskajiem dro\u0161\u012bbas un higi\u0113nas standartiem. Tas ir UN sertific\u0113ts b\u012bstamu vielu p\u0101rvad\u0101\u0161anai un FDA atbilsto\u0161s saskar\u0113 ar p\u0101rtiku un dzeramo \u016bdeni. Ide\u0101la izv\u0113le nozar\u0113m, kur nepiecie\u0161ama gan \u0137\u012bmisk\u0101 notur\u012bba, gan p\u0101rtikas dro\u0161\u012bba.  <\/p>\n","protected":false},"featured_media":24641,"template":"","meta":[],"product_brand":[],"product_cat":[315],"product_tag":[],"class_list":{"0":"post-24634","1":"product","2":"type-product","3":"status-publish","4":"has-post-thumbnail","6":"product_cat-starppaterina-konteiners-beztaras-ibc-1000-litri","7":"product_shipping_class-containers-lv","9":"first","10":"onbackorder","11":"taxable","12":"shipping-taxable","13":"purchasable","14":"product-type-simple"},"yoast_head":"<!-- This site is optimized with the Yoast SEO plugin v26.9 - https:\/\/yoast.com\/product\/yoast-seo-wordpress\/ -->\n<title>NewCube UN+FDA IBC 1000 \u2013 1000\u202fL UN un FDA sertific\u0113ts IBC konteiners b\u012bstam\u0101m un p\u0101rtikas \u0161\u0137idrviel\u0101m - IBC konteineri m&uuml;&uuml;k, vaadid, kraanid, mahutid<\/title>\n<meta name=\"description\" content=\"NewCube UN+FDA IBC 1000 ir piln\u012bgi jauns 1000 litru starpkonteiners (IBC), kas atbilst augst\u0101kajiem starptautiskajiem dro\u0161\u012bbas un higi\u0113nas standartiem.\" \/>\n<meta name=\"robots\" content=\"index, follow, max-snippet:-1, max-image-preview:large, max-video-preview:-1\" \/>\n<link rel=\"canonical\" href=\"https:\/\/ibc.ee\/lv\/product\/newcube-unfda-ibc-1000-1000-l-un-un-fda-sertificets-ibc-konteiners-bistamam-un-partikas-skidrvielam\/\" \/>\n<meta property=\"og:locale\" content=\"lv_LV\" \/>\n<meta property=\"og:type\" content=\"article\" \/>\n<meta property=\"og:title\" content=\"NewCube UN+FDA IBC 1000 \u2013 1000\u202fL UN un FDA sertific\u0113ts IBC konteiners b\u012bstam\u0101m un p\u0101rtikas \u0161\u0137idrviel\u0101m - IBC konteineri m&uuml;&uuml;k, vaadid, kraanid, mahutid\" \/>\n<meta property=\"og:description\" content=\"NewCube UN+FDA IBC 1000 ir piln\u012bgi jauns 1000 litru starpkonteiners (IBC), kas atbilst augst\u0101kajiem starptautiskajiem dro\u0161\u012bbas un higi\u0113nas standartiem.\" \/>\n<meta property=\"og:url\" content=\"https:\/\/ibc.ee\/lv\/product\/newcube-unfda-ibc-1000-1000-l-un-un-fda-sertificets-ibc-konteiners-bistamam-un-partikas-skidrvielam\/\" \/>\n<meta property=\"og:site_name\" content=\"IBC konteineri m&uuml;&uuml;k, vaadid, kraanid, mahutid\" \/>\n<meta property=\"article:modified_time\" content=\"2025-10-31T12:19:05+00:00\" \/>\n<meta property=\"og:image\" content=\"https:\/\/ibc.ee\/wp-content\/uploads\/2025\/10\/NewCube-UNFDA-IBC-1000-mahuti.jpg\" \/>\n\t<meta property=\"og:image:width\" content=\"1000\" \/>\n\t<meta property=\"og:image:height\" content=\"1000\" \/>\n\t<meta property=\"og:image:type\" content=\"image\/jpeg\" \/>\n<meta name=\"twitter:card\" content=\"summary_large_image\" \/>\n<meta name=\"twitter:label1\" content=\"Est. reading time\" \/>\n\t<meta name=\"twitter:data1\" content=\"2 minutes\" \/>\n<script type=\"application\/ld+json\" class=\"yoast-schema-graph\">{\"@context\":\"https:\/\/schema.org\",\"@graph\":[{\"@type\":\"WebPage\",\"@id\":\"https:\/\/ibc.ee\/lv\/product\/newcube-unfda-ibc-1000-1000-l-un-un-fda-sertificets-ibc-konteiners-bistamam-un-partikas-skidrvielam\/\",\"url\":\"https:\/\/ibc.ee\/lv\/product\/newcube-unfda-ibc-1000-1000-l-un-un-fda-sertificets-ibc-konteiners-bistamam-un-partikas-skidrvielam\/\",\"name\":\"NewCube UN+FDA IBC 1000 \u2013 1000\u202fL UN un FDA sertific\u0113ts IBC konteiners b\u012bstam\u0101m un p\u0101rtikas \u0161\u0137idrviel\u0101m - IBC konteineri m&uuml;&uuml;k, vaadid, kraanid, mahutid\",\"isPartOf\":{\"@id\":\"https:\/\/www.ibc.ee\/lv\/#website\"},\"primaryImageOfPage\":{\"@id\":\"https:\/\/ibc.ee\/lv\/product\/newcube-unfda-ibc-1000-1000-l-un-un-fda-sertificets-ibc-konteiners-bistamam-un-partikas-skidrvielam\/#primaryimage\"},\"image\":{\"@id\":\"https:\/\/ibc.ee\/lv\/product\/newcube-unfda-ibc-1000-1000-l-un-un-fda-sertificets-ibc-konteiners-bistamam-un-partikas-skidrvielam\/#primaryimage\"},\"thumbnailUrl\":\"https:\/\/ibc.ee\/wp-content\/uploads\/2025\/10\/NewCube-UNFDA-IBC-1000-mahuti.jpg\",\"datePublished\":\"2025-10-31T09:35:49+00:00\",\"dateModified\":\"2025-10-31T12:19:05+00:00\",\"description\":\"NewCube UN+FDA IBC 1000 ir piln\u012bgi jauns 1000 litru starpkonteiners (IBC), kas atbilst augst\u0101kajiem starptautiskajiem dro\u0161\u012bbas un higi\u0113nas standartiem.\",\"breadcrumb\":{\"@id\":\"https:\/\/ibc.ee\/lv\/product\/newcube-unfda-ibc-1000-1000-l-un-un-fda-sertificets-ibc-konteiners-bistamam-un-partikas-skidrvielam\/#breadcrumb\"},\"inLanguage\":\"lv-LV\",\"potentialAction\":[{\"@type\":\"ReadAction\",\"target\":[\"https:\/\/ibc.ee\/lv\/product\/newcube-unfda-ibc-1000-1000-l-un-un-fda-sertificets-ibc-konteiners-bistamam-un-partikas-skidrvielam\/\"]}]},{\"@type\":\"ImageObject\",\"inLanguage\":\"lv-LV\",\"@id\":\"https:\/\/ibc.ee\/lv\/product\/newcube-unfda-ibc-1000-1000-l-un-un-fda-sertificets-ibc-konteiners-bistamam-un-partikas-skidrvielam\/#primaryimage\",\"url\":\"https:\/\/ibc.ee\/wp-content\/uploads\/2025\/10\/NewCube-UNFDA-IBC-1000-mahuti.jpg\",\"contentUrl\":\"https:\/\/ibc.ee\/wp-content\/uploads\/2025\/10\/NewCube-UNFDA-IBC-1000-mahuti.jpg\",\"width\":1000,\"height\":1000,\"caption\":\"NewCube UN+FDA IBC 1000 \u2013 1000L UN and FDA Certified IBC Tank for Hazardous and Food-Grade Liquids\"},{\"@type\":\"BreadcrumbList\",\"@id\":\"https:\/\/ibc.ee\/lv\/product\/newcube-unfda-ibc-1000-1000-l-un-un-fda-sertificets-ibc-konteiners-bistamam-un-partikas-skidrvielam\/#breadcrumb\",\"itemListElement\":[{\"@type\":\"ListItem\",\"position\":1,\"name\":\"\u0413\u043b\u0430\u0432\u043d\u0430\u044f \u0441\u0442\u0440\u0430\u043d\u0438\u0446\u0430\",\"item\":\"https:\/\/www.ibc.ee\/lv\/\"},{\"@type\":\"ListItem\",\"position\":2,\"name\":\"Veikals\",\"item\":\"https:\/\/www.ibc.ee\/lv\/shop\/\"},{\"@type\":\"ListItem\",\"position\":3,\"name\":\"NewCube UN+FDA IBC 1000 \u2013 1000\u202fL UN un FDA sertific\u0113ts IBC konteiners b\u012bstam\u0101m un p\u0101rtikas \u0161\u0137idrviel\u0101m\"}]},{\"@type\":\"WebSite\",\"@id\":\"https:\/\/www.ibc.ee\/lv\/#website\",\"url\":\"https:\/\/www.ibc.ee\/lv\/\",\"name\":\"IBC konteineri m&uuml;&uuml;k, vaadid, kraanid, mahutid\",\"description\":\"IBC - Tank container valve, Adapters\\\\fittings, Intermediate bulk, container, Drums\/cans\",\"potentialAction\":[{\"@type\":\"SearchAction\",\"target\":{\"@type\":\"EntryPoint\",\"urlTemplate\":\"https:\/\/www.ibc.ee\/lv\/?s={search_term_string}\"},\"query-input\":{\"@type\":\"PropertyValueSpecification\",\"valueRequired\":true,\"valueName\":\"search_term_string\"}}],\"inLanguage\":\"lv-LV\"}]}<\/script>\n<!-- \/ Yoast SEO plugin. -->","yoast_head_json":{"title":"NewCube UN+FDA IBC 1000 \u2013 1000\u202fL UN un FDA sertific\u0113ts IBC konteiners b\u012bstam\u0101m un p\u0101rtikas \u0161\u0137idrviel\u0101m - IBC konteineri m&uuml;&uuml;k, vaadid, kraanid, mahutid","description":"NewCube UN+FDA IBC 1000 ir piln\u012bgi jauns 1000 litru starpkonteiners (IBC), kas atbilst augst\u0101kajiem starptautiskajiem dro\u0161\u012bbas un higi\u0113nas standartiem.","robots":{"index":"index","follow":"follow","max-snippet":"max-snippet:-1","max-image-preview":"max-image-preview:large","max-video-preview":"max-video-preview:-1"},"canonical":"https:\/\/ibc.ee\/lv\/product\/newcube-unfda-ibc-1000-1000-l-un-un-fda-sertificets-ibc-konteiners-bistamam-un-partikas-skidrvielam\/","og_locale":"lv_LV","og_type":"article","og_title":"NewCube UN+FDA IBC 1000 \u2013 1000\u202fL UN un FDA sertific\u0113ts IBC konteiners b\u012bstam\u0101m un p\u0101rtikas \u0161\u0137idrviel\u0101m - IBC konteineri m&uuml;&uuml;k, vaadid, kraanid, mahutid","og_description":"NewCube UN+FDA IBC 1000 ir piln\u012bgi jauns 1000 litru starpkonteiners (IBC), kas atbilst augst\u0101kajiem starptautiskajiem dro\u0161\u012bbas un higi\u0113nas standartiem.","og_url":"https:\/\/ibc.ee\/lv\/product\/newcube-unfda-ibc-1000-1000-l-un-un-fda-sertificets-ibc-konteiners-bistamam-un-partikas-skidrvielam\/","og_site_name":"IBC konteineri m&uuml;&uuml;k, vaadid, kraanid, mahutid","article_modified_time":"2025-10-31T12:19:05+00:00","og_image":[{"width":1000,"height":1000,"url":"https:\/\/ibc.ee\/wp-content\/uploads\/2025\/10\/NewCube-UNFDA-IBC-1000-mahuti.jpg","type":"image\/jpeg"}],"twitter_card":"summary_large_image","twitter_misc":{"Est. reading time":"2 minutes"},"schema":{"@context":"https:\/\/schema.org","@graph":[{"@type":"WebPage","@id":"https:\/\/ibc.ee\/lv\/product\/newcube-unfda-ibc-1000-1000-l-un-un-fda-sertificets-ibc-konteiners-bistamam-un-partikas-skidrvielam\/","url":"https:\/\/ibc.ee\/lv\/product\/newcube-unfda-ibc-1000-1000-l-un-un-fda-sertificets-ibc-konteiners-bistamam-un-partikas-skidrvielam\/","name":"NewCube UN+FDA IBC 1000 \u2013 1000\u202fL UN un FDA sertific\u0113ts IBC konteiners b\u012bstam\u0101m un p\u0101rtikas \u0161\u0137idrviel\u0101m - IBC konteineri m&uuml;&uuml;k, vaadid, kraanid, mahutid","isPartOf":{"@id":"https:\/\/www.ibc.ee\/lv\/#website"},"primaryImageOfPage":{"@id":"https:\/\/ibc.ee\/lv\/product\/newcube-unfda-ibc-1000-1000-l-un-un-fda-sertificets-ibc-konteiners-bistamam-un-partikas-skidrvielam\/#primaryimage"},"image":{"@id":"https:\/\/ibc.ee\/lv\/product\/newcube-unfda-ibc-1000-1000-l-un-un-fda-sertificets-ibc-konteiners-bistamam-un-partikas-skidrvielam\/#primaryimage"},"thumbnailUrl":"https:\/\/ibc.ee\/wp-content\/uploads\/2025\/10\/NewCube-UNFDA-IBC-1000-mahuti.jpg","datePublished":"2025-10-31T09:35:49+00:00","dateModified":"2025-10-31T12:19:05+00:00","description":"NewCube UN+FDA IBC 1000 ir piln\u012bgi jauns 1000 litru starpkonteiners (IBC), kas atbilst augst\u0101kajiem starptautiskajiem dro\u0161\u012bbas un higi\u0113nas standartiem.","breadcrumb":{"@id":"https:\/\/ibc.ee\/lv\/product\/newcube-unfda-ibc-1000-1000-l-un-un-fda-sertificets-ibc-konteiners-bistamam-un-partikas-skidrvielam\/#breadcrumb"},"inLanguage":"lv-LV","potentialAction":[{"@type":"ReadAction","target":["https:\/\/ibc.ee\/lv\/product\/newcube-unfda-ibc-1000-1000-l-un-un-fda-sertificets-ibc-konteiners-bistamam-un-partikas-skidrvielam\/"]}]},{"@type":"ImageObject","inLanguage":"lv-LV","@id":"https:\/\/ibc.ee\/lv\/product\/newcube-unfda-ibc-1000-1000-l-un-un-fda-sertificets-ibc-konteiners-bistamam-un-partikas-skidrvielam\/#primaryimage","url":"https:\/\/ibc.ee\/wp-content\/uploads\/2025\/10\/NewCube-UNFDA-IBC-1000-mahuti.jpg","contentUrl":"https:\/\/ibc.ee\/wp-content\/uploads\/2025\/10\/NewCube-UNFDA-IBC-1000-mahuti.jpg","width":1000,"height":1000,"caption":"NewCube UN+FDA IBC 1000 \u2013 1000L UN and FDA Certified IBC Tank for Hazardous and Food-Grade Liquids"},{"@type":"BreadcrumbList","@id":"https:\/\/ibc.ee\/lv\/product\/newcube-unfda-ibc-1000-1000-l-un-un-fda-sertificets-ibc-konteiners-bistamam-un-partikas-skidrvielam\/#breadcrumb","itemListElement":[{"@type":"ListItem","position":1,"name":"\u0413\u043b\u0430\u0432\u043d\u0430\u044f \u0441\u0442\u0440\u0430\u043d\u0438\u0446\u0430","item":"https:\/\/www.ibc.ee\/lv\/"},{"@type":"ListItem","position":2,"name":"Veikals","item":"https:\/\/www.ibc.ee\/lv\/shop\/"},{"@type":"ListItem","position":3,"name":"NewCube UN+FDA IBC 1000 \u2013 1000\u202fL UN un FDA sertific\u0113ts IBC konteiners b\u012bstam\u0101m un p\u0101rtikas \u0161\u0137idrviel\u0101m"}]},{"@type":"WebSite","@id":"https:\/\/www.ibc.ee\/lv\/#website","url":"https:\/\/www.ibc.ee\/lv\/","name":"IBC konteineri m&uuml;&uuml;k, vaadid, kraanid, mahutid","description":"IBC - Tank container valve, Adapters\\fittings, Intermediate bulk, container, Drums\/cans","potentialAction":[{"@type":"SearchAction","target":{"@type":"EntryPoint","urlTemplate":"https:\/\/www.ibc.ee\/lv\/?s={search_term_string}"},"query-input":{"@type":"PropertyValueSpecification","valueRequired":true,"valueName":"search_term_string"}}],"inLanguage":"lv-LV"}]}},"_links":{"self":[{"href":"https:\/\/ibc.ee\/lv\/wp-json\/wp\/v2\/product\/24634","targetHints":{"allow":["GET"]}}],"collection":[{"href":"https:\/\/ibc.ee\/lv\/wp-json\/wp\/v2\/product"}],"about":[{"href":"https:\/\/ibc.ee\/lv\/wp-json\/wp\/v2\/types\/product"}],"wp:featuredmedia":[{"embeddable":true,"href":"https:\/\/ibc.ee\/lv\/wp-json\/wp\/v2\/media\/24641"}],"wp:attachment":[{"href":"https:\/\/ibc.ee\/lv\/wp-json\/wp\/v2\/media?parent=24634"}],"wp:term":[{"taxonomy":"product_brand","embeddable":true,"href":"https:\/\/ibc.ee\/lv\/wp-json\/wp\/v2\/product_brand?post=24634"},{"taxonomy":"product_cat","embeddable":true,"href":"https:\/\/ibc.ee\/lv\/wp-json\/wp\/v2\/product_cat?post=24634"},{"taxonomy":"product_tag","embeddable":true,"href":"https:\/\/ibc.ee\/lv\/wp-json\/wp\/v2\/product_tag?post=24634"}],"curies":[{"name":"wp","href":"https:\/\/api.w.org\/{rel}","templated":true}]}}