{"id":24673,"date":"2025-11-04T14:29:19","date_gmt":"2025-11-04T12:29:19","guid":{"rendered":"https:\/\/ibc.ee\/?post_type=product&#038;p=24673"},"modified":"2025-11-04T14:58:19","modified_gmt":"2025-11-04T12:58:19","slug":"newcube-fda-ibc-1000-1000-l-fda-sertificets-ibc-konteiners-partikas-skidrumiem-un-jutigiem-lietojumiem","status":"publish","type":"product","link":"https:\/\/ibc.ee\/lv\/product\/newcube-fda-ibc-1000-1000-l-fda-sertificets-ibc-konteiners-partikas-skidrumiem-un-jutigiem-lietojumiem\/","title":{"rendered":"NewCube FDA IBC 1000 \u2013 1000\u202fL FDA sertific\u0113ts IBC konteiners p\u0101rtikas \u0161\u0137idrumiem un jut\u012bgiem lietojumiem"},"content":{"rendered":"<p><strong>Galven\u0101s \u012bpa\u0161\u012bbas<\/strong><br \/>\n&#8211; Tilpums: 1000 litri (275 galoni)<br \/>\n&#8211; Sertifik\u0101cija: Atbilst FDA pras\u012bb\u0101m \u2013 dro\u0161s saskarei ar p\u0101rtiku, dz\u0113rieniem un dzeramo \u016bdeni<br \/>\n&#8211; Materi\u0101ls: Neapstr\u0101d\u0101ts HDPE, p\u016b\u0161anas form\u0113ts, iztur\u012bgs un t\u012brs<br \/>\n&#8211; Kr\u0101su opcijas: Dab\u012bga (caursp\u012bd\u012bga) vai zila (ar UV aizsardz\u012bbu)<br \/>\n&#8211; R\u0101mis: Cinkota t\u0113rauda re\u017e\u0123is ar 4 virzienu iekr\u0101v\u0113ja piek\u013cuvi<br \/>\n&#8211; Palete: Kompoz\u012bta vai plastmasas, iztur\u012bga un kaudz\u0113jama<br \/>\n&#8211; V\u0101ks: \u00d8150 mm ar v\u012btni, iesp\u0113ja plomb\u0113t<br \/>\n&#8211; Izpl\u016bdes v\u0101rsts: Standarta S60x6 ar aizsargv\u0101ci\u0146u<br \/>\n&#8211; Atk\u0101rtoti izmantojams: Viegli t\u012br\u0101ms un dezinfic\u0113jams<\/p>\n<p><strong>K\u0101p\u0113c izv\u0113l\u0113ties NewCube FDA IBC 1000?<\/strong><br \/>\n&#8211; FDA apstiprin\u0101ts tie\u0161am kontaktam ar p\u0101rtiku \u2013 ide\u0101li piem\u0113rots augstas higi\u0113nas nozar\u0113m<br \/>\n&#8211; Izgatavots tikai no neapstr\u0101d\u0101tiem materi\u0101liem \u2013 nav pies\u0101r\u0146ojuma riska<br \/>\n&#8211; Pieejams caursp\u012bd\u012bg\u0101 vai zil\u0101 kr\u0101s\u0101 \u2013 p\u0113c uzglab\u0101\u0161anas vai gaismas apst\u0101k\u013ciem<br \/>\n&#8211; Viegls, bet iztur\u012bgs \u2013 \u0113rts lo\u0123istik\u0101 un p\u0101rvieto\u0161an\u0101<br \/>\n&#8211; Piem\u0113rots lieto\u0161anai iek\u0161telp\u0101s un \u0101r\u0101 (zil\u0101 versija ieteicama UV apst\u0101k\u013cos)<\/p>\n<p><strong>Ieteicamie pielietojumi<\/strong><br \/>\n&#8211; P\u0101rtikas un dz\u0113rienu sast\u0101vda\u013cas \u2013 s\u012brupi, e\u013c\u013cas, sulas, ekstrakti<br \/>\n&#8211; Dzeram\u0101 \u016bdens uzglab\u0101\u0161ana un izplat\u012b\u0161ana<br \/>\n&#8211; Kosm\u0113tikas un higi\u0113nas produktu \u0161\u0137idrumi<br \/>\n&#8211; Farm\u0101cijas izejvielas<br \/>\n&#8211; Ne-b\u012bstamas \u0137imik\u0101lijas higi\u0113nai jut\u012bg\u0101 vid\u0113<\/p>\n<p><strong>Svar\u012bga inform\u0101cija<\/strong><br \/>\n&#8211; Pieg\u0101d\u0101ts piln\u012bgi jauns, nelietots un atbilsto\u0161s FDA pras\u012bb\u0101m<br \/>\n&#8211; Nav UN sertifik\u0101cijas \u2013 nav paredz\u0113ts b\u012bstamu vielu p\u0101rvad\u0101\u0161anai<br \/>\n&#8211; Sertifik\u0101ti un mar\u0137\u0113jumi pieejami p\u0113c piepras\u012bjuma<\/p>\n","protected":false},"excerpt":{"rendered":"<p>NewCube FDA IBC 1000 ir piln\u012bgi jauns 1000 litru starpkonteiners (IBC), \u012bpa\u0161i izstr\u0101d\u0101ts p\u0101rtikas kvalit\u0101tes \u0161\u0137idrumu, dz\u0113rienu un citu ne-b\u012bstamu, higi\u0113nai jut\u012bgu vielu dro\u0161ai uzglab\u0101\u0161anai un p\u0101rvad\u0101\u0161anai. Izgatavots no FDA sertific\u0113ta neapstr\u0101d\u0101ta HDPE plastmasas, kas nodro\u0161ina maksim\u0101lu t\u012br\u012bbu un higi\u0113nu, padarot to ide\u0101li piem\u0113rotu p\u0101rtikas, dz\u0113rienu, kosm\u0113tikas un farm\u0101cijas nozar\u0113m. <\/p>\n","protected":false},"featured_media":24680,"template":"","meta":[],"product_brand":[],"product_cat":[315],"product_tag":[],"class_list":{"0":"post-24673","1":"product","2":"type-product","3":"status-publish","4":"has-post-thumbnail","6":"product_cat-starppaterina-konteiners-beztaras-ibc-1000-litri","7":"product_shipping_class-containers-lv","9":"first","10":"onbackorder","11":"taxable","12":"shipping-taxable","13":"product-type-simple"},"yoast_head":"<!-- This site is optimized with the Yoast SEO plugin v26.9 - https:\/\/yoast.com\/product\/yoast-seo-wordpress\/ -->\n<title>NewCube FDA IBC 1000 \u2013 1000\u202fL FDA sertific\u0113ts IBC konteiners p\u0101rtikas \u0161\u0137idrumiem un jut\u012bgiem lietojumiem - IBC konteineri m&uuml;&uuml;k, vaadid, kraanid, mahutid<\/title>\n<meta name=\"description\" content=\"NewCube FDA IBC 1000 ir piln\u012bgi jauns 1000 litru starpkonteiners (IBC), \u012bpa\u0161i izstr\u0101d\u0101ts p\u0101rtikas kvalit\u0101tes \u0161\u0137idrumu, dz\u0113rienu un citu ne-b\u012bstamu, higi\u0113nai jut\u012bgu vielu dro\u0161ai uzglab\u0101\u0161anai un p\u0101rvad\u0101\u0161anai.\" \/>\n<meta name=\"robots\" content=\"index, follow, max-snippet:-1, max-image-preview:large, max-video-preview:-1\" \/>\n<link rel=\"canonical\" href=\"https:\/\/ibc.ee\/lv\/product\/newcube-fda-ibc-1000-1000-l-fda-sertificets-ibc-konteiners-partikas-skidrumiem-un-jutigiem-lietojumiem\/\" \/>\n<meta property=\"og:locale\" content=\"lv_LV\" \/>\n<meta property=\"og:type\" content=\"article\" \/>\n<meta property=\"og:title\" content=\"NewCube FDA IBC 1000 \u2013 1000\u202fL FDA sertific\u0113ts IBC konteiners p\u0101rtikas \u0161\u0137idrumiem un jut\u012bgiem lietojumiem - IBC konteineri m&uuml;&uuml;k, vaadid, kraanid, mahutid\" \/>\n<meta property=\"og:description\" content=\"NewCube FDA IBC 1000 ir piln\u012bgi jauns 1000 litru starpkonteiners (IBC), \u012bpa\u0161i izstr\u0101d\u0101ts p\u0101rtikas kvalit\u0101tes \u0161\u0137idrumu, dz\u0113rienu un citu ne-b\u012bstamu, higi\u0113nai jut\u012bgu vielu dro\u0161ai uzglab\u0101\u0161anai un p\u0101rvad\u0101\u0161anai.\" \/>\n<meta property=\"og:url\" content=\"https:\/\/ibc.ee\/lv\/product\/newcube-fda-ibc-1000-1000-l-fda-sertificets-ibc-konteiners-partikas-skidrumiem-un-jutigiem-lietojumiem\/\" \/>\n<meta property=\"og:site_name\" content=\"IBC konteineri m&uuml;&uuml;k, vaadid, kraanid, mahutid\" \/>\n<meta property=\"article:modified_time\" content=\"2025-11-04T12:58:19+00:00\" \/>\n<meta property=\"og:image\" content=\"https:\/\/ibc.ee\/wp-content\/uploads\/2025\/11\/NewCube-FDA-IBC-1000-IBC-konteiner-toidukvaliteediga-vedelike-jaoks.jpg\" \/>\n\t<meta property=\"og:image:width\" content=\"1000\" \/>\n\t<meta property=\"og:image:height\" content=\"1000\" \/>\n\t<meta property=\"og:image:type\" content=\"image\/jpeg\" \/>\n<meta name=\"twitter:card\" content=\"summary_large_image\" \/>\n<meta name=\"twitter:label1\" content=\"Est. reading time\" \/>\n\t<meta name=\"twitter:data1\" content=\"1 minute\" \/>\n<script type=\"application\/ld+json\" class=\"yoast-schema-graph\">{\"@context\":\"https:\/\/schema.org\",\"@graph\":[{\"@type\":\"WebPage\",\"@id\":\"https:\/\/ibc.ee\/lv\/product\/newcube-fda-ibc-1000-1000-l-fda-sertificets-ibc-konteiners-partikas-skidrumiem-un-jutigiem-lietojumiem\/\",\"url\":\"https:\/\/ibc.ee\/lv\/product\/newcube-fda-ibc-1000-1000-l-fda-sertificets-ibc-konteiners-partikas-skidrumiem-un-jutigiem-lietojumiem\/\",\"name\":\"NewCube FDA IBC 1000 \u2013 1000\u202fL FDA sertific\u0113ts IBC konteiners p\u0101rtikas \u0161\u0137idrumiem un jut\u012bgiem lietojumiem - IBC konteineri m&uuml;&uuml;k, vaadid, kraanid, mahutid\",\"isPartOf\":{\"@id\":\"https:\/\/www.ibc.ee\/lv\/#website\"},\"primaryImageOfPage\":{\"@id\":\"https:\/\/ibc.ee\/lv\/product\/newcube-fda-ibc-1000-1000-l-fda-sertificets-ibc-konteiners-partikas-skidrumiem-un-jutigiem-lietojumiem\/#primaryimage\"},\"image\":{\"@id\":\"https:\/\/ibc.ee\/lv\/product\/newcube-fda-ibc-1000-1000-l-fda-sertificets-ibc-konteiners-partikas-skidrumiem-un-jutigiem-lietojumiem\/#primaryimage\"},\"thumbnailUrl\":\"https:\/\/ibc.ee\/wp-content\/uploads\/2025\/11\/NewCube-FDA-IBC-1000-IBC-konteiner-toidukvaliteediga-vedelike-jaoks.jpg\",\"datePublished\":\"2025-11-04T12:29:19+00:00\",\"dateModified\":\"2025-11-04T12:58:19+00:00\",\"description\":\"NewCube FDA IBC 1000 ir piln\u012bgi jauns 1000 litru starpkonteiners (IBC), \u012bpa\u0161i izstr\u0101d\u0101ts p\u0101rtikas kvalit\u0101tes \u0161\u0137idrumu, dz\u0113rienu un citu ne-b\u012bstamu, higi\u0113nai jut\u012bgu vielu dro\u0161ai uzglab\u0101\u0161anai un p\u0101rvad\u0101\u0161anai.\",\"breadcrumb\":{\"@id\":\"https:\/\/ibc.ee\/lv\/product\/newcube-fda-ibc-1000-1000-l-fda-sertificets-ibc-konteiners-partikas-skidrumiem-un-jutigiem-lietojumiem\/#breadcrumb\"},\"inLanguage\":\"lv-LV\",\"potentialAction\":[{\"@type\":\"ReadAction\",\"target\":[\"https:\/\/ibc.ee\/lv\/product\/newcube-fda-ibc-1000-1000-l-fda-sertificets-ibc-konteiners-partikas-skidrumiem-un-jutigiem-lietojumiem\/\"]}]},{\"@type\":\"ImageObject\",\"inLanguage\":\"lv-LV\",\"@id\":\"https:\/\/ibc.ee\/lv\/product\/newcube-fda-ibc-1000-1000-l-fda-sertificets-ibc-konteiners-partikas-skidrumiem-un-jutigiem-lietojumiem\/#primaryimage\",\"url\":\"https:\/\/ibc.ee\/wp-content\/uploads\/2025\/11\/NewCube-FDA-IBC-1000-IBC-konteiner-toidukvaliteediga-vedelike-jaoks.jpg\",\"contentUrl\":\"https:\/\/ibc.ee\/wp-content\/uploads\/2025\/11\/NewCube-FDA-IBC-1000-IBC-konteiner-toidukvaliteediga-vedelike-jaoks.jpg\",\"width\":1000,\"height\":1000,\"caption\":\"NewCube FDA IBC 1000 \u2013 1000L FDA-Compliant IBC Container for Food-Grade Liquids and Sensitive Applications\"},{\"@type\":\"BreadcrumbList\",\"@id\":\"https:\/\/ibc.ee\/lv\/product\/newcube-fda-ibc-1000-1000-l-fda-sertificets-ibc-konteiners-partikas-skidrumiem-un-jutigiem-lietojumiem\/#breadcrumb\",\"itemListElement\":[{\"@type\":\"ListItem\",\"position\":1,\"name\":\"\u0413\u043b\u0430\u0432\u043d\u0430\u044f \u0441\u0442\u0440\u0430\u043d\u0438\u0446\u0430\",\"item\":\"https:\/\/www.ibc.ee\/lv\/\"},{\"@type\":\"ListItem\",\"position\":2,\"name\":\"Veikals\",\"item\":\"https:\/\/www.ibc.ee\/lv\/shop\/\"},{\"@type\":\"ListItem\",\"position\":3,\"name\":\"NewCube FDA IBC 1000 \u2013 1000\u202fL FDA sertific\u0113ts IBC konteiners p\u0101rtikas \u0161\u0137idrumiem un jut\u012bgiem lietojumiem\"}]},{\"@type\":\"WebSite\",\"@id\":\"https:\/\/www.ibc.ee\/lv\/#website\",\"url\":\"https:\/\/www.ibc.ee\/lv\/\",\"name\":\"IBC konteineri m&uuml;&uuml;k, vaadid, kraanid, mahutid\",\"description\":\"IBC - Tank container valve, Adapters\\\\fittings, Intermediate bulk, container, Drums\/cans\",\"potentialAction\":[{\"@type\":\"SearchAction\",\"target\":{\"@type\":\"EntryPoint\",\"urlTemplate\":\"https:\/\/www.ibc.ee\/lv\/?s={search_term_string}\"},\"query-input\":{\"@type\":\"PropertyValueSpecification\",\"valueRequired\":true,\"valueName\":\"search_term_string\"}}],\"inLanguage\":\"lv-LV\"}]}<\/script>\n<!-- \/ Yoast SEO plugin. -->","yoast_head_json":{"title":"NewCube FDA IBC 1000 \u2013 1000\u202fL FDA sertific\u0113ts IBC konteiners p\u0101rtikas \u0161\u0137idrumiem un jut\u012bgiem lietojumiem - IBC konteineri m&uuml;&uuml;k, vaadid, kraanid, mahutid","description":"NewCube FDA IBC 1000 ir piln\u012bgi jauns 1000 litru starpkonteiners (IBC), \u012bpa\u0161i izstr\u0101d\u0101ts p\u0101rtikas kvalit\u0101tes \u0161\u0137idrumu, dz\u0113rienu un citu ne-b\u012bstamu, higi\u0113nai jut\u012bgu vielu dro\u0161ai uzglab\u0101\u0161anai un p\u0101rvad\u0101\u0161anai.","robots":{"index":"index","follow":"follow","max-snippet":"max-snippet:-1","max-image-preview":"max-image-preview:large","max-video-preview":"max-video-preview:-1"},"canonical":"https:\/\/ibc.ee\/lv\/product\/newcube-fda-ibc-1000-1000-l-fda-sertificets-ibc-konteiners-partikas-skidrumiem-un-jutigiem-lietojumiem\/","og_locale":"lv_LV","og_type":"article","og_title":"NewCube FDA IBC 1000 \u2013 1000\u202fL FDA sertific\u0113ts IBC konteiners p\u0101rtikas \u0161\u0137idrumiem un jut\u012bgiem lietojumiem - IBC konteineri m&uuml;&uuml;k, vaadid, kraanid, mahutid","og_description":"NewCube FDA IBC 1000 ir piln\u012bgi jauns 1000 litru starpkonteiners (IBC), \u012bpa\u0161i izstr\u0101d\u0101ts p\u0101rtikas kvalit\u0101tes \u0161\u0137idrumu, dz\u0113rienu un citu ne-b\u012bstamu, higi\u0113nai jut\u012bgu vielu dro\u0161ai uzglab\u0101\u0161anai un p\u0101rvad\u0101\u0161anai.","og_url":"https:\/\/ibc.ee\/lv\/product\/newcube-fda-ibc-1000-1000-l-fda-sertificets-ibc-konteiners-partikas-skidrumiem-un-jutigiem-lietojumiem\/","og_site_name":"IBC konteineri m&uuml;&uuml;k, vaadid, kraanid, mahutid","article_modified_time":"2025-11-04T12:58:19+00:00","og_image":[{"width":1000,"height":1000,"url":"https:\/\/ibc.ee\/wp-content\/uploads\/2025\/11\/NewCube-FDA-IBC-1000-IBC-konteiner-toidukvaliteediga-vedelike-jaoks.jpg","type":"image\/jpeg"}],"twitter_card":"summary_large_image","twitter_misc":{"Est. reading time":"1 minute"},"schema":{"@context":"https:\/\/schema.org","@graph":[{"@type":"WebPage","@id":"https:\/\/ibc.ee\/lv\/product\/newcube-fda-ibc-1000-1000-l-fda-sertificets-ibc-konteiners-partikas-skidrumiem-un-jutigiem-lietojumiem\/","url":"https:\/\/ibc.ee\/lv\/product\/newcube-fda-ibc-1000-1000-l-fda-sertificets-ibc-konteiners-partikas-skidrumiem-un-jutigiem-lietojumiem\/","name":"NewCube FDA IBC 1000 \u2013 1000\u202fL FDA sertific\u0113ts IBC konteiners p\u0101rtikas \u0161\u0137idrumiem un jut\u012bgiem lietojumiem - IBC konteineri m&uuml;&uuml;k, vaadid, kraanid, mahutid","isPartOf":{"@id":"https:\/\/www.ibc.ee\/lv\/#website"},"primaryImageOfPage":{"@id":"https:\/\/ibc.ee\/lv\/product\/newcube-fda-ibc-1000-1000-l-fda-sertificets-ibc-konteiners-partikas-skidrumiem-un-jutigiem-lietojumiem\/#primaryimage"},"image":{"@id":"https:\/\/ibc.ee\/lv\/product\/newcube-fda-ibc-1000-1000-l-fda-sertificets-ibc-konteiners-partikas-skidrumiem-un-jutigiem-lietojumiem\/#primaryimage"},"thumbnailUrl":"https:\/\/ibc.ee\/wp-content\/uploads\/2025\/11\/NewCube-FDA-IBC-1000-IBC-konteiner-toidukvaliteediga-vedelike-jaoks.jpg","datePublished":"2025-11-04T12:29:19+00:00","dateModified":"2025-11-04T12:58:19+00:00","description":"NewCube FDA IBC 1000 ir piln\u012bgi jauns 1000 litru starpkonteiners (IBC), \u012bpa\u0161i izstr\u0101d\u0101ts p\u0101rtikas kvalit\u0101tes \u0161\u0137idrumu, dz\u0113rienu un citu ne-b\u012bstamu, higi\u0113nai jut\u012bgu vielu dro\u0161ai uzglab\u0101\u0161anai un p\u0101rvad\u0101\u0161anai.","breadcrumb":{"@id":"https:\/\/ibc.ee\/lv\/product\/newcube-fda-ibc-1000-1000-l-fda-sertificets-ibc-konteiners-partikas-skidrumiem-un-jutigiem-lietojumiem\/#breadcrumb"},"inLanguage":"lv-LV","potentialAction":[{"@type":"ReadAction","target":["https:\/\/ibc.ee\/lv\/product\/newcube-fda-ibc-1000-1000-l-fda-sertificets-ibc-konteiners-partikas-skidrumiem-un-jutigiem-lietojumiem\/"]}]},{"@type":"ImageObject","inLanguage":"lv-LV","@id":"https:\/\/ibc.ee\/lv\/product\/newcube-fda-ibc-1000-1000-l-fda-sertificets-ibc-konteiners-partikas-skidrumiem-un-jutigiem-lietojumiem\/#primaryimage","url":"https:\/\/ibc.ee\/wp-content\/uploads\/2025\/11\/NewCube-FDA-IBC-1000-IBC-konteiner-toidukvaliteediga-vedelike-jaoks.jpg","contentUrl":"https:\/\/ibc.ee\/wp-content\/uploads\/2025\/11\/NewCube-FDA-IBC-1000-IBC-konteiner-toidukvaliteediga-vedelike-jaoks.jpg","width":1000,"height":1000,"caption":"NewCube FDA IBC 1000 \u2013 1000L FDA-Compliant IBC Container for Food-Grade Liquids and Sensitive Applications"},{"@type":"BreadcrumbList","@id":"https:\/\/ibc.ee\/lv\/product\/newcube-fda-ibc-1000-1000-l-fda-sertificets-ibc-konteiners-partikas-skidrumiem-un-jutigiem-lietojumiem\/#breadcrumb","itemListElement":[{"@type":"ListItem","position":1,"name":"\u0413\u043b\u0430\u0432\u043d\u0430\u044f \u0441\u0442\u0440\u0430\u043d\u0438\u0446\u0430","item":"https:\/\/www.ibc.ee\/lv\/"},{"@type":"ListItem","position":2,"name":"Veikals","item":"https:\/\/www.ibc.ee\/lv\/shop\/"},{"@type":"ListItem","position":3,"name":"NewCube FDA IBC 1000 \u2013 1000\u202fL FDA sertific\u0113ts IBC konteiners p\u0101rtikas \u0161\u0137idrumiem un jut\u012bgiem lietojumiem"}]},{"@type":"WebSite","@id":"https:\/\/www.ibc.ee\/lv\/#website","url":"https:\/\/www.ibc.ee\/lv\/","name":"IBC konteineri m&uuml;&uuml;k, vaadid, kraanid, mahutid","description":"IBC - Tank container valve, Adapters\\fittings, Intermediate bulk, container, Drums\/cans","potentialAction":[{"@type":"SearchAction","target":{"@type":"EntryPoint","urlTemplate":"https:\/\/www.ibc.ee\/lv\/?s={search_term_string}"},"query-input":{"@type":"PropertyValueSpecification","valueRequired":true,"valueName":"search_term_string"}}],"inLanguage":"lv-LV"}]}},"_links":{"self":[{"href":"https:\/\/ibc.ee\/lv\/wp-json\/wp\/v2\/product\/24673","targetHints":{"allow":["GET"]}}],"collection":[{"href":"https:\/\/ibc.ee\/lv\/wp-json\/wp\/v2\/product"}],"about":[{"href":"https:\/\/ibc.ee\/lv\/wp-json\/wp\/v2\/types\/product"}],"wp:featuredmedia":[{"embeddable":true,"href":"https:\/\/ibc.ee\/lv\/wp-json\/wp\/v2\/media\/24680"}],"wp:attachment":[{"href":"https:\/\/ibc.ee\/lv\/wp-json\/wp\/v2\/media?parent=24673"}],"wp:term":[{"taxonomy":"product_brand","embeddable":true,"href":"https:\/\/ibc.ee\/lv\/wp-json\/wp\/v2\/product_brand?post=24673"},{"taxonomy":"product_cat","embeddable":true,"href":"https:\/\/ibc.ee\/lv\/wp-json\/wp\/v2\/product_cat?post=24673"},{"taxonomy":"product_tag","embeddable":true,"href":"https:\/\/ibc.ee\/lv\/wp-json\/wp\/v2\/product_tag?post=24673"}],"curies":[{"name":"wp","href":"https:\/\/api.w.org\/{rel}","templated":true}]}}