{"id":24691,"date":"2025-11-04T15:22:57","date_gmt":"2025-11-04T13:22:57","guid":{"rendered":"https:\/\/ibc.ee\/?post_type=product&#038;p=24691"},"modified":"2025-11-04T15:47:56","modified_gmt":"2025-11-04T13:47:56","slug":"newcube-fda-ibc-1000-blue-1000-l-fda-sertificets-zilais-ibc-konteiners-partikas-skidrumiem-un-uv-jutigiem-lietojumiem","status":"publish","type":"product","link":"https:\/\/ibc.ee\/lv\/product\/newcube-fda-ibc-1000-blue-1000-l-fda-sertificets-zilais-ibc-konteiners-partikas-skidrumiem-un-uv-jutigiem-lietojumiem\/","title":{"rendered":"NewCube FDA IBC 1000 Blue \u2013 1000\u202fL FDA sertific\u0113ts zilais IBC konteiners p\u0101rtikas \u0161\u0137idrumiem un UV-jut\u012bgiem lietojumiem"},"content":{"rendered":"<p><strong>Galven\u0101s \u012bpa\u0161\u012bbas<\/strong><br \/>\n&#8211; Tilpums: 1000 litri (275 galoni)<br \/>\n&#8211; Sertifik\u0101cija: Atbilst FDA pras\u012bb\u0101m \u2013 dro\u0161s tie\u0161am kontaktam ar p\u0101rtiku, dz\u0113rieniem un dzeramo \u016bdeni<br \/>\n&#8211; Materi\u0101ls: Virgin HDPE, p\u016b\u0161anas form\u0113ts, p\u0101rtikas kvalit\u0101tes, \u0137\u012bmiski iztur\u012bgs<br \/>\n&#8211; Kr\u0101sa: Zila, UV notur\u012bga \u2013 ide\u0101li piem\u0113rota lieto\u0161anai \u0101r\u0101<br \/>\n&#8211; R\u0101mis: Cinkota t\u0113rauda karkass ar piek\u013cuvi no vis\u0101m 4 pus\u0113m ar iekr\u0101v\u0113ju<br \/>\n&#8211; Palete: Plastmasas vai kompoz\u012btmateri\u0101la, iztur\u012bga un atk\u0101rtoti lietojama<br \/>\n&#8211; V\u0101ks: \u00d8150 mm skr\u016bv\u0113jams v\u0101ks ar iesp\u0113ju uzlikt plombu<br \/>\n&#8211; Izpl\u016bdes v\u0101rsts: Standarta S60x6 ar putek\u013cu aizsargv\u0101ci\u0146u<br \/>\n&#8211; Atk\u0101rtoti lietojams: Viegli t\u012br\u0101ms, dezinfic\u0113jams un uzpild\u0101ms<\/p>\n<p><strong>K\u0101p\u0113c izv\u0113l\u0113ties zilo FDA IBC konteineru?<\/strong><br \/>\n&#8211; Lab\u0101ka UV aizsardz\u012bba \u2013 ide\u0101li piem\u0113rots ilgtermi\u0146a uzglab\u0101\u0161anai \u0101r\u0101 un saules iedarb\u012bbai<br \/>\n&#8211; Samazina a\u013c\u0123u aug\u0161anu \u2013 maz\u0101ka gaismas caurlaid\u012bba saglab\u0101 \u0161\u0137idrumu t\u012br\u0101ku<br \/>\n&#8211; Atbilst p\u0101rtikas dro\u0161\u012bbas pras\u012bb\u0101m \u2013 piln\u012bb\u0101 atbilsto\u0161s FDA standartiem<br \/>\n&#8211; Viegla vizu\u0101l\u0101 identifik\u0101cija \u2013 at\u0161\u0137ir p\u0101rtikas konteinerus no r\u016bpnieciskajiem<br \/>\n&#8211; Aizsardz\u012bba gaismai jut\u012bgiem produktiem, piem\u0113ram, dab\u012bgiem ekstraktiem<\/p>\n<p><strong>Ieteicamie lietojumi<\/strong><br \/>\n&#8211; P\u0101rtikas un dz\u0113rienu izejvielas \u2013 e\u013c\u013cas, s\u012brupi, sulas, aromatiz\u0113t\u0101ji<br \/>\n&#8211; Dzeram\u0101 \u016bdens vai ra\u017eo\u0161anas \u0161\u0137idrumu uzglab\u0101\u0161ana \u0101r\u0101<br \/>\n&#8211; Izmanto\u0161anai p\u0101rtikas p\u0101rstr\u0101d\u0113, \u0113din\u0101\u0161an\u0101, lauksaimniec\u012bb\u0101 un kosm\u0113tik\u0101<br \/>\n&#8211; Farmaceitiskie un higi\u0113nas \u0161\u0137idrumi<br \/>\n&#8211; Ne-b\u012bstam\u0101s \u0137imik\u0101lijas t\u012br\u0101s un regul\u0113t\u0101s vid\u0113s<\/p>\n<p><strong>Svar\u012bga inform\u0101cija<\/strong><br \/>\n&#8211; Pieg\u0101d\u0101ts piln\u012bgi jauns, nelietots un atbilsto\u0161s FDA pras\u012bb\u0101m<br \/>\n&#8211; Nav UN sertifik\u0101cijas \u2013 nav paredz\u0113ts b\u012bstamu vielu p\u0101rvad\u0101\u0161anai<br \/>\n&#8211; Mar\u0137\u0113jums un dokumenti pieejami p\u0113c piepras\u012bjuma<\/p>\n","protected":false},"excerpt":{"rendered":"<p>NewCube FDA IBC 1000 Blue ir piln\u012bgi jauns 1000 litru starpkonteiners (IBC), kas paredz\u0113ts dro\u0161ai un higi\u0113niskai p\u0101rtikas \u0161\u0137idrumu, dzeram\u0101 \u016bdens un citu ne-b\u012bstamu vielu uzglab\u0101\u0161anai un p\u0101rvad\u0101\u0161anai.<br \/>\n\u0160im modelim ir UV notur\u012bgs zilas kr\u0101sas HDPE plastmasas rezervu\u0101rs, kas padara to \u012bpa\u0161i piem\u0113rotu lieto\u0161anai \u0101rpus telp\u0101m, kur svar\u012bga ir aizsardz\u012bba pret saules gaismu un temperat\u016bras sv\u0101rst\u012bb\u0101m.<\/p>\n","protected":false},"featured_media":24698,"template":"","meta":[],"product_brand":[],"product_cat":[315],"product_tag":[],"class_list":{"0":"post-24691","1":"product","2":"type-product","3":"status-publish","4":"has-post-thumbnail","6":"product_cat-starppaterina-konteiners-beztaras-ibc-1000-litri","7":"product_shipping_class-containers-lv","9":"first","10":"onbackorder","11":"taxable","12":"shipping-taxable","13":"product-type-simple"},"yoast_head":"<!-- This site is optimized with the Yoast SEO plugin v26.9 - https:\/\/yoast.com\/product\/yoast-seo-wordpress\/ -->\n<title>NewCube FDA IBC 1000 Blue \u2013 1000\u202fL FDA sertific\u0113ts zilais IBC konteiners p\u0101rtikas \u0161\u0137idrumiem un UV-jut\u012bgiem lietojumiem - IBC konteineri m&uuml;&uuml;k, vaadid, kraanid, mahutid<\/title>\n<meta name=\"description\" content=\"NewCube FDA IBC 1000 Blue ir piln\u012bgi jauns 1000 litru starpkonteiners (IBC), kas paredz\u0113ts dro\u0161ai un higi\u0113niskai p\u0101rtikas \u0161\u0137idrumu, dzeram\u0101 \u016bdens un citu ne-b\u012bstamu vielu uzglab\u0101\u0161anai un p\u0101rvad\u0101\u0161anai.\" \/>\n<meta name=\"robots\" content=\"index, follow, max-snippet:-1, max-image-preview:large, max-video-preview:-1\" \/>\n<link rel=\"canonical\" href=\"https:\/\/ibc.ee\/lv\/product\/newcube-fda-ibc-1000-blue-1000-l-fda-sertificets-zilais-ibc-konteiners-partikas-skidrumiem-un-uv-jutigiem-lietojumiem\/\" \/>\n<meta property=\"og:locale\" content=\"lv_LV\" \/>\n<meta property=\"og:type\" content=\"article\" \/>\n<meta property=\"og:title\" content=\"NewCube FDA IBC 1000 Blue \u2013 1000\u202fL FDA sertific\u0113ts zilais IBC konteiners p\u0101rtikas \u0161\u0137idrumiem un UV-jut\u012bgiem lietojumiem - IBC konteineri m&uuml;&uuml;k, vaadid, kraanid, mahutid\" \/>\n<meta property=\"og:description\" content=\"NewCube FDA IBC 1000 Blue ir piln\u012bgi jauns 1000 litru starpkonteiners (IBC), kas paredz\u0113ts dro\u0161ai un higi\u0113niskai p\u0101rtikas \u0161\u0137idrumu, dzeram\u0101 \u016bdens un citu ne-b\u012bstamu vielu uzglab\u0101\u0161anai un p\u0101rvad\u0101\u0161anai.\" \/>\n<meta property=\"og:url\" content=\"https:\/\/ibc.ee\/lv\/product\/newcube-fda-ibc-1000-blue-1000-l-fda-sertificets-zilais-ibc-konteiners-partikas-skidrumiem-un-uv-jutigiem-lietojumiem\/\" \/>\n<meta property=\"og:site_name\" content=\"IBC konteineri m&uuml;&uuml;k, vaadid, kraanid, mahutid\" \/>\n<meta property=\"article:modified_time\" content=\"2025-11-04T13:47:56+00:00\" \/>\n<meta property=\"og:image\" content=\"https:\/\/ibc.ee\/wp-content\/uploads\/2025\/11\/NewCube-FDA-IBC-1000-IBC-konteiner-toidukvaliteediga-vedelike-jaoks-sinine.jpg\" \/>\n\t<meta property=\"og:image:width\" content=\"1000\" \/>\n\t<meta property=\"og:image:height\" content=\"1000\" \/>\n\t<meta property=\"og:image:type\" content=\"image\/jpeg\" \/>\n<meta name=\"twitter:card\" content=\"summary_large_image\" \/>\n<meta name=\"twitter:label1\" content=\"Est. reading time\" \/>\n\t<meta name=\"twitter:data1\" content=\"2 minutes\" \/>\n<script type=\"application\/ld+json\" class=\"yoast-schema-graph\">{\"@context\":\"https:\/\/schema.org\",\"@graph\":[{\"@type\":\"WebPage\",\"@id\":\"https:\/\/ibc.ee\/lv\/product\/newcube-fda-ibc-1000-blue-1000-l-fda-sertificets-zilais-ibc-konteiners-partikas-skidrumiem-un-uv-jutigiem-lietojumiem\/\",\"url\":\"https:\/\/ibc.ee\/lv\/product\/newcube-fda-ibc-1000-blue-1000-l-fda-sertificets-zilais-ibc-konteiners-partikas-skidrumiem-un-uv-jutigiem-lietojumiem\/\",\"name\":\"NewCube FDA IBC 1000 Blue \u2013 1000\u202fL FDA sertific\u0113ts zilais IBC konteiners p\u0101rtikas \u0161\u0137idrumiem un UV-jut\u012bgiem lietojumiem - IBC konteineri m&uuml;&uuml;k, vaadid, kraanid, mahutid\",\"isPartOf\":{\"@id\":\"https:\/\/www.ibc.ee\/lv\/#website\"},\"primaryImageOfPage\":{\"@id\":\"https:\/\/ibc.ee\/lv\/product\/newcube-fda-ibc-1000-blue-1000-l-fda-sertificets-zilais-ibc-konteiners-partikas-skidrumiem-un-uv-jutigiem-lietojumiem\/#primaryimage\"},\"image\":{\"@id\":\"https:\/\/ibc.ee\/lv\/product\/newcube-fda-ibc-1000-blue-1000-l-fda-sertificets-zilais-ibc-konteiners-partikas-skidrumiem-un-uv-jutigiem-lietojumiem\/#primaryimage\"},\"thumbnailUrl\":\"https:\/\/ibc.ee\/wp-content\/uploads\/2025\/11\/NewCube-FDA-IBC-1000-IBC-konteiner-toidukvaliteediga-vedelike-jaoks-sinine.jpg\",\"datePublished\":\"2025-11-04T13:22:57+00:00\",\"dateModified\":\"2025-11-04T13:47:56+00:00\",\"description\":\"NewCube FDA IBC 1000 Blue ir piln\u012bgi jauns 1000 litru starpkonteiners (IBC), kas paredz\u0113ts dro\u0161ai un higi\u0113niskai p\u0101rtikas \u0161\u0137idrumu, dzeram\u0101 \u016bdens un citu ne-b\u012bstamu vielu uzglab\u0101\u0161anai un p\u0101rvad\u0101\u0161anai.\",\"breadcrumb\":{\"@id\":\"https:\/\/ibc.ee\/lv\/product\/newcube-fda-ibc-1000-blue-1000-l-fda-sertificets-zilais-ibc-konteiners-partikas-skidrumiem-un-uv-jutigiem-lietojumiem\/#breadcrumb\"},\"inLanguage\":\"lv-LV\",\"potentialAction\":[{\"@type\":\"ReadAction\",\"target\":[\"https:\/\/ibc.ee\/lv\/product\/newcube-fda-ibc-1000-blue-1000-l-fda-sertificets-zilais-ibc-konteiners-partikas-skidrumiem-un-uv-jutigiem-lietojumiem\/\"]}]},{\"@type\":\"ImageObject\",\"inLanguage\":\"lv-LV\",\"@id\":\"https:\/\/ibc.ee\/lv\/product\/newcube-fda-ibc-1000-blue-1000-l-fda-sertificets-zilais-ibc-konteiners-partikas-skidrumiem-un-uv-jutigiem-lietojumiem\/#primaryimage\",\"url\":\"https:\/\/ibc.ee\/wp-content\/uploads\/2025\/11\/NewCube-FDA-IBC-1000-IBC-konteiner-toidukvaliteediga-vedelike-jaoks-sinine.jpg\",\"contentUrl\":\"https:\/\/ibc.ee\/wp-content\/uploads\/2025\/11\/NewCube-FDA-IBC-1000-IBC-konteiner-toidukvaliteediga-vedelike-jaoks-sinine.jpg\",\"width\":1000,\"height\":1000,\"caption\":\"NewCube FDA IBC 1000 Blue \u2013 1000L FDA-Compliant Blue IBC for Food-Grade and UV-Sensitive Applications\"},{\"@type\":\"BreadcrumbList\",\"@id\":\"https:\/\/ibc.ee\/lv\/product\/newcube-fda-ibc-1000-blue-1000-l-fda-sertificets-zilais-ibc-konteiners-partikas-skidrumiem-un-uv-jutigiem-lietojumiem\/#breadcrumb\",\"itemListElement\":[{\"@type\":\"ListItem\",\"position\":1,\"name\":\"\u0413\u043b\u0430\u0432\u043d\u0430\u044f \u0441\u0442\u0440\u0430\u043d\u0438\u0446\u0430\",\"item\":\"https:\/\/ibc.ee\/lv\/\"},{\"@type\":\"ListItem\",\"position\":2,\"name\":\"Veikals\",\"item\":\"https:\/\/ibc.ee\/lv\/shop\/\"},{\"@type\":\"ListItem\",\"position\":3,\"name\":\"NewCube FDA IBC 1000 Blue \u2013 1000\u202fL FDA sertific\u0113ts zilais IBC konteiners p\u0101rtikas \u0161\u0137idrumiem un UV-jut\u012bgiem lietojumiem\"}]},{\"@type\":\"WebSite\",\"@id\":\"https:\/\/www.ibc.ee\/lv\/#website\",\"url\":\"https:\/\/www.ibc.ee\/lv\/\",\"name\":\"IBC konteineri m&uuml;&uuml;k, vaadid, kraanid, mahutid\",\"description\":\"IBC - Tank container valve, Adapters\\\\fittings, Intermediate bulk, container, Drums\/cans\",\"potentialAction\":[{\"@type\":\"SearchAction\",\"target\":{\"@type\":\"EntryPoint\",\"urlTemplate\":\"https:\/\/www.ibc.ee\/lv\/?s={search_term_string}\"},\"query-input\":{\"@type\":\"PropertyValueSpecification\",\"valueRequired\":true,\"valueName\":\"search_term_string\"}}],\"inLanguage\":\"lv-LV\"}]}<\/script>\n<!-- \/ Yoast SEO plugin. -->","yoast_head_json":{"title":"NewCube FDA IBC 1000 Blue \u2013 1000\u202fL FDA sertific\u0113ts zilais IBC konteiners p\u0101rtikas \u0161\u0137idrumiem un UV-jut\u012bgiem lietojumiem - IBC konteineri m&uuml;&uuml;k, vaadid, kraanid, mahutid","description":"NewCube FDA IBC 1000 Blue ir piln\u012bgi jauns 1000 litru starpkonteiners (IBC), kas paredz\u0113ts dro\u0161ai un higi\u0113niskai p\u0101rtikas \u0161\u0137idrumu, dzeram\u0101 \u016bdens un citu ne-b\u012bstamu vielu uzglab\u0101\u0161anai un p\u0101rvad\u0101\u0161anai.","robots":{"index":"index","follow":"follow","max-snippet":"max-snippet:-1","max-image-preview":"max-image-preview:large","max-video-preview":"max-video-preview:-1"},"canonical":"https:\/\/ibc.ee\/lv\/product\/newcube-fda-ibc-1000-blue-1000-l-fda-sertificets-zilais-ibc-konteiners-partikas-skidrumiem-un-uv-jutigiem-lietojumiem\/","og_locale":"lv_LV","og_type":"article","og_title":"NewCube FDA IBC 1000 Blue \u2013 1000\u202fL FDA sertific\u0113ts zilais IBC konteiners p\u0101rtikas \u0161\u0137idrumiem un UV-jut\u012bgiem lietojumiem - IBC konteineri m&uuml;&uuml;k, vaadid, kraanid, mahutid","og_description":"NewCube FDA IBC 1000 Blue ir piln\u012bgi jauns 1000 litru starpkonteiners (IBC), kas paredz\u0113ts dro\u0161ai un higi\u0113niskai p\u0101rtikas \u0161\u0137idrumu, dzeram\u0101 \u016bdens un citu ne-b\u012bstamu vielu uzglab\u0101\u0161anai un p\u0101rvad\u0101\u0161anai.","og_url":"https:\/\/ibc.ee\/lv\/product\/newcube-fda-ibc-1000-blue-1000-l-fda-sertificets-zilais-ibc-konteiners-partikas-skidrumiem-un-uv-jutigiem-lietojumiem\/","og_site_name":"IBC konteineri m&uuml;&uuml;k, vaadid, kraanid, mahutid","article_modified_time":"2025-11-04T13:47:56+00:00","og_image":[{"width":1000,"height":1000,"url":"https:\/\/ibc.ee\/wp-content\/uploads\/2025\/11\/NewCube-FDA-IBC-1000-IBC-konteiner-toidukvaliteediga-vedelike-jaoks-sinine.jpg","type":"image\/jpeg"}],"twitter_card":"summary_large_image","twitter_misc":{"Est. reading time":"2 minutes"},"schema":{"@context":"https:\/\/schema.org","@graph":[{"@type":"WebPage","@id":"https:\/\/ibc.ee\/lv\/product\/newcube-fda-ibc-1000-blue-1000-l-fda-sertificets-zilais-ibc-konteiners-partikas-skidrumiem-un-uv-jutigiem-lietojumiem\/","url":"https:\/\/ibc.ee\/lv\/product\/newcube-fda-ibc-1000-blue-1000-l-fda-sertificets-zilais-ibc-konteiners-partikas-skidrumiem-un-uv-jutigiem-lietojumiem\/","name":"NewCube FDA IBC 1000 Blue \u2013 1000\u202fL FDA sertific\u0113ts zilais IBC konteiners p\u0101rtikas \u0161\u0137idrumiem un UV-jut\u012bgiem lietojumiem - IBC konteineri m&uuml;&uuml;k, vaadid, kraanid, mahutid","isPartOf":{"@id":"https:\/\/www.ibc.ee\/lv\/#website"},"primaryImageOfPage":{"@id":"https:\/\/ibc.ee\/lv\/product\/newcube-fda-ibc-1000-blue-1000-l-fda-sertificets-zilais-ibc-konteiners-partikas-skidrumiem-un-uv-jutigiem-lietojumiem\/#primaryimage"},"image":{"@id":"https:\/\/ibc.ee\/lv\/product\/newcube-fda-ibc-1000-blue-1000-l-fda-sertificets-zilais-ibc-konteiners-partikas-skidrumiem-un-uv-jutigiem-lietojumiem\/#primaryimage"},"thumbnailUrl":"https:\/\/ibc.ee\/wp-content\/uploads\/2025\/11\/NewCube-FDA-IBC-1000-IBC-konteiner-toidukvaliteediga-vedelike-jaoks-sinine.jpg","datePublished":"2025-11-04T13:22:57+00:00","dateModified":"2025-11-04T13:47:56+00:00","description":"NewCube FDA IBC 1000 Blue ir piln\u012bgi jauns 1000 litru starpkonteiners (IBC), kas paredz\u0113ts dro\u0161ai un higi\u0113niskai p\u0101rtikas \u0161\u0137idrumu, dzeram\u0101 \u016bdens un citu ne-b\u012bstamu vielu uzglab\u0101\u0161anai un p\u0101rvad\u0101\u0161anai.","breadcrumb":{"@id":"https:\/\/ibc.ee\/lv\/product\/newcube-fda-ibc-1000-blue-1000-l-fda-sertificets-zilais-ibc-konteiners-partikas-skidrumiem-un-uv-jutigiem-lietojumiem\/#breadcrumb"},"inLanguage":"lv-LV","potentialAction":[{"@type":"ReadAction","target":["https:\/\/ibc.ee\/lv\/product\/newcube-fda-ibc-1000-blue-1000-l-fda-sertificets-zilais-ibc-konteiners-partikas-skidrumiem-un-uv-jutigiem-lietojumiem\/"]}]},{"@type":"ImageObject","inLanguage":"lv-LV","@id":"https:\/\/ibc.ee\/lv\/product\/newcube-fda-ibc-1000-blue-1000-l-fda-sertificets-zilais-ibc-konteiners-partikas-skidrumiem-un-uv-jutigiem-lietojumiem\/#primaryimage","url":"https:\/\/ibc.ee\/wp-content\/uploads\/2025\/11\/NewCube-FDA-IBC-1000-IBC-konteiner-toidukvaliteediga-vedelike-jaoks-sinine.jpg","contentUrl":"https:\/\/ibc.ee\/wp-content\/uploads\/2025\/11\/NewCube-FDA-IBC-1000-IBC-konteiner-toidukvaliteediga-vedelike-jaoks-sinine.jpg","width":1000,"height":1000,"caption":"NewCube FDA IBC 1000 Blue \u2013 1000L FDA-Compliant Blue IBC for Food-Grade and UV-Sensitive Applications"},{"@type":"BreadcrumbList","@id":"https:\/\/ibc.ee\/lv\/product\/newcube-fda-ibc-1000-blue-1000-l-fda-sertificets-zilais-ibc-konteiners-partikas-skidrumiem-un-uv-jutigiem-lietojumiem\/#breadcrumb","itemListElement":[{"@type":"ListItem","position":1,"name":"\u0413\u043b\u0430\u0432\u043d\u0430\u044f \u0441\u0442\u0440\u0430\u043d\u0438\u0446\u0430","item":"https:\/\/ibc.ee\/lv\/"},{"@type":"ListItem","position":2,"name":"Veikals","item":"https:\/\/ibc.ee\/lv\/shop\/"},{"@type":"ListItem","position":3,"name":"NewCube FDA IBC 1000 Blue \u2013 1000\u202fL FDA sertific\u0113ts zilais IBC konteiners p\u0101rtikas \u0161\u0137idrumiem un UV-jut\u012bgiem lietojumiem"}]},{"@type":"WebSite","@id":"https:\/\/www.ibc.ee\/lv\/#website","url":"https:\/\/www.ibc.ee\/lv\/","name":"IBC konteineri m&uuml;&uuml;k, vaadid, kraanid, mahutid","description":"IBC - Tank container valve, Adapters\\fittings, Intermediate bulk, container, Drums\/cans","potentialAction":[{"@type":"SearchAction","target":{"@type":"EntryPoint","urlTemplate":"https:\/\/www.ibc.ee\/lv\/?s={search_term_string}"},"query-input":{"@type":"PropertyValueSpecification","valueRequired":true,"valueName":"search_term_string"}}],"inLanguage":"lv-LV"}]}},"_links":{"self":[{"href":"https:\/\/ibc.ee\/lv\/wp-json\/wp\/v2\/product\/24691","targetHints":{"allow":["GET"]}}],"collection":[{"href":"https:\/\/ibc.ee\/lv\/wp-json\/wp\/v2\/product"}],"about":[{"href":"https:\/\/ibc.ee\/lv\/wp-json\/wp\/v2\/types\/product"}],"wp:featuredmedia":[{"embeddable":true,"href":"https:\/\/ibc.ee\/lv\/wp-json\/wp\/v2\/media\/24698"}],"wp:attachment":[{"href":"https:\/\/ibc.ee\/lv\/wp-json\/wp\/v2\/media?parent=24691"}],"wp:term":[{"taxonomy":"product_brand","embeddable":true,"href":"https:\/\/ibc.ee\/lv\/wp-json\/wp\/v2\/product_brand?post=24691"},{"taxonomy":"product_cat","embeddable":true,"href":"https:\/\/ibc.ee\/lv\/wp-json\/wp\/v2\/product_cat?post=24691"},{"taxonomy":"product_tag","embeddable":true,"href":"https:\/\/ibc.ee\/lv\/wp-json\/wp\/v2\/product_tag?post=24691"}],"curies":[{"name":"wp","href":"https:\/\/api.w.org\/{rel}","templated":true}]}}