{"id":24764,"date":"2025-11-05T15:15:05","date_gmt":"2025-11-05T13:15:05","guid":{"rendered":"https:\/\/ibc.ee\/?post_type=product&#038;p=24764"},"modified":"2025-11-05T15:49:17","modified_gmt":"2025-11-05T13:49:17","slug":"renewcube-un-ibc-1000-1000-l-atjaunots-ibc-konteiners-ar-lietotu-metala-rami-un-jaunu-un-sertificetu-ieksejo-tvertni","status":"publish","type":"product","link":"https:\/\/ibc.ee\/lv\/product\/renewcube-un-ibc-1000-1000-l-atjaunots-ibc-konteiners-ar-lietotu-metala-rami-un-jaunu-un-sertificetu-ieksejo-tvertni\/","title":{"rendered":"ReNewCube UN IBC 1000 \u2013 1000\u202fL atjaunots IBC konteiners ar lietotu met\u0101la r\u0101mi un jaunu UN sertific\u0113tu iek\u0161\u0113jo tvertni"},"content":{"rendered":"<p>Galven\u0101s \u012bpa\u0161\u012bbas<br \/>\n&#8211; Tilpums: 1000 litri (275 galoni)<br \/>\n&#8211; Iek\u0161\u0113j\u0101 tvertne: Izgatavota no virgin HDPE plastmasas. Sertific\u0113ta atbilsto\u0161i UN pras\u012bb\u0101m b\u012bstamu vielu p\u0101rvad\u0101\u0161anai. Piln\u012bgi jauna un nelietota<br \/>\n&#8211; R\u0101mis: Lietots, bet p\u0101rbaud\u012bts cinkots met\u0101la r\u0101mis. Struktur\u0101li dro\u0161s un atk\u0101rtoti izmantojams<br \/>\n&#8211; Palete: Plastmasas vai kompoz\u012btmateri\u0101la, piem\u0113rota iekr\u0101v\u0113jiem<br \/>\n&#8211; V\u0101ks: \u00d8150 mm skr\u016bv\u0113jams ar iesp\u0113ju plomb\u0113t<br \/>\n&#8211; Izpl\u016bdes v\u0101rsts: Standarta S60x6 ar aizsargv\u0101ci\u0146u<br \/>\n&#8211; Atk\u0101rtoti lietojams un viegli t\u012br\u0101ms<br \/>\n&#8211; Videi draudz\u012bgs risin\u0101jums \u2013 atk\u0101rtota r\u0101mis izmanto\u0161ana samazina atkritumus un izmaksas   <\/p>\n<p><strong>K\u0101p\u0113c izv\u0113l\u0113ties ReNewCube UN IBC 1000?<\/strong><br \/>\n&#8211; Atbilst UN dro\u0161\u012bbas standartiem b\u012bstamu vielu uzglab\u0101\u0161anai un p\u0101rvad\u0101\u0161anai<br \/>\n&#8211; Izdev\u012bg\u0101ka cena nek\u0101 piln\u012bgi jauniem UN sertific\u0113tiem konteineriem<br \/>\n&#8211; Jauna iek\u0161\u0113j\u0101 tvertne = t\u012br\u012bba un atbilst\u012bba<br \/>\n&#8211; Lietots r\u0101mis = maz\u0101kas izmaksas bez dro\u0161\u012bbas kompromisiem<br \/>\n&#8211; Uzticams risin\u0101jums r\u016bpnieciskiem un lo\u0123istikas m\u0113r\u0137iem<br \/>\n&#8211; Atbalsta ilgtsp\u0113ju \u2013 da\u013c\u0113ja atk\u0101rtota izmanto\u0161ana<\/p>\n<p><strong>Ieteicamie pielietojumi<\/strong><br \/>\n&#8211; Reglament\u0113to \u0137\u012bmisko vielu un \u0161\u0137idrumu transport\u0113\u0161ana un uzglab\u0101\u0161ana<br \/>\n&#8211; B\u012bstamo vielu apstr\u0101de (saska\u0146\u0101 ar UN sertifik\u0101ciju)<br \/>\n&#8211; R\u016bpniecisk\u0101 ra\u017eo\u0161ana, ieguves r\u016bpniec\u012bba, naftas un g\u0101zes nozare<br \/>\n&#8211; Lo\u0123istika un transport\u0113\u0161ana ar oblig\u0101tu sertific\u0113tu iepakojumu<br \/>\n&#8211; Atkritumu apsaimnieko\u0161ana (b\u012bstamie un neb\u012bstamie \u0161\u0137idrumi)<\/p>\n<p><strong>Svar\u012bga inform\u0101cija<\/strong><br \/>\n&#8211; Tikai iek\u0161\u0113j\u0101 tvertne ir jauna, r\u0101mis ir lietots, bet p\u0101rbaud\u012bts<br \/>\n&#8211; UN mar\u0137\u0113jums skaidri nor\u0101d\u012bts uz konteinera<br \/>\n&#8211; Nav paredz\u0113ts p\u0101rtikas vai farmaceitiskiem produktiem, ja nav \u012bpa\u0161i sertific\u0113ts<br \/>\n&#8211; Sertifik\u0101ts pieejams p\u0113c piepras\u012bjuma<\/p>\n","protected":false},"excerpt":{"rendered":"<p>ReNewCube UN IBC 1000 ir atjaunots 1000 litru IBC (Intermediate Bulk Container) konteiners, kas paredz\u0113ts lieto\u0161anai gad\u012bjumos, kad nepiecie\u0161ama UN sertifik\u0101cija b\u012bstamu vai reglament\u0113tu \u0161\u0137idrumu uzglab\u0101\u0161anai un p\u0101rvad\u0101\u0161anai.<br \/>\nModelis apvieno lietotu, p\u0101rbaud\u012btu cinkotu t\u0113rauda r\u0101mi un piln\u012bgi jaunu HDPE iek\u0161\u0113jo tvertni ar UN sertifik\u0101ciju, nodro\u0161inot gan atbilst\u012bbu normat\u012bvajiem aktiem, gan ekonomiskumu.<\/p>\n","protected":false},"featured_media":24771,"template":"","meta":[],"product_brand":[],"product_cat":[315],"product_tag":[],"class_list":{"0":"post-24764","1":"product","2":"type-product","3":"status-publish","4":"has-post-thumbnail","6":"product_cat-starppaterina-konteiners-beztaras-ibc-1000-litri","7":"product_shipping_class-containers-lv","9":"first","10":"onbackorder","11":"taxable","12":"shipping-taxable","13":"purchasable","14":"product-type-simple"},"yoast_head":"<!-- This site is optimized with the Yoast SEO plugin v26.9 - https:\/\/yoast.com\/product\/yoast-seo-wordpress\/ -->\n<title>ReNewCube UN IBC 1000 \u2013 1000\u202fL atjaunots IBC konteiners ar lietotu met\u0101la r\u0101mi un jaunu UN sertific\u0113tu iek\u0161\u0113jo tvertni - IBC konteineri m&uuml;&uuml;k, vaadid, kraanid, mahutid<\/title>\n<meta name=\"description\" content=\"ReNewCube UN IBC 1000 ir atjaunots 1000 litru IBC (Intermediate Bulk Container) konteiners, kas paredz\u0113ts lieto\u0161anai gad\u012bjumos, kad nepiecie\u0161ama UN sertifik\u0101cija b\u012bstamu vai reglament\u0113tu \u0161\u0137idrumu uzglab\u0101\u0161anai un p\u0101rvad\u0101\u0161anai.\" \/>\n<meta name=\"robots\" content=\"index, follow, max-snippet:-1, max-image-preview:large, max-video-preview:-1\" \/>\n<link rel=\"canonical\" href=\"https:\/\/ibc.ee\/lv\/product\/renewcube-un-ibc-1000-1000-l-atjaunots-ibc-konteiners-ar-lietotu-metala-rami-un-jaunu-un-sertificetu-ieksejo-tvertni\/\" \/>\n<meta property=\"og:locale\" content=\"lv_LV\" \/>\n<meta property=\"og:type\" content=\"article\" \/>\n<meta property=\"og:title\" content=\"ReNewCube UN IBC 1000 \u2013 1000\u202fL atjaunots IBC konteiners ar lietotu met\u0101la r\u0101mi un jaunu UN sertific\u0113tu iek\u0161\u0113jo tvertni - IBC konteineri m&uuml;&uuml;k, vaadid, kraanid, mahutid\" \/>\n<meta property=\"og:description\" content=\"ReNewCube UN IBC 1000 ir atjaunots 1000 litru IBC (Intermediate Bulk Container) konteiners, kas paredz\u0113ts lieto\u0161anai gad\u012bjumos, kad nepiecie\u0161ama UN sertifik\u0101cija b\u012bstamu vai reglament\u0113tu \u0161\u0137idrumu uzglab\u0101\u0161anai un p\u0101rvad\u0101\u0161anai.\" \/>\n<meta property=\"og:url\" content=\"https:\/\/ibc.ee\/lv\/product\/renewcube-un-ibc-1000-1000-l-atjaunots-ibc-konteiners-ar-lietotu-metala-rami-un-jaunu-un-sertificetu-ieksejo-tvertni\/\" \/>\n<meta property=\"og:site_name\" content=\"IBC konteineri m&uuml;&uuml;k, vaadid, kraanid, mahutid\" \/>\n<meta property=\"article:modified_time\" content=\"2025-11-05T13:49:17+00:00\" \/>\n<meta property=\"og:image\" content=\"https:\/\/ibc.ee\/wp-content\/uploads\/2025\/11\/ReNewCube-UN-IBC-1000L-taastatud-IBC-kasutatud-teraspuuri-ja-uue-UN-sertifikaadiga-sisepudeliga.jpg\" \/>\n\t<meta property=\"og:image:width\" content=\"1000\" \/>\n\t<meta property=\"og:image:height\" content=\"1000\" \/>\n\t<meta property=\"og:image:type\" content=\"image\/jpeg\" \/>\n<meta name=\"twitter:card\" content=\"summary_large_image\" \/>\n<meta name=\"twitter:label1\" content=\"Est. reading time\" \/>\n\t<meta name=\"twitter:data1\" content=\"2 minutes\" \/>\n<script type=\"application\/ld+json\" class=\"yoast-schema-graph\">{\"@context\":\"https:\/\/schema.org\",\"@graph\":[{\"@type\":\"WebPage\",\"@id\":\"https:\/\/ibc.ee\/lv\/product\/renewcube-un-ibc-1000-1000-l-atjaunots-ibc-konteiners-ar-lietotu-metala-rami-un-jaunu-un-sertificetu-ieksejo-tvertni\/\",\"url\":\"https:\/\/ibc.ee\/lv\/product\/renewcube-un-ibc-1000-1000-l-atjaunots-ibc-konteiners-ar-lietotu-metala-rami-un-jaunu-un-sertificetu-ieksejo-tvertni\/\",\"name\":\"ReNewCube UN IBC 1000 \u2013 1000\u202fL atjaunots IBC konteiners ar lietotu met\u0101la r\u0101mi un jaunu UN sertific\u0113tu iek\u0161\u0113jo tvertni - IBC konteineri m&uuml;&uuml;k, vaadid, kraanid, mahutid\",\"isPartOf\":{\"@id\":\"https:\/\/www.ibc.ee\/lv\/#website\"},\"primaryImageOfPage\":{\"@id\":\"https:\/\/ibc.ee\/lv\/product\/renewcube-un-ibc-1000-1000-l-atjaunots-ibc-konteiners-ar-lietotu-metala-rami-un-jaunu-un-sertificetu-ieksejo-tvertni\/#primaryimage\"},\"image\":{\"@id\":\"https:\/\/ibc.ee\/lv\/product\/renewcube-un-ibc-1000-1000-l-atjaunots-ibc-konteiners-ar-lietotu-metala-rami-un-jaunu-un-sertificetu-ieksejo-tvertni\/#primaryimage\"},\"thumbnailUrl\":\"https:\/\/ibc.ee\/wp-content\/uploads\/2025\/11\/ReNewCube-UN-IBC-1000L-taastatud-IBC-kasutatud-teraspuuri-ja-uue-UN-sertifikaadiga-sisepudeliga.jpg\",\"datePublished\":\"2025-11-05T13:15:05+00:00\",\"dateModified\":\"2025-11-05T13:49:17+00:00\",\"description\":\"ReNewCube UN IBC 1000 ir atjaunots 1000 litru IBC (Intermediate Bulk Container) konteiners, kas paredz\u0113ts lieto\u0161anai gad\u012bjumos, kad nepiecie\u0161ama UN sertifik\u0101cija b\u012bstamu vai reglament\u0113tu \u0161\u0137idrumu uzglab\u0101\u0161anai un p\u0101rvad\u0101\u0161anai.\",\"breadcrumb\":{\"@id\":\"https:\/\/ibc.ee\/lv\/product\/renewcube-un-ibc-1000-1000-l-atjaunots-ibc-konteiners-ar-lietotu-metala-rami-un-jaunu-un-sertificetu-ieksejo-tvertni\/#breadcrumb\"},\"inLanguage\":\"lv-LV\",\"potentialAction\":[{\"@type\":\"ReadAction\",\"target\":[\"https:\/\/ibc.ee\/lv\/product\/renewcube-un-ibc-1000-1000-l-atjaunots-ibc-konteiners-ar-lietotu-metala-rami-un-jaunu-un-sertificetu-ieksejo-tvertni\/\"]}]},{\"@type\":\"ImageObject\",\"inLanguage\":\"lv-LV\",\"@id\":\"https:\/\/ibc.ee\/lv\/product\/renewcube-un-ibc-1000-1000-l-atjaunots-ibc-konteiners-ar-lietotu-metala-rami-un-jaunu-un-sertificetu-ieksejo-tvertni\/#primaryimage\",\"url\":\"https:\/\/ibc.ee\/wp-content\/uploads\/2025\/11\/ReNewCube-UN-IBC-1000L-taastatud-IBC-kasutatud-teraspuuri-ja-uue-UN-sertifikaadiga-sisepudeliga.jpg\",\"contentUrl\":\"https:\/\/ibc.ee\/wp-content\/uploads\/2025\/11\/ReNewCube-UN-IBC-1000L-taastatud-IBC-kasutatud-teraspuuri-ja-uue-UN-sertifikaadiga-sisepudeliga.jpg\",\"width\":1000,\"height\":1000,\"caption\":\"ReNewCube UN IBC 1000 \u2013 1000L Rebuilt IBC with Used Steel Cage and New UN-Certified Inner Bottle\"},{\"@type\":\"BreadcrumbList\",\"@id\":\"https:\/\/ibc.ee\/lv\/product\/renewcube-un-ibc-1000-1000-l-atjaunots-ibc-konteiners-ar-lietotu-metala-rami-un-jaunu-un-sertificetu-ieksejo-tvertni\/#breadcrumb\",\"itemListElement\":[{\"@type\":\"ListItem\",\"position\":1,\"name\":\"\u0413\u043b\u0430\u0432\u043d\u0430\u044f \u0441\u0442\u0440\u0430\u043d\u0438\u0446\u0430\",\"item\":\"https:\/\/www.ibc.ee\/lv\/\"},{\"@type\":\"ListItem\",\"position\":2,\"name\":\"Veikals\",\"item\":\"https:\/\/www.ibc.ee\/lv\/shop\/\"},{\"@type\":\"ListItem\",\"position\":3,\"name\":\"ReNewCube UN IBC 1000 \u2013 1000\u202fL atjaunots IBC konteiners ar lietotu met\u0101la r\u0101mi un jaunu UN sertific\u0113tu iek\u0161\u0113jo tvertni\"}]},{\"@type\":\"WebSite\",\"@id\":\"https:\/\/www.ibc.ee\/lv\/#website\",\"url\":\"https:\/\/www.ibc.ee\/lv\/\",\"name\":\"IBC konteineri m&uuml;&uuml;k, vaadid, kraanid, mahutid\",\"description\":\"IBC - Tank container valve, Adapters\\\\fittings, Intermediate bulk, container, Drums\/cans\",\"potentialAction\":[{\"@type\":\"SearchAction\",\"target\":{\"@type\":\"EntryPoint\",\"urlTemplate\":\"https:\/\/www.ibc.ee\/lv\/?s={search_term_string}\"},\"query-input\":{\"@type\":\"PropertyValueSpecification\",\"valueRequired\":true,\"valueName\":\"search_term_string\"}}],\"inLanguage\":\"lv-LV\"}]}<\/script>\n<!-- \/ Yoast SEO plugin. -->","yoast_head_json":{"title":"ReNewCube UN IBC 1000 \u2013 1000\u202fL atjaunots IBC konteiners ar lietotu met\u0101la r\u0101mi un jaunu UN sertific\u0113tu iek\u0161\u0113jo tvertni - IBC konteineri m&uuml;&uuml;k, vaadid, kraanid, mahutid","description":"ReNewCube UN IBC 1000 ir atjaunots 1000 litru IBC (Intermediate Bulk Container) konteiners, kas paredz\u0113ts lieto\u0161anai gad\u012bjumos, kad nepiecie\u0161ama UN sertifik\u0101cija b\u012bstamu vai reglament\u0113tu \u0161\u0137idrumu uzglab\u0101\u0161anai un p\u0101rvad\u0101\u0161anai.","robots":{"index":"index","follow":"follow","max-snippet":"max-snippet:-1","max-image-preview":"max-image-preview:large","max-video-preview":"max-video-preview:-1"},"canonical":"https:\/\/ibc.ee\/lv\/product\/renewcube-un-ibc-1000-1000-l-atjaunots-ibc-konteiners-ar-lietotu-metala-rami-un-jaunu-un-sertificetu-ieksejo-tvertni\/","og_locale":"lv_LV","og_type":"article","og_title":"ReNewCube UN IBC 1000 \u2013 1000\u202fL atjaunots IBC konteiners ar lietotu met\u0101la r\u0101mi un jaunu UN sertific\u0113tu iek\u0161\u0113jo tvertni - IBC konteineri m&uuml;&uuml;k, vaadid, kraanid, mahutid","og_description":"ReNewCube UN IBC 1000 ir atjaunots 1000 litru IBC (Intermediate Bulk Container) konteiners, kas paredz\u0113ts lieto\u0161anai gad\u012bjumos, kad nepiecie\u0161ama UN sertifik\u0101cija b\u012bstamu vai reglament\u0113tu \u0161\u0137idrumu uzglab\u0101\u0161anai un p\u0101rvad\u0101\u0161anai.","og_url":"https:\/\/ibc.ee\/lv\/product\/renewcube-un-ibc-1000-1000-l-atjaunots-ibc-konteiners-ar-lietotu-metala-rami-un-jaunu-un-sertificetu-ieksejo-tvertni\/","og_site_name":"IBC konteineri m&uuml;&uuml;k, vaadid, kraanid, mahutid","article_modified_time":"2025-11-05T13:49:17+00:00","og_image":[{"width":1000,"height":1000,"url":"https:\/\/ibc.ee\/wp-content\/uploads\/2025\/11\/ReNewCube-UN-IBC-1000L-taastatud-IBC-kasutatud-teraspuuri-ja-uue-UN-sertifikaadiga-sisepudeliga.jpg","type":"image\/jpeg"}],"twitter_card":"summary_large_image","twitter_misc":{"Est. reading time":"2 minutes"},"schema":{"@context":"https:\/\/schema.org","@graph":[{"@type":"WebPage","@id":"https:\/\/ibc.ee\/lv\/product\/renewcube-un-ibc-1000-1000-l-atjaunots-ibc-konteiners-ar-lietotu-metala-rami-un-jaunu-un-sertificetu-ieksejo-tvertni\/","url":"https:\/\/ibc.ee\/lv\/product\/renewcube-un-ibc-1000-1000-l-atjaunots-ibc-konteiners-ar-lietotu-metala-rami-un-jaunu-un-sertificetu-ieksejo-tvertni\/","name":"ReNewCube UN IBC 1000 \u2013 1000\u202fL atjaunots IBC konteiners ar lietotu met\u0101la r\u0101mi un jaunu UN sertific\u0113tu iek\u0161\u0113jo tvertni - IBC konteineri m&uuml;&uuml;k, vaadid, kraanid, mahutid","isPartOf":{"@id":"https:\/\/www.ibc.ee\/lv\/#website"},"primaryImageOfPage":{"@id":"https:\/\/ibc.ee\/lv\/product\/renewcube-un-ibc-1000-1000-l-atjaunots-ibc-konteiners-ar-lietotu-metala-rami-un-jaunu-un-sertificetu-ieksejo-tvertni\/#primaryimage"},"image":{"@id":"https:\/\/ibc.ee\/lv\/product\/renewcube-un-ibc-1000-1000-l-atjaunots-ibc-konteiners-ar-lietotu-metala-rami-un-jaunu-un-sertificetu-ieksejo-tvertni\/#primaryimage"},"thumbnailUrl":"https:\/\/ibc.ee\/wp-content\/uploads\/2025\/11\/ReNewCube-UN-IBC-1000L-taastatud-IBC-kasutatud-teraspuuri-ja-uue-UN-sertifikaadiga-sisepudeliga.jpg","datePublished":"2025-11-05T13:15:05+00:00","dateModified":"2025-11-05T13:49:17+00:00","description":"ReNewCube UN IBC 1000 ir atjaunots 1000 litru IBC (Intermediate Bulk Container) konteiners, kas paredz\u0113ts lieto\u0161anai gad\u012bjumos, kad nepiecie\u0161ama UN sertifik\u0101cija b\u012bstamu vai reglament\u0113tu \u0161\u0137idrumu uzglab\u0101\u0161anai un p\u0101rvad\u0101\u0161anai.","breadcrumb":{"@id":"https:\/\/ibc.ee\/lv\/product\/renewcube-un-ibc-1000-1000-l-atjaunots-ibc-konteiners-ar-lietotu-metala-rami-un-jaunu-un-sertificetu-ieksejo-tvertni\/#breadcrumb"},"inLanguage":"lv-LV","potentialAction":[{"@type":"ReadAction","target":["https:\/\/ibc.ee\/lv\/product\/renewcube-un-ibc-1000-1000-l-atjaunots-ibc-konteiners-ar-lietotu-metala-rami-un-jaunu-un-sertificetu-ieksejo-tvertni\/"]}]},{"@type":"ImageObject","inLanguage":"lv-LV","@id":"https:\/\/ibc.ee\/lv\/product\/renewcube-un-ibc-1000-1000-l-atjaunots-ibc-konteiners-ar-lietotu-metala-rami-un-jaunu-un-sertificetu-ieksejo-tvertni\/#primaryimage","url":"https:\/\/ibc.ee\/wp-content\/uploads\/2025\/11\/ReNewCube-UN-IBC-1000L-taastatud-IBC-kasutatud-teraspuuri-ja-uue-UN-sertifikaadiga-sisepudeliga.jpg","contentUrl":"https:\/\/ibc.ee\/wp-content\/uploads\/2025\/11\/ReNewCube-UN-IBC-1000L-taastatud-IBC-kasutatud-teraspuuri-ja-uue-UN-sertifikaadiga-sisepudeliga.jpg","width":1000,"height":1000,"caption":"ReNewCube UN IBC 1000 \u2013 1000L Rebuilt IBC with Used Steel Cage and New UN-Certified Inner Bottle"},{"@type":"BreadcrumbList","@id":"https:\/\/ibc.ee\/lv\/product\/renewcube-un-ibc-1000-1000-l-atjaunots-ibc-konteiners-ar-lietotu-metala-rami-un-jaunu-un-sertificetu-ieksejo-tvertni\/#breadcrumb","itemListElement":[{"@type":"ListItem","position":1,"name":"\u0413\u043b\u0430\u0432\u043d\u0430\u044f \u0441\u0442\u0440\u0430\u043d\u0438\u0446\u0430","item":"https:\/\/www.ibc.ee\/lv\/"},{"@type":"ListItem","position":2,"name":"Veikals","item":"https:\/\/www.ibc.ee\/lv\/shop\/"},{"@type":"ListItem","position":3,"name":"ReNewCube UN IBC 1000 \u2013 1000\u202fL atjaunots IBC konteiners ar lietotu met\u0101la r\u0101mi un jaunu UN sertific\u0113tu iek\u0161\u0113jo tvertni"}]},{"@type":"WebSite","@id":"https:\/\/www.ibc.ee\/lv\/#website","url":"https:\/\/www.ibc.ee\/lv\/","name":"IBC konteineri m&uuml;&uuml;k, vaadid, kraanid, mahutid","description":"IBC - Tank container valve, Adapters\\fittings, Intermediate bulk, container, Drums\/cans","potentialAction":[{"@type":"SearchAction","target":{"@type":"EntryPoint","urlTemplate":"https:\/\/www.ibc.ee\/lv\/?s={search_term_string}"},"query-input":{"@type":"PropertyValueSpecification","valueRequired":true,"valueName":"search_term_string"}}],"inLanguage":"lv-LV"}]}},"_links":{"self":[{"href":"https:\/\/ibc.ee\/lv\/wp-json\/wp\/v2\/product\/24764","targetHints":{"allow":["GET"]}}],"collection":[{"href":"https:\/\/ibc.ee\/lv\/wp-json\/wp\/v2\/product"}],"about":[{"href":"https:\/\/ibc.ee\/lv\/wp-json\/wp\/v2\/types\/product"}],"wp:featuredmedia":[{"embeddable":true,"href":"https:\/\/ibc.ee\/lv\/wp-json\/wp\/v2\/media\/24771"}],"wp:attachment":[{"href":"https:\/\/ibc.ee\/lv\/wp-json\/wp\/v2\/media?parent=24764"}],"wp:term":[{"taxonomy":"product_brand","embeddable":true,"href":"https:\/\/ibc.ee\/lv\/wp-json\/wp\/v2\/product_brand?post=24764"},{"taxonomy":"product_cat","embeddable":true,"href":"https:\/\/ibc.ee\/lv\/wp-json\/wp\/v2\/product_cat?post=24764"},{"taxonomy":"product_tag","embeddable":true,"href":"https:\/\/ibc.ee\/lv\/wp-json\/wp\/v2\/product_tag?post=24764"}],"curies":[{"name":"wp","href":"https:\/\/api.w.org\/{rel}","templated":true}]}}