{"id":24801,"date":"2025-11-06T15:25:29","date_gmt":"2025-11-06T13:25:29","guid":{"rendered":"https:\/\/ibc.ee\/?post_type=product&#038;p=24801"},"modified":"2025-11-06T15:55:30","modified_gmt":"2025-11-06T13:55:30","slug":"renewcube-un-ibc-1000-blue-1000-l-atjaunots-ibc-konteiners-ar-lietotu-rami-un-jaunu-zilu-un-sertificetu-ieksejo-hdpe-tvertni","status":"publish","type":"product","link":"https:\/\/ibc.ee\/lv\/product\/renewcube-un-ibc-1000-blue-1000-l-atjaunots-ibc-konteiners-ar-lietotu-rami-un-jaunu-zilu-un-sertificetu-ieksejo-hdpe-tvertni\/","title":{"rendered":"ReNewCube UN IBC 1000 Blue \u2013 1000\u202fL atjaunots IBC konteiners ar lietotu r\u0101mi un jaunu zilu UN sertific\u0113tu iek\u0161\u0113jo HDPE tvertni"},"content":{"rendered":"<p><strong>Galven\u0101s \u012bpa\u0161\u012bbas<\/strong><br \/>\n&#8211; Tilpums: 1000 litri (275 galoni)<br \/>\n&#8211; Iek\u0161\u0113j\u0101 tvertne: Izgatavota no virgin zila HDPE plastmasas. Sertific\u0113ta atbilsto\u0161i ANO pras\u012bb\u0101m. UV iztur\u012bga, piem\u0113rota uzglab\u0101\u0161anai \u0101rpus telp\u0101m. Piln\u012bgi jauna un nelietota<br \/>\n&#8211; \u0100r\u0113jais r\u0101mis: Lietots cinkots t\u0113rauds. P\u0101rbaud\u012bts un piem\u0113rots atk\u0101rtotai lieto\u0161anai<br \/>\n&#8211; Palete: Plastmasas vai kompoz\u012btmateri\u0101la, piem\u0113rota iekr\u0101v\u0113jiem<br \/>\n&#8211; V\u0101ks: \u00d8150 mm ar v\u012btni, iesp\u0113jama plomb\u0113\u0161ana<br \/>\n&#8211; Izpl\u016bdes v\u0101rsts: Standarta S60x6 ar aizsargv\u0101ci\u0146u<br \/>\n&#8211; UN mar\u0137\u0113jums ir skaidri redzams uz konteinera<br \/>&#8211; Higi\u0113nisks, atk\u0101rtoti izmantojams un ekonomisks risin\u0101jums    <\/p>\n<p><strong>K\u0101p\u0113c izv\u0113l\u0113ties ReNewCube UN IBC 1000 Blue?<\/strong><br \/>\n&#8211; UN sertific\u0113ts b\u012bstamo \u0161\u0137idrumu dro\u0161ai transport\u0113\u0161anai<br \/>\n&#8211; Zila iek\u0161\u0113j\u0101 tvertne = UV aizsardz\u012bba un satura vizu\u0101la at\u0161\u0137ir\u012bba<br \/>\n&#8211; Atjaunots = zem\u0101kas izmaksas, saglab\u0101jot atbilst\u012bbu normat\u012bviem<br \/>\n&#8211; Jauna iek\u0161\u0113j\u0101 tvertne = t\u012br\u012bba un herm\u0113tiskums<br \/>\n&#8211; Lietots r\u0101mis = videi draudz\u012bgs un izdev\u012bgs risin\u0101jums<br \/>\n&#8211; Ide\u0101li piem\u0113rots \u0137\u012bmik\u0101lij\u0101m, \u0161\u0137\u012bdin\u0101t\u0101jiem, r\u016bpnieciskiem \u0161\u0137idrumiem un atkritumiem<\/p>\n<p><strong>Ieteicam\u0101s pielieto\u0161anas jomas<\/strong><br \/>\n&#8211; B\u012bstamu vielu (reglament\u0113to) uzglab\u0101\u0161ana un transport\u0113\u0161ana<br \/>\n&#8211; R\u016bpniecisk\u0101 un \u0137\u012bmisk\u0101 ra\u017eo\u0161ana<br \/>\n&#8211; \u0100ra lieto\u0161ana \u2013 UV aizsardz\u012bba<br \/>\n&#8211; B\u012bstamo atkritumu sav\u0101k\u0161ana<br \/>\n&#8211; Lo\u0123istika, kur nepiecie\u0161ami sertific\u0113ti IBC konteineri<\/p>\n<p><strong>Svar\u012bga inform\u0101cija<\/strong><br \/>\n&#8211; Tikai iek\u0161\u0113j\u0101 tvertne ir jauna, r\u0101mis ir lietots, bet p\u0101rbaud\u012bts<br \/>\n&#8211; Nav paredz\u0113ts p\u0101rtikas vai farmaceitiskiem produktiem, ja nav nor\u0101d\u012bts cit\u0101di<br \/>\n&#8211; UN sertifik\u0101ts pieejams p\u0113c piepras\u012bjuma<\/p>\n","protected":false},"excerpt":{"rendered":"<p>ReNewCube UN IBC 1000 Blue ir atjaunots 1000 litru starpposma \u0161\u0137idrumu konteiners (IBC \u2013 Intermediate Bulk Container), kur\u0101 apvienots lietots un p\u0101rbaud\u012bts cinkots met\u0101la r\u0101mis ar piln\u012bgi jaunu zilu HDPE iek\u0161\u0113jo tvertni, kas ir sertific\u0113ta atbilsto\u0161i ANO (UN) pras\u012bb\u0101m b\u012bstamu vielu uzglab\u0101\u0161anai un p\u0101rvad\u0101\u0161anai.<br \/>\nZil\u0101 kr\u0101sa nodro\u0161ina UV aizsardz\u012bbu un pal\u012bdz vizu\u0101li at\u0161\u0137irt saturu vai m\u0113r\u0137i, padarot \u0161o konteineru ide\u0101li piem\u0113rotu r\u016bpnieciskai, \u0137\u012bmiskai un \u0101r\u0113jai lieto\u0161anai.<\/p>\n","protected":false},"featured_media":24808,"template":"","meta":[],"product_brand":[],"product_cat":[315],"product_tag":[],"class_list":{"0":"post-24801","1":"product","2":"type-product","3":"status-publish","4":"has-post-thumbnail","6":"product_cat-starppaterina-konteiners-beztaras-ibc-1000-litri","7":"product_shipping_class-containers-lv","9":"first","10":"onbackorder","11":"taxable","12":"shipping-taxable","13":"product-type-simple"},"yoast_head":"<!-- This site is optimized with the Yoast SEO plugin v26.9 - https:\/\/yoast.com\/product\/yoast-seo-wordpress\/ -->\n<title>ReNewCube UN IBC 1000 Blue \u2013 1000\u202fL atjaunots IBC konteiners ar lietotu r\u0101mi un jaunu zilu UN sertific\u0113tu iek\u0161\u0113jo HDPE tvertni - IBC konteineri m&uuml;&uuml;k, vaadid, kraanid, mahutid<\/title>\n<meta name=\"description\" content=\"ReNewCube UN IBC 1000 Blue ir atjaunots 1000 litru starpposma \u0161\u0137idrumu konteiners (IBC \u2013 Intermediate Bulk Container), kur\u0101 apvienots lietots un p\u0101rbaud\u012bts cinkots met\u0101la r\u0101mis ar piln\u012bgi jaunu zilu HDPE iek\u0161\u0113jo tvertni, kas ir sertific\u0113ta atbilsto\u0161i ANO (UN) pras\u012bb\u0101m b\u012bstamu vielu uzglab\u0101\u0161anai un p\u0101rvad\u0101\u0161anai.\" \/>\n<meta name=\"robots\" content=\"index, follow, max-snippet:-1, max-image-preview:large, max-video-preview:-1\" \/>\n<link rel=\"canonical\" href=\"https:\/\/ibc.ee\/lv\/product\/renewcube-un-ibc-1000-blue-1000-l-atjaunots-ibc-konteiners-ar-lietotu-rami-un-jaunu-zilu-un-sertificetu-ieksejo-hdpe-tvertni\/\" \/>\n<meta property=\"og:locale\" content=\"lv_LV\" \/>\n<meta property=\"og:type\" content=\"article\" \/>\n<meta property=\"og:title\" content=\"ReNewCube UN IBC 1000 Blue \u2013 1000\u202fL atjaunots IBC konteiners ar lietotu r\u0101mi un jaunu zilu UN sertific\u0113tu iek\u0161\u0113jo HDPE tvertni - IBC konteineri m&uuml;&uuml;k, vaadid, kraanid, mahutid\" \/>\n<meta property=\"og:description\" content=\"ReNewCube UN IBC 1000 Blue ir atjaunots 1000 litru starpposma \u0161\u0137idrumu konteiners (IBC \u2013 Intermediate Bulk Container), kur\u0101 apvienots lietots un p\u0101rbaud\u012bts cinkots met\u0101la r\u0101mis ar piln\u012bgi jaunu zilu HDPE iek\u0161\u0113jo tvertni, kas ir sertific\u0113ta atbilsto\u0161i ANO (UN) pras\u012bb\u0101m b\u012bstamu vielu uzglab\u0101\u0161anai un p\u0101rvad\u0101\u0161anai.\" \/>\n<meta property=\"og:url\" content=\"https:\/\/ibc.ee\/lv\/product\/renewcube-un-ibc-1000-blue-1000-l-atjaunots-ibc-konteiners-ar-lietotu-rami-un-jaunu-zilu-un-sertificetu-ieksejo-hdpe-tvertni\/\" \/>\n<meta property=\"og:site_name\" content=\"IBC konteineri m&uuml;&uuml;k, vaadid, kraanid, mahutid\" \/>\n<meta property=\"article:modified_time\" content=\"2025-11-06T13:55:30+00:00\" \/>\n<meta property=\"og:image\" content=\"https:\/\/ibc.ee\/wp-content\/uploads\/2025\/11\/ReNewCube-UN-IBC-1000-sinine-1000L-taastatud-IBC-kasutatud-teraspuuri-ja-uue-sinise-UN-sertifikaadiga-sisepudeliga.jpg\" \/>\n\t<meta property=\"og:image:width\" content=\"930\" \/>\n\t<meta property=\"og:image:height\" content=\"930\" \/>\n\t<meta property=\"og:image:type\" content=\"image\/jpeg\" \/>\n<meta name=\"twitter:card\" content=\"summary_large_image\" \/>\n<meta name=\"twitter:label1\" content=\"Est. reading time\" \/>\n\t<meta name=\"twitter:data1\" content=\"1 minute\" \/>\n<script type=\"application\/ld+json\" class=\"yoast-schema-graph\">{\"@context\":\"https:\/\/schema.org\",\"@graph\":[{\"@type\":\"WebPage\",\"@id\":\"https:\/\/ibc.ee\/lv\/product\/renewcube-un-ibc-1000-blue-1000-l-atjaunots-ibc-konteiners-ar-lietotu-rami-un-jaunu-zilu-un-sertificetu-ieksejo-hdpe-tvertni\/\",\"url\":\"https:\/\/ibc.ee\/lv\/product\/renewcube-un-ibc-1000-blue-1000-l-atjaunots-ibc-konteiners-ar-lietotu-rami-un-jaunu-zilu-un-sertificetu-ieksejo-hdpe-tvertni\/\",\"name\":\"ReNewCube UN IBC 1000 Blue \u2013 1000\u202fL atjaunots IBC konteiners ar lietotu r\u0101mi un jaunu zilu UN sertific\u0113tu iek\u0161\u0113jo HDPE tvertni - IBC konteineri m&uuml;&uuml;k, vaadid, kraanid, mahutid\",\"isPartOf\":{\"@id\":\"https:\/\/www.ibc.ee\/lv\/#website\"},\"primaryImageOfPage\":{\"@id\":\"https:\/\/ibc.ee\/lv\/product\/renewcube-un-ibc-1000-blue-1000-l-atjaunots-ibc-konteiners-ar-lietotu-rami-un-jaunu-zilu-un-sertificetu-ieksejo-hdpe-tvertni\/#primaryimage\"},\"image\":{\"@id\":\"https:\/\/ibc.ee\/lv\/product\/renewcube-un-ibc-1000-blue-1000-l-atjaunots-ibc-konteiners-ar-lietotu-rami-un-jaunu-zilu-un-sertificetu-ieksejo-hdpe-tvertni\/#primaryimage\"},\"thumbnailUrl\":\"https:\/\/ibc.ee\/wp-content\/uploads\/2025\/11\/ReNewCube-UN-IBC-1000-sinine-1000L-taastatud-IBC-kasutatud-teraspuuri-ja-uue-sinise-UN-sertifikaadiga-sisepudeliga.jpg\",\"datePublished\":\"2025-11-06T13:25:29+00:00\",\"dateModified\":\"2025-11-06T13:55:30+00:00\",\"description\":\"ReNewCube UN IBC 1000 Blue ir atjaunots 1000 litru starpposma \u0161\u0137idrumu konteiners (IBC \u2013 Intermediate Bulk Container), kur\u0101 apvienots lietots un p\u0101rbaud\u012bts cinkots met\u0101la r\u0101mis ar piln\u012bgi jaunu zilu HDPE iek\u0161\u0113jo tvertni, kas ir sertific\u0113ta atbilsto\u0161i ANO (UN) pras\u012bb\u0101m b\u012bstamu vielu uzglab\u0101\u0161anai un p\u0101rvad\u0101\u0161anai.\",\"breadcrumb\":{\"@id\":\"https:\/\/ibc.ee\/lv\/product\/renewcube-un-ibc-1000-blue-1000-l-atjaunots-ibc-konteiners-ar-lietotu-rami-un-jaunu-zilu-un-sertificetu-ieksejo-hdpe-tvertni\/#breadcrumb\"},\"inLanguage\":\"lv-LV\",\"potentialAction\":[{\"@type\":\"ReadAction\",\"target\":[\"https:\/\/ibc.ee\/lv\/product\/renewcube-un-ibc-1000-blue-1000-l-atjaunots-ibc-konteiners-ar-lietotu-rami-un-jaunu-zilu-un-sertificetu-ieksejo-hdpe-tvertni\/\"]}]},{\"@type\":\"ImageObject\",\"inLanguage\":\"lv-LV\",\"@id\":\"https:\/\/ibc.ee\/lv\/product\/renewcube-un-ibc-1000-blue-1000-l-atjaunots-ibc-konteiners-ar-lietotu-rami-un-jaunu-zilu-un-sertificetu-ieksejo-hdpe-tvertni\/#primaryimage\",\"url\":\"https:\/\/ibc.ee\/wp-content\/uploads\/2025\/11\/ReNewCube-UN-IBC-1000-sinine-1000L-taastatud-IBC-kasutatud-teraspuuri-ja-uue-sinise-UN-sertifikaadiga-sisepudeliga.jpg\",\"contentUrl\":\"https:\/\/ibc.ee\/wp-content\/uploads\/2025\/11\/ReNewCube-UN-IBC-1000-sinine-1000L-taastatud-IBC-kasutatud-teraspuuri-ja-uue-sinise-UN-sertifikaadiga-sisepudeliga.jpg\",\"width\":930,\"height\":930,\"caption\":\"ReNewCube UN IBC 1000 Blue \u2013 1000L Reconditioned IBC with Used Steel Cage and New Blue UN-Certified Inner Bottle\"},{\"@type\":\"BreadcrumbList\",\"@id\":\"https:\/\/ibc.ee\/lv\/product\/renewcube-un-ibc-1000-blue-1000-l-atjaunots-ibc-konteiners-ar-lietotu-rami-un-jaunu-zilu-un-sertificetu-ieksejo-hdpe-tvertni\/#breadcrumb\",\"itemListElement\":[{\"@type\":\"ListItem\",\"position\":1,\"name\":\"\u0413\u043b\u0430\u0432\u043d\u0430\u044f \u0441\u0442\u0440\u0430\u043d\u0438\u0446\u0430\",\"item\":\"https:\/\/www.ibc.ee\/lv\/\"},{\"@type\":\"ListItem\",\"position\":2,\"name\":\"Veikals\",\"item\":\"https:\/\/www.ibc.ee\/lv\/shop\/\"},{\"@type\":\"ListItem\",\"position\":3,\"name\":\"ReNewCube UN IBC 1000 Blue \u2013 1000\u202fL atjaunots IBC konteiners ar lietotu r\u0101mi un jaunu zilu UN sertific\u0113tu iek\u0161\u0113jo HDPE tvertni\"}]},{\"@type\":\"WebSite\",\"@id\":\"https:\/\/www.ibc.ee\/lv\/#website\",\"url\":\"https:\/\/www.ibc.ee\/lv\/\",\"name\":\"IBC konteineri m&uuml;&uuml;k, vaadid, kraanid, mahutid\",\"description\":\"IBC - Tank container valve, Adapters\\\\fittings, Intermediate bulk, container, Drums\/cans\",\"potentialAction\":[{\"@type\":\"SearchAction\",\"target\":{\"@type\":\"EntryPoint\",\"urlTemplate\":\"https:\/\/www.ibc.ee\/lv\/?s={search_term_string}\"},\"query-input\":{\"@type\":\"PropertyValueSpecification\",\"valueRequired\":true,\"valueName\":\"search_term_string\"}}],\"inLanguage\":\"lv-LV\"}]}<\/script>\n<!-- \/ Yoast SEO plugin. -->","yoast_head_json":{"title":"ReNewCube UN IBC 1000 Blue \u2013 1000\u202fL atjaunots IBC konteiners ar lietotu r\u0101mi un jaunu zilu UN sertific\u0113tu iek\u0161\u0113jo HDPE tvertni - IBC konteineri m&uuml;&uuml;k, vaadid, kraanid, mahutid","description":"ReNewCube UN IBC 1000 Blue ir atjaunots 1000 litru starpposma \u0161\u0137idrumu konteiners (IBC \u2013 Intermediate Bulk Container), kur\u0101 apvienots lietots un p\u0101rbaud\u012bts cinkots met\u0101la r\u0101mis ar piln\u012bgi jaunu zilu HDPE iek\u0161\u0113jo tvertni, kas ir sertific\u0113ta atbilsto\u0161i ANO (UN) pras\u012bb\u0101m b\u012bstamu vielu uzglab\u0101\u0161anai un p\u0101rvad\u0101\u0161anai.","robots":{"index":"index","follow":"follow","max-snippet":"max-snippet:-1","max-image-preview":"max-image-preview:large","max-video-preview":"max-video-preview:-1"},"canonical":"https:\/\/ibc.ee\/lv\/product\/renewcube-un-ibc-1000-blue-1000-l-atjaunots-ibc-konteiners-ar-lietotu-rami-un-jaunu-zilu-un-sertificetu-ieksejo-hdpe-tvertni\/","og_locale":"lv_LV","og_type":"article","og_title":"ReNewCube UN IBC 1000 Blue \u2013 1000\u202fL atjaunots IBC konteiners ar lietotu r\u0101mi un jaunu zilu UN sertific\u0113tu iek\u0161\u0113jo HDPE tvertni - IBC konteineri m&uuml;&uuml;k, vaadid, kraanid, mahutid","og_description":"ReNewCube UN IBC 1000 Blue ir atjaunots 1000 litru starpposma \u0161\u0137idrumu konteiners (IBC \u2013 Intermediate Bulk Container), kur\u0101 apvienots lietots un p\u0101rbaud\u012bts cinkots met\u0101la r\u0101mis ar piln\u012bgi jaunu zilu HDPE iek\u0161\u0113jo tvertni, kas ir sertific\u0113ta atbilsto\u0161i ANO (UN) pras\u012bb\u0101m b\u012bstamu vielu uzglab\u0101\u0161anai un p\u0101rvad\u0101\u0161anai.","og_url":"https:\/\/ibc.ee\/lv\/product\/renewcube-un-ibc-1000-blue-1000-l-atjaunots-ibc-konteiners-ar-lietotu-rami-un-jaunu-zilu-un-sertificetu-ieksejo-hdpe-tvertni\/","og_site_name":"IBC konteineri m&uuml;&uuml;k, vaadid, kraanid, mahutid","article_modified_time":"2025-11-06T13:55:30+00:00","og_image":[{"width":930,"height":930,"url":"https:\/\/ibc.ee\/wp-content\/uploads\/2025\/11\/ReNewCube-UN-IBC-1000-sinine-1000L-taastatud-IBC-kasutatud-teraspuuri-ja-uue-sinise-UN-sertifikaadiga-sisepudeliga.jpg","type":"image\/jpeg"}],"twitter_card":"summary_large_image","twitter_misc":{"Est. reading time":"1 minute"},"schema":{"@context":"https:\/\/schema.org","@graph":[{"@type":"WebPage","@id":"https:\/\/ibc.ee\/lv\/product\/renewcube-un-ibc-1000-blue-1000-l-atjaunots-ibc-konteiners-ar-lietotu-rami-un-jaunu-zilu-un-sertificetu-ieksejo-hdpe-tvertni\/","url":"https:\/\/ibc.ee\/lv\/product\/renewcube-un-ibc-1000-blue-1000-l-atjaunots-ibc-konteiners-ar-lietotu-rami-un-jaunu-zilu-un-sertificetu-ieksejo-hdpe-tvertni\/","name":"ReNewCube UN IBC 1000 Blue \u2013 1000\u202fL atjaunots IBC konteiners ar lietotu r\u0101mi un jaunu zilu UN sertific\u0113tu iek\u0161\u0113jo HDPE tvertni - IBC konteineri m&uuml;&uuml;k, vaadid, kraanid, mahutid","isPartOf":{"@id":"https:\/\/www.ibc.ee\/lv\/#website"},"primaryImageOfPage":{"@id":"https:\/\/ibc.ee\/lv\/product\/renewcube-un-ibc-1000-blue-1000-l-atjaunots-ibc-konteiners-ar-lietotu-rami-un-jaunu-zilu-un-sertificetu-ieksejo-hdpe-tvertni\/#primaryimage"},"image":{"@id":"https:\/\/ibc.ee\/lv\/product\/renewcube-un-ibc-1000-blue-1000-l-atjaunots-ibc-konteiners-ar-lietotu-rami-un-jaunu-zilu-un-sertificetu-ieksejo-hdpe-tvertni\/#primaryimage"},"thumbnailUrl":"https:\/\/ibc.ee\/wp-content\/uploads\/2025\/11\/ReNewCube-UN-IBC-1000-sinine-1000L-taastatud-IBC-kasutatud-teraspuuri-ja-uue-sinise-UN-sertifikaadiga-sisepudeliga.jpg","datePublished":"2025-11-06T13:25:29+00:00","dateModified":"2025-11-06T13:55:30+00:00","description":"ReNewCube UN IBC 1000 Blue ir atjaunots 1000 litru starpposma \u0161\u0137idrumu konteiners (IBC \u2013 Intermediate Bulk Container), kur\u0101 apvienots lietots un p\u0101rbaud\u012bts cinkots met\u0101la r\u0101mis ar piln\u012bgi jaunu zilu HDPE iek\u0161\u0113jo tvertni, kas ir sertific\u0113ta atbilsto\u0161i ANO (UN) pras\u012bb\u0101m b\u012bstamu vielu uzglab\u0101\u0161anai un p\u0101rvad\u0101\u0161anai.","breadcrumb":{"@id":"https:\/\/ibc.ee\/lv\/product\/renewcube-un-ibc-1000-blue-1000-l-atjaunots-ibc-konteiners-ar-lietotu-rami-un-jaunu-zilu-un-sertificetu-ieksejo-hdpe-tvertni\/#breadcrumb"},"inLanguage":"lv-LV","potentialAction":[{"@type":"ReadAction","target":["https:\/\/ibc.ee\/lv\/product\/renewcube-un-ibc-1000-blue-1000-l-atjaunots-ibc-konteiners-ar-lietotu-rami-un-jaunu-zilu-un-sertificetu-ieksejo-hdpe-tvertni\/"]}]},{"@type":"ImageObject","inLanguage":"lv-LV","@id":"https:\/\/ibc.ee\/lv\/product\/renewcube-un-ibc-1000-blue-1000-l-atjaunots-ibc-konteiners-ar-lietotu-rami-un-jaunu-zilu-un-sertificetu-ieksejo-hdpe-tvertni\/#primaryimage","url":"https:\/\/ibc.ee\/wp-content\/uploads\/2025\/11\/ReNewCube-UN-IBC-1000-sinine-1000L-taastatud-IBC-kasutatud-teraspuuri-ja-uue-sinise-UN-sertifikaadiga-sisepudeliga.jpg","contentUrl":"https:\/\/ibc.ee\/wp-content\/uploads\/2025\/11\/ReNewCube-UN-IBC-1000-sinine-1000L-taastatud-IBC-kasutatud-teraspuuri-ja-uue-sinise-UN-sertifikaadiga-sisepudeliga.jpg","width":930,"height":930,"caption":"ReNewCube UN IBC 1000 Blue \u2013 1000L Reconditioned IBC with Used Steel Cage and New Blue UN-Certified Inner Bottle"},{"@type":"BreadcrumbList","@id":"https:\/\/ibc.ee\/lv\/product\/renewcube-un-ibc-1000-blue-1000-l-atjaunots-ibc-konteiners-ar-lietotu-rami-un-jaunu-zilu-un-sertificetu-ieksejo-hdpe-tvertni\/#breadcrumb","itemListElement":[{"@type":"ListItem","position":1,"name":"\u0413\u043b\u0430\u0432\u043d\u0430\u044f \u0441\u0442\u0440\u0430\u043d\u0438\u0446\u0430","item":"https:\/\/www.ibc.ee\/lv\/"},{"@type":"ListItem","position":2,"name":"Veikals","item":"https:\/\/www.ibc.ee\/lv\/shop\/"},{"@type":"ListItem","position":3,"name":"ReNewCube UN IBC 1000 Blue \u2013 1000\u202fL atjaunots IBC konteiners ar lietotu r\u0101mi un jaunu zilu UN sertific\u0113tu iek\u0161\u0113jo HDPE tvertni"}]},{"@type":"WebSite","@id":"https:\/\/www.ibc.ee\/lv\/#website","url":"https:\/\/www.ibc.ee\/lv\/","name":"IBC konteineri m&uuml;&uuml;k, vaadid, kraanid, mahutid","description":"IBC - Tank container valve, Adapters\\fittings, Intermediate bulk, container, Drums\/cans","potentialAction":[{"@type":"SearchAction","target":{"@type":"EntryPoint","urlTemplate":"https:\/\/www.ibc.ee\/lv\/?s={search_term_string}"},"query-input":{"@type":"PropertyValueSpecification","valueRequired":true,"valueName":"search_term_string"}}],"inLanguage":"lv-LV"}]}},"_links":{"self":[{"href":"https:\/\/ibc.ee\/lv\/wp-json\/wp\/v2\/product\/24801","targetHints":{"allow":["GET"]}}],"collection":[{"href":"https:\/\/ibc.ee\/lv\/wp-json\/wp\/v2\/product"}],"about":[{"href":"https:\/\/ibc.ee\/lv\/wp-json\/wp\/v2\/types\/product"}],"wp:featuredmedia":[{"embeddable":true,"href":"https:\/\/ibc.ee\/lv\/wp-json\/wp\/v2\/media\/24808"}],"wp:attachment":[{"href":"https:\/\/ibc.ee\/lv\/wp-json\/wp\/v2\/media?parent=24801"}],"wp:term":[{"taxonomy":"product_brand","embeddable":true,"href":"https:\/\/ibc.ee\/lv\/wp-json\/wp\/v2\/product_brand?post=24801"},{"taxonomy":"product_cat","embeddable":true,"href":"https:\/\/ibc.ee\/lv\/wp-json\/wp\/v2\/product_cat?post=24801"},{"taxonomy":"product_tag","embeddable":true,"href":"https:\/\/ibc.ee\/lv\/wp-json\/wp\/v2\/product_tag?post=24801"}],"curies":[{"name":"wp","href":"https:\/\/api.w.org\/{rel}","templated":true}]}}