{"id":24819,"date":"2025-11-06T16:04:32","date_gmt":"2025-11-06T14:04:32","guid":{"rendered":"https:\/\/ibc.ee\/?post_type=product&#038;p=24819"},"modified":"2025-11-06T16:38:46","modified_gmt":"2025-11-06T14:38:46","slug":"renewcube-unfda-ibc-1000-blue-1000-l-atjaunots-ibc-konteiners-ar-lietotu-rami-un-jaunu-zilu-un-fda-sertificetu-ieksejo-tvertni","status":"publish","type":"product","link":"https:\/\/ibc.ee\/lv\/product\/renewcube-unfda-ibc-1000-blue-1000-l-atjaunots-ibc-konteiners-ar-lietotu-rami-un-jaunu-zilu-un-fda-sertificetu-ieksejo-tvertni\/","title":{"rendered":"ReNewCube UN+FDA IBC 1000 Blue \u2013 1000\u202fL atjaunots IBC konteiners ar lietotu r\u0101mi un jaunu zilu UN + FDA sertific\u0113tu iek\u0161\u0113jo tvertni"},"content":{"rendered":"<p><strong>Galven\u0101s \u012bpa\u0161\u012bbas<\/strong><br \/>\n&#8211; Tilpums: 1000 litri (275 galoni)<br \/>\n&#8211; Iek\u0161\u0113j\u0101 tvertne (jauna): Izgatavota no augstas kvalit\u0101tes HDPE. UN sertific\u0113ta b\u012bstamu \u0161\u0137idrumu uzglab\u0101\u0161anai. FDA atbilsto\u0161a p\u0101rtikas un pat\u0113ri\u0146a pre\u010du uzglab\u0101\u0161anai. UV iztur\u012bga zil\u0101 kr\u0101s\u0101. Piln\u012bgi jauna un nelietota<br \/>\n&#8211; R\u0101mis (lietots): Cinkots t\u0113rauds. P\u0101rbaud\u012bts un piem\u0113rots atk\u0101rtotai lieto\u0161anai<br \/>\n&#8211; Pamatne: Plastmasas vai kompoz\u012btmateri\u0101la palete, sader\u012bga ar iekr\u0101v\u0113ju<br \/>\n&#8211; Aug\u0161\u0113jais v\u0101ks: \u00d8150 mm ar v\u012btni, iesp\u0113jama plomb\u0113\u0161ana<br \/>\n&#8211; Izpl\u016bdes v\u0101rsts: S60x6 ar aizsargv\u0101ci\u0146u<br \/>\n&#8211; Viegli t\u012br\u0101ms, piem\u0113rots atk\u0101rtotai lieto\u0161anai<br \/>&#8211; Sertifik\u0101cijas mar\u0137\u0113jumi skaidri redzami uz konteinera     <\/p>\n<p><strong>K\u0101p\u0113c izv\u0113l\u0113ties ReNewCube UN+FDA IBC 1000 Blue?<\/strong><br \/>\n&#8211; Divk\u0101r\u0161a sertifik\u0101cija: dro\u0161s gan p\u0101rtikas produktu, gan b\u012bstamo vielu glab\u0101\u0161anai un p\u0101rvad\u0101\u0161anai<br \/>\n&#8211; Zila UV iztur\u012bga tvertne \u2013 piem\u0113rota uzglab\u0101\u0161anai \u0101r\u0101<br \/>\n&#8211; Atjaunots risin\u0101jums = zem\u0101kas izmaksas, saglab\u0101jot atbilst\u012bbu pras\u012bb\u0101m<br \/>\n&#8211; Jauna iek\u0161\u0113j\u0101 tvertne = higi\u0113na, t\u012br\u012bba un dro\u0161\u012bba<br \/>\n&#8211; Lietots r\u0101mis = videi draudz\u012bgs un ekonomisks risin\u0101jums<br \/>\n&#8211; Lieliska izv\u0113le uz\u0146\u0113mumiem, kas r\u016bp\u0113jas par ilgtsp\u0113ju un normat\u012bvo aktu iev\u0113ro\u0161anu<\/p>\n<p><strong>Ieteicam\u0101s pielieto\u0161anas jomas<\/strong><br \/>\n&#8211; \u016adens, s\u012brupu, e\u013c\u013cu un citu p\u0101rtikas vielu uzglab\u0101\u0161ana<br \/>\n&#8211; Farm\u0101cijas un kosm\u0113tikas izejvielas<br \/>\n&#8211; R\u016bpnieciski un regul\u0113ti \u0161\u0137idrumi<br \/>\n&#8211; Lauksaimniec\u012bba un d\u0101rzkop\u012bba<br \/>\n&#8211; Lo\u0123istika, kur nepiecie\u0161ami sertific\u0113ti konteineri<br \/>\n&#8211; UV jut\u012bgu \u0161\u0137idrumu \u0101r\u0113j\u0101 uzglab\u0101\u0161ana<\/p>\n<p><strong>Svar\u012bga inform\u0101cija<\/strong><br \/>\n&#8211; Tikai r\u0101mis ir lietots, iek\u0161\u0113j\u0101 tvertne ir jauna un piln\u012bb\u0101 sertific\u0113ta<br \/>\n&#8211; FDA atbilst\u012bba attiecas tikai uz iek\u0161\u0113jo tvertni<br \/>\n&#8211; Sertifik\u0101tus iesp\u0113jams sa\u0146emt p\u0113c piepras\u012bjuma<\/p>\n","protected":false},"excerpt":{"rendered":"<p>ReNewCube UN+FDA IBC 1000 Blue ir atjaunots 1000 litru IBC konteiners (Intermediate Bulk Container), kas paredz\u0113ts lieto\u0161anai, kur nepiecie\u0161ama gan ANO (UN) sertifik\u0101cija b\u012bstamu vielu transport\u0113\u0161anai, gan FDA atbilst\u012bba p\u0101rtikas un pat\u0113ri\u0146a produktu dro\u0161ai uzglab\u0101\u0161anai.<br \/>\nKonteineris sast\u0101v no lietotas un p\u0101rbaud\u012btas cinkotas t\u0113rauda \u0101r\u0113j\u0101s konstrukcijas un piln\u012bgi jaunas zilas HDPE iek\u0161\u0113j\u0101s tvertnes, kas sertific\u0113ta kontaktam ar p\u0101rtiku, dz\u0113rieniem un farmaceitisk\u0101m viel\u0101m, k\u0101 ar\u012b atbilst UN norm\u0101m b\u012bstamo vielu p\u0101rvad\u0101\u0161anai.<br \/>Zil\u0101 kr\u0101sa nodro\u0161ina UV aizsardz\u012bbu, padarot \u0161o konteineru piem\u0113rotu \u0101r\u0113jai uzglab\u0101\u0161anai un lieto\u0161anai saul\u0113.<\/p>\n","protected":false},"featured_media":24826,"template":"","meta":[],"product_brand":[],"product_cat":[315],"product_tag":[],"class_list":{"0":"post-24819","1":"product","2":"type-product","3":"status-publish","4":"has-post-thumbnail","6":"product_cat-starppaterina-konteiners-beztaras-ibc-1000-litri","7":"product_shipping_class-containers-lv","9":"first","10":"onbackorder","11":"taxable","12":"shipping-taxable","13":"product-type-simple"},"yoast_head":"<!-- This site is optimized with the Yoast SEO plugin v26.9 - https:\/\/yoast.com\/product\/yoast-seo-wordpress\/ -->\n<title>ReNewCube UN+FDA IBC 1000 Blue \u2013 1000\u202fL atjaunots IBC konteiners ar lietotu r\u0101mi un jaunu zilu UN + FDA sertific\u0113tu iek\u0161\u0113jo tvertni - IBC konteineri m&uuml;&uuml;k, vaadid, kraanid, mahutid<\/title>\n<meta name=\"description\" content=\"ReNewCube UN+FDA IBC 1000 Blue ir atjaunots 1000 litru IBC konteiners (Intermediate Bulk Container), kas paredz\u0113ts lieto\u0161anai, kur nepiecie\u0161ama gan ANO (UN) sertifik\u0101cija b\u012bstamu vielu transport\u0113\u0161anai, gan FDA atbilst\u012bba p\u0101rtikas un pat\u0113ri\u0146a produktu dro\u0161ai uzglab\u0101\u0161anai.\" \/>\n<meta name=\"robots\" content=\"index, follow, max-snippet:-1, max-image-preview:large, max-video-preview:-1\" \/>\n<link rel=\"canonical\" href=\"https:\/\/ibc.ee\/lv\/product\/renewcube-unfda-ibc-1000-blue-1000-l-atjaunots-ibc-konteiners-ar-lietotu-rami-un-jaunu-zilu-un-fda-sertificetu-ieksejo-tvertni\/\" \/>\n<meta property=\"og:locale\" content=\"lv_LV\" \/>\n<meta property=\"og:type\" content=\"article\" \/>\n<meta property=\"og:title\" content=\"ReNewCube UN+FDA IBC 1000 Blue \u2013 1000\u202fL atjaunots IBC konteiners ar lietotu r\u0101mi un jaunu zilu UN + FDA sertific\u0113tu iek\u0161\u0113jo tvertni - IBC konteineri m&uuml;&uuml;k, vaadid, kraanid, mahutid\" \/>\n<meta property=\"og:description\" content=\"ReNewCube UN+FDA IBC 1000 Blue ir atjaunots 1000 litru IBC konteiners (Intermediate Bulk Container), kas paredz\u0113ts lieto\u0161anai, kur nepiecie\u0161ama gan ANO (UN) sertifik\u0101cija b\u012bstamu vielu transport\u0113\u0161anai, gan FDA atbilst\u012bba p\u0101rtikas un pat\u0113ri\u0146a produktu dro\u0161ai uzglab\u0101\u0161anai.\" \/>\n<meta property=\"og:url\" content=\"https:\/\/ibc.ee\/lv\/product\/renewcube-unfda-ibc-1000-blue-1000-l-atjaunots-ibc-konteiners-ar-lietotu-rami-un-jaunu-zilu-un-fda-sertificetu-ieksejo-tvertni\/\" \/>\n<meta property=\"og:site_name\" content=\"IBC konteineri m&uuml;&uuml;k, vaadid, kraanid, mahutid\" \/>\n<meta property=\"article:modified_time\" content=\"2025-11-06T14:38:46+00:00\" \/>\n<meta property=\"og:image\" content=\"https:\/\/ibc.ee\/wp-content\/uploads\/2025\/11\/ReNewCubeIBC-1000-sinine-1000L-taastatud-IBC-kasutatud-teraspuuri-ja-uue-sinise-UNFDA-sertifitseeritud-sisepudeliga.jpg\" \/>\n\t<meta property=\"og:image:width\" content=\"1000\" \/>\n\t<meta property=\"og:image:height\" content=\"1000\" \/>\n\t<meta property=\"og:image:type\" content=\"image\/jpeg\" \/>\n<meta name=\"twitter:card\" content=\"summary_large_image\" \/>\n<meta name=\"twitter:label1\" content=\"Est. reading time\" \/>\n\t<meta name=\"twitter:data1\" content=\"2 minutes\" \/>\n<script type=\"application\/ld+json\" class=\"yoast-schema-graph\">{\"@context\":\"https:\/\/schema.org\",\"@graph\":[{\"@type\":\"WebPage\",\"@id\":\"https:\/\/ibc.ee\/lv\/product\/renewcube-unfda-ibc-1000-blue-1000-l-atjaunots-ibc-konteiners-ar-lietotu-rami-un-jaunu-zilu-un-fda-sertificetu-ieksejo-tvertni\/\",\"url\":\"https:\/\/ibc.ee\/lv\/product\/renewcube-unfda-ibc-1000-blue-1000-l-atjaunots-ibc-konteiners-ar-lietotu-rami-un-jaunu-zilu-un-fda-sertificetu-ieksejo-tvertni\/\",\"name\":\"ReNewCube UN+FDA IBC 1000 Blue \u2013 1000\u202fL atjaunots IBC konteiners ar lietotu r\u0101mi un jaunu zilu UN + FDA sertific\u0113tu iek\u0161\u0113jo tvertni - IBC konteineri m&uuml;&uuml;k, vaadid, kraanid, mahutid\",\"isPartOf\":{\"@id\":\"https:\/\/www.ibc.ee\/lv\/#website\"},\"primaryImageOfPage\":{\"@id\":\"https:\/\/ibc.ee\/lv\/product\/renewcube-unfda-ibc-1000-blue-1000-l-atjaunots-ibc-konteiners-ar-lietotu-rami-un-jaunu-zilu-un-fda-sertificetu-ieksejo-tvertni\/#primaryimage\"},\"image\":{\"@id\":\"https:\/\/ibc.ee\/lv\/product\/renewcube-unfda-ibc-1000-blue-1000-l-atjaunots-ibc-konteiners-ar-lietotu-rami-un-jaunu-zilu-un-fda-sertificetu-ieksejo-tvertni\/#primaryimage\"},\"thumbnailUrl\":\"https:\/\/ibc.ee\/wp-content\/uploads\/2025\/11\/ReNewCubeIBC-1000-sinine-1000L-taastatud-IBC-kasutatud-teraspuuri-ja-uue-sinise-UNFDA-sertifitseeritud-sisepudeliga.jpg\",\"datePublished\":\"2025-11-06T14:04:32+00:00\",\"dateModified\":\"2025-11-06T14:38:46+00:00\",\"description\":\"ReNewCube UN+FDA IBC 1000 Blue ir atjaunots 1000 litru IBC konteiners (Intermediate Bulk Container), kas paredz\u0113ts lieto\u0161anai, kur nepiecie\u0161ama gan ANO (UN) sertifik\u0101cija b\u012bstamu vielu transport\u0113\u0161anai, gan FDA atbilst\u012bba p\u0101rtikas un pat\u0113ri\u0146a produktu dro\u0161ai uzglab\u0101\u0161anai.\",\"breadcrumb\":{\"@id\":\"https:\/\/ibc.ee\/lv\/product\/renewcube-unfda-ibc-1000-blue-1000-l-atjaunots-ibc-konteiners-ar-lietotu-rami-un-jaunu-zilu-un-fda-sertificetu-ieksejo-tvertni\/#breadcrumb\"},\"inLanguage\":\"lv-LV\",\"potentialAction\":[{\"@type\":\"ReadAction\",\"target\":[\"https:\/\/ibc.ee\/lv\/product\/renewcube-unfda-ibc-1000-blue-1000-l-atjaunots-ibc-konteiners-ar-lietotu-rami-un-jaunu-zilu-un-fda-sertificetu-ieksejo-tvertni\/\"]}]},{\"@type\":\"ImageObject\",\"inLanguage\":\"lv-LV\",\"@id\":\"https:\/\/ibc.ee\/lv\/product\/renewcube-unfda-ibc-1000-blue-1000-l-atjaunots-ibc-konteiners-ar-lietotu-rami-un-jaunu-zilu-un-fda-sertificetu-ieksejo-tvertni\/#primaryimage\",\"url\":\"https:\/\/ibc.ee\/wp-content\/uploads\/2025\/11\/ReNewCubeIBC-1000-sinine-1000L-taastatud-IBC-kasutatud-teraspuuri-ja-uue-sinise-UNFDA-sertifitseeritud-sisepudeliga.jpg\",\"contentUrl\":\"https:\/\/ibc.ee\/wp-content\/uploads\/2025\/11\/ReNewCubeIBC-1000-sinine-1000L-taastatud-IBC-kasutatud-teraspuuri-ja-uue-sinise-UNFDA-sertifitseeritud-sisepudeliga.jpg\",\"width\":1000,\"height\":1000,\"caption\":\"ReNewCube UN+FDA IBC 1000 Blue \u2013 1000L Reconditioned IBC with Used Steel Cage and New Blue UN + FDA Certified Inner Bottle\"},{\"@type\":\"BreadcrumbList\",\"@id\":\"https:\/\/ibc.ee\/lv\/product\/renewcube-unfda-ibc-1000-blue-1000-l-atjaunots-ibc-konteiners-ar-lietotu-rami-un-jaunu-zilu-un-fda-sertificetu-ieksejo-tvertni\/#breadcrumb\",\"itemListElement\":[{\"@type\":\"ListItem\",\"position\":1,\"name\":\"\u0413\u043b\u0430\u0432\u043d\u0430\u044f \u0441\u0442\u0440\u0430\u043d\u0438\u0446\u0430\",\"item\":\"https:\/\/www.ibc.ee\/lv\/\"},{\"@type\":\"ListItem\",\"position\":2,\"name\":\"Veikals\",\"item\":\"https:\/\/www.ibc.ee\/lv\/shop\/\"},{\"@type\":\"ListItem\",\"position\":3,\"name\":\"ReNewCube UN+FDA IBC 1000 Blue \u2013 1000\u202fL atjaunots IBC konteiners ar lietotu r\u0101mi un jaunu zilu UN + FDA sertific\u0113tu iek\u0161\u0113jo tvertni\"}]},{\"@type\":\"WebSite\",\"@id\":\"https:\/\/www.ibc.ee\/lv\/#website\",\"url\":\"https:\/\/www.ibc.ee\/lv\/\",\"name\":\"IBC konteineri m&uuml;&uuml;k, vaadid, kraanid, mahutid\",\"description\":\"IBC - Tank container valve, Adapters\\\\fittings, Intermediate bulk, container, Drums\/cans\",\"potentialAction\":[{\"@type\":\"SearchAction\",\"target\":{\"@type\":\"EntryPoint\",\"urlTemplate\":\"https:\/\/www.ibc.ee\/lv\/?s={search_term_string}\"},\"query-input\":{\"@type\":\"PropertyValueSpecification\",\"valueRequired\":true,\"valueName\":\"search_term_string\"}}],\"inLanguage\":\"lv-LV\"}]}<\/script>\n<!-- \/ Yoast SEO plugin. -->","yoast_head_json":{"title":"ReNewCube UN+FDA IBC 1000 Blue \u2013 1000\u202fL atjaunots IBC konteiners ar lietotu r\u0101mi un jaunu zilu UN + FDA sertific\u0113tu iek\u0161\u0113jo tvertni - IBC konteineri m&uuml;&uuml;k, vaadid, kraanid, mahutid","description":"ReNewCube UN+FDA IBC 1000 Blue ir atjaunots 1000 litru IBC konteiners (Intermediate Bulk Container), kas paredz\u0113ts lieto\u0161anai, kur nepiecie\u0161ama gan ANO (UN) sertifik\u0101cija b\u012bstamu vielu transport\u0113\u0161anai, gan FDA atbilst\u012bba p\u0101rtikas un pat\u0113ri\u0146a produktu dro\u0161ai uzglab\u0101\u0161anai.","robots":{"index":"index","follow":"follow","max-snippet":"max-snippet:-1","max-image-preview":"max-image-preview:large","max-video-preview":"max-video-preview:-1"},"canonical":"https:\/\/ibc.ee\/lv\/product\/renewcube-unfda-ibc-1000-blue-1000-l-atjaunots-ibc-konteiners-ar-lietotu-rami-un-jaunu-zilu-un-fda-sertificetu-ieksejo-tvertni\/","og_locale":"lv_LV","og_type":"article","og_title":"ReNewCube UN+FDA IBC 1000 Blue \u2013 1000\u202fL atjaunots IBC konteiners ar lietotu r\u0101mi un jaunu zilu UN + FDA sertific\u0113tu iek\u0161\u0113jo tvertni - IBC konteineri m&uuml;&uuml;k, vaadid, kraanid, mahutid","og_description":"ReNewCube UN+FDA IBC 1000 Blue ir atjaunots 1000 litru IBC konteiners (Intermediate Bulk Container), kas paredz\u0113ts lieto\u0161anai, kur nepiecie\u0161ama gan ANO (UN) sertifik\u0101cija b\u012bstamu vielu transport\u0113\u0161anai, gan FDA atbilst\u012bba p\u0101rtikas un pat\u0113ri\u0146a produktu dro\u0161ai uzglab\u0101\u0161anai.","og_url":"https:\/\/ibc.ee\/lv\/product\/renewcube-unfda-ibc-1000-blue-1000-l-atjaunots-ibc-konteiners-ar-lietotu-rami-un-jaunu-zilu-un-fda-sertificetu-ieksejo-tvertni\/","og_site_name":"IBC konteineri m&uuml;&uuml;k, vaadid, kraanid, mahutid","article_modified_time":"2025-11-06T14:38:46+00:00","og_image":[{"width":1000,"height":1000,"url":"https:\/\/ibc.ee\/wp-content\/uploads\/2025\/11\/ReNewCubeIBC-1000-sinine-1000L-taastatud-IBC-kasutatud-teraspuuri-ja-uue-sinise-UNFDA-sertifitseeritud-sisepudeliga.jpg","type":"image\/jpeg"}],"twitter_card":"summary_large_image","twitter_misc":{"Est. reading time":"2 minutes"},"schema":{"@context":"https:\/\/schema.org","@graph":[{"@type":"WebPage","@id":"https:\/\/ibc.ee\/lv\/product\/renewcube-unfda-ibc-1000-blue-1000-l-atjaunots-ibc-konteiners-ar-lietotu-rami-un-jaunu-zilu-un-fda-sertificetu-ieksejo-tvertni\/","url":"https:\/\/ibc.ee\/lv\/product\/renewcube-unfda-ibc-1000-blue-1000-l-atjaunots-ibc-konteiners-ar-lietotu-rami-un-jaunu-zilu-un-fda-sertificetu-ieksejo-tvertni\/","name":"ReNewCube UN+FDA IBC 1000 Blue \u2013 1000\u202fL atjaunots IBC konteiners ar lietotu r\u0101mi un jaunu zilu UN + FDA sertific\u0113tu iek\u0161\u0113jo tvertni - IBC konteineri m&uuml;&uuml;k, vaadid, kraanid, mahutid","isPartOf":{"@id":"https:\/\/www.ibc.ee\/lv\/#website"},"primaryImageOfPage":{"@id":"https:\/\/ibc.ee\/lv\/product\/renewcube-unfda-ibc-1000-blue-1000-l-atjaunots-ibc-konteiners-ar-lietotu-rami-un-jaunu-zilu-un-fda-sertificetu-ieksejo-tvertni\/#primaryimage"},"image":{"@id":"https:\/\/ibc.ee\/lv\/product\/renewcube-unfda-ibc-1000-blue-1000-l-atjaunots-ibc-konteiners-ar-lietotu-rami-un-jaunu-zilu-un-fda-sertificetu-ieksejo-tvertni\/#primaryimage"},"thumbnailUrl":"https:\/\/ibc.ee\/wp-content\/uploads\/2025\/11\/ReNewCubeIBC-1000-sinine-1000L-taastatud-IBC-kasutatud-teraspuuri-ja-uue-sinise-UNFDA-sertifitseeritud-sisepudeliga.jpg","datePublished":"2025-11-06T14:04:32+00:00","dateModified":"2025-11-06T14:38:46+00:00","description":"ReNewCube UN+FDA IBC 1000 Blue ir atjaunots 1000 litru IBC konteiners (Intermediate Bulk Container), kas paredz\u0113ts lieto\u0161anai, kur nepiecie\u0161ama gan ANO (UN) sertifik\u0101cija b\u012bstamu vielu transport\u0113\u0161anai, gan FDA atbilst\u012bba p\u0101rtikas un pat\u0113ri\u0146a produktu dro\u0161ai uzglab\u0101\u0161anai.","breadcrumb":{"@id":"https:\/\/ibc.ee\/lv\/product\/renewcube-unfda-ibc-1000-blue-1000-l-atjaunots-ibc-konteiners-ar-lietotu-rami-un-jaunu-zilu-un-fda-sertificetu-ieksejo-tvertni\/#breadcrumb"},"inLanguage":"lv-LV","potentialAction":[{"@type":"ReadAction","target":["https:\/\/ibc.ee\/lv\/product\/renewcube-unfda-ibc-1000-blue-1000-l-atjaunots-ibc-konteiners-ar-lietotu-rami-un-jaunu-zilu-un-fda-sertificetu-ieksejo-tvertni\/"]}]},{"@type":"ImageObject","inLanguage":"lv-LV","@id":"https:\/\/ibc.ee\/lv\/product\/renewcube-unfda-ibc-1000-blue-1000-l-atjaunots-ibc-konteiners-ar-lietotu-rami-un-jaunu-zilu-un-fda-sertificetu-ieksejo-tvertni\/#primaryimage","url":"https:\/\/ibc.ee\/wp-content\/uploads\/2025\/11\/ReNewCubeIBC-1000-sinine-1000L-taastatud-IBC-kasutatud-teraspuuri-ja-uue-sinise-UNFDA-sertifitseeritud-sisepudeliga.jpg","contentUrl":"https:\/\/ibc.ee\/wp-content\/uploads\/2025\/11\/ReNewCubeIBC-1000-sinine-1000L-taastatud-IBC-kasutatud-teraspuuri-ja-uue-sinise-UNFDA-sertifitseeritud-sisepudeliga.jpg","width":1000,"height":1000,"caption":"ReNewCube UN+FDA IBC 1000 Blue \u2013 1000L Reconditioned IBC with Used Steel Cage and New Blue UN + FDA Certified Inner Bottle"},{"@type":"BreadcrumbList","@id":"https:\/\/ibc.ee\/lv\/product\/renewcube-unfda-ibc-1000-blue-1000-l-atjaunots-ibc-konteiners-ar-lietotu-rami-un-jaunu-zilu-un-fda-sertificetu-ieksejo-tvertni\/#breadcrumb","itemListElement":[{"@type":"ListItem","position":1,"name":"\u0413\u043b\u0430\u0432\u043d\u0430\u044f \u0441\u0442\u0440\u0430\u043d\u0438\u0446\u0430","item":"https:\/\/www.ibc.ee\/lv\/"},{"@type":"ListItem","position":2,"name":"Veikals","item":"https:\/\/www.ibc.ee\/lv\/shop\/"},{"@type":"ListItem","position":3,"name":"ReNewCube UN+FDA IBC 1000 Blue \u2013 1000\u202fL atjaunots IBC konteiners ar lietotu r\u0101mi un jaunu zilu UN + FDA sertific\u0113tu iek\u0161\u0113jo tvertni"}]},{"@type":"WebSite","@id":"https:\/\/www.ibc.ee\/lv\/#website","url":"https:\/\/www.ibc.ee\/lv\/","name":"IBC konteineri m&uuml;&uuml;k, vaadid, kraanid, mahutid","description":"IBC - Tank container valve, Adapters\\fittings, Intermediate bulk, container, Drums\/cans","potentialAction":[{"@type":"SearchAction","target":{"@type":"EntryPoint","urlTemplate":"https:\/\/www.ibc.ee\/lv\/?s={search_term_string}"},"query-input":{"@type":"PropertyValueSpecification","valueRequired":true,"valueName":"search_term_string"}}],"inLanguage":"lv-LV"}]}},"_links":{"self":[{"href":"https:\/\/ibc.ee\/lv\/wp-json\/wp\/v2\/product\/24819","targetHints":{"allow":["GET"]}}],"collection":[{"href":"https:\/\/ibc.ee\/lv\/wp-json\/wp\/v2\/product"}],"about":[{"href":"https:\/\/ibc.ee\/lv\/wp-json\/wp\/v2\/types\/product"}],"wp:featuredmedia":[{"embeddable":true,"href":"https:\/\/ibc.ee\/lv\/wp-json\/wp\/v2\/media\/24826"}],"wp:attachment":[{"href":"https:\/\/ibc.ee\/lv\/wp-json\/wp\/v2\/media?parent=24819"}],"wp:term":[{"taxonomy":"product_brand","embeddable":true,"href":"https:\/\/ibc.ee\/lv\/wp-json\/wp\/v2\/product_brand?post=24819"},{"taxonomy":"product_cat","embeddable":true,"href":"https:\/\/ibc.ee\/lv\/wp-json\/wp\/v2\/product_cat?post=24819"},{"taxonomy":"product_tag","embeddable":true,"href":"https:\/\/ibc.ee\/lv\/wp-json\/wp\/v2\/product_tag?post=24819"}],"curies":[{"name":"wp","href":"https:\/\/api.w.org\/{rel}","templated":true}]}}