{"id":23915,"date":"2025-04-25T08:37:32","date_gmt":"2025-04-25T06:37:32","guid":{"rendered":"https:\/\/ibc.ee\/kontakt-oss\/"},"modified":"2025-04-25T08:37:33","modified_gmt":"2025-04-25T06:37:33","slug":"kontakt-oss","status":"publish","type":"page","link":"https:\/\/ibc.ee\/no\/kontakt-oss\/","title":{"rendered":"Kontakt oss"},"content":{"rendered":"<p>[vc_row full_width=&raquo;stretch_row_content_no_spaces&raquo; layout=&raquo;ts-row-boxed&raquo; enable_parallax=&raquo;&raquo; el_class=&raquo;map-contact&raquo;][vc_column]\t\t<div class=\"google-map-container\" style=\"height:560px\" \n\t\t\tdata-address=\"Estonia,Harjumaa,Maardu, Lao 4\" data-zoom=\"12\" data-map_type=\"ROADMAP\" data-title=\"\">\n\t\t\t<div style=\"height:560px\"><\/div>\n\t\t<\/div>\n\t\t[\/vc_column][\/vc_row][vc_row css=&raquo;.vc_custom_1478007643581{padding-top: 26px !important;}&raquo;][vc_column][vc_column_text]<\/p>\n<h5 style=\"color: #000000; text-align: center; margin: 0;\">DU ER VELKOMMEN<\/h5>\n<h3 class=\"title-bottom-line\" style=\"font-weight: bold; color: #000000; text-align: center;\">HOLD KONTAKTEN<\/h3>\n<p style=\"text-align: center;\">Ta gjerne kontakt med oss ved \u00e5 bruke kontaktene nedenfor. Vi svarer p\u00e5 dine henvendelser og sp\u00f8rsm\u00e5l fra mandag til fredag 9:00 &#8211; 17:00 <\/p>\n<p>[\/vc_column_text][vc_row_inner css=&raquo;.vc_custom_1478053234990{padding-top: 30px !important;}&raquo;][vc_column_inner width=&raquo;1\/3&#8243;][vc_column_text]<\/p>\n<div class=\"office-address primary-text\" style=\"text-align: center;\">KONTORADRESSE<\/div>\n<p style=\"text-align: center;\">Eesti, Maardu 74114, Lao 4<\/p>\n<p>[\/vc_column_text][\/vc_column_inner][vc_column_inner width=&raquo;1\/3&#8243;][vc_column_text]<\/p>\n<div class=\"phone-numbers primary-text\" style=\"text-align: center;\">TELEFONNUMMER<\/div>\n<p class=\"text-color-default\" style=\"text-align: center;\">+372 5504440<\/p>\n<p style=\"text-align: center;\">+372 5098500<\/p>\n<p style=\"text-align: center;\">+372 55513600<\/p>\n<p>[\/vc_column_text][\/vc_column_inner][vc_column_inner width=&raquo;1\/3&#8243;][vc_column_text]<\/p>\n<div class=\"email-address primary-text\" style=\"text-align: center;\">E-POSTADRESSE<\/div>\n<p style=\"text-align: center;\">info@ibc.ee<\/p>\n<p>[\/vc_column_text][\/vc_column_inner][\/vc_row_inner][\/vc_column][\/vc_row]<\/p>\n","protected":false},"excerpt":{"rendered":"<p>[vc_row full_width=&raquo;stretch_row_content_no_spaces&raquo; layout=&raquo;ts-row-boxed&raquo; enable_parallax=&raquo;&raquo; el_class=&raquo;map-contact&raquo;][vc_column][\/vc_column][\/vc_row][vc_row css=&raquo;.vc_custom_1478007643581{padding-top: 26px !important;}&raquo;][vc_column][vc_column_text] DU ER VELKOMMEN HOLD KONTAKTEN Ta gjerne kontakt med oss ved \u00e5 bruke kontaktene nedenfor. Vi svarer p\u00e5 dine henvendelser og sp\u00f8rsm\u00e5l fra mandag til fredag 9:00 &#8211; 17:00 [\/vc_column_text][vc_row_inner css=&raquo;.vc_custom_1478053234990{padding-top: 30px !important;}&raquo;][vc_column_inner width=&raquo;1\/3&#8243;][vc_column_text] KONTORADRESSE Eesti, Maardu 74114, Lao 4 [\/vc_column_text][\/vc_column_inner][vc_column_inner width=&raquo;1\/3&#8243;][vc_column_text] TELEFONNUMMER +372 5504440 +372 5098500 [&hellip;]<\/p>\n","protected":false},"author":1,"featured_media":0,"parent":0,"menu_order":0,"comment_status":"closed","ping_status":"closed","template":"","meta":{"footnotes":""},"class_list":["post-23915","page","type-page","status-publish","hentry"],"yoast_head":"<!-- This site is optimized with the Yoast SEO plugin v26.9 - https:\/\/yoast.com\/product\/yoast-seo-wordpress\/ -->\n<title>Kontakt oss - IBC konteineri m&uuml;&uuml;k, vaadid, kraanid, mahutid<\/title>\n<meta name=\"robots\" content=\"index, follow, max-snippet:-1, max-image-preview:large, max-video-preview:-1\" \/>\n<link rel=\"canonical\" href=\"https:\/\/ibc.ee\/no\/kontakt-oss\/\" \/>\n<meta property=\"og:locale\" content=\"nb_NO\" \/>\n<meta property=\"og:type\" content=\"article\" \/>\n<meta property=\"og:title\" content=\"Kontakt oss - IBC konteineri m&uuml;&uuml;k, vaadid, kraanid, mahutid\" \/>\n<meta property=\"og:description\" content=\"[vc_row full_width=&raquo;stretch_row_content_no_spaces&raquo; layout=&raquo;ts-row-boxed&raquo; enable_parallax=&raquo;&raquo; el_class=&raquo;map-contact&raquo;][vc_column][\/vc_column][\/vc_row][vc_row css=&raquo;.vc_custom_1478007643581{padding-top: 26px !important;}&raquo;][vc_column][vc_column_text] DU ER VELKOMMEN HOLD KONTAKTEN Ta gjerne kontakt med oss ved \u00e5 bruke kontaktene nedenfor. Vi svarer p\u00e5 dine henvendelser og sp\u00f8rsm\u00e5l fra mandag til fredag 9:00 &#8211; 17:00 [\/vc_column_text][vc_row_inner css=&raquo;.vc_custom_1478053234990{padding-top: 30px !important;}&raquo;][vc_column_inner width=&raquo;1\/3&#8243;][vc_column_text] KONTORADRESSE Eesti, Maardu 74114, Lao 4 [\/vc_column_text][\/vc_column_inner][vc_column_inner width=&raquo;1\/3&#8243;][vc_column_text] TELEFONNUMMER +372 5504440 +372 5098500 [&hellip;]\" \/>\n<meta property=\"og:url\" content=\"https:\/\/ibc.ee\/no\/kontakt-oss\/\" \/>\n<meta property=\"og:site_name\" content=\"IBC konteineri m&uuml;&uuml;k, vaadid, kraanid, mahutid\" \/>\n<meta property=\"article:modified_time\" content=\"2025-04-25T06:37:33+00:00\" \/>\n<meta name=\"twitter:card\" content=\"summary_large_image\" \/>\n<meta name=\"twitter:label1\" content=\"Ansl. lesetid\" \/>\n\t<meta name=\"twitter:data1\" content=\"1 minutt\" \/>\n<script type=\"application\/ld+json\" class=\"yoast-schema-graph\">{\"@context\":\"https:\/\/schema.org\",\"@graph\":[{\"@type\":\"WebPage\",\"@id\":\"https:\/\/ibc.ee\/no\/kontakt-oss\/\",\"url\":\"https:\/\/ibc.ee\/no\/kontakt-oss\/\",\"name\":\"Kontakt oss - IBC konteineri m&uuml;&uuml;k, vaadid, kraanid, mahutid\",\"isPartOf\":{\"@id\":\"https:\/\/www.ibc.ee\/no\/#website\"},\"datePublished\":\"2025-04-25T06:37:32+00:00\",\"dateModified\":\"2025-04-25T06:37:33+00:00\",\"breadcrumb\":{\"@id\":\"https:\/\/ibc.ee\/no\/kontakt-oss\/#breadcrumb\"},\"inLanguage\":\"nb-NO\",\"potentialAction\":[{\"@type\":\"ReadAction\",\"target\":[\"https:\/\/ibc.ee\/no\/kontakt-oss\/\"]}]},{\"@type\":\"BreadcrumbList\",\"@id\":\"https:\/\/ibc.ee\/no\/kontakt-oss\/#breadcrumb\",\"itemListElement\":[{\"@type\":\"ListItem\",\"position\":1,\"name\":\"\u0413\u043b\u0430\u0432\u043d\u0430\u044f \u0441\u0442\u0440\u0430\u043d\u0438\u0446\u0430\",\"item\":\"https:\/\/www.ibc.ee\/no\/\"},{\"@type\":\"ListItem\",\"position\":2,\"name\":\"Kontakt oss\"}]},{\"@type\":\"WebSite\",\"@id\":\"https:\/\/www.ibc.ee\/no\/#website\",\"url\":\"https:\/\/www.ibc.ee\/no\/\",\"name\":\"IBC konteineri m&uuml;&uuml;k, vaadid, kraanid, mahutid\",\"description\":\"IBC - Tank container valve, Adapters\\\\fittings, Intermediate bulk, container, Drums\/cans\",\"potentialAction\":[{\"@type\":\"SearchAction\",\"target\":{\"@type\":\"EntryPoint\",\"urlTemplate\":\"https:\/\/www.ibc.ee\/no\/?s={search_term_string}\"},\"query-input\":{\"@type\":\"PropertyValueSpecification\",\"valueRequired\":true,\"valueName\":\"search_term_string\"}}],\"inLanguage\":\"nb-NO\"}]}<\/script>\n<!-- \/ Yoast SEO plugin. -->","yoast_head_json":{"title":"Kontakt oss - IBC konteineri m&uuml;&uuml;k, vaadid, kraanid, mahutid","robots":{"index":"index","follow":"follow","max-snippet":"max-snippet:-1","max-image-preview":"max-image-preview:large","max-video-preview":"max-video-preview:-1"},"canonical":"https:\/\/ibc.ee\/no\/kontakt-oss\/","og_locale":"nb_NO","og_type":"article","og_title":"Kontakt oss - IBC konteineri m&uuml;&uuml;k, vaadid, kraanid, mahutid","og_description":"[vc_row full_width=&raquo;stretch_row_content_no_spaces&raquo; layout=&raquo;ts-row-boxed&raquo; enable_parallax=&raquo;&raquo; el_class=&raquo;map-contact&raquo;][vc_column][\/vc_column][\/vc_row][vc_row css=&raquo;.vc_custom_1478007643581{padding-top: 26px !important;}&raquo;][vc_column][vc_column_text] DU ER VELKOMMEN HOLD KONTAKTEN Ta gjerne kontakt med oss ved \u00e5 bruke kontaktene nedenfor. Vi svarer p\u00e5 dine henvendelser og sp\u00f8rsm\u00e5l fra mandag til fredag 9:00 &#8211; 17:00 [\/vc_column_text][vc_row_inner css=&raquo;.vc_custom_1478053234990{padding-top: 30px !important;}&raquo;][vc_column_inner width=&raquo;1\/3&#8243;][vc_column_text] KONTORADRESSE Eesti, Maardu 74114, Lao 4 [\/vc_column_text][\/vc_column_inner][vc_column_inner width=&raquo;1\/3&#8243;][vc_column_text] TELEFONNUMMER +372 5504440 +372 5098500 [&hellip;]","og_url":"https:\/\/ibc.ee\/no\/kontakt-oss\/","og_site_name":"IBC konteineri m&uuml;&uuml;k, vaadid, kraanid, mahutid","article_modified_time":"2025-04-25T06:37:33+00:00","twitter_card":"summary_large_image","twitter_misc":{"Ansl. lesetid":"1 minutt"},"schema":{"@context":"https:\/\/schema.org","@graph":[{"@type":"WebPage","@id":"https:\/\/ibc.ee\/no\/kontakt-oss\/","url":"https:\/\/ibc.ee\/no\/kontakt-oss\/","name":"Kontakt oss - IBC konteineri m&uuml;&uuml;k, vaadid, kraanid, mahutid","isPartOf":{"@id":"https:\/\/www.ibc.ee\/no\/#website"},"datePublished":"2025-04-25T06:37:32+00:00","dateModified":"2025-04-25T06:37:33+00:00","breadcrumb":{"@id":"https:\/\/ibc.ee\/no\/kontakt-oss\/#breadcrumb"},"inLanguage":"nb-NO","potentialAction":[{"@type":"ReadAction","target":["https:\/\/ibc.ee\/no\/kontakt-oss\/"]}]},{"@type":"BreadcrumbList","@id":"https:\/\/ibc.ee\/no\/kontakt-oss\/#breadcrumb","itemListElement":[{"@type":"ListItem","position":1,"name":"\u0413\u043b\u0430\u0432\u043d\u0430\u044f \u0441\u0442\u0440\u0430\u043d\u0438\u0446\u0430","item":"https:\/\/www.ibc.ee\/no\/"},{"@type":"ListItem","position":2,"name":"Kontakt oss"}]},{"@type":"WebSite","@id":"https:\/\/www.ibc.ee\/no\/#website","url":"https:\/\/www.ibc.ee\/no\/","name":"IBC konteineri m&uuml;&uuml;k, vaadid, kraanid, mahutid","description":"IBC - Tank container valve, Adapters\\fittings, Intermediate bulk, container, Drums\/cans","potentialAction":[{"@type":"SearchAction","target":{"@type":"EntryPoint","urlTemplate":"https:\/\/www.ibc.ee\/no\/?s={search_term_string}"},"query-input":{"@type":"PropertyValueSpecification","valueRequired":true,"valueName":"search_term_string"}}],"inLanguage":"nb-NO"}]}},"_links":{"self":[{"href":"https:\/\/ibc.ee\/no\/wp-json\/wp\/v2\/pages\/23915","targetHints":{"allow":["GET"]}}],"collection":[{"href":"https:\/\/ibc.ee\/no\/wp-json\/wp\/v2\/pages"}],"about":[{"href":"https:\/\/ibc.ee\/no\/wp-json\/wp\/v2\/types\/page"}],"author":[{"embeddable":true,"href":"https:\/\/ibc.ee\/no\/wp-json\/wp\/v2\/users\/1"}],"replies":[{"embeddable":true,"href":"https:\/\/ibc.ee\/no\/wp-json\/wp\/v2\/comments?post=23915"}],"version-history":[{"count":2,"href":"https:\/\/ibc.ee\/no\/wp-json\/wp\/v2\/pages\/23915\/revisions"}],"predecessor-version":[{"id":23917,"href":"https:\/\/ibc.ee\/no\/wp-json\/wp\/v2\/pages\/23915\/revisions\/23917"}],"wp:attachment":[{"href":"https:\/\/ibc.ee\/no\/wp-json\/wp\/v2\/media?parent=23915"}],"curies":[{"name":"wp","href":"https:\/\/api.w.org\/{rel}","templated":true}]}}