{"id":23927,"date":"2025-04-25T08:41:58","date_gmt":"2025-04-25T06:41:58","guid":{"rendered":"https:\/\/ibc.ee\/retningslinjer-for-personvern\/"},"modified":"2025-04-25T08:41:58","modified_gmt":"2025-04-25T06:41:58","slug":"retningslinjer-for-personvern","status":"publish","type":"page","link":"https:\/\/ibc.ee\/no\/retningslinjer-for-personvern\/","title":{"rendered":"Retningslinjer for personvern"},"content":{"rendered":"\n<p><\/p>\n<h3>Retningslinjer for personvern<\/h3>\n<p>IBC.ee (Masterchem OU) har p\u00e5tatt seg forpliktelsen til \u00e5 beskytte personvernet til sine kunder og brukere. Derfor har vi utarbeidet disse prinsippene for personvern, som regulerer innsamling, bruk, utlevering, overf\u00f8ring og lagring av kundedata. V\u00e5r virksomhet p\u00e5 Internett er i samsvar med all relevant praksis, samt EU-lovgivningen og lovene i Republikken Estland. Ta deg tid til \u00e5 lese gjennom prinsippene vi bruker for personvern.   <\/p>\n<h3>Innsamling, behandling og lagring av personopplysninger<\/h3>\n<p>Personopplysningene som samles inn, behandles og lagres av den behandlingsansvarlige, er samlet inn elektronisk, hovedsakelig via nettstedet, e-post og p\u00e5 papir.<\/p>\n<p>Ved \u00e5 dele sine personopplysninger gir den registrerte den behandlingsansvarlige rett til \u00e5 samle inn, ordne, bruke og administrere, for det form\u00e5let som er definert i personvernerkl\u00e6ringen, de personopplysningene som den registrerte deler med den behandlingsansvarlige enten direkte eller indirekte ved kj\u00f8p av varer eller tjenester p\u00e5 nettstedet.<\/p>\n<p>Den registrerte er ansvarlig for n\u00f8yaktigheten, korrektheten og integriteten til de opplysningene han eller hun oppgir. Innlevering av bevisst uriktige opplysninger anses som et brudd p\u00e5 personvernerkl\u00e6ringen. Den registrerte er forpliktet til umiddelbart \u00e5 varsle den behandlingsansvarlige om eventuelle endringer i de oppgitte opplysningene.  <\/p>\n<p>Den behandlingsansvarlige er ikke ansvarlig for skade eller tap som p\u00e5f\u00f8res den registrerte eller en tredjepart som f\u00f8lge av at den registrerte har oppgitt uriktige opplysninger.<\/p>\n<h3>Behandling av personopplysninger om kunder<\/h3>\n<p>Den behandlingsansvarlige kan behandle f\u00f8lgende personopplysninger om den registrerte:<\/p>\n<ul>\n<li>N\u00e5r du oppgir kontaktinformasjon (inkl. navn, personlig ID-kode, postadresse, telefonnummer, e-postadresse, foretrukket kommunikasjonsmetode) p\u00e5 nettstedet v\u00e5rt;<\/li>\n<li>N\u00e5r du bruker nettstedet v\u00e5rt, samles det inn data via kontoen din eller via informasjonskapsler;<\/li>\n<\/ul>\n<h3>Innsamling av andre data<\/h3>\n<p>Vi kan ogs\u00e5 samle inn generelle opplysninger om hvordan kundene v\u00e5re samhandler med nettbutikkene og nettstedet v\u00e5rt. Disse dataene kombineres og brukes til \u00e5 gi kundene informasjon som er mer nyttig for dem, og til \u00e5 l\u00e6re om hvilke deler av nettstedet, produktene og tjenestene som vekker mest interesse. I denne personvernerkl\u00e6ringen anses slike kombinerte data som ikke-personlige data.  <\/p>\n<p>I tillegg til det som er nevnt ovenfor, har den behandlingsansvarlige rett til \u00e5 samle inn opplysninger om kunden som er tilgjengelige i offentlige registre.<\/p>\n<h3>Bruk og lagring av innsamlede personopplysninger<\/h3>\n<p>Vi kan bruke alle personopplysninger vi har samlet inn til \u00e5 vise kundene IBC.ee&#8217; produktnyheter, kampanjer og kommende arrangementer. Kunder som \u00f8nsker \u00e5 reservere seg mot nyhetsbrev, eller som ikke \u00f8nsker \u00e5 motta informasjon om produkter som kan v\u00e6re av interesse for dem, kan n\u00e5r som helst melde seg av adresselistene. Vi bruker ogs\u00e5 personopplysninger som vi samler inn for \u00e5 levere varer, og for \u00e5 oppfylle forpliktelser som vi kan ha p\u00e5tatt oss overfor kunden.<br \/>Ved \u00e5 godta vilk\u00e5rene i personvernerkl\u00e6ringen gir kunden IBC.ee sitt samtykke til automatisert behandling av sine opplysninger. Du kan n\u00e5r som helst tilbakekalle samtykket ditt p\u00e5 nettstedet v\u00e5rt, eller ved \u00e5 sende oss en foresp\u00f8rsel i et format som kan gjengis skriftlig. Slike foresp\u00f8rsler og samtykker har ikke tilbakevirkende kraft.    <\/p>\n<p>For \u00e5 sikre bedre kundeservice kan jeg utlevere informasjon om individuelle brukere til en tredjepart som leverer tjenester til IBC.ee og som er kontraktsmessig forpliktet til \u00e5 holde all delt informasjon konfidensiell. En slik tredjepart kan for eksempel v\u00e6re v\u00e5r samarbeidspartner som har som oppgave \u00e5 levere varer som selges i v\u00e5r e-butikk, eller som tilbyr leiekj\u00f8pstjenester. IBC.ee er ansvarlig for behandlingen av personopplysninger. Behandlingsansvarlig overf\u00f8rer personopplysningene som er n\u00f8dvendige for \u00e5 utf\u00f8re betalinger til databehandleren, Maksekeskus AS.   <\/p>\n<p>IBC.ee lagrer alle personopplysninger om en kunde inntil kundeforholdet opph\u00f8rer. Data som IBC.ee m\u00e5 lagre i henhold til lov (f.eks. regnskapsdata) lagres av IBC.ee i samsvar med lovens bestemmelser. <\/p>\n<h3>Sikkerhet for personopplysninger<\/h3>\n<p>IBC.ee tar alle forholdsregler (inkludert administrative, tekniske og fysiske tiltak) for \u00e5 beskytte kundenes personopplysninger. Kun autoriserte personer har tilgang til personopplysningene for \u00e5 gj\u00f8re endringer og behandle dem. <\/p>\n<p>Vi lagrer personopplysninger bare s\u00e5 lenge det er strengt n\u00f8dvendig. Vi lagrer personopplysninger i opptil 5 \u00e5r fra siste bestilling eller vedlikeholdsarbeid. Vi f\u00f8lger ogs\u00e5 kravene i bokf\u00f8ringsloven n\u00e5r vi lagrer data.  <\/p>\n<p>Personopplysninger hvis lagringstid er utl\u00f8pt, skal tilintetgj\u00f8res eller anonymiseres i henhold til beste praksis.<\/p>\n<h3>Sikkerhet<\/h3>\n<p>Alle personopplysninger som du oppgir n\u00e5r du bes\u00f8ker og handler i IBC.ee&#8217; e-butikk, anses som konfidensiell informasjon. Bruken av krypterte dataoverf\u00f8ringskanaler med bankene garanterer at kj\u00f8pernes personopplysninger og bankopplysninger er beskyttet. <\/p>\n<h3>Vilk\u00e5r og endringer i personvernerkl\u00e6ringen<\/h3>\n<p>Ved \u00e5 begynne \u00e5 bruke nettstedet v\u00e5rt eller fylle ut lojalitetskundes\u00f8knaden bekrefter du at du har lest disse prinsippene, vilk\u00e5rene og betingelsene, og at du godtar dem. Vi forbeholder oss retten til \u00e5 endre de generelle vilk\u00e5rene og betingelsene i denne personvernerkl\u00e6ringen, om n\u00f8dvendig, ved \u00e5 varsle alle lojale kunder om dette, men vi gj\u00f8r v\u00e5rt beste for \u00e5 sikre at personvernerkl\u00e6ringen v\u00e5r holdes oppdatert og er tilgjengelig for deg p\u00e5 nettstedet v\u00e5rt. <\/p>\n<p>Hvis du har sp\u00f8rsm\u00e5l eller bekymringer om denne personvernerkl\u00e6ringen eller databehandling, kan du kontakte oss p\u00e5 <a href=\"mailto:info@ibc.ee\">info@ibc.ee<\/a><\/p>\n","protected":false},"excerpt":{"rendered":"<p>Retningslinjer for personvern IBC.ee (Masterchem OU) har p\u00e5tatt seg forpliktelsen til \u00e5 beskytte personvernet til sine kunder og brukere. Derfor har vi utarbeidet disse prinsippene for personvern, som regulerer innsamling, bruk, utlevering, overf\u00f8ring og lagring av kundedata. V\u00e5r virksomhet p\u00e5 Internett er i samsvar med all relevant praksis, samt EU-lovgivningen og lovene i Republikken Estland. [&hellip;]<\/p>\n","protected":false},"author":22,"featured_media":0,"parent":0,"menu_order":0,"comment_status":"closed","ping_status":"closed","template":"","meta":{"footnotes":""},"class_list":["post-23927","page","type-page","status-publish","hentry"],"yoast_head":"<!-- This site is optimized with the Yoast SEO plugin v26.9 - https:\/\/yoast.com\/product\/yoast-seo-wordpress\/ -->\n<title>Retningslinjer for personvern - IBC konteineri m&uuml;&uuml;k, vaadid, kraanid, mahutid<\/title>\n<meta name=\"robots\" content=\"index, follow, max-snippet:-1, max-image-preview:large, max-video-preview:-1\" \/>\n<link rel=\"canonical\" href=\"https:\/\/ibc.ee\/no\/retningslinjer-for-personvern\/\" \/>\n<meta property=\"og:locale\" content=\"nb_NO\" \/>\n<meta property=\"og:type\" content=\"article\" \/>\n<meta property=\"og:title\" content=\"Retningslinjer for personvern - IBC konteineri m&uuml;&uuml;k, vaadid, kraanid, mahutid\" \/>\n<meta property=\"og:description\" content=\"Retningslinjer for personvern IBC.ee (Masterchem OU) har p\u00e5tatt seg forpliktelsen til \u00e5 beskytte personvernet til sine kunder og brukere. Derfor har vi utarbeidet disse prinsippene for personvern, som regulerer innsamling, bruk, utlevering, overf\u00f8ring og lagring av kundedata. V\u00e5r virksomhet p\u00e5 Internett er i samsvar med all relevant praksis, samt EU-lovgivningen og lovene i Republikken Estland. [&hellip;]\" \/>\n<meta property=\"og:url\" content=\"https:\/\/ibc.ee\/no\/retningslinjer-for-personvern\/\" \/>\n<meta property=\"og:site_name\" content=\"IBC konteineri m&uuml;&uuml;k, vaadid, kraanid, mahutid\" \/>\n<meta name=\"twitter:card\" content=\"summary_large_image\" \/>\n<meta name=\"twitter:label1\" content=\"Ansl. lesetid\" \/>\n\t<meta name=\"twitter:data1\" content=\"4 minutter\" \/>\n<script type=\"application\/ld+json\" class=\"yoast-schema-graph\">{\"@context\":\"https:\/\/schema.org\",\"@graph\":[{\"@type\":\"WebPage\",\"@id\":\"https:\/\/ibc.ee\/no\/retningslinjer-for-personvern\/\",\"url\":\"https:\/\/ibc.ee\/no\/retningslinjer-for-personvern\/\",\"name\":\"Retningslinjer for personvern - IBC konteineri m&uuml;&uuml;k, vaadid, kraanid, mahutid\",\"isPartOf\":{\"@id\":\"https:\/\/www.ibc.ee\/no\/#website\"},\"datePublished\":\"2025-04-25T06:41:58+00:00\",\"breadcrumb\":{\"@id\":\"https:\/\/ibc.ee\/no\/retningslinjer-for-personvern\/#breadcrumb\"},\"inLanguage\":\"nb-NO\",\"potentialAction\":[{\"@type\":\"ReadAction\",\"target\":[\"https:\/\/ibc.ee\/no\/retningslinjer-for-personvern\/\"]}]},{\"@type\":\"BreadcrumbList\",\"@id\":\"https:\/\/ibc.ee\/no\/retningslinjer-for-personvern\/#breadcrumb\",\"itemListElement\":[{\"@type\":\"ListItem\",\"position\":1,\"name\":\"\u0413\u043b\u0430\u0432\u043d\u0430\u044f \u0441\u0442\u0440\u0430\u043d\u0438\u0446\u0430\",\"item\":\"https:\/\/www.ibc.ee\/no\/\"},{\"@type\":\"ListItem\",\"position\":2,\"name\":\"Retningslinjer for personvern\"}]},{\"@type\":\"WebSite\",\"@id\":\"https:\/\/www.ibc.ee\/no\/#website\",\"url\":\"https:\/\/www.ibc.ee\/no\/\",\"name\":\"IBC konteineri m&uuml;&uuml;k, vaadid, kraanid, mahutid\",\"description\":\"IBC - Tank container valve, Adapters\\\\fittings, Intermediate bulk, container, Drums\/cans\",\"potentialAction\":[{\"@type\":\"SearchAction\",\"target\":{\"@type\":\"EntryPoint\",\"urlTemplate\":\"https:\/\/www.ibc.ee\/no\/?s={search_term_string}\"},\"query-input\":{\"@type\":\"PropertyValueSpecification\",\"valueRequired\":true,\"valueName\":\"search_term_string\"}}],\"inLanguage\":\"nb-NO\"}]}<\/script>\n<!-- \/ Yoast SEO plugin. -->","yoast_head_json":{"title":"Retningslinjer for personvern - IBC konteineri m&uuml;&uuml;k, vaadid, kraanid, mahutid","robots":{"index":"index","follow":"follow","max-snippet":"max-snippet:-1","max-image-preview":"max-image-preview:large","max-video-preview":"max-video-preview:-1"},"canonical":"https:\/\/ibc.ee\/no\/retningslinjer-for-personvern\/","og_locale":"nb_NO","og_type":"article","og_title":"Retningslinjer for personvern - IBC konteineri m&uuml;&uuml;k, vaadid, kraanid, mahutid","og_description":"Retningslinjer for personvern IBC.ee (Masterchem OU) har p\u00e5tatt seg forpliktelsen til \u00e5 beskytte personvernet til sine kunder og brukere. Derfor har vi utarbeidet disse prinsippene for personvern, som regulerer innsamling, bruk, utlevering, overf\u00f8ring og lagring av kundedata. V\u00e5r virksomhet p\u00e5 Internett er i samsvar med all relevant praksis, samt EU-lovgivningen og lovene i Republikken Estland. [&hellip;]","og_url":"https:\/\/ibc.ee\/no\/retningslinjer-for-personvern\/","og_site_name":"IBC konteineri m&uuml;&uuml;k, vaadid, kraanid, mahutid","twitter_card":"summary_large_image","twitter_misc":{"Ansl. lesetid":"4 minutter"},"schema":{"@context":"https:\/\/schema.org","@graph":[{"@type":"WebPage","@id":"https:\/\/ibc.ee\/no\/retningslinjer-for-personvern\/","url":"https:\/\/ibc.ee\/no\/retningslinjer-for-personvern\/","name":"Retningslinjer for personvern - IBC konteineri m&uuml;&uuml;k, vaadid, kraanid, mahutid","isPartOf":{"@id":"https:\/\/www.ibc.ee\/no\/#website"},"datePublished":"2025-04-25T06:41:58+00:00","breadcrumb":{"@id":"https:\/\/ibc.ee\/no\/retningslinjer-for-personvern\/#breadcrumb"},"inLanguage":"nb-NO","potentialAction":[{"@type":"ReadAction","target":["https:\/\/ibc.ee\/no\/retningslinjer-for-personvern\/"]}]},{"@type":"BreadcrumbList","@id":"https:\/\/ibc.ee\/no\/retningslinjer-for-personvern\/#breadcrumb","itemListElement":[{"@type":"ListItem","position":1,"name":"\u0413\u043b\u0430\u0432\u043d\u0430\u044f \u0441\u0442\u0440\u0430\u043d\u0438\u0446\u0430","item":"https:\/\/www.ibc.ee\/no\/"},{"@type":"ListItem","position":2,"name":"Retningslinjer for personvern"}]},{"@type":"WebSite","@id":"https:\/\/www.ibc.ee\/no\/#website","url":"https:\/\/www.ibc.ee\/no\/","name":"IBC konteineri m&uuml;&uuml;k, vaadid, kraanid, mahutid","description":"IBC - Tank container valve, Adapters\\fittings, Intermediate bulk, container, Drums\/cans","potentialAction":[{"@type":"SearchAction","target":{"@type":"EntryPoint","urlTemplate":"https:\/\/www.ibc.ee\/no\/?s={search_term_string}"},"query-input":{"@type":"PropertyValueSpecification","valueRequired":true,"valueName":"search_term_string"}}],"inLanguage":"nb-NO"}]}},"_links":{"self":[{"href":"https:\/\/ibc.ee\/no\/wp-json\/wp\/v2\/pages\/23927","targetHints":{"allow":["GET"]}}],"collection":[{"href":"https:\/\/ibc.ee\/no\/wp-json\/wp\/v2\/pages"}],"about":[{"href":"https:\/\/ibc.ee\/no\/wp-json\/wp\/v2\/types\/page"}],"author":[{"embeddable":true,"href":"https:\/\/ibc.ee\/no\/wp-json\/wp\/v2\/users\/22"}],"replies":[{"embeddable":true,"href":"https:\/\/ibc.ee\/no\/wp-json\/wp\/v2\/comments?post=23927"}],"version-history":[{"count":1,"href":"https:\/\/ibc.ee\/no\/wp-json\/wp\/v2\/pages\/23927\/revisions"}],"predecessor-version":[{"id":23928,"href":"https:\/\/ibc.ee\/no\/wp-json\/wp\/v2\/pages\/23927\/revisions\/23928"}],"wp:attachment":[{"href":"https:\/\/ibc.ee\/no\/wp-json\/wp\/v2\/media?parent=23927"}],"curies":[{"name":"wp","href":"https:\/\/api.w.org\/{rel}","templated":true}]}}