{"id":22548,"date":"2018-04-28T09:58:41","date_gmt":"2025-04-21T09:15:44","guid":{"rendered":"https:\/\/ibc.ee\/product\/adapterkobling-2-tommer-dn50-innlopsgjenger-til-2-tommer-camlock-slange-med-grov-gjenge\/"},"modified":"2025-04-21T11:15:44","modified_gmt":"2025-04-21T09:15:44","slug":"adapterkobling-2-tommer-dn50-innlopsgjenger-til-2-tommer-camlock-slange-med-grov-gjenge","status":"publish","type":"product","link":"https:\/\/ibc.ee\/no\/produkt\/adapterkobling-2-tommer-dn50-innlopsgjenger-til-2-tommer-camlock-slange-med-grov-gjenge\/","title":{"rendered":"Adapterkobling 2 tommer DN50 innl\u00f8psgjenger til 2 tommer Camlock-slange med grov gjenge"},"content":{"rendered":"<p>2 tommer DN50 innl\u00f8pstr\u00e5d til 2 tommer Camlock-slange 1000 l IBC tankadapterkobling med grov gjenge  <\/p>\n","protected":false},"excerpt":{"rendered":"<p>2 tommer DN50 innl\u00f8pstr\u00e5d til 2 tommer Camlock-slange 1000 l IBC tankadapterkobling med grov gjenge<\/p>\n","protected":false},"featured_media":22549,"template":"","meta":[],"product_brand":[],"product_cat":[438],"product_tag":[],"class_list":{"0":"post-22548","1":"product","2":"type-product","3":"status-publish","4":"has-post-thumbnail","6":"product_cat-adaptere-og-beslag-for-ibc-container","7":"product_shipping_class-omniva-no","9":"first","10":"instock","11":"taxable","12":"shipping-taxable","13":"purchasable","14":"product-type-simple"},"yoast_head":"<!-- This site is optimized with the Yoast SEO plugin v26.9 - https:\/\/yoast.com\/product\/yoast-seo-wordpress\/ -->\n<title>Adapterkobling 2 tommer DN50 innl\u00f8psgjenger til 2 tommer Camlock-slange med grov gjenge - IBC konteineri m&uuml;&uuml;k, vaadid, kraanid, mahutid<\/title>\n<meta name=\"description\" content=\"2 tommer DN50 innl\u00f8pstr\u00e5d til 2 tommer Camlock-slange 1000 l IBC tankadapterkobling med grov gjenge\" \/>\n<meta name=\"robots\" content=\"index, follow, max-snippet:-1, max-image-preview:large, max-video-preview:-1\" \/>\n<link rel=\"canonical\" href=\"https:\/\/ibc.ee\/no\/produkt\/adapterkobling-2-tommer-dn50-innlopsgjenger-til-2-tommer-camlock-slange-med-grov-gjenge\/\" \/>\n<meta property=\"og:locale\" content=\"nb_NO\" \/>\n<meta property=\"og:type\" content=\"article\" \/>\n<meta property=\"og:title\" content=\"Adapterkobling 2 tommer DN50 innl\u00f8psgjenger til 2 tommer Camlock-slange med grov gjenge - IBC konteineri m&uuml;&uuml;k, vaadid, kraanid, mahutid\" \/>\n<meta property=\"og:description\" content=\"2 tommer DN50 innl\u00f8pstr\u00e5d til 2 tommer Camlock-slange 1000 l IBC tankadapterkobling med grov gjenge\" \/>\n<meta property=\"og:url\" content=\"https:\/\/ibc.ee\/no\/produkt\/adapterkobling-2-tommer-dn50-innlopsgjenger-til-2-tommer-camlock-slange-med-grov-gjenge\/\" \/>\n<meta property=\"og:site_name\" content=\"IBC konteineri m&uuml;&uuml;k, vaadid, kraanid, mahutid\" \/>\n<meta property=\"og:image\" content=\"https:\/\/ibc.ee\/wp-content\/uploads\/2018\/04\/QX7NKEG-1.png\" \/>\n\t<meta property=\"og:image:width\" content=\"580\" \/>\n\t<meta property=\"og:image:height\" content=\"580\" \/>\n\t<meta property=\"og:image:type\" content=\"image\/png\" \/>\n<meta name=\"twitter:card\" content=\"summary_large_image\" \/>\n<script type=\"application\/ld+json\" class=\"yoast-schema-graph\">{\"@context\":\"https:\/\/schema.org\",\"@graph\":[{\"@type\":\"WebPage\",\"@id\":\"https:\/\/ibc.ee\/no\/produkt\/adapterkobling-2-tommer-dn50-innlopsgjenger-til-2-tommer-camlock-slange-med-grov-gjenge\/\",\"url\":\"https:\/\/ibc.ee\/no\/produkt\/adapterkobling-2-tommer-dn50-innlopsgjenger-til-2-tommer-camlock-slange-med-grov-gjenge\/\",\"name\":\"Adapterkobling 2 tommer DN50 innl\u00f8psgjenger til 2 tommer Camlock-slange med grov gjenge - IBC konteineri m&uuml;&uuml;k, vaadid, kraanid, mahutid\",\"isPartOf\":{\"@id\":\"https:\/\/www.ibc.ee\/no\/#website\"},\"primaryImageOfPage\":{\"@id\":\"https:\/\/ibc.ee\/no\/produkt\/adapterkobling-2-tommer-dn50-innlopsgjenger-til-2-tommer-camlock-slange-med-grov-gjenge\/#primaryimage\"},\"image\":{\"@id\":\"https:\/\/ibc.ee\/no\/produkt\/adapterkobling-2-tommer-dn50-innlopsgjenger-til-2-tommer-camlock-slange-med-grov-gjenge\/#primaryimage\"},\"thumbnailUrl\":\"https:\/\/ibc.ee\/wp-content\/uploads\/2018\/04\/QX7NKEG-1.png\",\"datePublished\":\"2025-04-21T09:15:44+00:00\",\"description\":\"2 tommer DN50 innl\u00f8pstr\u00e5d til 2 tommer Camlock-slange 1000 l IBC tankadapterkobling med grov gjenge\",\"breadcrumb\":{\"@id\":\"https:\/\/ibc.ee\/no\/produkt\/adapterkobling-2-tommer-dn50-innlopsgjenger-til-2-tommer-camlock-slange-med-grov-gjenge\/#breadcrumb\"},\"inLanguage\":\"nb-NO\",\"potentialAction\":[{\"@type\":\"ReadAction\",\"target\":[\"https:\/\/ibc.ee\/no\/produkt\/adapterkobling-2-tommer-dn50-innlopsgjenger-til-2-tommer-camlock-slange-med-grov-gjenge\/\"]}]},{\"@type\":\"ImageObject\",\"inLanguage\":\"nb-NO\",\"@id\":\"https:\/\/ibc.ee\/no\/produkt\/adapterkobling-2-tommer-dn50-innlopsgjenger-til-2-tommer-camlock-slange-med-grov-gjenge\/#primaryimage\",\"url\":\"https:\/\/ibc.ee\/wp-content\/uploads\/2018\/04\/QX7NKEG-1.png\",\"contentUrl\":\"https:\/\/ibc.ee\/wp-content\/uploads\/2018\/04\/QX7NKEG-1.png\",\"width\":580,\"height\":580},{\"@type\":\"BreadcrumbList\",\"@id\":\"https:\/\/ibc.ee\/no\/produkt\/adapterkobling-2-tommer-dn50-innlopsgjenger-til-2-tommer-camlock-slange-med-grov-gjenge\/#breadcrumb\",\"itemListElement\":[{\"@type\":\"ListItem\",\"position\":1,\"name\":\"\u0413\u043b\u0430\u0432\u043d\u0430\u044f \u0441\u0442\u0440\u0430\u043d\u0438\u0446\u0430\",\"item\":\"https:\/\/www.ibc.ee\/no\/\"},{\"@type\":\"ListItem\",\"position\":2,\"name\":\"Butikk\",\"item\":\"https:\/\/www.ibc.ee\/no\/butikk\/\"},{\"@type\":\"ListItem\",\"position\":3,\"name\":\"Adapterkobling 2 tommer DN50 innl\u00f8psgjenger til 2 tommer Camlock-slange med grov gjenge\"}]},{\"@type\":\"WebSite\",\"@id\":\"https:\/\/www.ibc.ee\/no\/#website\",\"url\":\"https:\/\/www.ibc.ee\/no\/\",\"name\":\"IBC konteineri m&uuml;&uuml;k, vaadid, kraanid, mahutid\",\"description\":\"IBC - Tank container valve, Adapters\\\\fittings, Intermediate bulk, container, Drums\/cans\",\"potentialAction\":[{\"@type\":\"SearchAction\",\"target\":{\"@type\":\"EntryPoint\",\"urlTemplate\":\"https:\/\/www.ibc.ee\/no\/?s={search_term_string}\"},\"query-input\":{\"@type\":\"PropertyValueSpecification\",\"valueRequired\":true,\"valueName\":\"search_term_string\"}}],\"inLanguage\":\"nb-NO\"}]}<\/script>\n<!-- \/ Yoast SEO plugin. -->","yoast_head_json":{"title":"Adapterkobling 2 tommer DN50 innl\u00f8psgjenger til 2 tommer Camlock-slange med grov gjenge - IBC konteineri m&uuml;&uuml;k, vaadid, kraanid, mahutid","description":"2 tommer DN50 innl\u00f8pstr\u00e5d til 2 tommer Camlock-slange 1000 l IBC tankadapterkobling med grov gjenge","robots":{"index":"index","follow":"follow","max-snippet":"max-snippet:-1","max-image-preview":"max-image-preview:large","max-video-preview":"max-video-preview:-1"},"canonical":"https:\/\/ibc.ee\/no\/produkt\/adapterkobling-2-tommer-dn50-innlopsgjenger-til-2-tommer-camlock-slange-med-grov-gjenge\/","og_locale":"nb_NO","og_type":"article","og_title":"Adapterkobling 2 tommer DN50 innl\u00f8psgjenger til 2 tommer Camlock-slange med grov gjenge - IBC konteineri m&uuml;&uuml;k, vaadid, kraanid, mahutid","og_description":"2 tommer DN50 innl\u00f8pstr\u00e5d til 2 tommer Camlock-slange 1000 l IBC tankadapterkobling med grov gjenge","og_url":"https:\/\/ibc.ee\/no\/produkt\/adapterkobling-2-tommer-dn50-innlopsgjenger-til-2-tommer-camlock-slange-med-grov-gjenge\/","og_site_name":"IBC konteineri m&uuml;&uuml;k, vaadid, kraanid, mahutid","og_image":[{"width":580,"height":580,"url":"https:\/\/ibc.ee\/wp-content\/uploads\/2018\/04\/QX7NKEG-1.png","type":"image\/png"}],"twitter_card":"summary_large_image","schema":{"@context":"https:\/\/schema.org","@graph":[{"@type":"WebPage","@id":"https:\/\/ibc.ee\/no\/produkt\/adapterkobling-2-tommer-dn50-innlopsgjenger-til-2-tommer-camlock-slange-med-grov-gjenge\/","url":"https:\/\/ibc.ee\/no\/produkt\/adapterkobling-2-tommer-dn50-innlopsgjenger-til-2-tommer-camlock-slange-med-grov-gjenge\/","name":"Adapterkobling 2 tommer DN50 innl\u00f8psgjenger til 2 tommer Camlock-slange med grov gjenge - IBC konteineri m&uuml;&uuml;k, vaadid, kraanid, mahutid","isPartOf":{"@id":"https:\/\/www.ibc.ee\/no\/#website"},"primaryImageOfPage":{"@id":"https:\/\/ibc.ee\/no\/produkt\/adapterkobling-2-tommer-dn50-innlopsgjenger-til-2-tommer-camlock-slange-med-grov-gjenge\/#primaryimage"},"image":{"@id":"https:\/\/ibc.ee\/no\/produkt\/adapterkobling-2-tommer-dn50-innlopsgjenger-til-2-tommer-camlock-slange-med-grov-gjenge\/#primaryimage"},"thumbnailUrl":"https:\/\/ibc.ee\/wp-content\/uploads\/2018\/04\/QX7NKEG-1.png","datePublished":"2025-04-21T09:15:44+00:00","description":"2 tommer DN50 innl\u00f8pstr\u00e5d til 2 tommer Camlock-slange 1000 l IBC tankadapterkobling med grov gjenge","breadcrumb":{"@id":"https:\/\/ibc.ee\/no\/produkt\/adapterkobling-2-tommer-dn50-innlopsgjenger-til-2-tommer-camlock-slange-med-grov-gjenge\/#breadcrumb"},"inLanguage":"nb-NO","potentialAction":[{"@type":"ReadAction","target":["https:\/\/ibc.ee\/no\/produkt\/adapterkobling-2-tommer-dn50-innlopsgjenger-til-2-tommer-camlock-slange-med-grov-gjenge\/"]}]},{"@type":"ImageObject","inLanguage":"nb-NO","@id":"https:\/\/ibc.ee\/no\/produkt\/adapterkobling-2-tommer-dn50-innlopsgjenger-til-2-tommer-camlock-slange-med-grov-gjenge\/#primaryimage","url":"https:\/\/ibc.ee\/wp-content\/uploads\/2018\/04\/QX7NKEG-1.png","contentUrl":"https:\/\/ibc.ee\/wp-content\/uploads\/2018\/04\/QX7NKEG-1.png","width":580,"height":580},{"@type":"BreadcrumbList","@id":"https:\/\/ibc.ee\/no\/produkt\/adapterkobling-2-tommer-dn50-innlopsgjenger-til-2-tommer-camlock-slange-med-grov-gjenge\/#breadcrumb","itemListElement":[{"@type":"ListItem","position":1,"name":"\u0413\u043b\u0430\u0432\u043d\u0430\u044f \u0441\u0442\u0440\u0430\u043d\u0438\u0446\u0430","item":"https:\/\/www.ibc.ee\/no\/"},{"@type":"ListItem","position":2,"name":"Butikk","item":"https:\/\/www.ibc.ee\/no\/butikk\/"},{"@type":"ListItem","position":3,"name":"Adapterkobling 2 tommer DN50 innl\u00f8psgjenger til 2 tommer Camlock-slange med grov gjenge"}]},{"@type":"WebSite","@id":"https:\/\/www.ibc.ee\/no\/#website","url":"https:\/\/www.ibc.ee\/no\/","name":"IBC konteineri m&uuml;&uuml;k, vaadid, kraanid, mahutid","description":"IBC - Tank container valve, Adapters\\fittings, Intermediate bulk, container, Drums\/cans","potentialAction":[{"@type":"SearchAction","target":{"@type":"EntryPoint","urlTemplate":"https:\/\/www.ibc.ee\/no\/?s={search_term_string}"},"query-input":{"@type":"PropertyValueSpecification","valueRequired":true,"valueName":"search_term_string"}}],"inLanguage":"nb-NO"}]}},"_links":{"self":[{"href":"https:\/\/ibc.ee\/no\/wp-json\/wp\/v2\/product\/22548","targetHints":{"allow":["GET"]}}],"collection":[{"href":"https:\/\/ibc.ee\/no\/wp-json\/wp\/v2\/product"}],"about":[{"href":"https:\/\/ibc.ee\/no\/wp-json\/wp\/v2\/types\/product"}],"wp:featuredmedia":[{"embeddable":true,"href":"https:\/\/ibc.ee\/no\/wp-json\/wp\/v2\/media\/22549"}],"wp:attachment":[{"href":"https:\/\/ibc.ee\/no\/wp-json\/wp\/v2\/media?parent=22548"}],"wp:term":[{"taxonomy":"product_brand","embeddable":true,"href":"https:\/\/ibc.ee\/no\/wp-json\/wp\/v2\/product_brand?post=22548"},{"taxonomy":"product_cat","embeddable":true,"href":"https:\/\/ibc.ee\/no\/wp-json\/wp\/v2\/product_cat?post=22548"},{"taxonomy":"product_tag","embeddable":true,"href":"https:\/\/ibc.ee\/no\/wp-json\/wp\/v2\/product_tag?post=22548"}],"curies":[{"name":"wp","href":"https:\/\/api.w.org\/{rel}","templated":true}]}}