{"id":22692,"date":"2018-06-04T17:12:13","date_gmt":"2025-04-21T10:04:12","guid":{"rendered":"https:\/\/ibc.ee\/product\/ibc-1000l-ibc-mellomstore-bulkcontainere-a\/"},"modified":"2025-07-09T16:43:06","modified_gmt":"2025-07-09T14:43:06","slug":"newcube-ibc-1000-1000-liters-mellomstor-vaeskebeholder","status":"publish","type":"product","link":"https:\/\/ibc.ee\/no\/produkt\/newcube-ibc-1000-1000-liters-mellomstor-vaeskebeholder\/","title":{"rendered":"NewCube IBC 1000 \u2013 1000 liters mellomstor v\u00e6skebeholder"},"content":{"rendered":"<p><strong>Typiske bruksomr\u00e5der:<\/strong><br \/>\n&#8211; Innsamling av regnvann \u2013 til hage og husholdning<br \/>\n&#8211; Oppbevaring av avl\u00f8psvann<br \/>\n&#8211; Vanning og kompost-te i landbruket<br \/>\n&#8211; Ikke-farlige kjemiske l\u00f8sninger og rengj\u00f8ringsmidler<br \/>\n&#8211; Utend\u00f8rs vaskeplasser og gj\u00f8r-det-selv vannsystemer<\/p>\n<p><strong>Viktig informasjon:<\/strong><br \/>\n&#8211; Ikke matgodkjent og uten UN-sertifisering<br \/>\n&#8211; Ikke egnet for drikkevann, matvarer eller farlige kjemikalier<br \/>\n&#8211; Beregnet for teknisk og ikke-kritisk bruk<\/p>\n","protected":false},"excerpt":{"rendered":"<p>NewCube IBC 1000 er en helt ny 1000-liters v\u00e6sketank, designet for generell bruk der det ikke kreves sertifisering for n\u00e6ringsmidler eller farlige stoffer. Dette er en kostnadseffektiv, robust og praktisk l\u00f8sning for tekniske, landbruksrelaterte eller private behov. Kompatibel med S60x6-ventilsystem \u2013 enkelt \u00e5 tilpasse eller bytte. Stor 150 mm p\u00e5fyllings\u00e5pning for enkel h\u00e5ndtering. Galvanisert st\u00e5lr\u00f8rsramme \u2013 ideell for utend\u00f8rs og industriell bruk.    <\/p>\n","protected":false},"featured_media":24270,"template":"","meta":[],"product_brand":[],"product_cat":[439],"product_tag":[],"class_list":{"0":"post-22692","1":"product","2":"type-product","3":"status-publish","4":"has-post-thumbnail","6":"product_cat-mellom-bulkbeholder-ibc-1000-liter","7":"product_shipping_class-beholdere","9":"first","10":"instock","11":"taxable","12":"shipping-taxable","13":"purchasable","14":"product-type-simple"},"yoast_head":"<!-- This site is optimized with the Yoast SEO plugin v26.9 - https:\/\/yoast.com\/product\/yoast-seo-wordpress\/ -->\n<title>NewCube IBC 1000 \u2013 1000 liters mellomstor v\u00e6skebeholder - IBC konteineri m&uuml;&uuml;k, vaadid, kraanid, mahutid<\/title>\n<meta name=\"description\" content=\"NewCube IBC 1000 er en helt ny 1000-liters v\u00e6sketank, designet for generell bruk der det ikke kreves sertifisering for n\u00e6ringsmidler eller farlige stoffer.\" \/>\n<meta name=\"robots\" content=\"index, follow, max-snippet:-1, max-image-preview:large, max-video-preview:-1\" \/>\n<link rel=\"canonical\" href=\"https:\/\/ibc.ee\/no\/produkt\/newcube-ibc-1000-1000-liters-mellomstor-vaeskebeholder\/\" \/>\n<meta property=\"og:locale\" content=\"nb_NO\" \/>\n<meta property=\"og:type\" content=\"article\" \/>\n<meta property=\"og:title\" content=\"NewCube IBC 1000 \u2013 1000 liters mellomstor v\u00e6skebeholder - IBC konteineri m&uuml;&uuml;k, vaadid, kraanid, mahutid\" \/>\n<meta property=\"og:description\" content=\"NewCube IBC 1000 er en helt ny 1000-liters v\u00e6sketank, designet for generell bruk der det ikke kreves sertifisering for n\u00e6ringsmidler eller farlige stoffer.\" \/>\n<meta property=\"og:url\" content=\"https:\/\/ibc.ee\/no\/produkt\/newcube-ibc-1000-1000-liters-mellomstor-vaeskebeholder\/\" \/>\n<meta property=\"og:site_name\" content=\"IBC konteineri m&uuml;&uuml;k, vaadid, kraanid, mahutid\" \/>\n<meta property=\"article:modified_time\" content=\"2025-07-09T14:43:06+00:00\" \/>\n<meta property=\"og:image\" content=\"https:\/\/ibc.ee\/wp-content\/uploads\/2018\/06\/NewCube-IBC-1000-Container-for-General-Liquid-Storage.jpg\" \/>\n\t<meta property=\"og:image:width\" content=\"1000\" \/>\n\t<meta property=\"og:image:height\" content=\"1000\" \/>\n\t<meta property=\"og:image:type\" content=\"image\/jpeg\" \/>\n<meta name=\"twitter:card\" content=\"summary_large_image\" \/>\n<meta name=\"twitter:label1\" content=\"Ansl. lesetid\" \/>\n\t<meta name=\"twitter:data1\" content=\"1 minutt\" \/>\n<script type=\"application\/ld+json\" class=\"yoast-schema-graph\">{\"@context\":\"https:\/\/schema.org\",\"@graph\":[{\"@type\":\"WebPage\",\"@id\":\"https:\/\/ibc.ee\/no\/produkt\/newcube-ibc-1000-1000-liters-mellomstor-vaeskebeholder\/\",\"url\":\"https:\/\/ibc.ee\/no\/produkt\/newcube-ibc-1000-1000-liters-mellomstor-vaeskebeholder\/\",\"name\":\"NewCube IBC 1000 \u2013 1000 liters mellomstor v\u00e6skebeholder - IBC konteineri m&uuml;&uuml;k, vaadid, kraanid, mahutid\",\"isPartOf\":{\"@id\":\"https:\/\/www.ibc.ee\/no\/#website\"},\"primaryImageOfPage\":{\"@id\":\"https:\/\/ibc.ee\/no\/produkt\/newcube-ibc-1000-1000-liters-mellomstor-vaeskebeholder\/#primaryimage\"},\"image\":{\"@id\":\"https:\/\/ibc.ee\/no\/produkt\/newcube-ibc-1000-1000-liters-mellomstor-vaeskebeholder\/#primaryimage\"},\"thumbnailUrl\":\"https:\/\/ibc.ee\/wp-content\/uploads\/2018\/06\/NewCube-IBC-1000-Container-for-General-Liquid-Storage.jpg\",\"datePublished\":\"2025-04-21T10:04:12+00:00\",\"dateModified\":\"2025-07-09T14:43:06+00:00\",\"description\":\"NewCube IBC 1000 er en helt ny 1000-liters v\u00e6sketank, designet for generell bruk der det ikke kreves sertifisering for n\u00e6ringsmidler eller farlige stoffer.\",\"breadcrumb\":{\"@id\":\"https:\/\/ibc.ee\/no\/produkt\/newcube-ibc-1000-1000-liters-mellomstor-vaeskebeholder\/#breadcrumb\"},\"inLanguage\":\"nb-NO\",\"potentialAction\":[{\"@type\":\"ReadAction\",\"target\":[\"https:\/\/ibc.ee\/no\/produkt\/newcube-ibc-1000-1000-liters-mellomstor-vaeskebeholder\/\"]}]},{\"@type\":\"ImageObject\",\"inLanguage\":\"nb-NO\",\"@id\":\"https:\/\/ibc.ee\/no\/produkt\/newcube-ibc-1000-1000-liters-mellomstor-vaeskebeholder\/#primaryimage\",\"url\":\"https:\/\/ibc.ee\/wp-content\/uploads\/2018\/06\/NewCube-IBC-1000-Container-for-General-Liquid-Storage.jpg\",\"contentUrl\":\"https:\/\/ibc.ee\/wp-content\/uploads\/2018\/06\/NewCube-IBC-1000-Container-for-General-Liquid-Storage.jpg\",\"width\":1000,\"height\":1000,\"caption\":\"NewCube IBC 1000 \u2013 Intermediate bulk 1000L container\"},{\"@type\":\"BreadcrumbList\",\"@id\":\"https:\/\/ibc.ee\/no\/produkt\/newcube-ibc-1000-1000-liters-mellomstor-vaeskebeholder\/#breadcrumb\",\"itemListElement\":[{\"@type\":\"ListItem\",\"position\":1,\"name\":\"\u0413\u043b\u0430\u0432\u043d\u0430\u044f \u0441\u0442\u0440\u0430\u043d\u0438\u0446\u0430\",\"item\":\"https:\/\/www.ibc.ee\/no\/\"},{\"@type\":\"ListItem\",\"position\":2,\"name\":\"Butikk\",\"item\":\"https:\/\/www.ibc.ee\/no\/butikk\/\"},{\"@type\":\"ListItem\",\"position\":3,\"name\":\"NewCube IBC 1000 \u2013 1000 liters mellomstor v\u00e6skebeholder\"}]},{\"@type\":\"WebSite\",\"@id\":\"https:\/\/www.ibc.ee\/no\/#website\",\"url\":\"https:\/\/www.ibc.ee\/no\/\",\"name\":\"IBC konteineri m&uuml;&uuml;k, vaadid, kraanid, mahutid\",\"description\":\"IBC - Tank container valve, Adapters\\\\fittings, Intermediate bulk, container, Drums\/cans\",\"potentialAction\":[{\"@type\":\"SearchAction\",\"target\":{\"@type\":\"EntryPoint\",\"urlTemplate\":\"https:\/\/www.ibc.ee\/no\/?s={search_term_string}\"},\"query-input\":{\"@type\":\"PropertyValueSpecification\",\"valueRequired\":true,\"valueName\":\"search_term_string\"}}],\"inLanguage\":\"nb-NO\"}]}<\/script>\n<!-- \/ Yoast SEO plugin. -->","yoast_head_json":{"title":"NewCube IBC 1000 \u2013 1000 liters mellomstor v\u00e6skebeholder - IBC konteineri m&uuml;&uuml;k, vaadid, kraanid, mahutid","description":"NewCube IBC 1000 er en helt ny 1000-liters v\u00e6sketank, designet for generell bruk der det ikke kreves sertifisering for n\u00e6ringsmidler eller farlige stoffer.","robots":{"index":"index","follow":"follow","max-snippet":"max-snippet:-1","max-image-preview":"max-image-preview:large","max-video-preview":"max-video-preview:-1"},"canonical":"https:\/\/ibc.ee\/no\/produkt\/newcube-ibc-1000-1000-liters-mellomstor-vaeskebeholder\/","og_locale":"nb_NO","og_type":"article","og_title":"NewCube IBC 1000 \u2013 1000 liters mellomstor v\u00e6skebeholder - IBC konteineri m&uuml;&uuml;k, vaadid, kraanid, mahutid","og_description":"NewCube IBC 1000 er en helt ny 1000-liters v\u00e6sketank, designet for generell bruk der det ikke kreves sertifisering for n\u00e6ringsmidler eller farlige stoffer.","og_url":"https:\/\/ibc.ee\/no\/produkt\/newcube-ibc-1000-1000-liters-mellomstor-vaeskebeholder\/","og_site_name":"IBC konteineri m&uuml;&uuml;k, vaadid, kraanid, mahutid","article_modified_time":"2025-07-09T14:43:06+00:00","og_image":[{"width":1000,"height":1000,"url":"https:\/\/ibc.ee\/wp-content\/uploads\/2018\/06\/NewCube-IBC-1000-Container-for-General-Liquid-Storage.jpg","type":"image\/jpeg"}],"twitter_card":"summary_large_image","twitter_misc":{"Ansl. lesetid":"1 minutt"},"schema":{"@context":"https:\/\/schema.org","@graph":[{"@type":"WebPage","@id":"https:\/\/ibc.ee\/no\/produkt\/newcube-ibc-1000-1000-liters-mellomstor-vaeskebeholder\/","url":"https:\/\/ibc.ee\/no\/produkt\/newcube-ibc-1000-1000-liters-mellomstor-vaeskebeholder\/","name":"NewCube IBC 1000 \u2013 1000 liters mellomstor v\u00e6skebeholder - IBC konteineri m&uuml;&uuml;k, vaadid, kraanid, mahutid","isPartOf":{"@id":"https:\/\/www.ibc.ee\/no\/#website"},"primaryImageOfPage":{"@id":"https:\/\/ibc.ee\/no\/produkt\/newcube-ibc-1000-1000-liters-mellomstor-vaeskebeholder\/#primaryimage"},"image":{"@id":"https:\/\/ibc.ee\/no\/produkt\/newcube-ibc-1000-1000-liters-mellomstor-vaeskebeholder\/#primaryimage"},"thumbnailUrl":"https:\/\/ibc.ee\/wp-content\/uploads\/2018\/06\/NewCube-IBC-1000-Container-for-General-Liquid-Storage.jpg","datePublished":"2025-04-21T10:04:12+00:00","dateModified":"2025-07-09T14:43:06+00:00","description":"NewCube IBC 1000 er en helt ny 1000-liters v\u00e6sketank, designet for generell bruk der det ikke kreves sertifisering for n\u00e6ringsmidler eller farlige stoffer.","breadcrumb":{"@id":"https:\/\/ibc.ee\/no\/produkt\/newcube-ibc-1000-1000-liters-mellomstor-vaeskebeholder\/#breadcrumb"},"inLanguage":"nb-NO","potentialAction":[{"@type":"ReadAction","target":["https:\/\/ibc.ee\/no\/produkt\/newcube-ibc-1000-1000-liters-mellomstor-vaeskebeholder\/"]}]},{"@type":"ImageObject","inLanguage":"nb-NO","@id":"https:\/\/ibc.ee\/no\/produkt\/newcube-ibc-1000-1000-liters-mellomstor-vaeskebeholder\/#primaryimage","url":"https:\/\/ibc.ee\/wp-content\/uploads\/2018\/06\/NewCube-IBC-1000-Container-for-General-Liquid-Storage.jpg","contentUrl":"https:\/\/ibc.ee\/wp-content\/uploads\/2018\/06\/NewCube-IBC-1000-Container-for-General-Liquid-Storage.jpg","width":1000,"height":1000,"caption":"NewCube IBC 1000 \u2013 Intermediate bulk 1000L container"},{"@type":"BreadcrumbList","@id":"https:\/\/ibc.ee\/no\/produkt\/newcube-ibc-1000-1000-liters-mellomstor-vaeskebeholder\/#breadcrumb","itemListElement":[{"@type":"ListItem","position":1,"name":"\u0413\u043b\u0430\u0432\u043d\u0430\u044f \u0441\u0442\u0440\u0430\u043d\u0438\u0446\u0430","item":"https:\/\/www.ibc.ee\/no\/"},{"@type":"ListItem","position":2,"name":"Butikk","item":"https:\/\/www.ibc.ee\/no\/butikk\/"},{"@type":"ListItem","position":3,"name":"NewCube IBC 1000 \u2013 1000 liters mellomstor v\u00e6skebeholder"}]},{"@type":"WebSite","@id":"https:\/\/www.ibc.ee\/no\/#website","url":"https:\/\/www.ibc.ee\/no\/","name":"IBC konteineri m&uuml;&uuml;k, vaadid, kraanid, mahutid","description":"IBC - Tank container valve, Adapters\\fittings, Intermediate bulk, container, Drums\/cans","potentialAction":[{"@type":"SearchAction","target":{"@type":"EntryPoint","urlTemplate":"https:\/\/www.ibc.ee\/no\/?s={search_term_string}"},"query-input":{"@type":"PropertyValueSpecification","valueRequired":true,"valueName":"search_term_string"}}],"inLanguage":"nb-NO"}]}},"_links":{"self":[{"href":"https:\/\/ibc.ee\/no\/wp-json\/wp\/v2\/product\/22692","targetHints":{"allow":["GET"]}}],"collection":[{"href":"https:\/\/ibc.ee\/no\/wp-json\/wp\/v2\/product"}],"about":[{"href":"https:\/\/ibc.ee\/no\/wp-json\/wp\/v2\/types\/product"}],"wp:featuredmedia":[{"embeddable":true,"href":"https:\/\/ibc.ee\/no\/wp-json\/wp\/v2\/media\/24270"}],"wp:attachment":[{"href":"https:\/\/ibc.ee\/no\/wp-json\/wp\/v2\/media?parent=22692"}],"wp:term":[{"taxonomy":"product_brand","embeddable":true,"href":"https:\/\/ibc.ee\/no\/wp-json\/wp\/v2\/product_brand?post=22692"},{"taxonomy":"product_cat","embeddable":true,"href":"https:\/\/ibc.ee\/no\/wp-json\/wp\/v2\/product_cat?post=22692"},{"taxonomy":"product_tag","embeddable":true,"href":"https:\/\/ibc.ee\/no\/wp-json\/wp\/v2\/product_tag?post=22692"}],"curies":[{"name":"wp","href":"https:\/\/api.w.org\/{rel}","templated":true}]}}