{"id":22732,"date":"2018-06-03T19:22:31","date_gmt":"2025-04-21T10:11:58","guid":{"rendered":"https:\/\/ibc.ee\/product\/ibc-tankbeholderventil-3-tommer-100-mm-dn80-sommerfuglgjenger-s100x8\/"},"modified":"2025-04-21T12:11:58","modified_gmt":"2025-04-21T10:11:58","slug":"ibc-tankbeholderventil-3-tommer-100-mm-dn80-sommerfuglgjenger-s100x8","status":"publish","type":"product","link":"https:\/\/ibc.ee\/no\/produkt\/ibc-tankbeholderventil-3-tommer-100-mm-dn80-sommerfuglgjenger-s100x8\/","title":{"rendered":"IBC-tankbeholderventil 3 tommer 100 mm (DN80) sommerfuglgjenger S100x8"},"content":{"rendered":"<p>IBC-tankbeholder 100 mm (DN80) spjeldventil med gjenger S100x8<\/p>\n<p>Denne nye IBC-ventilen kan du bruke til \u00e5 bytte ut den gamle ventilen eller legge til nedenfor har n\u00e5. Utl\u00f8p 3 tommer eller 100 mm &#8211; st\u00f8rrelse tr\u00e5d for \u00e5 koble til mellomstore bulkcontainere S100X8. IBC Tank Garden Hose Adapter Inlet 100mm DN80 til Outlet Male 3Inch DN80 Butterfly Valve. Produkt Teknisk beskrivelse: Materiale HDPE. Brukes ved temperatur -20 \u2103 ~ +70 \u2103    <\/p>\n<p>Arbeidstrykk &lt; 0,15 mpa<\/p>\n<p>Brukes normalt inntil 2000 ganger.<\/p>\n","protected":false},"excerpt":{"rendered":"<p>IBC-tankbeholder 100 mm (DN80) spjeldventil med gjenger S100x8 Denne nye IBC-ventilen kan du bruke til \u00e5 bytte ut den gamle ventilen eller legge til nedenfor har n\u00e5. Utl\u00f8p 3 tommer eller 100 mm &#8211; st\u00f8rrelse tr\u00e5d for \u00e5 koble til mellomstore bulkcontainere S100X8. IBC Tank Garden Hose Adapter Inlet 100mm DN80 til Outlet Male 3Inch [&hellip;]<\/p>\n","protected":false},"featured_media":22733,"template":"","meta":[],"product_brand":[],"product_cat":[436],"product_tag":[],"class_list":{"0":"post-22732","1":"product","2":"type-product","3":"status-publish","4":"has-post-thumbnail","6":"product_cat-ankbeholderventil-for-ibc-beholder","7":"product_shipping_class-omniva-no","9":"first","10":"instock","11":"taxable","12":"shipping-taxable","13":"purchasable","14":"product-type-simple"},"yoast_head":"<!-- This site is optimized with the Yoast SEO plugin v26.9 - https:\/\/yoast.com\/product\/yoast-seo-wordpress\/ -->\n<title>IBC-tankbeholderventil 3 tommer 100 mm (DN80) sommerfuglgjenger S100x8<\/title>\n<meta name=\"description\" content=\"Denne nye IBC-ventilen (3 tommer 100 mm) kan du bruke til \u00e5 bytte gammel ventil eller legge til nedenfor har n\u00e5. Utl\u00f8p 3 tommer eller 100 mm - st\u00f8rrelse tr\u00e5d for \u00e5 koble til mellomstore bulkcontainere S100X8. IBC Tank Garden Hose Adapter Inlet 100mm DN80 til Outlet Male 3Inch DN80 Butterfly Valve.\" \/>\n<meta name=\"robots\" content=\"index, follow, max-snippet:-1, max-image-preview:large, max-video-preview:-1\" \/>\n<link rel=\"canonical\" href=\"https:\/\/ibc.ee\/no\/produkt\/ibc-tankbeholderventil-3-tommer-100-mm-dn80-sommerfuglgjenger-s100x8\/\" \/>\n<meta property=\"og:locale\" content=\"nb_NO\" \/>\n<meta property=\"og:type\" content=\"article\" \/>\n<meta property=\"og:title\" content=\"IBC-tankbeholderventil 3 tommer 100 mm (DN80) sommerfuglgjenger S100x8\" \/>\n<meta property=\"og:description\" content=\"Denne nye IBC-ventilen (3 tommer 100 mm) kan du bruke til \u00e5 bytte gammel ventil eller legge til nedenfor har n\u00e5. Utl\u00f8p 3 tommer eller 100 mm - st\u00f8rrelse tr\u00e5d for \u00e5 koble til mellomstore bulkcontainere S100X8. IBC Tank Garden Hose Adapter Inlet 100mm DN80 til Outlet Male 3Inch DN80 Butterfly Valve.\" \/>\n<meta property=\"og:url\" content=\"https:\/\/ibc.ee\/no\/produkt\/ibc-tankbeholderventil-3-tommer-100-mm-dn80-sommerfuglgjenger-s100x8\/\" \/>\n<meta property=\"og:site_name\" content=\"IBC konteineri m&uuml;&uuml;k, vaadid, kraanid, mahutid\" \/>\n<meta property=\"og:image\" content=\"https:\/\/ibc.ee\/wp-content\/uploads\/2018\/06\/P5219489.jpg\" \/>\n\t<meta property=\"og:image:width\" content=\"2736\" \/>\n\t<meta property=\"og:image:height\" content=\"2736\" \/>\n\t<meta property=\"og:image:type\" content=\"image\/jpeg\" \/>\n<meta name=\"twitter:card\" content=\"summary_large_image\" \/>\n<script type=\"application\/ld+json\" class=\"yoast-schema-graph\">{\"@context\":\"https:\/\/schema.org\",\"@graph\":[{\"@type\":\"WebPage\",\"@id\":\"https:\/\/ibc.ee\/no\/produkt\/ibc-tankbeholderventil-3-tommer-100-mm-dn80-sommerfuglgjenger-s100x8\/\",\"url\":\"https:\/\/ibc.ee\/no\/produkt\/ibc-tankbeholderventil-3-tommer-100-mm-dn80-sommerfuglgjenger-s100x8\/\",\"name\":\"IBC-tankbeholderventil 3 tommer 100 mm (DN80) sommerfuglgjenger S100x8\",\"isPartOf\":{\"@id\":\"https:\/\/ibc.ee\/no\/#website\"},\"primaryImageOfPage\":{\"@id\":\"https:\/\/ibc.ee\/no\/produkt\/ibc-tankbeholderventil-3-tommer-100-mm-dn80-sommerfuglgjenger-s100x8\/#primaryimage\"},\"image\":{\"@id\":\"https:\/\/ibc.ee\/no\/produkt\/ibc-tankbeholderventil-3-tommer-100-mm-dn80-sommerfuglgjenger-s100x8\/#primaryimage\"},\"thumbnailUrl\":\"https:\/\/ibc.ee\/wp-content\/uploads\/2018\/06\/P5219489.jpg\",\"datePublished\":\"2025-04-21T10:11:58+00:00\",\"description\":\"Denne nye IBC-ventilen (3 tommer 100 mm) kan du bruke til \u00e5 bytte gammel ventil eller legge til nedenfor har n\u00e5. Utl\u00f8p 3 tommer eller 100 mm - st\u00f8rrelse tr\u00e5d for \u00e5 koble til mellomstore bulkcontainere S100X8. IBC Tank Garden Hose Adapter Inlet 100mm DN80 til Outlet Male 3Inch DN80 Butterfly Valve.\",\"breadcrumb\":{\"@id\":\"https:\/\/ibc.ee\/no\/produkt\/ibc-tankbeholderventil-3-tommer-100-mm-dn80-sommerfuglgjenger-s100x8\/#breadcrumb\"},\"inLanguage\":\"nb-NO\",\"potentialAction\":[{\"@type\":\"ReadAction\",\"target\":[\"https:\/\/ibc.ee\/no\/produkt\/ibc-tankbeholderventil-3-tommer-100-mm-dn80-sommerfuglgjenger-s100x8\/\"]}]},{\"@type\":\"ImageObject\",\"inLanguage\":\"nb-NO\",\"@id\":\"https:\/\/ibc.ee\/no\/produkt\/ibc-tankbeholderventil-3-tommer-100-mm-dn80-sommerfuglgjenger-s100x8\/#primaryimage\",\"url\":\"https:\/\/ibc.ee\/wp-content\/uploads\/2018\/06\/P5219489.jpg\",\"contentUrl\":\"https:\/\/ibc.ee\/wp-content\/uploads\/2018\/06\/P5219489.jpg\",\"width\":2736,\"height\":2736},{\"@type\":\"BreadcrumbList\",\"@id\":\"https:\/\/ibc.ee\/no\/produkt\/ibc-tankbeholderventil-3-tommer-100-mm-dn80-sommerfuglgjenger-s100x8\/#breadcrumb\",\"itemListElement\":[{\"@type\":\"ListItem\",\"position\":1,\"name\":\"\u0413\u043b\u0430\u0432\u043d\u0430\u044f \u0441\u0442\u0440\u0430\u043d\u0438\u0446\u0430\",\"item\":\"https:\/\/ibc.ee\/no\/\"},{\"@type\":\"ListItem\",\"position\":2,\"name\":\"Butikk\",\"item\":\"https:\/\/ibc.ee\/no\/butikk\/\"},{\"@type\":\"ListItem\",\"position\":3,\"name\":\"IBC-tankbeholderventil 3 tommer 100 mm (DN80) sommerfuglgjenger S100x8\"}]},{\"@type\":\"WebSite\",\"@id\":\"https:\/\/ibc.ee\/no\/#website\",\"url\":\"https:\/\/ibc.ee\/no\/\",\"name\":\"IBC konteineri m&uuml;&uuml;k, vaadid, kraanid, mahutid\",\"description\":\"IBC - Tank container valve, Adapters\\\\fittings, Intermediate bulk, container, Drums\/cans\",\"potentialAction\":[{\"@type\":\"SearchAction\",\"target\":{\"@type\":\"EntryPoint\",\"urlTemplate\":\"https:\/\/ibc.ee\/no\/?s={search_term_string}\"},\"query-input\":{\"@type\":\"PropertyValueSpecification\",\"valueRequired\":true,\"valueName\":\"search_term_string\"}}],\"inLanguage\":\"nb-NO\"}]}<\/script>\n<!-- \/ Yoast SEO plugin. -->","yoast_head_json":{"title":"IBC-tankbeholderventil 3 tommer 100 mm (DN80) sommerfuglgjenger S100x8","description":"Denne nye IBC-ventilen (3 tommer 100 mm) kan du bruke til \u00e5 bytte gammel ventil eller legge til nedenfor har n\u00e5. Utl\u00f8p 3 tommer eller 100 mm - st\u00f8rrelse tr\u00e5d for \u00e5 koble til mellomstore bulkcontainere S100X8. IBC Tank Garden Hose Adapter Inlet 100mm DN80 til Outlet Male 3Inch DN80 Butterfly Valve.","robots":{"index":"index","follow":"follow","max-snippet":"max-snippet:-1","max-image-preview":"max-image-preview:large","max-video-preview":"max-video-preview:-1"},"canonical":"https:\/\/ibc.ee\/no\/produkt\/ibc-tankbeholderventil-3-tommer-100-mm-dn80-sommerfuglgjenger-s100x8\/","og_locale":"nb_NO","og_type":"article","og_title":"IBC-tankbeholderventil 3 tommer 100 mm (DN80) sommerfuglgjenger S100x8","og_description":"Denne nye IBC-ventilen (3 tommer 100 mm) kan du bruke til \u00e5 bytte gammel ventil eller legge til nedenfor har n\u00e5. Utl\u00f8p 3 tommer eller 100 mm - st\u00f8rrelse tr\u00e5d for \u00e5 koble til mellomstore bulkcontainere S100X8. IBC Tank Garden Hose Adapter Inlet 100mm DN80 til Outlet Male 3Inch DN80 Butterfly Valve.","og_url":"https:\/\/ibc.ee\/no\/produkt\/ibc-tankbeholderventil-3-tommer-100-mm-dn80-sommerfuglgjenger-s100x8\/","og_site_name":"IBC konteineri m&uuml;&uuml;k, vaadid, kraanid, mahutid","og_image":[{"width":2736,"height":2736,"url":"https:\/\/ibc.ee\/wp-content\/uploads\/2018\/06\/P5219489.jpg","type":"image\/jpeg"}],"twitter_card":"summary_large_image","schema":{"@context":"https:\/\/schema.org","@graph":[{"@type":"WebPage","@id":"https:\/\/ibc.ee\/no\/produkt\/ibc-tankbeholderventil-3-tommer-100-mm-dn80-sommerfuglgjenger-s100x8\/","url":"https:\/\/ibc.ee\/no\/produkt\/ibc-tankbeholderventil-3-tommer-100-mm-dn80-sommerfuglgjenger-s100x8\/","name":"IBC-tankbeholderventil 3 tommer 100 mm (DN80) sommerfuglgjenger S100x8","isPartOf":{"@id":"https:\/\/ibc.ee\/no\/#website"},"primaryImageOfPage":{"@id":"https:\/\/ibc.ee\/no\/produkt\/ibc-tankbeholderventil-3-tommer-100-mm-dn80-sommerfuglgjenger-s100x8\/#primaryimage"},"image":{"@id":"https:\/\/ibc.ee\/no\/produkt\/ibc-tankbeholderventil-3-tommer-100-mm-dn80-sommerfuglgjenger-s100x8\/#primaryimage"},"thumbnailUrl":"https:\/\/ibc.ee\/wp-content\/uploads\/2018\/06\/P5219489.jpg","datePublished":"2025-04-21T10:11:58+00:00","description":"Denne nye IBC-ventilen (3 tommer 100 mm) kan du bruke til \u00e5 bytte gammel ventil eller legge til nedenfor har n\u00e5. Utl\u00f8p 3 tommer eller 100 mm - st\u00f8rrelse tr\u00e5d for \u00e5 koble til mellomstore bulkcontainere S100X8. IBC Tank Garden Hose Adapter Inlet 100mm DN80 til Outlet Male 3Inch DN80 Butterfly Valve.","breadcrumb":{"@id":"https:\/\/ibc.ee\/no\/produkt\/ibc-tankbeholderventil-3-tommer-100-mm-dn80-sommerfuglgjenger-s100x8\/#breadcrumb"},"inLanguage":"nb-NO","potentialAction":[{"@type":"ReadAction","target":["https:\/\/ibc.ee\/no\/produkt\/ibc-tankbeholderventil-3-tommer-100-mm-dn80-sommerfuglgjenger-s100x8\/"]}]},{"@type":"ImageObject","inLanguage":"nb-NO","@id":"https:\/\/ibc.ee\/no\/produkt\/ibc-tankbeholderventil-3-tommer-100-mm-dn80-sommerfuglgjenger-s100x8\/#primaryimage","url":"https:\/\/ibc.ee\/wp-content\/uploads\/2018\/06\/P5219489.jpg","contentUrl":"https:\/\/ibc.ee\/wp-content\/uploads\/2018\/06\/P5219489.jpg","width":2736,"height":2736},{"@type":"BreadcrumbList","@id":"https:\/\/ibc.ee\/no\/produkt\/ibc-tankbeholderventil-3-tommer-100-mm-dn80-sommerfuglgjenger-s100x8\/#breadcrumb","itemListElement":[{"@type":"ListItem","position":1,"name":"\u0413\u043b\u0430\u0432\u043d\u0430\u044f \u0441\u0442\u0440\u0430\u043d\u0438\u0446\u0430","item":"https:\/\/ibc.ee\/no\/"},{"@type":"ListItem","position":2,"name":"Butikk","item":"https:\/\/ibc.ee\/no\/butikk\/"},{"@type":"ListItem","position":3,"name":"IBC-tankbeholderventil 3 tommer 100 mm (DN80) sommerfuglgjenger S100x8"}]},{"@type":"WebSite","@id":"https:\/\/ibc.ee\/no\/#website","url":"https:\/\/ibc.ee\/no\/","name":"IBC konteineri m&uuml;&uuml;k, vaadid, kraanid, mahutid","description":"IBC - Tank container valve, Adapters\\fittings, Intermediate bulk, container, Drums\/cans","potentialAction":[{"@type":"SearchAction","target":{"@type":"EntryPoint","urlTemplate":"https:\/\/ibc.ee\/no\/?s={search_term_string}"},"query-input":{"@type":"PropertyValueSpecification","valueRequired":true,"valueName":"search_term_string"}}],"inLanguage":"nb-NO"}]}},"_links":{"self":[{"href":"https:\/\/ibc.ee\/no\/wp-json\/wp\/v2\/product\/22732","targetHints":{"allow":["GET"]}}],"collection":[{"href":"https:\/\/ibc.ee\/no\/wp-json\/wp\/v2\/product"}],"about":[{"href":"https:\/\/ibc.ee\/no\/wp-json\/wp\/v2\/types\/product"}],"wp:featuredmedia":[{"embeddable":true,"href":"https:\/\/ibc.ee\/no\/wp-json\/wp\/v2\/media\/22733"}],"wp:attachment":[{"href":"https:\/\/ibc.ee\/no\/wp-json\/wp\/v2\/media?parent=22732"}],"wp:term":[{"taxonomy":"product_brand","embeddable":true,"href":"https:\/\/ibc.ee\/no\/wp-json\/wp\/v2\/product_brand?post=22732"},{"taxonomy":"product_cat","embeddable":true,"href":"https:\/\/ibc.ee\/no\/wp-json\/wp\/v2\/product_cat?post=22732"},{"taxonomy":"product_tag","embeddable":true,"href":"https:\/\/ibc.ee\/no\/wp-json\/wp\/v2\/product_tag?post=22732"}],"curies":[{"name":"wp","href":"https:\/\/api.w.org\/{rel}","templated":true}]}}