{"id":22952,"date":"2018-08-27T11:00:15","date_gmt":"2025-04-21T12:40:04","guid":{"rendered":"https:\/\/ibc.ee\/product\/ibc-1000l-ibc-mellomstore-bulkcontainere-o\/"},"modified":"2025-07-07T14:41:32","modified_gmt":"2025-07-07T12:41:32","slug":"renewcube-fnfda-sertifisert-omtappet-ibc-1000-beholder","status":"publish","type":"product","link":"https:\/\/ibc.ee\/no\/produkt\/renewcube-fnfda-sertifisert-omtappet-ibc-1000-beholder\/","title":{"rendered":"ReNewCube FN+FDA-sertifisert omtappet IBC 1000-beholder"},"content":{"rendered":"<p><strong>Hva er en &laquo;rebottled&raquo; IBC-beholder?<\/strong><\/p>\n<p>En &laquo;rebottled&raquo; IBC-beholder er en ny plastflaske (innerbeholder) montert i en brukt st\u00e5lramme. V\u00e6sken kommer kun i kontakt med den nye beholderen. Prosessen inkluderer utskifting av innerflasken, samt ny toppkapsel og bunnventil.   <\/p>\n<p><strong>Typiske bruksomr\u00e5der:<\/strong><br \/>\n<strong>Mat- og drikkeindustri<\/strong><br \/>\n&#8211; Sirup, vegetabilske oljer, smaks\u00adkonsentrater<br \/>\n&#8211; Eddik, flytende s\u00f8tningsmidler<br \/>\n&#8211; Ingredienser til drikkevarer (uten kullsyre)<\/p>\n<p><strong>Landbruk og vanning<\/strong><br \/>\n&#8211; Flytende gj\u00f8dsel, n\u00e6ringsl\u00f8sninger<br \/>\n&#8211; Vann til vanning (inkludert drikkevann)<br \/>\n&#8211; Kompost-te, organisk ekstraktlagring<\/p>\n<p><strong>Kjemikalier og industrielle v\u00e6sker<\/strong><br \/>\n&#8211; Rengj\u00f8ringsmidler, ikke-korrosive l\u00f8semidler<br \/>\n&#8211; Vannbaserte malinger og pigmenter<br \/>\n&#8211; Sikker transport av UN-klassifiserte v\u00e6sker<\/p>\n<p><strong>Vannlagring<\/strong><br \/>\n&#8211; Drikkevann (ikke-kommersielt)<br \/>\n&#8211; Innsamling av regnvann til husholdningsbruk<br \/>\n&#8211; N\u00f8dvannforsyning<\/p>\n","protected":false},"excerpt":{"rendered":"<p>Praktisk og kostnadseffektiv l\u00f8sning for sikker, sertifisert v\u00e6skeoppbevaring<br \/>Ideell for brukere som trenger sertifisert hygiene og p\u00e5litelighet, men som \u00f8nsker \u00e5 redusere kostnader og milj\u00f8avtrykk. <\/p>\n<p>Denne rebottled IBC-tanken har en helt ny HDPE innerbeholder produsert av FDA-godkjent n\u00e6ringsmiddelplast, og er fullt UN-sertifisert for lagring og transport av farlige og ikke-farlige v\u00e6sker.<br \/>Den galvaniserte st\u00e5lrammen og pallebasen er gjenbrukt fra en tidligere enhet \u2013 en b\u00e6rekraftig og rimelig l\u00f8sning uten \u00e5 g\u00e5 p\u00e5 kompromiss med sikkerhet eller krav. <\/p>\n","protected":false},"featured_media":24200,"template":"","meta":[],"product_brand":[],"product_cat":[439],"product_tag":[],"class_list":{"0":"post-22952","1":"product","2":"type-product","3":"status-publish","4":"has-post-thumbnail","6":"product_cat-mellom-bulkbeholder-ibc-1000-liter","7":"product_shipping_class-beholdere","9":"first","10":"onbackorder","11":"taxable","12":"shipping-taxable","13":"purchasable","14":"product-type-simple"},"yoast_head":"<!-- This site is optimized with the Yoast SEO plugin v26.9 - https:\/\/yoast.com\/product\/yoast-seo-wordpress\/ -->\n<title>ReNewCube FN+FDA-sertifisert omtappet IBC 1000-beholder - IBC konteineri m&uuml;&uuml;k, vaadid, kraanid, mahutid<\/title>\n<meta name=\"description\" content=\"En rebottled IBC er ny p\u00e5 innsiden, gjenbrukt p\u00e5 utsiden \u2013 den perfekte balansen mellom funksjon, sikkerhet og pris.\" \/>\n<meta name=\"robots\" content=\"index, follow, max-snippet:-1, max-image-preview:large, max-video-preview:-1\" \/>\n<link rel=\"canonical\" href=\"https:\/\/ibc.ee\/no\/produkt\/renewcube-fnfda-sertifisert-omtappet-ibc-1000-beholder\/\" \/>\n<meta property=\"og:locale\" content=\"nb_NO\" \/>\n<meta property=\"og:type\" content=\"article\" \/>\n<meta property=\"og:title\" content=\"ReNewCube FN+FDA-sertifisert omtappet IBC 1000-beholder - IBC konteineri m&uuml;&uuml;k, vaadid, kraanid, mahutid\" \/>\n<meta property=\"og:description\" content=\"En rebottled IBC er ny p\u00e5 innsiden, gjenbrukt p\u00e5 utsiden \u2013 den perfekte balansen mellom funksjon, sikkerhet og pris.\" \/>\n<meta property=\"og:url\" content=\"https:\/\/ibc.ee\/no\/produkt\/renewcube-fnfda-sertifisert-omtappet-ibc-1000-beholder\/\" \/>\n<meta property=\"og:site_name\" content=\"IBC konteineri m&uuml;&uuml;k, vaadid, kraanid, mahutid\" \/>\n<meta property=\"article:modified_time\" content=\"2025-07-07T12:41:32+00:00\" \/>\n<meta property=\"og:image\" content=\"https:\/\/www.ibc.ee\/wp-content\/uploads\/2018\/08\/ReNewCube-UNFDA-certified-rebottled-IBC-1000-container.jpg\" \/>\n\t<meta property=\"og:image:width\" content=\"1000\" \/>\n\t<meta property=\"og:image:height\" content=\"1000\" \/>\n\t<meta property=\"og:image:type\" content=\"image\/jpeg\" \/>\n<meta name=\"twitter:card\" content=\"summary_large_image\" \/>\n<meta name=\"twitter:label1\" content=\"Ansl. lesetid\" \/>\n\t<meta name=\"twitter:data1\" content=\"1 minutt\" \/>\n<script type=\"application\/ld+json\" class=\"yoast-schema-graph\">{\"@context\":\"https:\/\/schema.org\",\"@graph\":[{\"@type\":\"WebPage\",\"@id\":\"https:\/\/ibc.ee\/no\/produkt\/renewcube-fnfda-sertifisert-omtappet-ibc-1000-beholder\/\",\"url\":\"https:\/\/ibc.ee\/no\/produkt\/renewcube-fnfda-sertifisert-omtappet-ibc-1000-beholder\/\",\"name\":\"ReNewCube FN+FDA-sertifisert omtappet IBC 1000-beholder - IBC konteineri m&uuml;&uuml;k, vaadid, kraanid, mahutid\",\"isPartOf\":{\"@id\":\"https:\/\/www.ibc.ee\/no\/#website\"},\"primaryImageOfPage\":{\"@id\":\"https:\/\/ibc.ee\/no\/produkt\/renewcube-fnfda-sertifisert-omtappet-ibc-1000-beholder\/#primaryimage\"},\"image\":{\"@id\":\"https:\/\/ibc.ee\/no\/produkt\/renewcube-fnfda-sertifisert-omtappet-ibc-1000-beholder\/#primaryimage\"},\"thumbnailUrl\":\"https:\/\/ibc.ee\/wp-content\/uploads\/2018\/08\/ReNewCube-UNFDA-certified-rebottled-IBC-1000-container.jpg\",\"datePublished\":\"2025-04-21T12:40:04+00:00\",\"dateModified\":\"2025-07-07T12:41:32+00:00\",\"description\":\"En rebottled IBC er ny p\u00e5 innsiden, gjenbrukt p\u00e5 utsiden \u2013 den perfekte balansen mellom funksjon, sikkerhet og pris.\",\"breadcrumb\":{\"@id\":\"https:\/\/ibc.ee\/no\/produkt\/renewcube-fnfda-sertifisert-omtappet-ibc-1000-beholder\/#breadcrumb\"},\"inLanguage\":\"nb-NO\",\"potentialAction\":[{\"@type\":\"ReadAction\",\"target\":[\"https:\/\/ibc.ee\/no\/produkt\/renewcube-fnfda-sertifisert-omtappet-ibc-1000-beholder\/\"]}]},{\"@type\":\"ImageObject\",\"inLanguage\":\"nb-NO\",\"@id\":\"https:\/\/ibc.ee\/no\/produkt\/renewcube-fnfda-sertifisert-omtappet-ibc-1000-beholder\/#primaryimage\",\"url\":\"https:\/\/ibc.ee\/wp-content\/uploads\/2018\/08\/ReNewCube-UNFDA-certified-rebottled-IBC-1000-container.jpg\",\"contentUrl\":\"https:\/\/ibc.ee\/wp-content\/uploads\/2018\/08\/ReNewCube-UNFDA-certified-rebottled-IBC-1000-container.jpg\",\"width\":1000,\"height\":1000,\"caption\":\"ReNewCube UN+FDA certified rebottled IBC 1000 container\"},{\"@type\":\"BreadcrumbList\",\"@id\":\"https:\/\/ibc.ee\/no\/produkt\/renewcube-fnfda-sertifisert-omtappet-ibc-1000-beholder\/#breadcrumb\",\"itemListElement\":[{\"@type\":\"ListItem\",\"position\":1,\"name\":\"\u0413\u043b\u0430\u0432\u043d\u0430\u044f \u0441\u0442\u0440\u0430\u043d\u0438\u0446\u0430\",\"item\":\"https:\/\/www.ibc.ee\/no\/\"},{\"@type\":\"ListItem\",\"position\":2,\"name\":\"Butikk\",\"item\":\"https:\/\/www.ibc.ee\/no\/butikk\/\"},{\"@type\":\"ListItem\",\"position\":3,\"name\":\"ReNewCube FN+FDA-sertifisert omtappet IBC 1000-beholder\"}]},{\"@type\":\"WebSite\",\"@id\":\"https:\/\/www.ibc.ee\/no\/#website\",\"url\":\"https:\/\/www.ibc.ee\/no\/\",\"name\":\"IBC konteineri m&uuml;&uuml;k, vaadid, kraanid, mahutid\",\"description\":\"IBC - Tank container valve, Adapters\\\\fittings, Intermediate bulk, container, Drums\/cans\",\"potentialAction\":[{\"@type\":\"SearchAction\",\"target\":{\"@type\":\"EntryPoint\",\"urlTemplate\":\"https:\/\/www.ibc.ee\/no\/?s={search_term_string}\"},\"query-input\":{\"@type\":\"PropertyValueSpecification\",\"valueRequired\":true,\"valueName\":\"search_term_string\"}}],\"inLanguage\":\"nb-NO\"}]}<\/script>\n<!-- \/ Yoast SEO plugin. -->","yoast_head_json":{"title":"ReNewCube FN+FDA-sertifisert omtappet IBC 1000-beholder - IBC konteineri m&uuml;&uuml;k, vaadid, kraanid, mahutid","description":"En rebottled IBC er ny p\u00e5 innsiden, gjenbrukt p\u00e5 utsiden \u2013 den perfekte balansen mellom funksjon, sikkerhet og pris.","robots":{"index":"index","follow":"follow","max-snippet":"max-snippet:-1","max-image-preview":"max-image-preview:large","max-video-preview":"max-video-preview:-1"},"canonical":"https:\/\/ibc.ee\/no\/produkt\/renewcube-fnfda-sertifisert-omtappet-ibc-1000-beholder\/","og_locale":"nb_NO","og_type":"article","og_title":"ReNewCube FN+FDA-sertifisert omtappet IBC 1000-beholder - IBC konteineri m&uuml;&uuml;k, vaadid, kraanid, mahutid","og_description":"En rebottled IBC er ny p\u00e5 innsiden, gjenbrukt p\u00e5 utsiden \u2013 den perfekte balansen mellom funksjon, sikkerhet og pris.","og_url":"https:\/\/ibc.ee\/no\/produkt\/renewcube-fnfda-sertifisert-omtappet-ibc-1000-beholder\/","og_site_name":"IBC konteineri m&uuml;&uuml;k, vaadid, kraanid, mahutid","article_modified_time":"2025-07-07T12:41:32+00:00","og_image":[{"width":1000,"height":1000,"url":"https:\/\/www.ibc.ee\/wp-content\/uploads\/2018\/08\/ReNewCube-UNFDA-certified-rebottled-IBC-1000-container.jpg","type":"image\/jpeg"}],"twitter_card":"summary_large_image","twitter_misc":{"Ansl. lesetid":"1 minutt"},"schema":{"@context":"https:\/\/schema.org","@graph":[{"@type":"WebPage","@id":"https:\/\/ibc.ee\/no\/produkt\/renewcube-fnfda-sertifisert-omtappet-ibc-1000-beholder\/","url":"https:\/\/ibc.ee\/no\/produkt\/renewcube-fnfda-sertifisert-omtappet-ibc-1000-beholder\/","name":"ReNewCube FN+FDA-sertifisert omtappet IBC 1000-beholder - IBC konteineri m&uuml;&uuml;k, vaadid, kraanid, mahutid","isPartOf":{"@id":"https:\/\/www.ibc.ee\/no\/#website"},"primaryImageOfPage":{"@id":"https:\/\/ibc.ee\/no\/produkt\/renewcube-fnfda-sertifisert-omtappet-ibc-1000-beholder\/#primaryimage"},"image":{"@id":"https:\/\/ibc.ee\/no\/produkt\/renewcube-fnfda-sertifisert-omtappet-ibc-1000-beholder\/#primaryimage"},"thumbnailUrl":"https:\/\/ibc.ee\/wp-content\/uploads\/2018\/08\/ReNewCube-UNFDA-certified-rebottled-IBC-1000-container.jpg","datePublished":"2025-04-21T12:40:04+00:00","dateModified":"2025-07-07T12:41:32+00:00","description":"En rebottled IBC er ny p\u00e5 innsiden, gjenbrukt p\u00e5 utsiden \u2013 den perfekte balansen mellom funksjon, sikkerhet og pris.","breadcrumb":{"@id":"https:\/\/ibc.ee\/no\/produkt\/renewcube-fnfda-sertifisert-omtappet-ibc-1000-beholder\/#breadcrumb"},"inLanguage":"nb-NO","potentialAction":[{"@type":"ReadAction","target":["https:\/\/ibc.ee\/no\/produkt\/renewcube-fnfda-sertifisert-omtappet-ibc-1000-beholder\/"]}]},{"@type":"ImageObject","inLanguage":"nb-NO","@id":"https:\/\/ibc.ee\/no\/produkt\/renewcube-fnfda-sertifisert-omtappet-ibc-1000-beholder\/#primaryimage","url":"https:\/\/ibc.ee\/wp-content\/uploads\/2018\/08\/ReNewCube-UNFDA-certified-rebottled-IBC-1000-container.jpg","contentUrl":"https:\/\/ibc.ee\/wp-content\/uploads\/2018\/08\/ReNewCube-UNFDA-certified-rebottled-IBC-1000-container.jpg","width":1000,"height":1000,"caption":"ReNewCube UN+FDA certified rebottled IBC 1000 container"},{"@type":"BreadcrumbList","@id":"https:\/\/ibc.ee\/no\/produkt\/renewcube-fnfda-sertifisert-omtappet-ibc-1000-beholder\/#breadcrumb","itemListElement":[{"@type":"ListItem","position":1,"name":"\u0413\u043b\u0430\u0432\u043d\u0430\u044f \u0441\u0442\u0440\u0430\u043d\u0438\u0446\u0430","item":"https:\/\/www.ibc.ee\/no\/"},{"@type":"ListItem","position":2,"name":"Butikk","item":"https:\/\/www.ibc.ee\/no\/butikk\/"},{"@type":"ListItem","position":3,"name":"ReNewCube FN+FDA-sertifisert omtappet IBC 1000-beholder"}]},{"@type":"WebSite","@id":"https:\/\/www.ibc.ee\/no\/#website","url":"https:\/\/www.ibc.ee\/no\/","name":"IBC konteineri m&uuml;&uuml;k, vaadid, kraanid, mahutid","description":"IBC - Tank container valve, Adapters\\fittings, Intermediate bulk, container, Drums\/cans","potentialAction":[{"@type":"SearchAction","target":{"@type":"EntryPoint","urlTemplate":"https:\/\/www.ibc.ee\/no\/?s={search_term_string}"},"query-input":{"@type":"PropertyValueSpecification","valueRequired":true,"valueName":"search_term_string"}}],"inLanguage":"nb-NO"}]}},"_links":{"self":[{"href":"https:\/\/ibc.ee\/no\/wp-json\/wp\/v2\/product\/22952","targetHints":{"allow":["GET"]}}],"collection":[{"href":"https:\/\/ibc.ee\/no\/wp-json\/wp\/v2\/product"}],"about":[{"href":"https:\/\/ibc.ee\/no\/wp-json\/wp\/v2\/types\/product"}],"wp:featuredmedia":[{"embeddable":true,"href":"https:\/\/ibc.ee\/no\/wp-json\/wp\/v2\/media\/24200"}],"wp:attachment":[{"href":"https:\/\/ibc.ee\/no\/wp-json\/wp\/v2\/media?parent=22952"}],"wp:term":[{"taxonomy":"product_brand","embeddable":true,"href":"https:\/\/ibc.ee\/no\/wp-json\/wp\/v2\/product_brand?post=22952"},{"taxonomy":"product_cat","embeddable":true,"href":"https:\/\/ibc.ee\/no\/wp-json\/wp\/v2\/product_cat?post=22952"},{"taxonomy":"product_tag","embeddable":true,"href":"https:\/\/ibc.ee\/no\/wp-json\/wp\/v2\/product_tag?post=22952"}],"curies":[{"name":"wp","href":"https:\/\/api.w.org\/{rel}","templated":true}]}}