{"id":22958,"date":"2018-09-08T13:53:48","date_gmt":"2025-04-21T12:40:05","guid":{"rendered":"https:\/\/ibc.ee\/product\/th-plastkanne-220l-200-liter-tidligere-brukt\/"},"modified":"2025-06-26T14:27:54","modified_gmt":"2025-06-26T12:27:54","slug":"th-plastkanne-220l-200-liter-tidligere-brukt","status":"publish","type":"product","link":"https:\/\/ibc.ee\/no\/produkt\/th-plastkanne-220l-200-liter-tidligere-brukt\/","title":{"rendered":"TH plastkanne 220L 200 liter (tidligere brukt)"},"content":{"rendered":"<p>TH plastkanne 220L\/200 liter er laget av industriell styrke av h\u00f8ymolekyl\u00e6r polyetylenplast (HMWPE) som ligner p\u00e5 HDPE, men er mer holdbar, med ekstra tykke vegger for \u00e5 gi overlegen ytelse og lang holdbarhet. Den s\u00f8ml\u00f8se konstruksjonen til dette lukkede fatet er egnet for utend\u00f8rs bruk. Kan brukes som regnt\u00f8nne, flytende t\u00f8nne eller b\u00f8ye, eller som oppbevaringsbeholder for kjemikalier, oljer og annet.  <\/p>\n","protected":false},"excerpt":{"rendered":"<p>TH plastkanne 220L\/200 liter er laget av industriell styrke av h\u00f8ymolekyl\u00e6r polyetylenplast (HMWPE) som ligner p\u00e5 HDPE, men er mer holdbar, med ekstra tykke vegger for \u00e5 gi overlegen ytelse og lang holdbarhet. Den s\u00f8ml\u00f8se konstruksjonen til dette lukkede fatet er egnet for utend\u00f8rs bruk. Kan brukes som regnt\u00f8nne, flytende t\u00f8nne eller b\u00f8ye, eller som [&hellip;]<\/p>\n","protected":false},"featured_media":22959,"template":"","meta":[],"product_brand":[],"product_cat":[440],"product_tag":[],"class_list":{"0":"post-22958","1":"product","2":"type-product","3":"status-publish","4":"has-post-thumbnail","6":"product_cat-trommer-og-bokser","7":"product_shipping_class-trommer-og-bokser","9":"first","10":"onbackorder","11":"taxable","12":"shipping-taxable","13":"purchasable","14":"product-type-simple"},"yoast_head":"<!-- This site is optimized with the Yoast SEO plugin v26.9 - https:\/\/yoast.com\/product\/yoast-seo-wordpress\/ -->\n<title>TH plastkanne 220L 200 liter (tidligere brukt) - IBC konteineri m&uuml;&uuml;k, vaadid, kraanid, mahutid<\/title>\n<meta name=\"description\" content=\"TH plastkanne 220L\/200 liter er laget av h\u00f8ymolekyl\u00e6rt polyetylen (HMWPE) med ekstra tykke vegger for \u00e5 gi overlegen ytelse og lang holdbarhet.\" \/>\n<meta name=\"robots\" content=\"index, follow, max-snippet:-1, max-image-preview:large, max-video-preview:-1\" \/>\n<link rel=\"canonical\" href=\"https:\/\/ibc.ee\/no\/produkt\/th-plastkanne-220l-200-liter-tidligere-brukt\/\" \/>\n<meta property=\"og:locale\" content=\"nb_NO\" \/>\n<meta property=\"og:type\" content=\"article\" \/>\n<meta property=\"og:title\" content=\"TH plastkanne 220L 200 liter (tidligere brukt) - IBC konteineri m&uuml;&uuml;k, vaadid, kraanid, mahutid\" \/>\n<meta property=\"og:description\" content=\"TH plastkanne 220L\/200 liter er laget av h\u00f8ymolekyl\u00e6rt polyetylen (HMWPE) med ekstra tykke vegger for \u00e5 gi overlegen ytelse og lang holdbarhet.\" \/>\n<meta property=\"og:url\" content=\"https:\/\/ibc.ee\/no\/produkt\/th-plastkanne-220l-200-liter-tidligere-brukt\/\" \/>\n<meta property=\"og:site_name\" content=\"IBC konteineri m&uuml;&uuml;k, vaadid, kraanid, mahutid\" \/>\n<meta property=\"article:modified_time\" content=\"2025-06-26T12:27:54+00:00\" \/>\n<meta property=\"og:image\" content=\"https:\/\/ibc.ee\/wp-content\/uploads\/2018\/09\/TH-plastik-vaat-220L-200-lit.jpg\" \/>\n\t<meta property=\"og:image:width\" content=\"500\" \/>\n\t<meta property=\"og:image:height\" content=\"500\" \/>\n\t<meta property=\"og:image:type\" content=\"image\/jpeg\" \/>\n<meta name=\"twitter:card\" content=\"summary_large_image\" \/>\n<meta name=\"twitter:label1\" content=\"Ansl. lesetid\" \/>\n\t<meta name=\"twitter:data1\" content=\"1 minutt\" \/>\n<script type=\"application\/ld+json\" class=\"yoast-schema-graph\">{\"@context\":\"https:\/\/schema.org\",\"@graph\":[{\"@type\":\"WebPage\",\"@id\":\"https:\/\/ibc.ee\/no\/produkt\/th-plastkanne-220l-200-liter-tidligere-brukt\/\",\"url\":\"https:\/\/ibc.ee\/no\/produkt\/th-plastkanne-220l-200-liter-tidligere-brukt\/\",\"name\":\"TH plastkanne 220L 200 liter (tidligere brukt) - IBC konteineri m&uuml;&uuml;k, vaadid, kraanid, mahutid\",\"isPartOf\":{\"@id\":\"https:\/\/www.ibc.ee\/no\/#website\"},\"primaryImageOfPage\":{\"@id\":\"https:\/\/ibc.ee\/no\/produkt\/th-plastkanne-220l-200-liter-tidligere-brukt\/#primaryimage\"},\"image\":{\"@id\":\"https:\/\/ibc.ee\/no\/produkt\/th-plastkanne-220l-200-liter-tidligere-brukt\/#primaryimage\"},\"thumbnailUrl\":\"https:\/\/ibc.ee\/wp-content\/uploads\/2018\/09\/TH-plastik-vaat-220L-200-lit.jpg\",\"datePublished\":\"2025-04-21T12:40:05+00:00\",\"dateModified\":\"2025-06-26T12:27:54+00:00\",\"description\":\"TH plastkanne 220L\/200 liter er laget av h\u00f8ymolekyl\u00e6rt polyetylen (HMWPE) med ekstra tykke vegger for \u00e5 gi overlegen ytelse og lang holdbarhet.\",\"breadcrumb\":{\"@id\":\"https:\/\/ibc.ee\/no\/produkt\/th-plastkanne-220l-200-liter-tidligere-brukt\/#breadcrumb\"},\"inLanguage\":\"nb-NO\",\"potentialAction\":[{\"@type\":\"ReadAction\",\"target\":[\"https:\/\/ibc.ee\/no\/produkt\/th-plastkanne-220l-200-liter-tidligere-brukt\/\"]}]},{\"@type\":\"ImageObject\",\"inLanguage\":\"nb-NO\",\"@id\":\"https:\/\/ibc.ee\/no\/produkt\/th-plastkanne-220l-200-liter-tidligere-brukt\/#primaryimage\",\"url\":\"https:\/\/ibc.ee\/wp-content\/uploads\/2018\/09\/TH-plastik-vaat-220L-200-lit.jpg\",\"contentUrl\":\"https:\/\/ibc.ee\/wp-content\/uploads\/2018\/09\/TH-plastik-vaat-220L-200-lit.jpg\",\"width\":500,\"height\":500},{\"@type\":\"BreadcrumbList\",\"@id\":\"https:\/\/ibc.ee\/no\/produkt\/th-plastkanne-220l-200-liter-tidligere-brukt\/#breadcrumb\",\"itemListElement\":[{\"@type\":\"ListItem\",\"position\":1,\"name\":\"\u0413\u043b\u0430\u0432\u043d\u0430\u044f \u0441\u0442\u0440\u0430\u043d\u0438\u0446\u0430\",\"item\":\"https:\/\/www.ibc.ee\/no\/\"},{\"@type\":\"ListItem\",\"position\":2,\"name\":\"Butikk\",\"item\":\"https:\/\/www.ibc.ee\/no\/butikk\/\"},{\"@type\":\"ListItem\",\"position\":3,\"name\":\"TH plastkanne 220L 200 liter (tidligere brukt)\"}]},{\"@type\":\"WebSite\",\"@id\":\"https:\/\/www.ibc.ee\/no\/#website\",\"url\":\"https:\/\/www.ibc.ee\/no\/\",\"name\":\"IBC konteineri m&uuml;&uuml;k, vaadid, kraanid, mahutid\",\"description\":\"IBC - Tank container valve, Adapters\\\\fittings, Intermediate bulk, container, Drums\/cans\",\"potentialAction\":[{\"@type\":\"SearchAction\",\"target\":{\"@type\":\"EntryPoint\",\"urlTemplate\":\"https:\/\/www.ibc.ee\/no\/?s={search_term_string}\"},\"query-input\":{\"@type\":\"PropertyValueSpecification\",\"valueRequired\":true,\"valueName\":\"search_term_string\"}}],\"inLanguage\":\"nb-NO\"}]}<\/script>\n<!-- \/ Yoast SEO plugin. -->","yoast_head_json":{"title":"TH plastkanne 220L 200 liter (tidligere brukt) - IBC konteineri m&uuml;&uuml;k, vaadid, kraanid, mahutid","description":"TH plastkanne 220L\/200 liter er laget av h\u00f8ymolekyl\u00e6rt polyetylen (HMWPE) med ekstra tykke vegger for \u00e5 gi overlegen ytelse og lang holdbarhet.","robots":{"index":"index","follow":"follow","max-snippet":"max-snippet:-1","max-image-preview":"max-image-preview:large","max-video-preview":"max-video-preview:-1"},"canonical":"https:\/\/ibc.ee\/no\/produkt\/th-plastkanne-220l-200-liter-tidligere-brukt\/","og_locale":"nb_NO","og_type":"article","og_title":"TH plastkanne 220L 200 liter (tidligere brukt) - IBC konteineri m&uuml;&uuml;k, vaadid, kraanid, mahutid","og_description":"TH plastkanne 220L\/200 liter er laget av h\u00f8ymolekyl\u00e6rt polyetylen (HMWPE) med ekstra tykke vegger for \u00e5 gi overlegen ytelse og lang holdbarhet.","og_url":"https:\/\/ibc.ee\/no\/produkt\/th-plastkanne-220l-200-liter-tidligere-brukt\/","og_site_name":"IBC konteineri m&uuml;&uuml;k, vaadid, kraanid, mahutid","article_modified_time":"2025-06-26T12:27:54+00:00","og_image":[{"width":500,"height":500,"url":"https:\/\/ibc.ee\/wp-content\/uploads\/2018\/09\/TH-plastik-vaat-220L-200-lit.jpg","type":"image\/jpeg"}],"twitter_card":"summary_large_image","twitter_misc":{"Ansl. lesetid":"1 minutt"},"schema":{"@context":"https:\/\/schema.org","@graph":[{"@type":"WebPage","@id":"https:\/\/ibc.ee\/no\/produkt\/th-plastkanne-220l-200-liter-tidligere-brukt\/","url":"https:\/\/ibc.ee\/no\/produkt\/th-plastkanne-220l-200-liter-tidligere-brukt\/","name":"TH plastkanne 220L 200 liter (tidligere brukt) - IBC konteineri m&uuml;&uuml;k, vaadid, kraanid, mahutid","isPartOf":{"@id":"https:\/\/www.ibc.ee\/no\/#website"},"primaryImageOfPage":{"@id":"https:\/\/ibc.ee\/no\/produkt\/th-plastkanne-220l-200-liter-tidligere-brukt\/#primaryimage"},"image":{"@id":"https:\/\/ibc.ee\/no\/produkt\/th-plastkanne-220l-200-liter-tidligere-brukt\/#primaryimage"},"thumbnailUrl":"https:\/\/ibc.ee\/wp-content\/uploads\/2018\/09\/TH-plastik-vaat-220L-200-lit.jpg","datePublished":"2025-04-21T12:40:05+00:00","dateModified":"2025-06-26T12:27:54+00:00","description":"TH plastkanne 220L\/200 liter er laget av h\u00f8ymolekyl\u00e6rt polyetylen (HMWPE) med ekstra tykke vegger for \u00e5 gi overlegen ytelse og lang holdbarhet.","breadcrumb":{"@id":"https:\/\/ibc.ee\/no\/produkt\/th-plastkanne-220l-200-liter-tidligere-brukt\/#breadcrumb"},"inLanguage":"nb-NO","potentialAction":[{"@type":"ReadAction","target":["https:\/\/ibc.ee\/no\/produkt\/th-plastkanne-220l-200-liter-tidligere-brukt\/"]}]},{"@type":"ImageObject","inLanguage":"nb-NO","@id":"https:\/\/ibc.ee\/no\/produkt\/th-plastkanne-220l-200-liter-tidligere-brukt\/#primaryimage","url":"https:\/\/ibc.ee\/wp-content\/uploads\/2018\/09\/TH-plastik-vaat-220L-200-lit.jpg","contentUrl":"https:\/\/ibc.ee\/wp-content\/uploads\/2018\/09\/TH-plastik-vaat-220L-200-lit.jpg","width":500,"height":500},{"@type":"BreadcrumbList","@id":"https:\/\/ibc.ee\/no\/produkt\/th-plastkanne-220l-200-liter-tidligere-brukt\/#breadcrumb","itemListElement":[{"@type":"ListItem","position":1,"name":"\u0413\u043b\u0430\u0432\u043d\u0430\u044f \u0441\u0442\u0440\u0430\u043d\u0438\u0446\u0430","item":"https:\/\/www.ibc.ee\/no\/"},{"@type":"ListItem","position":2,"name":"Butikk","item":"https:\/\/www.ibc.ee\/no\/butikk\/"},{"@type":"ListItem","position":3,"name":"TH plastkanne 220L 200 liter (tidligere brukt)"}]},{"@type":"WebSite","@id":"https:\/\/www.ibc.ee\/no\/#website","url":"https:\/\/www.ibc.ee\/no\/","name":"IBC konteineri m&uuml;&uuml;k, vaadid, kraanid, mahutid","description":"IBC - Tank container valve, Adapters\\fittings, Intermediate bulk, container, Drums\/cans","potentialAction":[{"@type":"SearchAction","target":{"@type":"EntryPoint","urlTemplate":"https:\/\/www.ibc.ee\/no\/?s={search_term_string}"},"query-input":{"@type":"PropertyValueSpecification","valueRequired":true,"valueName":"search_term_string"}}],"inLanguage":"nb-NO"}]}},"_links":{"self":[{"href":"https:\/\/ibc.ee\/no\/wp-json\/wp\/v2\/product\/22958","targetHints":{"allow":["GET"]}}],"collection":[{"href":"https:\/\/ibc.ee\/no\/wp-json\/wp\/v2\/product"}],"about":[{"href":"https:\/\/ibc.ee\/no\/wp-json\/wp\/v2\/types\/product"}],"wp:featuredmedia":[{"embeddable":true,"href":"https:\/\/ibc.ee\/no\/wp-json\/wp\/v2\/media\/22959"}],"wp:attachment":[{"href":"https:\/\/ibc.ee\/no\/wp-json\/wp\/v2\/media?parent=22958"}],"wp:term":[{"taxonomy":"product_brand","embeddable":true,"href":"https:\/\/ibc.ee\/no\/wp-json\/wp\/v2\/product_brand?post=22958"},{"taxonomy":"product_cat","embeddable":true,"href":"https:\/\/ibc.ee\/no\/wp-json\/wp\/v2\/product_cat?post=22958"},{"taxonomy":"product_tag","embeddable":true,"href":"https:\/\/ibc.ee\/no\/wp-json\/wp\/v2\/product_tag?post=22958"}],"curies":[{"name":"wp","href":"https:\/\/api.w.org\/{rel}","templated":true}]}}