{"id":22968,"date":"2018-08-26T08:32:35","date_gmt":"2025-04-21T12:50:03","guid":{"rendered":"https:\/\/ibc.ee\/product\/ibc-1000l-ibc-mellomstore-bulkcontainere-n\/"},"modified":"2025-07-08T12:37:11","modified_gmt":"2025-07-08T10:37:11","slug":"newcube-un-ibc-1000-ny-beholder-med-un-sertifikat","status":"publish","type":"product","link":"https:\/\/ibc.ee\/no\/produkt\/newcube-un-ibc-1000-ny-beholder-med-un-sertifikat\/","title":{"rendered":"NewCube UN IBC 1000 \u2013 Ny beholder med UN-sertifikat"},"content":{"rendered":"<p><strong>Ny IBC 1000L-beholder \u2013 UN-sertifisert for farlige og industrielle v\u00e6sker<\/strong><\/p>\n<p><em>Ideell for profesjonelle som trenger en trygg og sertifisert l\u00f8sning for transport og lagring av kjemikalier, tekniske v\u00e6sker eller regulerte stoffer.<\/em><\/p>\n<p><strong>Typiske bruksomr\u00e5der<\/strong><br \/>\n<strong>Kjemisk og industriell bruk<\/strong><br \/>\n&#8211; L\u00f8semidler, rengj\u00f8ringsmidler, syrer, baser<br \/>\n&#8211; Sm\u00f8remidler, belegg, blekk, fargestoffer<br \/>\n&#8211; Avl\u00f8psvann, skyllev\u00e6sker, n\u00f8ytraliseringsmidler<\/p>\n<p><strong>Bygg og produksjon<\/strong><br \/>\n&#8211; Betongtilsetninger, formslippoljer<br \/>\n&#8211; Bitumen og vanntettingsprodukter<br \/>\n&#8211; Vaskevann og oppsamling av rester<\/p>\n<p><strong>Landbruk og hagebruk<\/strong><br \/>\n&#8211; Flytende gj\u00f8dsel, plantevernmidler<br \/>\n&#8211; Avkalkingsv\u00e6sker, plantevernblandinger<br \/>\n&#8211; Vanningskjemikalier, kompost-te<\/p>\n<p><strong>Bil og tekniske v\u00e6sker<\/strong><br \/>\n&#8211; Kj\u00f8lev\u00e6sker, frostv\u00e6ske, bremsev\u00e6ske<br \/>\n&#8211; Tilsetningsstoffer til diesel og drivstoff<br \/>\n&#8211; Oppsamling av spillolje og brukte v\u00e6sker<\/p>\n","protected":false},"excerpt":{"rendered":"<p>Denne helt nye 1000-liters IBC-beholderen (Intermediate Bulk Container) er fullt UN-sertifisert for trygg transport og lagring av b\u00e5de farlige og ufarlige v\u00e6sker.<br \/>Den er perfekt egnet for profesjonell og industriell bruk.<\/p>\n<p>Beholderen har en h\u00f8ykvalitets HDPE innerbeholder (h\u00f8ytetthets\u00adpolyetylen), en galvanisert st\u00e5lkonstruksjon, samt pallbase som er kompatibel med gaffeltruck og jekketralle.<br \/>Den er utviklet i henhold til internasjonale sikkerhetsstandarder, og gir h\u00f8y kjemikaliebestandighet, robusthet og regulatorisk trygghet. <\/p>\n","protected":false},"featured_media":24226,"template":"","meta":[],"product_brand":[],"product_cat":[439],"product_tag":[],"class_list":{"0":"post-22968","1":"product","2":"type-product","3":"status-publish","4":"has-post-thumbnail","6":"product_cat-mellom-bulkbeholder-ibc-1000-liter","7":"product_shipping_class-beholdere","9":"first","10":"onbackorder","11":"taxable","12":"shipping-taxable","13":"purchasable","14":"product-type-simple"},"yoast_head":"<!-- This site is optimized with the Yoast SEO plugin v26.9 - https:\/\/yoast.com\/product\/yoast-seo-wordpress\/ -->\n<title>NewCube UN IBC 1000 \u2013 Ny beholder med UN-sertifikat - IBC konteineri m&uuml;&uuml;k, vaadid, kraanid, mahutid<\/title>\n<meta name=\"description\" content=\"Denne helt nye 1000-liters IBC-beholderen er fullt UN-sertifisert for trygg transport og lagring av b\u00e5de farlige og ufarlige v\u00e6sker.\" \/>\n<meta name=\"robots\" content=\"index, follow, max-snippet:-1, max-image-preview:large, max-video-preview:-1\" \/>\n<link rel=\"canonical\" href=\"https:\/\/ibc.ee\/no\/produkt\/newcube-un-ibc-1000-ny-beholder-med-un-sertifikat\/\" \/>\n<meta property=\"og:locale\" content=\"nb_NO\" \/>\n<meta property=\"og:type\" content=\"article\" \/>\n<meta property=\"og:title\" content=\"NewCube UN IBC 1000 \u2013 Ny beholder med UN-sertifikat - IBC konteineri m&uuml;&uuml;k, vaadid, kraanid, mahutid\" \/>\n<meta property=\"og:description\" content=\"Denne helt nye 1000-liters IBC-beholderen er fullt UN-sertifisert for trygg transport og lagring av b\u00e5de farlige og ufarlige v\u00e6sker.\" \/>\n<meta property=\"og:url\" content=\"https:\/\/ibc.ee\/no\/produkt\/newcube-un-ibc-1000-ny-beholder-med-un-sertifikat\/\" \/>\n<meta property=\"og:site_name\" content=\"IBC konteineri m&uuml;&uuml;k, vaadid, kraanid, mahutid\" \/>\n<meta property=\"article:modified_time\" content=\"2025-07-08T10:37:11+00:00\" \/>\n<meta property=\"og:image\" content=\"https:\/\/ibc.ee\/wp-content\/uploads\/2018\/08\/NewCube-UN-IBC-1000-new-container-UN-approved.jpg\" \/>\n\t<meta property=\"og:image:width\" content=\"1000\" \/>\n\t<meta property=\"og:image:height\" content=\"1000\" \/>\n\t<meta property=\"og:image:type\" content=\"image\/jpeg\" \/>\n<meta name=\"twitter:card\" content=\"summary_large_image\" \/>\n<meta name=\"twitter:label1\" content=\"Ansl. lesetid\" \/>\n\t<meta name=\"twitter:data1\" content=\"1 minutt\" \/>\n<script type=\"application\/ld+json\" class=\"yoast-schema-graph\">{\"@context\":\"https:\/\/schema.org\",\"@graph\":[{\"@type\":\"WebPage\",\"@id\":\"https:\/\/ibc.ee\/no\/produkt\/newcube-un-ibc-1000-ny-beholder-med-un-sertifikat\/\",\"url\":\"https:\/\/ibc.ee\/no\/produkt\/newcube-un-ibc-1000-ny-beholder-med-un-sertifikat\/\",\"name\":\"NewCube UN IBC 1000 \u2013 Ny beholder med UN-sertifikat - IBC konteineri m&uuml;&uuml;k, vaadid, kraanid, mahutid\",\"isPartOf\":{\"@id\":\"https:\/\/ibc.ee\/no\/#website\"},\"primaryImageOfPage\":{\"@id\":\"https:\/\/ibc.ee\/no\/produkt\/newcube-un-ibc-1000-ny-beholder-med-un-sertifikat\/#primaryimage\"},\"image\":{\"@id\":\"https:\/\/ibc.ee\/no\/produkt\/newcube-un-ibc-1000-ny-beholder-med-un-sertifikat\/#primaryimage\"},\"thumbnailUrl\":\"https:\/\/ibc.ee\/wp-content\/uploads\/2018\/08\/NewCube-UN-IBC-1000-new-container-UN-approved.jpg\",\"datePublished\":\"2025-04-21T12:50:03+00:00\",\"dateModified\":\"2025-07-08T10:37:11+00:00\",\"description\":\"Denne helt nye 1000-liters IBC-beholderen er fullt UN-sertifisert for trygg transport og lagring av b\u00e5de farlige og ufarlige v\u00e6sker.\",\"breadcrumb\":{\"@id\":\"https:\/\/ibc.ee\/no\/produkt\/newcube-un-ibc-1000-ny-beholder-med-un-sertifikat\/#breadcrumb\"},\"inLanguage\":\"nb-NO\",\"potentialAction\":[{\"@type\":\"ReadAction\",\"target\":[\"https:\/\/ibc.ee\/no\/produkt\/newcube-un-ibc-1000-ny-beholder-med-un-sertifikat\/\"]}]},{\"@type\":\"ImageObject\",\"inLanguage\":\"nb-NO\",\"@id\":\"https:\/\/ibc.ee\/no\/produkt\/newcube-un-ibc-1000-ny-beholder-med-un-sertifikat\/#primaryimage\",\"url\":\"https:\/\/ibc.ee\/wp-content\/uploads\/2018\/08\/NewCube-UN-IBC-1000-new-container-UN-approved.jpg\",\"contentUrl\":\"https:\/\/ibc.ee\/wp-content\/uploads\/2018\/08\/NewCube-UN-IBC-1000-new-container-UN-approved.jpg\",\"width\":1000,\"height\":1000,\"caption\":\"NewCube UN IBC 1000 new container with UN certificate\"},{\"@type\":\"BreadcrumbList\",\"@id\":\"https:\/\/ibc.ee\/no\/produkt\/newcube-un-ibc-1000-ny-beholder-med-un-sertifikat\/#breadcrumb\",\"itemListElement\":[{\"@type\":\"ListItem\",\"position\":1,\"name\":\"\u0413\u043b\u0430\u0432\u043d\u0430\u044f \u0441\u0442\u0440\u0430\u043d\u0438\u0446\u0430\",\"item\":\"https:\/\/ibc.ee\/no\/\"},{\"@type\":\"ListItem\",\"position\":2,\"name\":\"Butikk\",\"item\":\"https:\/\/ibc.ee\/no\/butikk\/\"},{\"@type\":\"ListItem\",\"position\":3,\"name\":\"NewCube UN IBC 1000 \u2013 Ny beholder med UN-sertifikat\"}]},{\"@type\":\"WebSite\",\"@id\":\"https:\/\/ibc.ee\/no\/#website\",\"url\":\"https:\/\/ibc.ee\/no\/\",\"name\":\"IBC konteineri m&uuml;&uuml;k, vaadid, kraanid, mahutid\",\"description\":\"IBC - Tank container valve, Adapters\\\\fittings, Intermediate bulk, container, Drums\/cans\",\"potentialAction\":[{\"@type\":\"SearchAction\",\"target\":{\"@type\":\"EntryPoint\",\"urlTemplate\":\"https:\/\/ibc.ee\/no\/?s={search_term_string}\"},\"query-input\":{\"@type\":\"PropertyValueSpecification\",\"valueRequired\":true,\"valueName\":\"search_term_string\"}}],\"inLanguage\":\"nb-NO\"}]}<\/script>\n<!-- \/ Yoast SEO plugin. -->","yoast_head_json":{"title":"NewCube UN IBC 1000 \u2013 Ny beholder med UN-sertifikat - IBC konteineri m&uuml;&uuml;k, vaadid, kraanid, mahutid","description":"Denne helt nye 1000-liters IBC-beholderen er fullt UN-sertifisert for trygg transport og lagring av b\u00e5de farlige og ufarlige v\u00e6sker.","robots":{"index":"index","follow":"follow","max-snippet":"max-snippet:-1","max-image-preview":"max-image-preview:large","max-video-preview":"max-video-preview:-1"},"canonical":"https:\/\/ibc.ee\/no\/produkt\/newcube-un-ibc-1000-ny-beholder-med-un-sertifikat\/","og_locale":"nb_NO","og_type":"article","og_title":"NewCube UN IBC 1000 \u2013 Ny beholder med UN-sertifikat - IBC konteineri m&uuml;&uuml;k, vaadid, kraanid, mahutid","og_description":"Denne helt nye 1000-liters IBC-beholderen er fullt UN-sertifisert for trygg transport og lagring av b\u00e5de farlige og ufarlige v\u00e6sker.","og_url":"https:\/\/ibc.ee\/no\/produkt\/newcube-un-ibc-1000-ny-beholder-med-un-sertifikat\/","og_site_name":"IBC konteineri m&uuml;&uuml;k, vaadid, kraanid, mahutid","article_modified_time":"2025-07-08T10:37:11+00:00","og_image":[{"width":1000,"height":1000,"url":"https:\/\/ibc.ee\/wp-content\/uploads\/2018\/08\/NewCube-UN-IBC-1000-new-container-UN-approved.jpg","type":"image\/jpeg"}],"twitter_card":"summary_large_image","twitter_misc":{"Ansl. lesetid":"1 minutt"},"schema":{"@context":"https:\/\/schema.org","@graph":[{"@type":"WebPage","@id":"https:\/\/ibc.ee\/no\/produkt\/newcube-un-ibc-1000-ny-beholder-med-un-sertifikat\/","url":"https:\/\/ibc.ee\/no\/produkt\/newcube-un-ibc-1000-ny-beholder-med-un-sertifikat\/","name":"NewCube UN IBC 1000 \u2013 Ny beholder med UN-sertifikat - IBC konteineri m&uuml;&uuml;k, vaadid, kraanid, mahutid","isPartOf":{"@id":"https:\/\/ibc.ee\/no\/#website"},"primaryImageOfPage":{"@id":"https:\/\/ibc.ee\/no\/produkt\/newcube-un-ibc-1000-ny-beholder-med-un-sertifikat\/#primaryimage"},"image":{"@id":"https:\/\/ibc.ee\/no\/produkt\/newcube-un-ibc-1000-ny-beholder-med-un-sertifikat\/#primaryimage"},"thumbnailUrl":"https:\/\/ibc.ee\/wp-content\/uploads\/2018\/08\/NewCube-UN-IBC-1000-new-container-UN-approved.jpg","datePublished":"2025-04-21T12:50:03+00:00","dateModified":"2025-07-08T10:37:11+00:00","description":"Denne helt nye 1000-liters IBC-beholderen er fullt UN-sertifisert for trygg transport og lagring av b\u00e5de farlige og ufarlige v\u00e6sker.","breadcrumb":{"@id":"https:\/\/ibc.ee\/no\/produkt\/newcube-un-ibc-1000-ny-beholder-med-un-sertifikat\/#breadcrumb"},"inLanguage":"nb-NO","potentialAction":[{"@type":"ReadAction","target":["https:\/\/ibc.ee\/no\/produkt\/newcube-un-ibc-1000-ny-beholder-med-un-sertifikat\/"]}]},{"@type":"ImageObject","inLanguage":"nb-NO","@id":"https:\/\/ibc.ee\/no\/produkt\/newcube-un-ibc-1000-ny-beholder-med-un-sertifikat\/#primaryimage","url":"https:\/\/ibc.ee\/wp-content\/uploads\/2018\/08\/NewCube-UN-IBC-1000-new-container-UN-approved.jpg","contentUrl":"https:\/\/ibc.ee\/wp-content\/uploads\/2018\/08\/NewCube-UN-IBC-1000-new-container-UN-approved.jpg","width":1000,"height":1000,"caption":"NewCube UN IBC 1000 new container with UN certificate"},{"@type":"BreadcrumbList","@id":"https:\/\/ibc.ee\/no\/produkt\/newcube-un-ibc-1000-ny-beholder-med-un-sertifikat\/#breadcrumb","itemListElement":[{"@type":"ListItem","position":1,"name":"\u0413\u043b\u0430\u0432\u043d\u0430\u044f \u0441\u0442\u0440\u0430\u043d\u0438\u0446\u0430","item":"https:\/\/ibc.ee\/no\/"},{"@type":"ListItem","position":2,"name":"Butikk","item":"https:\/\/ibc.ee\/no\/butikk\/"},{"@type":"ListItem","position":3,"name":"NewCube UN IBC 1000 \u2013 Ny beholder med UN-sertifikat"}]},{"@type":"WebSite","@id":"https:\/\/ibc.ee\/no\/#website","url":"https:\/\/ibc.ee\/no\/","name":"IBC konteineri m&uuml;&uuml;k, vaadid, kraanid, mahutid","description":"IBC - Tank container valve, Adapters\\fittings, Intermediate bulk, container, Drums\/cans","potentialAction":[{"@type":"SearchAction","target":{"@type":"EntryPoint","urlTemplate":"https:\/\/ibc.ee\/no\/?s={search_term_string}"},"query-input":{"@type":"PropertyValueSpecification","valueRequired":true,"valueName":"search_term_string"}}],"inLanguage":"nb-NO"}]}},"_links":{"self":[{"href":"https:\/\/ibc.ee\/no\/wp-json\/wp\/v2\/product\/22968","targetHints":{"allow":["GET"]}}],"collection":[{"href":"https:\/\/ibc.ee\/no\/wp-json\/wp\/v2\/product"}],"about":[{"href":"https:\/\/ibc.ee\/no\/wp-json\/wp\/v2\/types\/product"}],"wp:featuredmedia":[{"embeddable":true,"href":"https:\/\/ibc.ee\/no\/wp-json\/wp\/v2\/media\/24226"}],"wp:attachment":[{"href":"https:\/\/ibc.ee\/no\/wp-json\/wp\/v2\/media?parent=22968"}],"wp:term":[{"taxonomy":"product_brand","embeddable":true,"href":"https:\/\/ibc.ee\/no\/wp-json\/wp\/v2\/product_brand?post=22968"},{"taxonomy":"product_cat","embeddable":true,"href":"https:\/\/ibc.ee\/no\/wp-json\/wp\/v2\/product_cat?post=22968"},{"taxonomy":"product_tag","embeddable":true,"href":"https:\/\/ibc.ee\/no\/wp-json\/wp\/v2\/product_tag?post=22968"}],"curies":[{"name":"wp","href":"https:\/\/api.w.org\/{rel}","templated":true}]}}