{"id":22989,"date":"2018-06-04T17:34:07","date_gmt":"2025-04-21T12:51:00","guid":{"rendered":"https:\/\/ibc.ee\/product\/mellomstore-bulkcontainere-f\/"},"modified":"2025-07-10T10:41:27","modified_gmt":"2025-07-10T08:41:27","slug":"renewcube-ibc-1000-omtappet-ibc","status":"publish","type":"product","link":"https:\/\/ibc.ee\/no\/produkt\/renewcube-ibc-1000-omtappet-ibc\/","title":{"rendered":"ReNewCube IBC 1000 \u2013 Omtappet IBC"},"content":{"rendered":"<p>Beholder p\u00e5 plast-, metall- eller trepaller. Alle reservoarene med arbeidskranen under har en m\u00e5leskala, og det er et bredt deksel ovenfra.<br \/>\nBeholderen har et rammeverk av metall.<\/p>\n<p>Vi kan ogs\u00e5 tilby adaptere og ulike kraner (sf\u00e6risk kran, butterflykran, kran med ventil) for IBC-containere.<\/p>\n<p><strong>Spesifikasjoner:<\/strong><br \/>\n&#8211; Bunnuttak: 50 mm (2&#8243;) integrert sommerfuglventil, S60x6 utvendig gjenge \u2013 kompatibel med de fleste standardkoblinger<br \/>\n&#8211; Topp\u00e5pning: 150 mm (6&#8243;) lokk uten ventilasjon \u2013 enkel tilgang for p\u00e5fylling og inspeksjon<\/p>\n<p><strong>Typiske bruksomr\u00e5der:<\/strong><br \/>\n&#8211; Flytende gj\u00f8dsel, vanningsl\u00f8sninger, kompost-te<br \/>\n&#8211; Teknisk v\u00e6sker og rengj\u00f8ringsmidler<br \/>\n&#8211; Innsamling og lagring av regnvann (ikke drikkevann)<br \/>\n&#8211; Skylling og gr\u00e5vannsoppbevaring i industri<\/p>\n","protected":false},"excerpt":{"rendered":"<p><strong>ReNewCube IBC 1000 \u2013 Gjenoppbygget IBC-beholder med ny innertank og brukt ramme<\/strong><\/p>\n<p>ReNewCube IBC 1000 er en h\u00f8ykvalitets rebottled (gjenoppbygget) 1000-liters IBC-beholder, som kombinerer en splitter ny innvendig HDPE-tank med en n\u00f8ye kontrollert brukt galvanisert st\u00e5lkonstruksjon. Dette er en b\u00e6rekraftig og kostnadseffektiv l\u00f8sning for lagring av v\u00e6sker der UN- eller FDA-sertifisering ikke er n\u00f8dvendig. <\/p>\n<p>Denne beholderen har ikke UN- eller FDA-godkjenning. Den er beregnet for tekniske, landbruksrelaterte eller ikke-matvareapplikasjoner, og b\u00f8r ikke brukes til farlige stoffer eller n\u00e6ringsmidler. <\/p>\n","protected":false},"featured_media":24284,"template":"","meta":[],"product_brand":[],"product_cat":[439],"product_tag":[],"class_list":{"0":"post-22989","1":"product","2":"type-product","3":"status-publish","4":"has-post-thumbnail","6":"product_cat-mellom-bulkbeholder-ibc-1000-liter","7":"product_shipping_class-beholdere","9":"first","10":"onbackorder","11":"taxable","12":"shipping-taxable","13":"product-type-simple"},"yoast_head":"<!-- This site is optimized with the Yoast SEO plugin v26.9 - https:\/\/yoast.com\/product\/yoast-seo-wordpress\/ -->\n<title>ReNewCube IBC 1000 \u2013 Omtappet IBC - IBC konteineri m&uuml;&uuml;k, vaadid, kraanid, mahutid<\/title>\n<meta name=\"description\" content=\"ReNewCube IBC 1000 er en h\u00f8ykvalitets rebottled (gjenoppbygget) 1000-liters IBC-beholder, som kombinerer en splitter ny innvendig HDPE-tank med en n\u00f8ye kontrollert brukt galvanisert st\u00e5lkonstruksjon.\" \/>\n<meta name=\"robots\" content=\"index, follow, max-snippet:-1, max-image-preview:large, max-video-preview:-1\" \/>\n<link rel=\"canonical\" href=\"https:\/\/ibc.ee\/no\/produkt\/renewcube-ibc-1000-omtappet-ibc\/\" \/>\n<meta property=\"og:locale\" content=\"nb_NO\" \/>\n<meta property=\"og:type\" content=\"article\" \/>\n<meta property=\"og:title\" content=\"ReNewCube IBC 1000 \u2013 Omtappet IBC - IBC konteineri m&uuml;&uuml;k, vaadid, kraanid, mahutid\" \/>\n<meta property=\"og:description\" content=\"ReNewCube IBC 1000 er en h\u00f8ykvalitets rebottled (gjenoppbygget) 1000-liters IBC-beholder, som kombinerer en splitter ny innvendig HDPE-tank med en n\u00f8ye kontrollert brukt galvanisert st\u00e5lkonstruksjon.\" \/>\n<meta property=\"og:url\" content=\"https:\/\/ibc.ee\/no\/produkt\/renewcube-ibc-1000-omtappet-ibc\/\" \/>\n<meta property=\"og:site_name\" content=\"IBC konteineri m&uuml;&uuml;k, vaadid, kraanid, mahutid\" \/>\n<meta property=\"article:modified_time\" content=\"2025-07-10T08:41:27+00:00\" \/>\n<meta property=\"og:image\" content=\"https:\/\/www.ibc.ee\/wp-content\/uploads\/2018\/06\/ReNewCube-IBC-1000-Rebottled-IBC.jpg\" \/>\n\t<meta property=\"og:image:width\" content=\"1000\" \/>\n\t<meta property=\"og:image:height\" content=\"1000\" \/>\n\t<meta property=\"og:image:type\" content=\"image\/jpeg\" \/>\n<meta name=\"twitter:card\" content=\"summary_large_image\" \/>\n<meta name=\"twitter:label1\" content=\"Ansl. lesetid\" \/>\n\t<meta name=\"twitter:data1\" content=\"1 minutt\" \/>\n<script type=\"application\/ld+json\" class=\"yoast-schema-graph\">{\"@context\":\"https:\/\/schema.org\",\"@graph\":[{\"@type\":\"WebPage\",\"@id\":\"https:\/\/ibc.ee\/no\/produkt\/renewcube-ibc-1000-omtappet-ibc\/\",\"url\":\"https:\/\/ibc.ee\/no\/produkt\/renewcube-ibc-1000-omtappet-ibc\/\",\"name\":\"ReNewCube IBC 1000 \u2013 Omtappet IBC - IBC konteineri m&uuml;&uuml;k, vaadid, kraanid, mahutid\",\"isPartOf\":{\"@id\":\"https:\/\/www.ibc.ee\/no\/#website\"},\"primaryImageOfPage\":{\"@id\":\"https:\/\/ibc.ee\/no\/produkt\/renewcube-ibc-1000-omtappet-ibc\/#primaryimage\"},\"image\":{\"@id\":\"https:\/\/ibc.ee\/no\/produkt\/renewcube-ibc-1000-omtappet-ibc\/#primaryimage\"},\"thumbnailUrl\":\"https:\/\/ibc.ee\/wp-content\/uploads\/2018\/06\/ReNewCube-IBC-1000-Rebottled-IBC.jpg\",\"datePublished\":\"2025-04-21T12:51:00+00:00\",\"dateModified\":\"2025-07-10T08:41:27+00:00\",\"description\":\"ReNewCube IBC 1000 er en h\u00f8ykvalitets rebottled (gjenoppbygget) 1000-liters IBC-beholder, som kombinerer en splitter ny innvendig HDPE-tank med en n\u00f8ye kontrollert brukt galvanisert st\u00e5lkonstruksjon.\",\"breadcrumb\":{\"@id\":\"https:\/\/ibc.ee\/no\/produkt\/renewcube-ibc-1000-omtappet-ibc\/#breadcrumb\"},\"inLanguage\":\"nb-NO\",\"potentialAction\":[{\"@type\":\"ReadAction\",\"target\":[\"https:\/\/ibc.ee\/no\/produkt\/renewcube-ibc-1000-omtappet-ibc\/\"]}]},{\"@type\":\"ImageObject\",\"inLanguage\":\"nb-NO\",\"@id\":\"https:\/\/ibc.ee\/no\/produkt\/renewcube-ibc-1000-omtappet-ibc\/#primaryimage\",\"url\":\"https:\/\/ibc.ee\/wp-content\/uploads\/2018\/06\/ReNewCube-IBC-1000-Rebottled-IBC.jpg\",\"contentUrl\":\"https:\/\/ibc.ee\/wp-content\/uploads\/2018\/06\/ReNewCube-IBC-1000-Rebottled-IBC.jpg\",\"width\":1000,\"height\":1000,\"caption\":\"ReNewCube IBC 1000 \u2013 Rebottled IBC\"},{\"@type\":\"BreadcrumbList\",\"@id\":\"https:\/\/ibc.ee\/no\/produkt\/renewcube-ibc-1000-omtappet-ibc\/#breadcrumb\",\"itemListElement\":[{\"@type\":\"ListItem\",\"position\":1,\"name\":\"\u0413\u043b\u0430\u0432\u043d\u0430\u044f \u0441\u0442\u0440\u0430\u043d\u0438\u0446\u0430\",\"item\":\"https:\/\/www.ibc.ee\/no\/\"},{\"@type\":\"ListItem\",\"position\":2,\"name\":\"Butikk\",\"item\":\"https:\/\/www.ibc.ee\/no\/butikk\/\"},{\"@type\":\"ListItem\",\"position\":3,\"name\":\"ReNewCube IBC 1000 \u2013 Omtappet IBC\"}]},{\"@type\":\"WebSite\",\"@id\":\"https:\/\/www.ibc.ee\/no\/#website\",\"url\":\"https:\/\/www.ibc.ee\/no\/\",\"name\":\"IBC konteineri m&uuml;&uuml;k, vaadid, kraanid, mahutid\",\"description\":\"IBC - Tank container valve, Adapters\\\\fittings, Intermediate bulk, container, Drums\/cans\",\"potentialAction\":[{\"@type\":\"SearchAction\",\"target\":{\"@type\":\"EntryPoint\",\"urlTemplate\":\"https:\/\/www.ibc.ee\/no\/?s={search_term_string}\"},\"query-input\":{\"@type\":\"PropertyValueSpecification\",\"valueRequired\":true,\"valueName\":\"search_term_string\"}}],\"inLanguage\":\"nb-NO\"}]}<\/script>\n<!-- \/ Yoast SEO plugin. -->","yoast_head_json":{"title":"ReNewCube IBC 1000 \u2013 Omtappet IBC - IBC konteineri m&uuml;&uuml;k, vaadid, kraanid, mahutid","description":"ReNewCube IBC 1000 er en h\u00f8ykvalitets rebottled (gjenoppbygget) 1000-liters IBC-beholder, som kombinerer en splitter ny innvendig HDPE-tank med en n\u00f8ye kontrollert brukt galvanisert st\u00e5lkonstruksjon.","robots":{"index":"index","follow":"follow","max-snippet":"max-snippet:-1","max-image-preview":"max-image-preview:large","max-video-preview":"max-video-preview:-1"},"canonical":"https:\/\/ibc.ee\/no\/produkt\/renewcube-ibc-1000-omtappet-ibc\/","og_locale":"nb_NO","og_type":"article","og_title":"ReNewCube IBC 1000 \u2013 Omtappet IBC - IBC konteineri m&uuml;&uuml;k, vaadid, kraanid, mahutid","og_description":"ReNewCube IBC 1000 er en h\u00f8ykvalitets rebottled (gjenoppbygget) 1000-liters IBC-beholder, som kombinerer en splitter ny innvendig HDPE-tank med en n\u00f8ye kontrollert brukt galvanisert st\u00e5lkonstruksjon.","og_url":"https:\/\/ibc.ee\/no\/produkt\/renewcube-ibc-1000-omtappet-ibc\/","og_site_name":"IBC konteineri m&uuml;&uuml;k, vaadid, kraanid, mahutid","article_modified_time":"2025-07-10T08:41:27+00:00","og_image":[{"width":1000,"height":1000,"url":"https:\/\/www.ibc.ee\/wp-content\/uploads\/2018\/06\/ReNewCube-IBC-1000-Rebottled-IBC.jpg","type":"image\/jpeg"}],"twitter_card":"summary_large_image","twitter_misc":{"Ansl. lesetid":"1 minutt"},"schema":{"@context":"https:\/\/schema.org","@graph":[{"@type":"WebPage","@id":"https:\/\/ibc.ee\/no\/produkt\/renewcube-ibc-1000-omtappet-ibc\/","url":"https:\/\/ibc.ee\/no\/produkt\/renewcube-ibc-1000-omtappet-ibc\/","name":"ReNewCube IBC 1000 \u2013 Omtappet IBC - IBC konteineri m&uuml;&uuml;k, vaadid, kraanid, mahutid","isPartOf":{"@id":"https:\/\/www.ibc.ee\/no\/#website"},"primaryImageOfPage":{"@id":"https:\/\/ibc.ee\/no\/produkt\/renewcube-ibc-1000-omtappet-ibc\/#primaryimage"},"image":{"@id":"https:\/\/ibc.ee\/no\/produkt\/renewcube-ibc-1000-omtappet-ibc\/#primaryimage"},"thumbnailUrl":"https:\/\/ibc.ee\/wp-content\/uploads\/2018\/06\/ReNewCube-IBC-1000-Rebottled-IBC.jpg","datePublished":"2025-04-21T12:51:00+00:00","dateModified":"2025-07-10T08:41:27+00:00","description":"ReNewCube IBC 1000 er en h\u00f8ykvalitets rebottled (gjenoppbygget) 1000-liters IBC-beholder, som kombinerer en splitter ny innvendig HDPE-tank med en n\u00f8ye kontrollert brukt galvanisert st\u00e5lkonstruksjon.","breadcrumb":{"@id":"https:\/\/ibc.ee\/no\/produkt\/renewcube-ibc-1000-omtappet-ibc\/#breadcrumb"},"inLanguage":"nb-NO","potentialAction":[{"@type":"ReadAction","target":["https:\/\/ibc.ee\/no\/produkt\/renewcube-ibc-1000-omtappet-ibc\/"]}]},{"@type":"ImageObject","inLanguage":"nb-NO","@id":"https:\/\/ibc.ee\/no\/produkt\/renewcube-ibc-1000-omtappet-ibc\/#primaryimage","url":"https:\/\/ibc.ee\/wp-content\/uploads\/2018\/06\/ReNewCube-IBC-1000-Rebottled-IBC.jpg","contentUrl":"https:\/\/ibc.ee\/wp-content\/uploads\/2018\/06\/ReNewCube-IBC-1000-Rebottled-IBC.jpg","width":1000,"height":1000,"caption":"ReNewCube IBC 1000 \u2013 Rebottled IBC"},{"@type":"BreadcrumbList","@id":"https:\/\/ibc.ee\/no\/produkt\/renewcube-ibc-1000-omtappet-ibc\/#breadcrumb","itemListElement":[{"@type":"ListItem","position":1,"name":"\u0413\u043b\u0430\u0432\u043d\u0430\u044f \u0441\u0442\u0440\u0430\u043d\u0438\u0446\u0430","item":"https:\/\/www.ibc.ee\/no\/"},{"@type":"ListItem","position":2,"name":"Butikk","item":"https:\/\/www.ibc.ee\/no\/butikk\/"},{"@type":"ListItem","position":3,"name":"ReNewCube IBC 1000 \u2013 Omtappet IBC"}]},{"@type":"WebSite","@id":"https:\/\/www.ibc.ee\/no\/#website","url":"https:\/\/www.ibc.ee\/no\/","name":"IBC konteineri m&uuml;&uuml;k, vaadid, kraanid, mahutid","description":"IBC - Tank container valve, Adapters\\fittings, Intermediate bulk, container, Drums\/cans","potentialAction":[{"@type":"SearchAction","target":{"@type":"EntryPoint","urlTemplate":"https:\/\/www.ibc.ee\/no\/?s={search_term_string}"},"query-input":{"@type":"PropertyValueSpecification","valueRequired":true,"valueName":"search_term_string"}}],"inLanguage":"nb-NO"}]}},"_links":{"self":[{"href":"https:\/\/ibc.ee\/no\/wp-json\/wp\/v2\/product\/22989","targetHints":{"allow":["GET"]}}],"collection":[{"href":"https:\/\/ibc.ee\/no\/wp-json\/wp\/v2\/product"}],"about":[{"href":"https:\/\/ibc.ee\/no\/wp-json\/wp\/v2\/types\/product"}],"wp:featuredmedia":[{"embeddable":true,"href":"https:\/\/ibc.ee\/no\/wp-json\/wp\/v2\/media\/24284"}],"wp:attachment":[{"href":"https:\/\/ibc.ee\/no\/wp-json\/wp\/v2\/media?parent=22989"}],"wp:term":[{"taxonomy":"product_brand","embeddable":true,"href":"https:\/\/ibc.ee\/no\/wp-json\/wp\/v2\/product_brand?post=22989"},{"taxonomy":"product_cat","embeddable":true,"href":"https:\/\/ibc.ee\/no\/wp-json\/wp\/v2\/product_cat?post=22989"},{"taxonomy":"product_tag","embeddable":true,"href":"https:\/\/ibc.ee\/no\/wp-json\/wp\/v2\/product_tag?post=22989"}],"curies":[{"name":"wp","href":"https:\/\/api.w.org\/{rel}","templated":true}]}}