{"id":22999,"date":"2018-06-04T17:23:49","date_gmt":"2025-04-21T12:52:28","guid":{"rendered":"https:\/\/ibc.ee\/product\/intermediaer-bulkcontainer-d\/"},"modified":"2025-07-09T11:40:29","modified_gmt":"2025-07-09T09:40:29","slug":"techcube-ibc-1000-blue-vasket-1000l-beholder","status":"publish","type":"product","link":"https:\/\/ibc.ee\/no\/produkt\/techcube-ibc-1000-blue-vasket-1000l-beholder\/","title":{"rendered":"TechCube IBC 1000 Blue \u2013 Vasket 1000L beholder"},"content":{"rendered":"<p><strong>Vanlige bruksomr\u00e5der<\/strong><br \/>\n&#8211; Innsamling av regnvann<br \/>\n&#8211; Vanning og landbruksvann<br \/>\n&#8211; Vaskevann for utstyr<br \/>\n&#8211; Gr\u00e5vann og teknisk vannlagring<br \/>\n&#8211; Vanntanker for byggeplasser<br \/>\n&#8211; Vann til brann\u00f8velser<br \/>\n&#8211; Skylling av ikke-farlige kjemikalier<br \/>\n&#8211; Oppbevaring av flytende avfall<br \/>\n&#8211; Hjemmelagde vannsystemer<\/p>\n","protected":false},"excerpt":{"rendered":"<p><strong>UV-beskyttet. Rengjort. Egnet for teknisk og allsidig bruk.  <\/strong><\/p>\n<p>TechCube IBC 1000 Blue er en profesjonelt rengjort, gjenbrukt 1000-liters IBC-beholder (Intermediate Bulk Container), beregnet for lagring av ikke-kritiske v\u00e6sker. Selv om den ikke har matvare- eller UN-sertifisering, er den et utmerket valg for teknisk bruk, utend\u00f8rs lagring og industriell anvendelse. <\/p>\n<p>Den bl\u00e5 innerflasken gir forbedret UV-beskyttelse, reduserer algevekst og forlenger holdbarheten p\u00e5 v\u00e6sker \u2013 en stor fordel sammenlignet med gjennomsiktige beholdere, spesielt utend\u00f8rs.<\/p>\n","protected":false},"featured_media":24257,"template":"","meta":[],"product_brand":[],"product_cat":[439],"product_tag":[],"class_list":{"0":"post-22999","1":"product","2":"type-product","3":"status-publish","4":"has-post-thumbnail","6":"product_cat-mellom-bulkbeholder-ibc-1000-liter","7":"product_shipping_class-beholdere","9":"first","10":"onbackorder","11":"taxable","12":"shipping-taxable","13":"product-type-simple"},"yoast_head":"<!-- This site is optimized with the Yoast SEO plugin v26.9 - https:\/\/yoast.com\/product\/yoast-seo-wordpress\/ -->\n<title>TechCube IBC 1000 Blue \u2013 Vasket 1000L beholder<\/title>\n<meta name=\"description\" content=\"TechCube IBC 1000 Blue er en profesjonelt rengjort, gjenbrukt 1000-liters IBC-beholder (Intermediate Bulk Container), beregnet for lagring av ikke-kritiske v\u00e6sker.\" \/>\n<meta name=\"robots\" content=\"index, follow, max-snippet:-1, max-image-preview:large, max-video-preview:-1\" \/>\n<link rel=\"canonical\" href=\"https:\/\/ibc.ee\/no\/produkt\/techcube-ibc-1000-blue-vasket-1000l-beholder\/\" \/>\n<meta property=\"og:locale\" content=\"nb_NO\" \/>\n<meta property=\"og:type\" content=\"article\" \/>\n<meta property=\"og:title\" content=\"TechCube IBC 1000 Blue \u2013 Vasket 1000L beholder\" \/>\n<meta property=\"og:description\" content=\"TechCube IBC 1000 Blue er en profesjonelt rengjort, gjenbrukt 1000-liters IBC-beholder (Intermediate Bulk Container), beregnet for lagring av ikke-kritiske v\u00e6sker.\" \/>\n<meta property=\"og:url\" content=\"https:\/\/ibc.ee\/no\/produkt\/techcube-ibc-1000-blue-vasket-1000l-beholder\/\" \/>\n<meta property=\"og:site_name\" content=\"IBC konteineri m&uuml;&uuml;k, vaadid, kraanid, mahutid\" \/>\n<meta property=\"article:modified_time\" content=\"2025-07-09T09:40:29+00:00\" \/>\n<meta property=\"og:image\" content=\"https:\/\/ibc.ee\/wp-content\/uploads\/2018\/06\/TechCube-IBC-1000-Blue-Reconditioned-1000L-Tank.jpg\" \/>\n\t<meta property=\"og:image:width\" content=\"800\" \/>\n\t<meta property=\"og:image:height\" content=\"800\" \/>\n\t<meta property=\"og:image:type\" content=\"image\/jpeg\" \/>\n<meta name=\"twitter:card\" content=\"summary_large_image\" \/>\n<meta name=\"twitter:label1\" content=\"Ansl. lesetid\" \/>\n\t<meta name=\"twitter:data1\" content=\"1 minutt\" \/>\n<script type=\"application\/ld+json\" class=\"yoast-schema-graph\">{\"@context\":\"https:\/\/schema.org\",\"@graph\":[{\"@type\":\"WebPage\",\"@id\":\"https:\/\/ibc.ee\/no\/produkt\/techcube-ibc-1000-blue-vasket-1000l-beholder\/\",\"url\":\"https:\/\/ibc.ee\/no\/produkt\/techcube-ibc-1000-blue-vasket-1000l-beholder\/\",\"name\":\"TechCube IBC 1000 Blue \u2013 Vasket 1000L beholder\",\"isPartOf\":{\"@id\":\"https:\/\/www.ibc.ee\/no\/#website\"},\"primaryImageOfPage\":{\"@id\":\"https:\/\/ibc.ee\/no\/produkt\/techcube-ibc-1000-blue-vasket-1000l-beholder\/#primaryimage\"},\"image\":{\"@id\":\"https:\/\/ibc.ee\/no\/produkt\/techcube-ibc-1000-blue-vasket-1000l-beholder\/#primaryimage\"},\"thumbnailUrl\":\"https:\/\/ibc.ee\/wp-content\/uploads\/2018\/06\/TechCube-IBC-1000-Blue-Reconditioned-1000L-Tank.jpg\",\"datePublished\":\"2025-04-21T12:52:28+00:00\",\"dateModified\":\"2025-07-09T09:40:29+00:00\",\"description\":\"TechCube IBC 1000 Blue er en profesjonelt rengjort, gjenbrukt 1000-liters IBC-beholder (Intermediate Bulk Container), beregnet for lagring av ikke-kritiske v\u00e6sker.\",\"breadcrumb\":{\"@id\":\"https:\/\/ibc.ee\/no\/produkt\/techcube-ibc-1000-blue-vasket-1000l-beholder\/#breadcrumb\"},\"inLanguage\":\"nb-NO\",\"potentialAction\":[{\"@type\":\"ReadAction\",\"target\":[\"https:\/\/ibc.ee\/no\/produkt\/techcube-ibc-1000-blue-vasket-1000l-beholder\/\"]}]},{\"@type\":\"ImageObject\",\"inLanguage\":\"nb-NO\",\"@id\":\"https:\/\/ibc.ee\/no\/produkt\/techcube-ibc-1000-blue-vasket-1000l-beholder\/#primaryimage\",\"url\":\"https:\/\/ibc.ee\/wp-content\/uploads\/2018\/06\/TechCube-IBC-1000-Blue-Reconditioned-1000L-Tank.jpg\",\"contentUrl\":\"https:\/\/ibc.ee\/wp-content\/uploads\/2018\/06\/TechCube-IBC-1000-Blue-Reconditioned-1000L-Tank.jpg\",\"width\":800,\"height\":800,\"caption\":\"TechCube IBC 1000 Blue \u2013 Reconditioned 1000L Tank\"},{\"@type\":\"BreadcrumbList\",\"@id\":\"https:\/\/ibc.ee\/no\/produkt\/techcube-ibc-1000-blue-vasket-1000l-beholder\/#breadcrumb\",\"itemListElement\":[{\"@type\":\"ListItem\",\"position\":1,\"name\":\"\u0413\u043b\u0430\u0432\u043d\u0430\u044f \u0441\u0442\u0440\u0430\u043d\u0438\u0446\u0430\",\"item\":\"https:\/\/www.ibc.ee\/no\/\"},{\"@type\":\"ListItem\",\"position\":2,\"name\":\"Butikk\",\"item\":\"https:\/\/www.ibc.ee\/no\/butikk\/\"},{\"@type\":\"ListItem\",\"position\":3,\"name\":\"TechCube IBC 1000 Blue \u2013 Vasket 1000L beholder\"}]},{\"@type\":\"WebSite\",\"@id\":\"https:\/\/www.ibc.ee\/no\/#website\",\"url\":\"https:\/\/www.ibc.ee\/no\/\",\"name\":\"IBC konteineri m&uuml;&uuml;k, vaadid, kraanid, mahutid\",\"description\":\"IBC - Tank container valve, Adapters\\\\fittings, Intermediate bulk, container, Drums\/cans\",\"potentialAction\":[{\"@type\":\"SearchAction\",\"target\":{\"@type\":\"EntryPoint\",\"urlTemplate\":\"https:\/\/www.ibc.ee\/no\/?s={search_term_string}\"},\"query-input\":{\"@type\":\"PropertyValueSpecification\",\"valueRequired\":true,\"valueName\":\"search_term_string\"}}],\"inLanguage\":\"nb-NO\"}]}<\/script>\n<!-- \/ Yoast SEO plugin. -->","yoast_head_json":{"title":"TechCube IBC 1000 Blue \u2013 Vasket 1000L beholder","description":"TechCube IBC 1000 Blue er en profesjonelt rengjort, gjenbrukt 1000-liters IBC-beholder (Intermediate Bulk Container), beregnet for lagring av ikke-kritiske v\u00e6sker.","robots":{"index":"index","follow":"follow","max-snippet":"max-snippet:-1","max-image-preview":"max-image-preview:large","max-video-preview":"max-video-preview:-1"},"canonical":"https:\/\/ibc.ee\/no\/produkt\/techcube-ibc-1000-blue-vasket-1000l-beholder\/","og_locale":"nb_NO","og_type":"article","og_title":"TechCube IBC 1000 Blue \u2013 Vasket 1000L beholder","og_description":"TechCube IBC 1000 Blue er en profesjonelt rengjort, gjenbrukt 1000-liters IBC-beholder (Intermediate Bulk Container), beregnet for lagring av ikke-kritiske v\u00e6sker.","og_url":"https:\/\/ibc.ee\/no\/produkt\/techcube-ibc-1000-blue-vasket-1000l-beholder\/","og_site_name":"IBC konteineri m&uuml;&uuml;k, vaadid, kraanid, mahutid","article_modified_time":"2025-07-09T09:40:29+00:00","og_image":[{"width":800,"height":800,"url":"https:\/\/ibc.ee\/wp-content\/uploads\/2018\/06\/TechCube-IBC-1000-Blue-Reconditioned-1000L-Tank.jpg","type":"image\/jpeg"}],"twitter_card":"summary_large_image","twitter_misc":{"Ansl. lesetid":"1 minutt"},"schema":{"@context":"https:\/\/schema.org","@graph":[{"@type":"WebPage","@id":"https:\/\/ibc.ee\/no\/produkt\/techcube-ibc-1000-blue-vasket-1000l-beholder\/","url":"https:\/\/ibc.ee\/no\/produkt\/techcube-ibc-1000-blue-vasket-1000l-beholder\/","name":"TechCube IBC 1000 Blue \u2013 Vasket 1000L beholder","isPartOf":{"@id":"https:\/\/www.ibc.ee\/no\/#website"},"primaryImageOfPage":{"@id":"https:\/\/ibc.ee\/no\/produkt\/techcube-ibc-1000-blue-vasket-1000l-beholder\/#primaryimage"},"image":{"@id":"https:\/\/ibc.ee\/no\/produkt\/techcube-ibc-1000-blue-vasket-1000l-beholder\/#primaryimage"},"thumbnailUrl":"https:\/\/ibc.ee\/wp-content\/uploads\/2018\/06\/TechCube-IBC-1000-Blue-Reconditioned-1000L-Tank.jpg","datePublished":"2025-04-21T12:52:28+00:00","dateModified":"2025-07-09T09:40:29+00:00","description":"TechCube IBC 1000 Blue er en profesjonelt rengjort, gjenbrukt 1000-liters IBC-beholder (Intermediate Bulk Container), beregnet for lagring av ikke-kritiske v\u00e6sker.","breadcrumb":{"@id":"https:\/\/ibc.ee\/no\/produkt\/techcube-ibc-1000-blue-vasket-1000l-beholder\/#breadcrumb"},"inLanguage":"nb-NO","potentialAction":[{"@type":"ReadAction","target":["https:\/\/ibc.ee\/no\/produkt\/techcube-ibc-1000-blue-vasket-1000l-beholder\/"]}]},{"@type":"ImageObject","inLanguage":"nb-NO","@id":"https:\/\/ibc.ee\/no\/produkt\/techcube-ibc-1000-blue-vasket-1000l-beholder\/#primaryimage","url":"https:\/\/ibc.ee\/wp-content\/uploads\/2018\/06\/TechCube-IBC-1000-Blue-Reconditioned-1000L-Tank.jpg","contentUrl":"https:\/\/ibc.ee\/wp-content\/uploads\/2018\/06\/TechCube-IBC-1000-Blue-Reconditioned-1000L-Tank.jpg","width":800,"height":800,"caption":"TechCube IBC 1000 Blue \u2013 Reconditioned 1000L Tank"},{"@type":"BreadcrumbList","@id":"https:\/\/ibc.ee\/no\/produkt\/techcube-ibc-1000-blue-vasket-1000l-beholder\/#breadcrumb","itemListElement":[{"@type":"ListItem","position":1,"name":"\u0413\u043b\u0430\u0432\u043d\u0430\u044f \u0441\u0442\u0440\u0430\u043d\u0438\u0446\u0430","item":"https:\/\/www.ibc.ee\/no\/"},{"@type":"ListItem","position":2,"name":"Butikk","item":"https:\/\/www.ibc.ee\/no\/butikk\/"},{"@type":"ListItem","position":3,"name":"TechCube IBC 1000 Blue \u2013 Vasket 1000L beholder"}]},{"@type":"WebSite","@id":"https:\/\/www.ibc.ee\/no\/#website","url":"https:\/\/www.ibc.ee\/no\/","name":"IBC konteineri m&uuml;&uuml;k, vaadid, kraanid, mahutid","description":"IBC - Tank container valve, Adapters\\fittings, Intermediate bulk, container, Drums\/cans","potentialAction":[{"@type":"SearchAction","target":{"@type":"EntryPoint","urlTemplate":"https:\/\/www.ibc.ee\/no\/?s={search_term_string}"},"query-input":{"@type":"PropertyValueSpecification","valueRequired":true,"valueName":"search_term_string"}}],"inLanguage":"nb-NO"}]}},"_links":{"self":[{"href":"https:\/\/ibc.ee\/no\/wp-json\/wp\/v2\/product\/22999","targetHints":{"allow":["GET"]}}],"collection":[{"href":"https:\/\/ibc.ee\/no\/wp-json\/wp\/v2\/product"}],"about":[{"href":"https:\/\/ibc.ee\/no\/wp-json\/wp\/v2\/types\/product"}],"wp:featuredmedia":[{"embeddable":true,"href":"https:\/\/ibc.ee\/no\/wp-json\/wp\/v2\/media\/24257"}],"wp:attachment":[{"href":"https:\/\/ibc.ee\/no\/wp-json\/wp\/v2\/media?parent=22999"}],"wp:term":[{"taxonomy":"product_brand","embeddable":true,"href":"https:\/\/ibc.ee\/no\/wp-json\/wp\/v2\/product_brand?post=22999"},{"taxonomy":"product_cat","embeddable":true,"href":"https:\/\/ibc.ee\/no\/wp-json\/wp\/v2\/product_cat?post=22999"},{"taxonomy":"product_tag","embeddable":true,"href":"https:\/\/ibc.ee\/no\/wp-json\/wp\/v2\/product_tag?post=22999"}],"curies":[{"name":"wp","href":"https:\/\/api.w.org\/{rel}","templated":true}]}}