{"id":23066,"date":"2019-05-20T10:25:36","date_gmt":"2025-04-21T13:12:55","guid":{"rendered":"https:\/\/ibc.ee\/product\/handdrevet-fatpumpe-for-overforing-av-dieselolje-og-losemiddel-fra-stal\/"},"modified":"2025-04-21T15:12:55","modified_gmt":"2025-04-21T13:12:55","slug":"handdrevet-fatpumpe-for-overforing-av-dieselolje-og-losemiddel-fra-stal","status":"publish","type":"product","link":"https:\/\/ibc.ee\/no\/produkt\/handdrevet-fatpumpe-for-overforing-av-dieselolje-og-losemiddel-fra-stal\/","title":{"rendered":"H\u00e5nddrevet fatpumpe for overf\u00f8ring av dieselolje og l\u00f8semiddel fra st\u00e5l"},"content":{"rendered":"<p>20 l\/min fatpumpe for dieseloljeoverf\u00f8ring H\u00e5nddrevet avtrekkerverkt\u00f8y Tilbeh\u00f8r<br \/>\nBeskrivelse:<\/p>\n<p>Denne fatpumpen er et smart verkt\u00f8y for rask og enkel dispensering av girolje, diesel og andre ikke-etsende v\u00e6sker fra fat. Med selvjusterbart suger\u00f8r er den praktisk for fleksibel dosering, og du kan bruke det avtakbare munnstykket til \u00e5 montere slanger p\u00e5 en enkel m\u00e5te. I tillegg er det polstrede grepet en humanisert design av sklisikker pumping. En s\u00e5 praktisk og hendig pumpe, ikke g\u00e5 glipp av den!   <\/p>\n<p>Funksjoner:<br \/>\n1. Denne pumpen er designet for dispensering og overf\u00f8ring av v\u00e6sker, og den hjelper deg med \u00e5 pumpe oljer, diesel raskt og enkelt.<br \/>\n2. Pumpen av h\u00f8y kvalitet gir utmerket v\u00e6skekompatibilitet, og den er ideell for pumping av diesel, parafin, motorolje, hydraulikkolje og andre ikke-etsende v\u00e6sker.<br \/>\n3. Selvjusterende teleskopisk suger\u00f8r for fleksibel dispensering og drift.Selvjusterende teleskopisk suger\u00f8r for fleksibel dosering og drift.<br \/>\n4. Du kan holde det polstrede grepet for enkel, sklisikker pumping, det er virkelig en humanisert design.<br \/>\n5. Det avtakbare munnstykket passer lett til slangen, og det er b\u00f8yd for \u00e5 gj\u00f8re det praktisk \u00e5 bruke.<\/p>\n<p>Spesifikasjoner:<br \/>\nMateriale: St\u00f8pejern<br \/>\nHovedfarge: S\u00f8lv<br \/>\nFlyter: 20L \/ min<br \/>\nInnl\u00f8psdiameter: 3,4 cm \/ 1,34 &raquo;<br \/>\nUtl\u00f8psdiameter: 2 cm \/ 0,79 &raquo;<br \/>\nPumpeh\u00f8yde: 78 cm \/ 30,7 &raquo;<br \/>\nTeleskopisk suger\u00f8r: 460-915mm justerbar<br \/>\nOverflatefinish: Forkrommet<br \/>\nPakkevekt: 2400g<\/p>\n<p>Bruksomr\u00e5de: Ideell for pumping av diesel, parafin, girolje, motorolje, hydraulikkolje og mange andre ikke-korrosive v\u00e6sker.<\/p>\n","protected":false},"excerpt":{"rendered":"<p>20 l\/min fatpumpe for dieseloljeoverf\u00f8ring H\u00e5nddrevet avtrekkerverkt\u00f8y Tilbeh\u00f8r Beskrivelse: Denne fatpumpen er et smart verkt\u00f8y for rask og enkel dispensering av girolje, diesel og andre ikke-etsende v\u00e6sker fra fat. Med selvjusterbart suger\u00f8r er den praktisk for fleksibel dosering, og du kan bruke det avtakbare munnstykket til \u00e5 montere slanger p\u00e5 en enkel m\u00e5te. I tillegg [&hellip;]<\/p>\n","protected":false},"featured_media":23067,"template":"","meta":[],"product_brand":[],"product_cat":[440],"product_tag":[],"class_list":{"0":"post-23066","1":"product","2":"type-product","3":"status-publish","4":"has-post-thumbnail","6":"product_cat-trommer-og-bokser","7":"product_shipping_class-tilbehor","9":"first","10":"onbackorder","11":"taxable","12":"shipping-taxable","13":"purchasable","14":"product-type-simple"},"yoast_head":"<!-- This site is optimized with the Yoast SEO plugin v26.9 - https:\/\/yoast.com\/product\/yoast-seo-wordpress\/ -->\n<title>H\u00e5nddrevet fatpumpe for overf\u00f8ring av dieselolje og l\u00f8semiddel fra st\u00e5l -<\/title>\n<meta name=\"description\" content=\"Drum Pump Transfer Hand er et smart verkt\u00f8y for rask og enkel dispensering av girolje, diesel og andre ikke-etsende v\u00e6sker fra fat. Med selvjusterbart suger\u00f8r er den praktisk for fleksibel dosering, og du kan bruke det avtakbare munnstykket til \u00e5 montere slanger p\u00e5 en enkel m\u00e5te.\" \/>\n<meta name=\"robots\" content=\"index, follow, max-snippet:-1, max-image-preview:large, max-video-preview:-1\" \/>\n<link rel=\"canonical\" href=\"https:\/\/ibc.ee\/no\/produkt\/handdrevet-fatpumpe-for-overforing-av-dieselolje-og-losemiddel-fra-stal\/\" \/>\n<meta property=\"og:locale\" content=\"nb_NO\" \/>\n<meta property=\"og:type\" content=\"article\" \/>\n<meta property=\"og:title\" content=\"H\u00e5nddrevet fatpumpe for overf\u00f8ring av dieselolje og l\u00f8semiddel fra st\u00e5l -\" \/>\n<meta property=\"og:description\" content=\"Drum Pump Transfer Hand er et smart verkt\u00f8y for rask og enkel dispensering av girolje, diesel og andre ikke-etsende v\u00e6sker fra fat. Med selvjusterbart suger\u00f8r er den praktisk for fleksibel dosering, og du kan bruke det avtakbare munnstykket til \u00e5 montere slanger p\u00e5 en enkel m\u00e5te.\" \/>\n<meta property=\"og:url\" content=\"https:\/\/ibc.ee\/no\/produkt\/handdrevet-fatpumpe-for-overforing-av-dieselolje-og-losemiddel-fra-stal\/\" \/>\n<meta property=\"og:site_name\" content=\"IBC konteineri m&uuml;&uuml;k, vaadid, kraanid, mahutid\" \/>\n<meta property=\"og:image\" content=\"https:\/\/ibc.ee\/wp-content\/uploads\/2019\/05\/20L-min-Lever-Action-Barrel-Drum-Pump-Diesel-Oil-Transfer-Hand-Operated-Extractor-Tools-Accessory-2.jpg\" \/>\n\t<meta property=\"og:image:width\" content=\"1000\" \/>\n\t<meta property=\"og:image:height\" content=\"1000\" \/>\n\t<meta property=\"og:image:type\" content=\"image\/jpeg\" \/>\n<meta name=\"twitter:card\" content=\"summary_large_image\" \/>\n<meta name=\"twitter:label1\" content=\"Ansl. lesetid\" \/>\n\t<meta name=\"twitter:data1\" content=\"1 minutt\" \/>\n<script type=\"application\/ld+json\" class=\"yoast-schema-graph\">{\"@context\":\"https:\/\/schema.org\",\"@graph\":[{\"@type\":\"WebPage\",\"@id\":\"https:\/\/ibc.ee\/no\/produkt\/handdrevet-fatpumpe-for-overforing-av-dieselolje-og-losemiddel-fra-stal\/\",\"url\":\"https:\/\/ibc.ee\/no\/produkt\/handdrevet-fatpumpe-for-overforing-av-dieselolje-og-losemiddel-fra-stal\/\",\"name\":\"H\u00e5nddrevet fatpumpe for overf\u00f8ring av dieselolje og l\u00f8semiddel fra st\u00e5l -\",\"isPartOf\":{\"@id\":\"https:\/\/www.ibc.ee\/no\/#website\"},\"primaryImageOfPage\":{\"@id\":\"https:\/\/ibc.ee\/no\/produkt\/handdrevet-fatpumpe-for-overforing-av-dieselolje-og-losemiddel-fra-stal\/#primaryimage\"},\"image\":{\"@id\":\"https:\/\/ibc.ee\/no\/produkt\/handdrevet-fatpumpe-for-overforing-av-dieselolje-og-losemiddel-fra-stal\/#primaryimage\"},\"thumbnailUrl\":\"https:\/\/ibc.ee\/wp-content\/uploads\/2019\/05\/20L-min-Lever-Action-Barrel-Drum-Pump-Diesel-Oil-Transfer-Hand-Operated-Extractor-Tools-Accessory-2.jpg\",\"datePublished\":\"2025-04-21T13:12:55+00:00\",\"description\":\"Drum Pump Transfer Hand er et smart verkt\u00f8y for rask og enkel dispensering av girolje, diesel og andre ikke-etsende v\u00e6sker fra fat. Med selvjusterbart suger\u00f8r er den praktisk for fleksibel dosering, og du kan bruke det avtakbare munnstykket til \u00e5 montere slanger p\u00e5 en enkel m\u00e5te.\",\"breadcrumb\":{\"@id\":\"https:\/\/ibc.ee\/no\/produkt\/handdrevet-fatpumpe-for-overforing-av-dieselolje-og-losemiddel-fra-stal\/#breadcrumb\"},\"inLanguage\":\"nb-NO\",\"potentialAction\":[{\"@type\":\"ReadAction\",\"target\":[\"https:\/\/ibc.ee\/no\/produkt\/handdrevet-fatpumpe-for-overforing-av-dieselolje-og-losemiddel-fra-stal\/\"]}]},{\"@type\":\"ImageObject\",\"inLanguage\":\"nb-NO\",\"@id\":\"https:\/\/ibc.ee\/no\/produkt\/handdrevet-fatpumpe-for-overforing-av-dieselolje-og-losemiddel-fra-stal\/#primaryimage\",\"url\":\"https:\/\/ibc.ee\/wp-content\/uploads\/2019\/05\/20L-min-Lever-Action-Barrel-Drum-Pump-Diesel-Oil-Transfer-Hand-Operated-Extractor-Tools-Accessory-2.jpg\",\"contentUrl\":\"https:\/\/ibc.ee\/wp-content\/uploads\/2019\/05\/20L-min-Lever-Action-Barrel-Drum-Pump-Diesel-Oil-Transfer-Hand-Operated-Extractor-Tools-Accessory-2.jpg\",\"width\":1000,\"height\":1000},{\"@type\":\"BreadcrumbList\",\"@id\":\"https:\/\/ibc.ee\/no\/produkt\/handdrevet-fatpumpe-for-overforing-av-dieselolje-og-losemiddel-fra-stal\/#breadcrumb\",\"itemListElement\":[{\"@type\":\"ListItem\",\"position\":1,\"name\":\"\u0413\u043b\u0430\u0432\u043d\u0430\u044f \u0441\u0442\u0440\u0430\u043d\u0438\u0446\u0430\",\"item\":\"https:\/\/www.ibc.ee\/no\/\"},{\"@type\":\"ListItem\",\"position\":2,\"name\":\"Butikk\",\"item\":\"https:\/\/www.ibc.ee\/no\/butikk\/\"},{\"@type\":\"ListItem\",\"position\":3,\"name\":\"H\u00e5nddrevet fatpumpe for overf\u00f8ring av dieselolje og l\u00f8semiddel fra st\u00e5l\"}]},{\"@type\":\"WebSite\",\"@id\":\"https:\/\/www.ibc.ee\/no\/#website\",\"url\":\"https:\/\/www.ibc.ee\/no\/\",\"name\":\"IBC konteineri m&uuml;&uuml;k, vaadid, kraanid, mahutid\",\"description\":\"IBC - Tank container valve, Adapters\\\\fittings, Intermediate bulk, container, Drums\/cans\",\"potentialAction\":[{\"@type\":\"SearchAction\",\"target\":{\"@type\":\"EntryPoint\",\"urlTemplate\":\"https:\/\/www.ibc.ee\/no\/?s={search_term_string}\"},\"query-input\":{\"@type\":\"PropertyValueSpecification\",\"valueRequired\":true,\"valueName\":\"search_term_string\"}}],\"inLanguage\":\"nb-NO\"}]}<\/script>\n<!-- \/ Yoast SEO plugin. -->","yoast_head_json":{"title":"H\u00e5nddrevet fatpumpe for overf\u00f8ring av dieselolje og l\u00f8semiddel fra st\u00e5l -","description":"Drum Pump Transfer Hand er et smart verkt\u00f8y for rask og enkel dispensering av girolje, diesel og andre ikke-etsende v\u00e6sker fra fat. Med selvjusterbart suger\u00f8r er den praktisk for fleksibel dosering, og du kan bruke det avtakbare munnstykket til \u00e5 montere slanger p\u00e5 en enkel m\u00e5te.","robots":{"index":"index","follow":"follow","max-snippet":"max-snippet:-1","max-image-preview":"max-image-preview:large","max-video-preview":"max-video-preview:-1"},"canonical":"https:\/\/ibc.ee\/no\/produkt\/handdrevet-fatpumpe-for-overforing-av-dieselolje-og-losemiddel-fra-stal\/","og_locale":"nb_NO","og_type":"article","og_title":"H\u00e5nddrevet fatpumpe for overf\u00f8ring av dieselolje og l\u00f8semiddel fra st\u00e5l -","og_description":"Drum Pump Transfer Hand er et smart verkt\u00f8y for rask og enkel dispensering av girolje, diesel og andre ikke-etsende v\u00e6sker fra fat. Med selvjusterbart suger\u00f8r er den praktisk for fleksibel dosering, og du kan bruke det avtakbare munnstykket til \u00e5 montere slanger p\u00e5 en enkel m\u00e5te.","og_url":"https:\/\/ibc.ee\/no\/produkt\/handdrevet-fatpumpe-for-overforing-av-dieselolje-og-losemiddel-fra-stal\/","og_site_name":"IBC konteineri m&uuml;&uuml;k, vaadid, kraanid, mahutid","og_image":[{"width":1000,"height":1000,"url":"https:\/\/ibc.ee\/wp-content\/uploads\/2019\/05\/20L-min-Lever-Action-Barrel-Drum-Pump-Diesel-Oil-Transfer-Hand-Operated-Extractor-Tools-Accessory-2.jpg","type":"image\/jpeg"}],"twitter_card":"summary_large_image","twitter_misc":{"Ansl. lesetid":"1 minutt"},"schema":{"@context":"https:\/\/schema.org","@graph":[{"@type":"WebPage","@id":"https:\/\/ibc.ee\/no\/produkt\/handdrevet-fatpumpe-for-overforing-av-dieselolje-og-losemiddel-fra-stal\/","url":"https:\/\/ibc.ee\/no\/produkt\/handdrevet-fatpumpe-for-overforing-av-dieselolje-og-losemiddel-fra-stal\/","name":"H\u00e5nddrevet fatpumpe for overf\u00f8ring av dieselolje og l\u00f8semiddel fra st\u00e5l -","isPartOf":{"@id":"https:\/\/www.ibc.ee\/no\/#website"},"primaryImageOfPage":{"@id":"https:\/\/ibc.ee\/no\/produkt\/handdrevet-fatpumpe-for-overforing-av-dieselolje-og-losemiddel-fra-stal\/#primaryimage"},"image":{"@id":"https:\/\/ibc.ee\/no\/produkt\/handdrevet-fatpumpe-for-overforing-av-dieselolje-og-losemiddel-fra-stal\/#primaryimage"},"thumbnailUrl":"https:\/\/ibc.ee\/wp-content\/uploads\/2019\/05\/20L-min-Lever-Action-Barrel-Drum-Pump-Diesel-Oil-Transfer-Hand-Operated-Extractor-Tools-Accessory-2.jpg","datePublished":"2025-04-21T13:12:55+00:00","description":"Drum Pump Transfer Hand er et smart verkt\u00f8y for rask og enkel dispensering av girolje, diesel og andre ikke-etsende v\u00e6sker fra fat. Med selvjusterbart suger\u00f8r er den praktisk for fleksibel dosering, og du kan bruke det avtakbare munnstykket til \u00e5 montere slanger p\u00e5 en enkel m\u00e5te.","breadcrumb":{"@id":"https:\/\/ibc.ee\/no\/produkt\/handdrevet-fatpumpe-for-overforing-av-dieselolje-og-losemiddel-fra-stal\/#breadcrumb"},"inLanguage":"nb-NO","potentialAction":[{"@type":"ReadAction","target":["https:\/\/ibc.ee\/no\/produkt\/handdrevet-fatpumpe-for-overforing-av-dieselolje-og-losemiddel-fra-stal\/"]}]},{"@type":"ImageObject","inLanguage":"nb-NO","@id":"https:\/\/ibc.ee\/no\/produkt\/handdrevet-fatpumpe-for-overforing-av-dieselolje-og-losemiddel-fra-stal\/#primaryimage","url":"https:\/\/ibc.ee\/wp-content\/uploads\/2019\/05\/20L-min-Lever-Action-Barrel-Drum-Pump-Diesel-Oil-Transfer-Hand-Operated-Extractor-Tools-Accessory-2.jpg","contentUrl":"https:\/\/ibc.ee\/wp-content\/uploads\/2019\/05\/20L-min-Lever-Action-Barrel-Drum-Pump-Diesel-Oil-Transfer-Hand-Operated-Extractor-Tools-Accessory-2.jpg","width":1000,"height":1000},{"@type":"BreadcrumbList","@id":"https:\/\/ibc.ee\/no\/produkt\/handdrevet-fatpumpe-for-overforing-av-dieselolje-og-losemiddel-fra-stal\/#breadcrumb","itemListElement":[{"@type":"ListItem","position":1,"name":"\u0413\u043b\u0430\u0432\u043d\u0430\u044f \u0441\u0442\u0440\u0430\u043d\u0438\u0446\u0430","item":"https:\/\/www.ibc.ee\/no\/"},{"@type":"ListItem","position":2,"name":"Butikk","item":"https:\/\/www.ibc.ee\/no\/butikk\/"},{"@type":"ListItem","position":3,"name":"H\u00e5nddrevet fatpumpe for overf\u00f8ring av dieselolje og l\u00f8semiddel fra st\u00e5l"}]},{"@type":"WebSite","@id":"https:\/\/www.ibc.ee\/no\/#website","url":"https:\/\/www.ibc.ee\/no\/","name":"IBC konteineri m&uuml;&uuml;k, vaadid, kraanid, mahutid","description":"IBC - Tank container valve, Adapters\\fittings, Intermediate bulk, container, Drums\/cans","potentialAction":[{"@type":"SearchAction","target":{"@type":"EntryPoint","urlTemplate":"https:\/\/www.ibc.ee\/no\/?s={search_term_string}"},"query-input":{"@type":"PropertyValueSpecification","valueRequired":true,"valueName":"search_term_string"}}],"inLanguage":"nb-NO"}]}},"_links":{"self":[{"href":"https:\/\/ibc.ee\/no\/wp-json\/wp\/v2\/product\/23066","targetHints":{"allow":["GET"]}}],"collection":[{"href":"https:\/\/ibc.ee\/no\/wp-json\/wp\/v2\/product"}],"about":[{"href":"https:\/\/ibc.ee\/no\/wp-json\/wp\/v2\/types\/product"}],"wp:featuredmedia":[{"embeddable":true,"href":"https:\/\/ibc.ee\/no\/wp-json\/wp\/v2\/media\/23067"}],"wp:attachment":[{"href":"https:\/\/ibc.ee\/no\/wp-json\/wp\/v2\/media?parent=23066"}],"wp:term":[{"taxonomy":"product_brand","embeddable":true,"href":"https:\/\/ibc.ee\/no\/wp-json\/wp\/v2\/product_brand?post=23066"},{"taxonomy":"product_cat","embeddable":true,"href":"https:\/\/ibc.ee\/no\/wp-json\/wp\/v2\/product_cat?post=23066"},{"taxonomy":"product_tag","embeddable":true,"href":"https:\/\/ibc.ee\/no\/wp-json\/wp\/v2\/product_tag?post=23066"}],"curies":[{"name":"wp","href":"https:\/\/api.w.org\/{rel}","templated":true}]}}