{"id":23080,"date":"2019-05-23T12:03:07","date_gmt":"2025-04-21T13:12:57","guid":{"rendered":"https:\/\/ibc.ee\/product\/2-camlock-type-d-pp\/"},"modified":"2025-04-21T15:12:57","modified_gmt":"2025-04-21T13:12:57","slug":"2-camlock-type-d-pp","status":"publish","type":"product","link":"https:\/\/ibc.ee\/no\/produkt\/2-camlock-type-d-pp\/","title":{"rendered":"2&#8243; Camlock type D PP"},"content":{"rendered":"<p>Camlock type D PP-kobling brukes vanligvis med en adapter av type A. Denne type D-koblingen kan imidlertid brukes med en adapter av type E eller F samt en DP av tilsvarende st\u00f8rrelse. PP-koblingene er utstyrt med h\u00e5ndtak, ringer og pinner i rustfritt st\u00e5l for \u00e5 forlenge levetiden. Kaml\u00e5skoblinger brukes i mange ulike bransjer og bruksomr\u00e5der, og er sv\u00e6rt nyttige ved frakobling eller tilkobling av r\u00f8r, slanger eller r\u00f8rledninger. Disse kam- og sporkoblingene i polypropylen lagerf\u00f8res i st\u00f8rrelsene 1\/2&#8243;-4&#8243;, og spesialst\u00f8rrelser kan f\u00e5s p\u00e5 foresp\u00f8rsel.    <\/p>\n","protected":false},"excerpt":{"rendered":"<p>Camlock type D PP-kobling brukes vanligvis med en adapter av type A. Denne type D-koblingen kan imidlertid brukes med en adapter av type E eller F samt en DP av tilsvarende st\u00f8rrelse. PP-koblingene er utstyrt med h\u00e5ndtak, ringer og pinner i rustfritt st\u00e5l for \u00e5 forlenge levetiden. Kaml\u00e5skoblinger brukes i mange ulike bransjer og bruksomr\u00e5der, [&hellip;]<\/p>\n","protected":false},"featured_media":23081,"template":"","meta":[],"product_brand":[],"product_cat":[437],"product_tag":[],"class_list":{"0":"post-23080","1":"product","2":"type-product","3":"status-publish","4":"has-post-thumbnail","6":"product_cat-camlock-beslag-for-ibc-beholder","7":"product_shipping_class-omniva-no","9":"first","10":"instock","11":"taxable","12":"shipping-taxable","13":"purchasable","14":"product-type-simple"},"yoast_head":"<!-- This site is optimized with the Yoast SEO plugin v26.9 - https:\/\/yoast.com\/product\/yoast-seo-wordpress\/ -->\n<title>2&quot; Camlock type D PP - IBC konteineri m&uuml;&uuml;k, vaadid, kraanid, mahutid<\/title>\n<meta name=\"description\" content=\"Camlock type D PP 2&quot;. Type D-koblingen brukes vanligvis med en adapter av type A. Denne type D-koblingen kan imidlertid brukes med en adapter av type E eller F samt en DP av tilsvarende st\u00f8rrelse.\" \/>\n<meta name=\"robots\" content=\"index, follow, max-snippet:-1, max-image-preview:large, max-video-preview:-1\" \/>\n<link rel=\"canonical\" href=\"https:\/\/ibc.ee\/no\/produkt\/2-camlock-type-d-pp\/\" \/>\n<meta property=\"og:locale\" content=\"nb_NO\" \/>\n<meta property=\"og:type\" content=\"article\" \/>\n<meta property=\"og:title\" content=\"2&quot; Camlock type D PP - IBC konteineri m&uuml;&uuml;k, vaadid, kraanid, mahutid\" \/>\n<meta property=\"og:description\" content=\"Camlock type D PP 2&quot;. Type D-koblingen brukes vanligvis med en adapter av type A. Denne type D-koblingen kan imidlertid brukes med en adapter av type E eller F samt en DP av tilsvarende st\u00f8rrelse.\" \/>\n<meta property=\"og:url\" content=\"https:\/\/ibc.ee\/no\/produkt\/2-camlock-type-d-pp\/\" \/>\n<meta property=\"og:site_name\" content=\"IBC konteineri m&uuml;&uuml;k, vaadid, kraanid, mahutid\" \/>\n<meta property=\"og:image\" content=\"https:\/\/ibc.ee\/wp-content\/uploads\/2019\/05\/P1010060.jpg\" \/>\n\t<meta property=\"og:image:width\" content=\"950\" \/>\n\t<meta property=\"og:image:height\" content=\"712\" \/>\n\t<meta property=\"og:image:type\" content=\"image\/jpeg\" \/>\n<meta name=\"twitter:card\" content=\"summary_large_image\" \/>\n<script type=\"application\/ld+json\" class=\"yoast-schema-graph\">{\"@context\":\"https:\/\/schema.org\",\"@graph\":[{\"@type\":\"WebPage\",\"@id\":\"https:\/\/ibc.ee\/no\/produkt\/2-camlock-type-d-pp\/\",\"url\":\"https:\/\/ibc.ee\/no\/produkt\/2-camlock-type-d-pp\/\",\"name\":\"2\\\" Camlock type D PP - IBC konteineri m&uuml;&uuml;k, vaadid, kraanid, mahutid\",\"isPartOf\":{\"@id\":\"https:\/\/www.ibc.ee\/no\/#website\"},\"primaryImageOfPage\":{\"@id\":\"https:\/\/ibc.ee\/no\/produkt\/2-camlock-type-d-pp\/#primaryimage\"},\"image\":{\"@id\":\"https:\/\/ibc.ee\/no\/produkt\/2-camlock-type-d-pp\/#primaryimage\"},\"thumbnailUrl\":\"https:\/\/ibc.ee\/wp-content\/uploads\/2019\/05\/P1010060.jpg\",\"datePublished\":\"2025-04-21T13:12:57+00:00\",\"description\":\"Camlock type D PP 2\\\". Type D-koblingen brukes vanligvis med en adapter av type A. Denne type D-koblingen kan imidlertid brukes med en adapter av type E eller F samt en DP av tilsvarende st\u00f8rrelse.\",\"breadcrumb\":{\"@id\":\"https:\/\/ibc.ee\/no\/produkt\/2-camlock-type-d-pp\/#breadcrumb\"},\"inLanguage\":\"nb-NO\",\"potentialAction\":[{\"@type\":\"ReadAction\",\"target\":[\"https:\/\/ibc.ee\/no\/produkt\/2-camlock-type-d-pp\/\"]}]},{\"@type\":\"ImageObject\",\"inLanguage\":\"nb-NO\",\"@id\":\"https:\/\/ibc.ee\/no\/produkt\/2-camlock-type-d-pp\/#primaryimage\",\"url\":\"https:\/\/ibc.ee\/wp-content\/uploads\/2019\/05\/P1010060.jpg\",\"contentUrl\":\"https:\/\/ibc.ee\/wp-content\/uploads\/2019\/05\/P1010060.jpg\",\"width\":950,\"height\":712},{\"@type\":\"BreadcrumbList\",\"@id\":\"https:\/\/ibc.ee\/no\/produkt\/2-camlock-type-d-pp\/#breadcrumb\",\"itemListElement\":[{\"@type\":\"ListItem\",\"position\":1,\"name\":\"\u0413\u043b\u0430\u0432\u043d\u0430\u044f \u0441\u0442\u0440\u0430\u043d\u0438\u0446\u0430\",\"item\":\"https:\/\/www.ibc.ee\/no\/\"},{\"@type\":\"ListItem\",\"position\":2,\"name\":\"Butikk\",\"item\":\"https:\/\/www.ibc.ee\/no\/butikk\/\"},{\"@type\":\"ListItem\",\"position\":3,\"name\":\"2&#8243; Camlock type D PP\"}]},{\"@type\":\"WebSite\",\"@id\":\"https:\/\/www.ibc.ee\/no\/#website\",\"url\":\"https:\/\/www.ibc.ee\/no\/\",\"name\":\"IBC konteineri m&uuml;&uuml;k, vaadid, kraanid, mahutid\",\"description\":\"IBC - Tank container valve, Adapters\\\\fittings, Intermediate bulk, container, Drums\/cans\",\"potentialAction\":[{\"@type\":\"SearchAction\",\"target\":{\"@type\":\"EntryPoint\",\"urlTemplate\":\"https:\/\/www.ibc.ee\/no\/?s={search_term_string}\"},\"query-input\":{\"@type\":\"PropertyValueSpecification\",\"valueRequired\":true,\"valueName\":\"search_term_string\"}}],\"inLanguage\":\"nb-NO\"}]}<\/script>\n<!-- \/ Yoast SEO plugin. -->","yoast_head_json":{"title":"2\" Camlock type D PP - IBC konteineri m&uuml;&uuml;k, vaadid, kraanid, mahutid","description":"Camlock type D PP 2\". Type D-koblingen brukes vanligvis med en adapter av type A. Denne type D-koblingen kan imidlertid brukes med en adapter av type E eller F samt en DP av tilsvarende st\u00f8rrelse.","robots":{"index":"index","follow":"follow","max-snippet":"max-snippet:-1","max-image-preview":"max-image-preview:large","max-video-preview":"max-video-preview:-1"},"canonical":"https:\/\/ibc.ee\/no\/produkt\/2-camlock-type-d-pp\/","og_locale":"nb_NO","og_type":"article","og_title":"2\" Camlock type D PP - IBC konteineri m&uuml;&uuml;k, vaadid, kraanid, mahutid","og_description":"Camlock type D PP 2\". Type D-koblingen brukes vanligvis med en adapter av type A. Denne type D-koblingen kan imidlertid brukes med en adapter av type E eller F samt en DP av tilsvarende st\u00f8rrelse.","og_url":"https:\/\/ibc.ee\/no\/produkt\/2-camlock-type-d-pp\/","og_site_name":"IBC konteineri m&uuml;&uuml;k, vaadid, kraanid, mahutid","og_image":[{"width":950,"height":712,"url":"https:\/\/ibc.ee\/wp-content\/uploads\/2019\/05\/P1010060.jpg","type":"image\/jpeg"}],"twitter_card":"summary_large_image","schema":{"@context":"https:\/\/schema.org","@graph":[{"@type":"WebPage","@id":"https:\/\/ibc.ee\/no\/produkt\/2-camlock-type-d-pp\/","url":"https:\/\/ibc.ee\/no\/produkt\/2-camlock-type-d-pp\/","name":"2\" Camlock type D PP - IBC konteineri m&uuml;&uuml;k, vaadid, kraanid, mahutid","isPartOf":{"@id":"https:\/\/www.ibc.ee\/no\/#website"},"primaryImageOfPage":{"@id":"https:\/\/ibc.ee\/no\/produkt\/2-camlock-type-d-pp\/#primaryimage"},"image":{"@id":"https:\/\/ibc.ee\/no\/produkt\/2-camlock-type-d-pp\/#primaryimage"},"thumbnailUrl":"https:\/\/ibc.ee\/wp-content\/uploads\/2019\/05\/P1010060.jpg","datePublished":"2025-04-21T13:12:57+00:00","description":"Camlock type D PP 2\". Type D-koblingen brukes vanligvis med en adapter av type A. Denne type D-koblingen kan imidlertid brukes med en adapter av type E eller F samt en DP av tilsvarende st\u00f8rrelse.","breadcrumb":{"@id":"https:\/\/ibc.ee\/no\/produkt\/2-camlock-type-d-pp\/#breadcrumb"},"inLanguage":"nb-NO","potentialAction":[{"@type":"ReadAction","target":["https:\/\/ibc.ee\/no\/produkt\/2-camlock-type-d-pp\/"]}]},{"@type":"ImageObject","inLanguage":"nb-NO","@id":"https:\/\/ibc.ee\/no\/produkt\/2-camlock-type-d-pp\/#primaryimage","url":"https:\/\/ibc.ee\/wp-content\/uploads\/2019\/05\/P1010060.jpg","contentUrl":"https:\/\/ibc.ee\/wp-content\/uploads\/2019\/05\/P1010060.jpg","width":950,"height":712},{"@type":"BreadcrumbList","@id":"https:\/\/ibc.ee\/no\/produkt\/2-camlock-type-d-pp\/#breadcrumb","itemListElement":[{"@type":"ListItem","position":1,"name":"\u0413\u043b\u0430\u0432\u043d\u0430\u044f \u0441\u0442\u0440\u0430\u043d\u0438\u0446\u0430","item":"https:\/\/www.ibc.ee\/no\/"},{"@type":"ListItem","position":2,"name":"Butikk","item":"https:\/\/www.ibc.ee\/no\/butikk\/"},{"@type":"ListItem","position":3,"name":"2&#8243; Camlock type D PP"}]},{"@type":"WebSite","@id":"https:\/\/www.ibc.ee\/no\/#website","url":"https:\/\/www.ibc.ee\/no\/","name":"IBC konteineri m&uuml;&uuml;k, vaadid, kraanid, mahutid","description":"IBC - Tank container valve, Adapters\\fittings, Intermediate bulk, container, Drums\/cans","potentialAction":[{"@type":"SearchAction","target":{"@type":"EntryPoint","urlTemplate":"https:\/\/www.ibc.ee\/no\/?s={search_term_string}"},"query-input":{"@type":"PropertyValueSpecification","valueRequired":true,"valueName":"search_term_string"}}],"inLanguage":"nb-NO"}]}},"_links":{"self":[{"href":"https:\/\/ibc.ee\/no\/wp-json\/wp\/v2\/product\/23080","targetHints":{"allow":["GET"]}}],"collection":[{"href":"https:\/\/ibc.ee\/no\/wp-json\/wp\/v2\/product"}],"about":[{"href":"https:\/\/ibc.ee\/no\/wp-json\/wp\/v2\/types\/product"}],"wp:featuredmedia":[{"embeddable":true,"href":"https:\/\/ibc.ee\/no\/wp-json\/wp\/v2\/media\/23081"}],"wp:attachment":[{"href":"https:\/\/ibc.ee\/no\/wp-json\/wp\/v2\/media?parent=23080"}],"wp:term":[{"taxonomy":"product_brand","embeddable":true,"href":"https:\/\/ibc.ee\/no\/wp-json\/wp\/v2\/product_brand?post=23080"},{"taxonomy":"product_cat","embeddable":true,"href":"https:\/\/ibc.ee\/no\/wp-json\/wp\/v2\/product_cat?post=23080"},{"taxonomy":"product_tag","embeddable":true,"href":"https:\/\/ibc.ee\/no\/wp-json\/wp\/v2\/product_tag?post=23080"}],"curies":[{"name":"wp","href":"https:\/\/api.w.org\/{rel}","templated":true}]}}