{"id":23148,"date":"2019-05-13T12:37:07","date_gmt":"2025-04-21T16:44:23","guid":{"rendered":"https:\/\/ibc.ee\/product\/adapter-for-ibc-container-2-med-ventil-3%e2%81%844-for-slange-19-mm\/"},"modified":"2025-04-21T18:44:23","modified_gmt":"2025-04-21T16:44:23","slug":"adapter-for-ibc-container-2-med-ventil-3%e2%81%844-for-slange-19-mm","status":"publish","type":"product","link":"https:\/\/ibc.ee\/no\/produkt\/adapter-for-ibc-container-2-med-ventil-3%e2%81%844-for-slange-19-mm\/","title":{"rendered":"Adapter for IBC-container 2&#8243; med ventil 3\u20444&raquo; for slange 19 mm"},"content":{"rendered":"<p>Adapter for IBC-beholder 2&#8243; med ventil 3\u20444&raquo; for slange 19 mm. Dette er en adapter som passer til standard IBC-containere Laget av f\u00f8rsteklasses plast, h\u00f8y kvalitet. Enkel \u00e5 installere.  <\/p>\n","protected":false},"excerpt":{"rendered":"<p>Adapter for IBC-beholder 2&#8243; med ventil 3\u20444&raquo; for slange 19 mm. Dette er en adapter som passer til standard IBC-containere Laget av f\u00f8rsteklasses plast, h\u00f8y kvalitet. Enkel \u00e5 installere.<\/p>\n","protected":false},"featured_media":23149,"template":"","meta":[],"product_brand":[],"product_cat":[438,436],"product_tag":[],"class_list":{"0":"post-23148","1":"product","2":"type-product","3":"status-publish","4":"has-post-thumbnail","6":"product_cat-adaptere-og-beslag-for-ibc-container","7":"product_cat-ankbeholderventil-for-ibc-beholder","8":"product_shipping_class-omniva-no","10":"first","11":"instock","12":"taxable","13":"shipping-taxable","14":"purchasable","15":"product-type-simple"},"yoast_head":"<!-- This site is optimized with the Yoast SEO plugin v26.9 - https:\/\/yoast.com\/product\/yoast-seo-wordpress\/ -->\n<title>Adapter for IBC-container 2&quot; med ventil 3\u20444&#039;&#039; for slange 19 mm - IBC konteineri m&uuml;&uuml;k, vaadid, kraanid, mahutid<\/title>\n<meta name=\"description\" content=\"Adapter for IBC-beholder 2&quot; med ventil 3\u20444&#039;&#039; for slange 19 mm. Dette er en adapter som passer til standard IBC-containere Laget av f\u00f8rsteklasses plast, h\u00f8y kvalitet. Enkel \u00e5 installere.\" \/>\n<meta name=\"robots\" content=\"index, follow, max-snippet:-1, max-image-preview:large, max-video-preview:-1\" \/>\n<link rel=\"canonical\" href=\"https:\/\/ibc.ee\/no\/produkt\/adapter-for-ibc-container-2-med-ventil-3%e2%81%844-for-slange-19-mm\/\" \/>\n<meta property=\"og:locale\" content=\"nb_NO\" \/>\n<meta property=\"og:type\" content=\"article\" \/>\n<meta property=\"og:title\" content=\"Adapter for IBC-container 2&quot; med ventil 3\u20444&#039;&#039; for slange 19 mm - IBC konteineri m&uuml;&uuml;k, vaadid, kraanid, mahutid\" \/>\n<meta property=\"og:description\" content=\"Adapter for IBC-beholder 2&quot; med ventil 3\u20444&#039;&#039; for slange 19 mm. Dette er en adapter som passer til standard IBC-containere Laget av f\u00f8rsteklasses plast, h\u00f8y kvalitet. Enkel \u00e5 installere.\" \/>\n<meta property=\"og:url\" content=\"https:\/\/ibc.ee\/no\/produkt\/adapter-for-ibc-container-2-med-ventil-3%e2%81%844-for-slange-19-mm\/\" \/>\n<meta property=\"og:site_name\" content=\"IBC konteineri m&uuml;&uuml;k, vaadid, kraanid, mahutid\" \/>\n<meta property=\"og:image\" content=\"https:\/\/ibc.ee\/wp-content\/uploads\/2019\/05\/P1019957.jpg\" \/>\n\t<meta property=\"og:image:width\" content=\"884\" \/>\n\t<meta property=\"og:image:height\" content=\"758\" \/>\n\t<meta property=\"og:image:type\" content=\"image\/jpeg\" \/>\n<meta name=\"twitter:card\" content=\"summary_large_image\" \/>\n<script type=\"application\/ld+json\" class=\"yoast-schema-graph\">{\"@context\":\"https:\/\/schema.org\",\"@graph\":[{\"@type\":\"WebPage\",\"@id\":\"https:\/\/ibc.ee\/no\/produkt\/adapter-for-ibc-container-2-med-ventil-3%e2%81%844-for-slange-19-mm\/\",\"url\":\"https:\/\/ibc.ee\/no\/produkt\/adapter-for-ibc-container-2-med-ventil-3%e2%81%844-for-slange-19-mm\/\",\"name\":\"Adapter for IBC-container 2\\\" med ventil 3\u20444'' for slange 19 mm - IBC konteineri m&uuml;&uuml;k, vaadid, kraanid, mahutid\",\"isPartOf\":{\"@id\":\"https:\/\/ibc.ee\/no\/#website\"},\"primaryImageOfPage\":{\"@id\":\"https:\/\/ibc.ee\/no\/produkt\/adapter-for-ibc-container-2-med-ventil-3%e2%81%844-for-slange-19-mm\/#primaryimage\"},\"image\":{\"@id\":\"https:\/\/ibc.ee\/no\/produkt\/adapter-for-ibc-container-2-med-ventil-3%e2%81%844-for-slange-19-mm\/#primaryimage\"},\"thumbnailUrl\":\"https:\/\/ibc.ee\/wp-content\/uploads\/2019\/05\/P1019957.jpg\",\"datePublished\":\"2025-04-21T16:44:23+00:00\",\"description\":\"Adapter for IBC-beholder 2\\\" med ventil 3\u20444'' for slange 19 mm. Dette er en adapter som passer til standard IBC-containere Laget av f\u00f8rsteklasses plast, h\u00f8y kvalitet. Enkel \u00e5 installere.\",\"breadcrumb\":{\"@id\":\"https:\/\/ibc.ee\/no\/produkt\/adapter-for-ibc-container-2-med-ventil-3%e2%81%844-for-slange-19-mm\/#breadcrumb\"},\"inLanguage\":\"nb-NO\",\"potentialAction\":[{\"@type\":\"ReadAction\",\"target\":[\"https:\/\/ibc.ee\/no\/produkt\/adapter-for-ibc-container-2-med-ventil-3%e2%81%844-for-slange-19-mm\/\"]}]},{\"@type\":\"ImageObject\",\"inLanguage\":\"nb-NO\",\"@id\":\"https:\/\/ibc.ee\/no\/produkt\/adapter-for-ibc-container-2-med-ventil-3%e2%81%844-for-slange-19-mm\/#primaryimage\",\"url\":\"https:\/\/ibc.ee\/wp-content\/uploads\/2019\/05\/P1019957.jpg\",\"contentUrl\":\"https:\/\/ibc.ee\/wp-content\/uploads\/2019\/05\/P1019957.jpg\",\"width\":884,\"height\":758},{\"@type\":\"BreadcrumbList\",\"@id\":\"https:\/\/ibc.ee\/no\/produkt\/adapter-for-ibc-container-2-med-ventil-3%e2%81%844-for-slange-19-mm\/#breadcrumb\",\"itemListElement\":[{\"@type\":\"ListItem\",\"position\":1,\"name\":\"\u0413\u043b\u0430\u0432\u043d\u0430\u044f \u0441\u0442\u0440\u0430\u043d\u0438\u0446\u0430\",\"item\":\"https:\/\/ibc.ee\/no\/\"},{\"@type\":\"ListItem\",\"position\":2,\"name\":\"Butikk\",\"item\":\"https:\/\/ibc.ee\/no\/butikk\/\"},{\"@type\":\"ListItem\",\"position\":3,\"name\":\"Adapter for IBC-container 2&#8243; med ventil 3\u20444&raquo; for slange 19 mm\"}]},{\"@type\":\"WebSite\",\"@id\":\"https:\/\/ibc.ee\/no\/#website\",\"url\":\"https:\/\/ibc.ee\/no\/\",\"name\":\"IBC konteineri m&uuml;&uuml;k, vaadid, kraanid, mahutid\",\"description\":\"IBC - Tank container valve, Adapters\\\\fittings, Intermediate bulk, container, Drums\/cans\",\"potentialAction\":[{\"@type\":\"SearchAction\",\"target\":{\"@type\":\"EntryPoint\",\"urlTemplate\":\"https:\/\/ibc.ee\/no\/?s={search_term_string}\"},\"query-input\":{\"@type\":\"PropertyValueSpecification\",\"valueRequired\":true,\"valueName\":\"search_term_string\"}}],\"inLanguage\":\"nb-NO\"}]}<\/script>\n<!-- \/ Yoast SEO plugin. -->","yoast_head_json":{"title":"Adapter for IBC-container 2\" med ventil 3\u20444'' for slange 19 mm - IBC konteineri m&uuml;&uuml;k, vaadid, kraanid, mahutid","description":"Adapter for IBC-beholder 2\" med ventil 3\u20444'' for slange 19 mm. Dette er en adapter som passer til standard IBC-containere Laget av f\u00f8rsteklasses plast, h\u00f8y kvalitet. Enkel \u00e5 installere.","robots":{"index":"index","follow":"follow","max-snippet":"max-snippet:-1","max-image-preview":"max-image-preview:large","max-video-preview":"max-video-preview:-1"},"canonical":"https:\/\/ibc.ee\/no\/produkt\/adapter-for-ibc-container-2-med-ventil-3%e2%81%844-for-slange-19-mm\/","og_locale":"nb_NO","og_type":"article","og_title":"Adapter for IBC-container 2\" med ventil 3\u20444'' for slange 19 mm - IBC konteineri m&uuml;&uuml;k, vaadid, kraanid, mahutid","og_description":"Adapter for IBC-beholder 2\" med ventil 3\u20444'' for slange 19 mm. Dette er en adapter som passer til standard IBC-containere Laget av f\u00f8rsteklasses plast, h\u00f8y kvalitet. Enkel \u00e5 installere.","og_url":"https:\/\/ibc.ee\/no\/produkt\/adapter-for-ibc-container-2-med-ventil-3%e2%81%844-for-slange-19-mm\/","og_site_name":"IBC konteineri m&uuml;&uuml;k, vaadid, kraanid, mahutid","og_image":[{"width":884,"height":758,"url":"https:\/\/ibc.ee\/wp-content\/uploads\/2019\/05\/P1019957.jpg","type":"image\/jpeg"}],"twitter_card":"summary_large_image","schema":{"@context":"https:\/\/schema.org","@graph":[{"@type":"WebPage","@id":"https:\/\/ibc.ee\/no\/produkt\/adapter-for-ibc-container-2-med-ventil-3%e2%81%844-for-slange-19-mm\/","url":"https:\/\/ibc.ee\/no\/produkt\/adapter-for-ibc-container-2-med-ventil-3%e2%81%844-for-slange-19-mm\/","name":"Adapter for IBC-container 2\" med ventil 3\u20444'' for slange 19 mm - IBC konteineri m&uuml;&uuml;k, vaadid, kraanid, mahutid","isPartOf":{"@id":"https:\/\/ibc.ee\/no\/#website"},"primaryImageOfPage":{"@id":"https:\/\/ibc.ee\/no\/produkt\/adapter-for-ibc-container-2-med-ventil-3%e2%81%844-for-slange-19-mm\/#primaryimage"},"image":{"@id":"https:\/\/ibc.ee\/no\/produkt\/adapter-for-ibc-container-2-med-ventil-3%e2%81%844-for-slange-19-mm\/#primaryimage"},"thumbnailUrl":"https:\/\/ibc.ee\/wp-content\/uploads\/2019\/05\/P1019957.jpg","datePublished":"2025-04-21T16:44:23+00:00","description":"Adapter for IBC-beholder 2\" med ventil 3\u20444'' for slange 19 mm. Dette er en adapter som passer til standard IBC-containere Laget av f\u00f8rsteklasses plast, h\u00f8y kvalitet. Enkel \u00e5 installere.","breadcrumb":{"@id":"https:\/\/ibc.ee\/no\/produkt\/adapter-for-ibc-container-2-med-ventil-3%e2%81%844-for-slange-19-mm\/#breadcrumb"},"inLanguage":"nb-NO","potentialAction":[{"@type":"ReadAction","target":["https:\/\/ibc.ee\/no\/produkt\/adapter-for-ibc-container-2-med-ventil-3%e2%81%844-for-slange-19-mm\/"]}]},{"@type":"ImageObject","inLanguage":"nb-NO","@id":"https:\/\/ibc.ee\/no\/produkt\/adapter-for-ibc-container-2-med-ventil-3%e2%81%844-for-slange-19-mm\/#primaryimage","url":"https:\/\/ibc.ee\/wp-content\/uploads\/2019\/05\/P1019957.jpg","contentUrl":"https:\/\/ibc.ee\/wp-content\/uploads\/2019\/05\/P1019957.jpg","width":884,"height":758},{"@type":"BreadcrumbList","@id":"https:\/\/ibc.ee\/no\/produkt\/adapter-for-ibc-container-2-med-ventil-3%e2%81%844-for-slange-19-mm\/#breadcrumb","itemListElement":[{"@type":"ListItem","position":1,"name":"\u0413\u043b\u0430\u0432\u043d\u0430\u044f \u0441\u0442\u0440\u0430\u043d\u0438\u0446\u0430","item":"https:\/\/ibc.ee\/no\/"},{"@type":"ListItem","position":2,"name":"Butikk","item":"https:\/\/ibc.ee\/no\/butikk\/"},{"@type":"ListItem","position":3,"name":"Adapter for IBC-container 2&#8243; med ventil 3\u20444&raquo; for slange 19 mm"}]},{"@type":"WebSite","@id":"https:\/\/ibc.ee\/no\/#website","url":"https:\/\/ibc.ee\/no\/","name":"IBC konteineri m&uuml;&uuml;k, vaadid, kraanid, mahutid","description":"IBC - Tank container valve, Adapters\\fittings, Intermediate bulk, container, Drums\/cans","potentialAction":[{"@type":"SearchAction","target":{"@type":"EntryPoint","urlTemplate":"https:\/\/ibc.ee\/no\/?s={search_term_string}"},"query-input":{"@type":"PropertyValueSpecification","valueRequired":true,"valueName":"search_term_string"}}],"inLanguage":"nb-NO"}]}},"_links":{"self":[{"href":"https:\/\/ibc.ee\/no\/wp-json\/wp\/v2\/product\/23148","targetHints":{"allow":["GET"]}}],"collection":[{"href":"https:\/\/ibc.ee\/no\/wp-json\/wp\/v2\/product"}],"about":[{"href":"https:\/\/ibc.ee\/no\/wp-json\/wp\/v2\/types\/product"}],"wp:featuredmedia":[{"embeddable":true,"href":"https:\/\/ibc.ee\/no\/wp-json\/wp\/v2\/media\/23149"}],"wp:attachment":[{"href":"https:\/\/ibc.ee\/no\/wp-json\/wp\/v2\/media?parent=23148"}],"wp:term":[{"taxonomy":"product_brand","embeddable":true,"href":"https:\/\/ibc.ee\/no\/wp-json\/wp\/v2\/product_brand?post=23148"},{"taxonomy":"product_cat","embeddable":true,"href":"https:\/\/ibc.ee\/no\/wp-json\/wp\/v2\/product_cat?post=23148"},{"taxonomy":"product_tag","embeddable":true,"href":"https:\/\/ibc.ee\/no\/wp-json\/wp\/v2\/product_tag?post=23148"}],"curies":[{"name":"wp","href":"https:\/\/api.w.org\/{rel}","templated":true}]}}