{"id":23356,"date":"2021-02-20T00:01:48","date_gmt":"2025-04-22T11:25:20","guid":{"rendered":"https:\/\/ibc.ee\/product\/304-rustfritt-stal-5-liters-handpumpe-med-vertikal-loft\/"},"modified":"2025-04-22T13:25:20","modified_gmt":"2025-04-22T11:25:20","slug":"304-rustfritt-stal-5-liters-handpumpe-med-vertikal-loft","status":"publish","type":"product","link":"https:\/\/ibc.ee\/no\/produkt\/304-rustfritt-stal-5-liters-handpumpe-med-vertikal-loft\/","title":{"rendered":"304 rustfritt st\u00e5l 5-liters h\u00e5ndpumpe med vertikal l\u00f8ft"},"content":{"rendered":"<p>304 rustfritt st\u00e5l 5-gallon vertikal l\u00f8fteh\u00e5ndpumpe<\/p>\n<p>Spesifikasjoner:<br \/>\nMateriale: 304 rustfritt st\u00e5l<br \/>\nTetningsmateriale: PTFE<br \/>\nStempel: PP<br \/>\nInnl\u00f8psdiameter: 37<br \/>\nUtl\u00f8psdiameter: 19\/16 mm<br \/>\nKapasitet: 800 cc \/ slag<br \/>\nFlyter: 35 l\/min<br \/>\nSuging: 1m<br \/>\nL\u00f8ft: 1m<br \/>\nBruksomr\u00e5der: Tungolje, maskinolje, mat (juice, melk, vin, vann), alkohol<\/p>\n","protected":false},"excerpt":{"rendered":"<p>304 rustfritt st\u00e5l 5-gallon vertikal l\u00f8fteh\u00e5ndpumpe Spesifikasjoner: Materiale: 304 rustfritt st\u00e5l Tetningsmateriale: PTFE Stempel: PP Innl\u00f8psdiameter: 37 Utl\u00f8psdiameter: 19\/16 mm Kapasitet: 800 cc \/ slag Flyter: 35 l\/min Suging: 1m L\u00f8ft: 1m Bruksomr\u00e5der: Tungolje, maskinolje, mat (juice, melk, vin, vann), alkohol<\/p>\n","protected":false},"featured_media":23357,"template":"","meta":[],"product_brand":[],"product_cat":[440],"product_tag":[],"class_list":{"0":"post-23356","1":"product","2":"type-product","3":"status-publish","4":"has-post-thumbnail","6":"product_cat-trommer-og-bokser","7":"product_shipping_class-tilbehor","9":"first","10":"instock","11":"taxable","12":"shipping-taxable","13":"purchasable","14":"product-type-simple"},"yoast_head":"<!-- This site is optimized with the Yoast SEO plugin v26.9 - https:\/\/yoast.com\/product\/yoast-seo-wordpress\/ -->\n<title>304 rustfritt st\u00e5l 5-liters h\u00e5ndpumpe med vertikal l\u00f8ft -<\/title>\n<meta name=\"description\" content=\"304 rustfritt st\u00e5l 5-liters h\u00e5ndpumpe med vertikal l\u00f8ft. Bruksomr\u00e5der: Tungolje, maskinolje, mat (juice, melk, vin, vann), alkohol\" \/>\n<meta name=\"robots\" content=\"index, follow, max-snippet:-1, max-image-preview:large, max-video-preview:-1\" \/>\n<link rel=\"canonical\" href=\"https:\/\/ibc.ee\/no\/produkt\/304-rustfritt-stal-5-liters-handpumpe-med-vertikal-loft\/\" \/>\n<meta property=\"og:locale\" content=\"nb_NO\" \/>\n<meta property=\"og:type\" content=\"article\" \/>\n<meta property=\"og:title\" content=\"304 rustfritt st\u00e5l 5-liters h\u00e5ndpumpe med vertikal l\u00f8ft -\" \/>\n<meta property=\"og:description\" content=\"304 rustfritt st\u00e5l 5-liters h\u00e5ndpumpe med vertikal l\u00f8ft. Bruksomr\u00e5der: Tungolje, maskinolje, mat (juice, melk, vin, vann), alkohol\" \/>\n<meta property=\"og:url\" content=\"https:\/\/ibc.ee\/no\/produkt\/304-rustfritt-stal-5-liters-handpumpe-med-vertikal-loft\/\" \/>\n<meta property=\"og:site_name\" content=\"IBC konteineri m&uuml;&uuml;k, vaadid, kraanid, mahutid\" \/>\n<meta property=\"og:image\" content=\"https:\/\/ibc.ee\/wp-content\/uploads\/2021\/02\/Terasest-kasipump-tunnile.jpg\" \/>\n\t<meta property=\"og:image:width\" content=\"1000\" \/>\n\t<meta property=\"og:image:height\" content=\"1000\" \/>\n\t<meta property=\"og:image:type\" content=\"image\/jpeg\" \/>\n<meta name=\"twitter:card\" content=\"summary_large_image\" \/>\n<script type=\"application\/ld+json\" class=\"yoast-schema-graph\">{\"@context\":\"https:\/\/schema.org\",\"@graph\":[{\"@type\":\"WebPage\",\"@id\":\"https:\/\/ibc.ee\/no\/produkt\/304-rustfritt-stal-5-liters-handpumpe-med-vertikal-loft\/\",\"url\":\"https:\/\/ibc.ee\/no\/produkt\/304-rustfritt-stal-5-liters-handpumpe-med-vertikal-loft\/\",\"name\":\"304 rustfritt st\u00e5l 5-liters h\u00e5ndpumpe med vertikal l\u00f8ft -\",\"isPartOf\":{\"@id\":\"https:\/\/www.ibc.ee\/no\/#website\"},\"primaryImageOfPage\":{\"@id\":\"https:\/\/ibc.ee\/no\/produkt\/304-rustfritt-stal-5-liters-handpumpe-med-vertikal-loft\/#primaryimage\"},\"image\":{\"@id\":\"https:\/\/ibc.ee\/no\/produkt\/304-rustfritt-stal-5-liters-handpumpe-med-vertikal-loft\/#primaryimage\"},\"thumbnailUrl\":\"https:\/\/ibc.ee\/wp-content\/uploads\/2021\/02\/Terasest-kasipump-tunnile.jpg\",\"datePublished\":\"2025-04-22T11:25:20+00:00\",\"description\":\"304 rustfritt st\u00e5l 5-liters h\u00e5ndpumpe med vertikal l\u00f8ft. Bruksomr\u00e5der: Tungolje, maskinolje, mat (juice, melk, vin, vann), alkohol\",\"breadcrumb\":{\"@id\":\"https:\/\/ibc.ee\/no\/produkt\/304-rustfritt-stal-5-liters-handpumpe-med-vertikal-loft\/#breadcrumb\"},\"inLanguage\":\"nb-NO\",\"potentialAction\":[{\"@type\":\"ReadAction\",\"target\":[\"https:\/\/ibc.ee\/no\/produkt\/304-rustfritt-stal-5-liters-handpumpe-med-vertikal-loft\/\"]}]},{\"@type\":\"ImageObject\",\"inLanguage\":\"nb-NO\",\"@id\":\"https:\/\/ibc.ee\/no\/produkt\/304-rustfritt-stal-5-liters-handpumpe-med-vertikal-loft\/#primaryimage\",\"url\":\"https:\/\/ibc.ee\/wp-content\/uploads\/2021\/02\/Terasest-kasipump-tunnile.jpg\",\"contentUrl\":\"https:\/\/ibc.ee\/wp-content\/uploads\/2021\/02\/Terasest-kasipump-tunnile.jpg\",\"width\":1000,\"height\":1000},{\"@type\":\"BreadcrumbList\",\"@id\":\"https:\/\/ibc.ee\/no\/produkt\/304-rustfritt-stal-5-liters-handpumpe-med-vertikal-loft\/#breadcrumb\",\"itemListElement\":[{\"@type\":\"ListItem\",\"position\":1,\"name\":\"\u0413\u043b\u0430\u0432\u043d\u0430\u044f \u0441\u0442\u0440\u0430\u043d\u0438\u0446\u0430\",\"item\":\"https:\/\/www.ibc.ee\/no\/\"},{\"@type\":\"ListItem\",\"position\":2,\"name\":\"Butikk\",\"item\":\"https:\/\/www.ibc.ee\/no\/butikk\/\"},{\"@type\":\"ListItem\",\"position\":3,\"name\":\"304 rustfritt st\u00e5l 5-liters h\u00e5ndpumpe med vertikal l\u00f8ft\"}]},{\"@type\":\"WebSite\",\"@id\":\"https:\/\/www.ibc.ee\/no\/#website\",\"url\":\"https:\/\/www.ibc.ee\/no\/\",\"name\":\"IBC konteineri m&uuml;&uuml;k, vaadid, kraanid, mahutid\",\"description\":\"IBC - Tank container valve, Adapters\\\\fittings, Intermediate bulk, container, Drums\/cans\",\"potentialAction\":[{\"@type\":\"SearchAction\",\"target\":{\"@type\":\"EntryPoint\",\"urlTemplate\":\"https:\/\/www.ibc.ee\/no\/?s={search_term_string}\"},\"query-input\":{\"@type\":\"PropertyValueSpecification\",\"valueRequired\":true,\"valueName\":\"search_term_string\"}}],\"inLanguage\":\"nb-NO\"}]}<\/script>\n<!-- \/ Yoast SEO plugin. -->","yoast_head_json":{"title":"304 rustfritt st\u00e5l 5-liters h\u00e5ndpumpe med vertikal l\u00f8ft -","description":"304 rustfritt st\u00e5l 5-liters h\u00e5ndpumpe med vertikal l\u00f8ft. Bruksomr\u00e5der: Tungolje, maskinolje, mat (juice, melk, vin, vann), alkohol","robots":{"index":"index","follow":"follow","max-snippet":"max-snippet:-1","max-image-preview":"max-image-preview:large","max-video-preview":"max-video-preview:-1"},"canonical":"https:\/\/ibc.ee\/no\/produkt\/304-rustfritt-stal-5-liters-handpumpe-med-vertikal-loft\/","og_locale":"nb_NO","og_type":"article","og_title":"304 rustfritt st\u00e5l 5-liters h\u00e5ndpumpe med vertikal l\u00f8ft -","og_description":"304 rustfritt st\u00e5l 5-liters h\u00e5ndpumpe med vertikal l\u00f8ft. Bruksomr\u00e5der: Tungolje, maskinolje, mat (juice, melk, vin, vann), alkohol","og_url":"https:\/\/ibc.ee\/no\/produkt\/304-rustfritt-stal-5-liters-handpumpe-med-vertikal-loft\/","og_site_name":"IBC konteineri m&uuml;&uuml;k, vaadid, kraanid, mahutid","og_image":[{"width":1000,"height":1000,"url":"https:\/\/ibc.ee\/wp-content\/uploads\/2021\/02\/Terasest-kasipump-tunnile.jpg","type":"image\/jpeg"}],"twitter_card":"summary_large_image","schema":{"@context":"https:\/\/schema.org","@graph":[{"@type":"WebPage","@id":"https:\/\/ibc.ee\/no\/produkt\/304-rustfritt-stal-5-liters-handpumpe-med-vertikal-loft\/","url":"https:\/\/ibc.ee\/no\/produkt\/304-rustfritt-stal-5-liters-handpumpe-med-vertikal-loft\/","name":"304 rustfritt st\u00e5l 5-liters h\u00e5ndpumpe med vertikal l\u00f8ft -","isPartOf":{"@id":"https:\/\/www.ibc.ee\/no\/#website"},"primaryImageOfPage":{"@id":"https:\/\/ibc.ee\/no\/produkt\/304-rustfritt-stal-5-liters-handpumpe-med-vertikal-loft\/#primaryimage"},"image":{"@id":"https:\/\/ibc.ee\/no\/produkt\/304-rustfritt-stal-5-liters-handpumpe-med-vertikal-loft\/#primaryimage"},"thumbnailUrl":"https:\/\/ibc.ee\/wp-content\/uploads\/2021\/02\/Terasest-kasipump-tunnile.jpg","datePublished":"2025-04-22T11:25:20+00:00","description":"304 rustfritt st\u00e5l 5-liters h\u00e5ndpumpe med vertikal l\u00f8ft. Bruksomr\u00e5der: Tungolje, maskinolje, mat (juice, melk, vin, vann), alkohol","breadcrumb":{"@id":"https:\/\/ibc.ee\/no\/produkt\/304-rustfritt-stal-5-liters-handpumpe-med-vertikal-loft\/#breadcrumb"},"inLanguage":"nb-NO","potentialAction":[{"@type":"ReadAction","target":["https:\/\/ibc.ee\/no\/produkt\/304-rustfritt-stal-5-liters-handpumpe-med-vertikal-loft\/"]}]},{"@type":"ImageObject","inLanguage":"nb-NO","@id":"https:\/\/ibc.ee\/no\/produkt\/304-rustfritt-stal-5-liters-handpumpe-med-vertikal-loft\/#primaryimage","url":"https:\/\/ibc.ee\/wp-content\/uploads\/2021\/02\/Terasest-kasipump-tunnile.jpg","contentUrl":"https:\/\/ibc.ee\/wp-content\/uploads\/2021\/02\/Terasest-kasipump-tunnile.jpg","width":1000,"height":1000},{"@type":"BreadcrumbList","@id":"https:\/\/ibc.ee\/no\/produkt\/304-rustfritt-stal-5-liters-handpumpe-med-vertikal-loft\/#breadcrumb","itemListElement":[{"@type":"ListItem","position":1,"name":"\u0413\u043b\u0430\u0432\u043d\u0430\u044f \u0441\u0442\u0440\u0430\u043d\u0438\u0446\u0430","item":"https:\/\/www.ibc.ee\/no\/"},{"@type":"ListItem","position":2,"name":"Butikk","item":"https:\/\/www.ibc.ee\/no\/butikk\/"},{"@type":"ListItem","position":3,"name":"304 rustfritt st\u00e5l 5-liters h\u00e5ndpumpe med vertikal l\u00f8ft"}]},{"@type":"WebSite","@id":"https:\/\/www.ibc.ee\/no\/#website","url":"https:\/\/www.ibc.ee\/no\/","name":"IBC konteineri m&uuml;&uuml;k, vaadid, kraanid, mahutid","description":"IBC - Tank container valve, Adapters\\fittings, Intermediate bulk, container, Drums\/cans","potentialAction":[{"@type":"SearchAction","target":{"@type":"EntryPoint","urlTemplate":"https:\/\/www.ibc.ee\/no\/?s={search_term_string}"},"query-input":{"@type":"PropertyValueSpecification","valueRequired":true,"valueName":"search_term_string"}}],"inLanguage":"nb-NO"}]}},"_links":{"self":[{"href":"https:\/\/ibc.ee\/no\/wp-json\/wp\/v2\/product\/23356","targetHints":{"allow":["GET"]}}],"collection":[{"href":"https:\/\/ibc.ee\/no\/wp-json\/wp\/v2\/product"}],"about":[{"href":"https:\/\/ibc.ee\/no\/wp-json\/wp\/v2\/types\/product"}],"wp:featuredmedia":[{"embeddable":true,"href":"https:\/\/ibc.ee\/no\/wp-json\/wp\/v2\/media\/23357"}],"wp:attachment":[{"href":"https:\/\/ibc.ee\/no\/wp-json\/wp\/v2\/media?parent=23356"}],"wp:term":[{"taxonomy":"product_brand","embeddable":true,"href":"https:\/\/ibc.ee\/no\/wp-json\/wp\/v2\/product_brand?post=23356"},{"taxonomy":"product_cat","embeddable":true,"href":"https:\/\/ibc.ee\/no\/wp-json\/wp\/v2\/product_cat?post=23356"},{"taxonomy":"product_tag","embeddable":true,"href":"https:\/\/ibc.ee\/no\/wp-json\/wp\/v2\/product_tag?post=23356"}],"curies":[{"name":"wp","href":"https:\/\/api.w.org\/{rel}","templated":true}]}}