{"id":23398,"date":"2021-02-18T21:46:47","date_gmt":"2025-04-22T11:50:53","guid":{"rendered":"https:\/\/ibc.ee\/product\/3-m-x-19-mm-tilforselsslange-med-tyngdekraft-og-dysesett-med-ibc-adapter\/"},"modified":"2025-04-22T13:50:53","modified_gmt":"2025-04-22T11:50:53","slug":"3-m-x-19-mm-tilforselsslange-med-tyngdekraft-og-dysesett-med-ibc-adapter","status":"publish","type":"product","link":"https:\/\/ibc.ee\/no\/produkt\/3-m-x-19-mm-tilforselsslange-med-tyngdekraft-og-dysesett-med-ibc-adapter\/","title":{"rendered":"3 m x 19 mm tilf\u00f8rselsslange med tyngdekraft og dysesett med IBC-adapter"},"content":{"rendered":"<p>3 m x 19 mm tilf\u00f8rselsslange og munnstykke med IBC-adapter.<\/p>\n<p>Manuelt munnstykke: Polypropylen (PP)<br \/>\nSS Wire Hose Length: 3m<br \/>\nSS Wire Hose Length ID: 19mm<br \/>\nAdapter: IBC DIN 61<\/p>\n","protected":false},"excerpt":{"rendered":"<p>3 m x 19 mm tilf\u00f8rselsslange og munnstykke med IBC-adapter. Manuelt munnstykke: Polypropylen (PP) SS Wire Hose Length: 3m SS Wire Hose Length ID: 19mm Adapter: IBC DIN 61<\/p>\n","protected":false},"featured_media":23399,"template":"","meta":[],"product_brand":[],"product_cat":[438],"product_tag":[],"class_list":{"0":"post-23398","1":"product","2":"type-product","3":"status-publish","4":"has-post-thumbnail","6":"product_cat-adaptere-og-beslag-for-ibc-container","7":"product_shipping_class-omniva-no","9":"first","10":"onbackorder","11":"taxable","12":"shipping-taxable","13":"purchasable","14":"product-type-simple"},"yoast_head":"<!-- This site is optimized with the Yoast SEO plugin v26.9 - https:\/\/yoast.com\/product\/yoast-seo-wordpress\/ -->\n<title>3 m x 19 mm tilf\u00f8rselsslange med tyngdekraft og dysesett med IBC-adapter - IBC konteineri m&uuml;&uuml;k, vaadid, kraanid, mahutid<\/title>\n<meta name=\"description\" content=\"3 m x 19 mm tyngdekraftsmatingsslange og dysesett med IBC-adapter. Manuell dyse: Polypropylen (PP). Lengde p\u00e5 SS-tr\u00e5dslange: 3 m. Lengde ID p\u00e5 SS-tr\u00e5dslange: 19 mm. Adapter: IBC DIN 61\" \/>\n<meta name=\"robots\" content=\"index, follow, max-snippet:-1, max-image-preview:large, max-video-preview:-1\" \/>\n<link rel=\"canonical\" href=\"https:\/\/ibc.ee\/no\/produkt\/3-m-x-19-mm-tilforselsslange-med-tyngdekraft-og-dysesett-med-ibc-adapter\/\" \/>\n<meta property=\"og:locale\" content=\"nb_NO\" \/>\n<meta property=\"og:type\" content=\"article\" \/>\n<meta property=\"og:title\" content=\"3 m x 19 mm tilf\u00f8rselsslange med tyngdekraft og dysesett med IBC-adapter - IBC konteineri m&uuml;&uuml;k, vaadid, kraanid, mahutid\" \/>\n<meta property=\"og:description\" content=\"3 m x 19 mm tyngdekraftsmatingsslange og dysesett med IBC-adapter. Manuell dyse: Polypropylen (PP). Lengde p\u00e5 SS-tr\u00e5dslange: 3 m. Lengde ID p\u00e5 SS-tr\u00e5dslange: 19 mm. Adapter: IBC DIN 61\" \/>\n<meta property=\"og:url\" content=\"https:\/\/ibc.ee\/no\/produkt\/3-m-x-19-mm-tilforselsslange-med-tyngdekraft-og-dysesett-med-ibc-adapter\/\" \/>\n<meta property=\"og:site_name\" content=\"IBC konteineri m&uuml;&uuml;k, vaadid, kraanid, mahutid\" \/>\n<meta property=\"og:image\" content=\"https:\/\/ibc.ee\/wp-content\/uploads\/2021\/02\/3M-x-19mm-isevooluga-veelik-IBC-konteineri-uleminekuga.jpg\" \/>\n\t<meta property=\"og:image:width\" content=\"1000\" \/>\n\t<meta property=\"og:image:height\" content=\"1000\" \/>\n\t<meta property=\"og:image:type\" content=\"image\/jpeg\" \/>\n<meta name=\"twitter:card\" content=\"summary_large_image\" \/>\n<script type=\"application\/ld+json\" class=\"yoast-schema-graph\">{\"@context\":\"https:\/\/schema.org\",\"@graph\":[{\"@type\":\"WebPage\",\"@id\":\"https:\/\/ibc.ee\/no\/produkt\/3-m-x-19-mm-tilforselsslange-med-tyngdekraft-og-dysesett-med-ibc-adapter\/\",\"url\":\"https:\/\/ibc.ee\/no\/produkt\/3-m-x-19-mm-tilforselsslange-med-tyngdekraft-og-dysesett-med-ibc-adapter\/\",\"name\":\"3 m x 19 mm tilf\u00f8rselsslange med tyngdekraft og dysesett med IBC-adapter - IBC konteineri m&uuml;&uuml;k, vaadid, kraanid, mahutid\",\"isPartOf\":{\"@id\":\"https:\/\/ibc.ee\/no\/#website\"},\"primaryImageOfPage\":{\"@id\":\"https:\/\/ibc.ee\/no\/produkt\/3-m-x-19-mm-tilforselsslange-med-tyngdekraft-og-dysesett-med-ibc-adapter\/#primaryimage\"},\"image\":{\"@id\":\"https:\/\/ibc.ee\/no\/produkt\/3-m-x-19-mm-tilforselsslange-med-tyngdekraft-og-dysesett-med-ibc-adapter\/#primaryimage\"},\"thumbnailUrl\":\"https:\/\/ibc.ee\/wp-content\/uploads\/2021\/02\/3M-x-19mm-isevooluga-veelik-IBC-konteineri-uleminekuga.jpg\",\"datePublished\":\"2025-04-22T11:50:53+00:00\",\"description\":\"3 m x 19 mm tyngdekraftsmatingsslange og dysesett med IBC-adapter. Manuell dyse: Polypropylen (PP). Lengde p\u00e5 SS-tr\u00e5dslange: 3 m. Lengde ID p\u00e5 SS-tr\u00e5dslange: 19 mm. Adapter: IBC DIN 61\",\"breadcrumb\":{\"@id\":\"https:\/\/ibc.ee\/no\/produkt\/3-m-x-19-mm-tilforselsslange-med-tyngdekraft-og-dysesett-med-ibc-adapter\/#breadcrumb\"},\"inLanguage\":\"nb-NO\",\"potentialAction\":[{\"@type\":\"ReadAction\",\"target\":[\"https:\/\/ibc.ee\/no\/produkt\/3-m-x-19-mm-tilforselsslange-med-tyngdekraft-og-dysesett-med-ibc-adapter\/\"]}]},{\"@type\":\"ImageObject\",\"inLanguage\":\"nb-NO\",\"@id\":\"https:\/\/ibc.ee\/no\/produkt\/3-m-x-19-mm-tilforselsslange-med-tyngdekraft-og-dysesett-med-ibc-adapter\/#primaryimage\",\"url\":\"https:\/\/ibc.ee\/wp-content\/uploads\/2021\/02\/3M-x-19mm-isevooluga-veelik-IBC-konteineri-uleminekuga.jpg\",\"contentUrl\":\"https:\/\/ibc.ee\/wp-content\/uploads\/2021\/02\/3M-x-19mm-isevooluga-veelik-IBC-konteineri-uleminekuga.jpg\",\"width\":1000,\"height\":1000},{\"@type\":\"BreadcrumbList\",\"@id\":\"https:\/\/ibc.ee\/no\/produkt\/3-m-x-19-mm-tilforselsslange-med-tyngdekraft-og-dysesett-med-ibc-adapter\/#breadcrumb\",\"itemListElement\":[{\"@type\":\"ListItem\",\"position\":1,\"name\":\"\u0413\u043b\u0430\u0432\u043d\u0430\u044f \u0441\u0442\u0440\u0430\u043d\u0438\u0446\u0430\",\"item\":\"https:\/\/ibc.ee\/no\/\"},{\"@type\":\"ListItem\",\"position\":2,\"name\":\"Butikk\",\"item\":\"https:\/\/ibc.ee\/no\/butikk\/\"},{\"@type\":\"ListItem\",\"position\":3,\"name\":\"3 m x 19 mm tilf\u00f8rselsslange med tyngdekraft og dysesett med IBC-adapter\"}]},{\"@type\":\"WebSite\",\"@id\":\"https:\/\/ibc.ee\/no\/#website\",\"url\":\"https:\/\/ibc.ee\/no\/\",\"name\":\"IBC konteineri m&uuml;&uuml;k, vaadid, kraanid, mahutid\",\"description\":\"IBC - Tank container valve, Adapters\\\\fittings, Intermediate bulk, container, Drums\/cans\",\"potentialAction\":[{\"@type\":\"SearchAction\",\"target\":{\"@type\":\"EntryPoint\",\"urlTemplate\":\"https:\/\/ibc.ee\/no\/?s={search_term_string}\"},\"query-input\":{\"@type\":\"PropertyValueSpecification\",\"valueRequired\":true,\"valueName\":\"search_term_string\"}}],\"inLanguage\":\"nb-NO\"}]}<\/script>\n<!-- \/ Yoast SEO plugin. -->","yoast_head_json":{"title":"3 m x 19 mm tilf\u00f8rselsslange med tyngdekraft og dysesett med IBC-adapter - IBC konteineri m&uuml;&uuml;k, vaadid, kraanid, mahutid","description":"3 m x 19 mm tyngdekraftsmatingsslange og dysesett med IBC-adapter. Manuell dyse: Polypropylen (PP). Lengde p\u00e5 SS-tr\u00e5dslange: 3 m. Lengde ID p\u00e5 SS-tr\u00e5dslange: 19 mm. Adapter: IBC DIN 61","robots":{"index":"index","follow":"follow","max-snippet":"max-snippet:-1","max-image-preview":"max-image-preview:large","max-video-preview":"max-video-preview:-1"},"canonical":"https:\/\/ibc.ee\/no\/produkt\/3-m-x-19-mm-tilforselsslange-med-tyngdekraft-og-dysesett-med-ibc-adapter\/","og_locale":"nb_NO","og_type":"article","og_title":"3 m x 19 mm tilf\u00f8rselsslange med tyngdekraft og dysesett med IBC-adapter - IBC konteineri m&uuml;&uuml;k, vaadid, kraanid, mahutid","og_description":"3 m x 19 mm tyngdekraftsmatingsslange og dysesett med IBC-adapter. Manuell dyse: Polypropylen (PP). Lengde p\u00e5 SS-tr\u00e5dslange: 3 m. Lengde ID p\u00e5 SS-tr\u00e5dslange: 19 mm. Adapter: IBC DIN 61","og_url":"https:\/\/ibc.ee\/no\/produkt\/3-m-x-19-mm-tilforselsslange-med-tyngdekraft-og-dysesett-med-ibc-adapter\/","og_site_name":"IBC konteineri m&uuml;&uuml;k, vaadid, kraanid, mahutid","og_image":[{"width":1000,"height":1000,"url":"https:\/\/ibc.ee\/wp-content\/uploads\/2021\/02\/3M-x-19mm-isevooluga-veelik-IBC-konteineri-uleminekuga.jpg","type":"image\/jpeg"}],"twitter_card":"summary_large_image","schema":{"@context":"https:\/\/schema.org","@graph":[{"@type":"WebPage","@id":"https:\/\/ibc.ee\/no\/produkt\/3-m-x-19-mm-tilforselsslange-med-tyngdekraft-og-dysesett-med-ibc-adapter\/","url":"https:\/\/ibc.ee\/no\/produkt\/3-m-x-19-mm-tilforselsslange-med-tyngdekraft-og-dysesett-med-ibc-adapter\/","name":"3 m x 19 mm tilf\u00f8rselsslange med tyngdekraft og dysesett med IBC-adapter - IBC konteineri m&uuml;&uuml;k, vaadid, kraanid, mahutid","isPartOf":{"@id":"https:\/\/ibc.ee\/no\/#website"},"primaryImageOfPage":{"@id":"https:\/\/ibc.ee\/no\/produkt\/3-m-x-19-mm-tilforselsslange-med-tyngdekraft-og-dysesett-med-ibc-adapter\/#primaryimage"},"image":{"@id":"https:\/\/ibc.ee\/no\/produkt\/3-m-x-19-mm-tilforselsslange-med-tyngdekraft-og-dysesett-med-ibc-adapter\/#primaryimage"},"thumbnailUrl":"https:\/\/ibc.ee\/wp-content\/uploads\/2021\/02\/3M-x-19mm-isevooluga-veelik-IBC-konteineri-uleminekuga.jpg","datePublished":"2025-04-22T11:50:53+00:00","description":"3 m x 19 mm tyngdekraftsmatingsslange og dysesett med IBC-adapter. Manuell dyse: Polypropylen (PP). Lengde p\u00e5 SS-tr\u00e5dslange: 3 m. Lengde ID p\u00e5 SS-tr\u00e5dslange: 19 mm. Adapter: IBC DIN 61","breadcrumb":{"@id":"https:\/\/ibc.ee\/no\/produkt\/3-m-x-19-mm-tilforselsslange-med-tyngdekraft-og-dysesett-med-ibc-adapter\/#breadcrumb"},"inLanguage":"nb-NO","potentialAction":[{"@type":"ReadAction","target":["https:\/\/ibc.ee\/no\/produkt\/3-m-x-19-mm-tilforselsslange-med-tyngdekraft-og-dysesett-med-ibc-adapter\/"]}]},{"@type":"ImageObject","inLanguage":"nb-NO","@id":"https:\/\/ibc.ee\/no\/produkt\/3-m-x-19-mm-tilforselsslange-med-tyngdekraft-og-dysesett-med-ibc-adapter\/#primaryimage","url":"https:\/\/ibc.ee\/wp-content\/uploads\/2021\/02\/3M-x-19mm-isevooluga-veelik-IBC-konteineri-uleminekuga.jpg","contentUrl":"https:\/\/ibc.ee\/wp-content\/uploads\/2021\/02\/3M-x-19mm-isevooluga-veelik-IBC-konteineri-uleminekuga.jpg","width":1000,"height":1000},{"@type":"BreadcrumbList","@id":"https:\/\/ibc.ee\/no\/produkt\/3-m-x-19-mm-tilforselsslange-med-tyngdekraft-og-dysesett-med-ibc-adapter\/#breadcrumb","itemListElement":[{"@type":"ListItem","position":1,"name":"\u0413\u043b\u0430\u0432\u043d\u0430\u044f \u0441\u0442\u0440\u0430\u043d\u0438\u0446\u0430","item":"https:\/\/ibc.ee\/no\/"},{"@type":"ListItem","position":2,"name":"Butikk","item":"https:\/\/ibc.ee\/no\/butikk\/"},{"@type":"ListItem","position":3,"name":"3 m x 19 mm tilf\u00f8rselsslange med tyngdekraft og dysesett med IBC-adapter"}]},{"@type":"WebSite","@id":"https:\/\/ibc.ee\/no\/#website","url":"https:\/\/ibc.ee\/no\/","name":"IBC konteineri m&uuml;&uuml;k, vaadid, kraanid, mahutid","description":"IBC - Tank container valve, Adapters\\fittings, Intermediate bulk, container, Drums\/cans","potentialAction":[{"@type":"SearchAction","target":{"@type":"EntryPoint","urlTemplate":"https:\/\/ibc.ee\/no\/?s={search_term_string}"},"query-input":{"@type":"PropertyValueSpecification","valueRequired":true,"valueName":"search_term_string"}}],"inLanguage":"nb-NO"}]}},"_links":{"self":[{"href":"https:\/\/ibc.ee\/no\/wp-json\/wp\/v2\/product\/23398","targetHints":{"allow":["GET"]}}],"collection":[{"href":"https:\/\/ibc.ee\/no\/wp-json\/wp\/v2\/product"}],"about":[{"href":"https:\/\/ibc.ee\/no\/wp-json\/wp\/v2\/types\/product"}],"wp:featuredmedia":[{"embeddable":true,"href":"https:\/\/ibc.ee\/no\/wp-json\/wp\/v2\/media\/23399"}],"wp:attachment":[{"href":"https:\/\/ibc.ee\/no\/wp-json\/wp\/v2\/media?parent=23398"}],"wp:term":[{"taxonomy":"product_brand","embeddable":true,"href":"https:\/\/ibc.ee\/no\/wp-json\/wp\/v2\/product_brand?post=23398"},{"taxonomy":"product_cat","embeddable":true,"href":"https:\/\/ibc.ee\/no\/wp-json\/wp\/v2\/product_cat?post=23398"},{"taxonomy":"product_tag","embeddable":true,"href":"https:\/\/ibc.ee\/no\/wp-json\/wp\/v2\/product_tag?post=23398"}],"curies":[{"name":"wp","href":"https:\/\/api.w.org\/{rel}","templated":true}]}}