{"id":23406,"date":"2021-02-10T12:01:03","date_gmt":"2025-04-22T11:53:09","guid":{"rendered":"https:\/\/ibc.ee\/product\/51mm-cap-tool-trommeltappnokkel\/"},"modified":"2025-04-22T13:53:09","modified_gmt":"2025-04-22T11:53:09","slug":"51mm-cap-tool-trommeltappnokkel","status":"publish","type":"product","link":"https:\/\/ibc.ee\/no\/produkt\/51mm-cap-tool-trommeltappnokkel\/","title":{"rendered":"51mm Cap Tool Trommeltappn\u00f8kkel"},"content":{"rendered":"<p><strong>51 mm Cap Tool Drum Tap Spanner<\/strong><\/p>\n<p>&#8211; det er et luftstr\u00f8mningssystem &#8211; v\u00e6sken str\u00f8mmer jevnt ut<br \/>\n&#8211; en kran for en 25 l eller 20 l beholder<br \/>\n&#8211; gjengest\u00f8rrelse 51 mm<br \/>\n&#8211; egnet for vann, varme og olje<\/p>\n<div style=\"width: 960px;\" class=\"wp-video\"><video class=\"wp-video-shortcode\" id=\"video-23406-1\" width=\"960\" height=\"540\" preload=\"metadata\" controls=\"controls\"><source type=\"video\/mp4\" src=\"https:\/\/www.ibc.ee\/wp-content\/uploads\/2021\/02\/51mm_Cap_Tool_Drum_Tap_Spanner.mp4?_=1\" \/><a href=\"https:\/\/www.ibc.ee\/wp-content\/uploads\/2021\/02\/51mm_Cap_Tool_Drum_Tap_Spanner.mp4\">https:\/\/www.ibc.ee\/wp-content\/uploads\/2021\/02\/51mm_Cap_Tool_Drum_Tap_Spanner.mp4<\/a><\/video><\/div>\n","protected":false},"excerpt":{"rendered":"<p>51 mm Cap Tool Drum Tap Spanner &#8211; det er et luftstr\u00f8mningssystem &#8211; v\u00e6sken str\u00f8mmer jevnt ut &#8211; en kran for en 25 l eller 20 l beholder &#8211; gjengest\u00f8rrelse 51 mm &#8211; egnet for vann, varme og olje<\/p>\n","protected":false},"featured_media":20056,"template":"","meta":[],"product_brand":[],"product_cat":[436],"product_tag":[],"class_list":{"0":"post-23406","1":"product","2":"type-product","3":"status-publish","4":"has-post-thumbnail","6":"product_cat-ankbeholderventil-for-ibc-beholder","7":"product_shipping_class-omniva-no","9":"first","10":"instock","11":"taxable","12":"shipping-taxable","13":"purchasable","14":"product-type-simple"},"yoast_head":"<!-- This site is optimized with the Yoast SEO plugin v26.9 - https:\/\/yoast.com\/product\/yoast-seo-wordpress\/ -->\n<title>51mm Cap Tool Trommeltappn\u00f8kkel<\/title>\n<meta name=\"description\" content=\"51 mm kapselverkt\u00f8y trommelkrann\u00f8kkel. Det er et luftstr\u00f8mningssystem - v\u00e6sken str\u00f8mmer jevnt ut. En kran for en 25 l eller 20 l beholder. Gjengest\u00f8rrelse 51 mm. egnet for vann, varme og olje\" \/>\n<meta name=\"robots\" content=\"index, follow, max-snippet:-1, max-image-preview:large, max-video-preview:-1\" \/>\n<link rel=\"canonical\" href=\"https:\/\/ibc.ee\/no\/produkt\/51mm-cap-tool-trommeltappnokkel\/\" \/>\n<meta property=\"og:locale\" content=\"nb_NO\" \/>\n<meta property=\"og:type\" content=\"article\" \/>\n<meta property=\"og:title\" content=\"51mm Cap Tool Trommeltappn\u00f8kkel\" \/>\n<meta property=\"og:description\" content=\"51 mm kapselverkt\u00f8y trommelkrann\u00f8kkel. Det er et luftstr\u00f8mningssystem - v\u00e6sken str\u00f8mmer jevnt ut. En kran for en 25 l eller 20 l beholder. Gjengest\u00f8rrelse 51 mm. egnet for vann, varme og olje\" \/>\n<meta property=\"og:url\" content=\"https:\/\/ibc.ee\/no\/produkt\/51mm-cap-tool-trommeltappnokkel\/\" \/>\n<meta property=\"og:site_name\" content=\"IBC konteineri m&uuml;&uuml;k, vaadid, kraanid, mahutid\" \/>\n<meta property=\"og:image\" content=\"https:\/\/ibc.ee\/wp-content\/uploads\/2021\/02\/Vaadikraan_51mm_20-25l_2.jpg\" \/>\n\t<meta property=\"og:image:width\" content=\"1000\" \/>\n\t<meta property=\"og:image:height\" content=\"1000\" \/>\n\t<meta property=\"og:image:type\" content=\"image\/jpeg\" \/>\n<meta name=\"twitter:card\" content=\"summary_large_image\" \/>\n<script type=\"application\/ld+json\" class=\"yoast-schema-graph\">{\"@context\":\"https:\/\/schema.org\",\"@graph\":[{\"@type\":\"WebPage\",\"@id\":\"https:\/\/ibc.ee\/no\/produkt\/51mm-cap-tool-trommeltappnokkel\/\",\"url\":\"https:\/\/ibc.ee\/no\/produkt\/51mm-cap-tool-trommeltappnokkel\/\",\"name\":\"51mm Cap Tool Trommeltappn\u00f8kkel\",\"isPartOf\":{\"@id\":\"https:\/\/www.ibc.ee\/no\/#website\"},\"primaryImageOfPage\":{\"@id\":\"https:\/\/ibc.ee\/no\/produkt\/51mm-cap-tool-trommeltappnokkel\/#primaryimage\"},\"image\":{\"@id\":\"https:\/\/ibc.ee\/no\/produkt\/51mm-cap-tool-trommeltappnokkel\/#primaryimage\"},\"thumbnailUrl\":\"https:\/\/ibc.ee\/wp-content\/uploads\/2021\/02\/Vaadikraan_51mm_20-25l_2.jpg\",\"datePublished\":\"2025-04-22T11:53:09+00:00\",\"description\":\"51 mm kapselverkt\u00f8y trommelkrann\u00f8kkel. Det er et luftstr\u00f8mningssystem - v\u00e6sken str\u00f8mmer jevnt ut. En kran for en 25 l eller 20 l beholder. Gjengest\u00f8rrelse 51 mm. egnet for vann, varme og olje\",\"breadcrumb\":{\"@id\":\"https:\/\/ibc.ee\/no\/produkt\/51mm-cap-tool-trommeltappnokkel\/#breadcrumb\"},\"inLanguage\":\"nb-NO\",\"potentialAction\":[{\"@type\":\"ReadAction\",\"target\":[\"https:\/\/ibc.ee\/no\/produkt\/51mm-cap-tool-trommeltappnokkel\/\"]}]},{\"@type\":\"ImageObject\",\"inLanguage\":\"nb-NO\",\"@id\":\"https:\/\/ibc.ee\/no\/produkt\/51mm-cap-tool-trommeltappnokkel\/#primaryimage\",\"url\":\"https:\/\/ibc.ee\/wp-content\/uploads\/2021\/02\/Vaadikraan_51mm_20-25l_2.jpg\",\"contentUrl\":\"https:\/\/ibc.ee\/wp-content\/uploads\/2021\/02\/Vaadikraan_51mm_20-25l_2.jpg\",\"width\":1000,\"height\":1000,\"caption\":\"51mm Cap Tool Drum Tap Spanner\"},{\"@type\":\"BreadcrumbList\",\"@id\":\"https:\/\/ibc.ee\/no\/produkt\/51mm-cap-tool-trommeltappnokkel\/#breadcrumb\",\"itemListElement\":[{\"@type\":\"ListItem\",\"position\":1,\"name\":\"\u0413\u043b\u0430\u0432\u043d\u0430\u044f \u0441\u0442\u0440\u0430\u043d\u0438\u0446\u0430\",\"item\":\"https:\/\/www.ibc.ee\/no\/\"},{\"@type\":\"ListItem\",\"position\":2,\"name\":\"Butikk\",\"item\":\"https:\/\/www.ibc.ee\/no\/butikk\/\"},{\"@type\":\"ListItem\",\"position\":3,\"name\":\"51mm Cap Tool Trommeltappn\u00f8kkel\"}]},{\"@type\":\"WebSite\",\"@id\":\"https:\/\/www.ibc.ee\/no\/#website\",\"url\":\"https:\/\/www.ibc.ee\/no\/\",\"name\":\"IBC konteineri m&uuml;&uuml;k, vaadid, kraanid, mahutid\",\"description\":\"IBC - Tank container valve, Adapters\\\\fittings, Intermediate bulk, container, Drums\/cans\",\"potentialAction\":[{\"@type\":\"SearchAction\",\"target\":{\"@type\":\"EntryPoint\",\"urlTemplate\":\"https:\/\/www.ibc.ee\/no\/?s={search_term_string}\"},\"query-input\":{\"@type\":\"PropertyValueSpecification\",\"valueRequired\":true,\"valueName\":\"search_term_string\"}}],\"inLanguage\":\"nb-NO\"}]}<\/script>\n<!-- \/ Yoast SEO plugin. -->","yoast_head_json":{"title":"51mm Cap Tool Trommeltappn\u00f8kkel","description":"51 mm kapselverkt\u00f8y trommelkrann\u00f8kkel. Det er et luftstr\u00f8mningssystem - v\u00e6sken str\u00f8mmer jevnt ut. En kran for en 25 l eller 20 l beholder. Gjengest\u00f8rrelse 51 mm. egnet for vann, varme og olje","robots":{"index":"index","follow":"follow","max-snippet":"max-snippet:-1","max-image-preview":"max-image-preview:large","max-video-preview":"max-video-preview:-1"},"canonical":"https:\/\/ibc.ee\/no\/produkt\/51mm-cap-tool-trommeltappnokkel\/","og_locale":"nb_NO","og_type":"article","og_title":"51mm Cap Tool Trommeltappn\u00f8kkel","og_description":"51 mm kapselverkt\u00f8y trommelkrann\u00f8kkel. Det er et luftstr\u00f8mningssystem - v\u00e6sken str\u00f8mmer jevnt ut. En kran for en 25 l eller 20 l beholder. Gjengest\u00f8rrelse 51 mm. egnet for vann, varme og olje","og_url":"https:\/\/ibc.ee\/no\/produkt\/51mm-cap-tool-trommeltappnokkel\/","og_site_name":"IBC konteineri m&uuml;&uuml;k, vaadid, kraanid, mahutid","og_image":[{"width":1000,"height":1000,"url":"https:\/\/ibc.ee\/wp-content\/uploads\/2021\/02\/Vaadikraan_51mm_20-25l_2.jpg","type":"image\/jpeg"}],"twitter_card":"summary_large_image","schema":{"@context":"https:\/\/schema.org","@graph":[{"@type":"WebPage","@id":"https:\/\/ibc.ee\/no\/produkt\/51mm-cap-tool-trommeltappnokkel\/","url":"https:\/\/ibc.ee\/no\/produkt\/51mm-cap-tool-trommeltappnokkel\/","name":"51mm Cap Tool Trommeltappn\u00f8kkel","isPartOf":{"@id":"https:\/\/www.ibc.ee\/no\/#website"},"primaryImageOfPage":{"@id":"https:\/\/ibc.ee\/no\/produkt\/51mm-cap-tool-trommeltappnokkel\/#primaryimage"},"image":{"@id":"https:\/\/ibc.ee\/no\/produkt\/51mm-cap-tool-trommeltappnokkel\/#primaryimage"},"thumbnailUrl":"https:\/\/ibc.ee\/wp-content\/uploads\/2021\/02\/Vaadikraan_51mm_20-25l_2.jpg","datePublished":"2025-04-22T11:53:09+00:00","description":"51 mm kapselverkt\u00f8y trommelkrann\u00f8kkel. Det er et luftstr\u00f8mningssystem - v\u00e6sken str\u00f8mmer jevnt ut. En kran for en 25 l eller 20 l beholder. Gjengest\u00f8rrelse 51 mm. egnet for vann, varme og olje","breadcrumb":{"@id":"https:\/\/ibc.ee\/no\/produkt\/51mm-cap-tool-trommeltappnokkel\/#breadcrumb"},"inLanguage":"nb-NO","potentialAction":[{"@type":"ReadAction","target":["https:\/\/ibc.ee\/no\/produkt\/51mm-cap-tool-trommeltappnokkel\/"]}]},{"@type":"ImageObject","inLanguage":"nb-NO","@id":"https:\/\/ibc.ee\/no\/produkt\/51mm-cap-tool-trommeltappnokkel\/#primaryimage","url":"https:\/\/ibc.ee\/wp-content\/uploads\/2021\/02\/Vaadikraan_51mm_20-25l_2.jpg","contentUrl":"https:\/\/ibc.ee\/wp-content\/uploads\/2021\/02\/Vaadikraan_51mm_20-25l_2.jpg","width":1000,"height":1000,"caption":"51mm Cap Tool Drum Tap Spanner"},{"@type":"BreadcrumbList","@id":"https:\/\/ibc.ee\/no\/produkt\/51mm-cap-tool-trommeltappnokkel\/#breadcrumb","itemListElement":[{"@type":"ListItem","position":1,"name":"\u0413\u043b\u0430\u0432\u043d\u0430\u044f \u0441\u0442\u0440\u0430\u043d\u0438\u0446\u0430","item":"https:\/\/www.ibc.ee\/no\/"},{"@type":"ListItem","position":2,"name":"Butikk","item":"https:\/\/www.ibc.ee\/no\/butikk\/"},{"@type":"ListItem","position":3,"name":"51mm Cap Tool Trommeltappn\u00f8kkel"}]},{"@type":"WebSite","@id":"https:\/\/www.ibc.ee\/no\/#website","url":"https:\/\/www.ibc.ee\/no\/","name":"IBC konteineri m&uuml;&uuml;k, vaadid, kraanid, mahutid","description":"IBC - Tank container valve, Adapters\\fittings, Intermediate bulk, container, Drums\/cans","potentialAction":[{"@type":"SearchAction","target":{"@type":"EntryPoint","urlTemplate":"https:\/\/www.ibc.ee\/no\/?s={search_term_string}"},"query-input":{"@type":"PropertyValueSpecification","valueRequired":true,"valueName":"search_term_string"}}],"inLanguage":"nb-NO"}]}},"_links":{"self":[{"href":"https:\/\/ibc.ee\/no\/wp-json\/wp\/v2\/product\/23406","targetHints":{"allow":["GET"]}}],"collection":[{"href":"https:\/\/ibc.ee\/no\/wp-json\/wp\/v2\/product"}],"about":[{"href":"https:\/\/ibc.ee\/no\/wp-json\/wp\/v2\/types\/product"}],"wp:featuredmedia":[{"embeddable":true,"href":"https:\/\/ibc.ee\/no\/wp-json\/wp\/v2\/media\/20056"}],"wp:attachment":[{"href":"https:\/\/ibc.ee\/no\/wp-json\/wp\/v2\/media?parent=23406"}],"wp:term":[{"taxonomy":"product_brand","embeddable":true,"href":"https:\/\/ibc.ee\/no\/wp-json\/wp\/v2\/product_brand?post=23406"},{"taxonomy":"product_cat","embeddable":true,"href":"https:\/\/ibc.ee\/no\/wp-json\/wp\/v2\/product_cat?post=23406"},{"taxonomy":"product_tag","embeddable":true,"href":"https:\/\/ibc.ee\/no\/wp-json\/wp\/v2\/product_tag?post=23406"}],"curies":[{"name":"wp","href":"https:\/\/api.w.org\/{rel}","templated":true}]}}