{"id":23438,"date":"2020-07-08T19:08:38","date_gmt":"2025-04-22T12:07:32","guid":{"rendered":"https:\/\/www.ibc.ee\/product\/varmejakke-for-ibc-containere\/"},"modified":"2025-04-22T14:07:32","modified_gmt":"2025-04-22T12:07:32","slug":"varmejakke-for-ibc-containere","status":"publish","type":"product","link":"https:\/\/ibc.ee\/no\/produkt\/varmejakke-for-ibc-containere\/","title":{"rendered":"Varmejakke for IBC-containere"},"content":{"rendered":"<p>IBC-tankoppvarming som dekker beholderen som et foringsr\u00f8r. Spesielt egnet for oppvarming av mer tyktflytende v\u00e6sker som olje, diesel, sirup, fett, sm\u00f8remidler, vaselin, voks, lim osv. som m\u00e5 varmes opp jevnt i hele beholderen. Om n\u00f8dvendig deles oppvarmingen av beholderen inn i 1 &#8211; 3 soner utstyrt med termostat. Egnet for standard 1000 liters beholdere.   <\/p>\n","protected":false},"excerpt":{"rendered":"<p><strong>Tekniske spesifikasjoner:<\/strong><br \/>\n&#8211; integrert justerbar termostat 0 til 90 \u00b0 C<br \/>\n&#8211; justerbare utl\u00f8sningsspenner for enkel installasjon<br \/>\n&#8211; IP51-beskyttelsesniv\u00e5<\/p>\n<p>2000W ved 230 V.<\/p>\n<p>Hvis det var vann i beholderen, ville oppvarmingstiden for en 2x1000W tank v\u00e6re + 15\u00ba C &#8211; + 50\u00baC i l\u00f8pet av 48 timer.<\/p>\n<p style=\"text-align: justify;\">[popup_anything id=&raquo;15520&#8243;]<\/p>\n","protected":false},"featured_media":23439,"template":"","meta":[],"product_brand":[],"product_cat":[442],"product_tag":[],"class_list":{"0":"post-23438","1":"product","2":"type-product","3":"status-publish","4":"has-post-thumbnail","6":"product_cat-ibc-og-trommelvarme","7":"product_shipping_class-omniva-no","9":"first","10":"onbackorder","11":"taxable","12":"shipping-taxable","13":"purchasable","14":"product-type-simple"},"yoast_head":"<!-- This site is optimized with the Yoast SEO plugin v26.9 - https:\/\/yoast.com\/product\/yoast-seo-wordpress\/ -->\n<title>Varmejakke for IBC-containere<\/title>\n<meta name=\"description\" content=\"IBC-tankoppvarming som dekker beholderen som et foringsr\u00f8r. Spesielt egnet for oppvarming av mer tyktflytende v\u00e6sker som olje, diesel, sirup, fett, sm\u00f8remidler, vaselin, voks, lim osv. som m\u00e5 varmes opp jevnt i hele beholderen.\" \/>\n<meta name=\"robots\" content=\"index, follow, max-snippet:-1, max-image-preview:large, max-video-preview:-1\" \/>\n<link rel=\"canonical\" href=\"https:\/\/ibc.ee\/no\/produkt\/varmejakke-for-ibc-containere\/\" \/>\n<meta property=\"og:locale\" content=\"nb_NO\" \/>\n<meta property=\"og:type\" content=\"article\" \/>\n<meta property=\"og:title\" content=\"Varmejakke for IBC-containere\" \/>\n<meta property=\"og:description\" content=\"IBC-tankoppvarming som dekker beholderen som et foringsr\u00f8r. Spesielt egnet for oppvarming av mer tyktflytende v\u00e6sker som olje, diesel, sirup, fett, sm\u00f8remidler, vaselin, voks, lim osv. som m\u00e5 varmes opp jevnt i hele beholderen.\" \/>\n<meta property=\"og:url\" content=\"https:\/\/ibc.ee\/no\/produkt\/varmejakke-for-ibc-containere\/\" \/>\n<meta property=\"og:site_name\" content=\"IBC konteineri m&uuml;&uuml;k, vaadid, kraanid, mahutid\" \/>\n<meta property=\"og:image\" content=\"https:\/\/ibc.ee\/wp-content\/uploads\/2020\/07\/IBC-konteiner-mahuti-kuttemantel-MasterChem.jpg\" \/>\n\t<meta property=\"og:image:width\" content=\"1000\" \/>\n\t<meta property=\"og:image:height\" content=\"1000\" \/>\n\t<meta property=\"og:image:type\" content=\"image\/jpeg\" \/>\n<meta name=\"twitter:card\" content=\"summary_large_image\" \/>\n<script type=\"application\/ld+json\" class=\"yoast-schema-graph\">{\"@context\":\"https:\/\/schema.org\",\"@graph\":[{\"@type\":\"WebPage\",\"@id\":\"https:\/\/ibc.ee\/no\/produkt\/varmejakke-for-ibc-containere\/\",\"url\":\"https:\/\/ibc.ee\/no\/produkt\/varmejakke-for-ibc-containere\/\",\"name\":\"Varmejakke for IBC-containere\",\"isPartOf\":{\"@id\":\"https:\/\/www.ibc.ee\/no\/#website\"},\"primaryImageOfPage\":{\"@id\":\"https:\/\/ibc.ee\/no\/produkt\/varmejakke-for-ibc-containere\/#primaryimage\"},\"image\":{\"@id\":\"https:\/\/ibc.ee\/no\/produkt\/varmejakke-for-ibc-containere\/#primaryimage\"},\"thumbnailUrl\":\"https:\/\/ibc.ee\/wp-content\/uploads\/2020\/07\/IBC-konteiner-mahuti-kuttemantel-MasterChem.jpg\",\"datePublished\":\"2025-04-22T12:07:32+00:00\",\"description\":\"IBC-tankoppvarming som dekker beholderen som et foringsr\u00f8r. Spesielt egnet for oppvarming av mer tyktflytende v\u00e6sker som olje, diesel, sirup, fett, sm\u00f8remidler, vaselin, voks, lim osv. som m\u00e5 varmes opp jevnt i hele beholderen.\",\"breadcrumb\":{\"@id\":\"https:\/\/ibc.ee\/no\/produkt\/varmejakke-for-ibc-containere\/#breadcrumb\"},\"inLanguage\":\"nb-NO\",\"potentialAction\":[{\"@type\":\"ReadAction\",\"target\":[\"https:\/\/ibc.ee\/no\/produkt\/varmejakke-for-ibc-containere\/\"]}]},{\"@type\":\"ImageObject\",\"inLanguage\":\"nb-NO\",\"@id\":\"https:\/\/ibc.ee\/no\/produkt\/varmejakke-for-ibc-containere\/#primaryimage\",\"url\":\"https:\/\/ibc.ee\/wp-content\/uploads\/2020\/07\/IBC-konteiner-mahuti-kuttemantel-MasterChem.jpg\",\"contentUrl\":\"https:\/\/ibc.ee\/wp-content\/uploads\/2020\/07\/IBC-konteiner-mahuti-kuttemantel-MasterChem.jpg\",\"width\":1000,\"height\":1000},{\"@type\":\"BreadcrumbList\",\"@id\":\"https:\/\/ibc.ee\/no\/produkt\/varmejakke-for-ibc-containere\/#breadcrumb\",\"itemListElement\":[{\"@type\":\"ListItem\",\"position\":1,\"name\":\"\u0413\u043b\u0430\u0432\u043d\u0430\u044f \u0441\u0442\u0440\u0430\u043d\u0438\u0446\u0430\",\"item\":\"https:\/\/www.ibc.ee\/no\/\"},{\"@type\":\"ListItem\",\"position\":2,\"name\":\"Butikk\",\"item\":\"https:\/\/www.ibc.ee\/no\/butikk\/\"},{\"@type\":\"ListItem\",\"position\":3,\"name\":\"Varmejakke for IBC-containere\"}]},{\"@type\":\"WebSite\",\"@id\":\"https:\/\/www.ibc.ee\/no\/#website\",\"url\":\"https:\/\/www.ibc.ee\/no\/\",\"name\":\"IBC konteineri m&uuml;&uuml;k, vaadid, kraanid, mahutid\",\"description\":\"IBC - Tank container valve, Adapters\\\\fittings, Intermediate bulk, container, Drums\/cans\",\"potentialAction\":[{\"@type\":\"SearchAction\",\"target\":{\"@type\":\"EntryPoint\",\"urlTemplate\":\"https:\/\/www.ibc.ee\/no\/?s={search_term_string}\"},\"query-input\":{\"@type\":\"PropertyValueSpecification\",\"valueRequired\":true,\"valueName\":\"search_term_string\"}}],\"inLanguage\":\"nb-NO\"}]}<\/script>\n<!-- \/ Yoast SEO plugin. -->","yoast_head_json":{"title":"Varmejakke for IBC-containere","description":"IBC-tankoppvarming som dekker beholderen som et foringsr\u00f8r. Spesielt egnet for oppvarming av mer tyktflytende v\u00e6sker som olje, diesel, sirup, fett, sm\u00f8remidler, vaselin, voks, lim osv. som m\u00e5 varmes opp jevnt i hele beholderen.","robots":{"index":"index","follow":"follow","max-snippet":"max-snippet:-1","max-image-preview":"max-image-preview:large","max-video-preview":"max-video-preview:-1"},"canonical":"https:\/\/ibc.ee\/no\/produkt\/varmejakke-for-ibc-containere\/","og_locale":"nb_NO","og_type":"article","og_title":"Varmejakke for IBC-containere","og_description":"IBC-tankoppvarming som dekker beholderen som et foringsr\u00f8r. Spesielt egnet for oppvarming av mer tyktflytende v\u00e6sker som olje, diesel, sirup, fett, sm\u00f8remidler, vaselin, voks, lim osv. som m\u00e5 varmes opp jevnt i hele beholderen.","og_url":"https:\/\/ibc.ee\/no\/produkt\/varmejakke-for-ibc-containere\/","og_site_name":"IBC konteineri m&uuml;&uuml;k, vaadid, kraanid, mahutid","og_image":[{"width":1000,"height":1000,"url":"https:\/\/ibc.ee\/wp-content\/uploads\/2020\/07\/IBC-konteiner-mahuti-kuttemantel-MasterChem.jpg","type":"image\/jpeg"}],"twitter_card":"summary_large_image","schema":{"@context":"https:\/\/schema.org","@graph":[{"@type":"WebPage","@id":"https:\/\/ibc.ee\/no\/produkt\/varmejakke-for-ibc-containere\/","url":"https:\/\/ibc.ee\/no\/produkt\/varmejakke-for-ibc-containere\/","name":"Varmejakke for IBC-containere","isPartOf":{"@id":"https:\/\/www.ibc.ee\/no\/#website"},"primaryImageOfPage":{"@id":"https:\/\/ibc.ee\/no\/produkt\/varmejakke-for-ibc-containere\/#primaryimage"},"image":{"@id":"https:\/\/ibc.ee\/no\/produkt\/varmejakke-for-ibc-containere\/#primaryimage"},"thumbnailUrl":"https:\/\/ibc.ee\/wp-content\/uploads\/2020\/07\/IBC-konteiner-mahuti-kuttemantel-MasterChem.jpg","datePublished":"2025-04-22T12:07:32+00:00","description":"IBC-tankoppvarming som dekker beholderen som et foringsr\u00f8r. Spesielt egnet for oppvarming av mer tyktflytende v\u00e6sker som olje, diesel, sirup, fett, sm\u00f8remidler, vaselin, voks, lim osv. som m\u00e5 varmes opp jevnt i hele beholderen.","breadcrumb":{"@id":"https:\/\/ibc.ee\/no\/produkt\/varmejakke-for-ibc-containere\/#breadcrumb"},"inLanguage":"nb-NO","potentialAction":[{"@type":"ReadAction","target":["https:\/\/ibc.ee\/no\/produkt\/varmejakke-for-ibc-containere\/"]}]},{"@type":"ImageObject","inLanguage":"nb-NO","@id":"https:\/\/ibc.ee\/no\/produkt\/varmejakke-for-ibc-containere\/#primaryimage","url":"https:\/\/ibc.ee\/wp-content\/uploads\/2020\/07\/IBC-konteiner-mahuti-kuttemantel-MasterChem.jpg","contentUrl":"https:\/\/ibc.ee\/wp-content\/uploads\/2020\/07\/IBC-konteiner-mahuti-kuttemantel-MasterChem.jpg","width":1000,"height":1000},{"@type":"BreadcrumbList","@id":"https:\/\/ibc.ee\/no\/produkt\/varmejakke-for-ibc-containere\/#breadcrumb","itemListElement":[{"@type":"ListItem","position":1,"name":"\u0413\u043b\u0430\u0432\u043d\u0430\u044f \u0441\u0442\u0440\u0430\u043d\u0438\u0446\u0430","item":"https:\/\/www.ibc.ee\/no\/"},{"@type":"ListItem","position":2,"name":"Butikk","item":"https:\/\/www.ibc.ee\/no\/butikk\/"},{"@type":"ListItem","position":3,"name":"Varmejakke for IBC-containere"}]},{"@type":"WebSite","@id":"https:\/\/www.ibc.ee\/no\/#website","url":"https:\/\/www.ibc.ee\/no\/","name":"IBC konteineri m&uuml;&uuml;k, vaadid, kraanid, mahutid","description":"IBC - Tank container valve, Adapters\\fittings, Intermediate bulk, container, Drums\/cans","potentialAction":[{"@type":"SearchAction","target":{"@type":"EntryPoint","urlTemplate":"https:\/\/www.ibc.ee\/no\/?s={search_term_string}"},"query-input":{"@type":"PropertyValueSpecification","valueRequired":true,"valueName":"search_term_string"}}],"inLanguage":"nb-NO"}]}},"_links":{"self":[{"href":"https:\/\/ibc.ee\/no\/wp-json\/wp\/v2\/product\/23438","targetHints":{"allow":["GET"]}}],"collection":[{"href":"https:\/\/ibc.ee\/no\/wp-json\/wp\/v2\/product"}],"about":[{"href":"https:\/\/ibc.ee\/no\/wp-json\/wp\/v2\/types\/product"}],"wp:featuredmedia":[{"embeddable":true,"href":"https:\/\/ibc.ee\/no\/wp-json\/wp\/v2\/media\/23439"}],"wp:attachment":[{"href":"https:\/\/ibc.ee\/no\/wp-json\/wp\/v2\/media?parent=23438"}],"wp:term":[{"taxonomy":"product_brand","embeddable":true,"href":"https:\/\/ibc.ee\/no\/wp-json\/wp\/v2\/product_brand?post=23438"},{"taxonomy":"product_cat","embeddable":true,"href":"https:\/\/ibc.ee\/no\/wp-json\/wp\/v2\/product_cat?post=23438"},{"taxonomy":"product_tag","embeddable":true,"href":"https:\/\/ibc.ee\/no\/wp-json\/wp\/v2\/product_tag?post=23438"}],"curies":[{"name":"wp","href":"https:\/\/api.w.org\/{rel}","templated":true}]}}