{"id":23450,"date":"2020-07-08T11:14:15","date_gmt":"2025-04-22T12:13:06","guid":{"rendered":"https:\/\/ibc.ee\/product\/trommelvarmer-i-plast\/"},"modified":"2025-04-22T14:13:06","modified_gmt":"2025-04-22T12:13:06","slug":"trommelvarmer-i-plast","status":"publish","type":"product","link":"https:\/\/ibc.ee\/no\/produkt\/trommelvarmer-i-plast\/","title":{"rendered":"Trommelvarmer i plast"},"content":{"rendered":"<p>V\u00e5re fatvarmere er perfekte for fat der du \u00f8nsker \u00e5 holde innholdet p\u00e5 en jevn temperatur, en viss viskositet eller hindre innholdet i \u00e5 fryse. Trommelvarmerne er utstyrt med brukervennlige digitale regulatorer eller termostater med ulike varmeomr\u00e5der fra 0 \u00b0C til 200 \u00b0C, noe som gj\u00f8r trommelvarmerne ideelle til nesten alle form\u00e5l. Trommelvarmerne er designet i en slitesterk og langvarig lettvektskonstruksjon av h\u00f8y kvalitet, og konstruksjonen sammen med hurtigutl\u00f8sende stropper gj\u00f8r det enkelt \u00e5 feste trommelvarmeren p\u00e5 alle trommer av standard st\u00f8rrelse.<\/p>\n","protected":false},"excerpt":{"rendered":"<p>&#8211; Designet for n\u00e6ringsmiddelindustrien<br \/>\n&#8211; Kappe av silikon\/glassstoff.<br \/>\n&#8211; Glassfilamentteppe.<br \/>\n&#8211; Silikonisolert spiralviklet motstandselement.<br \/>\n&#8211; Justerbare hurtigspenner.<br \/>\n&#8211; 3 meter (10 fot) str\u00f8mkabel.<br \/>\n&#8211; Standardst\u00f8rrelse 200 l (55 Gal.).<br \/>\n&#8211; Termostat 0-120 \u00b0C (32-248 \u00b0F).<br \/>\n&#8211; IP54-beskyttelse.<br \/>\n&#8211; Oppvarmingstid ca. 24 timer (200 l vann fra +15 \u00b0C til 80 \u00b0C med en 1200 W trommelvarmer). <\/p>\n<p style=\"text-align: justify;\">[popup_anything id=&raquo;15520&#8243;]<\/p>\n","protected":false},"featured_media":23451,"template":"","meta":[],"product_brand":[],"product_cat":[442],"product_tag":[],"class_list":{"0":"post-23450","1":"product","2":"type-product","3":"status-publish","4":"has-post-thumbnail","6":"product_cat-ibc-og-trommelvarme","7":"product_shipping_class-omniva-no","9":"first","10":"onbackorder","11":"taxable","12":"shipping-taxable","13":"purchasable","14":"product-type-simple"},"yoast_head":"<!-- This site is optimized with the Yoast SEO plugin v26.9 - https:\/\/yoast.com\/product\/yoast-seo-wordpress\/ -->\n<title>Trommelvarmer i metall p\u00e5 200 liter med regulator<\/title>\n<meta name=\"description\" content=\"Trommelvarmerne er utstyrt med brukervennlige digitale regulatorer eller termostater med ulike varmeomr\u00e5der fra 0 \u00b0C til 200 \u00b0C, noe som gj\u00f8r trommelvarmerne ideelle til nesten alle form\u00e5l.\" \/>\n<meta name=\"robots\" content=\"index, follow, max-snippet:-1, max-image-preview:large, max-video-preview:-1\" \/>\n<link rel=\"canonical\" href=\"https:\/\/ibc.ee\/no\/produkt\/trommelvarmer-i-plast\/\" \/>\n<meta property=\"og:locale\" content=\"nb_NO\" \/>\n<meta property=\"og:type\" content=\"article\" \/>\n<meta property=\"og:title\" content=\"Trommelvarmer i metall p\u00e5 200 liter med regulator\" \/>\n<meta property=\"og:description\" content=\"Trommelvarmerne er utstyrt med brukervennlige digitale regulatorer eller termostater med ulike varmeomr\u00e5der fra 0 \u00b0C til 200 \u00b0C, noe som gj\u00f8r trommelvarmerne ideelle til nesten alle form\u00e5l.\" \/>\n<meta property=\"og:url\" content=\"https:\/\/ibc.ee\/no\/produkt\/trommelvarmer-i-plast\/\" \/>\n<meta property=\"og:site_name\" content=\"IBC konteineri m&uuml;&uuml;k, vaadid, kraanid, mahutid\" \/>\n<meta property=\"og:image\" content=\"https:\/\/ibc.ee\/wp-content\/uploads\/2020\/07\/Plastic-200L-drum-heater-MasterChem.jpg\" \/>\n\t<meta property=\"og:image:width\" content=\"1000\" \/>\n\t<meta property=\"og:image:height\" content=\"1000\" \/>\n\t<meta property=\"og:image:type\" content=\"image\/jpeg\" \/>\n<meta name=\"twitter:card\" content=\"summary_large_image\" \/>\n<script type=\"application\/ld+json\" class=\"yoast-schema-graph\">{\"@context\":\"https:\/\/schema.org\",\"@graph\":[{\"@type\":\"WebPage\",\"@id\":\"https:\/\/ibc.ee\/no\/produkt\/trommelvarmer-i-plast\/\",\"url\":\"https:\/\/ibc.ee\/no\/produkt\/trommelvarmer-i-plast\/\",\"name\":\"Trommelvarmer i metall p\u00e5 200 liter med regulator\",\"isPartOf\":{\"@id\":\"https:\/\/www.ibc.ee\/no\/#website\"},\"primaryImageOfPage\":{\"@id\":\"https:\/\/ibc.ee\/no\/produkt\/trommelvarmer-i-plast\/#primaryimage\"},\"image\":{\"@id\":\"https:\/\/ibc.ee\/no\/produkt\/trommelvarmer-i-plast\/#primaryimage\"},\"thumbnailUrl\":\"https:\/\/ibc.ee\/wp-content\/uploads\/2020\/07\/Plastic-200L-drum-heater-MasterChem.jpg\",\"datePublished\":\"2025-04-22T12:13:06+00:00\",\"description\":\"Trommelvarmerne er utstyrt med brukervennlige digitale regulatorer eller termostater med ulike varmeomr\u00e5der fra 0 \u00b0C til 200 \u00b0C, noe som gj\u00f8r trommelvarmerne ideelle til nesten alle form\u00e5l.\",\"breadcrumb\":{\"@id\":\"https:\/\/ibc.ee\/no\/produkt\/trommelvarmer-i-plast\/#breadcrumb\"},\"inLanguage\":\"nb-NO\",\"potentialAction\":[{\"@type\":\"ReadAction\",\"target\":[\"https:\/\/ibc.ee\/no\/produkt\/trommelvarmer-i-plast\/\"]}]},{\"@type\":\"ImageObject\",\"inLanguage\":\"nb-NO\",\"@id\":\"https:\/\/ibc.ee\/no\/produkt\/trommelvarmer-i-plast\/#primaryimage\",\"url\":\"https:\/\/ibc.ee\/wp-content\/uploads\/2020\/07\/Plastic-200L-drum-heater-MasterChem.jpg\",\"contentUrl\":\"https:\/\/ibc.ee\/wp-content\/uploads\/2020\/07\/Plastic-200L-drum-heater-MasterChem.jpg\",\"width\":1000,\"height\":1000},{\"@type\":\"BreadcrumbList\",\"@id\":\"https:\/\/ibc.ee\/no\/produkt\/trommelvarmer-i-plast\/#breadcrumb\",\"itemListElement\":[{\"@type\":\"ListItem\",\"position\":1,\"name\":\"\u0413\u043b\u0430\u0432\u043d\u0430\u044f \u0441\u0442\u0440\u0430\u043d\u0438\u0446\u0430\",\"item\":\"https:\/\/www.ibc.ee\/no\/\"},{\"@type\":\"ListItem\",\"position\":2,\"name\":\"Butikk\",\"item\":\"https:\/\/www.ibc.ee\/no\/butikk\/\"},{\"@type\":\"ListItem\",\"position\":3,\"name\":\"Trommelvarmer i plast\"}]},{\"@type\":\"WebSite\",\"@id\":\"https:\/\/www.ibc.ee\/no\/#website\",\"url\":\"https:\/\/www.ibc.ee\/no\/\",\"name\":\"IBC konteineri m&uuml;&uuml;k, vaadid, kraanid, mahutid\",\"description\":\"IBC - Tank container valve, Adapters\\\\fittings, Intermediate bulk, container, Drums\/cans\",\"potentialAction\":[{\"@type\":\"SearchAction\",\"target\":{\"@type\":\"EntryPoint\",\"urlTemplate\":\"https:\/\/www.ibc.ee\/no\/?s={search_term_string}\"},\"query-input\":{\"@type\":\"PropertyValueSpecification\",\"valueRequired\":true,\"valueName\":\"search_term_string\"}}],\"inLanguage\":\"nb-NO\"}]}<\/script>\n<!-- \/ Yoast SEO plugin. -->","yoast_head_json":{"title":"Trommelvarmer i metall p\u00e5 200 liter med regulator","description":"Trommelvarmerne er utstyrt med brukervennlige digitale regulatorer eller termostater med ulike varmeomr\u00e5der fra 0 \u00b0C til 200 \u00b0C, noe som gj\u00f8r trommelvarmerne ideelle til nesten alle form\u00e5l.","robots":{"index":"index","follow":"follow","max-snippet":"max-snippet:-1","max-image-preview":"max-image-preview:large","max-video-preview":"max-video-preview:-1"},"canonical":"https:\/\/ibc.ee\/no\/produkt\/trommelvarmer-i-plast\/","og_locale":"nb_NO","og_type":"article","og_title":"Trommelvarmer i metall p\u00e5 200 liter med regulator","og_description":"Trommelvarmerne er utstyrt med brukervennlige digitale regulatorer eller termostater med ulike varmeomr\u00e5der fra 0 \u00b0C til 200 \u00b0C, noe som gj\u00f8r trommelvarmerne ideelle til nesten alle form\u00e5l.","og_url":"https:\/\/ibc.ee\/no\/produkt\/trommelvarmer-i-plast\/","og_site_name":"IBC konteineri m&uuml;&uuml;k, vaadid, kraanid, mahutid","og_image":[{"width":1000,"height":1000,"url":"https:\/\/ibc.ee\/wp-content\/uploads\/2020\/07\/Plastic-200L-drum-heater-MasterChem.jpg","type":"image\/jpeg"}],"twitter_card":"summary_large_image","schema":{"@context":"https:\/\/schema.org","@graph":[{"@type":"WebPage","@id":"https:\/\/ibc.ee\/no\/produkt\/trommelvarmer-i-plast\/","url":"https:\/\/ibc.ee\/no\/produkt\/trommelvarmer-i-plast\/","name":"Trommelvarmer i metall p\u00e5 200 liter med regulator","isPartOf":{"@id":"https:\/\/www.ibc.ee\/no\/#website"},"primaryImageOfPage":{"@id":"https:\/\/ibc.ee\/no\/produkt\/trommelvarmer-i-plast\/#primaryimage"},"image":{"@id":"https:\/\/ibc.ee\/no\/produkt\/trommelvarmer-i-plast\/#primaryimage"},"thumbnailUrl":"https:\/\/ibc.ee\/wp-content\/uploads\/2020\/07\/Plastic-200L-drum-heater-MasterChem.jpg","datePublished":"2025-04-22T12:13:06+00:00","description":"Trommelvarmerne er utstyrt med brukervennlige digitale regulatorer eller termostater med ulike varmeomr\u00e5der fra 0 \u00b0C til 200 \u00b0C, noe som gj\u00f8r trommelvarmerne ideelle til nesten alle form\u00e5l.","breadcrumb":{"@id":"https:\/\/ibc.ee\/no\/produkt\/trommelvarmer-i-plast\/#breadcrumb"},"inLanguage":"nb-NO","potentialAction":[{"@type":"ReadAction","target":["https:\/\/ibc.ee\/no\/produkt\/trommelvarmer-i-plast\/"]}]},{"@type":"ImageObject","inLanguage":"nb-NO","@id":"https:\/\/ibc.ee\/no\/produkt\/trommelvarmer-i-plast\/#primaryimage","url":"https:\/\/ibc.ee\/wp-content\/uploads\/2020\/07\/Plastic-200L-drum-heater-MasterChem.jpg","contentUrl":"https:\/\/ibc.ee\/wp-content\/uploads\/2020\/07\/Plastic-200L-drum-heater-MasterChem.jpg","width":1000,"height":1000},{"@type":"BreadcrumbList","@id":"https:\/\/ibc.ee\/no\/produkt\/trommelvarmer-i-plast\/#breadcrumb","itemListElement":[{"@type":"ListItem","position":1,"name":"\u0413\u043b\u0430\u0432\u043d\u0430\u044f \u0441\u0442\u0440\u0430\u043d\u0438\u0446\u0430","item":"https:\/\/www.ibc.ee\/no\/"},{"@type":"ListItem","position":2,"name":"Butikk","item":"https:\/\/www.ibc.ee\/no\/butikk\/"},{"@type":"ListItem","position":3,"name":"Trommelvarmer i plast"}]},{"@type":"WebSite","@id":"https:\/\/www.ibc.ee\/no\/#website","url":"https:\/\/www.ibc.ee\/no\/","name":"IBC konteineri m&uuml;&uuml;k, vaadid, kraanid, mahutid","description":"IBC - Tank container valve, Adapters\\fittings, Intermediate bulk, container, Drums\/cans","potentialAction":[{"@type":"SearchAction","target":{"@type":"EntryPoint","urlTemplate":"https:\/\/www.ibc.ee\/no\/?s={search_term_string}"},"query-input":{"@type":"PropertyValueSpecification","valueRequired":true,"valueName":"search_term_string"}}],"inLanguage":"nb-NO"}]}},"_links":{"self":[{"href":"https:\/\/ibc.ee\/no\/wp-json\/wp\/v2\/product\/23450","targetHints":{"allow":["GET"]}}],"collection":[{"href":"https:\/\/ibc.ee\/no\/wp-json\/wp\/v2\/product"}],"about":[{"href":"https:\/\/ibc.ee\/no\/wp-json\/wp\/v2\/types\/product"}],"wp:featuredmedia":[{"embeddable":true,"href":"https:\/\/ibc.ee\/no\/wp-json\/wp\/v2\/media\/23451"}],"wp:attachment":[{"href":"https:\/\/ibc.ee\/no\/wp-json\/wp\/v2\/media?parent=23450"}],"wp:term":[{"taxonomy":"product_brand","embeddable":true,"href":"https:\/\/ibc.ee\/no\/wp-json\/wp\/v2\/product_brand?post=23450"},{"taxonomy":"product_cat","embeddable":true,"href":"https:\/\/ibc.ee\/no\/wp-json\/wp\/v2\/product_cat?post=23450"},{"taxonomy":"product_tag","embeddable":true,"href":"https:\/\/ibc.ee\/no\/wp-json\/wp\/v2\/product_tag?post=23450"}],"curies":[{"name":"wp","href":"https:\/\/api.w.org\/{rel}","templated":true}]}}