{"id":23546,"date":"2021-05-24T21:24:39","date_gmt":"2025-04-22T12:50:23","guid":{"rendered":"https:\/\/ibc.ee\/product\/universal-1000-liter-ibc-utendors-deksel\/"},"modified":"2025-04-22T14:50:23","modified_gmt":"2025-04-22T12:50:23","slug":"universal-1000-liter-ibc-utendors-deksel","status":"publish","type":"product","link":"https:\/\/ibc.ee\/no\/produkt\/universal-1000-liter-ibc-utendors-deksel\/","title":{"rendered":"Universal 1000 liter IBC utend\u00f8rs deksel"},"content":{"rendered":"<p>Universal 1000 liter IBC utend\u00f8rs deksel vannbeholder tankdeksel vanntett anti-st\u00f8v solbeskyttelse varmeisolasjon lagring.  <\/p>\n","protected":false},"excerpt":{"rendered":"<p><strong>Funksjoner:<\/strong><\/p>\n<p>1. Ideell i kombinasjon med IBC-tanker<br \/>\n2. Slitesterk og r\u00e5tebestandig<br \/>\n3. Utvider din regnvannsh\u00f8sting<br \/>\n4. UV-stabilisert<br \/>\n5. Mulighet for fylling og t\u00f8mming<br \/>\n6. Enkel installasjon<br \/>\n7. Spesielt n\u00e5r IBC-tanker lagres ubeskyttet utend\u00f8rs, kan skadelige UV-str\u00e5ler skade innholdet og selve tanken.<br \/>\n8. Med den UV-beskyttende filmen som er beskyttet av oss som en bruksmodell, har du alltid klart vann og forlenger IBC-tankenes levetid.<\/p>\n","protected":false},"featured_media":23547,"template":"","meta":[],"product_brand":[],"product_cat":[442],"product_tag":[],"class_list":{"0":"post-23546","1":"product","2":"type-product","3":"status-publish","4":"has-post-thumbnail","6":"product_cat-ibc-og-trommelvarme","7":"product_shipping_class-omniva-no","9":"first","10":"onbackorder","11":"taxable","12":"shipping-taxable","13":"purchasable","14":"product-type-simple"},"yoast_head":"<!-- This site is optimized with the Yoast SEO plugin v26.9 - https:\/\/yoast.com\/product\/yoast-seo-wordpress\/ -->\n<title>Utend\u00f8rs deksel til IBC-containere<\/title>\n<meta name=\"description\" content=\"Universal 1000 liter IBC utend\u00f8rs deksel vannbeholder tankdeksel vanntett anti-st\u00f8v solbeskyttelse varmeisolasjon lagring.\" \/>\n<meta name=\"robots\" content=\"index, follow, max-snippet:-1, max-image-preview:large, max-video-preview:-1\" \/>\n<link rel=\"canonical\" href=\"https:\/\/ibc.ee\/no\/produkt\/universal-1000-liter-ibc-utendors-deksel\/\" \/>\n<meta property=\"og:locale\" content=\"nb_NO\" \/>\n<meta property=\"og:type\" content=\"article\" \/>\n<meta property=\"og:title\" content=\"Utend\u00f8rs deksel til IBC-containere\" \/>\n<meta property=\"og:description\" content=\"Universal 1000 liter IBC utend\u00f8rs deksel vannbeholder tankdeksel vanntett anti-st\u00f8v solbeskyttelse varmeisolasjon lagring.\" \/>\n<meta property=\"og:url\" content=\"https:\/\/ibc.ee\/no\/produkt\/universal-1000-liter-ibc-utendors-deksel\/\" \/>\n<meta property=\"og:site_name\" content=\"IBC konteineri m&uuml;&uuml;k, vaadid, kraanid, mahutid\" \/>\n<meta property=\"og:image\" content=\"https:\/\/ibc.ee\/wp-content\/uploads\/2021\/05\/Universaalne-1000-liitrine-IBC-valikate.jpg\" \/>\n\t<meta property=\"og:image:width\" content=\"600\" \/>\n\t<meta property=\"og:image:height\" content=\"600\" \/>\n\t<meta property=\"og:image:type\" content=\"image\/jpeg\" \/>\n<meta name=\"twitter:card\" content=\"summary_large_image\" \/>\n<script type=\"application\/ld+json\" class=\"yoast-schema-graph\">{\"@context\":\"https:\/\/schema.org\",\"@graph\":[{\"@type\":\"WebPage\",\"@id\":\"https:\/\/ibc.ee\/no\/produkt\/universal-1000-liter-ibc-utendors-deksel\/\",\"url\":\"https:\/\/ibc.ee\/no\/produkt\/universal-1000-liter-ibc-utendors-deksel\/\",\"name\":\"Utend\u00f8rs deksel til IBC-containere\",\"isPartOf\":{\"@id\":\"https:\/\/www.ibc.ee\/no\/#website\"},\"primaryImageOfPage\":{\"@id\":\"https:\/\/ibc.ee\/no\/produkt\/universal-1000-liter-ibc-utendors-deksel\/#primaryimage\"},\"image\":{\"@id\":\"https:\/\/ibc.ee\/no\/produkt\/universal-1000-liter-ibc-utendors-deksel\/#primaryimage\"},\"thumbnailUrl\":\"https:\/\/ibc.ee\/wp-content\/uploads\/2021\/05\/Universaalne-1000-liitrine-IBC-valikate.jpg\",\"datePublished\":\"2025-04-22T12:50:23+00:00\",\"description\":\"Universal 1000 liter IBC utend\u00f8rs deksel vannbeholder tankdeksel vanntett anti-st\u00f8v solbeskyttelse varmeisolasjon lagring.\",\"breadcrumb\":{\"@id\":\"https:\/\/ibc.ee\/no\/produkt\/universal-1000-liter-ibc-utendors-deksel\/#breadcrumb\"},\"inLanguage\":\"nb-NO\",\"potentialAction\":[{\"@type\":\"ReadAction\",\"target\":[\"https:\/\/ibc.ee\/no\/produkt\/universal-1000-liter-ibc-utendors-deksel\/\"]}]},{\"@type\":\"ImageObject\",\"inLanguage\":\"nb-NO\",\"@id\":\"https:\/\/ibc.ee\/no\/produkt\/universal-1000-liter-ibc-utendors-deksel\/#primaryimage\",\"url\":\"https:\/\/ibc.ee\/wp-content\/uploads\/2021\/05\/Universaalne-1000-liitrine-IBC-valikate.jpg\",\"contentUrl\":\"https:\/\/ibc.ee\/wp-content\/uploads\/2021\/05\/Universaalne-1000-liitrine-IBC-valikate.jpg\",\"width\":600,\"height\":600},{\"@type\":\"BreadcrumbList\",\"@id\":\"https:\/\/ibc.ee\/no\/produkt\/universal-1000-liter-ibc-utendors-deksel\/#breadcrumb\",\"itemListElement\":[{\"@type\":\"ListItem\",\"position\":1,\"name\":\"\u0413\u043b\u0430\u0432\u043d\u0430\u044f \u0441\u0442\u0440\u0430\u043d\u0438\u0446\u0430\",\"item\":\"https:\/\/www.ibc.ee\/no\/\"},{\"@type\":\"ListItem\",\"position\":2,\"name\":\"Butikk\",\"item\":\"https:\/\/www.ibc.ee\/no\/butikk\/\"},{\"@type\":\"ListItem\",\"position\":3,\"name\":\"Universal 1000 liter IBC utend\u00f8rs deksel\"}]},{\"@type\":\"WebSite\",\"@id\":\"https:\/\/www.ibc.ee\/no\/#website\",\"url\":\"https:\/\/www.ibc.ee\/no\/\",\"name\":\"IBC konteineri m&uuml;&uuml;k, vaadid, kraanid, mahutid\",\"description\":\"IBC - Tank container valve, Adapters\\\\fittings, Intermediate bulk, container, Drums\/cans\",\"potentialAction\":[{\"@type\":\"SearchAction\",\"target\":{\"@type\":\"EntryPoint\",\"urlTemplate\":\"https:\/\/www.ibc.ee\/no\/?s={search_term_string}\"},\"query-input\":{\"@type\":\"PropertyValueSpecification\",\"valueRequired\":true,\"valueName\":\"search_term_string\"}}],\"inLanguage\":\"nb-NO\"}]}<\/script>\n<!-- \/ Yoast SEO plugin. -->","yoast_head_json":{"title":"Utend\u00f8rs deksel til IBC-containere","description":"Universal 1000 liter IBC utend\u00f8rs deksel vannbeholder tankdeksel vanntett anti-st\u00f8v solbeskyttelse varmeisolasjon lagring.","robots":{"index":"index","follow":"follow","max-snippet":"max-snippet:-1","max-image-preview":"max-image-preview:large","max-video-preview":"max-video-preview:-1"},"canonical":"https:\/\/ibc.ee\/no\/produkt\/universal-1000-liter-ibc-utendors-deksel\/","og_locale":"nb_NO","og_type":"article","og_title":"Utend\u00f8rs deksel til IBC-containere","og_description":"Universal 1000 liter IBC utend\u00f8rs deksel vannbeholder tankdeksel vanntett anti-st\u00f8v solbeskyttelse varmeisolasjon lagring.","og_url":"https:\/\/ibc.ee\/no\/produkt\/universal-1000-liter-ibc-utendors-deksel\/","og_site_name":"IBC konteineri m&uuml;&uuml;k, vaadid, kraanid, mahutid","og_image":[{"width":600,"height":600,"url":"https:\/\/ibc.ee\/wp-content\/uploads\/2021\/05\/Universaalne-1000-liitrine-IBC-valikate.jpg","type":"image\/jpeg"}],"twitter_card":"summary_large_image","schema":{"@context":"https:\/\/schema.org","@graph":[{"@type":"WebPage","@id":"https:\/\/ibc.ee\/no\/produkt\/universal-1000-liter-ibc-utendors-deksel\/","url":"https:\/\/ibc.ee\/no\/produkt\/universal-1000-liter-ibc-utendors-deksel\/","name":"Utend\u00f8rs deksel til IBC-containere","isPartOf":{"@id":"https:\/\/www.ibc.ee\/no\/#website"},"primaryImageOfPage":{"@id":"https:\/\/ibc.ee\/no\/produkt\/universal-1000-liter-ibc-utendors-deksel\/#primaryimage"},"image":{"@id":"https:\/\/ibc.ee\/no\/produkt\/universal-1000-liter-ibc-utendors-deksel\/#primaryimage"},"thumbnailUrl":"https:\/\/ibc.ee\/wp-content\/uploads\/2021\/05\/Universaalne-1000-liitrine-IBC-valikate.jpg","datePublished":"2025-04-22T12:50:23+00:00","description":"Universal 1000 liter IBC utend\u00f8rs deksel vannbeholder tankdeksel vanntett anti-st\u00f8v solbeskyttelse varmeisolasjon lagring.","breadcrumb":{"@id":"https:\/\/ibc.ee\/no\/produkt\/universal-1000-liter-ibc-utendors-deksel\/#breadcrumb"},"inLanguage":"nb-NO","potentialAction":[{"@type":"ReadAction","target":["https:\/\/ibc.ee\/no\/produkt\/universal-1000-liter-ibc-utendors-deksel\/"]}]},{"@type":"ImageObject","inLanguage":"nb-NO","@id":"https:\/\/ibc.ee\/no\/produkt\/universal-1000-liter-ibc-utendors-deksel\/#primaryimage","url":"https:\/\/ibc.ee\/wp-content\/uploads\/2021\/05\/Universaalne-1000-liitrine-IBC-valikate.jpg","contentUrl":"https:\/\/ibc.ee\/wp-content\/uploads\/2021\/05\/Universaalne-1000-liitrine-IBC-valikate.jpg","width":600,"height":600},{"@type":"BreadcrumbList","@id":"https:\/\/ibc.ee\/no\/produkt\/universal-1000-liter-ibc-utendors-deksel\/#breadcrumb","itemListElement":[{"@type":"ListItem","position":1,"name":"\u0413\u043b\u0430\u0432\u043d\u0430\u044f \u0441\u0442\u0440\u0430\u043d\u0438\u0446\u0430","item":"https:\/\/www.ibc.ee\/no\/"},{"@type":"ListItem","position":2,"name":"Butikk","item":"https:\/\/www.ibc.ee\/no\/butikk\/"},{"@type":"ListItem","position":3,"name":"Universal 1000 liter IBC utend\u00f8rs deksel"}]},{"@type":"WebSite","@id":"https:\/\/www.ibc.ee\/no\/#website","url":"https:\/\/www.ibc.ee\/no\/","name":"IBC konteineri m&uuml;&uuml;k, vaadid, kraanid, mahutid","description":"IBC - Tank container valve, Adapters\\fittings, Intermediate bulk, container, Drums\/cans","potentialAction":[{"@type":"SearchAction","target":{"@type":"EntryPoint","urlTemplate":"https:\/\/www.ibc.ee\/no\/?s={search_term_string}"},"query-input":{"@type":"PropertyValueSpecification","valueRequired":true,"valueName":"search_term_string"}}],"inLanguage":"nb-NO"}]}},"_links":{"self":[{"href":"https:\/\/ibc.ee\/no\/wp-json\/wp\/v2\/product\/23546","targetHints":{"allow":["GET"]}}],"collection":[{"href":"https:\/\/ibc.ee\/no\/wp-json\/wp\/v2\/product"}],"about":[{"href":"https:\/\/ibc.ee\/no\/wp-json\/wp\/v2\/types\/product"}],"wp:featuredmedia":[{"embeddable":true,"href":"https:\/\/ibc.ee\/no\/wp-json\/wp\/v2\/media\/23547"}],"wp:attachment":[{"href":"https:\/\/ibc.ee\/no\/wp-json\/wp\/v2\/media?parent=23546"}],"wp:term":[{"taxonomy":"product_brand","embeddable":true,"href":"https:\/\/ibc.ee\/no\/wp-json\/wp\/v2\/product_brand?post=23546"},{"taxonomy":"product_cat","embeddable":true,"href":"https:\/\/ibc.ee\/no\/wp-json\/wp\/v2\/product_cat?post=23546"},{"taxonomy":"product_tag","embeddable":true,"href":"https:\/\/ibc.ee\/no\/wp-json\/wp\/v2\/product_tag?post=23546"}],"curies":[{"name":"wp","href":"https:\/\/api.w.org\/{rel}","templated":true}]}}