{"id":23568,"date":"2021-02-21T18:09:00","date_gmt":"2025-04-22T12:55:05","guid":{"rendered":"https:\/\/ibc.ee\/product\/hevertpumpe-drivstoff-gass-vaeske-vann-overforing-dispenser\/"},"modified":"2025-04-22T14:55:05","modified_gmt":"2025-04-22T12:55:05","slug":"hevertpumpe-drivstoff-gass-vaeske-vann-overforing-dispenser","status":"publish","type":"product","link":"https:\/\/ibc.ee\/no\/produkt\/hevertpumpe-drivstoff-gass-vaeske-vann-overforing-dispenser\/","title":{"rendered":"Hevertpumpe Drivstoff Gass V\u00e6ske Vann Overf\u00f8ring Dispenser"},"content":{"rendered":"<p>Hevertpumpe Drivstoff Gass V\u00e6ske Vannoverf\u00f8ring Dispenser<\/p>\n<p>Spesifikasjoner:<br \/>\nArt No.: DP-25 \/ GT129<br \/>\nMaterialer: PE \/ Polyetylen<br \/>\nSelvansugende: Ja<br \/>\nInntaks-\/utl\u00f8psdiameter: 25\/25 mm<br \/>\nSuging: 850 mm<br \/>\nL\u00f8ft: 1200 mm<br \/>\nKapasitet: 16-18 l\/min<br \/>\nBruksomr\u00e5der: Kjemikalier, petroleumsbaserte v\u00e6sker, vann<\/p>\n","protected":false},"excerpt":{"rendered":"<p>Hevertpumpe Drivstoff Gass V\u00e6ske Vannoverf\u00f8ring Dispenser Spesifikasjoner: Art No.: DP-25 \/ GT129 Materialer: PE \/ Polyetylen Selvansugende: Ja Inntaks-\/utl\u00f8psdiameter: 25\/25 mm Suging: 850 mm L\u00f8ft: 1200 mm Kapasitet: 16-18 l\/min Bruksomr\u00e5der: Kjemikalier, petroleumsbaserte v\u00e6sker, vann<\/p>\n","protected":false},"featured_media":23569,"template":"","meta":[],"product_brand":[],"product_cat":[440],"product_tag":[],"class_list":{"0":"post-23568","1":"product","2":"type-product","3":"status-publish","4":"has-post-thumbnail","6":"product_cat-trommer-og-bokser","7":"product_shipping_class-tilbehor","9":"first","10":"onbackorder","11":"taxable","12":"shipping-taxable","13":"purchasable","14":"product-type-simple"},"yoast_head":"<!-- This site is optimized with the Yoast SEO plugin v26.9 - https:\/\/yoast.com\/product\/yoast-seo-wordpress\/ -->\n<title>Hevertpumpe Drivstoff Gass V\u00e6ske Vann Overf\u00f8ring Dispenser -<\/title>\n<meta name=\"description\" content=\"Sifonpumpe for kjemikalier i plast. Kapasitet: 16-18 l\/min. Bruksomr\u00e5der: Kjemikalier, petroleumsbaserte v\u00e6sker, vann\" \/>\n<meta name=\"robots\" content=\"index, follow, max-snippet:-1, max-image-preview:large, max-video-preview:-1\" \/>\n<link rel=\"canonical\" href=\"https:\/\/ibc.ee\/no\/produkt\/hevertpumpe-drivstoff-gass-vaeske-vann-overforing-dispenser\/\" \/>\n<meta property=\"og:locale\" content=\"nb_NO\" \/>\n<meta property=\"og:type\" content=\"article\" \/>\n<meta property=\"og:title\" content=\"Hevertpumpe Drivstoff Gass V\u00e6ske Vann Overf\u00f8ring Dispenser -\" \/>\n<meta property=\"og:description\" content=\"Sifonpumpe for kjemikalier i plast. Kapasitet: 16-18 l\/min. Bruksomr\u00e5der: Kjemikalier, petroleumsbaserte v\u00e6sker, vann\" \/>\n<meta property=\"og:url\" content=\"https:\/\/ibc.ee\/no\/produkt\/hevertpumpe-drivstoff-gass-vaeske-vann-overforing-dispenser\/\" \/>\n<meta property=\"og:site_name\" content=\"IBC konteineri m&uuml;&uuml;k, vaadid, kraanid, mahutid\" \/>\n<meta property=\"og:image\" content=\"https:\/\/ibc.ee\/wp-content\/uploads\/2021\/02\/Sifoonpump-16-18-l-min.jpg\" \/>\n\t<meta property=\"og:image:width\" content=\"1000\" \/>\n\t<meta property=\"og:image:height\" content=\"1000\" \/>\n\t<meta property=\"og:image:type\" content=\"image\/jpeg\" \/>\n<meta name=\"twitter:card\" content=\"summary_large_image\" \/>\n<script type=\"application\/ld+json\" class=\"yoast-schema-graph\">{\"@context\":\"https:\/\/schema.org\",\"@graph\":[{\"@type\":\"WebPage\",\"@id\":\"https:\/\/ibc.ee\/no\/produkt\/hevertpumpe-drivstoff-gass-vaeske-vann-overforing-dispenser\/\",\"url\":\"https:\/\/ibc.ee\/no\/produkt\/hevertpumpe-drivstoff-gass-vaeske-vann-overforing-dispenser\/\",\"name\":\"Hevertpumpe Drivstoff Gass V\u00e6ske Vann Overf\u00f8ring Dispenser -\",\"isPartOf\":{\"@id\":\"https:\/\/ibc.ee\/no\/#website\"},\"primaryImageOfPage\":{\"@id\":\"https:\/\/ibc.ee\/no\/produkt\/hevertpumpe-drivstoff-gass-vaeske-vann-overforing-dispenser\/#primaryimage\"},\"image\":{\"@id\":\"https:\/\/ibc.ee\/no\/produkt\/hevertpumpe-drivstoff-gass-vaeske-vann-overforing-dispenser\/#primaryimage\"},\"thumbnailUrl\":\"https:\/\/ibc.ee\/wp-content\/uploads\/2021\/02\/Sifoonpump-16-18-l-min.jpg\",\"datePublished\":\"2025-04-22T12:55:05+00:00\",\"description\":\"Sifonpumpe for kjemikalier i plast. Kapasitet: 16-18 l\/min. Bruksomr\u00e5der: Kjemikalier, petroleumsbaserte v\u00e6sker, vann\",\"breadcrumb\":{\"@id\":\"https:\/\/ibc.ee\/no\/produkt\/hevertpumpe-drivstoff-gass-vaeske-vann-overforing-dispenser\/#breadcrumb\"},\"inLanguage\":\"nb-NO\",\"potentialAction\":[{\"@type\":\"ReadAction\",\"target\":[\"https:\/\/ibc.ee\/no\/produkt\/hevertpumpe-drivstoff-gass-vaeske-vann-overforing-dispenser\/\"]}]},{\"@type\":\"ImageObject\",\"inLanguage\":\"nb-NO\",\"@id\":\"https:\/\/ibc.ee\/no\/produkt\/hevertpumpe-drivstoff-gass-vaeske-vann-overforing-dispenser\/#primaryimage\",\"url\":\"https:\/\/ibc.ee\/wp-content\/uploads\/2021\/02\/Sifoonpump-16-18-l-min.jpg\",\"contentUrl\":\"https:\/\/ibc.ee\/wp-content\/uploads\/2021\/02\/Sifoonpump-16-18-l-min.jpg\",\"width\":1000,\"height\":1000},{\"@type\":\"BreadcrumbList\",\"@id\":\"https:\/\/ibc.ee\/no\/produkt\/hevertpumpe-drivstoff-gass-vaeske-vann-overforing-dispenser\/#breadcrumb\",\"itemListElement\":[{\"@type\":\"ListItem\",\"position\":1,\"name\":\"\u0413\u043b\u0430\u0432\u043d\u0430\u044f \u0441\u0442\u0440\u0430\u043d\u0438\u0446\u0430\",\"item\":\"https:\/\/ibc.ee\/no\/\"},{\"@type\":\"ListItem\",\"position\":2,\"name\":\"Butikk\",\"item\":\"https:\/\/ibc.ee\/no\/butikk\/\"},{\"@type\":\"ListItem\",\"position\":3,\"name\":\"Hevertpumpe Drivstoff Gass V\u00e6ske Vann Overf\u00f8ring Dispenser\"}]},{\"@type\":\"WebSite\",\"@id\":\"https:\/\/ibc.ee\/no\/#website\",\"url\":\"https:\/\/ibc.ee\/no\/\",\"name\":\"IBC konteineri m&uuml;&uuml;k, vaadid, kraanid, mahutid\",\"description\":\"IBC - Tank container valve, Adapters\\\\fittings, Intermediate bulk, container, Drums\/cans\",\"potentialAction\":[{\"@type\":\"SearchAction\",\"target\":{\"@type\":\"EntryPoint\",\"urlTemplate\":\"https:\/\/ibc.ee\/no\/?s={search_term_string}\"},\"query-input\":{\"@type\":\"PropertyValueSpecification\",\"valueRequired\":true,\"valueName\":\"search_term_string\"}}],\"inLanguage\":\"nb-NO\"}]}<\/script>\n<!-- \/ Yoast SEO plugin. -->","yoast_head_json":{"title":"Hevertpumpe Drivstoff Gass V\u00e6ske Vann Overf\u00f8ring Dispenser -","description":"Sifonpumpe for kjemikalier i plast. Kapasitet: 16-18 l\/min. Bruksomr\u00e5der: Kjemikalier, petroleumsbaserte v\u00e6sker, vann","robots":{"index":"index","follow":"follow","max-snippet":"max-snippet:-1","max-image-preview":"max-image-preview:large","max-video-preview":"max-video-preview:-1"},"canonical":"https:\/\/ibc.ee\/no\/produkt\/hevertpumpe-drivstoff-gass-vaeske-vann-overforing-dispenser\/","og_locale":"nb_NO","og_type":"article","og_title":"Hevertpumpe Drivstoff Gass V\u00e6ske Vann Overf\u00f8ring Dispenser -","og_description":"Sifonpumpe for kjemikalier i plast. Kapasitet: 16-18 l\/min. Bruksomr\u00e5der: Kjemikalier, petroleumsbaserte v\u00e6sker, vann","og_url":"https:\/\/ibc.ee\/no\/produkt\/hevertpumpe-drivstoff-gass-vaeske-vann-overforing-dispenser\/","og_site_name":"IBC konteineri m&uuml;&uuml;k, vaadid, kraanid, mahutid","og_image":[{"width":1000,"height":1000,"url":"https:\/\/ibc.ee\/wp-content\/uploads\/2021\/02\/Sifoonpump-16-18-l-min.jpg","type":"image\/jpeg"}],"twitter_card":"summary_large_image","schema":{"@context":"https:\/\/schema.org","@graph":[{"@type":"WebPage","@id":"https:\/\/ibc.ee\/no\/produkt\/hevertpumpe-drivstoff-gass-vaeske-vann-overforing-dispenser\/","url":"https:\/\/ibc.ee\/no\/produkt\/hevertpumpe-drivstoff-gass-vaeske-vann-overforing-dispenser\/","name":"Hevertpumpe Drivstoff Gass V\u00e6ske Vann Overf\u00f8ring Dispenser -","isPartOf":{"@id":"https:\/\/ibc.ee\/no\/#website"},"primaryImageOfPage":{"@id":"https:\/\/ibc.ee\/no\/produkt\/hevertpumpe-drivstoff-gass-vaeske-vann-overforing-dispenser\/#primaryimage"},"image":{"@id":"https:\/\/ibc.ee\/no\/produkt\/hevertpumpe-drivstoff-gass-vaeske-vann-overforing-dispenser\/#primaryimage"},"thumbnailUrl":"https:\/\/ibc.ee\/wp-content\/uploads\/2021\/02\/Sifoonpump-16-18-l-min.jpg","datePublished":"2025-04-22T12:55:05+00:00","description":"Sifonpumpe for kjemikalier i plast. Kapasitet: 16-18 l\/min. Bruksomr\u00e5der: Kjemikalier, petroleumsbaserte v\u00e6sker, vann","breadcrumb":{"@id":"https:\/\/ibc.ee\/no\/produkt\/hevertpumpe-drivstoff-gass-vaeske-vann-overforing-dispenser\/#breadcrumb"},"inLanguage":"nb-NO","potentialAction":[{"@type":"ReadAction","target":["https:\/\/ibc.ee\/no\/produkt\/hevertpumpe-drivstoff-gass-vaeske-vann-overforing-dispenser\/"]}]},{"@type":"ImageObject","inLanguage":"nb-NO","@id":"https:\/\/ibc.ee\/no\/produkt\/hevertpumpe-drivstoff-gass-vaeske-vann-overforing-dispenser\/#primaryimage","url":"https:\/\/ibc.ee\/wp-content\/uploads\/2021\/02\/Sifoonpump-16-18-l-min.jpg","contentUrl":"https:\/\/ibc.ee\/wp-content\/uploads\/2021\/02\/Sifoonpump-16-18-l-min.jpg","width":1000,"height":1000},{"@type":"BreadcrumbList","@id":"https:\/\/ibc.ee\/no\/produkt\/hevertpumpe-drivstoff-gass-vaeske-vann-overforing-dispenser\/#breadcrumb","itemListElement":[{"@type":"ListItem","position":1,"name":"\u0413\u043b\u0430\u0432\u043d\u0430\u044f \u0441\u0442\u0440\u0430\u043d\u0438\u0446\u0430","item":"https:\/\/ibc.ee\/no\/"},{"@type":"ListItem","position":2,"name":"Butikk","item":"https:\/\/ibc.ee\/no\/butikk\/"},{"@type":"ListItem","position":3,"name":"Hevertpumpe Drivstoff Gass V\u00e6ske Vann Overf\u00f8ring Dispenser"}]},{"@type":"WebSite","@id":"https:\/\/ibc.ee\/no\/#website","url":"https:\/\/ibc.ee\/no\/","name":"IBC konteineri m&uuml;&uuml;k, vaadid, kraanid, mahutid","description":"IBC - Tank container valve, Adapters\\fittings, Intermediate bulk, container, Drums\/cans","potentialAction":[{"@type":"SearchAction","target":{"@type":"EntryPoint","urlTemplate":"https:\/\/ibc.ee\/no\/?s={search_term_string}"},"query-input":{"@type":"PropertyValueSpecification","valueRequired":true,"valueName":"search_term_string"}}],"inLanguage":"nb-NO"}]}},"_links":{"self":[{"href":"https:\/\/ibc.ee\/no\/wp-json\/wp\/v2\/product\/23568","targetHints":{"allow":["GET"]}}],"collection":[{"href":"https:\/\/ibc.ee\/no\/wp-json\/wp\/v2\/product"}],"about":[{"href":"https:\/\/ibc.ee\/no\/wp-json\/wp\/v2\/types\/product"}],"wp:featuredmedia":[{"embeddable":true,"href":"https:\/\/ibc.ee\/no\/wp-json\/wp\/v2\/media\/23569"}],"wp:attachment":[{"href":"https:\/\/ibc.ee\/no\/wp-json\/wp\/v2\/media?parent=23568"}],"wp:term":[{"taxonomy":"product_brand","embeddable":true,"href":"https:\/\/ibc.ee\/no\/wp-json\/wp\/v2\/product_brand?post=23568"},{"taxonomy":"product_cat","embeddable":true,"href":"https:\/\/ibc.ee\/no\/wp-json\/wp\/v2\/product_cat?post=23568"},{"taxonomy":"product_tag","embeddable":true,"href":"https:\/\/ibc.ee\/no\/wp-json\/wp\/v2\/product_tag?post=23568"}],"curies":[{"name":"wp","href":"https:\/\/api.w.org\/{rel}","templated":true}]}}