{"id":23592,"date":"2024-05-06T19:32:07","date_gmt":"2025-04-22T13:03:15","guid":{"rendered":"https:\/\/ibc.ee\/product\/uhp-tank-kubaton-transport-sk-100e-100l\/"},"modified":"2025-06-26T17:40:06","modified_gmt":"2025-06-26T15:40:06","slug":"uhp-tank-kubaton-transport-sk-100e-100l","status":"publish","type":"product","link":"https:\/\/ibc.ee\/no\/produkt\/uhp-tank-kubaton-transport-sk-100e-100l\/","title":{"rendered":"UHP-tank Kubaton Transport SK-100E (100L)"},"content":{"rendered":"<p>Rektangul\u00e6r transporttank med en kapasitet p\u00e5 100 l. Egnet for oppbevaring av ulike v\u00e6sker, f.eks. regn- og drikkevann, diesel og kjemikalier. SKE-seriens beholdere er enkle \u00e5 rengj\u00f8re takket v\u00e6re den brede \u00e5pningen.   <\/p>\n<p>Tankene i SKE-serien er stabelbare, noe som gj\u00f8r dem enkle \u00e5 oppbevare. Tankens holdbarhet sikres av de forsterkede veggene (tykkere enn i andre horisontale tanker) og produktets form. <\/p>\n<p>Denne rektangul\u00e6re beholderen har et tettere lokk sammenlignet med andre serier og er utformet for transport av v\u00e6sker. For \u00e5 unng\u00e5 v\u00e6skelekkasje b\u00f8r den faktiske kapasiteten ved fylling av beholderen v\u00e6re 5 % mindre enn den nominelle kapasiteten. <\/p>\n<p>V\u00e6r oppmerksom p\u00e5 f\u00f8lgende! Som standard er det ikke noe toppgjenget hull. Installasjon er mulig p\u00e5 kundens foresp\u00f8rsel (i sin opprinnelige tilstand er den forseglet med plast).  <\/p>\n<p>Tanken har det polske hygienesertifikatet PZH, som tillater lagring av drikkevann.<\/p>\n","protected":false},"excerpt":{"rendered":"<p><strong>Funksjoner<\/strong><br \/>\nKapasitet:: 100 l<br \/>\nLengde: 70 cm<br \/>\nBredde: 49 cm<br \/>\nH\u00f8yde: 44 cm<br \/>\nLokkdiameter: 22 cm<br \/>\nVeggtykkelse: 3,5 mm 3,5 mm<br \/>\nTilkoblingsgjenger: 3\/4 in.<\/p>\n<p><strong>Materiale<\/strong><br \/>\n&#8211; Polyetylen av h\u00f8y kvalitet<br \/>\n&#8211; Sv\u00e6rt h\u00f8y holdbarhet<br \/>\n&#8211; Motstandsdyktig mot kritiske temperaturer (fra -40\u00b0\u0421 til +60\u00b0\u0421)<br \/>\n&#8211; Egnet for oppbevaring av matvarer<br \/>\n&#8211; UV-bestandig<\/p>\n","protected":false},"featured_media":23593,"template":"","meta":[],"product_brand":[],"product_cat":[443],"product_tag":[],"class_list":{"0":"post-23592","1":"product","2":"type-product","3":"status-publish","4":"has-post-thumbnail","6":"product_cat-uhp-tanker","8":"first","9":"instock","10":"taxable","11":"shipping-taxable","12":"purchasable","13":"product-type-simple"},"yoast_head":"<!-- This site is optimized with the Yoast SEO plugin v26.9 - https:\/\/yoast.com\/product\/yoast-seo-wordpress\/ -->\n<title>UHP-tank Kubaton Transport SK-100E (100L) - IBC konteineri m&uuml;&uuml;k, vaadid, kraanid, mahutid<\/title>\n<meta name=\"description\" content=\"Rektangul\u00e6r transporttank med en kapasitet p\u00e5 100 l. Egnet for oppbevaring av ulike v\u00e6sker, f.eks. regn- og drikkevann, diesel og kjemikalier.\" \/>\n<meta name=\"robots\" content=\"index, follow, max-snippet:-1, max-image-preview:large, max-video-preview:-1\" \/>\n<link rel=\"canonical\" href=\"https:\/\/ibc.ee\/no\/produkt\/uhp-tank-kubaton-transport-sk-100e-100l\/\" \/>\n<meta property=\"og:locale\" content=\"nb_NO\" \/>\n<meta property=\"og:type\" content=\"article\" \/>\n<meta property=\"og:title\" content=\"UHP-tank Kubaton Transport SK-100E (100L) - IBC konteineri m&uuml;&uuml;k, vaadid, kraanid, mahutid\" \/>\n<meta property=\"og:description\" content=\"Rektangul\u00e6r transporttank med en kapasitet p\u00e5 100 l. Egnet for oppbevaring av ulike v\u00e6sker, f.eks. regn- og drikkevann, diesel og kjemikalier.\" \/>\n<meta property=\"og:url\" content=\"https:\/\/ibc.ee\/no\/produkt\/uhp-tank-kubaton-transport-sk-100e-100l\/\" \/>\n<meta property=\"og:site_name\" content=\"IBC konteineri m&uuml;&uuml;k, vaadid, kraanid, mahutid\" \/>\n<meta property=\"article:modified_time\" content=\"2025-06-26T15:40:06+00:00\" \/>\n<meta property=\"og:image\" content=\"https:\/\/ibc.ee\/wp-content\/uploads\/2024\/05\/UHP_Kubaton_Transport_SK_100E.jpg\" \/>\n\t<meta property=\"og:image:width\" content=\"1000\" \/>\n\t<meta property=\"og:image:height\" content=\"1000\" \/>\n\t<meta property=\"og:image:type\" content=\"image\/jpeg\" \/>\n<meta name=\"twitter:card\" content=\"summary_large_image\" \/>\n<meta name=\"twitter:label1\" content=\"Ansl. lesetid\" \/>\n\t<meta name=\"twitter:data1\" content=\"1 minutt\" \/>\n<script type=\"application\/ld+json\" class=\"yoast-schema-graph\">{\"@context\":\"https:\/\/schema.org\",\"@graph\":[{\"@type\":\"WebPage\",\"@id\":\"https:\/\/ibc.ee\/no\/produkt\/uhp-tank-kubaton-transport-sk-100e-100l\/\",\"url\":\"https:\/\/ibc.ee\/no\/produkt\/uhp-tank-kubaton-transport-sk-100e-100l\/\",\"name\":\"UHP-tank Kubaton Transport SK-100E (100L) - IBC konteineri m&uuml;&uuml;k, vaadid, kraanid, mahutid\",\"isPartOf\":{\"@id\":\"https:\/\/www.ibc.ee\/no\/#website\"},\"primaryImageOfPage\":{\"@id\":\"https:\/\/ibc.ee\/no\/produkt\/uhp-tank-kubaton-transport-sk-100e-100l\/#primaryimage\"},\"image\":{\"@id\":\"https:\/\/ibc.ee\/no\/produkt\/uhp-tank-kubaton-transport-sk-100e-100l\/#primaryimage\"},\"thumbnailUrl\":\"https:\/\/ibc.ee\/wp-content\/uploads\/2024\/05\/UHP_Kubaton_Transport_SK_100E.jpg\",\"datePublished\":\"2025-04-22T13:03:15+00:00\",\"dateModified\":\"2025-06-26T15:40:06+00:00\",\"description\":\"Rektangul\u00e6r transporttank med en kapasitet p\u00e5 100 l. Egnet for oppbevaring av ulike v\u00e6sker, f.eks. regn- og drikkevann, diesel og kjemikalier.\",\"breadcrumb\":{\"@id\":\"https:\/\/ibc.ee\/no\/produkt\/uhp-tank-kubaton-transport-sk-100e-100l\/#breadcrumb\"},\"inLanguage\":\"nb-NO\",\"potentialAction\":[{\"@type\":\"ReadAction\",\"target\":[\"https:\/\/ibc.ee\/no\/produkt\/uhp-tank-kubaton-transport-sk-100e-100l\/\"]}]},{\"@type\":\"ImageObject\",\"inLanguage\":\"nb-NO\",\"@id\":\"https:\/\/ibc.ee\/no\/produkt\/uhp-tank-kubaton-transport-sk-100e-100l\/#primaryimage\",\"url\":\"https:\/\/ibc.ee\/wp-content\/uploads\/2024\/05\/UHP_Kubaton_Transport_SK_100E.jpg\",\"contentUrl\":\"https:\/\/ibc.ee\/wp-content\/uploads\/2024\/05\/UHP_Kubaton_Transport_SK_100E.jpg\",\"width\":1000,\"height\":1000},{\"@type\":\"BreadcrumbList\",\"@id\":\"https:\/\/ibc.ee\/no\/produkt\/uhp-tank-kubaton-transport-sk-100e-100l\/#breadcrumb\",\"itemListElement\":[{\"@type\":\"ListItem\",\"position\":1,\"name\":\"\u0413\u043b\u0430\u0432\u043d\u0430\u044f \u0441\u0442\u0440\u0430\u043d\u0438\u0446\u0430\",\"item\":\"https:\/\/www.ibc.ee\/no\/\"},{\"@type\":\"ListItem\",\"position\":2,\"name\":\"Butikk\",\"item\":\"https:\/\/www.ibc.ee\/no\/butikk\/\"},{\"@type\":\"ListItem\",\"position\":3,\"name\":\"UHP-tank Kubaton Transport SK-100E (100L)\"}]},{\"@type\":\"WebSite\",\"@id\":\"https:\/\/www.ibc.ee\/no\/#website\",\"url\":\"https:\/\/www.ibc.ee\/no\/\",\"name\":\"IBC konteineri m&uuml;&uuml;k, vaadid, kraanid, mahutid\",\"description\":\"IBC - Tank container valve, Adapters\\\\fittings, Intermediate bulk, container, Drums\/cans\",\"potentialAction\":[{\"@type\":\"SearchAction\",\"target\":{\"@type\":\"EntryPoint\",\"urlTemplate\":\"https:\/\/www.ibc.ee\/no\/?s={search_term_string}\"},\"query-input\":{\"@type\":\"PropertyValueSpecification\",\"valueRequired\":true,\"valueName\":\"search_term_string\"}}],\"inLanguage\":\"nb-NO\"}]}<\/script>\n<!-- \/ Yoast SEO plugin. -->","yoast_head_json":{"title":"UHP-tank Kubaton Transport SK-100E (100L) - IBC konteineri m&uuml;&uuml;k, vaadid, kraanid, mahutid","description":"Rektangul\u00e6r transporttank med en kapasitet p\u00e5 100 l. Egnet for oppbevaring av ulike v\u00e6sker, f.eks. regn- og drikkevann, diesel og kjemikalier.","robots":{"index":"index","follow":"follow","max-snippet":"max-snippet:-1","max-image-preview":"max-image-preview:large","max-video-preview":"max-video-preview:-1"},"canonical":"https:\/\/ibc.ee\/no\/produkt\/uhp-tank-kubaton-transport-sk-100e-100l\/","og_locale":"nb_NO","og_type":"article","og_title":"UHP-tank Kubaton Transport SK-100E (100L) - IBC konteineri m&uuml;&uuml;k, vaadid, kraanid, mahutid","og_description":"Rektangul\u00e6r transporttank med en kapasitet p\u00e5 100 l. Egnet for oppbevaring av ulike v\u00e6sker, f.eks. regn- og drikkevann, diesel og kjemikalier.","og_url":"https:\/\/ibc.ee\/no\/produkt\/uhp-tank-kubaton-transport-sk-100e-100l\/","og_site_name":"IBC konteineri m&uuml;&uuml;k, vaadid, kraanid, mahutid","article_modified_time":"2025-06-26T15:40:06+00:00","og_image":[{"width":1000,"height":1000,"url":"https:\/\/ibc.ee\/wp-content\/uploads\/2024\/05\/UHP_Kubaton_Transport_SK_100E.jpg","type":"image\/jpeg"}],"twitter_card":"summary_large_image","twitter_misc":{"Ansl. lesetid":"1 minutt"},"schema":{"@context":"https:\/\/schema.org","@graph":[{"@type":"WebPage","@id":"https:\/\/ibc.ee\/no\/produkt\/uhp-tank-kubaton-transport-sk-100e-100l\/","url":"https:\/\/ibc.ee\/no\/produkt\/uhp-tank-kubaton-transport-sk-100e-100l\/","name":"UHP-tank Kubaton Transport SK-100E (100L) - IBC konteineri m&uuml;&uuml;k, vaadid, kraanid, mahutid","isPartOf":{"@id":"https:\/\/www.ibc.ee\/no\/#website"},"primaryImageOfPage":{"@id":"https:\/\/ibc.ee\/no\/produkt\/uhp-tank-kubaton-transport-sk-100e-100l\/#primaryimage"},"image":{"@id":"https:\/\/ibc.ee\/no\/produkt\/uhp-tank-kubaton-transport-sk-100e-100l\/#primaryimage"},"thumbnailUrl":"https:\/\/ibc.ee\/wp-content\/uploads\/2024\/05\/UHP_Kubaton_Transport_SK_100E.jpg","datePublished":"2025-04-22T13:03:15+00:00","dateModified":"2025-06-26T15:40:06+00:00","description":"Rektangul\u00e6r transporttank med en kapasitet p\u00e5 100 l. Egnet for oppbevaring av ulike v\u00e6sker, f.eks. regn- og drikkevann, diesel og kjemikalier.","breadcrumb":{"@id":"https:\/\/ibc.ee\/no\/produkt\/uhp-tank-kubaton-transport-sk-100e-100l\/#breadcrumb"},"inLanguage":"nb-NO","potentialAction":[{"@type":"ReadAction","target":["https:\/\/ibc.ee\/no\/produkt\/uhp-tank-kubaton-transport-sk-100e-100l\/"]}]},{"@type":"ImageObject","inLanguage":"nb-NO","@id":"https:\/\/ibc.ee\/no\/produkt\/uhp-tank-kubaton-transport-sk-100e-100l\/#primaryimage","url":"https:\/\/ibc.ee\/wp-content\/uploads\/2024\/05\/UHP_Kubaton_Transport_SK_100E.jpg","contentUrl":"https:\/\/ibc.ee\/wp-content\/uploads\/2024\/05\/UHP_Kubaton_Transport_SK_100E.jpg","width":1000,"height":1000},{"@type":"BreadcrumbList","@id":"https:\/\/ibc.ee\/no\/produkt\/uhp-tank-kubaton-transport-sk-100e-100l\/#breadcrumb","itemListElement":[{"@type":"ListItem","position":1,"name":"\u0413\u043b\u0430\u0432\u043d\u0430\u044f \u0441\u0442\u0440\u0430\u043d\u0438\u0446\u0430","item":"https:\/\/www.ibc.ee\/no\/"},{"@type":"ListItem","position":2,"name":"Butikk","item":"https:\/\/www.ibc.ee\/no\/butikk\/"},{"@type":"ListItem","position":3,"name":"UHP-tank Kubaton Transport SK-100E (100L)"}]},{"@type":"WebSite","@id":"https:\/\/www.ibc.ee\/no\/#website","url":"https:\/\/www.ibc.ee\/no\/","name":"IBC konteineri m&uuml;&uuml;k, vaadid, kraanid, mahutid","description":"IBC - Tank container valve, Adapters\\fittings, Intermediate bulk, container, Drums\/cans","potentialAction":[{"@type":"SearchAction","target":{"@type":"EntryPoint","urlTemplate":"https:\/\/www.ibc.ee\/no\/?s={search_term_string}"},"query-input":{"@type":"PropertyValueSpecification","valueRequired":true,"valueName":"search_term_string"}}],"inLanguage":"nb-NO"}]}},"_links":{"self":[{"href":"https:\/\/ibc.ee\/no\/wp-json\/wp\/v2\/product\/23592","targetHints":{"allow":["GET"]}}],"collection":[{"href":"https:\/\/ibc.ee\/no\/wp-json\/wp\/v2\/product"}],"about":[{"href":"https:\/\/ibc.ee\/no\/wp-json\/wp\/v2\/types\/product"}],"wp:featuredmedia":[{"embeddable":true,"href":"https:\/\/ibc.ee\/no\/wp-json\/wp\/v2\/media\/23593"}],"wp:attachment":[{"href":"https:\/\/ibc.ee\/no\/wp-json\/wp\/v2\/media?parent=23592"}],"wp:term":[{"taxonomy":"product_brand","embeddable":true,"href":"https:\/\/ibc.ee\/no\/wp-json\/wp\/v2\/product_brand?post=23592"},{"taxonomy":"product_cat","embeddable":true,"href":"https:\/\/ibc.ee\/no\/wp-json\/wp\/v2\/product_cat?post=23592"},{"taxonomy":"product_tag","embeddable":true,"href":"https:\/\/ibc.ee\/no\/wp-json\/wp\/v2\/product_tag?post=23592"}],"curies":[{"name":"wp","href":"https:\/\/api.w.org\/{rel}","templated":true}]}}