{"id":23814,"date":"2024-05-09T18:05:00","date_gmt":"2025-04-22T13:29:37","guid":{"rendered":"https:\/\/ibc.ee\/product\/uhp-tank-verticon-chemo-transport-v-200-200-l\/"},"modified":"2025-06-26T18:27:36","modified_gmt":"2025-06-26T16:27:36","slug":"uhp-tank-verticon-chemo-transport-v-200-200-l","status":"publish","type":"product","link":"https:\/\/ibc.ee\/no\/produkt\/uhp-tank-verticon-chemo-transport-v-200-200-l\/","title":{"rendered":"UHP-tank Verticon Chemo Transport V-200 (200 l)"},"content":{"rendered":"<p>Sv\u00e6rt slitesterk tank med en kapasitet p\u00e5 200 liter, en h\u00f8yde p\u00e5 85 cm og en diameter p\u00e5 58 cm. Tankene er laget av h\u00f8ykvalitets polyetylen av n\u00e6ringsmiddelkvalitet og er designet for lagring og transport av drikkevann og andre flytende stoffer, samt oppsamling av regnvann til vanning. Tankene kan ogs\u00e5 brukes til stasjon\u00e6r lagring av fyringsolje, diesel og petroleumsprodukter.  <\/p>\n<p>V-200 vertikal plasttank har flat bunn og 3,5 mm veggtykkelse, noe som gj\u00f8r den holdbar og stabil. Tanken er utstyrt med skruelokk. For mer praktisk bevegelse og enklere drenering av v\u00e6sker er det utsparinger i \u00f8vre og nedre del av fatene.  <\/p>\n<p>Tanken har det polske hygienesertifikatet PZH, som tillater lagring av drikkevann.<\/p>\n","protected":false},"excerpt":{"rendered":"<p><strong>Egenskaper<\/strong><br \/>\nKapasitet: 200 l<br \/>\nH\u00f8yde: 85 cm<br \/>\nDiameter: 58 cm.<br \/>\nHalsdiameter: 11 cm.<br \/>\nVeggtykkelse: 3 mm: 3,5 mm<br \/>\nTilkoblingsgjenger: &#8211;<\/p>\n<p><strong>Materiale<\/strong><br \/>\n&#8211; Polyetylen av h\u00f8y kvalitet<br \/>\n&#8211; Sv\u00e6rt h\u00f8y holdbarhet<br \/>\n&#8211; Motstandsdyktig mot kritiske temperaturer (fra -40\u00b0\u0421 til +60\u00b0\u0421)<br \/>\n&#8211; Egnet for oppbevaring av matvarer<br \/>\n&#8211; UV-bestandig<\/p>\n","protected":false},"featured_media":23815,"template":"","meta":[],"product_brand":[],"product_cat":[443],"product_tag":[],"class_list":{"0":"post-23814","1":"product","2":"type-product","3":"status-publish","4":"has-post-thumbnail","6":"product_cat-uhp-tanker","7":"product_shipping_class-beholdere","9":"first","10":"onbackorder","11":"taxable","12":"shipping-taxable","13":"product-type-simple"},"yoast_head":"<!-- This site is optimized with the Yoast SEO plugin v26.9 - https:\/\/yoast.com\/product\/yoast-seo-wordpress\/ -->\n<title>UHP-tank Verticon Chemo Transport V-200 (200 l) - IBC konteineri m&uuml;&uuml;k, vaadid, kraanid, mahutid<\/title>\n<meta name=\"description\" content=\"Sv\u00e6rt slitesterk tank med en kapasitet p\u00e5 200 liter, en h\u00f8yde p\u00e5 85 cm og en diameter p\u00e5 58 cm.\" \/>\n<meta name=\"robots\" content=\"index, follow, max-snippet:-1, max-image-preview:large, max-video-preview:-1\" \/>\n<link rel=\"canonical\" href=\"https:\/\/ibc.ee\/no\/produkt\/uhp-tank-verticon-chemo-transport-v-200-200-l\/\" \/>\n<meta property=\"og:locale\" content=\"nb_NO\" \/>\n<meta property=\"og:type\" content=\"article\" \/>\n<meta property=\"og:title\" content=\"UHP-tank Verticon Chemo Transport V-200 (200 l) - IBC konteineri m&uuml;&uuml;k, vaadid, kraanid, mahutid\" \/>\n<meta property=\"og:description\" content=\"Sv\u00e6rt slitesterk tank med en kapasitet p\u00e5 200 liter, en h\u00f8yde p\u00e5 85 cm og en diameter p\u00e5 58 cm.\" \/>\n<meta property=\"og:url\" content=\"https:\/\/ibc.ee\/no\/produkt\/uhp-tank-verticon-chemo-transport-v-200-200-l\/\" \/>\n<meta property=\"og:site_name\" content=\"IBC konteineri m&uuml;&uuml;k, vaadid, kraanid, mahutid\" \/>\n<meta property=\"article:modified_time\" content=\"2025-06-26T16:27:36+00:00\" \/>\n<meta property=\"og:image\" content=\"https:\/\/www.ibc.ee\/wp-content\/uploads\/2024\/05\/UHP-VERTICON-CHEMO-TRANSPORT-V-200.jpg\" \/>\n\t<meta property=\"og:image:width\" content=\"1000\" \/>\n\t<meta property=\"og:image:height\" content=\"1000\" \/>\n\t<meta property=\"og:image:type\" content=\"image\/jpeg\" \/>\n<meta name=\"twitter:card\" content=\"summary_large_image\" \/>\n<meta name=\"twitter:label1\" content=\"Ansl. lesetid\" \/>\n\t<meta name=\"twitter:data1\" content=\"1 minutt\" \/>\n<script type=\"application\/ld+json\" class=\"yoast-schema-graph\">{\"@context\":\"https:\/\/schema.org\",\"@graph\":[{\"@type\":\"WebPage\",\"@id\":\"https:\/\/ibc.ee\/no\/produkt\/uhp-tank-verticon-chemo-transport-v-200-200-l\/\",\"url\":\"https:\/\/ibc.ee\/no\/produkt\/uhp-tank-verticon-chemo-transport-v-200-200-l\/\",\"name\":\"UHP-tank Verticon Chemo Transport V-200 (200 l) - IBC konteineri m&uuml;&uuml;k, vaadid, kraanid, mahutid\",\"isPartOf\":{\"@id\":\"https:\/\/www.ibc.ee\/no\/#website\"},\"primaryImageOfPage\":{\"@id\":\"https:\/\/ibc.ee\/no\/produkt\/uhp-tank-verticon-chemo-transport-v-200-200-l\/#primaryimage\"},\"image\":{\"@id\":\"https:\/\/ibc.ee\/no\/produkt\/uhp-tank-verticon-chemo-transport-v-200-200-l\/#primaryimage\"},\"thumbnailUrl\":\"https:\/\/ibc.ee\/wp-content\/uploads\/2024\/05\/UHP-VERTICON-CHEMO-TRANSPORT-V-200.jpg\",\"datePublished\":\"2025-04-22T13:29:37+00:00\",\"dateModified\":\"2025-06-26T16:27:36+00:00\",\"description\":\"Sv\u00e6rt slitesterk tank med en kapasitet p\u00e5 200 liter, en h\u00f8yde p\u00e5 85 cm og en diameter p\u00e5 58 cm.\",\"breadcrumb\":{\"@id\":\"https:\/\/ibc.ee\/no\/produkt\/uhp-tank-verticon-chemo-transport-v-200-200-l\/#breadcrumb\"},\"inLanguage\":\"nb-NO\",\"potentialAction\":[{\"@type\":\"ReadAction\",\"target\":[\"https:\/\/ibc.ee\/no\/produkt\/uhp-tank-verticon-chemo-transport-v-200-200-l\/\"]}]},{\"@type\":\"ImageObject\",\"inLanguage\":\"nb-NO\",\"@id\":\"https:\/\/ibc.ee\/no\/produkt\/uhp-tank-verticon-chemo-transport-v-200-200-l\/#primaryimage\",\"url\":\"https:\/\/ibc.ee\/wp-content\/uploads\/2024\/05\/UHP-VERTICON-CHEMO-TRANSPORT-V-200.jpg\",\"contentUrl\":\"https:\/\/ibc.ee\/wp-content\/uploads\/2024\/05\/UHP-VERTICON-CHEMO-TRANSPORT-V-200.jpg\",\"width\":1000,\"height\":1000},{\"@type\":\"BreadcrumbList\",\"@id\":\"https:\/\/ibc.ee\/no\/produkt\/uhp-tank-verticon-chemo-transport-v-200-200-l\/#breadcrumb\",\"itemListElement\":[{\"@type\":\"ListItem\",\"position\":1,\"name\":\"\u0413\u043b\u0430\u0432\u043d\u0430\u044f \u0441\u0442\u0440\u0430\u043d\u0438\u0446\u0430\",\"item\":\"https:\/\/www.ibc.ee\/no\/\"},{\"@type\":\"ListItem\",\"position\":2,\"name\":\"Butikk\",\"item\":\"https:\/\/www.ibc.ee\/no\/butikk\/\"},{\"@type\":\"ListItem\",\"position\":3,\"name\":\"UHP-tank Verticon Chemo Transport V-200 (200 l)\"}]},{\"@type\":\"WebSite\",\"@id\":\"https:\/\/www.ibc.ee\/no\/#website\",\"url\":\"https:\/\/www.ibc.ee\/no\/\",\"name\":\"IBC konteineri m&uuml;&uuml;k, vaadid, kraanid, mahutid\",\"description\":\"IBC - Tank container valve, Adapters\\\\fittings, Intermediate bulk, container, Drums\/cans\",\"potentialAction\":[{\"@type\":\"SearchAction\",\"target\":{\"@type\":\"EntryPoint\",\"urlTemplate\":\"https:\/\/www.ibc.ee\/no\/?s={search_term_string}\"},\"query-input\":{\"@type\":\"PropertyValueSpecification\",\"valueRequired\":true,\"valueName\":\"search_term_string\"}}],\"inLanguage\":\"nb-NO\"}]}<\/script>\n<!-- \/ Yoast SEO plugin. -->","yoast_head_json":{"title":"UHP-tank Verticon Chemo Transport V-200 (200 l) - IBC konteineri m&uuml;&uuml;k, vaadid, kraanid, mahutid","description":"Sv\u00e6rt slitesterk tank med en kapasitet p\u00e5 200 liter, en h\u00f8yde p\u00e5 85 cm og en diameter p\u00e5 58 cm.","robots":{"index":"index","follow":"follow","max-snippet":"max-snippet:-1","max-image-preview":"max-image-preview:large","max-video-preview":"max-video-preview:-1"},"canonical":"https:\/\/ibc.ee\/no\/produkt\/uhp-tank-verticon-chemo-transport-v-200-200-l\/","og_locale":"nb_NO","og_type":"article","og_title":"UHP-tank Verticon Chemo Transport V-200 (200 l) - IBC konteineri m&uuml;&uuml;k, vaadid, kraanid, mahutid","og_description":"Sv\u00e6rt slitesterk tank med en kapasitet p\u00e5 200 liter, en h\u00f8yde p\u00e5 85 cm og en diameter p\u00e5 58 cm.","og_url":"https:\/\/ibc.ee\/no\/produkt\/uhp-tank-verticon-chemo-transport-v-200-200-l\/","og_site_name":"IBC konteineri m&uuml;&uuml;k, vaadid, kraanid, mahutid","article_modified_time":"2025-06-26T16:27:36+00:00","og_image":[{"width":1000,"height":1000,"url":"https:\/\/www.ibc.ee\/wp-content\/uploads\/2024\/05\/UHP-VERTICON-CHEMO-TRANSPORT-V-200.jpg","type":"image\/jpeg"}],"twitter_card":"summary_large_image","twitter_misc":{"Ansl. lesetid":"1 minutt"},"schema":{"@context":"https:\/\/schema.org","@graph":[{"@type":"WebPage","@id":"https:\/\/ibc.ee\/no\/produkt\/uhp-tank-verticon-chemo-transport-v-200-200-l\/","url":"https:\/\/ibc.ee\/no\/produkt\/uhp-tank-verticon-chemo-transport-v-200-200-l\/","name":"UHP-tank Verticon Chemo Transport V-200 (200 l) - IBC konteineri m&uuml;&uuml;k, vaadid, kraanid, mahutid","isPartOf":{"@id":"https:\/\/www.ibc.ee\/no\/#website"},"primaryImageOfPage":{"@id":"https:\/\/ibc.ee\/no\/produkt\/uhp-tank-verticon-chemo-transport-v-200-200-l\/#primaryimage"},"image":{"@id":"https:\/\/ibc.ee\/no\/produkt\/uhp-tank-verticon-chemo-transport-v-200-200-l\/#primaryimage"},"thumbnailUrl":"https:\/\/ibc.ee\/wp-content\/uploads\/2024\/05\/UHP-VERTICON-CHEMO-TRANSPORT-V-200.jpg","datePublished":"2025-04-22T13:29:37+00:00","dateModified":"2025-06-26T16:27:36+00:00","description":"Sv\u00e6rt slitesterk tank med en kapasitet p\u00e5 200 liter, en h\u00f8yde p\u00e5 85 cm og en diameter p\u00e5 58 cm.","breadcrumb":{"@id":"https:\/\/ibc.ee\/no\/produkt\/uhp-tank-verticon-chemo-transport-v-200-200-l\/#breadcrumb"},"inLanguage":"nb-NO","potentialAction":[{"@type":"ReadAction","target":["https:\/\/ibc.ee\/no\/produkt\/uhp-tank-verticon-chemo-transport-v-200-200-l\/"]}]},{"@type":"ImageObject","inLanguage":"nb-NO","@id":"https:\/\/ibc.ee\/no\/produkt\/uhp-tank-verticon-chemo-transport-v-200-200-l\/#primaryimage","url":"https:\/\/ibc.ee\/wp-content\/uploads\/2024\/05\/UHP-VERTICON-CHEMO-TRANSPORT-V-200.jpg","contentUrl":"https:\/\/ibc.ee\/wp-content\/uploads\/2024\/05\/UHP-VERTICON-CHEMO-TRANSPORT-V-200.jpg","width":1000,"height":1000},{"@type":"BreadcrumbList","@id":"https:\/\/ibc.ee\/no\/produkt\/uhp-tank-verticon-chemo-transport-v-200-200-l\/#breadcrumb","itemListElement":[{"@type":"ListItem","position":1,"name":"\u0413\u043b\u0430\u0432\u043d\u0430\u044f \u0441\u0442\u0440\u0430\u043d\u0438\u0446\u0430","item":"https:\/\/www.ibc.ee\/no\/"},{"@type":"ListItem","position":2,"name":"Butikk","item":"https:\/\/www.ibc.ee\/no\/butikk\/"},{"@type":"ListItem","position":3,"name":"UHP-tank Verticon Chemo Transport V-200 (200 l)"}]},{"@type":"WebSite","@id":"https:\/\/www.ibc.ee\/no\/#website","url":"https:\/\/www.ibc.ee\/no\/","name":"IBC konteineri m&uuml;&uuml;k, vaadid, kraanid, mahutid","description":"IBC - Tank container valve, Adapters\\fittings, Intermediate bulk, container, Drums\/cans","potentialAction":[{"@type":"SearchAction","target":{"@type":"EntryPoint","urlTemplate":"https:\/\/www.ibc.ee\/no\/?s={search_term_string}"},"query-input":{"@type":"PropertyValueSpecification","valueRequired":true,"valueName":"search_term_string"}}],"inLanguage":"nb-NO"}]}},"_links":{"self":[{"href":"https:\/\/ibc.ee\/no\/wp-json\/wp\/v2\/product\/23814","targetHints":{"allow":["GET"]}}],"collection":[{"href":"https:\/\/ibc.ee\/no\/wp-json\/wp\/v2\/product"}],"about":[{"href":"https:\/\/ibc.ee\/no\/wp-json\/wp\/v2\/types\/product"}],"wp:featuredmedia":[{"embeddable":true,"href":"https:\/\/ibc.ee\/no\/wp-json\/wp\/v2\/media\/23815"}],"wp:attachment":[{"href":"https:\/\/ibc.ee\/no\/wp-json\/wp\/v2\/media?parent=23814"}],"wp:term":[{"taxonomy":"product_brand","embeddable":true,"href":"https:\/\/ibc.ee\/no\/wp-json\/wp\/v2\/product_brand?post=23814"},{"taxonomy":"product_cat","embeddable":true,"href":"https:\/\/ibc.ee\/no\/wp-json\/wp\/v2\/product_cat?post=23814"},{"taxonomy":"product_tag","embeddable":true,"href":"https:\/\/ibc.ee\/no\/wp-json\/wp\/v2\/product_tag?post=23814"}],"curies":[{"name":"wp","href":"https:\/\/api.w.org\/{rel}","templated":true}]}}